{"id":39219,"date":"2024-01-10T08:25:29","date_gmt":"2024-06-03T11:34:54","guid":{"rendered":"https:\/\/alegerglobal.com\/kategorilenmemis\/getac-f110-ex-eski-korumali-tablet-ip65-mil-std-810g-windows-10-pro\/"},"modified":"2026-03-25T17:21:49","modified_gmt":"2026-03-25T16:21:49","slug":"getac-f110-ex","status":"publish","type":"product","link":"https:\/\/alegerglobal.com\/tr\/shop-tr\/atex-tr\/getac-f110-ex\/","title":{"rendered":"Getac F110-EX &#8211; Patlamaya Dayan\u0131kl\u0131 Tam Dayan\u0131kl\u0131 Tablet (ATEX \/ IECEx)"},"content":{"rendered":"<p><a>Genel Bak\u0131\u015f<\/a><br \/>\n<a>Teknik ayr\u0131nt\u0131lar<\/a><br \/>\nGenel bak\u0131\u015f<\/p>\n<h2>Getac&#8217;tan ATEX Zone 2&#8217;de kullan\u0131m i\u00e7in LumiBond ekranl\u0131 Ex korumal\u0131 IP65 tablet<\/h2>\n<p>Patlamaya dayan\u0131kl\u0131 Getac F110-ex, sa\u011flaml\u0131\u011f\u0131 ve y\u00fcksek bilgi i\u015flem g\u00fcc\u00fc sayesinde ATEX Zone 2&#8217;de kullan\u0131m i\u00e7in kullan\u0131\u015fl\u0131 bir \u00e7al\u0131\u015fma arac\u0131d\u0131r. Esnek yap\u0131land\u0131rma se\u00e7enekleri ve r\u00fczgar ve hava ko\u015fullar\u0131nda \u00e7al\u0131\u015fmay\u0131 kolayla\u015ft\u0131ran b\u00fcy\u00fck ve parlak bir ekran ile karakterize edilir. IP65 sertifikas\u0131 ile F110-ex toza ve neme kar\u015f\u0131 da dayan\u0131kl\u0131d\u0131r. Ayr\u0131ca 180 cm y\u00fcksekli\u011fe kadar d\u00fc\u015fme hasar\u0131na kar\u015f\u0131 korumal\u0131d\u0131r.<\/p>\n<p>Full HD \u00e7\u00f6z\u00fcn\u00fcrl\u00fc\u011fe sahip 11,6 in\u00e7 ekran, size daha fazla sa\u011flaml\u0131k, keskin kontrastlar ve g\u00fcne\u015f alt\u0131nda parlamas\u0131z okuma sa\u011flayan yenilik\u00e7i LumiBond teknolojisini kullan\u0131r. LumiBond ekran, Getac F110-Ex&#8217;i d\u0131\u015f mekan kullan\u0131m\u0131 i\u00e7in m\u00fckemmel bir arkada\u015f haline getirir.<\/p>\n<h2>How-Swap ak\u00fc sistemi sayesinde kolay navigasyon ve uzun \u00e7al\u0131\u015fma s\u00fcresi<\/h2>\n<p>D\u00f6rt farkl\u0131 dokunmatik mod, eldiven giyerken, ya\u011fmurda veya bir kalemle bile rahat\u00e7a gezinmenizi sa\u011flar. Cihaz bir A4 ka\u011f\u0131d\u0131ndan daha b\u00fcy\u00fck de\u011fildir, b\u00f6ylece her zaman mobil kalabilirsiniz. \u0130ki adet \u015farj edilebilir pil, \u015farj etmeden t\u00fcm vardiya boyunca kullan\u0131m sa\u011flar. F110-ex, \u00e7al\u0131\u015fma s\u0131ras\u0131nda tek bir pili kolayca de\u011fi\u015ftirebilmeniz i\u00e7in hot-swap sistemine sahiptir.<\/p>\n<p>Cihaz kullan\u0131m s\u0131ras\u0131nda hasar g\u00f6r\u00fcrse, \u00fc\u00e7 y\u0131ll\u0131k garantiden yararlan\u0131rs\u0131n\u0131z, b\u00f6ylece birka\u00e7 g\u00fcn i\u00e7inde i\u015flevsel bir cihaz\u0131 geri al\u0131rs\u0131n\u0131z.<\/p>\n<p>Teknik ayr\u0131nt\u0131lar<\/p>\n","protected":false},"excerpt":{"rendered":"<ul>\n<li data-start=\"204\" data-end=\"404\"><strong data-start=\"204\" data-end=\"250\">Patlamaya dayan\u0131kl\u0131 tamamen sa\u011flam tablet:<\/strong><br data-start=\"250\" data-end=\"253\">ATEX ve IECEx sertifikal\u0131 (B\u00f6lge 2\/22), MIL-STD-810H ve IP66 uyar\u0131nca test edilmi\u015ftir &#8211; potansiyel olarak patlay\u0131c\u0131 ortamlarda g\u00fcvenli kullan\u0131m i\u00e7in geli\u015ftirilmi\u015ftir<\/li>\n<li data-start=\"406\" data-end=\"526\"><strong data-start=\"406\" data-end=\"434\">Modern i\u015fletim sistemi:<\/strong><br data-start=\"434\" data-end=\"437\">Windows 11 Pro, t\u00fcm yayg\u0131n i\u015f ve end\u00fcstri uygulamalar\u0131n\u0131n kullan\u0131lmas\u0131n\u0131 sa\u011flar<\/li>\n<li data-start=\"528\" data-end=\"680\"><strong data-start=\"528\" data-end=\"547\">G\u00fc\u00e7l\u00fc:<\/strong><br data-start=\"547\" data-end=\"550\">Intel\u00ae Core\u2122 i5-1335U i\u015flemci (4,6 GHz&#8217;e kadar) ve 16 GB DDR5 bellek h\u0131zl\u0131 ve g\u00fcvenilir performans sa\u011flar<\/li>\n<li data-start=\"682\" data-end=\"877\"><strong data-start=\"682\" data-end=\"714\">Parlak ve sa\u011flam ekran:<\/strong><br data-start=\"714\" data-end=\"717\">LumiBond\u00ae 2.0 teknolojisine ve 1.200 nit&#8217;e kadar parlakl\u0131\u011fa sahip 11,6 in\u00e7 Full HD (1920 x 1080) ekran &#8211; do\u011frudan g\u00fcne\u015f \u0131\u015f\u0131\u011f\u0131 alt\u0131nda bile optimum okunabilirlik<\/li>\n<li data-start=\"879\" data-end=\"1007\">Art\u0131r\u0131lm\u0131\u015f <strong data-start=\"879\" data-end=\"907\">d\u00fc\u015fme korumas\u0131:<\/strong><br data-start=\"907\" data-end=\"910\">MIL-STD-810H uyar\u0131nca \u015fok ve titre\u015fim korumal\u0131, profesyonel d\u0131\u015f mekan kullan\u0131m\u0131 i\u00e7in tasarlanm\u0131\u015ft\u0131r<\/li>\n<li data-start=\"1009\" data-end=\"1125\"><strong data-start=\"1009\" data-end=\"1038\">Esnek g\u00fc\u00e7 kayna\u011f\u0131:<\/strong><br data-start=\"1038\" data-end=\"1041\">Kesintisiz \u00e7al\u0131\u015fma ve uzun \u00e7al\u0131\u015fma s\u00fcreleri i\u00e7in Hot-swap \u00e7ift batarya sistemi<\/li>\n<\/ul>\n","protected":false},"featured_media":39221,"comment_status":"open","ping_status":"closed","template":"","meta":{"_acf_changed":false},"product_brand":[],"product_cat":[2319,2618,2617],"product_tag":[],"class_list":{"0":"post-39219","1":"product","2":"type-product","3":"status-publish","4":"has-post-thumbnail","6":"product_cat-atex-tr","7":"product_cat-iletisim","8":"product_cat-mobil-bilisim","9":"pa_hersteller-getac-tr","11":"first","12":"instock","13":"taxable","14":"shipping-taxable","15":"purchasable","16":"product-type-simple"},"acf":[],"yoast_head":"<!-- This site is optimized with the Yoast SEO Premium plugin v20.10 (Yoast SEO v24.3) - https:\/\/yoast.com\/wordpress\/plugins\/seo\/ -->\n<title>Getac F110-ex&#039;i buradan sat\u0131n al\u0131n - ALEGER \u22c6 Augmented Reality<\/title>\n<meta name=\"description\" content=\"Getac&#039;\u0131n Ex korumal\u0131 IP65 tabletini burada ke\u015ffedin! ATEX Zone 2&#039;de kullan\u0131m i\u00e7in kullan\u0131\u015fl\u0131 bir \u00e7al\u0131\u015fma arac\u0131d\u0131r!\" \/>\n<meta name=\"robots\" content=\"index, follow, max-snippet:-1, max-image-preview:large, max-video-preview:-1\" \/>\n<meta property=\"og:locale\" content=\"tr_TR\" \/>\n<meta property=\"og:type\" content=\"article\" \/>\n<meta property=\"og:title\" content=\"Getac F110-EX - Patlamaya Dayan\u0131kl\u0131 Tam Dayan\u0131kl\u0131 Tablet (ATEX \/ IECEx)\" \/>\n<meta property=\"og:description\" content=\"Getac&#039;\u0131n Ex korumal\u0131 IP65 tabletini burada ke\u015ffedin! ATEX Zone 2&#039;de kullan\u0131m i\u00e7in kullan\u0131\u015fl\u0131 bir \u00e7al\u0131\u015fma arac\u0131d\u0131r!\" \/>\n<meta property=\"og:url\" content=\"https:\/\/alegerglobal.com\/tr\/shop-tr\/atex-tr\/getac-f110-ex\/\" \/>\n<meta property=\"og:site_name\" content=\"ALEGER \u22c6 Augmented Reality\" \/>\n<meta property=\"article:modified_time\" content=\"2026-03-25T16:21:49+00:00\" \/>\n<meta property=\"og:image\" content=\"https:\/\/alegerglobal.com\/wp-content\/uploads\/2021\/03\/Unbenannt-12.jpg\" \/>\n\t<meta property=\"og:image:width\" content=\"800\" \/>\n\t<meta property=\"og:image:height\" content=\"800\" \/>\n\t<meta property=\"og:image:type\" content=\"image\/jpeg\" \/>\n<meta name=\"twitter:card\" content=\"summary_large_image\" \/>\n<meta name=\"twitter:label1\" content=\"Fiyat\" \/>\n\t<meta name=\"twitter:data1\" content=\"&euro;3.041,99\" \/>\n\t<meta name=\"twitter:label2\" content=\"Durumu\" \/>\n\t<meta name=\"twitter:data2\" content=\"Stokta var\" \/>\n<script type=\"application\/ld+json\" class=\"yoast-schema-graph\">{\"@context\":\"https:\/\/schema.org\",\"@graph\":[{\"@type\":\"WebPage\",\"@id\":\"https:\/\/alegerglobal.com\/tr\/shop-tr\/atex-tr\/getac-f110-ex\/\",\"url\":\"https:\/\/alegerglobal.com\/tr\/shop-tr\/atex-tr\/getac-f110-ex\/\",\"name\":\"Getac F110-ex'i buradan sat\u0131n al\u0131n - ALEGER \u22c6 Augmented Reality\",\"isPartOf\":{\"@id\":\"https:\/\/alegerglobal.com\/tr\/#website\"},\"primaryImageOfPage\":{\"@id\":\"https:\/\/alegerglobal.com\/tr\/shop-tr\/atex-tr\/getac-f110-ex\/#primaryimage\"},\"image\":{\"@id\":\"https:\/\/alegerglobal.com\/tr\/shop-tr\/atex-tr\/getac-f110-ex\/#primaryimage\"},\"thumbnailUrl\":\"https:\/\/alegerglobal.com\/wp-content\/uploads\/2021\/03\/Unbenannt-12.jpg\",\"datePublished\":\"2024-06-03T11:34:54+00:00\",\"dateModified\":\"2026-03-25T16:21:49+00:00\",\"description\":\"Getac'\u0131n Ex korumal\u0131 IP65 tabletini burada ke\u015ffedin! ATEX Zone 2'de kullan\u0131m i\u00e7in kullan\u0131\u015fl\u0131 bir \u00e7al\u0131\u015fma arac\u0131d\u0131r!\",\"breadcrumb\":{\"@id\":\"https:\/\/alegerglobal.com\/tr\/shop-tr\/atex-tr\/getac-f110-ex\/#breadcrumb\"},\"inLanguage\":\"tr\",\"potentialAction\":[{\"@type\":\"ReadAction\",\"target\":[\"https:\/\/alegerglobal.com\/tr\/shop-tr\/atex-tr\/getac-f110-ex\/\"]}]},{\"@type\":\"ImageObject\",\"inLanguage\":\"tr\",\"@id\":\"https:\/\/alegerglobal.com\/tr\/shop-tr\/atex-tr\/getac-f110-ex\/#primaryimage\",\"url\":\"https:\/\/alegerglobal.com\/wp-content\/uploads\/2021\/03\/Unbenannt-12.jpg\",\"contentUrl\":\"https:\/\/alegerglobal.com\/wp-content\/uploads\/2021\/03\/Unbenannt-12.jpg\",\"width\":800,\"height\":800},{\"@type\":\"BreadcrumbList\",\"@id\":\"https:\/\/alegerglobal.com\/tr\/shop-tr\/atex-tr\/getac-f110-ex\/#breadcrumb\",\"itemListElement\":[{\"@type\":\"ListItem\",\"position\":1,\"name\":\"Home\",\"item\":\"https:\/\/alegerglobal.com\/tr\/yeni-anasayfa\/\"},{\"@type\":\"ListItem\",\"position\":2,\"name\":\"\u00dcr\u00fcnler\",\"item\":\"https:\/\/alegerglobal.com\/tr\/ueruenler\/\"},{\"@type\":\"ListItem\",\"position\":3,\"name\":\"Getac F110-EX &#8211; Patlamaya Dayan\u0131kl\u0131 Tam Dayan\u0131kl\u0131 Tablet (ATEX \/ IECEx)\"}]},{\"@type\":\"WebSite\",\"@id\":\"https:\/\/alegerglobal.com\/tr\/#website\",\"url\":\"https:\/\/alegerglobal.com\/tr\/\",\"name\":\"ALEGER \u22c6 Augmented Reality\",\"description\":\"Die besten Augmented Reality (AR) L\u00f6sungen der Welt.\",\"publisher\":{\"@id\":\"https:\/\/alegerglobal.com\/tr\/#organization\"},\"potentialAction\":[{\"@type\":\"SearchAction\",\"target\":{\"@type\":\"EntryPoint\",\"urlTemplate\":\"https:\/\/alegerglobal.com\/tr\/?s={search_term_string}\"},\"query-input\":{\"@type\":\"PropertyValueSpecification\",\"valueRequired\":true,\"valueName\":\"search_term_string\"}}],\"inLanguage\":\"tr\"},{\"@type\":\"Organization\",\"@id\":\"https:\/\/alegerglobal.com\/tr\/#organization\",\"name\":\"ALEGER \u22c6 Augmented Reality\",\"url\":\"https:\/\/alegerglobal.com\/tr\/\",\"logo\":{\"@type\":\"ImageObject\",\"inLanguage\":\"tr\",\"@id\":\"https:\/\/alegerglobal.com\/tr\/#\/schema\/logo\/image\/\",\"url\":\"https:\/\/alegerglobal.com\/wp-content\/uploads\/2020\/12\/aleger-logo-quadrat.jpg\",\"contentUrl\":\"https:\/\/alegerglobal.com\/wp-content\/uploads\/2020\/12\/aleger-logo-quadrat.jpg\",\"width\":200,\"height\":176,\"caption\":\"ALEGER \u22c6 Augmented Reality\"},\"image\":{\"@id\":\"https:\/\/alegerglobal.com\/tr\/#\/schema\/logo\/image\/\"}}]}<\/script>\n<meta property=\"product:brand\" content=\"Getac\" \/>\n<meta property=\"product:price:amount\" content=\"3041.99\" \/>\n<meta property=\"product:price:currency\" content=\"EUR\" \/>\n<meta property=\"og:availability\" content=\"instock\" \/>\n<meta property=\"product:availability\" content=\"instock\" \/>\n<meta property=\"product:condition\" content=\"new\" \/>\n<!-- \/ Yoast SEO Premium plugin. -->","yoast_head_json":{"title":"Getac F110-ex'i buradan sat\u0131n al\u0131n - ALEGER \u22c6 Augmented Reality","description":"Getac'\u0131n Ex korumal\u0131 IP65 tabletini burada ke\u015ffedin! ATEX Zone 2'de kullan\u0131m i\u00e7in kullan\u0131\u015fl\u0131 bir \u00e7al\u0131\u015fma arac\u0131d\u0131r!","robots":{"index":"index","follow":"follow","max-snippet":"max-snippet:-1","max-image-preview":"max-image-preview:large","max-video-preview":"max-video-preview:-1"},"og_locale":"tr_TR","og_type":"article","og_title":"Getac F110-EX - Patlamaya Dayan\u0131kl\u0131 Tam Dayan\u0131kl\u0131 Tablet (ATEX \/ IECEx)","og_description":"Getac'\u0131n Ex korumal\u0131 IP65 tabletini burada ke\u015ffedin! ATEX Zone 2'de kullan\u0131m i\u00e7in kullan\u0131\u015fl\u0131 bir \u00e7al\u0131\u015fma arac\u0131d\u0131r!","og_url":"https:\/\/alegerglobal.com\/tr\/shop-tr\/atex-tr\/getac-f110-ex\/","og_site_name":"ALEGER \u22c6 Augmented Reality","article_modified_time":"2026-03-25T16:21:49+00:00","og_image":[{"width":800,"height":800,"url":"https:\/\/alegerglobal.com\/wp-content\/uploads\/2021\/03\/Unbenannt-12.jpg","type":"image\/jpeg"}],"twitter_card":"summary_large_image","twitter_misc":{"Fiyat":"&euro;3.041,99","Durumu":"Stokta var"},"schema":{"@context":"https:\/\/schema.org","@graph":[{"@type":"WebPage","@id":"https:\/\/alegerglobal.com\/tr\/shop-tr\/atex-tr\/getac-f110-ex\/","url":"https:\/\/alegerglobal.com\/tr\/shop-tr\/atex-tr\/getac-f110-ex\/","name":"Getac F110-ex'i buradan sat\u0131n al\u0131n - ALEGER \u22c6 Augmented Reality","isPartOf":{"@id":"https:\/\/alegerglobal.com\/tr\/#website"},"primaryImageOfPage":{"@id":"https:\/\/alegerglobal.com\/tr\/shop-tr\/atex-tr\/getac-f110-ex\/#primaryimage"},"image":{"@id":"https:\/\/alegerglobal.com\/tr\/shop-tr\/atex-tr\/getac-f110-ex\/#primaryimage"},"thumbnailUrl":"https:\/\/alegerglobal.com\/wp-content\/uploads\/2021\/03\/Unbenannt-12.jpg","datePublished":"2024-06-03T11:34:54+00:00","dateModified":"2026-03-25T16:21:49+00:00","description":"Getac'\u0131n Ex korumal\u0131 IP65 tabletini burada ke\u015ffedin! ATEX Zone 2'de kullan\u0131m i\u00e7in kullan\u0131\u015fl\u0131 bir \u00e7al\u0131\u015fma arac\u0131d\u0131r!","breadcrumb":{"@id":"https:\/\/alegerglobal.com\/tr\/shop-tr\/atex-tr\/getac-f110-ex\/#breadcrumb"},"inLanguage":"tr","potentialAction":[{"@type":"ReadAction","target":["https:\/\/alegerglobal.com\/tr\/shop-tr\/atex-tr\/getac-f110-ex\/"]}]},{"@type":"ImageObject","inLanguage":"tr","@id":"https:\/\/alegerglobal.com\/tr\/shop-tr\/atex-tr\/getac-f110-ex\/#primaryimage","url":"https:\/\/alegerglobal.com\/wp-content\/uploads\/2021\/03\/Unbenannt-12.jpg","contentUrl":"https:\/\/alegerglobal.com\/wp-content\/uploads\/2021\/03\/Unbenannt-12.jpg","width":800,"height":800},{"@type":"BreadcrumbList","@id":"https:\/\/alegerglobal.com\/tr\/shop-tr\/atex-tr\/getac-f110-ex\/#breadcrumb","itemListElement":[{"@type":"ListItem","position":1,"name":"Home","item":"https:\/\/alegerglobal.com\/tr\/yeni-anasayfa\/"},{"@type":"ListItem","position":2,"name":"\u00dcr\u00fcnler","item":"https:\/\/alegerglobal.com\/tr\/ueruenler\/"},{"@type":"ListItem","position":3,"name":"Getac F110-EX &#8211; Patlamaya Dayan\u0131kl\u0131 Tam Dayan\u0131kl\u0131 Tablet (ATEX \/ IECEx)"}]},{"@type":"WebSite","@id":"https:\/\/alegerglobal.com\/tr\/#website","url":"https:\/\/alegerglobal.com\/tr\/","name":"ALEGER \u22c6 Augmented Reality","description":"Die besten Augmented Reality (AR) L\u00f6sungen der Welt.","publisher":{"@id":"https:\/\/alegerglobal.com\/tr\/#organization"},"potentialAction":[{"@type":"SearchAction","target":{"@type":"EntryPoint","urlTemplate":"https:\/\/alegerglobal.com\/tr\/?s={search_term_string}"},"query-input":{"@type":"PropertyValueSpecification","valueRequired":true,"valueName":"search_term_string"}}],"inLanguage":"tr"},{"@type":"Organization","@id":"https:\/\/alegerglobal.com\/tr\/#organization","name":"ALEGER \u22c6 Augmented Reality","url":"https:\/\/alegerglobal.com\/tr\/","logo":{"@type":"ImageObject","inLanguage":"tr","@id":"https:\/\/alegerglobal.com\/tr\/#\/schema\/logo\/image\/","url":"https:\/\/alegerglobal.com\/wp-content\/uploads\/2020\/12\/aleger-logo-quadrat.jpg","contentUrl":"https:\/\/alegerglobal.com\/wp-content\/uploads\/2020\/12\/aleger-logo-quadrat.jpg","width":200,"height":176,"caption":"ALEGER \u22c6 Augmented Reality"},"image":{"@id":"https:\/\/alegerglobal.com\/tr\/#\/schema\/logo\/image\/"}}]},"product_brand":"Getac","product_price_amount":"3041.99","product_price_currency":"EUR","og_availability":"instock","product_availability":"instock","product_condition":"new"},"_links":{"self":[{"href":"https:\/\/alegerglobal.com\/tr\/wp-json\/wp\/v2\/product\/39219","targetHints":{"allow":["GET"]}}],"collection":[{"href":"https:\/\/alegerglobal.com\/tr\/wp-json\/wp\/v2\/product"}],"about":[{"href":"https:\/\/alegerglobal.com\/tr\/wp-json\/wp\/v2\/types\/product"}],"replies":[{"embeddable":true,"href":"https:\/\/alegerglobal.com\/tr\/wp-json\/wp\/v2\/comments?post=39219"}],"version-history":[{"count":2,"href":"https:\/\/alegerglobal.com\/tr\/wp-json\/wp\/v2\/product\/39219\/revisions"}],"predecessor-version":[{"id":54079,"href":"https:\/\/alegerglobal.com\/tr\/wp-json\/wp\/v2\/product\/39219\/revisions\/54079"}],"wp:featuredmedia":[{"embeddable":true,"href":"https:\/\/alegerglobal.com\/tr\/wp-json\/wp\/v2\/media\/39221"}],"wp:attachment":[{"href":"https:\/\/alegerglobal.com\/tr\/wp-json\/wp\/v2\/media?parent=39219"}],"wp:term":[{"taxonomy":"product_brand","embeddable":true,"href":"https:\/\/alegerglobal.com\/tr\/wp-json\/wp\/v2\/product_brand?post=39219"},{"taxonomy":"product_cat","embeddable":true,"href":"https:\/\/alegerglobal.com\/tr\/wp-json\/wp\/v2\/product_cat?post=39219"},{"taxonomy":"product_tag","embeddable":true,"href":"https:\/\/alegerglobal.com\/tr\/wp-json\/wp\/v2\/product_tag?post=39219"}],"curies":[{"name":"wp","href":"https:\/\/api.w.org\/{rel}","templated":true}]}}