{"id":39203,"date":"2021-03-10T08:13:48","date_gmt":"2024-06-03T11:34:45","guid":{"rendered":"https:\/\/alegerglobal.com\/kategorilenmemis\/getac-ux10-ex-patlamaya-dayanikli-tablet-atex-zone-2-mil-std-810g-10-1-inc-windows-10\/"},"modified":"2026-02-17T12:57:35","modified_gmt":"2026-02-17T11:57:35","slug":"getac-ux10-ex","status":"publish","type":"product","link":"https:\/\/alegerglobal.com\/tr\/shop-tr\/getac-ux10-ex\/","title":{"rendered":"Getac UX10-Ex, patlamaya dayan\u0131kl\u0131 tablet, Atex Zone 2, MIL-STD-810G, 10.1 in\u00e7, Windows 10"},"content":{"rendered":"","protected":false},"excerpt":{"rendered":"<ul>\n<li><b>ATEX Zone 2 i\u00e7in MIL-STD 810G sertifikas\u0131na sahip sa\u011flam tablet<\/b><\/li>\n<li><b>Mevcut i\u015fletim sistemi: <\/b><span style=\"font-weight: 400;\">Windows 10 Pro \u00f6nceden y\u00fcklenmi\u015f<\/span><\/li>\n<li><b>H\u0131zl\u0131 donan\u0131m:<\/b><span style=\"font-weight: 400;\"> i5 i\u015flemci ve 8 GB DDR4 bellek<\/span><\/li>\n<li><b>Parlama olmadan \u00e7al\u0131\u015fma:<\/b><span style=\"font-weight: 400;\"> 10,1&#8243; 1.000 nit LumiBond\u00ae ekran <\/span> <\/li>\n<li><b>\u00c7ok say\u0131da veriyi h\u0131zl\u0131 bir \u015fekilde depolay\u0131n:<\/b><span style=\"font-weight: 400;\"> Entegre 256 GB SSD<\/span><\/li>\n<li><b>Rahat kullan\u0131m:<\/b><span style=\"font-weight: 400;\"> Serbest\u00e7e programlanabilen be\u015f tablet d\u00fc\u011fmesi<\/span><\/li>\n<li><b>Verileriniz i\u00e7in g\u00fcvenlik:<\/b><span style=\"font-weight: 400;\"> Entegre TPM 2.0 \u00e7ip ve Kensington kilidi<\/span><\/li>\n<li><b>3 y\u0131l tampondan tampona garanti<\/b><\/li>\n<\/ul>\n<ul>\n<li style=\"list-style-type: none;\">\n<\/li>\n<\/ul>\n<p>&nbsp;<\/p>\n","protected":false},"featured_media":39206,"comment_status":"open","ping_status":"closed","template":"","meta":{"_acf_changed":false},"product_brand":[],"product_cat":[2318],"product_tag":[],"class_list":{"0":"post-39203","1":"product","2":"type-product","3":"status-publish","4":"has-post-thumbnail","6":"product_cat-shop-tr","7":"pa_hersteller-getac-tr","9":"first","10":"instock","11":"taxable","12":"shipping-taxable","13":"purchasable","14":"product-type-simple"},"acf":[],"yoast_head":"<!-- This site is optimized with the Yoast SEO Premium plugin v20.10 (Yoast SEO v24.3) - https:\/\/yoast.com\/wordpress\/plugins\/seo\/ -->\n<title>Getac UX10-Ex - ALEGER \u22c6 Augmented Reality sat\u0131n al\u0131n<\/title>\n<meta name=\"description\" content=\"Geni\u015f bellekli ve donan\u0131m taraf\u0131 \u015fifrelemeli ATEX Zone 2 Dayan\u0131kl\u0131 Tableti burada ke\u015ffedin!\" \/>\n<meta name=\"robots\" content=\"index, follow, max-snippet:-1, max-image-preview:large, max-video-preview:-1\" \/>\n<meta property=\"og:locale\" content=\"tr_TR\" \/>\n<meta property=\"og:type\" content=\"article\" \/>\n<meta property=\"og:title\" content=\"Getac UX10-Ex, patlamaya dayan\u0131kl\u0131 tablet, Atex Zone 2, MIL-STD-810G, 10.1 in\u00e7, Windows 10\" \/>\n<meta property=\"og:description\" content=\"Geni\u015f bellekli ve donan\u0131m taraf\u0131 \u015fifrelemeli ATEX Zone 2 Dayan\u0131kl\u0131 Tableti burada ke\u015ffedin!\" \/>\n<meta property=\"og:url\" content=\"https:\/\/alegerglobal.com\/tr\/shop-tr\/getac-ux10-ex\/\" \/>\n<meta property=\"og:site_name\" content=\"ALEGER \u22c6 Augmented Reality\" \/>\n<meta property=\"article:modified_time\" content=\"2026-02-17T11:57:35+00:00\" \/>\n<meta property=\"og:image\" content=\"https:\/\/alegerglobal.com\/wp-content\/uploads\/2021\/03\/Unbenannt-24.jpg\" \/>\n\t<meta property=\"og:image:width\" content=\"800\" \/>\n\t<meta property=\"og:image:height\" content=\"800\" \/>\n\t<meta property=\"og:image:type\" content=\"image\/jpeg\" \/>\n<meta name=\"twitter:card\" content=\"summary_large_image\" \/>\n<meta name=\"twitter:label1\" content=\"Fiyat\" \/>\n\t<meta name=\"twitter:data1\" content=\"&euro;3.199,99\" \/>\n\t<meta name=\"twitter:label2\" content=\"Durumu\" \/>\n\t<meta name=\"twitter:data2\" content=\"Stokta var\" \/>\n<script type=\"application\/ld+json\" class=\"yoast-schema-graph\">{\"@context\":\"https:\/\/schema.org\",\"@graph\":[{\"@type\":\"WebPage\",\"@id\":\"https:\/\/alegerglobal.com\/tr\/shop-tr\/getac-ux10-ex\/\",\"url\":\"https:\/\/alegerglobal.com\/tr\/shop-tr\/getac-ux10-ex\/\",\"name\":\"Getac UX10-Ex - ALEGER \u22c6 Augmented Reality sat\u0131n al\u0131n\",\"isPartOf\":{\"@id\":\"https:\/\/alegerglobal.com\/tr\/#website\"},\"primaryImageOfPage\":{\"@id\":\"https:\/\/alegerglobal.com\/tr\/shop-tr\/getac-ux10-ex\/#primaryimage\"},\"image\":{\"@id\":\"https:\/\/alegerglobal.com\/tr\/shop-tr\/getac-ux10-ex\/#primaryimage\"},\"thumbnailUrl\":\"https:\/\/alegerglobal.com\/wp-content\/uploads\/2021\/03\/Unbenannt-24.jpg\",\"datePublished\":\"2024-06-03T11:34:45+00:00\",\"dateModified\":\"2026-02-17T11:57:35+00:00\",\"description\":\"Geni\u015f bellekli ve donan\u0131m taraf\u0131 \u015fifrelemeli ATEX Zone 2 Dayan\u0131kl\u0131 Tableti burada ke\u015ffedin!\",\"breadcrumb\":{\"@id\":\"https:\/\/alegerglobal.com\/tr\/shop-tr\/getac-ux10-ex\/#breadcrumb\"},\"inLanguage\":\"tr\",\"potentialAction\":[{\"@type\":\"ReadAction\",\"target\":[\"https:\/\/alegerglobal.com\/tr\/shop-tr\/getac-ux10-ex\/\"]}]},{\"@type\":\"ImageObject\",\"inLanguage\":\"tr\",\"@id\":\"https:\/\/alegerglobal.com\/tr\/shop-tr\/getac-ux10-ex\/#primaryimage\",\"url\":\"https:\/\/alegerglobal.com\/wp-content\/uploads\/2021\/03\/Unbenannt-24.jpg\",\"contentUrl\":\"https:\/\/alegerglobal.com\/wp-content\/uploads\/2021\/03\/Unbenannt-24.jpg\",\"width\":800,\"height\":800},{\"@type\":\"BreadcrumbList\",\"@id\":\"https:\/\/alegerglobal.com\/tr\/shop-tr\/getac-ux10-ex\/#breadcrumb\",\"itemListElement\":[{\"@type\":\"ListItem\",\"position\":1,\"name\":\"Home\",\"item\":\"https:\/\/alegerglobal.com\/tr\/yeni-anasayfa\/\"},{\"@type\":\"ListItem\",\"position\":2,\"name\":\"\u00dcr\u00fcnler\",\"item\":\"https:\/\/alegerglobal.com\/tr\/ueruenler\/\"},{\"@type\":\"ListItem\",\"position\":3,\"name\":\"Getac UX10-Ex, patlamaya dayan\u0131kl\u0131 tablet, Atex Zone 2, MIL-STD-810G, 10.1 in\u00e7, Windows 10\"}]},{\"@type\":\"WebSite\",\"@id\":\"https:\/\/alegerglobal.com\/tr\/#website\",\"url\":\"https:\/\/alegerglobal.com\/tr\/\",\"name\":\"ALEGER \u22c6 Augmented Reality\",\"description\":\"Die besten Augmented Reality (AR) L\u00f6sungen der Welt.\",\"publisher\":{\"@id\":\"https:\/\/alegerglobal.com\/tr\/#organization\"},\"potentialAction\":[{\"@type\":\"SearchAction\",\"target\":{\"@type\":\"EntryPoint\",\"urlTemplate\":\"https:\/\/alegerglobal.com\/tr\/?s={search_term_string}\"},\"query-input\":{\"@type\":\"PropertyValueSpecification\",\"valueRequired\":true,\"valueName\":\"search_term_string\"}}],\"inLanguage\":\"tr\"},{\"@type\":\"Organization\",\"@id\":\"https:\/\/alegerglobal.com\/tr\/#organization\",\"name\":\"ALEGER \u22c6 Augmented Reality\",\"url\":\"https:\/\/alegerglobal.com\/tr\/\",\"logo\":{\"@type\":\"ImageObject\",\"inLanguage\":\"tr\",\"@id\":\"https:\/\/alegerglobal.com\/tr\/#\/schema\/logo\/image\/\",\"url\":\"https:\/\/alegerglobal.com\/wp-content\/uploads\/2020\/12\/aleger-logo-quadrat.jpg\",\"contentUrl\":\"https:\/\/alegerglobal.com\/wp-content\/uploads\/2020\/12\/aleger-logo-quadrat.jpg\",\"width\":200,\"height\":176,\"caption\":\"ALEGER \u22c6 Augmented Reality\"},\"image\":{\"@id\":\"https:\/\/alegerglobal.com\/tr\/#\/schema\/logo\/image\/\"}}]}<\/script>\n<meta property=\"product:brand\" content=\"Getac\" \/>\n<meta property=\"product:price:amount\" content=\"3199.99\" \/>\n<meta property=\"product:price:currency\" content=\"EUR\" \/>\n<meta property=\"og:availability\" content=\"instock\" \/>\n<meta property=\"product:availability\" content=\"instock\" \/>\n<meta property=\"product:condition\" content=\"new\" \/>\n<!-- \/ Yoast SEO Premium plugin. -->","yoast_head_json":{"title":"Getac UX10-Ex - ALEGER \u22c6 Augmented Reality sat\u0131n al\u0131n","description":"Geni\u015f bellekli ve donan\u0131m taraf\u0131 \u015fifrelemeli ATEX Zone 2 Dayan\u0131kl\u0131 Tableti burada ke\u015ffedin!","robots":{"index":"index","follow":"follow","max-snippet":"max-snippet:-1","max-image-preview":"max-image-preview:large","max-video-preview":"max-video-preview:-1"},"og_locale":"tr_TR","og_type":"article","og_title":"Getac UX10-Ex, patlamaya dayan\u0131kl\u0131 tablet, Atex Zone 2, MIL-STD-810G, 10.1 in\u00e7, Windows 10","og_description":"Geni\u015f bellekli ve donan\u0131m taraf\u0131 \u015fifrelemeli ATEX Zone 2 Dayan\u0131kl\u0131 Tableti burada ke\u015ffedin!","og_url":"https:\/\/alegerglobal.com\/tr\/shop-tr\/getac-ux10-ex\/","og_site_name":"ALEGER \u22c6 Augmented Reality","article_modified_time":"2026-02-17T11:57:35+00:00","og_image":[{"width":800,"height":800,"url":"https:\/\/alegerglobal.com\/wp-content\/uploads\/2021\/03\/Unbenannt-24.jpg","type":"image\/jpeg"}],"twitter_card":"summary_large_image","twitter_misc":{"Fiyat":"&euro;3.199,99","Durumu":"Stokta var"},"schema":{"@context":"https:\/\/schema.org","@graph":[{"@type":"WebPage","@id":"https:\/\/alegerglobal.com\/tr\/shop-tr\/getac-ux10-ex\/","url":"https:\/\/alegerglobal.com\/tr\/shop-tr\/getac-ux10-ex\/","name":"Getac UX10-Ex - ALEGER \u22c6 Augmented Reality sat\u0131n al\u0131n","isPartOf":{"@id":"https:\/\/alegerglobal.com\/tr\/#website"},"primaryImageOfPage":{"@id":"https:\/\/alegerglobal.com\/tr\/shop-tr\/getac-ux10-ex\/#primaryimage"},"image":{"@id":"https:\/\/alegerglobal.com\/tr\/shop-tr\/getac-ux10-ex\/#primaryimage"},"thumbnailUrl":"https:\/\/alegerglobal.com\/wp-content\/uploads\/2021\/03\/Unbenannt-24.jpg","datePublished":"2024-06-03T11:34:45+00:00","dateModified":"2026-02-17T11:57:35+00:00","description":"Geni\u015f bellekli ve donan\u0131m taraf\u0131 \u015fifrelemeli ATEX Zone 2 Dayan\u0131kl\u0131 Tableti burada ke\u015ffedin!","breadcrumb":{"@id":"https:\/\/alegerglobal.com\/tr\/shop-tr\/getac-ux10-ex\/#breadcrumb"},"inLanguage":"tr","potentialAction":[{"@type":"ReadAction","target":["https:\/\/alegerglobal.com\/tr\/shop-tr\/getac-ux10-ex\/"]}]},{"@type":"ImageObject","inLanguage":"tr","@id":"https:\/\/alegerglobal.com\/tr\/shop-tr\/getac-ux10-ex\/#primaryimage","url":"https:\/\/alegerglobal.com\/wp-content\/uploads\/2021\/03\/Unbenannt-24.jpg","contentUrl":"https:\/\/alegerglobal.com\/wp-content\/uploads\/2021\/03\/Unbenannt-24.jpg","width":800,"height":800},{"@type":"BreadcrumbList","@id":"https:\/\/alegerglobal.com\/tr\/shop-tr\/getac-ux10-ex\/#breadcrumb","itemListElement":[{"@type":"ListItem","position":1,"name":"Home","item":"https:\/\/alegerglobal.com\/tr\/yeni-anasayfa\/"},{"@type":"ListItem","position":2,"name":"\u00dcr\u00fcnler","item":"https:\/\/alegerglobal.com\/tr\/ueruenler\/"},{"@type":"ListItem","position":3,"name":"Getac UX10-Ex, patlamaya dayan\u0131kl\u0131 tablet, Atex Zone 2, MIL-STD-810G, 10.1 in\u00e7, Windows 10"}]},{"@type":"WebSite","@id":"https:\/\/alegerglobal.com\/tr\/#website","url":"https:\/\/alegerglobal.com\/tr\/","name":"ALEGER \u22c6 Augmented Reality","description":"Die besten Augmented Reality (AR) L\u00f6sungen der Welt.","publisher":{"@id":"https:\/\/alegerglobal.com\/tr\/#organization"},"potentialAction":[{"@type":"SearchAction","target":{"@type":"EntryPoint","urlTemplate":"https:\/\/alegerglobal.com\/tr\/?s={search_term_string}"},"query-input":{"@type":"PropertyValueSpecification","valueRequired":true,"valueName":"search_term_string"}}],"inLanguage":"tr"},{"@type":"Organization","@id":"https:\/\/alegerglobal.com\/tr\/#organization","name":"ALEGER \u22c6 Augmented Reality","url":"https:\/\/alegerglobal.com\/tr\/","logo":{"@type":"ImageObject","inLanguage":"tr","@id":"https:\/\/alegerglobal.com\/tr\/#\/schema\/logo\/image\/","url":"https:\/\/alegerglobal.com\/wp-content\/uploads\/2020\/12\/aleger-logo-quadrat.jpg","contentUrl":"https:\/\/alegerglobal.com\/wp-content\/uploads\/2020\/12\/aleger-logo-quadrat.jpg","width":200,"height":176,"caption":"ALEGER \u22c6 Augmented Reality"},"image":{"@id":"https:\/\/alegerglobal.com\/tr\/#\/schema\/logo\/image\/"}}]},"product_brand":"Getac","product_price_amount":"3199.99","product_price_currency":"EUR","og_availability":"instock","product_availability":"instock","product_condition":"new"},"_links":{"self":[{"href":"https:\/\/alegerglobal.com\/tr\/wp-json\/wp\/v2\/product\/39203","targetHints":{"allow":["GET"]}}],"collection":[{"href":"https:\/\/alegerglobal.com\/tr\/wp-json\/wp\/v2\/product"}],"about":[{"href":"https:\/\/alegerglobal.com\/tr\/wp-json\/wp\/v2\/types\/product"}],"replies":[{"embeddable":true,"href":"https:\/\/alegerglobal.com\/tr\/wp-json\/wp\/v2\/comments?post=39203"}],"version-history":[{"count":1,"href":"https:\/\/alegerglobal.com\/tr\/wp-json\/wp\/v2\/product\/39203\/revisions"}],"predecessor-version":[{"id":52481,"href":"https:\/\/alegerglobal.com\/tr\/wp-json\/wp\/v2\/product\/39203\/revisions\/52481"}],"wp:featuredmedia":[{"embeddable":true,"href":"https:\/\/alegerglobal.com\/tr\/wp-json\/wp\/v2\/media\/39206"}],"wp:attachment":[{"href":"https:\/\/alegerglobal.com\/tr\/wp-json\/wp\/v2\/media?parent=39203"}],"wp:term":[{"taxonomy":"product_brand","embeddable":true,"href":"https:\/\/alegerglobal.com\/tr\/wp-json\/wp\/v2\/product_brand?post=39203"},{"taxonomy":"product_cat","embeddable":true,"href":"https:\/\/alegerglobal.com\/tr\/wp-json\/wp\/v2\/product_cat?post=39203"},{"taxonomy":"product_tag","embeddable":true,"href":"https:\/\/alegerglobal.com\/tr\/wp-json\/wp\/v2\/product_tag?post=39203"}],"curies":[{"name":"wp","href":"https:\/\/api.w.org\/{rel}","templated":true}]}}