{"id":39201,"date":"2021-03-10T08:31:24","date_gmt":"2024-06-03T11:34:44","guid":{"rendered":"https:\/\/alegerglobal.com\/kategorilenmemis\/getac-x500-server-dayanikli-dizuestue-bilgisayar-mil-std-810h-ip65-156-inc-raid-5-windows-server-2016\/"},"modified":"2024-06-03T12:34:44","modified_gmt":"2024-06-03T11:34:44","slug":"getac-x500-server","status":"publish","type":"product","link":"https:\/\/alegerglobal.com\/tr\/shop-tr\/dayanikli-dizuestue-bilgisayar\/getac-x500-server\/","title":{"rendered":"GETAC X500 SERVER, dayan\u0131kl\u0131 diz\u00fcst\u00fc bilgisayar, MIL-STD-810H, IP65, 15,6 in\u00e7, RAID 5, Windows Server 2016"},"content":{"rendered":"","protected":false},"excerpt":{"rendered":"<p>&nbsp;<\/p>\n<ul>\n<li aria-level=\"1\"><b>MIL-STD-810H ve MIL-STD-461G ve IP65 testlerine sahip IP65 sertifikal\u0131 dayan\u0131kl\u0131 diz\u00fcst\u00fc bilgisayar<\/b><\/li>\n<li aria-level=\"1\"><b>H\u0131zl\u0131 donan\u0131m: <\/b><span style=\"font-weight: 400;\">Intel Xeon i\u015flemci, GTX 1050, 32 GB Ram<\/span><\/li>\n<li aria-level=\"1\"><b>\u0130htiya\u00e7lar\u0131n\u0131za g\u00f6re \u00f6zelle\u015ftirilebilir: <\/b><span style=\"font-weight: 400;\">Daha h\u0131zl\u0131 i\u015flemci, 64 GB&#8217;a kadar bellek, harici grafik kart\u0131 ve RAID5&#8217;te 5 x 1 TB&#8217;a kadar sabit s\u00fcr\u00fcc\u00fc<\/span><\/li>\n<li aria-level=\"1\"><b>Y\u00fcksek \u00e7\u00f6z\u00fcn\u00fcrl\u00fckl\u00fc ve geni\u015f ekran: <\/b><span style=\"font-weight: 400;\">1920 x 1080 piksel ve 1000 nit parlakl\u0131\u011fa sahip 15,6 in\u00e7 (yakla\u015f\u0131k 40 cm) ekran<\/span><\/li>\n<li aria-level=\"1\"><b>Esnek ba\u011flant\u0131lar: <\/b><span style=\"font-weight: 400;\">Harici cihazlar\u0131 ba\u011flamak i\u00e7in iki seri port<\/span><\/li>\n<li aria-level=\"1\"><b>20 saatlik pil \u00f6mr\u00fc i\u00e7in 8700 mAh pil<\/b><\/li>\n<li aria-level=\"1\"><b>Her zaman ba\u011fl\u0131 kal\u0131n:<\/b><span style=\"font-weight: 400;\"> \u0130ki Ethernet ba\u011flant\u0131s\u0131<\/span><\/li>\n<li aria-level=\"1\"><b>Uzun garanti: <\/b>5 y\u0131l tampondan tampona garanti<\/li>\n<\/ul>\n","protected":false},"featured_media":39204,"comment_status":"open","ping_status":"closed","template":"","meta":{"_acf_changed":false},"product_brand":[],"product_cat":[2352,2318],"product_tag":[],"class_list":{"0":"post-39201","1":"product","2":"type-product","3":"status-publish","4":"has-post-thumbnail","6":"product_cat-dayanikli-dizuestue-bilgisayar","7":"product_cat-shop-tr","8":"pa_hersteller-getac-tr","10":"first","11":"instock","12":"taxable","13":"shipping-taxable","14":"purchasable","15":"product-type-simple"},"acf":[],"yoast_head":"<!-- This site is optimized with the Yoast SEO Premium plugin v20.10 (Yoast SEO v24.3) - https:\/\/yoast.com\/wordpress\/plugins\/seo\/ -->\n<title>GETAC X500 SERVER (2022) ALEGER \u22c6 Augmented Reality sat\u0131n al\u0131n<\/title>\n<meta name=\"description\" content=\"X500 dayan\u0131kl\u0131 diz\u00fcst\u00fc bilgisayar\u0131 burada ke\u015ffedin! Getac, X500 ile olumsuz ko\u015fullar alt\u0131nda kullan\u0131m i\u00e7in mobil bir sunucu sunuyor.\" \/>\n<meta name=\"robots\" content=\"index, follow, max-snippet:-1, max-image-preview:large, max-video-preview:-1\" \/>\n<meta property=\"og:locale\" content=\"tr_TR\" \/>\n<meta property=\"og:type\" content=\"article\" \/>\n<meta property=\"og:title\" content=\"GETAC X500 SERVER, dayan\u0131kl\u0131 diz\u00fcst\u00fc bilgisayar, MIL-STD-810H, IP65, 15,6 in\u00e7, RAID 5, Windows Server 2016\" \/>\n<meta property=\"og:description\" content=\"X500 dayan\u0131kl\u0131 diz\u00fcst\u00fc bilgisayar\u0131 burada ke\u015ffedin! Getac, X500 ile olumsuz ko\u015fullar alt\u0131nda kullan\u0131m i\u00e7in mobil bir sunucu sunuyor.\" \/>\n<meta property=\"og:url\" content=\"https:\/\/alegerglobal.com\/tr\/shop-tr\/dayanikli-dizuestue-bilgisayar\/getac-x500-server\/\" \/>\n<meta property=\"og:site_name\" content=\"ALEGER \u22c6 Augmented Reality\" \/>\n<meta property=\"og:image\" content=\"https:\/\/alegerglobal.com\/wp-content\/uploads\/2021\/01\/x500-server_1-1.png\" \/>\n\t<meta property=\"og:image:width\" content=\"1280\" \/>\n\t<meta property=\"og:image:height\" content=\"1280\" \/>\n\t<meta property=\"og:image:type\" content=\"image\/png\" \/>\n<meta name=\"twitter:card\" content=\"summary_large_image\" \/>\n<meta name=\"twitter:label1\" content=\"Fiyat\" \/>\n\t<meta name=\"twitter:data1\" content=\"&euro;9.180,99\" \/>\n\t<meta name=\"twitter:label2\" content=\"Durumu\" \/>\n\t<meta name=\"twitter:data2\" content=\"Stokta var\" \/>\n<script type=\"application\/ld+json\" class=\"yoast-schema-graph\">{\"@context\":\"https:\/\/schema.org\",\"@graph\":[{\"@type\":\"WebPage\",\"@id\":\"https:\/\/alegerglobal.com\/tr\/shop-tr\/dayanikli-dizuestue-bilgisayar\/getac-x500-server\/\",\"url\":\"https:\/\/alegerglobal.com\/tr\/shop-tr\/dayanikli-dizuestue-bilgisayar\/getac-x500-server\/\",\"name\":\"GETAC X500 SERVER (2022) ALEGER \u22c6 Augmented Reality sat\u0131n al\u0131n\",\"isPartOf\":{\"@id\":\"https:\/\/alegerglobal.com\/tr\/#website\"},\"primaryImageOfPage\":{\"@id\":\"https:\/\/alegerglobal.com\/tr\/shop-tr\/dayanikli-dizuestue-bilgisayar\/getac-x500-server\/#primaryimage\"},\"image\":{\"@id\":\"https:\/\/alegerglobal.com\/tr\/shop-tr\/dayanikli-dizuestue-bilgisayar\/getac-x500-server\/#primaryimage\"},\"thumbnailUrl\":\"https:\/\/alegerglobal.com\/wp-content\/uploads\/2021\/01\/x500-server_1-1.png\",\"datePublished\":\"2024-06-03T11:34:44+00:00\",\"dateModified\":\"2024-06-03T11:34:44+00:00\",\"description\":\"X500 dayan\u0131kl\u0131 diz\u00fcst\u00fc bilgisayar\u0131 burada ke\u015ffedin! Getac, X500 ile olumsuz ko\u015fullar alt\u0131nda kullan\u0131m i\u00e7in mobil bir sunucu sunuyor.\",\"breadcrumb\":{\"@id\":\"https:\/\/alegerglobal.com\/tr\/shop-tr\/dayanikli-dizuestue-bilgisayar\/getac-x500-server\/#breadcrumb\"},\"inLanguage\":\"tr\",\"potentialAction\":[{\"@type\":\"ReadAction\",\"target\":[\"https:\/\/alegerglobal.com\/tr\/shop-tr\/dayanikli-dizuestue-bilgisayar\/getac-x500-server\/\"]}]},{\"@type\":\"ImageObject\",\"inLanguage\":\"tr\",\"@id\":\"https:\/\/alegerglobal.com\/tr\/shop-tr\/dayanikli-dizuestue-bilgisayar\/getac-x500-server\/#primaryimage\",\"url\":\"https:\/\/alegerglobal.com\/wp-content\/uploads\/2021\/01\/x500-server_1-1.png\",\"contentUrl\":\"https:\/\/alegerglobal.com\/wp-content\/uploads\/2021\/01\/x500-server_1-1.png\",\"width\":1280,\"height\":1280},{\"@type\":\"BreadcrumbList\",\"@id\":\"https:\/\/alegerglobal.com\/tr\/shop-tr\/dayanikli-dizuestue-bilgisayar\/getac-x500-server\/#breadcrumb\",\"itemListElement\":[{\"@type\":\"ListItem\",\"position\":1,\"name\":\"Home\",\"item\":\"https:\/\/alegerglobal.com\/tr\/yeni-anasayfa\/\"},{\"@type\":\"ListItem\",\"position\":2,\"name\":\"\u00dcr\u00fcnler\",\"item\":\"https:\/\/alegerglobal.com\/tr\/ueruenler\/\"},{\"@type\":\"ListItem\",\"position\":3,\"name\":\"GETAC X500 SERVER, dayan\u0131kl\u0131 diz\u00fcst\u00fc bilgisayar, MIL-STD-810H, IP65, 15,6 in\u00e7, RAID 5, Windows Server 2016\"}]},{\"@type\":\"WebSite\",\"@id\":\"https:\/\/alegerglobal.com\/tr\/#website\",\"url\":\"https:\/\/alegerglobal.com\/tr\/\",\"name\":\"ALEGER \u22c6 Augmented Reality\",\"description\":\"Die besten Augmented Reality (AR) L\u00f6sungen der Welt.\",\"publisher\":{\"@id\":\"https:\/\/alegerglobal.com\/tr\/#organization\"},\"potentialAction\":[{\"@type\":\"SearchAction\",\"target\":{\"@type\":\"EntryPoint\",\"urlTemplate\":\"https:\/\/alegerglobal.com\/tr\/?s={search_term_string}\"},\"query-input\":{\"@type\":\"PropertyValueSpecification\",\"valueRequired\":true,\"valueName\":\"search_term_string\"}}],\"inLanguage\":\"tr\"},{\"@type\":\"Organization\",\"@id\":\"https:\/\/alegerglobal.com\/tr\/#organization\",\"name\":\"ALEGER \u22c6 Augmented Reality\",\"url\":\"https:\/\/alegerglobal.com\/tr\/\",\"logo\":{\"@type\":\"ImageObject\",\"inLanguage\":\"tr\",\"@id\":\"https:\/\/alegerglobal.com\/tr\/#\/schema\/logo\/image\/\",\"url\":\"https:\/\/alegerglobal.com\/wp-content\/uploads\/2020\/12\/aleger-logo-quadrat.jpg\",\"contentUrl\":\"https:\/\/alegerglobal.com\/wp-content\/uploads\/2020\/12\/aleger-logo-quadrat.jpg\",\"width\":200,\"height\":176,\"caption\":\"ALEGER \u22c6 Augmented Reality\"},\"image\":{\"@id\":\"https:\/\/alegerglobal.com\/tr\/#\/schema\/logo\/image\/\"}}]}<\/script>\n<meta property=\"product:brand\" content=\"Getac\" \/>\n<meta property=\"product:price:amount\" content=\"9180.99\" \/>\n<meta property=\"product:price:currency\" content=\"EUR\" \/>\n<meta property=\"og:availability\" content=\"instock\" \/>\n<meta property=\"product:availability\" content=\"instock\" \/>\n<meta property=\"product:condition\" content=\"new\" \/>\n<!-- \/ Yoast SEO Premium plugin. -->","yoast_head_json":{"title":"GETAC X500 SERVER (2022) ALEGER \u22c6 Augmented Reality sat\u0131n al\u0131n","description":"X500 dayan\u0131kl\u0131 diz\u00fcst\u00fc bilgisayar\u0131 burada ke\u015ffedin! Getac, X500 ile olumsuz ko\u015fullar alt\u0131nda kullan\u0131m i\u00e7in mobil bir sunucu sunuyor.","robots":{"index":"index","follow":"follow","max-snippet":"max-snippet:-1","max-image-preview":"max-image-preview:large","max-video-preview":"max-video-preview:-1"},"og_locale":"tr_TR","og_type":"article","og_title":"GETAC X500 SERVER, dayan\u0131kl\u0131 diz\u00fcst\u00fc bilgisayar, MIL-STD-810H, IP65, 15,6 in\u00e7, RAID 5, Windows Server 2016","og_description":"X500 dayan\u0131kl\u0131 diz\u00fcst\u00fc bilgisayar\u0131 burada ke\u015ffedin! Getac, X500 ile olumsuz ko\u015fullar alt\u0131nda kullan\u0131m i\u00e7in mobil bir sunucu sunuyor.","og_url":"https:\/\/alegerglobal.com\/tr\/shop-tr\/dayanikli-dizuestue-bilgisayar\/getac-x500-server\/","og_site_name":"ALEGER \u22c6 Augmented Reality","og_image":[{"width":1280,"height":1280,"url":"https:\/\/alegerglobal.com\/wp-content\/uploads\/2021\/01\/x500-server_1-1.png","type":"image\/png"}],"twitter_card":"summary_large_image","twitter_misc":{"Fiyat":"&euro;9.180,99","Durumu":"Stokta var"},"schema":{"@context":"https:\/\/schema.org","@graph":[{"@type":"WebPage","@id":"https:\/\/alegerglobal.com\/tr\/shop-tr\/dayanikli-dizuestue-bilgisayar\/getac-x500-server\/","url":"https:\/\/alegerglobal.com\/tr\/shop-tr\/dayanikli-dizuestue-bilgisayar\/getac-x500-server\/","name":"GETAC X500 SERVER (2022) ALEGER \u22c6 Augmented Reality sat\u0131n al\u0131n","isPartOf":{"@id":"https:\/\/alegerglobal.com\/tr\/#website"},"primaryImageOfPage":{"@id":"https:\/\/alegerglobal.com\/tr\/shop-tr\/dayanikli-dizuestue-bilgisayar\/getac-x500-server\/#primaryimage"},"image":{"@id":"https:\/\/alegerglobal.com\/tr\/shop-tr\/dayanikli-dizuestue-bilgisayar\/getac-x500-server\/#primaryimage"},"thumbnailUrl":"https:\/\/alegerglobal.com\/wp-content\/uploads\/2021\/01\/x500-server_1-1.png","datePublished":"2024-06-03T11:34:44+00:00","dateModified":"2024-06-03T11:34:44+00:00","description":"X500 dayan\u0131kl\u0131 diz\u00fcst\u00fc bilgisayar\u0131 burada ke\u015ffedin! Getac, X500 ile olumsuz ko\u015fullar alt\u0131nda kullan\u0131m i\u00e7in mobil bir sunucu sunuyor.","breadcrumb":{"@id":"https:\/\/alegerglobal.com\/tr\/shop-tr\/dayanikli-dizuestue-bilgisayar\/getac-x500-server\/#breadcrumb"},"inLanguage":"tr","potentialAction":[{"@type":"ReadAction","target":["https:\/\/alegerglobal.com\/tr\/shop-tr\/dayanikli-dizuestue-bilgisayar\/getac-x500-server\/"]}]},{"@type":"ImageObject","inLanguage":"tr","@id":"https:\/\/alegerglobal.com\/tr\/shop-tr\/dayanikli-dizuestue-bilgisayar\/getac-x500-server\/#primaryimage","url":"https:\/\/alegerglobal.com\/wp-content\/uploads\/2021\/01\/x500-server_1-1.png","contentUrl":"https:\/\/alegerglobal.com\/wp-content\/uploads\/2021\/01\/x500-server_1-1.png","width":1280,"height":1280},{"@type":"BreadcrumbList","@id":"https:\/\/alegerglobal.com\/tr\/shop-tr\/dayanikli-dizuestue-bilgisayar\/getac-x500-server\/#breadcrumb","itemListElement":[{"@type":"ListItem","position":1,"name":"Home","item":"https:\/\/alegerglobal.com\/tr\/yeni-anasayfa\/"},{"@type":"ListItem","position":2,"name":"\u00dcr\u00fcnler","item":"https:\/\/alegerglobal.com\/tr\/ueruenler\/"},{"@type":"ListItem","position":3,"name":"GETAC X500 SERVER, dayan\u0131kl\u0131 diz\u00fcst\u00fc bilgisayar, MIL-STD-810H, IP65, 15,6 in\u00e7, RAID 5, Windows Server 2016"}]},{"@type":"WebSite","@id":"https:\/\/alegerglobal.com\/tr\/#website","url":"https:\/\/alegerglobal.com\/tr\/","name":"ALEGER \u22c6 Augmented Reality","description":"Die besten Augmented Reality (AR) L\u00f6sungen der Welt.","publisher":{"@id":"https:\/\/alegerglobal.com\/tr\/#organization"},"potentialAction":[{"@type":"SearchAction","target":{"@type":"EntryPoint","urlTemplate":"https:\/\/alegerglobal.com\/tr\/?s={search_term_string}"},"query-input":{"@type":"PropertyValueSpecification","valueRequired":true,"valueName":"search_term_string"}}],"inLanguage":"tr"},{"@type":"Organization","@id":"https:\/\/alegerglobal.com\/tr\/#organization","name":"ALEGER \u22c6 Augmented Reality","url":"https:\/\/alegerglobal.com\/tr\/","logo":{"@type":"ImageObject","inLanguage":"tr","@id":"https:\/\/alegerglobal.com\/tr\/#\/schema\/logo\/image\/","url":"https:\/\/alegerglobal.com\/wp-content\/uploads\/2020\/12\/aleger-logo-quadrat.jpg","contentUrl":"https:\/\/alegerglobal.com\/wp-content\/uploads\/2020\/12\/aleger-logo-quadrat.jpg","width":200,"height":176,"caption":"ALEGER \u22c6 Augmented Reality"},"image":{"@id":"https:\/\/alegerglobal.com\/tr\/#\/schema\/logo\/image\/"}}]},"product_brand":"Getac","product_price_amount":"9180.99","product_price_currency":"EUR","og_availability":"instock","product_availability":"instock","product_condition":"new"},"_links":{"self":[{"href":"https:\/\/alegerglobal.com\/tr\/wp-json\/wp\/v2\/product\/39201","targetHints":{"allow":["GET"]}}],"collection":[{"href":"https:\/\/alegerglobal.com\/tr\/wp-json\/wp\/v2\/product"}],"about":[{"href":"https:\/\/alegerglobal.com\/tr\/wp-json\/wp\/v2\/types\/product"}],"replies":[{"embeddable":true,"href":"https:\/\/alegerglobal.com\/tr\/wp-json\/wp\/v2\/comments?post=39201"}],"version-history":[{"count":0,"href":"https:\/\/alegerglobal.com\/tr\/wp-json\/wp\/v2\/product\/39201\/revisions"}],"wp:featuredmedia":[{"embeddable":true,"href":"https:\/\/alegerglobal.com\/tr\/wp-json\/wp\/v2\/media\/39204"}],"wp:attachment":[{"href":"https:\/\/alegerglobal.com\/tr\/wp-json\/wp\/v2\/media?parent=39201"}],"wp:term":[{"taxonomy":"product_brand","embeddable":true,"href":"https:\/\/alegerglobal.com\/tr\/wp-json\/wp\/v2\/product_brand?post=39201"},{"taxonomy":"product_cat","embeddable":true,"href":"https:\/\/alegerglobal.com\/tr\/wp-json\/wp\/v2\/product_cat?post=39201"},{"taxonomy":"product_tag","embeddable":true,"href":"https:\/\/alegerglobal.com\/tr\/wp-json\/wp\/v2\/product_tag?post=39201"}],"curies":[{"name":"wp","href":"https:\/\/api.w.org\/{rel}","templated":true}]}}