{"id":39199,"date":"2021-03-10T08:36:33","date_gmt":"2024-06-03T11:32:44","guid":{"rendered":"https:\/\/alegerglobal.com\/kategorilenmemis\/getac-x500-saglam-dizuestue-bilgisayar-156-inc-1tb-ip65-mil-std-810g-windows-10-pro\/"},"modified":"2024-06-03T12:32:44","modified_gmt":"2024-06-03T11:32:44","slug":"getac-x500","status":"publish","type":"product","link":"https:\/\/alegerglobal.com\/tr\/shop-tr\/dayanikli-dizuestue-bilgisayar\/getac-x500\/","title":{"rendered":"Getac X500, sa\u011flam diz\u00fcst\u00fc bilgisayar, 15,6 in\u00e7, 1TB, IP65, MIL-STD-810G, Windows 10 Pro"},"content":{"rendered":"","protected":false},"excerpt":{"rendered":"<ul>\n<li aria-level=\"1\"><b>IP65 ve MIL-STD-810G sertifikas\u0131na ve ANSI\/ISA 12.12.01 onay\u0131na sahip sa\u011flam diz\u00fcst\u00fc bilgisayar<\/b><\/li>\n<li aria-level=\"1\"><b>Her t\u00fcrl\u00fc uygulama i\u00e7in en y\u00fcksek performans: <\/b><span style=\"font-weight: 400;\">D\u00f6rt \u00e7ekirdekli i\u015flemci ve 8GB Ram<\/span><\/li>\n<li aria-level=\"1\"><b>Rahat kullan\u0131m<\/b><span style=\"font-weight: 400;\">Quadra-Clear teknolojisine sahip 15,6 in\u00e7 ekran<\/span><\/li>\n<li aria-level=\"1\"><b>Kapsaml\u0131 yap\u0131land\u0131rma se\u00e7enekleri:<\/b><span style=\"font-weight: 400;\"> \u0130ki seri port ile geni\u015f I\/O <\/span> <\/li>\n<li aria-level=\"1\"><span style=\"font-weight: 400;\">D\u00f6rt USB 3.0 portu, bir VGA portu ve iki Ethernet portu aray\u00fcz\u00fc<\/span><\/li>\n<li aria-level=\"1\"><b>Mobil sunucu olarak kullan\u0131labilir: <\/b><span style=\"font-weight: 400;\">Raid 0 veya Raid 1&#8217;de Windows Server 2016 ile \u00e7al\u0131\u015ft\u0131r\u0131l\u0131r<\/span><\/li>\n<\/ul>\n","protected":false},"featured_media":39200,"comment_status":"open","ping_status":"closed","template":"","meta":{"_acf_changed":false},"product_brand":[],"product_cat":[2352,2318],"product_tag":[],"class_list":{"0":"post-39199","1":"product","2":"type-product","3":"status-publish","4":"has-post-thumbnail","6":"product_cat-dayanikli-dizuestue-bilgisayar","7":"product_cat-shop-tr","8":"pa_hersteller-getac-tr","10":"first","11":"instock","12":"taxable","13":"shipping-taxable","14":"purchasable","15":"product-type-simple"},"acf":[],"yoast_head":"<!-- This site is optimized with the Yoast SEO Premium plugin v20.10 (Yoast SEO v24.3) - https:\/\/yoast.com\/wordpress\/plugins\/seo\/ -->\n<title>Getac X500 - ALEGER \u22c6 Augmented Reality sat\u0131n al\u0131n<\/title>\n<meta name=\"description\" content=\"Getac X500 dayan\u0131kl\u0131 diz\u00fcst\u00fc bilgisayar\u0131 buradan ke\u015ffedin. Sa\u011flam diz\u00fcst\u00fc bilgisayarlar aras\u0131nda amiral gemisi modelidir.\" \/>\n<meta name=\"robots\" content=\"index, follow, max-snippet:-1, max-image-preview:large, max-video-preview:-1\" \/>\n<meta property=\"og:locale\" content=\"tr_TR\" \/>\n<meta property=\"og:type\" content=\"article\" \/>\n<meta property=\"og:title\" content=\"Getac X500, sa\u011flam diz\u00fcst\u00fc bilgisayar, 15,6 in\u00e7, 1TB, IP65, MIL-STD-810G, Windows 10 Pro\" \/>\n<meta property=\"og:description\" content=\"Getac X500 dayan\u0131kl\u0131 diz\u00fcst\u00fc bilgisayar\u0131 buradan ke\u015ffedin. Sa\u011flam diz\u00fcst\u00fc bilgisayarlar aras\u0131nda amiral gemisi modelidir.\" \/>\n<meta property=\"og:url\" content=\"https:\/\/alegerglobal.com\/tr\/shop-tr\/dayanikli-dizuestue-bilgisayar\/getac-x500\/\" \/>\n<meta property=\"og:site_name\" content=\"ALEGER \u22c6 Augmented Reality\" \/>\n<meta property=\"og:image\" content=\"https:\/\/alegerglobal.com\/wp-content\/uploads\/2021\/01\/x500_1-2.png\" \/>\n\t<meta property=\"og:image:width\" content=\"1280\" \/>\n\t<meta property=\"og:image:height\" content=\"1280\" \/>\n\t<meta property=\"og:image:type\" content=\"image\/png\" \/>\n<meta name=\"twitter:card\" content=\"summary_large_image\" \/>\n<meta name=\"twitter:label1\" content=\"Fiyat\" \/>\n\t<meta name=\"twitter:data1\" content=\"&euro;5.060,99\" \/>\n\t<meta name=\"twitter:label2\" content=\"Durumu\" \/>\n\t<meta name=\"twitter:data2\" content=\"Stokta var\" \/>\n<script type=\"application\/ld+json\" class=\"yoast-schema-graph\">{\"@context\":\"https:\/\/schema.org\",\"@graph\":[{\"@type\":\"WebPage\",\"@id\":\"https:\/\/alegerglobal.com\/tr\/shop-tr\/dayanikli-dizuestue-bilgisayar\/getac-x500\/\",\"url\":\"https:\/\/alegerglobal.com\/tr\/shop-tr\/dayanikli-dizuestue-bilgisayar\/getac-x500\/\",\"name\":\"Getac X500 - ALEGER \u22c6 Augmented Reality sat\u0131n al\u0131n\",\"isPartOf\":{\"@id\":\"https:\/\/alegerglobal.com\/tr\/#website\"},\"primaryImageOfPage\":{\"@id\":\"https:\/\/alegerglobal.com\/tr\/shop-tr\/dayanikli-dizuestue-bilgisayar\/getac-x500\/#primaryimage\"},\"image\":{\"@id\":\"https:\/\/alegerglobal.com\/tr\/shop-tr\/dayanikli-dizuestue-bilgisayar\/getac-x500\/#primaryimage\"},\"thumbnailUrl\":\"https:\/\/alegerglobal.com\/wp-content\/uploads\/2021\/01\/x500_1-2.png\",\"datePublished\":\"2024-06-03T11:32:44+00:00\",\"dateModified\":\"2024-06-03T11:32:44+00:00\",\"description\":\"Getac X500 dayan\u0131kl\u0131 diz\u00fcst\u00fc bilgisayar\u0131 buradan ke\u015ffedin. Sa\u011flam diz\u00fcst\u00fc bilgisayarlar aras\u0131nda amiral gemisi modelidir.\",\"breadcrumb\":{\"@id\":\"https:\/\/alegerglobal.com\/tr\/shop-tr\/dayanikli-dizuestue-bilgisayar\/getac-x500\/#breadcrumb\"},\"inLanguage\":\"tr\",\"potentialAction\":[{\"@type\":\"ReadAction\",\"target\":[\"https:\/\/alegerglobal.com\/tr\/shop-tr\/dayanikli-dizuestue-bilgisayar\/getac-x500\/\"]}]},{\"@type\":\"ImageObject\",\"inLanguage\":\"tr\",\"@id\":\"https:\/\/alegerglobal.com\/tr\/shop-tr\/dayanikli-dizuestue-bilgisayar\/getac-x500\/#primaryimage\",\"url\":\"https:\/\/alegerglobal.com\/wp-content\/uploads\/2021\/01\/x500_1-2.png\",\"contentUrl\":\"https:\/\/alegerglobal.com\/wp-content\/uploads\/2021\/01\/x500_1-2.png\",\"width\":1280,\"height\":1280},{\"@type\":\"BreadcrumbList\",\"@id\":\"https:\/\/alegerglobal.com\/tr\/shop-tr\/dayanikli-dizuestue-bilgisayar\/getac-x500\/#breadcrumb\",\"itemListElement\":[{\"@type\":\"ListItem\",\"position\":1,\"name\":\"Home\",\"item\":\"https:\/\/alegerglobal.com\/tr\/yeni-anasayfa\/\"},{\"@type\":\"ListItem\",\"position\":2,\"name\":\"\u00dcr\u00fcnler\",\"item\":\"https:\/\/alegerglobal.com\/tr\/ueruenler\/\"},{\"@type\":\"ListItem\",\"position\":3,\"name\":\"Getac X500, sa\u011flam diz\u00fcst\u00fc bilgisayar, 15,6 in\u00e7, 1TB, IP65, MIL-STD-810G, Windows 10 Pro\"}]},{\"@type\":\"WebSite\",\"@id\":\"https:\/\/alegerglobal.com\/tr\/#website\",\"url\":\"https:\/\/alegerglobal.com\/tr\/\",\"name\":\"ALEGER \u22c6 Augmented Reality\",\"description\":\"Die besten Augmented Reality (AR) L\u00f6sungen der Welt.\",\"publisher\":{\"@id\":\"https:\/\/alegerglobal.com\/tr\/#organization\"},\"potentialAction\":[{\"@type\":\"SearchAction\",\"target\":{\"@type\":\"EntryPoint\",\"urlTemplate\":\"https:\/\/alegerglobal.com\/tr\/?s={search_term_string}\"},\"query-input\":{\"@type\":\"PropertyValueSpecification\",\"valueRequired\":true,\"valueName\":\"search_term_string\"}}],\"inLanguage\":\"tr\"},{\"@type\":\"Organization\",\"@id\":\"https:\/\/alegerglobal.com\/tr\/#organization\",\"name\":\"ALEGER \u22c6 Augmented Reality\",\"url\":\"https:\/\/alegerglobal.com\/tr\/\",\"logo\":{\"@type\":\"ImageObject\",\"inLanguage\":\"tr\",\"@id\":\"https:\/\/alegerglobal.com\/tr\/#\/schema\/logo\/image\/\",\"url\":\"https:\/\/alegerglobal.com\/wp-content\/uploads\/2020\/12\/aleger-logo-quadrat.jpg\",\"contentUrl\":\"https:\/\/alegerglobal.com\/wp-content\/uploads\/2020\/12\/aleger-logo-quadrat.jpg\",\"width\":200,\"height\":176,\"caption\":\"ALEGER \u22c6 Augmented Reality\"},\"image\":{\"@id\":\"https:\/\/alegerglobal.com\/tr\/#\/schema\/logo\/image\/\"}}]}<\/script>\n<meta property=\"product:brand\" content=\"Getac\" \/>\n<meta property=\"product:price:amount\" content=\"5060.99\" \/>\n<meta property=\"product:price:currency\" content=\"EUR\" \/>\n<meta property=\"og:availability\" content=\"instock\" \/>\n<meta property=\"product:availability\" content=\"instock\" \/>\n<meta property=\"product:condition\" content=\"new\" \/>\n<!-- \/ Yoast SEO Premium plugin. -->","yoast_head_json":{"title":"Getac X500 - ALEGER \u22c6 Augmented Reality sat\u0131n al\u0131n","description":"Getac X500 dayan\u0131kl\u0131 diz\u00fcst\u00fc bilgisayar\u0131 buradan ke\u015ffedin. Sa\u011flam diz\u00fcst\u00fc bilgisayarlar aras\u0131nda amiral gemisi modelidir.","robots":{"index":"index","follow":"follow","max-snippet":"max-snippet:-1","max-image-preview":"max-image-preview:large","max-video-preview":"max-video-preview:-1"},"og_locale":"tr_TR","og_type":"article","og_title":"Getac X500, sa\u011flam diz\u00fcst\u00fc bilgisayar, 15,6 in\u00e7, 1TB, IP65, MIL-STD-810G, Windows 10 Pro","og_description":"Getac X500 dayan\u0131kl\u0131 diz\u00fcst\u00fc bilgisayar\u0131 buradan ke\u015ffedin. Sa\u011flam diz\u00fcst\u00fc bilgisayarlar aras\u0131nda amiral gemisi modelidir.","og_url":"https:\/\/alegerglobal.com\/tr\/shop-tr\/dayanikli-dizuestue-bilgisayar\/getac-x500\/","og_site_name":"ALEGER \u22c6 Augmented Reality","og_image":[{"width":1280,"height":1280,"url":"https:\/\/alegerglobal.com\/wp-content\/uploads\/2021\/01\/x500_1-2.png","type":"image\/png"}],"twitter_card":"summary_large_image","twitter_misc":{"Fiyat":"&euro;5.060,99","Durumu":"Stokta var"},"schema":{"@context":"https:\/\/schema.org","@graph":[{"@type":"WebPage","@id":"https:\/\/alegerglobal.com\/tr\/shop-tr\/dayanikli-dizuestue-bilgisayar\/getac-x500\/","url":"https:\/\/alegerglobal.com\/tr\/shop-tr\/dayanikli-dizuestue-bilgisayar\/getac-x500\/","name":"Getac X500 - ALEGER \u22c6 Augmented Reality sat\u0131n al\u0131n","isPartOf":{"@id":"https:\/\/alegerglobal.com\/tr\/#website"},"primaryImageOfPage":{"@id":"https:\/\/alegerglobal.com\/tr\/shop-tr\/dayanikli-dizuestue-bilgisayar\/getac-x500\/#primaryimage"},"image":{"@id":"https:\/\/alegerglobal.com\/tr\/shop-tr\/dayanikli-dizuestue-bilgisayar\/getac-x500\/#primaryimage"},"thumbnailUrl":"https:\/\/alegerglobal.com\/wp-content\/uploads\/2021\/01\/x500_1-2.png","datePublished":"2024-06-03T11:32:44+00:00","dateModified":"2024-06-03T11:32:44+00:00","description":"Getac X500 dayan\u0131kl\u0131 diz\u00fcst\u00fc bilgisayar\u0131 buradan ke\u015ffedin. Sa\u011flam diz\u00fcst\u00fc bilgisayarlar aras\u0131nda amiral gemisi modelidir.","breadcrumb":{"@id":"https:\/\/alegerglobal.com\/tr\/shop-tr\/dayanikli-dizuestue-bilgisayar\/getac-x500\/#breadcrumb"},"inLanguage":"tr","potentialAction":[{"@type":"ReadAction","target":["https:\/\/alegerglobal.com\/tr\/shop-tr\/dayanikli-dizuestue-bilgisayar\/getac-x500\/"]}]},{"@type":"ImageObject","inLanguage":"tr","@id":"https:\/\/alegerglobal.com\/tr\/shop-tr\/dayanikli-dizuestue-bilgisayar\/getac-x500\/#primaryimage","url":"https:\/\/alegerglobal.com\/wp-content\/uploads\/2021\/01\/x500_1-2.png","contentUrl":"https:\/\/alegerglobal.com\/wp-content\/uploads\/2021\/01\/x500_1-2.png","width":1280,"height":1280},{"@type":"BreadcrumbList","@id":"https:\/\/alegerglobal.com\/tr\/shop-tr\/dayanikli-dizuestue-bilgisayar\/getac-x500\/#breadcrumb","itemListElement":[{"@type":"ListItem","position":1,"name":"Home","item":"https:\/\/alegerglobal.com\/tr\/yeni-anasayfa\/"},{"@type":"ListItem","position":2,"name":"\u00dcr\u00fcnler","item":"https:\/\/alegerglobal.com\/tr\/ueruenler\/"},{"@type":"ListItem","position":3,"name":"Getac X500, sa\u011flam diz\u00fcst\u00fc bilgisayar, 15,6 in\u00e7, 1TB, IP65, MIL-STD-810G, Windows 10 Pro"}]},{"@type":"WebSite","@id":"https:\/\/alegerglobal.com\/tr\/#website","url":"https:\/\/alegerglobal.com\/tr\/","name":"ALEGER \u22c6 Augmented Reality","description":"Die besten Augmented Reality (AR) L\u00f6sungen der Welt.","publisher":{"@id":"https:\/\/alegerglobal.com\/tr\/#organization"},"potentialAction":[{"@type":"SearchAction","target":{"@type":"EntryPoint","urlTemplate":"https:\/\/alegerglobal.com\/tr\/?s={search_term_string}"},"query-input":{"@type":"PropertyValueSpecification","valueRequired":true,"valueName":"search_term_string"}}],"inLanguage":"tr"},{"@type":"Organization","@id":"https:\/\/alegerglobal.com\/tr\/#organization","name":"ALEGER \u22c6 Augmented Reality","url":"https:\/\/alegerglobal.com\/tr\/","logo":{"@type":"ImageObject","inLanguage":"tr","@id":"https:\/\/alegerglobal.com\/tr\/#\/schema\/logo\/image\/","url":"https:\/\/alegerglobal.com\/wp-content\/uploads\/2020\/12\/aleger-logo-quadrat.jpg","contentUrl":"https:\/\/alegerglobal.com\/wp-content\/uploads\/2020\/12\/aleger-logo-quadrat.jpg","width":200,"height":176,"caption":"ALEGER \u22c6 Augmented Reality"},"image":{"@id":"https:\/\/alegerglobal.com\/tr\/#\/schema\/logo\/image\/"}}]},"product_brand":"Getac","product_price_amount":"5060.99","product_price_currency":"EUR","og_availability":"instock","product_availability":"instock","product_condition":"new"},"_links":{"self":[{"href":"https:\/\/alegerglobal.com\/tr\/wp-json\/wp\/v2\/product\/39199","targetHints":{"allow":["GET"]}}],"collection":[{"href":"https:\/\/alegerglobal.com\/tr\/wp-json\/wp\/v2\/product"}],"about":[{"href":"https:\/\/alegerglobal.com\/tr\/wp-json\/wp\/v2\/types\/product"}],"replies":[{"embeddable":true,"href":"https:\/\/alegerglobal.com\/tr\/wp-json\/wp\/v2\/comments?post=39199"}],"version-history":[{"count":0,"href":"https:\/\/alegerglobal.com\/tr\/wp-json\/wp\/v2\/product\/39199\/revisions"}],"wp:featuredmedia":[{"embeddable":true,"href":"https:\/\/alegerglobal.com\/tr\/wp-json\/wp\/v2\/media\/39200"}],"wp:attachment":[{"href":"https:\/\/alegerglobal.com\/tr\/wp-json\/wp\/v2\/media?parent=39199"}],"wp:term":[{"taxonomy":"product_brand","embeddable":true,"href":"https:\/\/alegerglobal.com\/tr\/wp-json\/wp\/v2\/product_brand?post=39199"},{"taxonomy":"product_cat","embeddable":true,"href":"https:\/\/alegerglobal.com\/tr\/wp-json\/wp\/v2\/product_cat?post=39199"},{"taxonomy":"product_tag","embeddable":true,"href":"https:\/\/alegerglobal.com\/tr\/wp-json\/wp\/v2\/product_tag?post=39199"}],"curies":[{"name":"wp","href":"https:\/\/api.w.org\/{rel}","templated":true}]}}