{"id":39195,"date":"2021-03-10T08:57:24","date_gmt":"2024-06-03T11:32:09","guid":{"rendered":"https:\/\/alegerglobal.com\/kategorilenmemis\/toughbook-t1-dayanikli-tablet-mil-std-810g-ip68-5-inc-ekran-barkod-tarayici\/"},"modified":"2024-06-03T12:32:09","modified_gmt":"2024-06-03T11:32:09","slug":"toughbookt1","status":"publish","type":"product","link":"https:\/\/alegerglobal.com\/tr\/shop-tr\/dayanikli-tablet\/toughbookt1\/","title":{"rendered":"Toughbook T1, dayan\u0131kl\u0131 tablet, MIL-STD-810G, IP68, 5 in\u00e7 ekran, barkod taray\u0131c\u0131"},"content":{"rendered":"","protected":false},"excerpt":{"rendered":"<ul>\n<li aria-level=\"1\"><b>MIL-STD-810G ve IP68 sertifikas\u0131na sahip sa\u011flam tablet<\/b><\/li>\n<li aria-level=\"1\"><b>A\u00e7\u0131k havada karma\u015f\u0131k olmayan \u00e7al\u0131\u015fma:<\/b><span style=\"font-weight: 400;\"> Kapasitif dokunmatik ekrana sahip parlamayan 5 in\u00e7 ekran<\/span><\/li>\n<li aria-level=\"1\"><b>Verileri okuyun ve i\u015fleyin:<\/b><span style=\"font-weight: 400;\"> Entegre barkod taray\u0131c\u0131<\/span><\/li>\n<li aria-level=\"1\"><b>Basit ileti\u015fim:<\/b><span style=\"font-weight: 400;\"> Kapsaml\u0131 telefon fonksiyonlar\u0131<\/span><\/li>\n<li aria-level=\"1\"><b>G\u00fcncel yaz\u0131l\u0131m:<\/b><span style=\"font-weight: 400;\"> Android 9 ve COMPASS uyumlu<\/span><\/li>\n<li aria-level=\"1\"><b>Dayan\u0131kl\u0131<\/b><span style=\"font-weight: 400;\">Toz ge\u00e7irmez, su ge\u00e7irmez ve 1,5 m&#8217;ye kadar d\u00fc\u015fmeye dayan\u0131kl\u0131<\/span><\/li>\n<li aria-level=\"1\"><b>Esnek ba\u011flant\u0131:<\/b><span style=\"font-weight: 400;\"> WLAN, Bluetooth veya NFC arac\u0131l\u0131\u011f\u0131yla<\/span><\/li>\n<li aria-level=\"1\"><b>Uzun, kesintisiz kullan\u0131m:<\/b><span style=\"font-weight: 400;\"> 12 saate kadar pil \u00f6mr\u00fc ile 3200 mAh<\/span><\/li>\n<\/ul>\n<p><b>\u0130\u015flevsel ar\u0131za durumunda destek:<\/b><span style=\"font-weight: 400;\"> 3 y\u0131l garanti, iste\u011fe ba\u011fl\u0131 olarak 5 y\u0131la kadar uzat\u0131labilir<\/span><\/p>\n","protected":false},"featured_media":39196,"comment_status":"open","ping_status":"closed","template":"","meta":{"_acf_changed":false},"product_brand":[],"product_cat":[2360,2318],"product_tag":[],"class_list":{"0":"post-39195","1":"product","2":"type-product","3":"status-publish","4":"has-post-thumbnail","6":"product_cat-dayanikli-tablet","7":"product_cat-shop-tr","8":"pa_hersteller-panasonic-tr","10":"first","11":"instock","12":"taxable","13":"shipping-taxable","14":"purchasable","15":"product-type-simple"},"acf":[],"yoast_head":"<!-- This site is optimized with the Yoast SEO Premium plugin v20.10 (Yoast SEO v24.3) - https:\/\/yoast.com\/wordpress\/plugins\/seo\/ -->\n<title>Toughbook T1&#039;i buradan sat\u0131n al\u0131n - ALEGER \u22c6 Augmented Reality<\/title>\n<meta name=\"description\" content=\"IP68 sertifikas\u0131na ve entegre barkod taray\u0131c\u0131ya sahip 5 in\u00e7lik dayan\u0131kl\u0131 tableti burada ke\u015ffedin! \u00c7ok uzun pil \u00f6mr\u00fc ile!\" \/>\n<meta name=\"robots\" content=\"index, follow, max-snippet:-1, max-image-preview:large, max-video-preview:-1\" \/>\n<meta property=\"og:locale\" content=\"tr_TR\" \/>\n<meta property=\"og:type\" content=\"article\" \/>\n<meta property=\"og:title\" content=\"Toughbook T1, dayan\u0131kl\u0131 tablet, MIL-STD-810G, IP68, 5 in\u00e7 ekran, barkod taray\u0131c\u0131\" \/>\n<meta property=\"og:description\" content=\"IP68 sertifikas\u0131na ve entegre barkod taray\u0131c\u0131ya sahip 5 in\u00e7lik dayan\u0131kl\u0131 tableti burada ke\u015ffedin! \u00c7ok uzun pil \u00f6mr\u00fc ile!\" \/>\n<meta property=\"og:url\" content=\"https:\/\/alegerglobal.com\/tr\/shop-tr\/dayanikli-tablet\/toughbookt1\/\" \/>\n<meta property=\"og:site_name\" content=\"ALEGER \u22c6 Augmented Reality\" \/>\n<meta property=\"og:image\" content=\"https:\/\/alegerglobal.com\/wp-content\/uploads\/2021\/03\/Unbenannt-65.jpg\" \/>\n\t<meta property=\"og:image:width\" content=\"800\" \/>\n\t<meta property=\"og:image:height\" content=\"800\" \/>\n\t<meta property=\"og:image:type\" content=\"image\/jpeg\" \/>\n<meta name=\"twitter:card\" content=\"summary_large_image\" \/>\n<meta name=\"twitter:label1\" content=\"Fiyat\" \/>\n\t<meta name=\"twitter:data1\" content=\"&euro;1.650,99\" \/>\n\t<meta name=\"twitter:label2\" content=\"Durumu\" \/>\n\t<meta name=\"twitter:data2\" content=\"Stokta var\" \/>\n<script type=\"application\/ld+json\" class=\"yoast-schema-graph\">{\"@context\":\"https:\/\/schema.org\",\"@graph\":[{\"@type\":\"WebPage\",\"@id\":\"https:\/\/alegerglobal.com\/tr\/shop-tr\/dayanikli-tablet\/toughbookt1\/\",\"url\":\"https:\/\/alegerglobal.com\/tr\/shop-tr\/dayanikli-tablet\/toughbookt1\/\",\"name\":\"Toughbook T1'i buradan sat\u0131n al\u0131n - ALEGER \u22c6 Augmented Reality\",\"isPartOf\":{\"@id\":\"https:\/\/alegerglobal.com\/tr\/#website\"},\"primaryImageOfPage\":{\"@id\":\"https:\/\/alegerglobal.com\/tr\/shop-tr\/dayanikli-tablet\/toughbookt1\/#primaryimage\"},\"image\":{\"@id\":\"https:\/\/alegerglobal.com\/tr\/shop-tr\/dayanikli-tablet\/toughbookt1\/#primaryimage\"},\"thumbnailUrl\":\"https:\/\/alegerglobal.com\/wp-content\/uploads\/2021\/03\/Unbenannt-65.jpg\",\"datePublished\":\"2024-06-03T11:32:09+00:00\",\"dateModified\":\"2024-06-03T11:32:09+00:00\",\"description\":\"IP68 sertifikas\u0131na ve entegre barkod taray\u0131c\u0131ya sahip 5 in\u00e7lik dayan\u0131kl\u0131 tableti burada ke\u015ffedin! \u00c7ok uzun pil \u00f6mr\u00fc ile!\",\"breadcrumb\":{\"@id\":\"https:\/\/alegerglobal.com\/tr\/shop-tr\/dayanikli-tablet\/toughbookt1\/#breadcrumb\"},\"inLanguage\":\"tr\",\"potentialAction\":[{\"@type\":\"ReadAction\",\"target\":[\"https:\/\/alegerglobal.com\/tr\/shop-tr\/dayanikli-tablet\/toughbookt1\/\"]}]},{\"@type\":\"ImageObject\",\"inLanguage\":\"tr\",\"@id\":\"https:\/\/alegerglobal.com\/tr\/shop-tr\/dayanikli-tablet\/toughbookt1\/#primaryimage\",\"url\":\"https:\/\/alegerglobal.com\/wp-content\/uploads\/2021\/03\/Unbenannt-65.jpg\",\"contentUrl\":\"https:\/\/alegerglobal.com\/wp-content\/uploads\/2021\/03\/Unbenannt-65.jpg\",\"width\":800,\"height\":800},{\"@type\":\"BreadcrumbList\",\"@id\":\"https:\/\/alegerglobal.com\/tr\/shop-tr\/dayanikli-tablet\/toughbookt1\/#breadcrumb\",\"itemListElement\":[{\"@type\":\"ListItem\",\"position\":1,\"name\":\"Home\",\"item\":\"https:\/\/alegerglobal.com\/tr\/yeni-anasayfa\/\"},{\"@type\":\"ListItem\",\"position\":2,\"name\":\"\u00dcr\u00fcnler\",\"item\":\"https:\/\/alegerglobal.com\/tr\/ueruenler\/\"},{\"@type\":\"ListItem\",\"position\":3,\"name\":\"Toughbook T1, dayan\u0131kl\u0131 tablet, MIL-STD-810G, IP68, 5 in\u00e7 ekran, barkod taray\u0131c\u0131\"}]},{\"@type\":\"WebSite\",\"@id\":\"https:\/\/alegerglobal.com\/tr\/#website\",\"url\":\"https:\/\/alegerglobal.com\/tr\/\",\"name\":\"ALEGER \u22c6 Augmented Reality\",\"description\":\"Die besten Augmented Reality (AR) L\u00f6sungen der Welt.\",\"publisher\":{\"@id\":\"https:\/\/alegerglobal.com\/tr\/#organization\"},\"potentialAction\":[{\"@type\":\"SearchAction\",\"target\":{\"@type\":\"EntryPoint\",\"urlTemplate\":\"https:\/\/alegerglobal.com\/tr\/?s={search_term_string}\"},\"query-input\":{\"@type\":\"PropertyValueSpecification\",\"valueRequired\":true,\"valueName\":\"search_term_string\"}}],\"inLanguage\":\"tr\"},{\"@type\":\"Organization\",\"@id\":\"https:\/\/alegerglobal.com\/tr\/#organization\",\"name\":\"ALEGER \u22c6 Augmented Reality\",\"url\":\"https:\/\/alegerglobal.com\/tr\/\",\"logo\":{\"@type\":\"ImageObject\",\"inLanguage\":\"tr\",\"@id\":\"https:\/\/alegerglobal.com\/tr\/#\/schema\/logo\/image\/\",\"url\":\"https:\/\/alegerglobal.com\/wp-content\/uploads\/2020\/12\/aleger-logo-quadrat.jpg\",\"contentUrl\":\"https:\/\/alegerglobal.com\/wp-content\/uploads\/2020\/12\/aleger-logo-quadrat.jpg\",\"width\":200,\"height\":176,\"caption\":\"ALEGER \u22c6 Augmented Reality\"},\"image\":{\"@id\":\"https:\/\/alegerglobal.com\/tr\/#\/schema\/logo\/image\/\"}}]}<\/script>\n<meta property=\"product:brand\" content=\"Panasonic\" \/>\n<meta property=\"product:price:amount\" content=\"1650.99\" \/>\n<meta property=\"product:price:currency\" content=\"EUR\" \/>\n<meta property=\"og:availability\" content=\"instock\" \/>\n<meta property=\"product:availability\" content=\"instock\" \/>\n<meta property=\"product:condition\" content=\"new\" \/>\n<!-- \/ Yoast SEO Premium plugin. -->","yoast_head_json":{"title":"Toughbook T1'i buradan sat\u0131n al\u0131n - ALEGER \u22c6 Augmented Reality","description":"IP68 sertifikas\u0131na ve entegre barkod taray\u0131c\u0131ya sahip 5 in\u00e7lik dayan\u0131kl\u0131 tableti burada ke\u015ffedin! \u00c7ok uzun pil \u00f6mr\u00fc ile!","robots":{"index":"index","follow":"follow","max-snippet":"max-snippet:-1","max-image-preview":"max-image-preview:large","max-video-preview":"max-video-preview:-1"},"og_locale":"tr_TR","og_type":"article","og_title":"Toughbook T1, dayan\u0131kl\u0131 tablet, MIL-STD-810G, IP68, 5 in\u00e7 ekran, barkod taray\u0131c\u0131","og_description":"IP68 sertifikas\u0131na ve entegre barkod taray\u0131c\u0131ya sahip 5 in\u00e7lik dayan\u0131kl\u0131 tableti burada ke\u015ffedin! \u00c7ok uzun pil \u00f6mr\u00fc ile!","og_url":"https:\/\/alegerglobal.com\/tr\/shop-tr\/dayanikli-tablet\/toughbookt1\/","og_site_name":"ALEGER \u22c6 Augmented Reality","og_image":[{"width":800,"height":800,"url":"https:\/\/alegerglobal.com\/wp-content\/uploads\/2021\/03\/Unbenannt-65.jpg","type":"image\/jpeg"}],"twitter_card":"summary_large_image","twitter_misc":{"Fiyat":"&euro;1.650,99","Durumu":"Stokta var"},"schema":{"@context":"https:\/\/schema.org","@graph":[{"@type":"WebPage","@id":"https:\/\/alegerglobal.com\/tr\/shop-tr\/dayanikli-tablet\/toughbookt1\/","url":"https:\/\/alegerglobal.com\/tr\/shop-tr\/dayanikli-tablet\/toughbookt1\/","name":"Toughbook T1'i buradan sat\u0131n al\u0131n - ALEGER \u22c6 Augmented Reality","isPartOf":{"@id":"https:\/\/alegerglobal.com\/tr\/#website"},"primaryImageOfPage":{"@id":"https:\/\/alegerglobal.com\/tr\/shop-tr\/dayanikli-tablet\/toughbookt1\/#primaryimage"},"image":{"@id":"https:\/\/alegerglobal.com\/tr\/shop-tr\/dayanikli-tablet\/toughbookt1\/#primaryimage"},"thumbnailUrl":"https:\/\/alegerglobal.com\/wp-content\/uploads\/2021\/03\/Unbenannt-65.jpg","datePublished":"2024-06-03T11:32:09+00:00","dateModified":"2024-06-03T11:32:09+00:00","description":"IP68 sertifikas\u0131na ve entegre barkod taray\u0131c\u0131ya sahip 5 in\u00e7lik dayan\u0131kl\u0131 tableti burada ke\u015ffedin! \u00c7ok uzun pil \u00f6mr\u00fc ile!","breadcrumb":{"@id":"https:\/\/alegerglobal.com\/tr\/shop-tr\/dayanikli-tablet\/toughbookt1\/#breadcrumb"},"inLanguage":"tr","potentialAction":[{"@type":"ReadAction","target":["https:\/\/alegerglobal.com\/tr\/shop-tr\/dayanikli-tablet\/toughbookt1\/"]}]},{"@type":"ImageObject","inLanguage":"tr","@id":"https:\/\/alegerglobal.com\/tr\/shop-tr\/dayanikli-tablet\/toughbookt1\/#primaryimage","url":"https:\/\/alegerglobal.com\/wp-content\/uploads\/2021\/03\/Unbenannt-65.jpg","contentUrl":"https:\/\/alegerglobal.com\/wp-content\/uploads\/2021\/03\/Unbenannt-65.jpg","width":800,"height":800},{"@type":"BreadcrumbList","@id":"https:\/\/alegerglobal.com\/tr\/shop-tr\/dayanikli-tablet\/toughbookt1\/#breadcrumb","itemListElement":[{"@type":"ListItem","position":1,"name":"Home","item":"https:\/\/alegerglobal.com\/tr\/yeni-anasayfa\/"},{"@type":"ListItem","position":2,"name":"\u00dcr\u00fcnler","item":"https:\/\/alegerglobal.com\/tr\/ueruenler\/"},{"@type":"ListItem","position":3,"name":"Toughbook T1, dayan\u0131kl\u0131 tablet, MIL-STD-810G, IP68, 5 in\u00e7 ekran, barkod taray\u0131c\u0131"}]},{"@type":"WebSite","@id":"https:\/\/alegerglobal.com\/tr\/#website","url":"https:\/\/alegerglobal.com\/tr\/","name":"ALEGER \u22c6 Augmented Reality","description":"Die besten Augmented Reality (AR) L\u00f6sungen der Welt.","publisher":{"@id":"https:\/\/alegerglobal.com\/tr\/#organization"},"potentialAction":[{"@type":"SearchAction","target":{"@type":"EntryPoint","urlTemplate":"https:\/\/alegerglobal.com\/tr\/?s={search_term_string}"},"query-input":{"@type":"PropertyValueSpecification","valueRequired":true,"valueName":"search_term_string"}}],"inLanguage":"tr"},{"@type":"Organization","@id":"https:\/\/alegerglobal.com\/tr\/#organization","name":"ALEGER \u22c6 Augmented Reality","url":"https:\/\/alegerglobal.com\/tr\/","logo":{"@type":"ImageObject","inLanguage":"tr","@id":"https:\/\/alegerglobal.com\/tr\/#\/schema\/logo\/image\/","url":"https:\/\/alegerglobal.com\/wp-content\/uploads\/2020\/12\/aleger-logo-quadrat.jpg","contentUrl":"https:\/\/alegerglobal.com\/wp-content\/uploads\/2020\/12\/aleger-logo-quadrat.jpg","width":200,"height":176,"caption":"ALEGER \u22c6 Augmented Reality"},"image":{"@id":"https:\/\/alegerglobal.com\/tr\/#\/schema\/logo\/image\/"}}]},"product_brand":"Panasonic","product_price_amount":"1650.99","product_price_currency":"EUR","og_availability":"instock","product_availability":"instock","product_condition":"new"},"_links":{"self":[{"href":"https:\/\/alegerglobal.com\/tr\/wp-json\/wp\/v2\/product\/39195","targetHints":{"allow":["GET"]}}],"collection":[{"href":"https:\/\/alegerglobal.com\/tr\/wp-json\/wp\/v2\/product"}],"about":[{"href":"https:\/\/alegerglobal.com\/tr\/wp-json\/wp\/v2\/types\/product"}],"replies":[{"embeddable":true,"href":"https:\/\/alegerglobal.com\/tr\/wp-json\/wp\/v2\/comments?post=39195"}],"version-history":[{"count":0,"href":"https:\/\/alegerglobal.com\/tr\/wp-json\/wp\/v2\/product\/39195\/revisions"}],"wp:featuredmedia":[{"embeddable":true,"href":"https:\/\/alegerglobal.com\/tr\/wp-json\/wp\/v2\/media\/39196"}],"wp:attachment":[{"href":"https:\/\/alegerglobal.com\/tr\/wp-json\/wp\/v2\/media?parent=39195"}],"wp:term":[{"taxonomy":"product_brand","embeddable":true,"href":"https:\/\/alegerglobal.com\/tr\/wp-json\/wp\/v2\/product_brand?post=39195"},{"taxonomy":"product_cat","embeddable":true,"href":"https:\/\/alegerglobal.com\/tr\/wp-json\/wp\/v2\/product_cat?post=39195"},{"taxonomy":"product_tag","embeddable":true,"href":"https:\/\/alegerglobal.com\/tr\/wp-json\/wp\/v2\/product_tag?post=39195"}],"curies":[{"name":"wp","href":"https:\/\/api.w.org\/{rel}","templated":true}]}}