{"id":39187,"date":"2021-03-10T09:00:59","date_gmt":"2024-06-03T11:31:52","guid":{"rendered":"https:\/\/alegerglobal.com\/kategorilenmemis\/panasonic-toughbook-a3-dayanikli-tablet-mil-std-810g-101-inc-android-9-3-yil-garanti\/"},"modified":"2024-06-03T12:31:52","modified_gmt":"2024-06-03T11:31:52","slug":"zor-ki%cc%87tap-a3","status":"publish","type":"product","link":"https:\/\/alegerglobal.com\/tr\/shop-tr\/dayanikli-tablet\/zor-ki%cc%87tap-a3\/","title":{"rendered":"Panasonic Toughbook A3, dayan\u0131kl\u0131 tablet, MIL-STD-810G, 10,1 in\u00e7, Android 9, 3 y\u0131l garanti"},"content":{"rendered":"","protected":false},"excerpt":{"rendered":"<ul>\n<li aria-level=\"1\"><b>MIL-STD-810 G ve IP65 sertifikas\u0131na sahip sa\u011flam tablet<\/b><\/li>\n<li aria-level=\"1\"><b>Rahat\u00e7a \u00e7al\u0131\u015f\u0131n:<\/b><span style=\"font-weight: 400;\"> T\u00fcm ayd\u0131nlatma ko\u015fullar\u0131nda kullan\u0131m i\u00e7in 10,1 in\u00e7 ekran<\/span><\/li>\n<li aria-level=\"1\"><b>Her t\u00fcrl\u00fc hava ko\u015fulunda kullan\u0131n:<\/b><span style=\"font-weight: 400;\"> IP65 sertifikal\u0131 ve 1,5 metreye kadar d\u00fc\u015fme hasar\u0131na kar\u015f\u0131 dayan\u0131kl\u0131<\/span><\/li>\n<li aria-level=\"1\"><b>G\u00fcncel yaz\u0131l\u0131m:<\/b><span style=\"font-weight: 400;\"> Android 9 i\u015fletim sistemi ve COMPASS 2.0 ile uyumlu<\/span><\/li>\n<li aria-level=\"1\"><b>Cihazlar\u0131n\u0131z i\u00e7in esnek ba\u011flant\u0131:<\/b><span style=\"font-weight: 400;\"> Eski se\u00e7enekli serbest\u00e7e yap\u0131land\u0131r\u0131labilir ba\u011flant\u0131 noktas\u0131<\/span><\/li>\n<li aria-level=\"1\"><b>\u015earj s\u00fcresi olmadan uzun kullan\u0131m:<\/b><span style=\"font-weight: 400;\"> 9 saat \u00e7al\u0131\u015fma s\u00fcresine sahip pil, ek pil ile 15,5 saat \u00e7al\u0131\u015fma s\u00fcresi<\/span><\/li>\n<li aria-level=\"1\"><b>Uzun vadeli destek: <\/b>3 y\u0131ll\u0131k garanti, gerekirse 5 y\u0131la kadar uzatabilirsiniz<\/li>\n<\/ul>\n","protected":false},"featured_media":39188,"comment_status":"open","ping_status":"closed","template":"","meta":{"_acf_changed":false},"product_brand":[],"product_cat":[2360,2318],"product_tag":[],"class_list":{"0":"post-39187","1":"product","2":"type-product","3":"status-publish","4":"has-post-thumbnail","6":"product_cat-dayanikli-tablet","7":"product_cat-shop-tr","8":"pa_hersteller-panasonic-tr","10":"first","11":"instock","12":"taxable","13":"shipping-taxable","14":"product-type-simple"},"acf":[],"yoast_head":"<!-- This site is optimized with the Yoast SEO Premium plugin v20.10 (Yoast SEO v24.3) - https:\/\/yoast.com\/wordpress\/plugins\/seo\/ -->\n<title>Panasonic Toughbook A3 - ALEGER \u22c6 Augmented Reality sat\u0131n al\u0131n<\/title>\n<meta name=\"description\" content=\"Panasonic Toughbook A3, sekt\u00f6r\u00fcn karma\u015f\u0131k gereksinimlerini kar\u015f\u0131layan bir tablettir\" \/>\n<meta name=\"robots\" content=\"index, follow, max-snippet:-1, max-image-preview:large, max-video-preview:-1\" \/>\n<meta property=\"og:locale\" content=\"tr_TR\" \/>\n<meta property=\"og:type\" content=\"article\" \/>\n<meta property=\"og:title\" content=\"Panasonic Toughbook A3, dayan\u0131kl\u0131 tablet, MIL-STD-810G, 10,1 in\u00e7, Android 9, 3 y\u0131l garanti\" \/>\n<meta property=\"og:description\" content=\"Panasonic Toughbook A3, sekt\u00f6r\u00fcn karma\u015f\u0131k gereksinimlerini kar\u015f\u0131layan bir tablettir\" \/>\n<meta property=\"og:url\" content=\"https:\/\/alegerglobal.com\/tr\/shop-tr\/dayanikli-tablet\/zor-ki%cc%87tap-a3\/\" \/>\n<meta property=\"og:site_name\" content=\"ALEGER \u22c6 Augmented Reality\" \/>\n<meta property=\"og:image\" content=\"https:\/\/alegerglobal.com\/wp-content\/uploads\/2022\/01\/Unbenannt-31.jpg\" \/>\n\t<meta property=\"og:image:width\" content=\"800\" \/>\n\t<meta property=\"og:image:height\" content=\"800\" \/>\n\t<meta property=\"og:image:type\" content=\"image\/jpeg\" \/>\n<meta name=\"twitter:card\" content=\"summary_large_image\" \/>\n<meta name=\"twitter:label1\" content=\"Fiyat\" \/>\n\t<meta name=\"twitter:data1\" content=\"\" \/>\n\t<meta name=\"twitter:label2\" content=\"Durumu\" \/>\n\t<meta name=\"twitter:data2\" content=\"Stokta var\" \/>\n<script type=\"application\/ld+json\" class=\"yoast-schema-graph\">{\"@context\":\"https:\/\/schema.org\",\"@graph\":[{\"@type\":\"WebPage\",\"@id\":\"https:\/\/alegerglobal.com\/tr\/shop-tr\/dayanikli-tablet\/zor-ki%cc%87tap-a3\/\",\"url\":\"https:\/\/alegerglobal.com\/tr\/shop-tr\/dayanikli-tablet\/zor-ki%cc%87tap-a3\/\",\"name\":\"Panasonic Toughbook A3 - ALEGER \u22c6 Augmented Reality sat\u0131n al\u0131n\",\"isPartOf\":{\"@id\":\"https:\/\/alegerglobal.com\/tr\/#website\"},\"primaryImageOfPage\":{\"@id\":\"https:\/\/alegerglobal.com\/tr\/shop-tr\/dayanikli-tablet\/zor-ki%cc%87tap-a3\/#primaryimage\"},\"image\":{\"@id\":\"https:\/\/alegerglobal.com\/tr\/shop-tr\/dayanikli-tablet\/zor-ki%cc%87tap-a3\/#primaryimage\"},\"thumbnailUrl\":\"https:\/\/alegerglobal.com\/wp-content\/uploads\/2022\/01\/Unbenannt-31.jpg\",\"datePublished\":\"2024-06-03T11:31:52+00:00\",\"dateModified\":\"2024-06-03T11:31:52+00:00\",\"description\":\"Panasonic Toughbook A3, sekt\u00f6r\u00fcn karma\u015f\u0131k gereksinimlerini kar\u015f\u0131layan bir tablettir\",\"breadcrumb\":{\"@id\":\"https:\/\/alegerglobal.com\/tr\/shop-tr\/dayanikli-tablet\/zor-ki%cc%87tap-a3\/#breadcrumb\"},\"inLanguage\":\"tr\",\"potentialAction\":[{\"@type\":\"ReadAction\",\"target\":[\"https:\/\/alegerglobal.com\/tr\/shop-tr\/dayanikli-tablet\/zor-ki%cc%87tap-a3\/\"]}]},{\"@type\":\"ImageObject\",\"inLanguage\":\"tr\",\"@id\":\"https:\/\/alegerglobal.com\/tr\/shop-tr\/dayanikli-tablet\/zor-ki%cc%87tap-a3\/#primaryimage\",\"url\":\"https:\/\/alegerglobal.com\/wp-content\/uploads\/2022\/01\/Unbenannt-31.jpg\",\"contentUrl\":\"https:\/\/alegerglobal.com\/wp-content\/uploads\/2022\/01\/Unbenannt-31.jpg\",\"width\":800,\"height\":800},{\"@type\":\"BreadcrumbList\",\"@id\":\"https:\/\/alegerglobal.com\/tr\/shop-tr\/dayanikli-tablet\/zor-ki%cc%87tap-a3\/#breadcrumb\",\"itemListElement\":[{\"@type\":\"ListItem\",\"position\":1,\"name\":\"Home\",\"item\":\"https:\/\/alegerglobal.com\/tr\/yeni-anasayfa\/\"},{\"@type\":\"ListItem\",\"position\":2,\"name\":\"\u00dcr\u00fcnler\",\"item\":\"https:\/\/alegerglobal.com\/tr\/ueruenler\/\"},{\"@type\":\"ListItem\",\"position\":3,\"name\":\"Panasonic Toughbook A3, dayan\u0131kl\u0131 tablet, MIL-STD-810G, 10,1 in\u00e7, Android 9, 3 y\u0131l garanti\"}]},{\"@type\":\"WebSite\",\"@id\":\"https:\/\/alegerglobal.com\/tr\/#website\",\"url\":\"https:\/\/alegerglobal.com\/tr\/\",\"name\":\"ALEGER \u22c6 Augmented Reality\",\"description\":\"Die besten Augmented Reality (AR) L\u00f6sungen der Welt.\",\"publisher\":{\"@id\":\"https:\/\/alegerglobal.com\/tr\/#organization\"},\"potentialAction\":[{\"@type\":\"SearchAction\",\"target\":{\"@type\":\"EntryPoint\",\"urlTemplate\":\"https:\/\/alegerglobal.com\/tr\/?s={search_term_string}\"},\"query-input\":{\"@type\":\"PropertyValueSpecification\",\"valueRequired\":true,\"valueName\":\"search_term_string\"}}],\"inLanguage\":\"tr\"},{\"@type\":\"Organization\",\"@id\":\"https:\/\/alegerglobal.com\/tr\/#organization\",\"name\":\"ALEGER \u22c6 Augmented Reality\",\"url\":\"https:\/\/alegerglobal.com\/tr\/\",\"logo\":{\"@type\":\"ImageObject\",\"inLanguage\":\"tr\",\"@id\":\"https:\/\/alegerglobal.com\/tr\/#\/schema\/logo\/image\/\",\"url\":\"https:\/\/alegerglobal.com\/wp-content\/uploads\/2020\/12\/aleger-logo-quadrat.jpg\",\"contentUrl\":\"https:\/\/alegerglobal.com\/wp-content\/uploads\/2020\/12\/aleger-logo-quadrat.jpg\",\"width\":200,\"height\":176,\"caption\":\"ALEGER \u22c6 Augmented Reality\"},\"image\":{\"@id\":\"https:\/\/alegerglobal.com\/tr\/#\/schema\/logo\/image\/\"}}]}<\/script>\n<meta property=\"product:brand\" content=\"Panasonic\" \/>\n<meta property=\"product:price:amount\" content=\"0.00\" \/>\n<meta property=\"product:price:currency\" content=\"EUR\" \/>\n<meta property=\"og:availability\" content=\"instock\" \/>\n<meta property=\"product:availability\" content=\"instock\" \/>\n<meta property=\"product:condition\" content=\"new\" \/>\n<!-- \/ Yoast SEO Premium plugin. -->","yoast_head_json":{"title":"Panasonic Toughbook A3 - ALEGER \u22c6 Augmented Reality sat\u0131n al\u0131n","description":"Panasonic Toughbook A3, sekt\u00f6r\u00fcn karma\u015f\u0131k gereksinimlerini kar\u015f\u0131layan bir tablettir","robots":{"index":"index","follow":"follow","max-snippet":"max-snippet:-1","max-image-preview":"max-image-preview:large","max-video-preview":"max-video-preview:-1"},"og_locale":"tr_TR","og_type":"article","og_title":"Panasonic Toughbook A3, dayan\u0131kl\u0131 tablet, MIL-STD-810G, 10,1 in\u00e7, Android 9, 3 y\u0131l garanti","og_description":"Panasonic Toughbook A3, sekt\u00f6r\u00fcn karma\u015f\u0131k gereksinimlerini kar\u015f\u0131layan bir tablettir","og_url":"https:\/\/alegerglobal.com\/tr\/shop-tr\/dayanikli-tablet\/zor-ki%cc%87tap-a3\/","og_site_name":"ALEGER \u22c6 Augmented Reality","og_image":[{"width":800,"height":800,"url":"https:\/\/alegerglobal.com\/wp-content\/uploads\/2022\/01\/Unbenannt-31.jpg","type":"image\/jpeg"}],"twitter_card":"summary_large_image","twitter_misc":{"Fiyat":"","Durumu":"Stokta var"},"schema":{"@context":"https:\/\/schema.org","@graph":[{"@type":"WebPage","@id":"https:\/\/alegerglobal.com\/tr\/shop-tr\/dayanikli-tablet\/zor-ki%cc%87tap-a3\/","url":"https:\/\/alegerglobal.com\/tr\/shop-tr\/dayanikli-tablet\/zor-ki%cc%87tap-a3\/","name":"Panasonic Toughbook A3 - ALEGER \u22c6 Augmented Reality sat\u0131n al\u0131n","isPartOf":{"@id":"https:\/\/alegerglobal.com\/tr\/#website"},"primaryImageOfPage":{"@id":"https:\/\/alegerglobal.com\/tr\/shop-tr\/dayanikli-tablet\/zor-ki%cc%87tap-a3\/#primaryimage"},"image":{"@id":"https:\/\/alegerglobal.com\/tr\/shop-tr\/dayanikli-tablet\/zor-ki%cc%87tap-a3\/#primaryimage"},"thumbnailUrl":"https:\/\/alegerglobal.com\/wp-content\/uploads\/2022\/01\/Unbenannt-31.jpg","datePublished":"2024-06-03T11:31:52+00:00","dateModified":"2024-06-03T11:31:52+00:00","description":"Panasonic Toughbook A3, sekt\u00f6r\u00fcn karma\u015f\u0131k gereksinimlerini kar\u015f\u0131layan bir tablettir","breadcrumb":{"@id":"https:\/\/alegerglobal.com\/tr\/shop-tr\/dayanikli-tablet\/zor-ki%cc%87tap-a3\/#breadcrumb"},"inLanguage":"tr","potentialAction":[{"@type":"ReadAction","target":["https:\/\/alegerglobal.com\/tr\/shop-tr\/dayanikli-tablet\/zor-ki%cc%87tap-a3\/"]}]},{"@type":"ImageObject","inLanguage":"tr","@id":"https:\/\/alegerglobal.com\/tr\/shop-tr\/dayanikli-tablet\/zor-ki%cc%87tap-a3\/#primaryimage","url":"https:\/\/alegerglobal.com\/wp-content\/uploads\/2022\/01\/Unbenannt-31.jpg","contentUrl":"https:\/\/alegerglobal.com\/wp-content\/uploads\/2022\/01\/Unbenannt-31.jpg","width":800,"height":800},{"@type":"BreadcrumbList","@id":"https:\/\/alegerglobal.com\/tr\/shop-tr\/dayanikli-tablet\/zor-ki%cc%87tap-a3\/#breadcrumb","itemListElement":[{"@type":"ListItem","position":1,"name":"Home","item":"https:\/\/alegerglobal.com\/tr\/yeni-anasayfa\/"},{"@type":"ListItem","position":2,"name":"\u00dcr\u00fcnler","item":"https:\/\/alegerglobal.com\/tr\/ueruenler\/"},{"@type":"ListItem","position":3,"name":"Panasonic Toughbook A3, dayan\u0131kl\u0131 tablet, MIL-STD-810G, 10,1 in\u00e7, Android 9, 3 y\u0131l garanti"}]},{"@type":"WebSite","@id":"https:\/\/alegerglobal.com\/tr\/#website","url":"https:\/\/alegerglobal.com\/tr\/","name":"ALEGER \u22c6 Augmented Reality","description":"Die besten Augmented Reality (AR) L\u00f6sungen der Welt.","publisher":{"@id":"https:\/\/alegerglobal.com\/tr\/#organization"},"potentialAction":[{"@type":"SearchAction","target":{"@type":"EntryPoint","urlTemplate":"https:\/\/alegerglobal.com\/tr\/?s={search_term_string}"},"query-input":{"@type":"PropertyValueSpecification","valueRequired":true,"valueName":"search_term_string"}}],"inLanguage":"tr"},{"@type":"Organization","@id":"https:\/\/alegerglobal.com\/tr\/#organization","name":"ALEGER \u22c6 Augmented Reality","url":"https:\/\/alegerglobal.com\/tr\/","logo":{"@type":"ImageObject","inLanguage":"tr","@id":"https:\/\/alegerglobal.com\/tr\/#\/schema\/logo\/image\/","url":"https:\/\/alegerglobal.com\/wp-content\/uploads\/2020\/12\/aleger-logo-quadrat.jpg","contentUrl":"https:\/\/alegerglobal.com\/wp-content\/uploads\/2020\/12\/aleger-logo-quadrat.jpg","width":200,"height":176,"caption":"ALEGER \u22c6 Augmented Reality"},"image":{"@id":"https:\/\/alegerglobal.com\/tr\/#\/schema\/logo\/image\/"}}]},"product_brand":"Panasonic","product_price_amount":"0.00","product_price_currency":"EUR","og_availability":"instock","product_availability":"instock","product_condition":"new"},"_links":{"self":[{"href":"https:\/\/alegerglobal.com\/tr\/wp-json\/wp\/v2\/product\/39187","targetHints":{"allow":["GET"]}}],"collection":[{"href":"https:\/\/alegerglobal.com\/tr\/wp-json\/wp\/v2\/product"}],"about":[{"href":"https:\/\/alegerglobal.com\/tr\/wp-json\/wp\/v2\/types\/product"}],"replies":[{"embeddable":true,"href":"https:\/\/alegerglobal.com\/tr\/wp-json\/wp\/v2\/comments?post=39187"}],"version-history":[{"count":0,"href":"https:\/\/alegerglobal.com\/tr\/wp-json\/wp\/v2\/product\/39187\/revisions"}],"wp:featuredmedia":[{"embeddable":true,"href":"https:\/\/alegerglobal.com\/tr\/wp-json\/wp\/v2\/media\/39188"}],"wp:attachment":[{"href":"https:\/\/alegerglobal.com\/tr\/wp-json\/wp\/v2\/media?parent=39187"}],"wp:term":[{"taxonomy":"product_brand","embeddable":true,"href":"https:\/\/alegerglobal.com\/tr\/wp-json\/wp\/v2\/product_brand?post=39187"},{"taxonomy":"product_cat","embeddable":true,"href":"https:\/\/alegerglobal.com\/tr\/wp-json\/wp\/v2\/product_cat?post=39187"},{"taxonomy":"product_tag","embeddable":true,"href":"https:\/\/alegerglobal.com\/tr\/wp-json\/wp\/v2\/product_tag?post=39187"}],"curies":[{"name":"wp","href":"https:\/\/api.w.org\/{rel}","templated":true}]}}