{"id":39183,"date":"2021-03-10T09:01:47","date_gmt":"2024-06-03T11:31:40","guid":{"rendered":"https:\/\/alegerglobal.com\/kategorilenmemis\/panasonic-toughpad-fz-m1-dayanikli-tablet-mil-std-810-g-7-inc-ip65-windows-10\/"},"modified":"2024-06-03T12:31:40","modified_gmt":"2024-06-03T11:31:40","slug":"panasonic-toughpad-fz-m1","status":"publish","type":"product","link":"https:\/\/alegerglobal.com\/tr\/shop-tr\/dayanikli-tablet\/panasonic-toughpad-fz-m1\/","title":{"rendered":"Panasonic Toughpad FZ-M1, dayan\u0131kl\u0131 tablet, MIL-STD 810 G, 7 in\u00e7 IP65, Windows 10"},"content":{"rendered":"","protected":false},"excerpt":{"rendered":"<ul>\n<li style=\"font-weight: 400;\"><b>MIL-STD 810G&#8217;ye g\u00f6re test edilmi\u015f ve IP65 sertifikal\u0131 tamamen sa\u011flamla\u015ft\u0131r\u0131lm\u0131\u015f tablet<\/b><\/li>\n<li style=\"font-weight: 400;\"><b>h\u0131zl\u0131 donan\u0131m<\/b><span style=\"font-weight: 400;\">i5 i\u015flemci ve 4 GB RAM<\/span><\/li>\n<li style=\"font-weight: 400;\"><b>Modern i\u015fletim sistemi<\/b><span style=\"font-weight: 400;\">Windows 10 Pro <\/span> <\/li>\n<li style=\"font-weight: 400;\"><b>Geni\u015f ve h\u0131zl\u0131 bellek<\/b><span style=\"font-weight: 400;\">128 GB SSD <\/span> <\/li>\n<li style=\"font-weight: 400;\"><b>Keskin foto\u011fraflar: <\/b><span style=\"font-weight: 400;\">2 MP ve 8 MP kamera<\/span><\/li>\n<li style=\"font-weight: 400;\"><b>G\u00fcne\u015f alt\u0131nda bile net ekran:<\/b><span style=\"font-weight: 400;\"> 700 cd\/m\u00b2 parlakl\u0131\u011fa sahip 7 in\u00e7 ekran<\/span><\/li>\n<li style=\"font-weight: 400;\"><b>Yeniden \u015farj etmeden kesintisiz \u00e7al\u0131\u015fma:<\/b> 3200 mAh pil 8 saat pil \u00f6mr\u00fc sunar<\/li>\n<\/ul>\n","protected":false},"featured_media":39184,"comment_status":"open","ping_status":"closed","template":"","meta":{"_acf_changed":false},"product_brand":[],"product_cat":[2360,2318],"product_tag":[],"class_list":{"0":"post-39183","1":"product","2":"type-product","3":"status-publish","4":"has-post-thumbnail","6":"product_cat-dayanikli-tablet","7":"product_cat-shop-tr","8":"pa_hersteller-panasonic-tr","10":"first","11":"instock","12":"taxable","13":"shipping-taxable","14":"purchasable","15":"product-type-simple"},"acf":[],"yoast_head":"<!-- This site is optimized with the Yoast SEO Premium plugin v20.10 (Yoast SEO v24.3) - https:\/\/yoast.com\/wordpress\/plugins\/seo\/ -->\n<title>Panasonic Toughpad FZ-M1 - ALEGER \u22c6 Augmented Reality<\/title>\n<meta name=\"description\" content=\"\u0130\u015fte zor ko\u015fullar alt\u0131nda saha hizmeti i\u00e7in ultra kompakt dayan\u0131kl\u0131 tablet! G\u00fc\u00e7l\u00fc batarya ve esnek ba\u011flant\u0131!\" \/>\n<meta name=\"robots\" content=\"index, follow, max-snippet:-1, max-image-preview:large, max-video-preview:-1\" \/>\n<meta property=\"og:locale\" content=\"tr_TR\" \/>\n<meta property=\"og:type\" content=\"article\" \/>\n<meta property=\"og:title\" content=\"Panasonic Toughpad FZ-M1, dayan\u0131kl\u0131 tablet, MIL-STD 810 G, 7 in\u00e7 IP65, Windows 10\" \/>\n<meta property=\"og:description\" content=\"\u0130\u015fte zor ko\u015fullar alt\u0131nda saha hizmeti i\u00e7in ultra kompakt dayan\u0131kl\u0131 tablet! G\u00fc\u00e7l\u00fc batarya ve esnek ba\u011flant\u0131!\" \/>\n<meta property=\"og:url\" content=\"https:\/\/alegerglobal.com\/tr\/shop-tr\/dayanikli-tablet\/panasonic-toughpad-fz-m1\/\" \/>\n<meta property=\"og:site_name\" content=\"ALEGER \u22c6 Augmented Reality\" \/>\n<meta property=\"og:image\" content=\"https:\/\/alegerglobal.com\/wp-content\/uploads\/2021\/03\/Unbenannt-32.jpg\" \/>\n\t<meta property=\"og:image:width\" content=\"800\" \/>\n\t<meta property=\"og:image:height\" content=\"800\" \/>\n\t<meta property=\"og:image:type\" content=\"image\/jpeg\" \/>\n<meta name=\"twitter:card\" content=\"summary_large_image\" \/>\n<meta name=\"twitter:label1\" content=\"Fiyat\" \/>\n\t<meta name=\"twitter:data1\" content=\"&euro;3.912,99\" \/>\n\t<meta name=\"twitter:label2\" content=\"Durumu\" \/>\n\t<meta name=\"twitter:data2\" content=\"Stokta var\" \/>\n<script type=\"application\/ld+json\" class=\"yoast-schema-graph\">{\"@context\":\"https:\/\/schema.org\",\"@graph\":[{\"@type\":\"WebPage\",\"@id\":\"https:\/\/alegerglobal.com\/tr\/shop-tr\/dayanikli-tablet\/panasonic-toughpad-fz-m1\/\",\"url\":\"https:\/\/alegerglobal.com\/tr\/shop-tr\/dayanikli-tablet\/panasonic-toughpad-fz-m1\/\",\"name\":\"Panasonic Toughpad FZ-M1 - ALEGER \u22c6 Augmented Reality\",\"isPartOf\":{\"@id\":\"https:\/\/alegerglobal.com\/tr\/#website\"},\"primaryImageOfPage\":{\"@id\":\"https:\/\/alegerglobal.com\/tr\/shop-tr\/dayanikli-tablet\/panasonic-toughpad-fz-m1\/#primaryimage\"},\"image\":{\"@id\":\"https:\/\/alegerglobal.com\/tr\/shop-tr\/dayanikli-tablet\/panasonic-toughpad-fz-m1\/#primaryimage\"},\"thumbnailUrl\":\"https:\/\/alegerglobal.com\/wp-content\/uploads\/2021\/03\/Unbenannt-32.jpg\",\"datePublished\":\"2024-06-03T11:31:40+00:00\",\"dateModified\":\"2024-06-03T11:31:40+00:00\",\"description\":\"\u0130\u015fte zor ko\u015fullar alt\u0131nda saha hizmeti i\u00e7in ultra kompakt dayan\u0131kl\u0131 tablet! G\u00fc\u00e7l\u00fc batarya ve esnek ba\u011flant\u0131!\",\"breadcrumb\":{\"@id\":\"https:\/\/alegerglobal.com\/tr\/shop-tr\/dayanikli-tablet\/panasonic-toughpad-fz-m1\/#breadcrumb\"},\"inLanguage\":\"tr\",\"potentialAction\":[{\"@type\":\"ReadAction\",\"target\":[\"https:\/\/alegerglobal.com\/tr\/shop-tr\/dayanikli-tablet\/panasonic-toughpad-fz-m1\/\"]}]},{\"@type\":\"ImageObject\",\"inLanguage\":\"tr\",\"@id\":\"https:\/\/alegerglobal.com\/tr\/shop-tr\/dayanikli-tablet\/panasonic-toughpad-fz-m1\/#primaryimage\",\"url\":\"https:\/\/alegerglobal.com\/wp-content\/uploads\/2021\/03\/Unbenannt-32.jpg\",\"contentUrl\":\"https:\/\/alegerglobal.com\/wp-content\/uploads\/2021\/03\/Unbenannt-32.jpg\",\"width\":800,\"height\":800},{\"@type\":\"BreadcrumbList\",\"@id\":\"https:\/\/alegerglobal.com\/tr\/shop-tr\/dayanikli-tablet\/panasonic-toughpad-fz-m1\/#breadcrumb\",\"itemListElement\":[{\"@type\":\"ListItem\",\"position\":1,\"name\":\"Home\",\"item\":\"https:\/\/alegerglobal.com\/tr\/yeni-anasayfa\/\"},{\"@type\":\"ListItem\",\"position\":2,\"name\":\"\u00dcr\u00fcnler\",\"item\":\"https:\/\/alegerglobal.com\/tr\/ueruenler\/\"},{\"@type\":\"ListItem\",\"position\":3,\"name\":\"Panasonic Toughpad FZ-M1, dayan\u0131kl\u0131 tablet, MIL-STD 810 G, 7 in\u00e7 IP65, Windows 10\"}]},{\"@type\":\"WebSite\",\"@id\":\"https:\/\/alegerglobal.com\/tr\/#website\",\"url\":\"https:\/\/alegerglobal.com\/tr\/\",\"name\":\"ALEGER \u22c6 Augmented Reality\",\"description\":\"Die besten Augmented Reality (AR) L\u00f6sungen der Welt.\",\"publisher\":{\"@id\":\"https:\/\/alegerglobal.com\/tr\/#organization\"},\"potentialAction\":[{\"@type\":\"SearchAction\",\"target\":{\"@type\":\"EntryPoint\",\"urlTemplate\":\"https:\/\/alegerglobal.com\/tr\/?s={search_term_string}\"},\"query-input\":{\"@type\":\"PropertyValueSpecification\",\"valueRequired\":true,\"valueName\":\"search_term_string\"}}],\"inLanguage\":\"tr\"},{\"@type\":\"Organization\",\"@id\":\"https:\/\/alegerglobal.com\/tr\/#organization\",\"name\":\"ALEGER \u22c6 Augmented Reality\",\"url\":\"https:\/\/alegerglobal.com\/tr\/\",\"logo\":{\"@type\":\"ImageObject\",\"inLanguage\":\"tr\",\"@id\":\"https:\/\/alegerglobal.com\/tr\/#\/schema\/logo\/image\/\",\"url\":\"https:\/\/alegerglobal.com\/wp-content\/uploads\/2020\/12\/aleger-logo-quadrat.jpg\",\"contentUrl\":\"https:\/\/alegerglobal.com\/wp-content\/uploads\/2020\/12\/aleger-logo-quadrat.jpg\",\"width\":200,\"height\":176,\"caption\":\"ALEGER \u22c6 Augmented Reality\"},\"image\":{\"@id\":\"https:\/\/alegerglobal.com\/tr\/#\/schema\/logo\/image\/\"}}]}<\/script>\n<meta property=\"product:brand\" content=\"Panasonic\" \/>\n<meta property=\"product:price:amount\" content=\"3912.99\" \/>\n<meta property=\"product:price:currency\" content=\"EUR\" \/>\n<meta property=\"og:availability\" content=\"instock\" \/>\n<meta property=\"product:availability\" content=\"instock\" \/>\n<meta property=\"product:condition\" content=\"new\" \/>\n<!-- \/ Yoast SEO Premium plugin. -->","yoast_head_json":{"title":"Panasonic Toughpad FZ-M1 - ALEGER \u22c6 Augmented Reality","description":"\u0130\u015fte zor ko\u015fullar alt\u0131nda saha hizmeti i\u00e7in ultra kompakt dayan\u0131kl\u0131 tablet! G\u00fc\u00e7l\u00fc batarya ve esnek ba\u011flant\u0131!","robots":{"index":"index","follow":"follow","max-snippet":"max-snippet:-1","max-image-preview":"max-image-preview:large","max-video-preview":"max-video-preview:-1"},"og_locale":"tr_TR","og_type":"article","og_title":"Panasonic Toughpad FZ-M1, dayan\u0131kl\u0131 tablet, MIL-STD 810 G, 7 in\u00e7 IP65, Windows 10","og_description":"\u0130\u015fte zor ko\u015fullar alt\u0131nda saha hizmeti i\u00e7in ultra kompakt dayan\u0131kl\u0131 tablet! G\u00fc\u00e7l\u00fc batarya ve esnek ba\u011flant\u0131!","og_url":"https:\/\/alegerglobal.com\/tr\/shop-tr\/dayanikli-tablet\/panasonic-toughpad-fz-m1\/","og_site_name":"ALEGER \u22c6 Augmented Reality","og_image":[{"width":800,"height":800,"url":"https:\/\/alegerglobal.com\/wp-content\/uploads\/2021\/03\/Unbenannt-32.jpg","type":"image\/jpeg"}],"twitter_card":"summary_large_image","twitter_misc":{"Fiyat":"&euro;3.912,99","Durumu":"Stokta var"},"schema":{"@context":"https:\/\/schema.org","@graph":[{"@type":"WebPage","@id":"https:\/\/alegerglobal.com\/tr\/shop-tr\/dayanikli-tablet\/panasonic-toughpad-fz-m1\/","url":"https:\/\/alegerglobal.com\/tr\/shop-tr\/dayanikli-tablet\/panasonic-toughpad-fz-m1\/","name":"Panasonic Toughpad FZ-M1 - ALEGER \u22c6 Augmented Reality","isPartOf":{"@id":"https:\/\/alegerglobal.com\/tr\/#website"},"primaryImageOfPage":{"@id":"https:\/\/alegerglobal.com\/tr\/shop-tr\/dayanikli-tablet\/panasonic-toughpad-fz-m1\/#primaryimage"},"image":{"@id":"https:\/\/alegerglobal.com\/tr\/shop-tr\/dayanikli-tablet\/panasonic-toughpad-fz-m1\/#primaryimage"},"thumbnailUrl":"https:\/\/alegerglobal.com\/wp-content\/uploads\/2021\/03\/Unbenannt-32.jpg","datePublished":"2024-06-03T11:31:40+00:00","dateModified":"2024-06-03T11:31:40+00:00","description":"\u0130\u015fte zor ko\u015fullar alt\u0131nda saha hizmeti i\u00e7in ultra kompakt dayan\u0131kl\u0131 tablet! G\u00fc\u00e7l\u00fc batarya ve esnek ba\u011flant\u0131!","breadcrumb":{"@id":"https:\/\/alegerglobal.com\/tr\/shop-tr\/dayanikli-tablet\/panasonic-toughpad-fz-m1\/#breadcrumb"},"inLanguage":"tr","potentialAction":[{"@type":"ReadAction","target":["https:\/\/alegerglobal.com\/tr\/shop-tr\/dayanikli-tablet\/panasonic-toughpad-fz-m1\/"]}]},{"@type":"ImageObject","inLanguage":"tr","@id":"https:\/\/alegerglobal.com\/tr\/shop-tr\/dayanikli-tablet\/panasonic-toughpad-fz-m1\/#primaryimage","url":"https:\/\/alegerglobal.com\/wp-content\/uploads\/2021\/03\/Unbenannt-32.jpg","contentUrl":"https:\/\/alegerglobal.com\/wp-content\/uploads\/2021\/03\/Unbenannt-32.jpg","width":800,"height":800},{"@type":"BreadcrumbList","@id":"https:\/\/alegerglobal.com\/tr\/shop-tr\/dayanikli-tablet\/panasonic-toughpad-fz-m1\/#breadcrumb","itemListElement":[{"@type":"ListItem","position":1,"name":"Home","item":"https:\/\/alegerglobal.com\/tr\/yeni-anasayfa\/"},{"@type":"ListItem","position":2,"name":"\u00dcr\u00fcnler","item":"https:\/\/alegerglobal.com\/tr\/ueruenler\/"},{"@type":"ListItem","position":3,"name":"Panasonic Toughpad FZ-M1, dayan\u0131kl\u0131 tablet, MIL-STD 810 G, 7 in\u00e7 IP65, Windows 10"}]},{"@type":"WebSite","@id":"https:\/\/alegerglobal.com\/tr\/#website","url":"https:\/\/alegerglobal.com\/tr\/","name":"ALEGER \u22c6 Augmented Reality","description":"Die besten Augmented Reality (AR) L\u00f6sungen der Welt.","publisher":{"@id":"https:\/\/alegerglobal.com\/tr\/#organization"},"potentialAction":[{"@type":"SearchAction","target":{"@type":"EntryPoint","urlTemplate":"https:\/\/alegerglobal.com\/tr\/?s={search_term_string}"},"query-input":{"@type":"PropertyValueSpecification","valueRequired":true,"valueName":"search_term_string"}}],"inLanguage":"tr"},{"@type":"Organization","@id":"https:\/\/alegerglobal.com\/tr\/#organization","name":"ALEGER \u22c6 Augmented Reality","url":"https:\/\/alegerglobal.com\/tr\/","logo":{"@type":"ImageObject","inLanguage":"tr","@id":"https:\/\/alegerglobal.com\/tr\/#\/schema\/logo\/image\/","url":"https:\/\/alegerglobal.com\/wp-content\/uploads\/2020\/12\/aleger-logo-quadrat.jpg","contentUrl":"https:\/\/alegerglobal.com\/wp-content\/uploads\/2020\/12\/aleger-logo-quadrat.jpg","width":200,"height":176,"caption":"ALEGER \u22c6 Augmented Reality"},"image":{"@id":"https:\/\/alegerglobal.com\/tr\/#\/schema\/logo\/image\/"}}]},"product_brand":"Panasonic","product_price_amount":"3912.99","product_price_currency":"EUR","og_availability":"instock","product_availability":"instock","product_condition":"new"},"_links":{"self":[{"href":"https:\/\/alegerglobal.com\/tr\/wp-json\/wp\/v2\/product\/39183","targetHints":{"allow":["GET"]}}],"collection":[{"href":"https:\/\/alegerglobal.com\/tr\/wp-json\/wp\/v2\/product"}],"about":[{"href":"https:\/\/alegerglobal.com\/tr\/wp-json\/wp\/v2\/types\/product"}],"replies":[{"embeddable":true,"href":"https:\/\/alegerglobal.com\/tr\/wp-json\/wp\/v2\/comments?post=39183"}],"version-history":[{"count":0,"href":"https:\/\/alegerglobal.com\/tr\/wp-json\/wp\/v2\/product\/39183\/revisions"}],"wp:featuredmedia":[{"embeddable":true,"href":"https:\/\/alegerglobal.com\/tr\/wp-json\/wp\/v2\/media\/39184"}],"wp:attachment":[{"href":"https:\/\/alegerglobal.com\/tr\/wp-json\/wp\/v2\/media?parent=39183"}],"wp:term":[{"taxonomy":"product_brand","embeddable":true,"href":"https:\/\/alegerglobal.com\/tr\/wp-json\/wp\/v2\/product_brand?post=39183"},{"taxonomy":"product_cat","embeddable":true,"href":"https:\/\/alegerglobal.com\/tr\/wp-json\/wp\/v2\/product_cat?post=39183"},{"taxonomy":"product_tag","embeddable":true,"href":"https:\/\/alegerglobal.com\/tr\/wp-json\/wp\/v2\/product_tag?post=39183"}],"curies":[{"name":"wp","href":"https:\/\/api.w.org\/{rel}","templated":true}]}}