{"id":39179,"date":"2021-03-10T09:02:38","date_gmt":"2024-06-03T11:31:36","guid":{"rendered":"https:\/\/alegerglobal.com\/kategorilenmemis\/panasonic-fz-g1-dayanikli-tablet-mil-std-810g-101-inc-hd-ekran-ip65-windows-10\/"},"modified":"2024-06-03T12:31:36","modified_gmt":"2024-06-03T11:31:36","slug":"panasonic-fz-g1","status":"publish","type":"product","link":"https:\/\/alegerglobal.com\/tr\/shop-tr\/dayanikli-tablet\/panasonic-fz-g1\/","title":{"rendered":"Panasonic FZ-G1, dayan\u0131kl\u0131 tablet MIL-STD 810G, 10,1 in\u00e7 HD ekran, IP65, Windows 10"},"content":{"rendered":"","protected":false},"excerpt":{"rendered":"<ul>\n<li><b>MIL-STD 810G&#8217;ye uygun ve IP65 sertifikal\u0131 sa\u011flam tablet<\/b><\/li>\n<li><b>Karma\u015f\u0131k g\u00f6revleri sorunsuzca tamamlay\u0131n:<\/b><span style=\"font-weight: 400;\"> G\u00fc\u00e7l\u00fc i5 i\u015flemci ve 8GB Ram<\/span><\/li>\n<li><span style=\"font-weight: 400;\"><strong>Verileri h\u0131zl\u0131 bir \u015fekilde okuyun ve yaz\u0131n:<\/strong> 256 GB SSD&#8217;li tablet  <\/span><\/li>\n<li><b>Ortak yaz\u0131l\u0131m:<\/b><span style=\"font-weight: 400;\"> Tablet Windows 10 ile \u00e7al\u0131\u015f\u0131r<\/span><\/li>\n<li><b>Bir bak\u0131\u015fta t\u00fcm veriler:<\/b><span style=\"font-weight: 400;\"> 10,1 in\u00e7, parlama \u00f6nleyici ekran<\/span><\/li>\n<li><b>Y\u00fcksek \u00e7\u00f6z\u00fcn\u00fcrl\u00fckl\u00fc g\u00f6r\u00fcnt\u00fcler:<\/b><span style=\"font-weight: 400;\"> 8MP kamera ve 2 MP \u00f6n kamera<\/span><\/li>\n<li><b>Yeniden \u015farj etmeden uzun kullan\u0131m<\/b><span style=\"font-weight: 400;\">11 saate kadar \u00e7al\u0131\u015fma s\u00fcresi i\u00e7in 4200 mAh pil<\/span><\/li>\n<li><b>Ba\u011flant\u0131dan ba\u011f\u0131ms\u0131z olarak t\u00fcm cihazlar\u0131 kullan\u0131n:<\/b><span style=\"font-weight: 400;\"> esnek portlar eski portlar\u0131n kullan\u0131m\u0131n\u0131 sa\u011flar<\/span><\/li>\n<li><b>Uzun vadeli destek:<\/b> 3 y\u0131ll\u0131k garanti dahildir, 5 y\u0131la kadar uzat\u0131labilir<\/li>\n<\/ul>\n","protected":false},"featured_media":39180,"comment_status":"open","ping_status":"closed","template":"","meta":{"_acf_changed":false},"product_brand":[],"product_cat":[2360,2318],"product_tag":[],"class_list":{"0":"post-39179","1":"product","2":"type-product","3":"status-publish","4":"has-post-thumbnail","6":"product_cat-dayanikli-tablet","7":"product_cat-shop-tr","8":"pa_hersteller-panasonic-tr","10":"first","11":"instock","12":"taxable","13":"shipping-taxable","14":"purchasable","15":"product-type-simple"},"acf":[],"yoast_head":"<!-- This site is optimized with the Yoast SEO Premium plugin v20.10 (Yoast SEO v24.3) - https:\/\/yoast.com\/wordpress\/plugins\/seo\/ -->\n<title>Panasonic FZ-G1&#039;i buradan sat\u0131n al\u0131n - ALEGER \u22c6 Augmented Reality<\/title>\n<meta name=\"description\" content=\"\u0130\u015fte Panasonic FZ-G1: D\u0131\u015f mekan kullan\u0131m\u0131 i\u00e7in Windows 10 ve parlama \u00f6nleyici ekrana sahip sa\u011flam tablet! Basit ve esnek kullan\u0131m!\" \/>\n<meta name=\"robots\" content=\"index, follow, max-snippet:-1, max-image-preview:large, max-video-preview:-1\" \/>\n<meta property=\"og:locale\" content=\"tr_TR\" \/>\n<meta property=\"og:type\" content=\"article\" \/>\n<meta property=\"og:title\" content=\"Panasonic FZ-G1, dayan\u0131kl\u0131 tablet MIL-STD 810G, 10,1 in\u00e7 HD ekran, IP65, Windows 10\" \/>\n<meta property=\"og:description\" content=\"\u0130\u015fte Panasonic FZ-G1: D\u0131\u015f mekan kullan\u0131m\u0131 i\u00e7in Windows 10 ve parlama \u00f6nleyici ekrana sahip sa\u011flam tablet! Basit ve esnek kullan\u0131m!\" \/>\n<meta property=\"og:url\" content=\"https:\/\/alegerglobal.com\/tr\/shop-tr\/dayanikli-tablet\/panasonic-fz-g1\/\" \/>\n<meta property=\"og:site_name\" content=\"ALEGER \u22c6 Augmented Reality\" \/>\n<meta property=\"og:image\" content=\"https:\/\/alegerglobal.com\/wp-content\/uploads\/2021\/03\/Unbenannt-10.jpg\" \/>\n\t<meta property=\"og:image:width\" content=\"800\" \/>\n\t<meta property=\"og:image:height\" content=\"800\" \/>\n\t<meta property=\"og:image:type\" content=\"image\/jpeg\" \/>\n<meta name=\"twitter:card\" content=\"summary_large_image\" \/>\n<meta name=\"twitter:label1\" content=\"Fiyat\" \/>\n\t<meta name=\"twitter:data1\" content=\"&euro;3.699,99\" \/>\n\t<meta name=\"twitter:label2\" content=\"Durumu\" \/>\n\t<meta name=\"twitter:data2\" content=\"Stokta var\" \/>\n<script type=\"application\/ld+json\" class=\"yoast-schema-graph\">{\"@context\":\"https:\/\/schema.org\",\"@graph\":[{\"@type\":\"WebPage\",\"@id\":\"https:\/\/alegerglobal.com\/tr\/shop-tr\/dayanikli-tablet\/panasonic-fz-g1\/\",\"url\":\"https:\/\/alegerglobal.com\/tr\/shop-tr\/dayanikli-tablet\/panasonic-fz-g1\/\",\"name\":\"Panasonic FZ-G1'i buradan sat\u0131n al\u0131n - ALEGER \u22c6 Augmented Reality\",\"isPartOf\":{\"@id\":\"https:\/\/alegerglobal.com\/tr\/#website\"},\"primaryImageOfPage\":{\"@id\":\"https:\/\/alegerglobal.com\/tr\/shop-tr\/dayanikli-tablet\/panasonic-fz-g1\/#primaryimage\"},\"image\":{\"@id\":\"https:\/\/alegerglobal.com\/tr\/shop-tr\/dayanikli-tablet\/panasonic-fz-g1\/#primaryimage\"},\"thumbnailUrl\":\"https:\/\/alegerglobal.com\/wp-content\/uploads\/2021\/03\/Unbenannt-10.jpg\",\"datePublished\":\"2024-06-03T11:31:36+00:00\",\"dateModified\":\"2024-06-03T11:31:36+00:00\",\"description\":\"\u0130\u015fte Panasonic FZ-G1: D\u0131\u015f mekan kullan\u0131m\u0131 i\u00e7in Windows 10 ve parlama \u00f6nleyici ekrana sahip sa\u011flam tablet! Basit ve esnek kullan\u0131m!\",\"breadcrumb\":{\"@id\":\"https:\/\/alegerglobal.com\/tr\/shop-tr\/dayanikli-tablet\/panasonic-fz-g1\/#breadcrumb\"},\"inLanguage\":\"tr\",\"potentialAction\":[{\"@type\":\"ReadAction\",\"target\":[\"https:\/\/alegerglobal.com\/tr\/shop-tr\/dayanikli-tablet\/panasonic-fz-g1\/\"]}]},{\"@type\":\"ImageObject\",\"inLanguage\":\"tr\",\"@id\":\"https:\/\/alegerglobal.com\/tr\/shop-tr\/dayanikli-tablet\/panasonic-fz-g1\/#primaryimage\",\"url\":\"https:\/\/alegerglobal.com\/wp-content\/uploads\/2021\/03\/Unbenannt-10.jpg\",\"contentUrl\":\"https:\/\/alegerglobal.com\/wp-content\/uploads\/2021\/03\/Unbenannt-10.jpg\",\"width\":800,\"height\":800},{\"@type\":\"BreadcrumbList\",\"@id\":\"https:\/\/alegerglobal.com\/tr\/shop-tr\/dayanikli-tablet\/panasonic-fz-g1\/#breadcrumb\",\"itemListElement\":[{\"@type\":\"ListItem\",\"position\":1,\"name\":\"Home\",\"item\":\"https:\/\/alegerglobal.com\/tr\/yeni-anasayfa\/\"},{\"@type\":\"ListItem\",\"position\":2,\"name\":\"\u00dcr\u00fcnler\",\"item\":\"https:\/\/alegerglobal.com\/tr\/ueruenler\/\"},{\"@type\":\"ListItem\",\"position\":3,\"name\":\"Panasonic FZ-G1, dayan\u0131kl\u0131 tablet MIL-STD 810G, 10,1 in\u00e7 HD ekran, IP65, Windows 10\"}]},{\"@type\":\"WebSite\",\"@id\":\"https:\/\/alegerglobal.com\/tr\/#website\",\"url\":\"https:\/\/alegerglobal.com\/tr\/\",\"name\":\"ALEGER \u22c6 Augmented Reality\",\"description\":\"Die besten Augmented Reality (AR) L\u00f6sungen der Welt.\",\"publisher\":{\"@id\":\"https:\/\/alegerglobal.com\/tr\/#organization\"},\"potentialAction\":[{\"@type\":\"SearchAction\",\"target\":{\"@type\":\"EntryPoint\",\"urlTemplate\":\"https:\/\/alegerglobal.com\/tr\/?s={search_term_string}\"},\"query-input\":{\"@type\":\"PropertyValueSpecification\",\"valueRequired\":true,\"valueName\":\"search_term_string\"}}],\"inLanguage\":\"tr\"},{\"@type\":\"Organization\",\"@id\":\"https:\/\/alegerglobal.com\/tr\/#organization\",\"name\":\"ALEGER \u22c6 Augmented Reality\",\"url\":\"https:\/\/alegerglobal.com\/tr\/\",\"logo\":{\"@type\":\"ImageObject\",\"inLanguage\":\"tr\",\"@id\":\"https:\/\/alegerglobal.com\/tr\/#\/schema\/logo\/image\/\",\"url\":\"https:\/\/alegerglobal.com\/wp-content\/uploads\/2020\/12\/aleger-logo-quadrat.jpg\",\"contentUrl\":\"https:\/\/alegerglobal.com\/wp-content\/uploads\/2020\/12\/aleger-logo-quadrat.jpg\",\"width\":200,\"height\":176,\"caption\":\"ALEGER \u22c6 Augmented Reality\"},\"image\":{\"@id\":\"https:\/\/alegerglobal.com\/tr\/#\/schema\/logo\/image\/\"}}]}<\/script>\n<meta property=\"product:brand\" content=\"Panasonic\" \/>\n<meta property=\"product:price:amount\" content=\"3699.99\" \/>\n<meta property=\"product:price:currency\" content=\"EUR\" \/>\n<meta property=\"og:availability\" content=\"instock\" \/>\n<meta property=\"product:availability\" content=\"instock\" \/>\n<meta property=\"product:condition\" content=\"new\" \/>\n<!-- \/ Yoast SEO Premium plugin. -->","yoast_head_json":{"title":"Panasonic FZ-G1'i buradan sat\u0131n al\u0131n - ALEGER \u22c6 Augmented Reality","description":"\u0130\u015fte Panasonic FZ-G1: D\u0131\u015f mekan kullan\u0131m\u0131 i\u00e7in Windows 10 ve parlama \u00f6nleyici ekrana sahip sa\u011flam tablet! Basit ve esnek kullan\u0131m!","robots":{"index":"index","follow":"follow","max-snippet":"max-snippet:-1","max-image-preview":"max-image-preview:large","max-video-preview":"max-video-preview:-1"},"og_locale":"tr_TR","og_type":"article","og_title":"Panasonic FZ-G1, dayan\u0131kl\u0131 tablet MIL-STD 810G, 10,1 in\u00e7 HD ekran, IP65, Windows 10","og_description":"\u0130\u015fte Panasonic FZ-G1: D\u0131\u015f mekan kullan\u0131m\u0131 i\u00e7in Windows 10 ve parlama \u00f6nleyici ekrana sahip sa\u011flam tablet! Basit ve esnek kullan\u0131m!","og_url":"https:\/\/alegerglobal.com\/tr\/shop-tr\/dayanikli-tablet\/panasonic-fz-g1\/","og_site_name":"ALEGER \u22c6 Augmented Reality","og_image":[{"width":800,"height":800,"url":"https:\/\/alegerglobal.com\/wp-content\/uploads\/2021\/03\/Unbenannt-10.jpg","type":"image\/jpeg"}],"twitter_card":"summary_large_image","twitter_misc":{"Fiyat":"&euro;3.699,99","Durumu":"Stokta var"},"schema":{"@context":"https:\/\/schema.org","@graph":[{"@type":"WebPage","@id":"https:\/\/alegerglobal.com\/tr\/shop-tr\/dayanikli-tablet\/panasonic-fz-g1\/","url":"https:\/\/alegerglobal.com\/tr\/shop-tr\/dayanikli-tablet\/panasonic-fz-g1\/","name":"Panasonic FZ-G1'i buradan sat\u0131n al\u0131n - ALEGER \u22c6 Augmented Reality","isPartOf":{"@id":"https:\/\/alegerglobal.com\/tr\/#website"},"primaryImageOfPage":{"@id":"https:\/\/alegerglobal.com\/tr\/shop-tr\/dayanikli-tablet\/panasonic-fz-g1\/#primaryimage"},"image":{"@id":"https:\/\/alegerglobal.com\/tr\/shop-tr\/dayanikli-tablet\/panasonic-fz-g1\/#primaryimage"},"thumbnailUrl":"https:\/\/alegerglobal.com\/wp-content\/uploads\/2021\/03\/Unbenannt-10.jpg","datePublished":"2024-06-03T11:31:36+00:00","dateModified":"2024-06-03T11:31:36+00:00","description":"\u0130\u015fte Panasonic FZ-G1: D\u0131\u015f mekan kullan\u0131m\u0131 i\u00e7in Windows 10 ve parlama \u00f6nleyici ekrana sahip sa\u011flam tablet! Basit ve esnek kullan\u0131m!","breadcrumb":{"@id":"https:\/\/alegerglobal.com\/tr\/shop-tr\/dayanikli-tablet\/panasonic-fz-g1\/#breadcrumb"},"inLanguage":"tr","potentialAction":[{"@type":"ReadAction","target":["https:\/\/alegerglobal.com\/tr\/shop-tr\/dayanikli-tablet\/panasonic-fz-g1\/"]}]},{"@type":"ImageObject","inLanguage":"tr","@id":"https:\/\/alegerglobal.com\/tr\/shop-tr\/dayanikli-tablet\/panasonic-fz-g1\/#primaryimage","url":"https:\/\/alegerglobal.com\/wp-content\/uploads\/2021\/03\/Unbenannt-10.jpg","contentUrl":"https:\/\/alegerglobal.com\/wp-content\/uploads\/2021\/03\/Unbenannt-10.jpg","width":800,"height":800},{"@type":"BreadcrumbList","@id":"https:\/\/alegerglobal.com\/tr\/shop-tr\/dayanikli-tablet\/panasonic-fz-g1\/#breadcrumb","itemListElement":[{"@type":"ListItem","position":1,"name":"Home","item":"https:\/\/alegerglobal.com\/tr\/yeni-anasayfa\/"},{"@type":"ListItem","position":2,"name":"\u00dcr\u00fcnler","item":"https:\/\/alegerglobal.com\/tr\/ueruenler\/"},{"@type":"ListItem","position":3,"name":"Panasonic FZ-G1, dayan\u0131kl\u0131 tablet MIL-STD 810G, 10,1 in\u00e7 HD ekran, IP65, Windows 10"}]},{"@type":"WebSite","@id":"https:\/\/alegerglobal.com\/tr\/#website","url":"https:\/\/alegerglobal.com\/tr\/","name":"ALEGER \u22c6 Augmented Reality","description":"Die besten Augmented Reality (AR) L\u00f6sungen der Welt.","publisher":{"@id":"https:\/\/alegerglobal.com\/tr\/#organization"},"potentialAction":[{"@type":"SearchAction","target":{"@type":"EntryPoint","urlTemplate":"https:\/\/alegerglobal.com\/tr\/?s={search_term_string}"},"query-input":{"@type":"PropertyValueSpecification","valueRequired":true,"valueName":"search_term_string"}}],"inLanguage":"tr"},{"@type":"Organization","@id":"https:\/\/alegerglobal.com\/tr\/#organization","name":"ALEGER \u22c6 Augmented Reality","url":"https:\/\/alegerglobal.com\/tr\/","logo":{"@type":"ImageObject","inLanguage":"tr","@id":"https:\/\/alegerglobal.com\/tr\/#\/schema\/logo\/image\/","url":"https:\/\/alegerglobal.com\/wp-content\/uploads\/2020\/12\/aleger-logo-quadrat.jpg","contentUrl":"https:\/\/alegerglobal.com\/wp-content\/uploads\/2020\/12\/aleger-logo-quadrat.jpg","width":200,"height":176,"caption":"ALEGER \u22c6 Augmented Reality"},"image":{"@id":"https:\/\/alegerglobal.com\/tr\/#\/schema\/logo\/image\/"}}]},"product_brand":"Panasonic","product_price_amount":"3699.99","product_price_currency":"EUR","og_availability":"instock","product_availability":"instock","product_condition":"new"},"_links":{"self":[{"href":"https:\/\/alegerglobal.com\/tr\/wp-json\/wp\/v2\/product\/39179","targetHints":{"allow":["GET"]}}],"collection":[{"href":"https:\/\/alegerglobal.com\/tr\/wp-json\/wp\/v2\/product"}],"about":[{"href":"https:\/\/alegerglobal.com\/tr\/wp-json\/wp\/v2\/types\/product"}],"replies":[{"embeddable":true,"href":"https:\/\/alegerglobal.com\/tr\/wp-json\/wp\/v2\/comments?post=39179"}],"version-history":[{"count":0,"href":"https:\/\/alegerglobal.com\/tr\/wp-json\/wp\/v2\/product\/39179\/revisions"}],"wp:featuredmedia":[{"embeddable":true,"href":"https:\/\/alegerglobal.com\/tr\/wp-json\/wp\/v2\/media\/39180"}],"wp:attachment":[{"href":"https:\/\/alegerglobal.com\/tr\/wp-json\/wp\/v2\/media?parent=39179"}],"wp:term":[{"taxonomy":"product_brand","embeddable":true,"href":"https:\/\/alegerglobal.com\/tr\/wp-json\/wp\/v2\/product_brand?post=39179"},{"taxonomy":"product_cat","embeddable":true,"href":"https:\/\/alegerglobal.com\/tr\/wp-json\/wp\/v2\/product_cat?post=39179"},{"taxonomy":"product_tag","embeddable":true,"href":"https:\/\/alegerglobal.com\/tr\/wp-json\/wp\/v2\/product_tag?post=39179"}],"curies":[{"name":"wp","href":"https:\/\/api.w.org\/{rel}","templated":true}]}}