{"id":39165,"date":"2021-03-12T02:59:16","date_gmt":"2024-06-03T11:30:50","guid":{"rendered":"https:\/\/alegerglobal.com\/kategorilenmemis\/epson-moverio-bt-40s-akilli-goezluek-kumanda-2-95-4gb-ram-64-gb-hafiza-android-9\/"},"modified":"2024-06-03T12:30:50","modified_gmt":"2024-06-03T11:30:50","slug":"epson-moverio-bt40s","status":"publish","type":"product","link":"https:\/\/alegerglobal.com\/tr\/shop-tr\/akilli-goezluekler\/epson-moverio-bt40s\/","title":{"rendered":"Epson Moverio BT-40S, Ak\u0131ll\u0131 G\u00f6zl\u00fck + Kumanda, 2.95&#8243;, 4GB RAM, 64 GB haf\u0131za, Android 9"},"content":{"rendered":"","protected":false},"excerpt":{"rendered":"<ul>\n<li><b>Ak\u0131ll\u0131 g\u00f6zl\u00fck ve kontrol\u00f6r:<\/b><span style=\"font-weight: 400;\"> Epson Moverio BT-40S, BT40 ak\u0131ll\u0131 g\u00f6zl\u00fc\u011f\u00fc BO-IC400 kontrol cihaz\u0131na ba\u011flar<\/span><\/li>\n<li><b>3D i\u015flevi: <\/b><span style=\"font-weight: 400;\">Ekran nesneleri 2D ve 3D olarak g\u00f6sterir<\/span><\/li>\n<li><b>\u0130ki par\u00e7al\u0131 ekran:<\/b><span style=\"font-weight: 400;\"> Ek bilgi g\u00f6r\u00fcnt\u00fclemek i\u00e7in ayr\u0131lm\u0131\u015f ekran alan\u0131<\/span><\/li>\n<li><b>G\u00fc\u00e7l\u00fc donan\u0131m: <\/b><span style=\"font-weight: 400;\">H\u0131zl\u0131 Snapdragon XR1 i\u015flemci + 4 GB RAM<\/span><\/li>\n<li><b>Esnek kontrol:<\/b><span style=\"font-weight: 400;\"> Kumanda veya ses kontrol\u00fc ile tek elle kontrol<\/span><\/li>\n<\/ul>\n","protected":false},"featured_media":39166,"comment_status":"open","ping_status":"closed","template":"","meta":{"_acf_changed":false},"product_brand":[],"product_cat":[2317,2318],"product_tag":[],"class_list":{"0":"post-39165","1":"product","2":"type-product","3":"status-publish","4":"has-post-thumbnail","6":"product_cat-akilli-goezluekler","7":"product_cat-shop-tr","8":"pa_hersteller-epson-tr","10":"first","11":"instock","12":"taxable","13":"shipping-taxable","14":"product-type-simple"},"acf":[],"yoast_head":"<!-- This site is optimized with the Yoast SEO Premium plugin v20.10 (Yoast SEO v24.3) - https:\/\/yoast.com\/wordpress\/plugins\/seo\/ -->\n<title>Epson Moverio BT-40S (2022) - ALEGER \u22c6 Augmented Reality sat\u0131n al\u0131n<\/title>\n<meta name=\"description\" content=\"Moverio BT-40S ile Epson, g\u00fc\u00e7l\u00fc ak\u0131ll\u0131 g\u00f6zl\u00fckleri BO-IC400 kontrol cihaz\u0131yla birle\u015ftirerek eksiksiz bir \u00e7\u00f6z\u00fcm olu\u015fturuyor\" \/>\n<meta name=\"robots\" content=\"index, follow, max-snippet:-1, max-image-preview:large, max-video-preview:-1\" \/>\n<meta property=\"og:locale\" content=\"tr_TR\" \/>\n<meta property=\"og:type\" content=\"article\" \/>\n<meta property=\"og:title\" content=\"Epson Moverio BT-40S, Ak\u0131ll\u0131 G\u00f6zl\u00fck + Kumanda, 2.95&quot;, 4GB RAM, 64 GB haf\u0131za, Android 9\" \/>\n<meta property=\"og:description\" content=\"Moverio BT-40S ile Epson, g\u00fc\u00e7l\u00fc ak\u0131ll\u0131 g\u00f6zl\u00fckleri BO-IC400 kontrol cihaz\u0131yla birle\u015ftirerek eksiksiz bir \u00e7\u00f6z\u00fcm olu\u015fturuyor\" \/>\n<meta property=\"og:url\" content=\"https:\/\/alegerglobal.com\/tr\/shop-tr\/akilli-goezluekler\/epson-moverio-bt40s\/\" \/>\n<meta property=\"og:site_name\" content=\"ALEGER \u22c6 Augmented Reality\" \/>\n<meta property=\"og:image\" content=\"https:\/\/alegerglobal.com\/wp-content\/uploads\/2021\/03\/Unbenannt-95.jpg\" \/>\n\t<meta property=\"og:image:width\" content=\"800\" \/>\n\t<meta property=\"og:image:height\" content=\"800\" \/>\n\t<meta property=\"og:image:type\" content=\"image\/jpeg\" \/>\n<meta name=\"twitter:card\" content=\"summary_large_image\" \/>\n<meta name=\"twitter:label1\" content=\"Fiyat\" \/>\n\t<meta name=\"twitter:data1\" content=\"\" \/>\n\t<meta name=\"twitter:label2\" content=\"Durumu\" \/>\n\t<meta name=\"twitter:data2\" content=\"Stokta var\" \/>\n<script type=\"application\/ld+json\" class=\"yoast-schema-graph\">{\"@context\":\"https:\/\/schema.org\",\"@graph\":[{\"@type\":\"WebPage\",\"@id\":\"https:\/\/alegerglobal.com\/tr\/shop-tr\/akilli-goezluekler\/epson-moverio-bt40s\/\",\"url\":\"https:\/\/alegerglobal.com\/tr\/shop-tr\/akilli-goezluekler\/epson-moverio-bt40s\/\",\"name\":\"Epson Moverio BT-40S (2022) - ALEGER \u22c6 Augmented Reality sat\u0131n al\u0131n\",\"isPartOf\":{\"@id\":\"https:\/\/alegerglobal.com\/tr\/#website\"},\"primaryImageOfPage\":{\"@id\":\"https:\/\/alegerglobal.com\/tr\/shop-tr\/akilli-goezluekler\/epson-moverio-bt40s\/#primaryimage\"},\"image\":{\"@id\":\"https:\/\/alegerglobal.com\/tr\/shop-tr\/akilli-goezluekler\/epson-moverio-bt40s\/#primaryimage\"},\"thumbnailUrl\":\"https:\/\/alegerglobal.com\/wp-content\/uploads\/2021\/03\/Unbenannt-95.jpg\",\"datePublished\":\"2024-06-03T11:30:50+00:00\",\"dateModified\":\"2024-06-03T11:30:50+00:00\",\"description\":\"Moverio BT-40S ile Epson, g\u00fc\u00e7l\u00fc ak\u0131ll\u0131 g\u00f6zl\u00fckleri BO-IC400 kontrol cihaz\u0131yla birle\u015ftirerek eksiksiz bir \u00e7\u00f6z\u00fcm olu\u015fturuyor\",\"breadcrumb\":{\"@id\":\"https:\/\/alegerglobal.com\/tr\/shop-tr\/akilli-goezluekler\/epson-moverio-bt40s\/#breadcrumb\"},\"inLanguage\":\"tr\",\"potentialAction\":[{\"@type\":\"ReadAction\",\"target\":[\"https:\/\/alegerglobal.com\/tr\/shop-tr\/akilli-goezluekler\/epson-moverio-bt40s\/\"]}]},{\"@type\":\"ImageObject\",\"inLanguage\":\"tr\",\"@id\":\"https:\/\/alegerglobal.com\/tr\/shop-tr\/akilli-goezluekler\/epson-moverio-bt40s\/#primaryimage\",\"url\":\"https:\/\/alegerglobal.com\/wp-content\/uploads\/2021\/03\/Unbenannt-95.jpg\",\"contentUrl\":\"https:\/\/alegerglobal.com\/wp-content\/uploads\/2021\/03\/Unbenannt-95.jpg\",\"width\":800,\"height\":800},{\"@type\":\"BreadcrumbList\",\"@id\":\"https:\/\/alegerglobal.com\/tr\/shop-tr\/akilli-goezluekler\/epson-moverio-bt40s\/#breadcrumb\",\"itemListElement\":[{\"@type\":\"ListItem\",\"position\":1,\"name\":\"Home\",\"item\":\"https:\/\/alegerglobal.com\/tr\/yeni-anasayfa\/\"},{\"@type\":\"ListItem\",\"position\":2,\"name\":\"\u00dcr\u00fcnler\",\"item\":\"https:\/\/alegerglobal.com\/tr\/ueruenler\/\"},{\"@type\":\"ListItem\",\"position\":3,\"name\":\"Epson Moverio BT-40S, Ak\u0131ll\u0131 G\u00f6zl\u00fck + Kumanda, 2.95&#8243;, 4GB RAM, 64 GB haf\u0131za, Android 9\"}]},{\"@type\":\"WebSite\",\"@id\":\"https:\/\/alegerglobal.com\/tr\/#website\",\"url\":\"https:\/\/alegerglobal.com\/tr\/\",\"name\":\"ALEGER \u22c6 Augmented Reality\",\"description\":\"Die besten Augmented Reality (AR) L\u00f6sungen der Welt.\",\"publisher\":{\"@id\":\"https:\/\/alegerglobal.com\/tr\/#organization\"},\"potentialAction\":[{\"@type\":\"SearchAction\",\"target\":{\"@type\":\"EntryPoint\",\"urlTemplate\":\"https:\/\/alegerglobal.com\/tr\/?s={search_term_string}\"},\"query-input\":{\"@type\":\"PropertyValueSpecification\",\"valueRequired\":true,\"valueName\":\"search_term_string\"}}],\"inLanguage\":\"tr\"},{\"@type\":\"Organization\",\"@id\":\"https:\/\/alegerglobal.com\/tr\/#organization\",\"name\":\"ALEGER \u22c6 Augmented Reality\",\"url\":\"https:\/\/alegerglobal.com\/tr\/\",\"logo\":{\"@type\":\"ImageObject\",\"inLanguage\":\"tr\",\"@id\":\"https:\/\/alegerglobal.com\/tr\/#\/schema\/logo\/image\/\",\"url\":\"https:\/\/alegerglobal.com\/wp-content\/uploads\/2020\/12\/aleger-logo-quadrat.jpg\",\"contentUrl\":\"https:\/\/alegerglobal.com\/wp-content\/uploads\/2020\/12\/aleger-logo-quadrat.jpg\",\"width\":200,\"height\":176,\"caption\":\"ALEGER \u22c6 Augmented Reality\"},\"image\":{\"@id\":\"https:\/\/alegerglobal.com\/tr\/#\/schema\/logo\/image\/\"}}]}<\/script>\n<meta property=\"product:brand\" content=\"Epson\" \/>\n<meta property=\"product:price:amount\" content=\"0.00\" \/>\n<meta property=\"product:price:currency\" content=\"EUR\" \/>\n<meta property=\"og:availability\" content=\"instock\" \/>\n<meta property=\"product:availability\" content=\"instock\" \/>\n<meta property=\"product:condition\" content=\"new\" \/>\n<!-- \/ Yoast SEO Premium plugin. -->","yoast_head_json":{"title":"Epson Moverio BT-40S (2022) - ALEGER \u22c6 Augmented Reality sat\u0131n al\u0131n","description":"Moverio BT-40S ile Epson, g\u00fc\u00e7l\u00fc ak\u0131ll\u0131 g\u00f6zl\u00fckleri BO-IC400 kontrol cihaz\u0131yla birle\u015ftirerek eksiksiz bir \u00e7\u00f6z\u00fcm olu\u015fturuyor","robots":{"index":"index","follow":"follow","max-snippet":"max-snippet:-1","max-image-preview":"max-image-preview:large","max-video-preview":"max-video-preview:-1"},"og_locale":"tr_TR","og_type":"article","og_title":"Epson Moverio BT-40S, Ak\u0131ll\u0131 G\u00f6zl\u00fck + Kumanda, 2.95\", 4GB RAM, 64 GB haf\u0131za, Android 9","og_description":"Moverio BT-40S ile Epson, g\u00fc\u00e7l\u00fc ak\u0131ll\u0131 g\u00f6zl\u00fckleri BO-IC400 kontrol cihaz\u0131yla birle\u015ftirerek eksiksiz bir \u00e7\u00f6z\u00fcm olu\u015fturuyor","og_url":"https:\/\/alegerglobal.com\/tr\/shop-tr\/akilli-goezluekler\/epson-moverio-bt40s\/","og_site_name":"ALEGER \u22c6 Augmented Reality","og_image":[{"width":800,"height":800,"url":"https:\/\/alegerglobal.com\/wp-content\/uploads\/2021\/03\/Unbenannt-95.jpg","type":"image\/jpeg"}],"twitter_card":"summary_large_image","twitter_misc":{"Fiyat":"","Durumu":"Stokta var"},"schema":{"@context":"https:\/\/schema.org","@graph":[{"@type":"WebPage","@id":"https:\/\/alegerglobal.com\/tr\/shop-tr\/akilli-goezluekler\/epson-moverio-bt40s\/","url":"https:\/\/alegerglobal.com\/tr\/shop-tr\/akilli-goezluekler\/epson-moverio-bt40s\/","name":"Epson Moverio BT-40S (2022) - ALEGER \u22c6 Augmented Reality sat\u0131n al\u0131n","isPartOf":{"@id":"https:\/\/alegerglobal.com\/tr\/#website"},"primaryImageOfPage":{"@id":"https:\/\/alegerglobal.com\/tr\/shop-tr\/akilli-goezluekler\/epson-moverio-bt40s\/#primaryimage"},"image":{"@id":"https:\/\/alegerglobal.com\/tr\/shop-tr\/akilli-goezluekler\/epson-moverio-bt40s\/#primaryimage"},"thumbnailUrl":"https:\/\/alegerglobal.com\/wp-content\/uploads\/2021\/03\/Unbenannt-95.jpg","datePublished":"2024-06-03T11:30:50+00:00","dateModified":"2024-06-03T11:30:50+00:00","description":"Moverio BT-40S ile Epson, g\u00fc\u00e7l\u00fc ak\u0131ll\u0131 g\u00f6zl\u00fckleri BO-IC400 kontrol cihaz\u0131yla birle\u015ftirerek eksiksiz bir \u00e7\u00f6z\u00fcm olu\u015fturuyor","breadcrumb":{"@id":"https:\/\/alegerglobal.com\/tr\/shop-tr\/akilli-goezluekler\/epson-moverio-bt40s\/#breadcrumb"},"inLanguage":"tr","potentialAction":[{"@type":"ReadAction","target":["https:\/\/alegerglobal.com\/tr\/shop-tr\/akilli-goezluekler\/epson-moverio-bt40s\/"]}]},{"@type":"ImageObject","inLanguage":"tr","@id":"https:\/\/alegerglobal.com\/tr\/shop-tr\/akilli-goezluekler\/epson-moverio-bt40s\/#primaryimage","url":"https:\/\/alegerglobal.com\/wp-content\/uploads\/2021\/03\/Unbenannt-95.jpg","contentUrl":"https:\/\/alegerglobal.com\/wp-content\/uploads\/2021\/03\/Unbenannt-95.jpg","width":800,"height":800},{"@type":"BreadcrumbList","@id":"https:\/\/alegerglobal.com\/tr\/shop-tr\/akilli-goezluekler\/epson-moverio-bt40s\/#breadcrumb","itemListElement":[{"@type":"ListItem","position":1,"name":"Home","item":"https:\/\/alegerglobal.com\/tr\/yeni-anasayfa\/"},{"@type":"ListItem","position":2,"name":"\u00dcr\u00fcnler","item":"https:\/\/alegerglobal.com\/tr\/ueruenler\/"},{"@type":"ListItem","position":3,"name":"Epson Moverio BT-40S, Ak\u0131ll\u0131 G\u00f6zl\u00fck + Kumanda, 2.95&#8243;, 4GB RAM, 64 GB haf\u0131za, Android 9"}]},{"@type":"WebSite","@id":"https:\/\/alegerglobal.com\/tr\/#website","url":"https:\/\/alegerglobal.com\/tr\/","name":"ALEGER \u22c6 Augmented Reality","description":"Die besten Augmented Reality (AR) L\u00f6sungen der Welt.","publisher":{"@id":"https:\/\/alegerglobal.com\/tr\/#organization"},"potentialAction":[{"@type":"SearchAction","target":{"@type":"EntryPoint","urlTemplate":"https:\/\/alegerglobal.com\/tr\/?s={search_term_string}"},"query-input":{"@type":"PropertyValueSpecification","valueRequired":true,"valueName":"search_term_string"}}],"inLanguage":"tr"},{"@type":"Organization","@id":"https:\/\/alegerglobal.com\/tr\/#organization","name":"ALEGER \u22c6 Augmented Reality","url":"https:\/\/alegerglobal.com\/tr\/","logo":{"@type":"ImageObject","inLanguage":"tr","@id":"https:\/\/alegerglobal.com\/tr\/#\/schema\/logo\/image\/","url":"https:\/\/alegerglobal.com\/wp-content\/uploads\/2020\/12\/aleger-logo-quadrat.jpg","contentUrl":"https:\/\/alegerglobal.com\/wp-content\/uploads\/2020\/12\/aleger-logo-quadrat.jpg","width":200,"height":176,"caption":"ALEGER \u22c6 Augmented Reality"},"image":{"@id":"https:\/\/alegerglobal.com\/tr\/#\/schema\/logo\/image\/"}}]},"product_brand":"Epson","product_price_amount":"0.00","product_price_currency":"EUR","og_availability":"instock","product_availability":"instock","product_condition":"new"},"_links":{"self":[{"href":"https:\/\/alegerglobal.com\/tr\/wp-json\/wp\/v2\/product\/39165","targetHints":{"allow":["GET"]}}],"collection":[{"href":"https:\/\/alegerglobal.com\/tr\/wp-json\/wp\/v2\/product"}],"about":[{"href":"https:\/\/alegerglobal.com\/tr\/wp-json\/wp\/v2\/types\/product"}],"replies":[{"embeddable":true,"href":"https:\/\/alegerglobal.com\/tr\/wp-json\/wp\/v2\/comments?post=39165"}],"version-history":[{"count":0,"href":"https:\/\/alegerglobal.com\/tr\/wp-json\/wp\/v2\/product\/39165\/revisions"}],"wp:featuredmedia":[{"embeddable":true,"href":"https:\/\/alegerglobal.com\/tr\/wp-json\/wp\/v2\/media\/39166"}],"wp:attachment":[{"href":"https:\/\/alegerglobal.com\/tr\/wp-json\/wp\/v2\/media?parent=39165"}],"wp:term":[{"taxonomy":"product_brand","embeddable":true,"href":"https:\/\/alegerglobal.com\/tr\/wp-json\/wp\/v2\/product_brand?post=39165"},{"taxonomy":"product_cat","embeddable":true,"href":"https:\/\/alegerglobal.com\/tr\/wp-json\/wp\/v2\/product_cat?post=39165"},{"taxonomy":"product_tag","embeddable":true,"href":"https:\/\/alegerglobal.com\/tr\/wp-json\/wp\/v2\/product_tag?post=39165"}],"curies":[{"name":"wp","href":"https:\/\/api.w.org\/{rel}","templated":true}]}}