{"id":39163,"date":"2021-03-12T03:00:00","date_gmt":"2024-06-03T11:30:40","guid":{"rendered":"https:\/\/alegerglobal.com\/kategorilenmemis\/epson-moverio-bt-40-akilli-goezluek-34-derece-goerues-alani-oled-60-hz-24-bit\/"},"modified":"2024-06-03T12:30:40","modified_gmt":"2024-06-03T11:30:40","slug":"epson-moverio-bt40","status":"publish","type":"product","link":"https:\/\/alegerglobal.com\/tr\/shop-tr\/akilli-goezluekler\/epson-moverio-bt40\/","title":{"rendered":"Epson Moverio BT-40, Ak\u0131ll\u0131 G\u00f6zl\u00fck, 34 derece g\u00f6r\u00fc\u015f alan\u0131, OLED 60 HZ, 24 bit"},"content":{"rendered":"","protected":false},"excerpt":{"rendered":"<ul>\n<li style=\"font-weight: 400;\" aria-level=\"1\"><b>Yorulmadan uzun s\u00fcre \u00e7al\u0131\u015f\u0131n:<\/b><span style=\"font-weight: 400;\"> Y\u00fcksek \u00e7\u00f6z\u00fcn\u00fcrl\u00fckl\u00fc OLED ekran, 34 derece g\u00f6r\u00fc\u015f alan\u0131 ve 24 bit renk derinli\u011fi<\/span><\/li>\n<li style=\"font-weight: 400;\" aria-level=\"1\"><b>Kolay kullan\u0131m:<\/b><span style=\"font-weight: 400;\"> USB kablosu arac\u0131l\u0131\u011f\u0131yla tablet, PC veya ak\u0131ll\u0131 telefon ile basit ba\u011flant\u0131<\/span><\/li>\n<li style=\"font-weight: 400;\" aria-level=\"1\"><b>Esnek kullan\u0131m:<\/b><span style=\"font-weight: 400;\"> Ses veya hareket kontrol\u00fc ile eller serbest kontrol<\/span><\/li>\n<li style=\"font-weight: 400;\" aria-level=\"1\"><b>Korumal\u0131 gizlilik:<\/b><span style=\"font-weight: 400;\"> Kamusal alanlarda hassas verilerle \u00e7al\u0131\u015fmak i\u00e7in ikinci ekran<\/span><\/li>\n<li style=\"font-weight: 400;\" aria-level=\"1\"><b>Haz\u0131r \u00e7\u00f6z\u00fcmlerden yararlan\u0131n:<\/b><span style=\"font-weight: 400;\"> Moverio \u00fcr\u00fcnleri i\u00e7in kendi uygulamalar\u0131n\u0131 i\u00e7eren b\u00fcy\u00fck uygulama ma\u011fazas\u0131<\/span><\/li>\n<li style=\"font-weight: 400;\" aria-level=\"1\"><b>Kendi \u00e7\u00f6z\u00fcmlerinizi geli\u015ftirin:<\/b> kendi uygulamalar\u0131n\u0131z\u0131 kolayca geli\u015ftirmek i\u00e7in \u00fccretsiz olarak eri\u015filebilen geli\u015ftirici ara\u00e7lar\u0131<\/li>\n<\/ul>\n","protected":false},"featured_media":39164,"comment_status":"open","ping_status":"closed","template":"","meta":{"_acf_changed":false},"product_brand":[],"product_cat":[2317,2318],"product_tag":[],"class_list":{"0":"post-39163","1":"product","2":"type-product","3":"status-publish","4":"has-post-thumbnail","6":"product_cat-akilli-goezluekler","7":"product_cat-shop-tr","8":"pa_hersteller-epson-tr","10":"first","11":"instock","12":"taxable","13":"shipping-taxable","14":"purchasable","15":"product-type-simple"},"acf":[],"yoast_head":"<!-- This site is optimized with the Yoast SEO Premium plugin v20.10 (Yoast SEO v24.3) - https:\/\/yoast.com\/wordpress\/plugins\/seo\/ -->\n<title>Epson Moverio BT40 - ALEGER \u22c6 Augmented Reality sat\u0131n al\u0131n<\/title>\n<meta name=\"description\" content=\"Geni\u015f g\u00f6r\u00fc\u015f alan\u0131 ve ergonomik tasar\u0131m\u0131 ile sanal bir i\u015fyeri olarak ak\u0131ll\u0131 g\u00f6zl\u00fckler! Yorulmadan uzun saatler \u00e7al\u0131\u015f\u0131n!\" \/>\n<meta name=\"robots\" content=\"index, follow, max-snippet:-1, max-image-preview:large, max-video-preview:-1\" \/>\n<meta property=\"og:locale\" content=\"tr_TR\" \/>\n<meta property=\"og:type\" content=\"article\" \/>\n<meta property=\"og:title\" content=\"Epson Moverio BT-40, Ak\u0131ll\u0131 G\u00f6zl\u00fck, 34 derece g\u00f6r\u00fc\u015f alan\u0131, OLED 60 HZ, 24 bit\" \/>\n<meta property=\"og:description\" content=\"Geni\u015f g\u00f6r\u00fc\u015f alan\u0131 ve ergonomik tasar\u0131m\u0131 ile sanal bir i\u015fyeri olarak ak\u0131ll\u0131 g\u00f6zl\u00fckler! Yorulmadan uzun saatler \u00e7al\u0131\u015f\u0131n!\" \/>\n<meta property=\"og:url\" content=\"https:\/\/alegerglobal.com\/tr\/shop-tr\/akilli-goezluekler\/epson-moverio-bt40\/\" \/>\n<meta property=\"og:site_name\" content=\"ALEGER \u22c6 Augmented Reality\" \/>\n<meta property=\"og:image\" content=\"https:\/\/alegerglobal.com\/wp-content\/uploads\/2021\/03\/epson-bt40-1.jpg\" \/>\n\t<meta property=\"og:image:width\" content=\"800\" \/>\n\t<meta property=\"og:image:height\" content=\"800\" \/>\n\t<meta property=\"og:image:type\" content=\"image\/jpeg\" \/>\n<meta name=\"twitter:card\" content=\"summary_large_image\" \/>\n<meta name=\"twitter:label1\" content=\"Fiyat\" \/>\n\t<meta name=\"twitter:data1\" content=\"&euro;599,00\" \/>\n\t<meta name=\"twitter:label2\" content=\"Durumu\" \/>\n\t<meta name=\"twitter:data2\" content=\"Stokta var\" \/>\n<script type=\"application\/ld+json\" class=\"yoast-schema-graph\">{\"@context\":\"https:\/\/schema.org\",\"@graph\":[{\"@type\":\"WebPage\",\"@id\":\"https:\/\/alegerglobal.com\/tr\/shop-tr\/akilli-goezluekler\/epson-moverio-bt40\/\",\"url\":\"https:\/\/alegerglobal.com\/tr\/shop-tr\/akilli-goezluekler\/epson-moverio-bt40\/\",\"name\":\"Epson Moverio BT40 - ALEGER \u22c6 Augmented Reality sat\u0131n al\u0131n\",\"isPartOf\":{\"@id\":\"https:\/\/alegerglobal.com\/tr\/#website\"},\"primaryImageOfPage\":{\"@id\":\"https:\/\/alegerglobal.com\/tr\/shop-tr\/akilli-goezluekler\/epson-moverio-bt40\/#primaryimage\"},\"image\":{\"@id\":\"https:\/\/alegerglobal.com\/tr\/shop-tr\/akilli-goezluekler\/epson-moverio-bt40\/#primaryimage\"},\"thumbnailUrl\":\"https:\/\/alegerglobal.com\/wp-content\/uploads\/2021\/03\/epson-bt40-1.jpg\",\"datePublished\":\"2024-06-03T11:30:40+00:00\",\"dateModified\":\"2024-06-03T11:30:40+00:00\",\"description\":\"Geni\u015f g\u00f6r\u00fc\u015f alan\u0131 ve ergonomik tasar\u0131m\u0131 ile sanal bir i\u015fyeri olarak ak\u0131ll\u0131 g\u00f6zl\u00fckler! Yorulmadan uzun saatler \u00e7al\u0131\u015f\u0131n!\",\"breadcrumb\":{\"@id\":\"https:\/\/alegerglobal.com\/tr\/shop-tr\/akilli-goezluekler\/epson-moverio-bt40\/#breadcrumb\"},\"inLanguage\":\"tr\",\"potentialAction\":[{\"@type\":\"ReadAction\",\"target\":[\"https:\/\/alegerglobal.com\/tr\/shop-tr\/akilli-goezluekler\/epson-moverio-bt40\/\"]}]},{\"@type\":\"ImageObject\",\"inLanguage\":\"tr\",\"@id\":\"https:\/\/alegerglobal.com\/tr\/shop-tr\/akilli-goezluekler\/epson-moverio-bt40\/#primaryimage\",\"url\":\"https:\/\/alegerglobal.com\/wp-content\/uploads\/2021\/03\/epson-bt40-1.jpg\",\"contentUrl\":\"https:\/\/alegerglobal.com\/wp-content\/uploads\/2021\/03\/epson-bt40-1.jpg\",\"width\":800,\"height\":800},{\"@type\":\"BreadcrumbList\",\"@id\":\"https:\/\/alegerglobal.com\/tr\/shop-tr\/akilli-goezluekler\/epson-moverio-bt40\/#breadcrumb\",\"itemListElement\":[{\"@type\":\"ListItem\",\"position\":1,\"name\":\"Home\",\"item\":\"https:\/\/alegerglobal.com\/tr\/yeni-anasayfa\/\"},{\"@type\":\"ListItem\",\"position\":2,\"name\":\"\u00dcr\u00fcnler\",\"item\":\"https:\/\/alegerglobal.com\/tr\/ueruenler\/\"},{\"@type\":\"ListItem\",\"position\":3,\"name\":\"Epson Moverio BT-40, Ak\u0131ll\u0131 G\u00f6zl\u00fck, 34 derece g\u00f6r\u00fc\u015f alan\u0131, OLED 60 HZ, 24 bit\"}]},{\"@type\":\"WebSite\",\"@id\":\"https:\/\/alegerglobal.com\/tr\/#website\",\"url\":\"https:\/\/alegerglobal.com\/tr\/\",\"name\":\"ALEGER \u22c6 Augmented Reality\",\"description\":\"Die besten Augmented Reality (AR) L\u00f6sungen der Welt.\",\"publisher\":{\"@id\":\"https:\/\/alegerglobal.com\/tr\/#organization\"},\"potentialAction\":[{\"@type\":\"SearchAction\",\"target\":{\"@type\":\"EntryPoint\",\"urlTemplate\":\"https:\/\/alegerglobal.com\/tr\/?s={search_term_string}\"},\"query-input\":{\"@type\":\"PropertyValueSpecification\",\"valueRequired\":true,\"valueName\":\"search_term_string\"}}],\"inLanguage\":\"tr\"},{\"@type\":\"Organization\",\"@id\":\"https:\/\/alegerglobal.com\/tr\/#organization\",\"name\":\"ALEGER \u22c6 Augmented Reality\",\"url\":\"https:\/\/alegerglobal.com\/tr\/\",\"logo\":{\"@type\":\"ImageObject\",\"inLanguage\":\"tr\",\"@id\":\"https:\/\/alegerglobal.com\/tr\/#\/schema\/logo\/image\/\",\"url\":\"https:\/\/alegerglobal.com\/wp-content\/uploads\/2020\/12\/aleger-logo-quadrat.jpg\",\"contentUrl\":\"https:\/\/alegerglobal.com\/wp-content\/uploads\/2020\/12\/aleger-logo-quadrat.jpg\",\"width\":200,\"height\":176,\"caption\":\"ALEGER \u22c6 Augmented Reality\"},\"image\":{\"@id\":\"https:\/\/alegerglobal.com\/tr\/#\/schema\/logo\/image\/\"}}]}<\/script>\n<meta property=\"product:brand\" content=\"Epson\" \/>\n<meta property=\"product:price:amount\" content=\"599.00\" \/>\n<meta property=\"product:price:currency\" content=\"EUR\" \/>\n<meta property=\"og:availability\" content=\"instock\" \/>\n<meta property=\"product:availability\" content=\"instock\" \/>\n<meta property=\"product:condition\" content=\"new\" \/>\n<!-- \/ Yoast SEO Premium plugin. -->","yoast_head_json":{"title":"Epson Moverio BT40 - ALEGER \u22c6 Augmented Reality sat\u0131n al\u0131n","description":"Geni\u015f g\u00f6r\u00fc\u015f alan\u0131 ve ergonomik tasar\u0131m\u0131 ile sanal bir i\u015fyeri olarak ak\u0131ll\u0131 g\u00f6zl\u00fckler! Yorulmadan uzun saatler \u00e7al\u0131\u015f\u0131n!","robots":{"index":"index","follow":"follow","max-snippet":"max-snippet:-1","max-image-preview":"max-image-preview:large","max-video-preview":"max-video-preview:-1"},"og_locale":"tr_TR","og_type":"article","og_title":"Epson Moverio BT-40, Ak\u0131ll\u0131 G\u00f6zl\u00fck, 34 derece g\u00f6r\u00fc\u015f alan\u0131, OLED 60 HZ, 24 bit","og_description":"Geni\u015f g\u00f6r\u00fc\u015f alan\u0131 ve ergonomik tasar\u0131m\u0131 ile sanal bir i\u015fyeri olarak ak\u0131ll\u0131 g\u00f6zl\u00fckler! Yorulmadan uzun saatler \u00e7al\u0131\u015f\u0131n!","og_url":"https:\/\/alegerglobal.com\/tr\/shop-tr\/akilli-goezluekler\/epson-moverio-bt40\/","og_site_name":"ALEGER \u22c6 Augmented Reality","og_image":[{"width":800,"height":800,"url":"https:\/\/alegerglobal.com\/wp-content\/uploads\/2021\/03\/epson-bt40-1.jpg","type":"image\/jpeg"}],"twitter_card":"summary_large_image","twitter_misc":{"Fiyat":"&euro;599,00","Durumu":"Stokta var"},"schema":{"@context":"https:\/\/schema.org","@graph":[{"@type":"WebPage","@id":"https:\/\/alegerglobal.com\/tr\/shop-tr\/akilli-goezluekler\/epson-moverio-bt40\/","url":"https:\/\/alegerglobal.com\/tr\/shop-tr\/akilli-goezluekler\/epson-moverio-bt40\/","name":"Epson Moverio BT40 - ALEGER \u22c6 Augmented Reality sat\u0131n al\u0131n","isPartOf":{"@id":"https:\/\/alegerglobal.com\/tr\/#website"},"primaryImageOfPage":{"@id":"https:\/\/alegerglobal.com\/tr\/shop-tr\/akilli-goezluekler\/epson-moverio-bt40\/#primaryimage"},"image":{"@id":"https:\/\/alegerglobal.com\/tr\/shop-tr\/akilli-goezluekler\/epson-moverio-bt40\/#primaryimage"},"thumbnailUrl":"https:\/\/alegerglobal.com\/wp-content\/uploads\/2021\/03\/epson-bt40-1.jpg","datePublished":"2024-06-03T11:30:40+00:00","dateModified":"2024-06-03T11:30:40+00:00","description":"Geni\u015f g\u00f6r\u00fc\u015f alan\u0131 ve ergonomik tasar\u0131m\u0131 ile sanal bir i\u015fyeri olarak ak\u0131ll\u0131 g\u00f6zl\u00fckler! Yorulmadan uzun saatler \u00e7al\u0131\u015f\u0131n!","breadcrumb":{"@id":"https:\/\/alegerglobal.com\/tr\/shop-tr\/akilli-goezluekler\/epson-moverio-bt40\/#breadcrumb"},"inLanguage":"tr","potentialAction":[{"@type":"ReadAction","target":["https:\/\/alegerglobal.com\/tr\/shop-tr\/akilli-goezluekler\/epson-moverio-bt40\/"]}]},{"@type":"ImageObject","inLanguage":"tr","@id":"https:\/\/alegerglobal.com\/tr\/shop-tr\/akilli-goezluekler\/epson-moverio-bt40\/#primaryimage","url":"https:\/\/alegerglobal.com\/wp-content\/uploads\/2021\/03\/epson-bt40-1.jpg","contentUrl":"https:\/\/alegerglobal.com\/wp-content\/uploads\/2021\/03\/epson-bt40-1.jpg","width":800,"height":800},{"@type":"BreadcrumbList","@id":"https:\/\/alegerglobal.com\/tr\/shop-tr\/akilli-goezluekler\/epson-moverio-bt40\/#breadcrumb","itemListElement":[{"@type":"ListItem","position":1,"name":"Home","item":"https:\/\/alegerglobal.com\/tr\/yeni-anasayfa\/"},{"@type":"ListItem","position":2,"name":"\u00dcr\u00fcnler","item":"https:\/\/alegerglobal.com\/tr\/ueruenler\/"},{"@type":"ListItem","position":3,"name":"Epson Moverio BT-40, Ak\u0131ll\u0131 G\u00f6zl\u00fck, 34 derece g\u00f6r\u00fc\u015f alan\u0131, OLED 60 HZ, 24 bit"}]},{"@type":"WebSite","@id":"https:\/\/alegerglobal.com\/tr\/#website","url":"https:\/\/alegerglobal.com\/tr\/","name":"ALEGER \u22c6 Augmented Reality","description":"Die besten Augmented Reality (AR) L\u00f6sungen der Welt.","publisher":{"@id":"https:\/\/alegerglobal.com\/tr\/#organization"},"potentialAction":[{"@type":"SearchAction","target":{"@type":"EntryPoint","urlTemplate":"https:\/\/alegerglobal.com\/tr\/?s={search_term_string}"},"query-input":{"@type":"PropertyValueSpecification","valueRequired":true,"valueName":"search_term_string"}}],"inLanguage":"tr"},{"@type":"Organization","@id":"https:\/\/alegerglobal.com\/tr\/#organization","name":"ALEGER \u22c6 Augmented Reality","url":"https:\/\/alegerglobal.com\/tr\/","logo":{"@type":"ImageObject","inLanguage":"tr","@id":"https:\/\/alegerglobal.com\/tr\/#\/schema\/logo\/image\/","url":"https:\/\/alegerglobal.com\/wp-content\/uploads\/2020\/12\/aleger-logo-quadrat.jpg","contentUrl":"https:\/\/alegerglobal.com\/wp-content\/uploads\/2020\/12\/aleger-logo-quadrat.jpg","width":200,"height":176,"caption":"ALEGER \u22c6 Augmented Reality"},"image":{"@id":"https:\/\/alegerglobal.com\/tr\/#\/schema\/logo\/image\/"}}]},"product_brand":"Epson","product_price_amount":"599.00","product_price_currency":"EUR","og_availability":"instock","product_availability":"instock","product_condition":"new"},"_links":{"self":[{"href":"https:\/\/alegerglobal.com\/tr\/wp-json\/wp\/v2\/product\/39163","targetHints":{"allow":["GET"]}}],"collection":[{"href":"https:\/\/alegerglobal.com\/tr\/wp-json\/wp\/v2\/product"}],"about":[{"href":"https:\/\/alegerglobal.com\/tr\/wp-json\/wp\/v2\/types\/product"}],"replies":[{"embeddable":true,"href":"https:\/\/alegerglobal.com\/tr\/wp-json\/wp\/v2\/comments?post=39163"}],"version-history":[{"count":0,"href":"https:\/\/alegerglobal.com\/tr\/wp-json\/wp\/v2\/product\/39163\/revisions"}],"wp:featuredmedia":[{"embeddable":true,"href":"https:\/\/alegerglobal.com\/tr\/wp-json\/wp\/v2\/media\/39164"}],"wp:attachment":[{"href":"https:\/\/alegerglobal.com\/tr\/wp-json\/wp\/v2\/media?parent=39163"}],"wp:term":[{"taxonomy":"product_brand","embeddable":true,"href":"https:\/\/alegerglobal.com\/tr\/wp-json\/wp\/v2\/product_brand?post=39163"},{"taxonomy":"product_cat","embeddable":true,"href":"https:\/\/alegerglobal.com\/tr\/wp-json\/wp\/v2\/product_cat?post=39163"},{"taxonomy":"product_tag","embeddable":true,"href":"https:\/\/alegerglobal.com\/tr\/wp-json\/wp\/v2\/product_tag?post=39163"}],"curies":[{"name":"wp","href":"https:\/\/api.w.org\/{rel}","templated":true}]}}