{"id":39159,"date":"2021-03-12T03:00:41","date_gmt":"2024-06-03T11:30:31","guid":{"rendered":"https:\/\/alegerglobal.com\/kategorilenmemis\/epson-moverio-bt-300-akilli-goezluek-23-derece-goerues-alani-intel-atom-islemci-moveria-os\/"},"modified":"2024-06-03T12:30:31","modified_gmt":"2024-06-03T11:30:31","slug":"epson-moverio-bt-300","status":"publish","type":"product","link":"https:\/\/alegerglobal.com\/tr\/shop-tr\/akilli-goezluekler\/epson-moverio-bt-300\/","title":{"rendered":"Epson Moverio BT-300, Ak\u0131ll\u0131 G\u00f6zl\u00fck, 23 derece g\u00f6r\u00fc\u015f alan\u0131, Intel Atom i\u015flemci, Moveria OS"},"content":{"rendered":"","protected":false},"excerpt":{"rendered":"<ul>\n<li style=\"font-weight: 400;\"><b>Her duruma h\u0131zl\u0131 genel bak\u0131\u015f:<\/b><span style=\"font-weight: 400;\"> 23 derecelik g\u00f6r\u00fc\u015f alan\u0131na, 720p \u00e7\u00f6z\u00fcn\u00fcrl\u00fc\u011fe ve y\u00fcksek kontrasta sahip OLED ekran<\/span><\/li>\n<li style=\"font-weight: 400;\"><b>Zorlu uygulamalar\u0131n kullan\u0131m\u0131:<\/b><span style=\"font-weight: 400;\"> g\u00fc\u00e7l\u00fc Intel Atom i\u015flemci <\/span> <\/li>\n<li style=\"font-weight: 400;\"><b>Karma\u015f\u0131k durumlar\u0131 bile do\u011fru \u015fekilde yakalay\u0131n:<\/b><span style=\"font-weight: 400;\"> \u00dc\u00e7 boyutlu uzayda birden fazla nesnenin hassas tespiti i\u00e7in lens ba\u015f\u0131na bir ekran<\/span><\/li>\n<li style=\"font-weight: 400;\"><b>Serbest elle \u00fc\u00e7 boyutlu resimler \u00e7ekin:<\/b><span style=\"font-weight: 400;\"> entegre 6 MP kamera<\/span><\/li>\n<li style=\"font-weight: 400;\"><b>\u00d6zelle\u015ftirilmi\u015f uygulamalar:<\/b> b\u00fcy\u00fck uygulama ma\u011fazas\u0131 ve kendi uygulamalar\u0131n\u0131z\u0131 geli\u015ftirmek i\u00e7in SDK ile a\u00e7\u0131k platform<\/li>\n<\/ul>\n","protected":false},"featured_media":39160,"comment_status":"open","ping_status":"closed","template":"","meta":{"_acf_changed":false},"product_brand":[],"product_cat":[2317,2318],"product_tag":[],"class_list":{"0":"post-39159","1":"product","2":"type-product","3":"status-publish","4":"has-post-thumbnail","6":"product_cat-akilli-goezluekler","7":"product_cat-shop-tr","8":"pa_hersteller-epson-tr","10":"first","11":"instock","12":"taxable","13":"shipping-taxable","14":"product-type-simple"},"acf":[],"yoast_head":"<!-- This site is optimized with the Yoast SEO Premium plugin v20.10 (Yoast SEO v24.3) - https:\/\/yoast.com\/wordpress\/plugins\/seo\/ -->\n<title>Epson Moverio BT-300 ALEGER \u22c6 Augmented Reality sat\u0131n al\u0131n<\/title>\n<meta name=\"description\" content=\"Epson Moverio BT-300 multimedya g\u00f6zl\u00fck, g\u00fc\u00e7l\u00fc Intel i\u015flemcisi, uzun pil \u00f6mr\u00fc ve ultra hafif tasar\u0131m\u0131yla g\u00f6z dolduruyor.\" \/>\n<meta name=\"robots\" content=\"index, follow, max-snippet:-1, max-image-preview:large, max-video-preview:-1\" \/>\n<meta property=\"og:locale\" content=\"tr_TR\" \/>\n<meta property=\"og:type\" content=\"article\" \/>\n<meta property=\"og:title\" content=\"Epson Moverio BT-300, Ak\u0131ll\u0131 G\u00f6zl\u00fck, 23 derece g\u00f6r\u00fc\u015f alan\u0131, Intel Atom i\u015flemci, Moveria OS\" \/>\n<meta property=\"og:description\" content=\"Epson Moverio BT-300 multimedya g\u00f6zl\u00fck, g\u00fc\u00e7l\u00fc Intel i\u015flemcisi, uzun pil \u00f6mr\u00fc ve ultra hafif tasar\u0131m\u0131yla g\u00f6z dolduruyor.\" \/>\n<meta property=\"og:url\" content=\"https:\/\/alegerglobal.com\/tr\/shop-tr\/akilli-goezluekler\/epson-moverio-bt-300\/\" \/>\n<meta property=\"og:site_name\" content=\"ALEGER \u22c6 Augmented Reality\" \/>\n<meta property=\"og:image\" content=\"https:\/\/alegerglobal.com\/wp-content\/uploads\/2021\/01\/Unbenannt-30.jpg\" \/>\n\t<meta property=\"og:image:width\" content=\"800\" \/>\n\t<meta property=\"og:image:height\" content=\"800\" \/>\n\t<meta property=\"og:image:type\" content=\"image\/jpeg\" \/>\n<meta name=\"twitter:card\" content=\"summary_large_image\" \/>\n<meta name=\"twitter:label1\" content=\"Fiyat\" \/>\n\t<meta name=\"twitter:data1\" content=\"\" \/>\n\t<meta name=\"twitter:label2\" content=\"Durumu\" \/>\n\t<meta name=\"twitter:data2\" content=\"Stokta var\" \/>\n<script type=\"application\/ld+json\" class=\"yoast-schema-graph\">{\"@context\":\"https:\/\/schema.org\",\"@graph\":[{\"@type\":\"WebPage\",\"@id\":\"https:\/\/alegerglobal.com\/tr\/shop-tr\/akilli-goezluekler\/epson-moverio-bt-300\/\",\"url\":\"https:\/\/alegerglobal.com\/tr\/shop-tr\/akilli-goezluekler\/epson-moverio-bt-300\/\",\"name\":\"Epson Moverio BT-300 ALEGER \u22c6 Augmented Reality sat\u0131n al\u0131n\",\"isPartOf\":{\"@id\":\"https:\/\/alegerglobal.com\/tr\/#website\"},\"primaryImageOfPage\":{\"@id\":\"https:\/\/alegerglobal.com\/tr\/shop-tr\/akilli-goezluekler\/epson-moverio-bt-300\/#primaryimage\"},\"image\":{\"@id\":\"https:\/\/alegerglobal.com\/tr\/shop-tr\/akilli-goezluekler\/epson-moverio-bt-300\/#primaryimage\"},\"thumbnailUrl\":\"https:\/\/alegerglobal.com\/wp-content\/uploads\/2021\/01\/Unbenannt-30.jpg\",\"datePublished\":\"2024-06-03T11:30:31+00:00\",\"dateModified\":\"2024-06-03T11:30:31+00:00\",\"description\":\"Epson Moverio BT-300 multimedya g\u00f6zl\u00fck, g\u00fc\u00e7l\u00fc Intel i\u015flemcisi, uzun pil \u00f6mr\u00fc ve ultra hafif tasar\u0131m\u0131yla g\u00f6z dolduruyor.\",\"breadcrumb\":{\"@id\":\"https:\/\/alegerglobal.com\/tr\/shop-tr\/akilli-goezluekler\/epson-moverio-bt-300\/#breadcrumb\"},\"inLanguage\":\"tr\",\"potentialAction\":[{\"@type\":\"ReadAction\",\"target\":[\"https:\/\/alegerglobal.com\/tr\/shop-tr\/akilli-goezluekler\/epson-moverio-bt-300\/\"]}]},{\"@type\":\"ImageObject\",\"inLanguage\":\"tr\",\"@id\":\"https:\/\/alegerglobal.com\/tr\/shop-tr\/akilli-goezluekler\/epson-moverio-bt-300\/#primaryimage\",\"url\":\"https:\/\/alegerglobal.com\/wp-content\/uploads\/2021\/01\/Unbenannt-30.jpg\",\"contentUrl\":\"https:\/\/alegerglobal.com\/wp-content\/uploads\/2021\/01\/Unbenannt-30.jpg\",\"width\":800,\"height\":800},{\"@type\":\"BreadcrumbList\",\"@id\":\"https:\/\/alegerglobal.com\/tr\/shop-tr\/akilli-goezluekler\/epson-moverio-bt-300\/#breadcrumb\",\"itemListElement\":[{\"@type\":\"ListItem\",\"position\":1,\"name\":\"Home\",\"item\":\"https:\/\/alegerglobal.com\/tr\/yeni-anasayfa\/\"},{\"@type\":\"ListItem\",\"position\":2,\"name\":\"\u00dcr\u00fcnler\",\"item\":\"https:\/\/alegerglobal.com\/tr\/ueruenler\/\"},{\"@type\":\"ListItem\",\"position\":3,\"name\":\"Epson Moverio BT-300, Ak\u0131ll\u0131 G\u00f6zl\u00fck, 23 derece g\u00f6r\u00fc\u015f alan\u0131, Intel Atom i\u015flemci, Moveria OS\"}]},{\"@type\":\"WebSite\",\"@id\":\"https:\/\/alegerglobal.com\/tr\/#website\",\"url\":\"https:\/\/alegerglobal.com\/tr\/\",\"name\":\"ALEGER \u22c6 Augmented Reality\",\"description\":\"Die besten Augmented Reality (AR) L\u00f6sungen der Welt.\",\"publisher\":{\"@id\":\"https:\/\/alegerglobal.com\/tr\/#organization\"},\"potentialAction\":[{\"@type\":\"SearchAction\",\"target\":{\"@type\":\"EntryPoint\",\"urlTemplate\":\"https:\/\/alegerglobal.com\/tr\/?s={search_term_string}\"},\"query-input\":{\"@type\":\"PropertyValueSpecification\",\"valueRequired\":true,\"valueName\":\"search_term_string\"}}],\"inLanguage\":\"tr\"},{\"@type\":\"Organization\",\"@id\":\"https:\/\/alegerglobal.com\/tr\/#organization\",\"name\":\"ALEGER \u22c6 Augmented Reality\",\"url\":\"https:\/\/alegerglobal.com\/tr\/\",\"logo\":{\"@type\":\"ImageObject\",\"inLanguage\":\"tr\",\"@id\":\"https:\/\/alegerglobal.com\/tr\/#\/schema\/logo\/image\/\",\"url\":\"https:\/\/alegerglobal.com\/wp-content\/uploads\/2020\/12\/aleger-logo-quadrat.jpg\",\"contentUrl\":\"https:\/\/alegerglobal.com\/wp-content\/uploads\/2020\/12\/aleger-logo-quadrat.jpg\",\"width\":200,\"height\":176,\"caption\":\"ALEGER \u22c6 Augmented Reality\"},\"image\":{\"@id\":\"https:\/\/alegerglobal.com\/tr\/#\/schema\/logo\/image\/\"}}]}<\/script>\n<meta property=\"product:brand\" content=\"Epson\" \/>\n<meta property=\"product:price:amount\" content=\"0.00\" \/>\n<meta property=\"product:price:currency\" content=\"EUR\" \/>\n<meta property=\"og:availability\" content=\"instock\" \/>\n<meta property=\"product:availability\" content=\"instock\" \/>\n<meta property=\"product:condition\" content=\"new\" \/>\n<!-- \/ Yoast SEO Premium plugin. -->","yoast_head_json":{"title":"Epson Moverio BT-300 ALEGER \u22c6 Augmented Reality sat\u0131n al\u0131n","description":"Epson Moverio BT-300 multimedya g\u00f6zl\u00fck, g\u00fc\u00e7l\u00fc Intel i\u015flemcisi, uzun pil \u00f6mr\u00fc ve ultra hafif tasar\u0131m\u0131yla g\u00f6z dolduruyor.","robots":{"index":"index","follow":"follow","max-snippet":"max-snippet:-1","max-image-preview":"max-image-preview:large","max-video-preview":"max-video-preview:-1"},"og_locale":"tr_TR","og_type":"article","og_title":"Epson Moverio BT-300, Ak\u0131ll\u0131 G\u00f6zl\u00fck, 23 derece g\u00f6r\u00fc\u015f alan\u0131, Intel Atom i\u015flemci, Moveria OS","og_description":"Epson Moverio BT-300 multimedya g\u00f6zl\u00fck, g\u00fc\u00e7l\u00fc Intel i\u015flemcisi, uzun pil \u00f6mr\u00fc ve ultra hafif tasar\u0131m\u0131yla g\u00f6z dolduruyor.","og_url":"https:\/\/alegerglobal.com\/tr\/shop-tr\/akilli-goezluekler\/epson-moverio-bt-300\/","og_site_name":"ALEGER \u22c6 Augmented Reality","og_image":[{"width":800,"height":800,"url":"https:\/\/alegerglobal.com\/wp-content\/uploads\/2021\/01\/Unbenannt-30.jpg","type":"image\/jpeg"}],"twitter_card":"summary_large_image","twitter_misc":{"Fiyat":"","Durumu":"Stokta var"},"schema":{"@context":"https:\/\/schema.org","@graph":[{"@type":"WebPage","@id":"https:\/\/alegerglobal.com\/tr\/shop-tr\/akilli-goezluekler\/epson-moverio-bt-300\/","url":"https:\/\/alegerglobal.com\/tr\/shop-tr\/akilli-goezluekler\/epson-moverio-bt-300\/","name":"Epson Moverio BT-300 ALEGER \u22c6 Augmented Reality sat\u0131n al\u0131n","isPartOf":{"@id":"https:\/\/alegerglobal.com\/tr\/#website"},"primaryImageOfPage":{"@id":"https:\/\/alegerglobal.com\/tr\/shop-tr\/akilli-goezluekler\/epson-moverio-bt-300\/#primaryimage"},"image":{"@id":"https:\/\/alegerglobal.com\/tr\/shop-tr\/akilli-goezluekler\/epson-moverio-bt-300\/#primaryimage"},"thumbnailUrl":"https:\/\/alegerglobal.com\/wp-content\/uploads\/2021\/01\/Unbenannt-30.jpg","datePublished":"2024-06-03T11:30:31+00:00","dateModified":"2024-06-03T11:30:31+00:00","description":"Epson Moverio BT-300 multimedya g\u00f6zl\u00fck, g\u00fc\u00e7l\u00fc Intel i\u015flemcisi, uzun pil \u00f6mr\u00fc ve ultra hafif tasar\u0131m\u0131yla g\u00f6z dolduruyor.","breadcrumb":{"@id":"https:\/\/alegerglobal.com\/tr\/shop-tr\/akilli-goezluekler\/epson-moverio-bt-300\/#breadcrumb"},"inLanguage":"tr","potentialAction":[{"@type":"ReadAction","target":["https:\/\/alegerglobal.com\/tr\/shop-tr\/akilli-goezluekler\/epson-moverio-bt-300\/"]}]},{"@type":"ImageObject","inLanguage":"tr","@id":"https:\/\/alegerglobal.com\/tr\/shop-tr\/akilli-goezluekler\/epson-moverio-bt-300\/#primaryimage","url":"https:\/\/alegerglobal.com\/wp-content\/uploads\/2021\/01\/Unbenannt-30.jpg","contentUrl":"https:\/\/alegerglobal.com\/wp-content\/uploads\/2021\/01\/Unbenannt-30.jpg","width":800,"height":800},{"@type":"BreadcrumbList","@id":"https:\/\/alegerglobal.com\/tr\/shop-tr\/akilli-goezluekler\/epson-moverio-bt-300\/#breadcrumb","itemListElement":[{"@type":"ListItem","position":1,"name":"Home","item":"https:\/\/alegerglobal.com\/tr\/yeni-anasayfa\/"},{"@type":"ListItem","position":2,"name":"\u00dcr\u00fcnler","item":"https:\/\/alegerglobal.com\/tr\/ueruenler\/"},{"@type":"ListItem","position":3,"name":"Epson Moverio BT-300, Ak\u0131ll\u0131 G\u00f6zl\u00fck, 23 derece g\u00f6r\u00fc\u015f alan\u0131, Intel Atom i\u015flemci, Moveria OS"}]},{"@type":"WebSite","@id":"https:\/\/alegerglobal.com\/tr\/#website","url":"https:\/\/alegerglobal.com\/tr\/","name":"ALEGER \u22c6 Augmented Reality","description":"Die besten Augmented Reality (AR) L\u00f6sungen der Welt.","publisher":{"@id":"https:\/\/alegerglobal.com\/tr\/#organization"},"potentialAction":[{"@type":"SearchAction","target":{"@type":"EntryPoint","urlTemplate":"https:\/\/alegerglobal.com\/tr\/?s={search_term_string}"},"query-input":{"@type":"PropertyValueSpecification","valueRequired":true,"valueName":"search_term_string"}}],"inLanguage":"tr"},{"@type":"Organization","@id":"https:\/\/alegerglobal.com\/tr\/#organization","name":"ALEGER \u22c6 Augmented Reality","url":"https:\/\/alegerglobal.com\/tr\/","logo":{"@type":"ImageObject","inLanguage":"tr","@id":"https:\/\/alegerglobal.com\/tr\/#\/schema\/logo\/image\/","url":"https:\/\/alegerglobal.com\/wp-content\/uploads\/2020\/12\/aleger-logo-quadrat.jpg","contentUrl":"https:\/\/alegerglobal.com\/wp-content\/uploads\/2020\/12\/aleger-logo-quadrat.jpg","width":200,"height":176,"caption":"ALEGER \u22c6 Augmented Reality"},"image":{"@id":"https:\/\/alegerglobal.com\/tr\/#\/schema\/logo\/image\/"}}]},"product_brand":"Epson","product_price_amount":"0.00","product_price_currency":"EUR","og_availability":"instock","product_availability":"instock","product_condition":"new"},"_links":{"self":[{"href":"https:\/\/alegerglobal.com\/tr\/wp-json\/wp\/v2\/product\/39159","targetHints":{"allow":["GET"]}}],"collection":[{"href":"https:\/\/alegerglobal.com\/tr\/wp-json\/wp\/v2\/product"}],"about":[{"href":"https:\/\/alegerglobal.com\/tr\/wp-json\/wp\/v2\/types\/product"}],"replies":[{"embeddable":true,"href":"https:\/\/alegerglobal.com\/tr\/wp-json\/wp\/v2\/comments?post=39159"}],"version-history":[{"count":0,"href":"https:\/\/alegerglobal.com\/tr\/wp-json\/wp\/v2\/product\/39159\/revisions"}],"wp:featuredmedia":[{"embeddable":true,"href":"https:\/\/alegerglobal.com\/tr\/wp-json\/wp\/v2\/media\/39160"}],"wp:attachment":[{"href":"https:\/\/alegerglobal.com\/tr\/wp-json\/wp\/v2\/media?parent=39159"}],"wp:term":[{"taxonomy":"product_brand","embeddable":true,"href":"https:\/\/alegerglobal.com\/tr\/wp-json\/wp\/v2\/product_brand?post=39159"},{"taxonomy":"product_cat","embeddable":true,"href":"https:\/\/alegerglobal.com\/tr\/wp-json\/wp\/v2\/product_cat?post=39159"},{"taxonomy":"product_tag","embeddable":true,"href":"https:\/\/alegerglobal.com\/tr\/wp-json\/wp\/v2\/product_tag?post=39159"}],"curies":[{"name":"wp","href":"https:\/\/api.w.org\/{rel}","templated":true}]}}