{"id":39153,"date":"2021-03-12T04:23:59","date_gmt":"2024-06-03T11:30:19","guid":{"rendered":"https:\/\/alegerglobal.com\/kategorilenmemis\/lenovodan-thinkreality-a3-akilli-goezluek-130g-1080p-200-nit-8-mp\/"},"modified":"2024-06-03T12:30:19","modified_gmt":"2024-06-03T11:30:19","slug":"thinkreality-a3","status":"publish","type":"product","link":"https:\/\/alegerglobal.com\/tr\/shop-tr\/akilli-goezluekler\/thinkreality-a3\/","title":{"rendered":"Lenovo&#8217;dan ThinkReality A3, ak\u0131ll\u0131 g\u00f6zl\u00fck, 130g 1080p, 200 nit, 8 MP"},"content":{"rendered":"","protected":false},"excerpt":{"rendered":"<ul>\n<li aria-level=\"1\"><b>Lenovo Think Reality A3 kameral\u0131 veri g\u00f6zl\u00fc\u011f\u00fc<\/b><\/li>\n<li aria-level=\"1\"><b>Sa\u011flam:<\/b><span style=\"font-weight: 400;\"> Sertifikal\u0131 g\u00fcvenlik cam\u0131ndan yap\u0131lm\u0131\u015f camlar<\/span><\/li>\n<li aria-level=\"1\"><b>Mod\u00fcler:<\/b><span style=\"font-weight: 400;\"> De\u011fi\u015ftirilebilir lensler ve \u00e7er\u00e7eveler<\/span><\/li>\n<li aria-level=\"1\"><b>Esnektir:<\/b><span style=\"font-weight: 400;\"> Bir\u00e7ok ba\u011flant\u0131 eleman\u0131 ve uzatma<\/span><\/li>\n<li aria-level=\"1\"><b>D\u00fc\u015f\u00fck bariyer:<\/b><span style=\"font-weight: 400;\"> D\u00fczeltici lens tak\u0131labilir<\/span><\/li>\n<li aria-level=\"1\"><b>Ekstra hafif:<\/b><span style=\"font-weight: 400;\"> Sadece 130 gram toplam a\u011f\u0131rl\u0131k<\/span><\/li>\n<\/ul>\n","protected":false},"featured_media":39154,"comment_status":"open","ping_status":"closed","template":"","meta":{"_acf_changed":false},"product_brand":[],"product_cat":[2317,2318],"product_tag":[],"class_list":{"0":"post-39153","1":"product","2":"type-product","3":"status-publish","4":"has-post-thumbnail","6":"product_cat-akilli-goezluekler","7":"product_cat-shop-tr","8":"pa_hersteller-lenovo-tr","10":"first","11":"instock","12":"taxable","13":"shipping-taxable","14":"product-type-simple"},"acf":[],"yoast_head":"<!-- This site is optimized with the Yoast SEO Premium plugin v20.10 (Yoast SEO v24.3) - https:\/\/yoast.com\/wordpress\/plugins\/seo\/ -->\n<title>Lenovo&#039;dan ThinkReality A3 Sat\u0131n Al\u0131n (2022) ALEGER \u22c6 Augmented Reality<\/title>\n<meta name=\"description\" content=\"Lenvovo ThinkReality A3 \u00fcretim, bak\u0131m, lojistik ve destek alanlar\u0131nda \u00e7al\u0131\u015fanlar\u0131 art\u0131r\u0131lm\u0131\u015f ger\u00e7eklikle bulu\u015fturuyor\" \/>\n<meta name=\"robots\" content=\"index, follow, max-snippet:-1, max-image-preview:large, max-video-preview:-1\" \/>\n<meta property=\"og:locale\" content=\"tr_TR\" \/>\n<meta property=\"og:type\" content=\"article\" \/>\n<meta property=\"og:title\" content=\"Lenovo&#039;dan ThinkReality A3, ak\u0131ll\u0131 g\u00f6zl\u00fck, 130g 1080p, 200 nit, 8 MP\" \/>\n<meta property=\"og:description\" content=\"Lenvovo ThinkReality A3 \u00fcretim, bak\u0131m, lojistik ve destek alanlar\u0131nda \u00e7al\u0131\u015fanlar\u0131 art\u0131r\u0131lm\u0131\u015f ger\u00e7eklikle bulu\u015fturuyor\" \/>\n<meta property=\"og:url\" content=\"https:\/\/alegerglobal.com\/tr\/shop-tr\/akilli-goezluekler\/thinkreality-a3\/\" \/>\n<meta property=\"og:site_name\" content=\"ALEGER \u22c6 Augmented Reality\" \/>\n<meta property=\"og:image\" content=\"https:\/\/alegerglobal.com\/wp-content\/uploads\/2020\/01\/Unbenannt-3.jpg\" \/>\n\t<meta property=\"og:image:width\" content=\"800\" \/>\n\t<meta property=\"og:image:height\" content=\"800\" \/>\n\t<meta property=\"og:image:type\" content=\"image\/jpeg\" \/>\n<meta name=\"twitter:card\" content=\"summary_large_image\" \/>\n<meta name=\"twitter:label1\" content=\"Fiyat\" \/>\n\t<meta name=\"twitter:data1\" content=\"\" \/>\n\t<meta name=\"twitter:label2\" content=\"Durumu\" \/>\n\t<meta name=\"twitter:data2\" content=\"Stokta var\" \/>\n<script type=\"application\/ld+json\" class=\"yoast-schema-graph\">{\"@context\":\"https:\/\/schema.org\",\"@graph\":[{\"@type\":\"WebPage\",\"@id\":\"https:\/\/alegerglobal.com\/tr\/shop-tr\/akilli-goezluekler\/thinkreality-a3\/\",\"url\":\"https:\/\/alegerglobal.com\/tr\/shop-tr\/akilli-goezluekler\/thinkreality-a3\/\",\"name\":\"Lenovo'dan ThinkReality A3 Sat\u0131n Al\u0131n (2022) ALEGER \u22c6 Augmented Reality\",\"isPartOf\":{\"@id\":\"https:\/\/alegerglobal.com\/tr\/#website\"},\"primaryImageOfPage\":{\"@id\":\"https:\/\/alegerglobal.com\/tr\/shop-tr\/akilli-goezluekler\/thinkreality-a3\/#primaryimage\"},\"image\":{\"@id\":\"https:\/\/alegerglobal.com\/tr\/shop-tr\/akilli-goezluekler\/thinkreality-a3\/#primaryimage\"},\"thumbnailUrl\":\"https:\/\/alegerglobal.com\/wp-content\/uploads\/2020\/01\/Unbenannt-3.jpg\",\"datePublished\":\"2024-06-03T11:30:19+00:00\",\"dateModified\":\"2024-06-03T11:30:19+00:00\",\"description\":\"Lenvovo ThinkReality A3 \u00fcretim, bak\u0131m, lojistik ve destek alanlar\u0131nda \u00e7al\u0131\u015fanlar\u0131 art\u0131r\u0131lm\u0131\u015f ger\u00e7eklikle bulu\u015fturuyor\",\"breadcrumb\":{\"@id\":\"https:\/\/alegerglobal.com\/tr\/shop-tr\/akilli-goezluekler\/thinkreality-a3\/#breadcrumb\"},\"inLanguage\":\"tr\",\"potentialAction\":[{\"@type\":\"ReadAction\",\"target\":[\"https:\/\/alegerglobal.com\/tr\/shop-tr\/akilli-goezluekler\/thinkreality-a3\/\"]}]},{\"@type\":\"ImageObject\",\"inLanguage\":\"tr\",\"@id\":\"https:\/\/alegerglobal.com\/tr\/shop-tr\/akilli-goezluekler\/thinkreality-a3\/#primaryimage\",\"url\":\"https:\/\/alegerglobal.com\/wp-content\/uploads\/2020\/01\/Unbenannt-3.jpg\",\"contentUrl\":\"https:\/\/alegerglobal.com\/wp-content\/uploads\/2020\/01\/Unbenannt-3.jpg\",\"width\":800,\"height\":800},{\"@type\":\"BreadcrumbList\",\"@id\":\"https:\/\/alegerglobal.com\/tr\/shop-tr\/akilli-goezluekler\/thinkreality-a3\/#breadcrumb\",\"itemListElement\":[{\"@type\":\"ListItem\",\"position\":1,\"name\":\"Home\",\"item\":\"https:\/\/alegerglobal.com\/tr\/yeni-anasayfa\/\"},{\"@type\":\"ListItem\",\"position\":2,\"name\":\"\u00dcr\u00fcnler\",\"item\":\"https:\/\/alegerglobal.com\/tr\/ueruenler\/\"},{\"@type\":\"ListItem\",\"position\":3,\"name\":\"Lenovo&#8217;dan ThinkReality A3, ak\u0131ll\u0131 g\u00f6zl\u00fck, 130g 1080p, 200 nit, 8 MP\"}]},{\"@type\":\"WebSite\",\"@id\":\"https:\/\/alegerglobal.com\/tr\/#website\",\"url\":\"https:\/\/alegerglobal.com\/tr\/\",\"name\":\"ALEGER \u22c6 Augmented Reality\",\"description\":\"Die besten Augmented Reality (AR) L\u00f6sungen der Welt.\",\"publisher\":{\"@id\":\"https:\/\/alegerglobal.com\/tr\/#organization\"},\"potentialAction\":[{\"@type\":\"SearchAction\",\"target\":{\"@type\":\"EntryPoint\",\"urlTemplate\":\"https:\/\/alegerglobal.com\/tr\/?s={search_term_string}\"},\"query-input\":{\"@type\":\"PropertyValueSpecification\",\"valueRequired\":true,\"valueName\":\"search_term_string\"}}],\"inLanguage\":\"tr\"},{\"@type\":\"Organization\",\"@id\":\"https:\/\/alegerglobal.com\/tr\/#organization\",\"name\":\"ALEGER \u22c6 Augmented Reality\",\"url\":\"https:\/\/alegerglobal.com\/tr\/\",\"logo\":{\"@type\":\"ImageObject\",\"inLanguage\":\"tr\",\"@id\":\"https:\/\/alegerglobal.com\/tr\/#\/schema\/logo\/image\/\",\"url\":\"https:\/\/alegerglobal.com\/wp-content\/uploads\/2020\/12\/aleger-logo-quadrat.jpg\",\"contentUrl\":\"https:\/\/alegerglobal.com\/wp-content\/uploads\/2020\/12\/aleger-logo-quadrat.jpg\",\"width\":200,\"height\":176,\"caption\":\"ALEGER \u22c6 Augmented Reality\"},\"image\":{\"@id\":\"https:\/\/alegerglobal.com\/tr\/#\/schema\/logo\/image\/\"}}]}<\/script>\n<meta property=\"product:brand\" content=\"Lenovo\" \/>\n<meta property=\"product:price:amount\" content=\"0.00\" \/>\n<meta property=\"product:price:currency\" content=\"EUR\" \/>\n<meta property=\"og:availability\" content=\"instock\" \/>\n<meta property=\"product:availability\" content=\"instock\" \/>\n<meta property=\"product:condition\" content=\"new\" \/>\n<!-- \/ Yoast SEO Premium plugin. -->","yoast_head_json":{"title":"Lenovo'dan ThinkReality A3 Sat\u0131n Al\u0131n (2022) ALEGER \u22c6 Augmented Reality","description":"Lenvovo ThinkReality A3 \u00fcretim, bak\u0131m, lojistik ve destek alanlar\u0131nda \u00e7al\u0131\u015fanlar\u0131 art\u0131r\u0131lm\u0131\u015f ger\u00e7eklikle bulu\u015fturuyor","robots":{"index":"index","follow":"follow","max-snippet":"max-snippet:-1","max-image-preview":"max-image-preview:large","max-video-preview":"max-video-preview:-1"},"og_locale":"tr_TR","og_type":"article","og_title":"Lenovo'dan ThinkReality A3, ak\u0131ll\u0131 g\u00f6zl\u00fck, 130g 1080p, 200 nit, 8 MP","og_description":"Lenvovo ThinkReality A3 \u00fcretim, bak\u0131m, lojistik ve destek alanlar\u0131nda \u00e7al\u0131\u015fanlar\u0131 art\u0131r\u0131lm\u0131\u015f ger\u00e7eklikle bulu\u015fturuyor","og_url":"https:\/\/alegerglobal.com\/tr\/shop-tr\/akilli-goezluekler\/thinkreality-a3\/","og_site_name":"ALEGER \u22c6 Augmented Reality","og_image":[{"width":800,"height":800,"url":"https:\/\/alegerglobal.com\/wp-content\/uploads\/2020\/01\/Unbenannt-3.jpg","type":"image\/jpeg"}],"twitter_card":"summary_large_image","twitter_misc":{"Fiyat":"","Durumu":"Stokta var"},"schema":{"@context":"https:\/\/schema.org","@graph":[{"@type":"WebPage","@id":"https:\/\/alegerglobal.com\/tr\/shop-tr\/akilli-goezluekler\/thinkreality-a3\/","url":"https:\/\/alegerglobal.com\/tr\/shop-tr\/akilli-goezluekler\/thinkreality-a3\/","name":"Lenovo'dan ThinkReality A3 Sat\u0131n Al\u0131n (2022) ALEGER \u22c6 Augmented Reality","isPartOf":{"@id":"https:\/\/alegerglobal.com\/tr\/#website"},"primaryImageOfPage":{"@id":"https:\/\/alegerglobal.com\/tr\/shop-tr\/akilli-goezluekler\/thinkreality-a3\/#primaryimage"},"image":{"@id":"https:\/\/alegerglobal.com\/tr\/shop-tr\/akilli-goezluekler\/thinkreality-a3\/#primaryimage"},"thumbnailUrl":"https:\/\/alegerglobal.com\/wp-content\/uploads\/2020\/01\/Unbenannt-3.jpg","datePublished":"2024-06-03T11:30:19+00:00","dateModified":"2024-06-03T11:30:19+00:00","description":"Lenvovo ThinkReality A3 \u00fcretim, bak\u0131m, lojistik ve destek alanlar\u0131nda \u00e7al\u0131\u015fanlar\u0131 art\u0131r\u0131lm\u0131\u015f ger\u00e7eklikle bulu\u015fturuyor","breadcrumb":{"@id":"https:\/\/alegerglobal.com\/tr\/shop-tr\/akilli-goezluekler\/thinkreality-a3\/#breadcrumb"},"inLanguage":"tr","potentialAction":[{"@type":"ReadAction","target":["https:\/\/alegerglobal.com\/tr\/shop-tr\/akilli-goezluekler\/thinkreality-a3\/"]}]},{"@type":"ImageObject","inLanguage":"tr","@id":"https:\/\/alegerglobal.com\/tr\/shop-tr\/akilli-goezluekler\/thinkreality-a3\/#primaryimage","url":"https:\/\/alegerglobal.com\/wp-content\/uploads\/2020\/01\/Unbenannt-3.jpg","contentUrl":"https:\/\/alegerglobal.com\/wp-content\/uploads\/2020\/01\/Unbenannt-3.jpg","width":800,"height":800},{"@type":"BreadcrumbList","@id":"https:\/\/alegerglobal.com\/tr\/shop-tr\/akilli-goezluekler\/thinkreality-a3\/#breadcrumb","itemListElement":[{"@type":"ListItem","position":1,"name":"Home","item":"https:\/\/alegerglobal.com\/tr\/yeni-anasayfa\/"},{"@type":"ListItem","position":2,"name":"\u00dcr\u00fcnler","item":"https:\/\/alegerglobal.com\/tr\/ueruenler\/"},{"@type":"ListItem","position":3,"name":"Lenovo&#8217;dan ThinkReality A3, ak\u0131ll\u0131 g\u00f6zl\u00fck, 130g 1080p, 200 nit, 8 MP"}]},{"@type":"WebSite","@id":"https:\/\/alegerglobal.com\/tr\/#website","url":"https:\/\/alegerglobal.com\/tr\/","name":"ALEGER \u22c6 Augmented Reality","description":"Die besten Augmented Reality (AR) L\u00f6sungen der Welt.","publisher":{"@id":"https:\/\/alegerglobal.com\/tr\/#organization"},"potentialAction":[{"@type":"SearchAction","target":{"@type":"EntryPoint","urlTemplate":"https:\/\/alegerglobal.com\/tr\/?s={search_term_string}"},"query-input":{"@type":"PropertyValueSpecification","valueRequired":true,"valueName":"search_term_string"}}],"inLanguage":"tr"},{"@type":"Organization","@id":"https:\/\/alegerglobal.com\/tr\/#organization","name":"ALEGER \u22c6 Augmented Reality","url":"https:\/\/alegerglobal.com\/tr\/","logo":{"@type":"ImageObject","inLanguage":"tr","@id":"https:\/\/alegerglobal.com\/tr\/#\/schema\/logo\/image\/","url":"https:\/\/alegerglobal.com\/wp-content\/uploads\/2020\/12\/aleger-logo-quadrat.jpg","contentUrl":"https:\/\/alegerglobal.com\/wp-content\/uploads\/2020\/12\/aleger-logo-quadrat.jpg","width":200,"height":176,"caption":"ALEGER \u22c6 Augmented Reality"},"image":{"@id":"https:\/\/alegerglobal.com\/tr\/#\/schema\/logo\/image\/"}}]},"product_brand":"Lenovo","product_price_amount":"0.00","product_price_currency":"EUR","og_availability":"instock","product_availability":"instock","product_condition":"new"},"_links":{"self":[{"href":"https:\/\/alegerglobal.com\/tr\/wp-json\/wp\/v2\/product\/39153","targetHints":{"allow":["GET"]}}],"collection":[{"href":"https:\/\/alegerglobal.com\/tr\/wp-json\/wp\/v2\/product"}],"about":[{"href":"https:\/\/alegerglobal.com\/tr\/wp-json\/wp\/v2\/types\/product"}],"replies":[{"embeddable":true,"href":"https:\/\/alegerglobal.com\/tr\/wp-json\/wp\/v2\/comments?post=39153"}],"version-history":[{"count":0,"href":"https:\/\/alegerglobal.com\/tr\/wp-json\/wp\/v2\/product\/39153\/revisions"}],"wp:featuredmedia":[{"embeddable":true,"href":"https:\/\/alegerglobal.com\/tr\/wp-json\/wp\/v2\/media\/39154"}],"wp:attachment":[{"href":"https:\/\/alegerglobal.com\/tr\/wp-json\/wp\/v2\/media?parent=39153"}],"wp:term":[{"taxonomy":"product_brand","embeddable":true,"href":"https:\/\/alegerglobal.com\/tr\/wp-json\/wp\/v2\/product_brand?post=39153"},{"taxonomy":"product_cat","embeddable":true,"href":"https:\/\/alegerglobal.com\/tr\/wp-json\/wp\/v2\/product_cat?post=39153"},{"taxonomy":"product_tag","embeddable":true,"href":"https:\/\/alegerglobal.com\/tr\/wp-json\/wp\/v2\/product_tag?post=39153"}],"curies":[{"name":"wp","href":"https:\/\/api.w.org\/{rel}","templated":true}]}}