{"id":39148,"date":"2023-02-16T05:34:50","date_gmt":"2024-06-03T11:28:37","guid":{"rendered":"https:\/\/alegerglobal.com\/kategorilenmemis\/moziware-cimo-akilli-goezluek-ip66-qualcomm-snapdragon-662-16-mp-kamera-1080p-3-gb-ram-32-gb-depolama-android-10\/"},"modified":"2024-06-03T12:28:37","modified_gmt":"2024-06-03T11:28:37","slug":"cimo","status":"publish","type":"product","link":"https:\/\/alegerglobal.com\/tr\/shop-tr\/akilli-goezluekler\/cimo\/","title":{"rendered":"Moziware CIMO Ak\u0131ll\u0131 G\u00f6zl\u00fck IP66, Qualcomm Snapdragon 662, 16 MP kamera, 1080p, 3 GB RAM, 32 GB depolama, Android 10"},"content":{"rendered":"","protected":false},"excerpt":{"rendered":"<ul>\n<li style=\"font-weight: 400;\" aria-level=\"1\"><b>Zorlu ortamlar i\u00e7in:<\/b><span style=\"font-weight: 400;\"> IP66 sertifikas\u0131 sayesinde a\u015f\u0131r\u0131 s\u0131cakl\u0131k ve nemde kullan\u0131ma uygundur<\/span><\/li>\n<li style=\"font-weight: 400;\" aria-level=\"1\"><b>Modern i\u015fletim sistemi:<\/b><span style=\"font-weight: 400;\"> \u0130\u015f s\u00fcre\u00e7lerine sorunsuz entegrasyon i\u00e7in \u00f6nceden y\u00fcklenmi\u015f Android 10 ve 200&#8217;den fazla kurumsal uygulama ile uyumluluk<\/span><\/li>\n<li style=\"font-weight: 400;\" aria-level=\"1\"><b>G\u00fc\u00e7l\u00fc:<\/b><span style=\"font-weight: 400;\"> Modern Qualcomm Snapdragon i\u015flemci, zorlu uygulamalar i\u00e7in yeterli performans sunar<\/span><\/li>\n<li style=\"font-weight: 400;\" aria-level=\"1\"><b>2 kamera:<\/b><span style=\"font-weight: 400;\"> Entegre LCD ekran arac\u0131l\u0131\u011f\u0131yla art\u0131r\u0131lm\u0131\u015f ger\u00e7ekli\u011fin keskin bir \u015fekilde yeniden \u00fcretilmesini sa\u011flay\u0131n<\/span><\/li>\n<li style=\"font-weight: 400;\" aria-level=\"1\"><b>Hafif:<\/b> 155 g toplam a\u011f\u0131rl\u0131\u011f\u0131 sayesinde cihaz daha uzun kullan\u0131m s\u00fcreleri i\u00e7in de uygundur<\/li>\n<\/ul>\n","protected":false},"featured_media":39149,"comment_status":"open","ping_status":"closed","template":"","meta":{"_acf_changed":false},"product_brand":[],"product_cat":[2317,2318],"product_tag":[],"class_list":{"0":"post-39148","1":"product","2":"type-product","3":"status-publish","4":"has-post-thumbnail","6":"product_cat-akilli-goezluekler","7":"product_cat-shop-tr","8":"pa_hersteller-moziware-tr","10":"first","11":"instock","12":"taxable","13":"shipping-taxable","14":"product-type-simple"},"acf":[],"yoast_head":"<!-- This site is optimized with the Yoast SEO Premium plugin v20.10 (Yoast SEO v24.3) - https:\/\/yoast.com\/wordpress\/plugins\/seo\/ -->\n<title>Moziware CIMO sat\u0131n al\u0131n: Android 10 Ak\u0131ll\u0131 G\u00f6zl\u00fck IP66 - ALEGER \u22c6 Augmented Reality<\/title>\n<meta name=\"description\" content=\"Uzaktan \u00e7al\u0131\u015fma ve AR i\u00e7in ak\u0131ll\u0131 g\u00f6zl\u00fck \u2713 IP66 sertifikas\u0131 \u2713 Android 10 \u2713 200 uyumlu uygulama \u2192 Moziware CIMO&#039;yu \u015fimdi sat\u0131n al\u0131n\" \/>\n<meta name=\"robots\" content=\"index, follow, max-snippet:-1, max-image-preview:large, max-video-preview:-1\" \/>\n<meta property=\"og:locale\" content=\"tr_TR\" \/>\n<meta property=\"og:type\" content=\"article\" \/>\n<meta property=\"og:title\" content=\"Moziware CIMO Ak\u0131ll\u0131 G\u00f6zl\u00fck IP66, Qualcomm Snapdragon 662, 16 MP kamera, 1080p, 3 GB RAM, 32 GB depolama, Android 10\" \/>\n<meta property=\"og:description\" content=\"Uzaktan \u00e7al\u0131\u015fma ve AR i\u00e7in ak\u0131ll\u0131 g\u00f6zl\u00fck \u2713 IP66 sertifikas\u0131 \u2713 Android 10 \u2713 200 uyumlu uygulama \u2192 Moziware CIMO&#039;yu \u015fimdi sat\u0131n al\u0131n\" \/>\n<meta property=\"og:url\" content=\"https:\/\/alegerglobal.com\/tr\/shop-tr\/akilli-goezluekler\/cimo\/\" \/>\n<meta property=\"og:site_name\" content=\"ALEGER \u22c6 Augmented Reality\" \/>\n<meta property=\"og:image\" content=\"https:\/\/alegerglobal.com\/wp-content\/uploads\/2023\/02\/Unbenannt-5.jpg\" \/>\n\t<meta property=\"og:image:width\" content=\"800\" \/>\n\t<meta property=\"og:image:height\" content=\"800\" \/>\n\t<meta property=\"og:image:type\" content=\"image\/jpeg\" \/>\n<meta name=\"twitter:card\" content=\"summary_large_image\" \/>\n<meta name=\"twitter:label1\" content=\"Fiyat\" \/>\n\t<meta name=\"twitter:data1\" content=\"\" \/>\n\t<meta name=\"twitter:label2\" content=\"Durumu\" \/>\n\t<meta name=\"twitter:data2\" content=\"Stokta var\" \/>\n<script type=\"application\/ld+json\" class=\"yoast-schema-graph\">{\"@context\":\"https:\/\/schema.org\",\"@graph\":[{\"@type\":\"WebPage\",\"@id\":\"https:\/\/alegerglobal.com\/tr\/shop-tr\/akilli-goezluekler\/cimo\/\",\"url\":\"https:\/\/alegerglobal.com\/tr\/shop-tr\/akilli-goezluekler\/cimo\/\",\"name\":\"Moziware CIMO sat\u0131n al\u0131n: Android 10 Ak\u0131ll\u0131 G\u00f6zl\u00fck IP66 - ALEGER \u22c6 Augmented Reality\",\"isPartOf\":{\"@id\":\"https:\/\/alegerglobal.com\/tr\/#website\"},\"primaryImageOfPage\":{\"@id\":\"https:\/\/alegerglobal.com\/tr\/shop-tr\/akilli-goezluekler\/cimo\/#primaryimage\"},\"image\":{\"@id\":\"https:\/\/alegerglobal.com\/tr\/shop-tr\/akilli-goezluekler\/cimo\/#primaryimage\"},\"thumbnailUrl\":\"https:\/\/alegerglobal.com\/wp-content\/uploads\/2023\/02\/Unbenannt-5.jpg\",\"datePublished\":\"2024-06-03T11:28:37+00:00\",\"dateModified\":\"2024-06-03T11:28:37+00:00\",\"description\":\"Uzaktan \u00e7al\u0131\u015fma ve AR i\u00e7in ak\u0131ll\u0131 g\u00f6zl\u00fck \u2713 IP66 sertifikas\u0131 \u2713 Android 10 \u2713 200 uyumlu uygulama \u2192 Moziware CIMO'yu \u015fimdi sat\u0131n al\u0131n\",\"breadcrumb\":{\"@id\":\"https:\/\/alegerglobal.com\/tr\/shop-tr\/akilli-goezluekler\/cimo\/#breadcrumb\"},\"inLanguage\":\"tr\",\"potentialAction\":[{\"@type\":\"ReadAction\",\"target\":[\"https:\/\/alegerglobal.com\/tr\/shop-tr\/akilli-goezluekler\/cimo\/\"]}]},{\"@type\":\"ImageObject\",\"inLanguage\":\"tr\",\"@id\":\"https:\/\/alegerglobal.com\/tr\/shop-tr\/akilli-goezluekler\/cimo\/#primaryimage\",\"url\":\"https:\/\/alegerglobal.com\/wp-content\/uploads\/2023\/02\/Unbenannt-5.jpg\",\"contentUrl\":\"https:\/\/alegerglobal.com\/wp-content\/uploads\/2023\/02\/Unbenannt-5.jpg\",\"width\":800,\"height\":800},{\"@type\":\"BreadcrumbList\",\"@id\":\"https:\/\/alegerglobal.com\/tr\/shop-tr\/akilli-goezluekler\/cimo\/#breadcrumb\",\"itemListElement\":[{\"@type\":\"ListItem\",\"position\":1,\"name\":\"Home\",\"item\":\"https:\/\/alegerglobal.com\/tr\/yeni-anasayfa\/\"},{\"@type\":\"ListItem\",\"position\":2,\"name\":\"\u00dcr\u00fcnler\",\"item\":\"https:\/\/alegerglobal.com\/tr\/ueruenler\/\"},{\"@type\":\"ListItem\",\"position\":3,\"name\":\"Moziware CIMO Ak\u0131ll\u0131 G\u00f6zl\u00fck IP66, Qualcomm Snapdragon 662, 16 MP kamera, 1080p, 3 GB RAM, 32 GB depolama, Android 10\"}]},{\"@type\":\"WebSite\",\"@id\":\"https:\/\/alegerglobal.com\/tr\/#website\",\"url\":\"https:\/\/alegerglobal.com\/tr\/\",\"name\":\"ALEGER \u22c6 Augmented Reality\",\"description\":\"Die besten Augmented Reality (AR) L\u00f6sungen der Welt.\",\"publisher\":{\"@id\":\"https:\/\/alegerglobal.com\/tr\/#organization\"},\"potentialAction\":[{\"@type\":\"SearchAction\",\"target\":{\"@type\":\"EntryPoint\",\"urlTemplate\":\"https:\/\/alegerglobal.com\/tr\/?s={search_term_string}\"},\"query-input\":{\"@type\":\"PropertyValueSpecification\",\"valueRequired\":true,\"valueName\":\"search_term_string\"}}],\"inLanguage\":\"tr\"},{\"@type\":\"Organization\",\"@id\":\"https:\/\/alegerglobal.com\/tr\/#organization\",\"name\":\"ALEGER \u22c6 Augmented Reality\",\"url\":\"https:\/\/alegerglobal.com\/tr\/\",\"logo\":{\"@type\":\"ImageObject\",\"inLanguage\":\"tr\",\"@id\":\"https:\/\/alegerglobal.com\/tr\/#\/schema\/logo\/image\/\",\"url\":\"https:\/\/alegerglobal.com\/wp-content\/uploads\/2020\/12\/aleger-logo-quadrat.jpg\",\"contentUrl\":\"https:\/\/alegerglobal.com\/wp-content\/uploads\/2020\/12\/aleger-logo-quadrat.jpg\",\"width\":200,\"height\":176,\"caption\":\"ALEGER \u22c6 Augmented Reality\"},\"image\":{\"@id\":\"https:\/\/alegerglobal.com\/tr\/#\/schema\/logo\/image\/\"}}]}<\/script>\n<meta property=\"product:brand\" content=\"Moziware\" \/>\n<meta property=\"product:price:amount\" content=\"0.00\" \/>\n<meta property=\"product:price:currency\" content=\"EUR\" \/>\n<meta property=\"og:availability\" content=\"instock\" \/>\n<meta property=\"product:availability\" content=\"instock\" \/>\n<meta property=\"product:condition\" content=\"new\" \/>\n<!-- \/ Yoast SEO Premium plugin. -->","yoast_head_json":{"title":"Moziware CIMO sat\u0131n al\u0131n: Android 10 Ak\u0131ll\u0131 G\u00f6zl\u00fck IP66 - ALEGER \u22c6 Augmented Reality","description":"Uzaktan \u00e7al\u0131\u015fma ve AR i\u00e7in ak\u0131ll\u0131 g\u00f6zl\u00fck \u2713 IP66 sertifikas\u0131 \u2713 Android 10 \u2713 200 uyumlu uygulama \u2192 Moziware CIMO'yu \u015fimdi sat\u0131n al\u0131n","robots":{"index":"index","follow":"follow","max-snippet":"max-snippet:-1","max-image-preview":"max-image-preview:large","max-video-preview":"max-video-preview:-1"},"og_locale":"tr_TR","og_type":"article","og_title":"Moziware CIMO Ak\u0131ll\u0131 G\u00f6zl\u00fck IP66, Qualcomm Snapdragon 662, 16 MP kamera, 1080p, 3 GB RAM, 32 GB depolama, Android 10","og_description":"Uzaktan \u00e7al\u0131\u015fma ve AR i\u00e7in ak\u0131ll\u0131 g\u00f6zl\u00fck \u2713 IP66 sertifikas\u0131 \u2713 Android 10 \u2713 200 uyumlu uygulama \u2192 Moziware CIMO'yu \u015fimdi sat\u0131n al\u0131n","og_url":"https:\/\/alegerglobal.com\/tr\/shop-tr\/akilli-goezluekler\/cimo\/","og_site_name":"ALEGER \u22c6 Augmented Reality","og_image":[{"width":800,"height":800,"url":"https:\/\/alegerglobal.com\/wp-content\/uploads\/2023\/02\/Unbenannt-5.jpg","type":"image\/jpeg"}],"twitter_card":"summary_large_image","twitter_misc":{"Fiyat":"","Durumu":"Stokta var"},"schema":{"@context":"https:\/\/schema.org","@graph":[{"@type":"WebPage","@id":"https:\/\/alegerglobal.com\/tr\/shop-tr\/akilli-goezluekler\/cimo\/","url":"https:\/\/alegerglobal.com\/tr\/shop-tr\/akilli-goezluekler\/cimo\/","name":"Moziware CIMO sat\u0131n al\u0131n: Android 10 Ak\u0131ll\u0131 G\u00f6zl\u00fck IP66 - ALEGER \u22c6 Augmented Reality","isPartOf":{"@id":"https:\/\/alegerglobal.com\/tr\/#website"},"primaryImageOfPage":{"@id":"https:\/\/alegerglobal.com\/tr\/shop-tr\/akilli-goezluekler\/cimo\/#primaryimage"},"image":{"@id":"https:\/\/alegerglobal.com\/tr\/shop-tr\/akilli-goezluekler\/cimo\/#primaryimage"},"thumbnailUrl":"https:\/\/alegerglobal.com\/wp-content\/uploads\/2023\/02\/Unbenannt-5.jpg","datePublished":"2024-06-03T11:28:37+00:00","dateModified":"2024-06-03T11:28:37+00:00","description":"Uzaktan \u00e7al\u0131\u015fma ve AR i\u00e7in ak\u0131ll\u0131 g\u00f6zl\u00fck \u2713 IP66 sertifikas\u0131 \u2713 Android 10 \u2713 200 uyumlu uygulama \u2192 Moziware CIMO'yu \u015fimdi sat\u0131n al\u0131n","breadcrumb":{"@id":"https:\/\/alegerglobal.com\/tr\/shop-tr\/akilli-goezluekler\/cimo\/#breadcrumb"},"inLanguage":"tr","potentialAction":[{"@type":"ReadAction","target":["https:\/\/alegerglobal.com\/tr\/shop-tr\/akilli-goezluekler\/cimo\/"]}]},{"@type":"ImageObject","inLanguage":"tr","@id":"https:\/\/alegerglobal.com\/tr\/shop-tr\/akilli-goezluekler\/cimo\/#primaryimage","url":"https:\/\/alegerglobal.com\/wp-content\/uploads\/2023\/02\/Unbenannt-5.jpg","contentUrl":"https:\/\/alegerglobal.com\/wp-content\/uploads\/2023\/02\/Unbenannt-5.jpg","width":800,"height":800},{"@type":"BreadcrumbList","@id":"https:\/\/alegerglobal.com\/tr\/shop-tr\/akilli-goezluekler\/cimo\/#breadcrumb","itemListElement":[{"@type":"ListItem","position":1,"name":"Home","item":"https:\/\/alegerglobal.com\/tr\/yeni-anasayfa\/"},{"@type":"ListItem","position":2,"name":"\u00dcr\u00fcnler","item":"https:\/\/alegerglobal.com\/tr\/ueruenler\/"},{"@type":"ListItem","position":3,"name":"Moziware CIMO Ak\u0131ll\u0131 G\u00f6zl\u00fck IP66, Qualcomm Snapdragon 662, 16 MP kamera, 1080p, 3 GB RAM, 32 GB depolama, Android 10"}]},{"@type":"WebSite","@id":"https:\/\/alegerglobal.com\/tr\/#website","url":"https:\/\/alegerglobal.com\/tr\/","name":"ALEGER \u22c6 Augmented Reality","description":"Die besten Augmented Reality (AR) L\u00f6sungen der Welt.","publisher":{"@id":"https:\/\/alegerglobal.com\/tr\/#organization"},"potentialAction":[{"@type":"SearchAction","target":{"@type":"EntryPoint","urlTemplate":"https:\/\/alegerglobal.com\/tr\/?s={search_term_string}"},"query-input":{"@type":"PropertyValueSpecification","valueRequired":true,"valueName":"search_term_string"}}],"inLanguage":"tr"},{"@type":"Organization","@id":"https:\/\/alegerglobal.com\/tr\/#organization","name":"ALEGER \u22c6 Augmented Reality","url":"https:\/\/alegerglobal.com\/tr\/","logo":{"@type":"ImageObject","inLanguage":"tr","@id":"https:\/\/alegerglobal.com\/tr\/#\/schema\/logo\/image\/","url":"https:\/\/alegerglobal.com\/wp-content\/uploads\/2020\/12\/aleger-logo-quadrat.jpg","contentUrl":"https:\/\/alegerglobal.com\/wp-content\/uploads\/2020\/12\/aleger-logo-quadrat.jpg","width":200,"height":176,"caption":"ALEGER \u22c6 Augmented Reality"},"image":{"@id":"https:\/\/alegerglobal.com\/tr\/#\/schema\/logo\/image\/"}}]},"product_brand":"Moziware","product_price_amount":"0.00","product_price_currency":"EUR","og_availability":"instock","product_availability":"instock","product_condition":"new"},"_links":{"self":[{"href":"https:\/\/alegerglobal.com\/tr\/wp-json\/wp\/v2\/product\/39148","targetHints":{"allow":["GET"]}}],"collection":[{"href":"https:\/\/alegerglobal.com\/tr\/wp-json\/wp\/v2\/product"}],"about":[{"href":"https:\/\/alegerglobal.com\/tr\/wp-json\/wp\/v2\/types\/product"}],"replies":[{"embeddable":true,"href":"https:\/\/alegerglobal.com\/tr\/wp-json\/wp\/v2\/comments?post=39148"}],"version-history":[{"count":0,"href":"https:\/\/alegerglobal.com\/tr\/wp-json\/wp\/v2\/product\/39148\/revisions"}],"wp:featuredmedia":[{"embeddable":true,"href":"https:\/\/alegerglobal.com\/tr\/wp-json\/wp\/v2\/media\/39149"}],"wp:attachment":[{"href":"https:\/\/alegerglobal.com\/tr\/wp-json\/wp\/v2\/media?parent=39148"}],"wp:term":[{"taxonomy":"product_brand","embeddable":true,"href":"https:\/\/alegerglobal.com\/tr\/wp-json\/wp\/v2\/product_brand?post=39148"},{"taxonomy":"product_cat","embeddable":true,"href":"https:\/\/alegerglobal.com\/tr\/wp-json\/wp\/v2\/product_cat?post=39148"},{"taxonomy":"product_tag","embeddable":true,"href":"https:\/\/alegerglobal.com\/tr\/wp-json\/wp\/v2\/product_tag?post=39148"}],"curies":[{"name":"wp","href":"https:\/\/api.w.org\/{rel}","templated":true}]}}