{"id":38894,"date":"2021-11-12T21:18:36","date_gmt":"2024-06-03T10:13:08","guid":{"rendered":"https:\/\/alegerglobal.com\/kategorilenmemis\/microsoft-hololens-2-enduestriyel-sueruem\/"},"modified":"2024-06-03T11:13:08","modified_gmt":"2024-06-03T10:13:08","slug":"hololens-2-industrial-edition","status":"publish","type":"product","link":"https:\/\/alegerglobal.com\/tr\/shop-tr\/akilli-goezluekler\/hololens-2-industrial-edition\/","title":{"rendered":"Microsoft Hololens 2 End\u00fcstriyel S\u00fcr\u00fcm"},"content":{"rendered":"","protected":false},"excerpt":{"rendered":"<ul>\n<li><b>Temiz odalarda kullan\u0131m i\u00e7in uygundur:<\/b><span style=\"font-weight: 400;\"> ISO 14644-1 S\u0131n\u0131f 5 sertifikas\u0131<\/span><\/li>\n<li><b>Yang\u0131n tehlikesi olan ko\u015fullarda kullan\u0131n:<\/b><span style=\"font-weight: 400;\"> UL S\u0131n\u0131f I, B\u00f6l\u00fcm 2 sertifikas\u0131<\/span><\/li>\n<li><b>H\u0131zl\u0131 De\u011fi\u015fim Program\u0131 ile 2 y\u0131l garanti<\/b><span style=\"font-weight: 400;\">2 y\u0131l garanti ve hasar durumunda h\u0131zl\u0131 teslimat ile h\u0131zl\u0131 de\u011fi\u015fim<\/span><\/li>\n<li><b>Y\u00fcksek \u00e7\u00f6z\u00fcn\u00fcrl\u00fckl\u00fc foto\u011fraflar ve videolar:<\/b><span style=\"font-weight: 400;\"> 30 FPS ile Full HD videolar, 8 MP ile g\u00f6r\u00fcnt\u00fcler<\/span><\/li>\n<li><b>Geni\u015fletilebilir:<\/b><span style=\"font-weight: 400;\"> Birinci ve \u00fc\u00e7\u00fcnc\u00fc taraf uygulamalarla geni\u015f ekosistem<\/span><\/li>\n<li><b>H\u0131zl\u0131 temizlik:<\/b><span style=\"font-weight: 400;\"> Mikrofiber bezle basit\u00e7e \u00e7\u0131karma ve ard\u0131ndan izopropil alkolle temizleme kiri h\u0131zl\u0131 ve g\u00fcvenilir bir \u015fekilde temizler<\/span><\/li>\n<\/ul>\n","protected":false},"featured_media":38895,"comment_status":"open","ping_status":"closed","template":"","meta":{"_acf_changed":false},"product_brand":[],"product_cat":[2317,2318],"product_tag":[],"class_list":{"0":"post-38894","1":"product","2":"type-product","3":"status-publish","4":"has-post-thumbnail","6":"product_cat-akilli-goezluekler","7":"product_cat-shop-tr","8":"pa_hersteller-microsoft-tr","10":"first","11":"instock","12":"taxable","13":"shipping-taxable","14":"purchasable","15":"product-type-simple"},"acf":[],"yoast_head":"<!-- This site is optimized with the Yoast SEO Premium plugin v20.10 (Yoast SEO v24.3) - https:\/\/yoast.com\/wordpress\/plugins\/seo\/ -->\n<title>Hololens 2 End\u00fcstriyel S\u00fcr\u00fcm | ALEGER \u22c6 Augmented Reality<\/title>\n<meta name=\"description\" content=\"Microsoft&#039;un Hololens 2 End\u00fcstriyel S\u00fcr\u00fcm\u00fc, farkl\u0131 uygulamalardan olu\u015fan geni\u015f bir portf\u00f6y ile b\u00fcy\u00fck bir ekosistem sunuyor\" \/>\n<meta name=\"robots\" content=\"index, follow, max-snippet:-1, max-image-preview:large, max-video-preview:-1\" \/>\n<meta property=\"og:locale\" content=\"tr_TR\" \/>\n<meta property=\"og:type\" content=\"article\" \/>\n<meta property=\"og:title\" content=\"Microsoft Hololens 2 End\u00fcstriyel S\u00fcr\u00fcm\" \/>\n<meta property=\"og:description\" content=\"Microsoft&#039;un Hololens 2 End\u00fcstriyel S\u00fcr\u00fcm\u00fc, farkl\u0131 uygulamalardan olu\u015fan geni\u015f bir portf\u00f6y ile b\u00fcy\u00fck bir ekosistem sunuyor\" \/>\n<meta property=\"og:url\" content=\"https:\/\/alegerglobal.com\/tr\/shop-tr\/akilli-goezluekler\/hololens-2-industrial-edition\/\" \/>\n<meta property=\"og:site_name\" content=\"ALEGER \u22c6 Augmented Reality\" \/>\n<meta property=\"og:image\" content=\"https:\/\/alegerglobal.com\/wp-content\/uploads\/2021\/11\/hololens-industrial-seite.jpg\" \/>\n\t<meta property=\"og:image:width\" content=\"800\" \/>\n\t<meta property=\"og:image:height\" content=\"800\" \/>\n\t<meta property=\"og:image:type\" content=\"image\/jpeg\" \/>\n<meta name=\"twitter:card\" content=\"summary_large_image\" \/>\n<meta name=\"twitter:label1\" content=\"Fiyat\" \/>\n\t<meta name=\"twitter:data1\" content=\"&euro;5.499,00\" \/>\n\t<meta name=\"twitter:label2\" content=\"Durumu\" \/>\n\t<meta name=\"twitter:data2\" content=\"Stokta var\" \/>\n<script type=\"application\/ld+json\" class=\"yoast-schema-graph\">{\"@context\":\"https:\/\/schema.org\",\"@graph\":[{\"@type\":\"WebPage\",\"@id\":\"https:\/\/alegerglobal.com\/tr\/shop-tr\/akilli-goezluekler\/hololens-2-industrial-edition\/\",\"url\":\"https:\/\/alegerglobal.com\/tr\/shop-tr\/akilli-goezluekler\/hololens-2-industrial-edition\/\",\"name\":\"Hololens 2 End\u00fcstriyel S\u00fcr\u00fcm | ALEGER \u22c6 Augmented Reality\",\"isPartOf\":{\"@id\":\"https:\/\/alegerglobal.com\/tr\/#website\"},\"primaryImageOfPage\":{\"@id\":\"https:\/\/alegerglobal.com\/tr\/shop-tr\/akilli-goezluekler\/hololens-2-industrial-edition\/#primaryimage\"},\"image\":{\"@id\":\"https:\/\/alegerglobal.com\/tr\/shop-tr\/akilli-goezluekler\/hololens-2-industrial-edition\/#primaryimage\"},\"thumbnailUrl\":\"https:\/\/alegerglobal.com\/wp-content\/uploads\/2021\/11\/hololens-industrial-seite.jpg\",\"datePublished\":\"2024-06-03T10:13:08+00:00\",\"dateModified\":\"2024-06-03T10:13:08+00:00\",\"description\":\"Microsoft'un Hololens 2 End\u00fcstriyel S\u00fcr\u00fcm\u00fc, farkl\u0131 uygulamalardan olu\u015fan geni\u015f bir portf\u00f6y ile b\u00fcy\u00fck bir ekosistem sunuyor\",\"breadcrumb\":{\"@id\":\"https:\/\/alegerglobal.com\/tr\/shop-tr\/akilli-goezluekler\/hololens-2-industrial-edition\/#breadcrumb\"},\"inLanguage\":\"tr\",\"potentialAction\":[{\"@type\":\"ReadAction\",\"target\":[\"https:\/\/alegerglobal.com\/tr\/shop-tr\/akilli-goezluekler\/hololens-2-industrial-edition\/\"]}]},{\"@type\":\"ImageObject\",\"inLanguage\":\"tr\",\"@id\":\"https:\/\/alegerglobal.com\/tr\/shop-tr\/akilli-goezluekler\/hololens-2-industrial-edition\/#primaryimage\",\"url\":\"https:\/\/alegerglobal.com\/wp-content\/uploads\/2021\/11\/hololens-industrial-seite.jpg\",\"contentUrl\":\"https:\/\/alegerglobal.com\/wp-content\/uploads\/2021\/11\/hololens-industrial-seite.jpg\",\"width\":800,\"height\":800},{\"@type\":\"BreadcrumbList\",\"@id\":\"https:\/\/alegerglobal.com\/tr\/shop-tr\/akilli-goezluekler\/hololens-2-industrial-edition\/#breadcrumb\",\"itemListElement\":[{\"@type\":\"ListItem\",\"position\":1,\"name\":\"Home\",\"item\":\"https:\/\/alegerglobal.com\/tr\/yeni-anasayfa\/\"},{\"@type\":\"ListItem\",\"position\":2,\"name\":\"\u00dcr\u00fcnler\",\"item\":\"https:\/\/alegerglobal.com\/tr\/ueruenler\/\"},{\"@type\":\"ListItem\",\"position\":3,\"name\":\"Microsoft Hololens 2 End\u00fcstriyel S\u00fcr\u00fcm\"}]},{\"@type\":\"WebSite\",\"@id\":\"https:\/\/alegerglobal.com\/tr\/#website\",\"url\":\"https:\/\/alegerglobal.com\/tr\/\",\"name\":\"ALEGER \u22c6 Augmented Reality\",\"description\":\"Die besten Augmented Reality (AR) L\u00f6sungen der Welt.\",\"publisher\":{\"@id\":\"https:\/\/alegerglobal.com\/tr\/#organization\"},\"potentialAction\":[{\"@type\":\"SearchAction\",\"target\":{\"@type\":\"EntryPoint\",\"urlTemplate\":\"https:\/\/alegerglobal.com\/tr\/?s={search_term_string}\"},\"query-input\":{\"@type\":\"PropertyValueSpecification\",\"valueRequired\":true,\"valueName\":\"search_term_string\"}}],\"inLanguage\":\"tr\"},{\"@type\":\"Organization\",\"@id\":\"https:\/\/alegerglobal.com\/tr\/#organization\",\"name\":\"ALEGER \u22c6 Augmented Reality\",\"url\":\"https:\/\/alegerglobal.com\/tr\/\",\"logo\":{\"@type\":\"ImageObject\",\"inLanguage\":\"tr\",\"@id\":\"https:\/\/alegerglobal.com\/tr\/#\/schema\/logo\/image\/\",\"url\":\"https:\/\/alegerglobal.com\/wp-content\/uploads\/2020\/12\/aleger-logo-quadrat.jpg\",\"contentUrl\":\"https:\/\/alegerglobal.com\/wp-content\/uploads\/2020\/12\/aleger-logo-quadrat.jpg\",\"width\":200,\"height\":176,\"caption\":\"ALEGER \u22c6 Augmented Reality\"},\"image\":{\"@id\":\"https:\/\/alegerglobal.com\/tr\/#\/schema\/logo\/image\/\"}}]}<\/script>\n<meta property=\"product:brand\" content=\"Microsoft\" \/>\n<meta property=\"product:price:amount\" content=\"5499.00\" \/>\n<meta property=\"product:price:currency\" content=\"EUR\" \/>\n<meta property=\"og:availability\" content=\"instock\" \/>\n<meta property=\"product:availability\" content=\"instock\" \/>\n<meta property=\"product:condition\" content=\"new\" \/>\n<!-- \/ Yoast SEO Premium plugin. -->","yoast_head_json":{"title":"Hololens 2 End\u00fcstriyel S\u00fcr\u00fcm | ALEGER \u22c6 Augmented Reality","description":"Microsoft'un Hololens 2 End\u00fcstriyel S\u00fcr\u00fcm\u00fc, farkl\u0131 uygulamalardan olu\u015fan geni\u015f bir portf\u00f6y ile b\u00fcy\u00fck bir ekosistem sunuyor","robots":{"index":"index","follow":"follow","max-snippet":"max-snippet:-1","max-image-preview":"max-image-preview:large","max-video-preview":"max-video-preview:-1"},"og_locale":"tr_TR","og_type":"article","og_title":"Microsoft Hololens 2 End\u00fcstriyel S\u00fcr\u00fcm","og_description":"Microsoft'un Hololens 2 End\u00fcstriyel S\u00fcr\u00fcm\u00fc, farkl\u0131 uygulamalardan olu\u015fan geni\u015f bir portf\u00f6y ile b\u00fcy\u00fck bir ekosistem sunuyor","og_url":"https:\/\/alegerglobal.com\/tr\/shop-tr\/akilli-goezluekler\/hololens-2-industrial-edition\/","og_site_name":"ALEGER \u22c6 Augmented Reality","og_image":[{"width":800,"height":800,"url":"https:\/\/alegerglobal.com\/wp-content\/uploads\/2021\/11\/hololens-industrial-seite.jpg","type":"image\/jpeg"}],"twitter_card":"summary_large_image","twitter_misc":{"Fiyat":"&euro;5.499,00","Durumu":"Stokta var"},"schema":{"@context":"https:\/\/schema.org","@graph":[{"@type":"WebPage","@id":"https:\/\/alegerglobal.com\/tr\/shop-tr\/akilli-goezluekler\/hololens-2-industrial-edition\/","url":"https:\/\/alegerglobal.com\/tr\/shop-tr\/akilli-goezluekler\/hololens-2-industrial-edition\/","name":"Hololens 2 End\u00fcstriyel S\u00fcr\u00fcm | ALEGER \u22c6 Augmented Reality","isPartOf":{"@id":"https:\/\/alegerglobal.com\/tr\/#website"},"primaryImageOfPage":{"@id":"https:\/\/alegerglobal.com\/tr\/shop-tr\/akilli-goezluekler\/hololens-2-industrial-edition\/#primaryimage"},"image":{"@id":"https:\/\/alegerglobal.com\/tr\/shop-tr\/akilli-goezluekler\/hololens-2-industrial-edition\/#primaryimage"},"thumbnailUrl":"https:\/\/alegerglobal.com\/wp-content\/uploads\/2021\/11\/hololens-industrial-seite.jpg","datePublished":"2024-06-03T10:13:08+00:00","dateModified":"2024-06-03T10:13:08+00:00","description":"Microsoft'un Hololens 2 End\u00fcstriyel S\u00fcr\u00fcm\u00fc, farkl\u0131 uygulamalardan olu\u015fan geni\u015f bir portf\u00f6y ile b\u00fcy\u00fck bir ekosistem sunuyor","breadcrumb":{"@id":"https:\/\/alegerglobal.com\/tr\/shop-tr\/akilli-goezluekler\/hololens-2-industrial-edition\/#breadcrumb"},"inLanguage":"tr","potentialAction":[{"@type":"ReadAction","target":["https:\/\/alegerglobal.com\/tr\/shop-tr\/akilli-goezluekler\/hololens-2-industrial-edition\/"]}]},{"@type":"ImageObject","inLanguage":"tr","@id":"https:\/\/alegerglobal.com\/tr\/shop-tr\/akilli-goezluekler\/hololens-2-industrial-edition\/#primaryimage","url":"https:\/\/alegerglobal.com\/wp-content\/uploads\/2021\/11\/hololens-industrial-seite.jpg","contentUrl":"https:\/\/alegerglobal.com\/wp-content\/uploads\/2021\/11\/hololens-industrial-seite.jpg","width":800,"height":800},{"@type":"BreadcrumbList","@id":"https:\/\/alegerglobal.com\/tr\/shop-tr\/akilli-goezluekler\/hololens-2-industrial-edition\/#breadcrumb","itemListElement":[{"@type":"ListItem","position":1,"name":"Home","item":"https:\/\/alegerglobal.com\/tr\/yeni-anasayfa\/"},{"@type":"ListItem","position":2,"name":"\u00dcr\u00fcnler","item":"https:\/\/alegerglobal.com\/tr\/ueruenler\/"},{"@type":"ListItem","position":3,"name":"Microsoft Hololens 2 End\u00fcstriyel S\u00fcr\u00fcm"}]},{"@type":"WebSite","@id":"https:\/\/alegerglobal.com\/tr\/#website","url":"https:\/\/alegerglobal.com\/tr\/","name":"ALEGER \u22c6 Augmented Reality","description":"Die besten Augmented Reality (AR) L\u00f6sungen der Welt.","publisher":{"@id":"https:\/\/alegerglobal.com\/tr\/#organization"},"potentialAction":[{"@type":"SearchAction","target":{"@type":"EntryPoint","urlTemplate":"https:\/\/alegerglobal.com\/tr\/?s={search_term_string}"},"query-input":{"@type":"PropertyValueSpecification","valueRequired":true,"valueName":"search_term_string"}}],"inLanguage":"tr"},{"@type":"Organization","@id":"https:\/\/alegerglobal.com\/tr\/#organization","name":"ALEGER \u22c6 Augmented Reality","url":"https:\/\/alegerglobal.com\/tr\/","logo":{"@type":"ImageObject","inLanguage":"tr","@id":"https:\/\/alegerglobal.com\/tr\/#\/schema\/logo\/image\/","url":"https:\/\/alegerglobal.com\/wp-content\/uploads\/2020\/12\/aleger-logo-quadrat.jpg","contentUrl":"https:\/\/alegerglobal.com\/wp-content\/uploads\/2020\/12\/aleger-logo-quadrat.jpg","width":200,"height":176,"caption":"ALEGER \u22c6 Augmented Reality"},"image":{"@id":"https:\/\/alegerglobal.com\/tr\/#\/schema\/logo\/image\/"}}]},"product_brand":"Microsoft","product_price_amount":"5499.00","product_price_currency":"EUR","og_availability":"instock","product_availability":"instock","product_condition":"new"},"_links":{"self":[{"href":"https:\/\/alegerglobal.com\/tr\/wp-json\/wp\/v2\/product\/38894","targetHints":{"allow":["GET"]}}],"collection":[{"href":"https:\/\/alegerglobal.com\/tr\/wp-json\/wp\/v2\/product"}],"about":[{"href":"https:\/\/alegerglobal.com\/tr\/wp-json\/wp\/v2\/types\/product"}],"replies":[{"embeddable":true,"href":"https:\/\/alegerglobal.com\/tr\/wp-json\/wp\/v2\/comments?post=38894"}],"version-history":[{"count":0,"href":"https:\/\/alegerglobal.com\/tr\/wp-json\/wp\/v2\/product\/38894\/revisions"}],"wp:featuredmedia":[{"embeddable":true,"href":"https:\/\/alegerglobal.com\/tr\/wp-json\/wp\/v2\/media\/38895"}],"wp:attachment":[{"href":"https:\/\/alegerglobal.com\/tr\/wp-json\/wp\/v2\/media?parent=38894"}],"wp:term":[{"taxonomy":"product_brand","embeddable":true,"href":"https:\/\/alegerglobal.com\/tr\/wp-json\/wp\/v2\/product_brand?post=38894"},{"taxonomy":"product_cat","embeddable":true,"href":"https:\/\/alegerglobal.com\/tr\/wp-json\/wp\/v2\/product_cat?post=38894"},{"taxonomy":"product_tag","embeddable":true,"href":"https:\/\/alegerglobal.com\/tr\/wp-json\/wp\/v2\/product_tag?post=38894"}],"curies":[{"name":"wp","href":"https:\/\/api.w.org\/{rel}","templated":true}]}}