{"id":38887,"date":"2021-11-16T23:04:25","date_gmt":"2024-06-03T10:13:04","guid":{"rendered":"https:\/\/alegerglobal.com\/kategorilenmemis\/vuzix-m400-akilli-goezluek-168-derece-goerues-acisi-128-mp-kamera-ip67-android-9\/"},"modified":"2024-06-03T11:13:04","modified_gmt":"2024-06-03T10:13:04","slug":"vuzix-m400","status":"publish","type":"product","link":"https:\/\/alegerglobal.com\/tr\/shop-tr\/akilli-goezluekler\/vuzix-m400\/","title":{"rendered":"VUZIX M400, Ak\u0131ll\u0131 G\u00f6zl\u00fck, 16,8 derece g\u00f6r\u00fc\u015f a\u00e7\u0131s\u0131, 12,8 MP kamera, IP67, Android 9"},"content":{"rendered":"","protected":false},"excerpt":{"rendered":"<ul>\n<li><b>Zor ko\u015fullar alt\u0131nda kullan\u0131n:<\/b> IP67&#8217;ye kadar toz ve su ge\u00e7irmez ve 2 metre y\u00fcksekli\u011fe kadar d\u00fc\u015fmeye dayan\u0131kl\u0131<\/li>\n<li><b>\u0130\u015finizi kolayca belgeleyin:<\/b> 4K kalitesinde keskin foto\u011fraflar ve videolar \u00e7ekmek i\u00e7in otomatik odaklamal\u0131 12,8 MP kamera<\/li>\n<li><b>Karma\u015f\u0131k uygulamalar\u0131 sorunsuz kullan\u0131n:<\/b> G\u00fc\u00e7l\u00fc 8 \u00e7ekirdekli Snapdragon XR1 i\u015flemci<\/li>\n<li><b>Y\u00fcksek kullan\u0131m konforu:<\/b> ergonomik tasar\u0131m ve sadece 68g toplam a\u011f\u0131rl\u0131k<\/li>\n<li><b>Eller serbest kullan\u0131m:<\/b> sorunsuz ses kontrol\u00fc i\u00e7in \u00fc\u00e7 mikrofon<\/li>\n<\/ul>\n","protected":false},"featured_media":38888,"comment_status":"open","ping_status":"closed","template":"","meta":{"_acf_changed":false},"product_brand":[],"product_cat":[2317,2318],"product_tag":[],"class_list":{"0":"post-38887","1":"product","2":"type-product","3":"status-publish","4":"has-post-thumbnail","6":"product_cat-akilli-goezluekler","7":"product_cat-shop-tr","8":"pa_hersteller-vuzix-tr","10":"first","11":"instock","12":"taxable","13":"shipping-taxable","14":"purchasable","15":"product-type-simple"},"acf":[],"yoast_head":"<!-- This site is optimized with the Yoast SEO Premium plugin v20.10 (Yoast SEO v24.3) - https:\/\/yoast.com\/wordpress\/plugins\/seo\/ -->\n<title>VUZIX M400&#039;\u00fc buradan sat\u0131n al\u0131n ALEGER \u22c6 Augmented Reality<\/title>\n<meta name=\"description\" content=\"M400, sa\u011flam g\u00f6vdesi ve g\u00fc\u00e7l\u00fc yaz\u0131l\u0131m\u0131 ile etkileyicidir. Saha servisi i\u00e7in Vuzix Smart Glass&#039;\u0131 ke\u015ffedin &amp; Co.\" \/>\n<meta name=\"robots\" content=\"index, follow, max-snippet:-1, max-image-preview:large, max-video-preview:-1\" \/>\n<meta property=\"og:locale\" content=\"tr_TR\" \/>\n<meta property=\"og:type\" content=\"article\" \/>\n<meta property=\"og:title\" content=\"VUZIX M400, Ak\u0131ll\u0131 G\u00f6zl\u00fck, 16,8 derece g\u00f6r\u00fc\u015f a\u00e7\u0131s\u0131, 12,8 MP kamera, IP67, Android 9\" \/>\n<meta property=\"og:description\" content=\"M400, sa\u011flam g\u00f6vdesi ve g\u00fc\u00e7l\u00fc yaz\u0131l\u0131m\u0131 ile etkileyicidir. Saha servisi i\u00e7in Vuzix Smart Glass&#039;\u0131 ke\u015ffedin &amp; Co.\" \/>\n<meta property=\"og:url\" content=\"https:\/\/alegerglobal.com\/tr\/shop-tr\/akilli-goezluekler\/vuzix-m400\/\" \/>\n<meta property=\"og:site_name\" content=\"ALEGER \u22c6 Augmented Reality\" \/>\n<meta property=\"og:image\" content=\"https:\/\/alegerglobal.com\/wp-content\/uploads\/2022\/01\/Unbenannt-17.jpg\" \/>\n\t<meta property=\"og:image:width\" content=\"800\" \/>\n\t<meta property=\"og:image:height\" content=\"800\" \/>\n\t<meta property=\"og:image:type\" content=\"image\/jpeg\" \/>\n<meta name=\"twitter:card\" content=\"summary_large_image\" \/>\n<meta name=\"twitter:label1\" content=\"Fiyat\" \/>\n\t<meta name=\"twitter:data1\" content=\"&euro;1.863,00\" \/>\n\t<meta name=\"twitter:label2\" content=\"Durumu\" \/>\n\t<meta name=\"twitter:data2\" content=\"Stokta var\" \/>\n<script type=\"application\/ld+json\" class=\"yoast-schema-graph\">{\"@context\":\"https:\/\/schema.org\",\"@graph\":[{\"@type\":\"WebPage\",\"@id\":\"https:\/\/alegerglobal.com\/tr\/shop-tr\/akilli-goezluekler\/vuzix-m400\/\",\"url\":\"https:\/\/alegerglobal.com\/tr\/shop-tr\/akilli-goezluekler\/vuzix-m400\/\",\"name\":\"VUZIX M400'\u00fc buradan sat\u0131n al\u0131n ALEGER \u22c6 Augmented Reality\",\"isPartOf\":{\"@id\":\"https:\/\/alegerglobal.com\/tr\/#website\"},\"primaryImageOfPage\":{\"@id\":\"https:\/\/alegerglobal.com\/tr\/shop-tr\/akilli-goezluekler\/vuzix-m400\/#primaryimage\"},\"image\":{\"@id\":\"https:\/\/alegerglobal.com\/tr\/shop-tr\/akilli-goezluekler\/vuzix-m400\/#primaryimage\"},\"thumbnailUrl\":\"https:\/\/alegerglobal.com\/wp-content\/uploads\/2022\/01\/Unbenannt-17.jpg\",\"datePublished\":\"2024-06-03T10:13:04+00:00\",\"dateModified\":\"2024-06-03T10:13:04+00:00\",\"description\":\"M400, sa\u011flam g\u00f6vdesi ve g\u00fc\u00e7l\u00fc yaz\u0131l\u0131m\u0131 ile etkileyicidir. Saha servisi i\u00e7in Vuzix Smart Glass'\u0131 ke\u015ffedin & Co.\",\"breadcrumb\":{\"@id\":\"https:\/\/alegerglobal.com\/tr\/shop-tr\/akilli-goezluekler\/vuzix-m400\/#breadcrumb\"},\"inLanguage\":\"tr\",\"potentialAction\":[{\"@type\":\"ReadAction\",\"target\":[\"https:\/\/alegerglobal.com\/tr\/shop-tr\/akilli-goezluekler\/vuzix-m400\/\"]}]},{\"@type\":\"ImageObject\",\"inLanguage\":\"tr\",\"@id\":\"https:\/\/alegerglobal.com\/tr\/shop-tr\/akilli-goezluekler\/vuzix-m400\/#primaryimage\",\"url\":\"https:\/\/alegerglobal.com\/wp-content\/uploads\/2022\/01\/Unbenannt-17.jpg\",\"contentUrl\":\"https:\/\/alegerglobal.com\/wp-content\/uploads\/2022\/01\/Unbenannt-17.jpg\",\"width\":800,\"height\":800},{\"@type\":\"BreadcrumbList\",\"@id\":\"https:\/\/alegerglobal.com\/tr\/shop-tr\/akilli-goezluekler\/vuzix-m400\/#breadcrumb\",\"itemListElement\":[{\"@type\":\"ListItem\",\"position\":1,\"name\":\"Home\",\"item\":\"https:\/\/alegerglobal.com\/tr\/yeni-anasayfa\/\"},{\"@type\":\"ListItem\",\"position\":2,\"name\":\"\u00dcr\u00fcnler\",\"item\":\"https:\/\/alegerglobal.com\/tr\/ueruenler\/\"},{\"@type\":\"ListItem\",\"position\":3,\"name\":\"VUZIX M400, Ak\u0131ll\u0131 G\u00f6zl\u00fck, 16,8 derece g\u00f6r\u00fc\u015f a\u00e7\u0131s\u0131, 12,8 MP kamera, IP67, Android 9\"}]},{\"@type\":\"WebSite\",\"@id\":\"https:\/\/alegerglobal.com\/tr\/#website\",\"url\":\"https:\/\/alegerglobal.com\/tr\/\",\"name\":\"ALEGER \u22c6 Augmented Reality\",\"description\":\"Die besten Augmented Reality (AR) L\u00f6sungen der Welt.\",\"publisher\":{\"@id\":\"https:\/\/alegerglobal.com\/tr\/#organization\"},\"potentialAction\":[{\"@type\":\"SearchAction\",\"target\":{\"@type\":\"EntryPoint\",\"urlTemplate\":\"https:\/\/alegerglobal.com\/tr\/?s={search_term_string}\"},\"query-input\":{\"@type\":\"PropertyValueSpecification\",\"valueRequired\":true,\"valueName\":\"search_term_string\"}}],\"inLanguage\":\"tr\"},{\"@type\":\"Organization\",\"@id\":\"https:\/\/alegerglobal.com\/tr\/#organization\",\"name\":\"ALEGER \u22c6 Augmented Reality\",\"url\":\"https:\/\/alegerglobal.com\/tr\/\",\"logo\":{\"@type\":\"ImageObject\",\"inLanguage\":\"tr\",\"@id\":\"https:\/\/alegerglobal.com\/tr\/#\/schema\/logo\/image\/\",\"url\":\"https:\/\/alegerglobal.com\/wp-content\/uploads\/2020\/12\/aleger-logo-quadrat.jpg\",\"contentUrl\":\"https:\/\/alegerglobal.com\/wp-content\/uploads\/2020\/12\/aleger-logo-quadrat.jpg\",\"width\":200,\"height\":176,\"caption\":\"ALEGER \u22c6 Augmented Reality\"},\"image\":{\"@id\":\"https:\/\/alegerglobal.com\/tr\/#\/schema\/logo\/image\/\"}}]}<\/script>\n<meta property=\"product:brand\" content=\"Vuzix\" \/>\n<meta property=\"product:price:amount\" content=\"1863.00\" \/>\n<meta property=\"product:price:currency\" content=\"EUR\" \/>\n<meta property=\"og:availability\" content=\"instock\" \/>\n<meta property=\"product:availability\" content=\"instock\" \/>\n<meta property=\"product:condition\" content=\"new\" \/>\n<!-- \/ Yoast SEO Premium plugin. -->","yoast_head_json":{"title":"VUZIX M400'\u00fc buradan sat\u0131n al\u0131n ALEGER \u22c6 Augmented Reality","description":"M400, sa\u011flam g\u00f6vdesi ve g\u00fc\u00e7l\u00fc yaz\u0131l\u0131m\u0131 ile etkileyicidir. Saha servisi i\u00e7in Vuzix Smart Glass'\u0131 ke\u015ffedin & Co.","robots":{"index":"index","follow":"follow","max-snippet":"max-snippet:-1","max-image-preview":"max-image-preview:large","max-video-preview":"max-video-preview:-1"},"og_locale":"tr_TR","og_type":"article","og_title":"VUZIX M400, Ak\u0131ll\u0131 G\u00f6zl\u00fck, 16,8 derece g\u00f6r\u00fc\u015f a\u00e7\u0131s\u0131, 12,8 MP kamera, IP67, Android 9","og_description":"M400, sa\u011flam g\u00f6vdesi ve g\u00fc\u00e7l\u00fc yaz\u0131l\u0131m\u0131 ile etkileyicidir. Saha servisi i\u00e7in Vuzix Smart Glass'\u0131 ke\u015ffedin & Co.","og_url":"https:\/\/alegerglobal.com\/tr\/shop-tr\/akilli-goezluekler\/vuzix-m400\/","og_site_name":"ALEGER \u22c6 Augmented Reality","og_image":[{"width":800,"height":800,"url":"https:\/\/alegerglobal.com\/wp-content\/uploads\/2022\/01\/Unbenannt-17.jpg","type":"image\/jpeg"}],"twitter_card":"summary_large_image","twitter_misc":{"Fiyat":"&euro;1.863,00","Durumu":"Stokta var"},"schema":{"@context":"https:\/\/schema.org","@graph":[{"@type":"WebPage","@id":"https:\/\/alegerglobal.com\/tr\/shop-tr\/akilli-goezluekler\/vuzix-m400\/","url":"https:\/\/alegerglobal.com\/tr\/shop-tr\/akilli-goezluekler\/vuzix-m400\/","name":"VUZIX M400'\u00fc buradan sat\u0131n al\u0131n ALEGER \u22c6 Augmented Reality","isPartOf":{"@id":"https:\/\/alegerglobal.com\/tr\/#website"},"primaryImageOfPage":{"@id":"https:\/\/alegerglobal.com\/tr\/shop-tr\/akilli-goezluekler\/vuzix-m400\/#primaryimage"},"image":{"@id":"https:\/\/alegerglobal.com\/tr\/shop-tr\/akilli-goezluekler\/vuzix-m400\/#primaryimage"},"thumbnailUrl":"https:\/\/alegerglobal.com\/wp-content\/uploads\/2022\/01\/Unbenannt-17.jpg","datePublished":"2024-06-03T10:13:04+00:00","dateModified":"2024-06-03T10:13:04+00:00","description":"M400, sa\u011flam g\u00f6vdesi ve g\u00fc\u00e7l\u00fc yaz\u0131l\u0131m\u0131 ile etkileyicidir. Saha servisi i\u00e7in Vuzix Smart Glass'\u0131 ke\u015ffedin & Co.","breadcrumb":{"@id":"https:\/\/alegerglobal.com\/tr\/shop-tr\/akilli-goezluekler\/vuzix-m400\/#breadcrumb"},"inLanguage":"tr","potentialAction":[{"@type":"ReadAction","target":["https:\/\/alegerglobal.com\/tr\/shop-tr\/akilli-goezluekler\/vuzix-m400\/"]}]},{"@type":"ImageObject","inLanguage":"tr","@id":"https:\/\/alegerglobal.com\/tr\/shop-tr\/akilli-goezluekler\/vuzix-m400\/#primaryimage","url":"https:\/\/alegerglobal.com\/wp-content\/uploads\/2022\/01\/Unbenannt-17.jpg","contentUrl":"https:\/\/alegerglobal.com\/wp-content\/uploads\/2022\/01\/Unbenannt-17.jpg","width":800,"height":800},{"@type":"BreadcrumbList","@id":"https:\/\/alegerglobal.com\/tr\/shop-tr\/akilli-goezluekler\/vuzix-m400\/#breadcrumb","itemListElement":[{"@type":"ListItem","position":1,"name":"Home","item":"https:\/\/alegerglobal.com\/tr\/yeni-anasayfa\/"},{"@type":"ListItem","position":2,"name":"\u00dcr\u00fcnler","item":"https:\/\/alegerglobal.com\/tr\/ueruenler\/"},{"@type":"ListItem","position":3,"name":"VUZIX M400, Ak\u0131ll\u0131 G\u00f6zl\u00fck, 16,8 derece g\u00f6r\u00fc\u015f a\u00e7\u0131s\u0131, 12,8 MP kamera, IP67, Android 9"}]},{"@type":"WebSite","@id":"https:\/\/alegerglobal.com\/tr\/#website","url":"https:\/\/alegerglobal.com\/tr\/","name":"ALEGER \u22c6 Augmented Reality","description":"Die besten Augmented Reality (AR) L\u00f6sungen der Welt.","publisher":{"@id":"https:\/\/alegerglobal.com\/tr\/#organization"},"potentialAction":[{"@type":"SearchAction","target":{"@type":"EntryPoint","urlTemplate":"https:\/\/alegerglobal.com\/tr\/?s={search_term_string}"},"query-input":{"@type":"PropertyValueSpecification","valueRequired":true,"valueName":"search_term_string"}}],"inLanguage":"tr"},{"@type":"Organization","@id":"https:\/\/alegerglobal.com\/tr\/#organization","name":"ALEGER \u22c6 Augmented Reality","url":"https:\/\/alegerglobal.com\/tr\/","logo":{"@type":"ImageObject","inLanguage":"tr","@id":"https:\/\/alegerglobal.com\/tr\/#\/schema\/logo\/image\/","url":"https:\/\/alegerglobal.com\/wp-content\/uploads\/2020\/12\/aleger-logo-quadrat.jpg","contentUrl":"https:\/\/alegerglobal.com\/wp-content\/uploads\/2020\/12\/aleger-logo-quadrat.jpg","width":200,"height":176,"caption":"ALEGER \u22c6 Augmented Reality"},"image":{"@id":"https:\/\/alegerglobal.com\/tr\/#\/schema\/logo\/image\/"}}]},"product_brand":"Vuzix","product_price_amount":"1863.00","product_price_currency":"EUR","og_availability":"instock","product_availability":"instock","product_condition":"new"},"_links":{"self":[{"href":"https:\/\/alegerglobal.com\/tr\/wp-json\/wp\/v2\/product\/38887","targetHints":{"allow":["GET"]}}],"collection":[{"href":"https:\/\/alegerglobal.com\/tr\/wp-json\/wp\/v2\/product"}],"about":[{"href":"https:\/\/alegerglobal.com\/tr\/wp-json\/wp\/v2\/types\/product"}],"replies":[{"embeddable":true,"href":"https:\/\/alegerglobal.com\/tr\/wp-json\/wp\/v2\/comments?post=38887"}],"version-history":[{"count":0,"href":"https:\/\/alegerglobal.com\/tr\/wp-json\/wp\/v2\/product\/38887\/revisions"}],"wp:featuredmedia":[{"embeddable":true,"href":"https:\/\/alegerglobal.com\/tr\/wp-json\/wp\/v2\/media\/38888"}],"wp:attachment":[{"href":"https:\/\/alegerglobal.com\/tr\/wp-json\/wp\/v2\/media?parent=38887"}],"wp:term":[{"taxonomy":"product_brand","embeddable":true,"href":"https:\/\/alegerglobal.com\/tr\/wp-json\/wp\/v2\/product_brand?post=38887"},{"taxonomy":"product_cat","embeddable":true,"href":"https:\/\/alegerglobal.com\/tr\/wp-json\/wp\/v2\/product_cat?post=38887"},{"taxonomy":"product_tag","embeddable":true,"href":"https:\/\/alegerglobal.com\/tr\/wp-json\/wp\/v2\/product_tag?post=38887"}],"curies":[{"name":"wp","href":"https:\/\/api.w.org\/{rel}","templated":true}]}}