{"id":38884,"date":"2022-01-11T04:50:54","date_gmt":"2024-06-03T10:12:59","guid":{"rendered":"https:\/\/alegerglobal.com\/kategorilenmemis\/vuzix-m300xl-akilli-goezluek-167-derece-goerues-alani-10-mp-kamera-64-gb-bellek\/"},"modified":"2024-06-03T11:12:59","modified_gmt":"2024-06-03T10:12:59","slug":"vuzix-m300xl","status":"publish","type":"product","link":"https:\/\/alegerglobal.com\/tr\/shop-tr\/akilli-goezluekler\/vuzix-m300xl\/","title":{"rendered":"Vuzix M300XL, Ak\u0131ll\u0131 G\u00f6zl\u00fck, 16,7 derece g\u00f6r\u00fc\u015f alan\u0131, 10 MP kamera, 64 GB bellek"},"content":{"rendered":"","protected":false},"excerpt":{"rendered":"<ul>\n<li style=\"font-weight: 400;\"><b>Verilere rahat eri\u015fim:<\/b><span style=\"font-weight: 400;\"> 16,7 derece g\u00f6r\u00fc\u015f alan\u0131 ve eller serbest kullan\u0131m<\/span><\/li>\n<li style=\"font-weight: 400;\"><b>Aksiyonu istedi\u011finiz zaman kaydedin:<\/b><span style=\"font-weight: 400;\"> Foto\u011fraflar ve videolar i\u00e7in 10 MP kamera<\/span><\/li>\n<li style=\"font-weight: 400;\"><b>Verileri i\u015fleyin ve depolay\u0131n:<\/b><span style=\"font-weight: 400;\"> G\u00fc\u00e7l\u00fc i\u015flemci ve 64 GB veri belle\u011fi<\/span><\/li>\n<li style=\"font-weight: 400;\"><b>Esnek ba\u011flant\u0131 se\u00e7enekleri: <\/b><span style=\"font-weight: 400;\">Harici depolama ortamlar\u0131n\u0131 ve di\u011fer cihazlar\u0131 ba\u011flamak i\u00e7in bo\u015f USB ba\u011flant\u0131 noktalar\u0131<\/span><\/li>\n<li style=\"font-weight: 400;\"><b>Uzun \u00e7al\u0131\u015fma s\u00fcresi:<\/b> 2 saat \u00e7al\u0131\u015fma s\u00fcresine sahip dahili pil ve 6 saat \u00e7al\u0131\u015fma s\u00fcresine sahip harici pil<\/li>\n<\/ul>\n","protected":false},"featured_media":38886,"comment_status":"open","ping_status":"closed","template":"","meta":{"_acf_changed":false},"product_brand":[],"product_cat":[2317,2318],"product_tag":[],"class_list":{"0":"post-38884","1":"product","2":"type-product","3":"status-publish","4":"has-post-thumbnail","6":"product_cat-akilli-goezluekler","7":"product_cat-shop-tr","8":"pa_hersteller-vuzix-tr","10":"first","11":"instock","12":"taxable","13":"shipping-taxable","14":"purchasable","15":"product-type-simple"},"acf":[],"yoast_head":"<!-- This site is optimized with the Yoast SEO Premium plugin v20.10 (Yoast SEO v24.3) - https:\/\/yoast.com\/wordpress\/plugins\/seo\/ -->\n<title>Vuzix M300XL Ak\u0131ll\u0131 G\u00f6zl\u00fc\u011f\u00fc buradan sat\u0131n al\u0131n ALEGER \u22c6 Augmented Reality<\/title>\n<meta name=\"description\" content=\"Uzun pil \u00f6mr\u00fc, geni\u015f g\u00f6r\u00fc\u015f alan\u0131, b\u00fcy\u00fck bellek - i\u015fte end\u00fcstride art\u0131r\u0131lm\u0131\u015f ger\u00e7eklik uygulamalar\u0131 i\u00e7in Vuzix M300XL.\" \/>\n<meta name=\"robots\" content=\"index, follow, max-snippet:-1, max-image-preview:large, max-video-preview:-1\" \/>\n<meta property=\"og:locale\" content=\"tr_TR\" \/>\n<meta property=\"og:type\" content=\"article\" \/>\n<meta property=\"og:title\" content=\"Vuzix M300XL, Ak\u0131ll\u0131 G\u00f6zl\u00fck, 16,7 derece g\u00f6r\u00fc\u015f alan\u0131, 10 MP kamera, 64 GB bellek\" \/>\n<meta property=\"og:description\" content=\"Uzun pil \u00f6mr\u00fc, geni\u015f g\u00f6r\u00fc\u015f alan\u0131, b\u00fcy\u00fck bellek - i\u015fte end\u00fcstride art\u0131r\u0131lm\u0131\u015f ger\u00e7eklik uygulamalar\u0131 i\u00e7in Vuzix M300XL.\" \/>\n<meta property=\"og:url\" content=\"https:\/\/alegerglobal.com\/tr\/shop-tr\/akilli-goezluekler\/vuzix-m300xl\/\" \/>\n<meta property=\"og:site_name\" content=\"ALEGER \u22c6 Augmented Reality\" \/>\n<meta property=\"og:image\" content=\"https:\/\/alegerglobal.com\/wp-content\/uploads\/2021\/01\/m3000-7.png\" \/>\n\t<meta property=\"og:image:width\" content=\"800\" \/>\n\t<meta property=\"og:image:height\" content=\"800\" \/>\n\t<meta property=\"og:image:type\" content=\"image\/png\" \/>\n<meta name=\"twitter:card\" content=\"summary_large_image\" \/>\n<meta name=\"twitter:label1\" content=\"Fiyat\" \/>\n\t<meta name=\"twitter:data1\" content=\"&euro;1.580,00\" \/>\n\t<meta name=\"twitter:label2\" content=\"Durumu\" \/>\n\t<meta name=\"twitter:data2\" content=\"Stokta var\" \/>\n<script type=\"application\/ld+json\" class=\"yoast-schema-graph\">{\"@context\":\"https:\/\/schema.org\",\"@graph\":[{\"@type\":\"WebPage\",\"@id\":\"https:\/\/alegerglobal.com\/tr\/shop-tr\/akilli-goezluekler\/vuzix-m300xl\/\",\"url\":\"https:\/\/alegerglobal.com\/tr\/shop-tr\/akilli-goezluekler\/vuzix-m300xl\/\",\"name\":\"Vuzix M300XL Ak\u0131ll\u0131 G\u00f6zl\u00fc\u011f\u00fc buradan sat\u0131n al\u0131n ALEGER \u22c6 Augmented Reality\",\"isPartOf\":{\"@id\":\"https:\/\/alegerglobal.com\/tr\/#website\"},\"primaryImageOfPage\":{\"@id\":\"https:\/\/alegerglobal.com\/tr\/shop-tr\/akilli-goezluekler\/vuzix-m300xl\/#primaryimage\"},\"image\":{\"@id\":\"https:\/\/alegerglobal.com\/tr\/shop-tr\/akilli-goezluekler\/vuzix-m300xl\/#primaryimage\"},\"thumbnailUrl\":\"https:\/\/alegerglobal.com\/wp-content\/uploads\/2021\/01\/m3000-7.png\",\"datePublished\":\"2024-06-03T10:12:59+00:00\",\"dateModified\":\"2024-06-03T10:12:59+00:00\",\"description\":\"Uzun pil \u00f6mr\u00fc, geni\u015f g\u00f6r\u00fc\u015f alan\u0131, b\u00fcy\u00fck bellek - i\u015fte end\u00fcstride art\u0131r\u0131lm\u0131\u015f ger\u00e7eklik uygulamalar\u0131 i\u00e7in Vuzix M300XL.\",\"breadcrumb\":{\"@id\":\"https:\/\/alegerglobal.com\/tr\/shop-tr\/akilli-goezluekler\/vuzix-m300xl\/#breadcrumb\"},\"inLanguage\":\"tr\",\"potentialAction\":[{\"@type\":\"ReadAction\",\"target\":[\"https:\/\/alegerglobal.com\/tr\/shop-tr\/akilli-goezluekler\/vuzix-m300xl\/\"]}]},{\"@type\":\"ImageObject\",\"inLanguage\":\"tr\",\"@id\":\"https:\/\/alegerglobal.com\/tr\/shop-tr\/akilli-goezluekler\/vuzix-m300xl\/#primaryimage\",\"url\":\"https:\/\/alegerglobal.com\/wp-content\/uploads\/2021\/01\/m3000-7.png\",\"contentUrl\":\"https:\/\/alegerglobal.com\/wp-content\/uploads\/2021\/01\/m3000-7.png\",\"width\":800,\"height\":800},{\"@type\":\"BreadcrumbList\",\"@id\":\"https:\/\/alegerglobal.com\/tr\/shop-tr\/akilli-goezluekler\/vuzix-m300xl\/#breadcrumb\",\"itemListElement\":[{\"@type\":\"ListItem\",\"position\":1,\"name\":\"Home\",\"item\":\"https:\/\/alegerglobal.com\/tr\/yeni-anasayfa\/\"},{\"@type\":\"ListItem\",\"position\":2,\"name\":\"\u00dcr\u00fcnler\",\"item\":\"https:\/\/alegerglobal.com\/tr\/ueruenler\/\"},{\"@type\":\"ListItem\",\"position\":3,\"name\":\"Vuzix M300XL, Ak\u0131ll\u0131 G\u00f6zl\u00fck, 16,7 derece g\u00f6r\u00fc\u015f alan\u0131, 10 MP kamera, 64 GB bellek\"}]},{\"@type\":\"WebSite\",\"@id\":\"https:\/\/alegerglobal.com\/tr\/#website\",\"url\":\"https:\/\/alegerglobal.com\/tr\/\",\"name\":\"ALEGER \u22c6 Augmented Reality\",\"description\":\"Die besten Augmented Reality (AR) L\u00f6sungen der Welt.\",\"publisher\":{\"@id\":\"https:\/\/alegerglobal.com\/tr\/#organization\"},\"potentialAction\":[{\"@type\":\"SearchAction\",\"target\":{\"@type\":\"EntryPoint\",\"urlTemplate\":\"https:\/\/alegerglobal.com\/tr\/?s={search_term_string}\"},\"query-input\":{\"@type\":\"PropertyValueSpecification\",\"valueRequired\":true,\"valueName\":\"search_term_string\"}}],\"inLanguage\":\"tr\"},{\"@type\":\"Organization\",\"@id\":\"https:\/\/alegerglobal.com\/tr\/#organization\",\"name\":\"ALEGER \u22c6 Augmented Reality\",\"url\":\"https:\/\/alegerglobal.com\/tr\/\",\"logo\":{\"@type\":\"ImageObject\",\"inLanguage\":\"tr\",\"@id\":\"https:\/\/alegerglobal.com\/tr\/#\/schema\/logo\/image\/\",\"url\":\"https:\/\/alegerglobal.com\/wp-content\/uploads\/2020\/12\/aleger-logo-quadrat.jpg\",\"contentUrl\":\"https:\/\/alegerglobal.com\/wp-content\/uploads\/2020\/12\/aleger-logo-quadrat.jpg\",\"width\":200,\"height\":176,\"caption\":\"ALEGER \u22c6 Augmented Reality\"},\"image\":{\"@id\":\"https:\/\/alegerglobal.com\/tr\/#\/schema\/logo\/image\/\"}}]}<\/script>\n<meta property=\"product:brand\" content=\"Vuzix\" \/>\n<meta property=\"product:price:amount\" content=\"1580.00\" \/>\n<meta property=\"product:price:currency\" content=\"EUR\" \/>\n<meta property=\"og:availability\" content=\"instock\" \/>\n<meta property=\"product:availability\" content=\"instock\" \/>\n<meta property=\"product:condition\" content=\"new\" \/>\n<!-- \/ Yoast SEO Premium plugin. -->","yoast_head_json":{"title":"Vuzix M300XL Ak\u0131ll\u0131 G\u00f6zl\u00fc\u011f\u00fc buradan sat\u0131n al\u0131n ALEGER \u22c6 Augmented Reality","description":"Uzun pil \u00f6mr\u00fc, geni\u015f g\u00f6r\u00fc\u015f alan\u0131, b\u00fcy\u00fck bellek - i\u015fte end\u00fcstride art\u0131r\u0131lm\u0131\u015f ger\u00e7eklik uygulamalar\u0131 i\u00e7in Vuzix M300XL.","robots":{"index":"index","follow":"follow","max-snippet":"max-snippet:-1","max-image-preview":"max-image-preview:large","max-video-preview":"max-video-preview:-1"},"og_locale":"tr_TR","og_type":"article","og_title":"Vuzix M300XL, Ak\u0131ll\u0131 G\u00f6zl\u00fck, 16,7 derece g\u00f6r\u00fc\u015f alan\u0131, 10 MP kamera, 64 GB bellek","og_description":"Uzun pil \u00f6mr\u00fc, geni\u015f g\u00f6r\u00fc\u015f alan\u0131, b\u00fcy\u00fck bellek - i\u015fte end\u00fcstride art\u0131r\u0131lm\u0131\u015f ger\u00e7eklik uygulamalar\u0131 i\u00e7in Vuzix M300XL.","og_url":"https:\/\/alegerglobal.com\/tr\/shop-tr\/akilli-goezluekler\/vuzix-m300xl\/","og_site_name":"ALEGER \u22c6 Augmented Reality","og_image":[{"width":800,"height":800,"url":"https:\/\/alegerglobal.com\/wp-content\/uploads\/2021\/01\/m3000-7.png","type":"image\/png"}],"twitter_card":"summary_large_image","twitter_misc":{"Fiyat":"&euro;1.580,00","Durumu":"Stokta var"},"schema":{"@context":"https:\/\/schema.org","@graph":[{"@type":"WebPage","@id":"https:\/\/alegerglobal.com\/tr\/shop-tr\/akilli-goezluekler\/vuzix-m300xl\/","url":"https:\/\/alegerglobal.com\/tr\/shop-tr\/akilli-goezluekler\/vuzix-m300xl\/","name":"Vuzix M300XL Ak\u0131ll\u0131 G\u00f6zl\u00fc\u011f\u00fc buradan sat\u0131n al\u0131n ALEGER \u22c6 Augmented Reality","isPartOf":{"@id":"https:\/\/alegerglobal.com\/tr\/#website"},"primaryImageOfPage":{"@id":"https:\/\/alegerglobal.com\/tr\/shop-tr\/akilli-goezluekler\/vuzix-m300xl\/#primaryimage"},"image":{"@id":"https:\/\/alegerglobal.com\/tr\/shop-tr\/akilli-goezluekler\/vuzix-m300xl\/#primaryimage"},"thumbnailUrl":"https:\/\/alegerglobal.com\/wp-content\/uploads\/2021\/01\/m3000-7.png","datePublished":"2024-06-03T10:12:59+00:00","dateModified":"2024-06-03T10:12:59+00:00","description":"Uzun pil \u00f6mr\u00fc, geni\u015f g\u00f6r\u00fc\u015f alan\u0131, b\u00fcy\u00fck bellek - i\u015fte end\u00fcstride art\u0131r\u0131lm\u0131\u015f ger\u00e7eklik uygulamalar\u0131 i\u00e7in Vuzix M300XL.","breadcrumb":{"@id":"https:\/\/alegerglobal.com\/tr\/shop-tr\/akilli-goezluekler\/vuzix-m300xl\/#breadcrumb"},"inLanguage":"tr","potentialAction":[{"@type":"ReadAction","target":["https:\/\/alegerglobal.com\/tr\/shop-tr\/akilli-goezluekler\/vuzix-m300xl\/"]}]},{"@type":"ImageObject","inLanguage":"tr","@id":"https:\/\/alegerglobal.com\/tr\/shop-tr\/akilli-goezluekler\/vuzix-m300xl\/#primaryimage","url":"https:\/\/alegerglobal.com\/wp-content\/uploads\/2021\/01\/m3000-7.png","contentUrl":"https:\/\/alegerglobal.com\/wp-content\/uploads\/2021\/01\/m3000-7.png","width":800,"height":800},{"@type":"BreadcrumbList","@id":"https:\/\/alegerglobal.com\/tr\/shop-tr\/akilli-goezluekler\/vuzix-m300xl\/#breadcrumb","itemListElement":[{"@type":"ListItem","position":1,"name":"Home","item":"https:\/\/alegerglobal.com\/tr\/yeni-anasayfa\/"},{"@type":"ListItem","position":2,"name":"\u00dcr\u00fcnler","item":"https:\/\/alegerglobal.com\/tr\/ueruenler\/"},{"@type":"ListItem","position":3,"name":"Vuzix M300XL, Ak\u0131ll\u0131 G\u00f6zl\u00fck, 16,7 derece g\u00f6r\u00fc\u015f alan\u0131, 10 MP kamera, 64 GB bellek"}]},{"@type":"WebSite","@id":"https:\/\/alegerglobal.com\/tr\/#website","url":"https:\/\/alegerglobal.com\/tr\/","name":"ALEGER \u22c6 Augmented Reality","description":"Die besten Augmented Reality (AR) L\u00f6sungen der Welt.","publisher":{"@id":"https:\/\/alegerglobal.com\/tr\/#organization"},"potentialAction":[{"@type":"SearchAction","target":{"@type":"EntryPoint","urlTemplate":"https:\/\/alegerglobal.com\/tr\/?s={search_term_string}"},"query-input":{"@type":"PropertyValueSpecification","valueRequired":true,"valueName":"search_term_string"}}],"inLanguage":"tr"},{"@type":"Organization","@id":"https:\/\/alegerglobal.com\/tr\/#organization","name":"ALEGER \u22c6 Augmented Reality","url":"https:\/\/alegerglobal.com\/tr\/","logo":{"@type":"ImageObject","inLanguage":"tr","@id":"https:\/\/alegerglobal.com\/tr\/#\/schema\/logo\/image\/","url":"https:\/\/alegerglobal.com\/wp-content\/uploads\/2020\/12\/aleger-logo-quadrat.jpg","contentUrl":"https:\/\/alegerglobal.com\/wp-content\/uploads\/2020\/12\/aleger-logo-quadrat.jpg","width":200,"height":176,"caption":"ALEGER \u22c6 Augmented Reality"},"image":{"@id":"https:\/\/alegerglobal.com\/tr\/#\/schema\/logo\/image\/"}}]},"product_brand":"Vuzix","product_price_amount":"1580.00","product_price_currency":"EUR","og_availability":"instock","product_availability":"instock","product_condition":"new"},"_links":{"self":[{"href":"https:\/\/alegerglobal.com\/tr\/wp-json\/wp\/v2\/product\/38884","targetHints":{"allow":["GET"]}}],"collection":[{"href":"https:\/\/alegerglobal.com\/tr\/wp-json\/wp\/v2\/product"}],"about":[{"href":"https:\/\/alegerglobal.com\/tr\/wp-json\/wp\/v2\/types\/product"}],"replies":[{"embeddable":true,"href":"https:\/\/alegerglobal.com\/tr\/wp-json\/wp\/v2\/comments?post=38884"}],"version-history":[{"count":0,"href":"https:\/\/alegerglobal.com\/tr\/wp-json\/wp\/v2\/product\/38884\/revisions"}],"wp:featuredmedia":[{"embeddable":true,"href":"https:\/\/alegerglobal.com\/tr\/wp-json\/wp\/v2\/media\/38886"}],"wp:attachment":[{"href":"https:\/\/alegerglobal.com\/tr\/wp-json\/wp\/v2\/media?parent=38884"}],"wp:term":[{"taxonomy":"product_brand","embeddable":true,"href":"https:\/\/alegerglobal.com\/tr\/wp-json\/wp\/v2\/product_brand?post=38884"},{"taxonomy":"product_cat","embeddable":true,"href":"https:\/\/alegerglobal.com\/tr\/wp-json\/wp\/v2\/product_cat?post=38884"},{"taxonomy":"product_tag","embeddable":true,"href":"https:\/\/alegerglobal.com\/tr\/wp-json\/wp\/v2\/product_tag?post=38884"}],"curies":[{"name":"wp","href":"https:\/\/api.w.org\/{rel}","templated":true}]}}