{"id":38883,"date":"2021-03-12T04:24:52","date_gmt":"2024-06-03T10:12:59","guid":{"rendered":"https:\/\/alegerglobal.com\/kategorilenmemis\/hololens-2-akilli-goezluek-50-derecelik-goerues-alani-windows-holografik\/"},"modified":"2024-06-03T11:12:59","modified_gmt":"2024-06-03T10:12:59","slug":"hololens-2","status":"publish","type":"product","link":"https:\/\/alegerglobal.com\/tr\/shop-tr\/akilli-goezluekler\/hololens-2\/","title":{"rendered":"HoloLens 2, ak\u0131ll\u0131 g\u00f6zl\u00fck, 50 derecelik g\u00f6r\u00fc\u015f alan\u0131, Windows Holografik"},"content":{"rendered":"","protected":false},"excerpt":{"rendered":"<ul>\n<li style=\"font-weight: 400;\"><b>Uzun kullan\u0131m:<\/b><span style=\"font-weight: 400;\"> 2-3 saat pil \u00f6mr\u00fc<\/span><\/li>\n<li style=\"font-weight: 400;\"><b>Her zaman mobil: <\/b><span style=\"font-weight: 400;\">PC ba\u011flant\u0131s\u0131 olmadan ba\u011f\u0131ms\u0131z olarak kullan\u0131labilir<\/span><\/li>\n<li style=\"font-weight: 400;\"><b>Rahat\u00e7a \u00e7al\u0131\u015f\u0131n:<\/b><span style=\"font-weight: 400;\"> 75 Hz yenileme h\u0131z\u0131 ve 2K \u00e7\u00f6z\u00fcn\u00fcrl\u00fck ile 50 derece g\u00f6r\u00fc\u015f alan\u0131na sahip ekran<\/span><\/li>\n<li style=\"font-weight: 400;\"><b>Modern yaz\u0131l\u0131m teknolojisi:<\/b><span style=\"font-weight: 400;\"> Geli\u015fmi\u015f yapay zeka yaz\u0131l\u0131m\u0131 insan beyninin i\u015flevini sim\u00fcle ediyor<\/span><\/li>\n<li style=\"font-weight: 400;\"><b>Sezgisel kullan\u0131m:<\/b><span style=\"font-weight: 400;\"> Do\u011frudan hareketle kontrol ve do\u011fal dil ile kontrol<\/span><\/li>\n<li style=\"font-weight: 400;\"><b>Zorlu uygulamalar i\u00e7in g\u00fc\u00e7l\u00fc donan\u0131m:<\/b> Snapdragon 850 i\u015flemci ve 2 GB DDR4 bellek<\/li>\n<\/ul>\n","protected":false},"featured_media":38885,"comment_status":"open","ping_status":"closed","template":"","meta":{"_acf_changed":false},"product_brand":[],"product_cat":[2317,2318],"product_tag":[],"class_list":{"0":"post-38883","1":"product","2":"type-product","3":"status-publish","4":"has-post-thumbnail","6":"product_cat-akilli-goezluekler","7":"product_cat-shop-tr","8":"pa_hersteller-microsoft-tr","10":"first","11":"instock","12":"taxable","13":"shipping-taxable","14":"purchasable","15":"product-type-simple"},"acf":[],"yoast_head":"<!-- This site is optimized with the Yoast SEO Premium plugin v20.10 (Yoast SEO v24.3) - https:\/\/yoast.com\/wordpress\/plugins\/seo\/ -->\n<title>Micrososft Hololens 2 Sat\u0131n Al\u0131n \ud83e\udd7d - ALEGER \u22c6 Augmented Reality<\/title>\n<meta name=\"description\" content=\"Hololens 2&#039;yi buradan sat\u0131n al\u0131n ve rekabet avantaj\u0131 sa\u011flay\u0131n. Dijital m\u00fchendislikten ak\u0131ll\u0131 binalara kadar Hololens i\u015finizi ileriye ta\u015f\u0131yacak.\" \/>\n<meta name=\"robots\" content=\"index, follow, max-snippet:-1, max-image-preview:large, max-video-preview:-1\" \/>\n<meta property=\"og:locale\" content=\"tr_TR\" \/>\n<meta property=\"og:type\" content=\"article\" \/>\n<meta property=\"og:title\" content=\"HoloLens 2, ak\u0131ll\u0131 g\u00f6zl\u00fck, 50 derecelik g\u00f6r\u00fc\u015f alan\u0131, Windows Holografik\" \/>\n<meta property=\"og:description\" content=\"Hololens 2&#039;yi buradan sat\u0131n al\u0131n ve rekabet avantaj\u0131 sa\u011flay\u0131n. Dijital m\u00fchendislikten ak\u0131ll\u0131 binalara kadar Hololens i\u015finizi ileriye ta\u015f\u0131yacak.\" \/>\n<meta property=\"og:url\" content=\"https:\/\/alegerglobal.com\/tr\/shop-tr\/akilli-goezluekler\/hololens-2\/\" \/>\n<meta property=\"og:site_name\" content=\"ALEGER \u22c6 Augmented Reality\" \/>\n<meta property=\"og:image\" content=\"https:\/\/alegerglobal.com\/wp-content\/uploads\/2021\/01\/Aleger_HoloLens2_CLA_08_f-scaled.jpg\" \/>\n\t<meta property=\"og:image:width\" content=\"2560\" \/>\n\t<meta property=\"og:image:height\" content=\"1706\" \/>\n\t<meta property=\"og:image:type\" content=\"image\/jpeg\" \/>\n<meta name=\"twitter:card\" content=\"summary_large_image\" \/>\n<meta name=\"twitter:label1\" content=\"Fiyat\" \/>\n\t<meta name=\"twitter:data1\" content=\"&euro;3.649,00\" \/>\n\t<meta name=\"twitter:label2\" content=\"Durumu\" \/>\n\t<meta name=\"twitter:data2\" content=\"Stokta var\" \/>\n<script type=\"application\/ld+json\" class=\"yoast-schema-graph\">{\"@context\":\"https:\/\/schema.org\",\"@graph\":[{\"@type\":\"WebPage\",\"@id\":\"https:\/\/alegerglobal.com\/tr\/shop-tr\/akilli-goezluekler\/hololens-2\/\",\"url\":\"https:\/\/alegerglobal.com\/tr\/shop-tr\/akilli-goezluekler\/hololens-2\/\",\"name\":\"Micrososft Hololens 2 Sat\u0131n Al\u0131n \ud83e\udd7d - ALEGER \u22c6 Augmented Reality\",\"isPartOf\":{\"@id\":\"https:\/\/alegerglobal.com\/tr\/#website\"},\"primaryImageOfPage\":{\"@id\":\"https:\/\/alegerglobal.com\/tr\/shop-tr\/akilli-goezluekler\/hololens-2\/#primaryimage\"},\"image\":{\"@id\":\"https:\/\/alegerglobal.com\/tr\/shop-tr\/akilli-goezluekler\/hololens-2\/#primaryimage\"},\"thumbnailUrl\":\"https:\/\/alegerglobal.com\/wp-content\/uploads\/2021\/01\/Aleger_HoloLens2_CLA_08_f-scaled.jpg\",\"datePublished\":\"2024-06-03T10:12:59+00:00\",\"dateModified\":\"2024-06-03T10:12:59+00:00\",\"description\":\"Hololens 2'yi buradan sat\u0131n al\u0131n ve rekabet avantaj\u0131 sa\u011flay\u0131n. Dijital m\u00fchendislikten ak\u0131ll\u0131 binalara kadar Hololens i\u015finizi ileriye ta\u015f\u0131yacak.\",\"breadcrumb\":{\"@id\":\"https:\/\/alegerglobal.com\/tr\/shop-tr\/akilli-goezluekler\/hololens-2\/#breadcrumb\"},\"inLanguage\":\"tr\",\"potentialAction\":[{\"@type\":\"ReadAction\",\"target\":[\"https:\/\/alegerglobal.com\/tr\/shop-tr\/akilli-goezluekler\/hololens-2\/\"]}]},{\"@type\":\"ImageObject\",\"inLanguage\":\"tr\",\"@id\":\"https:\/\/alegerglobal.com\/tr\/shop-tr\/akilli-goezluekler\/hololens-2\/#primaryimage\",\"url\":\"https:\/\/alegerglobal.com\/wp-content\/uploads\/2021\/01\/Aleger_HoloLens2_CLA_08_f-scaled.jpg\",\"contentUrl\":\"https:\/\/alegerglobal.com\/wp-content\/uploads\/2021\/01\/Aleger_HoloLens2_CLA_08_f-scaled.jpg\",\"width\":2560,\"height\":1706},{\"@type\":\"BreadcrumbList\",\"@id\":\"https:\/\/alegerglobal.com\/tr\/shop-tr\/akilli-goezluekler\/hololens-2\/#breadcrumb\",\"itemListElement\":[{\"@type\":\"ListItem\",\"position\":1,\"name\":\"Home\",\"item\":\"https:\/\/alegerglobal.com\/tr\/yeni-anasayfa\/\"},{\"@type\":\"ListItem\",\"position\":2,\"name\":\"\u00dcr\u00fcnler\",\"item\":\"https:\/\/alegerglobal.com\/tr\/ueruenler\/\"},{\"@type\":\"ListItem\",\"position\":3,\"name\":\"HoloLens 2, ak\u0131ll\u0131 g\u00f6zl\u00fck, 50 derecelik g\u00f6r\u00fc\u015f alan\u0131, Windows Holografik\"}]},{\"@type\":\"WebSite\",\"@id\":\"https:\/\/alegerglobal.com\/tr\/#website\",\"url\":\"https:\/\/alegerglobal.com\/tr\/\",\"name\":\"ALEGER \u22c6 Augmented Reality\",\"description\":\"Die besten Augmented Reality (AR) L\u00f6sungen der Welt.\",\"publisher\":{\"@id\":\"https:\/\/alegerglobal.com\/tr\/#organization\"},\"potentialAction\":[{\"@type\":\"SearchAction\",\"target\":{\"@type\":\"EntryPoint\",\"urlTemplate\":\"https:\/\/alegerglobal.com\/tr\/?s={search_term_string}\"},\"query-input\":{\"@type\":\"PropertyValueSpecification\",\"valueRequired\":true,\"valueName\":\"search_term_string\"}}],\"inLanguage\":\"tr\"},{\"@type\":\"Organization\",\"@id\":\"https:\/\/alegerglobal.com\/tr\/#organization\",\"name\":\"ALEGER \u22c6 Augmented Reality\",\"url\":\"https:\/\/alegerglobal.com\/tr\/\",\"logo\":{\"@type\":\"ImageObject\",\"inLanguage\":\"tr\",\"@id\":\"https:\/\/alegerglobal.com\/tr\/#\/schema\/logo\/image\/\",\"url\":\"https:\/\/alegerglobal.com\/wp-content\/uploads\/2020\/12\/aleger-logo-quadrat.jpg\",\"contentUrl\":\"https:\/\/alegerglobal.com\/wp-content\/uploads\/2020\/12\/aleger-logo-quadrat.jpg\",\"width\":200,\"height\":176,\"caption\":\"ALEGER \u22c6 Augmented Reality\"},\"image\":{\"@id\":\"https:\/\/alegerglobal.com\/tr\/#\/schema\/logo\/image\/\"}}]}<\/script>\n<meta property=\"product:brand\" content=\"Microsoft\" \/>\n<meta property=\"product:price:amount\" content=\"3649.00\" \/>\n<meta property=\"product:price:currency\" content=\"EUR\" \/>\n<meta property=\"og:availability\" content=\"instock\" \/>\n<meta property=\"product:availability\" content=\"instock\" \/>\n<meta property=\"product:condition\" content=\"new\" \/>\n<!-- \/ Yoast SEO Premium plugin. -->","yoast_head_json":{"title":"Micrososft Hololens 2 Sat\u0131n Al\u0131n \ud83e\udd7d - ALEGER \u22c6 Augmented Reality","description":"Hololens 2'yi buradan sat\u0131n al\u0131n ve rekabet avantaj\u0131 sa\u011flay\u0131n. Dijital m\u00fchendislikten ak\u0131ll\u0131 binalara kadar Hololens i\u015finizi ileriye ta\u015f\u0131yacak.","robots":{"index":"index","follow":"follow","max-snippet":"max-snippet:-1","max-image-preview":"max-image-preview:large","max-video-preview":"max-video-preview:-1"},"og_locale":"tr_TR","og_type":"article","og_title":"HoloLens 2, ak\u0131ll\u0131 g\u00f6zl\u00fck, 50 derecelik g\u00f6r\u00fc\u015f alan\u0131, Windows Holografik","og_description":"Hololens 2'yi buradan sat\u0131n al\u0131n ve rekabet avantaj\u0131 sa\u011flay\u0131n. Dijital m\u00fchendislikten ak\u0131ll\u0131 binalara kadar Hololens i\u015finizi ileriye ta\u015f\u0131yacak.","og_url":"https:\/\/alegerglobal.com\/tr\/shop-tr\/akilli-goezluekler\/hololens-2\/","og_site_name":"ALEGER \u22c6 Augmented Reality","og_image":[{"width":2560,"height":1706,"url":"https:\/\/alegerglobal.com\/wp-content\/uploads\/2021\/01\/Aleger_HoloLens2_CLA_08_f-scaled.jpg","type":"image\/jpeg"}],"twitter_card":"summary_large_image","twitter_misc":{"Fiyat":"&euro;3.649,00","Durumu":"Stokta var"},"schema":{"@context":"https:\/\/schema.org","@graph":[{"@type":"WebPage","@id":"https:\/\/alegerglobal.com\/tr\/shop-tr\/akilli-goezluekler\/hololens-2\/","url":"https:\/\/alegerglobal.com\/tr\/shop-tr\/akilli-goezluekler\/hololens-2\/","name":"Micrososft Hololens 2 Sat\u0131n Al\u0131n \ud83e\udd7d - ALEGER \u22c6 Augmented Reality","isPartOf":{"@id":"https:\/\/alegerglobal.com\/tr\/#website"},"primaryImageOfPage":{"@id":"https:\/\/alegerglobal.com\/tr\/shop-tr\/akilli-goezluekler\/hololens-2\/#primaryimage"},"image":{"@id":"https:\/\/alegerglobal.com\/tr\/shop-tr\/akilli-goezluekler\/hololens-2\/#primaryimage"},"thumbnailUrl":"https:\/\/alegerglobal.com\/wp-content\/uploads\/2021\/01\/Aleger_HoloLens2_CLA_08_f-scaled.jpg","datePublished":"2024-06-03T10:12:59+00:00","dateModified":"2024-06-03T10:12:59+00:00","description":"Hololens 2'yi buradan sat\u0131n al\u0131n ve rekabet avantaj\u0131 sa\u011flay\u0131n. Dijital m\u00fchendislikten ak\u0131ll\u0131 binalara kadar Hololens i\u015finizi ileriye ta\u015f\u0131yacak.","breadcrumb":{"@id":"https:\/\/alegerglobal.com\/tr\/shop-tr\/akilli-goezluekler\/hololens-2\/#breadcrumb"},"inLanguage":"tr","potentialAction":[{"@type":"ReadAction","target":["https:\/\/alegerglobal.com\/tr\/shop-tr\/akilli-goezluekler\/hololens-2\/"]}]},{"@type":"ImageObject","inLanguage":"tr","@id":"https:\/\/alegerglobal.com\/tr\/shop-tr\/akilli-goezluekler\/hololens-2\/#primaryimage","url":"https:\/\/alegerglobal.com\/wp-content\/uploads\/2021\/01\/Aleger_HoloLens2_CLA_08_f-scaled.jpg","contentUrl":"https:\/\/alegerglobal.com\/wp-content\/uploads\/2021\/01\/Aleger_HoloLens2_CLA_08_f-scaled.jpg","width":2560,"height":1706},{"@type":"BreadcrumbList","@id":"https:\/\/alegerglobal.com\/tr\/shop-tr\/akilli-goezluekler\/hololens-2\/#breadcrumb","itemListElement":[{"@type":"ListItem","position":1,"name":"Home","item":"https:\/\/alegerglobal.com\/tr\/yeni-anasayfa\/"},{"@type":"ListItem","position":2,"name":"\u00dcr\u00fcnler","item":"https:\/\/alegerglobal.com\/tr\/ueruenler\/"},{"@type":"ListItem","position":3,"name":"HoloLens 2, ak\u0131ll\u0131 g\u00f6zl\u00fck, 50 derecelik g\u00f6r\u00fc\u015f alan\u0131, Windows Holografik"}]},{"@type":"WebSite","@id":"https:\/\/alegerglobal.com\/tr\/#website","url":"https:\/\/alegerglobal.com\/tr\/","name":"ALEGER \u22c6 Augmented Reality","description":"Die besten Augmented Reality (AR) L\u00f6sungen der Welt.","publisher":{"@id":"https:\/\/alegerglobal.com\/tr\/#organization"},"potentialAction":[{"@type":"SearchAction","target":{"@type":"EntryPoint","urlTemplate":"https:\/\/alegerglobal.com\/tr\/?s={search_term_string}"},"query-input":{"@type":"PropertyValueSpecification","valueRequired":true,"valueName":"search_term_string"}}],"inLanguage":"tr"},{"@type":"Organization","@id":"https:\/\/alegerglobal.com\/tr\/#organization","name":"ALEGER \u22c6 Augmented Reality","url":"https:\/\/alegerglobal.com\/tr\/","logo":{"@type":"ImageObject","inLanguage":"tr","@id":"https:\/\/alegerglobal.com\/tr\/#\/schema\/logo\/image\/","url":"https:\/\/alegerglobal.com\/wp-content\/uploads\/2020\/12\/aleger-logo-quadrat.jpg","contentUrl":"https:\/\/alegerglobal.com\/wp-content\/uploads\/2020\/12\/aleger-logo-quadrat.jpg","width":200,"height":176,"caption":"ALEGER \u22c6 Augmented Reality"},"image":{"@id":"https:\/\/alegerglobal.com\/tr\/#\/schema\/logo\/image\/"}}]},"product_brand":"Microsoft","product_price_amount":"3649.00","product_price_currency":"EUR","og_availability":"instock","product_availability":"instock","product_condition":"new"},"_links":{"self":[{"href":"https:\/\/alegerglobal.com\/tr\/wp-json\/wp\/v2\/product\/38883","targetHints":{"allow":["GET"]}}],"collection":[{"href":"https:\/\/alegerglobal.com\/tr\/wp-json\/wp\/v2\/product"}],"about":[{"href":"https:\/\/alegerglobal.com\/tr\/wp-json\/wp\/v2\/types\/product"}],"replies":[{"embeddable":true,"href":"https:\/\/alegerglobal.com\/tr\/wp-json\/wp\/v2\/comments?post=38883"}],"version-history":[{"count":0,"href":"https:\/\/alegerglobal.com\/tr\/wp-json\/wp\/v2\/product\/38883\/revisions"}],"wp:featuredmedia":[{"embeddable":true,"href":"https:\/\/alegerglobal.com\/tr\/wp-json\/wp\/v2\/media\/38885"}],"wp:attachment":[{"href":"https:\/\/alegerglobal.com\/tr\/wp-json\/wp\/v2\/media?parent=38883"}],"wp:term":[{"taxonomy":"product_brand","embeddable":true,"href":"https:\/\/alegerglobal.com\/tr\/wp-json\/wp\/v2\/product_brand?post=38883"},{"taxonomy":"product_cat","embeddable":true,"href":"https:\/\/alegerglobal.com\/tr\/wp-json\/wp\/v2\/product_cat?post=38883"},{"taxonomy":"product_tag","embeddable":true,"href":"https:\/\/alegerglobal.com\/tr\/wp-json\/wp\/v2\/product_tag?post=38883"}],"curies":[{"name":"wp","href":"https:\/\/api.w.org\/{rel}","templated":true}]}}