{"id":38865,"date":"2022-01-11T04:54:09","date_gmt":"2024-06-03T10:12:20","guid":{"rendered":"https:\/\/alegerglobal.com\/kategorilenmemis\/ar-kafa-bandi-olarak-atex-boelge-1-ve-2-icin-rokid-x-craft-eller-serbest-kontrol-5g-3-mikrofon\/"},"modified":"2026-02-17T12:34:13","modified_gmt":"2026-02-17T11:34:13","slug":"rokid-x-craft","status":"publish","type":"product","link":"https:\/\/alegerglobal.com\/tr\/shop-tr\/akilli-goezluekler\/rokid-x-craft\/","title":{"rendered":"AR kafa band\u0131 olarak ATEX B\u00f6lge 1 ve 2 i\u00e7in Rokid X-Craft, eller serbest kontrol, 5G, 3 mikrofon"},"content":{"rendered":"","protected":false},"excerpt":{"rendered":"<ul>\n<li aria-level=\"1\"><b>IP66 sertifikal\u0131 Atex B\u00f6lge 1 ve 2 i\u00e7in sa\u011flam veri g\u00f6zl\u00fckleri<\/b><\/li>\n<li aria-level=\"1\"><b>Ergonomik tasar\u0131m:<\/b><span style=\"font-weight: 400;\"> D\u00fc\u015f\u00fck ve e\u015fit da\u011f\u0131lm\u0131\u015f a\u011f\u0131rl\u0131k <\/span> <\/li>\n<li aria-level=\"1\"><b>Kask ile kullan\u0131m:<\/b><span style=\"font-weight: 400;\"> \u00c7e\u015fitli kasklara montaj<\/span><\/li>\n<li aria-level=\"1\"><b>5G \u00f6zellikli:<\/b><span style=\"font-weight: 400;\"> Ger\u00e7ek zamanl\u0131 IoT uygulamalar\u0131nda kullan\u0131m i\u00e7in modern ba\u011flant\u0131 standartlar\u0131<\/span><\/li>\n<li aria-level=\"1\"><b>Eller serbest ses kontrol\u00fc: <\/b><span style=\"font-weight: 400;\">Yapay zekaya sahip 3 mikrofon, g\u00fcr\u00fclt\u00fcl\u00fc ortamlarda bile hassas ses kontrol\u00fc sa\u011flar<\/span><\/li>\n<li aria-level=\"1\"><b>\u00d6zelle\u015ftirilebilir:<\/b> Mod\u00fcler sistem, aksesuarlar\u0131n ve sens\u00f6rler gibi cihazlar\u0131n ba\u011flanmas\u0131n\u0131 sa\u011flar<\/li>\n<\/ul>\n<ul>\n<li style=\"list-style-type: none;\">\n<\/li>\n<\/ul>\n","protected":false},"featured_media":38866,"comment_status":"open","ping_status":"closed","template":"","meta":{"_acf_changed":false},"product_brand":[],"product_cat":[2317,2319,2618,2617,2318],"product_tag":[],"class_list":{"0":"post-38865","1":"product","2":"type-product","3":"status-publish","4":"has-post-thumbnail","6":"product_cat-akilli-goezluekler","7":"product_cat-atex-tr","8":"product_cat-iletisim","9":"product_cat-mobil-bilisim","10":"product_cat-shop-tr","11":"pa_hersteller-rokid-tr","13":"first","14":"instock","15":"taxable","16":"shipping-taxable","17":"product-type-simple"},"acf":[],"yoast_head":"<!-- This site is optimized with the Yoast SEO Premium plugin v20.10 (Yoast SEO v24.3) - https:\/\/yoast.com\/wordpress\/plugins\/seo\/ -->\n<title>Rokid X-Craft - ATEX B\u00f6lge 1 ve - ALEGER \u22c6 Augmented Reality<\/title>\n<meta name=\"description\" content=\"Potansiyel olarak patlay\u0131c\u0131 ortamlarda \u00e7al\u0131\u015fmak i\u00e7in sa\u011flam veri g\u00f6zl\u00fckleri ar\u0131yorsunuz. Rokid X-Craft&#039;\u0131 buradan sat\u0131n al\u0131n!\" \/>\n<meta name=\"robots\" content=\"index, follow, max-snippet:-1, max-image-preview:large, max-video-preview:-1\" \/>\n<meta property=\"og:locale\" content=\"tr_TR\" \/>\n<meta property=\"og:type\" content=\"article\" \/>\n<meta property=\"og:title\" content=\"AR kafa band\u0131 olarak ATEX B\u00f6lge 1 ve 2 i\u00e7in Rokid X-Craft, eller serbest kontrol, 5G, 3 mikrofon\" \/>\n<meta property=\"og:description\" content=\"Potansiyel olarak patlay\u0131c\u0131 ortamlarda \u00e7al\u0131\u015fmak i\u00e7in sa\u011flam veri g\u00f6zl\u00fckleri ar\u0131yorsunuz. Rokid X-Craft&#039;\u0131 buradan sat\u0131n al\u0131n!\" \/>\n<meta property=\"og:url\" content=\"https:\/\/alegerglobal.com\/tr\/shop-tr\/akilli-goezluekler\/rokid-x-craft\/\" \/>\n<meta property=\"og:site_name\" content=\"ALEGER \u22c6 Augmented Reality\" \/>\n<meta property=\"article:modified_time\" content=\"2026-02-17T11:34:13+00:00\" \/>\n<meta property=\"og:image\" content=\"https:\/\/alegerglobal.com\/wp-content\/uploads\/2022\/01\/dvsav.png\" \/>\n\t<meta property=\"og:image:width\" content=\"800\" \/>\n\t<meta property=\"og:image:height\" content=\"800\" \/>\n\t<meta property=\"og:image:type\" content=\"image\/png\" \/>\n<meta name=\"twitter:card\" content=\"summary_large_image\" \/>\n<meta name=\"twitter:label1\" content=\"Fiyat\" \/>\n\t<meta name=\"twitter:data1\" content=\"\" \/>\n\t<meta name=\"twitter:label2\" content=\"Durumu\" \/>\n\t<meta name=\"twitter:data2\" content=\"Stokta var\" \/>\n<script type=\"application\/ld+json\" class=\"yoast-schema-graph\">{\"@context\":\"https:\/\/schema.org\",\"@graph\":[{\"@type\":\"WebPage\",\"@id\":\"https:\/\/alegerglobal.com\/tr\/shop-tr\/akilli-goezluekler\/rokid-x-craft\/\",\"url\":\"https:\/\/alegerglobal.com\/tr\/shop-tr\/akilli-goezluekler\/rokid-x-craft\/\",\"name\":\"Rokid X-Craft - ATEX B\u00f6lge 1 ve - ALEGER \u22c6 Augmented Reality\",\"isPartOf\":{\"@id\":\"https:\/\/alegerglobal.com\/tr\/#website\"},\"primaryImageOfPage\":{\"@id\":\"https:\/\/alegerglobal.com\/tr\/shop-tr\/akilli-goezluekler\/rokid-x-craft\/#primaryimage\"},\"image\":{\"@id\":\"https:\/\/alegerglobal.com\/tr\/shop-tr\/akilli-goezluekler\/rokid-x-craft\/#primaryimage\"},\"thumbnailUrl\":\"https:\/\/alegerglobal.com\/wp-content\/uploads\/2022\/01\/dvsav.png\",\"datePublished\":\"2024-06-03T10:12:20+00:00\",\"dateModified\":\"2026-02-17T11:34:13+00:00\",\"description\":\"Potansiyel olarak patlay\u0131c\u0131 ortamlarda \u00e7al\u0131\u015fmak i\u00e7in sa\u011flam veri g\u00f6zl\u00fckleri ar\u0131yorsunuz. Rokid X-Craft'\u0131 buradan sat\u0131n al\u0131n!\",\"breadcrumb\":{\"@id\":\"https:\/\/alegerglobal.com\/tr\/shop-tr\/akilli-goezluekler\/rokid-x-craft\/#breadcrumb\"},\"inLanguage\":\"tr\",\"potentialAction\":[{\"@type\":\"ReadAction\",\"target\":[\"https:\/\/alegerglobal.com\/tr\/shop-tr\/akilli-goezluekler\/rokid-x-craft\/\"]}]},{\"@type\":\"ImageObject\",\"inLanguage\":\"tr\",\"@id\":\"https:\/\/alegerglobal.com\/tr\/shop-tr\/akilli-goezluekler\/rokid-x-craft\/#primaryimage\",\"url\":\"https:\/\/alegerglobal.com\/wp-content\/uploads\/2022\/01\/dvsav.png\",\"contentUrl\":\"https:\/\/alegerglobal.com\/wp-content\/uploads\/2022\/01\/dvsav.png\",\"width\":800,\"height\":800},{\"@type\":\"BreadcrumbList\",\"@id\":\"https:\/\/alegerglobal.com\/tr\/shop-tr\/akilli-goezluekler\/rokid-x-craft\/#breadcrumb\",\"itemListElement\":[{\"@type\":\"ListItem\",\"position\":1,\"name\":\"Home\",\"item\":\"https:\/\/alegerglobal.com\/tr\/yeni-anasayfa\/\"},{\"@type\":\"ListItem\",\"position\":2,\"name\":\"\u00dcr\u00fcnler\",\"item\":\"https:\/\/alegerglobal.com\/tr\/ueruenler\/\"},{\"@type\":\"ListItem\",\"position\":3,\"name\":\"AR kafa band\u0131 olarak ATEX B\u00f6lge 1 ve 2 i\u00e7in Rokid X-Craft, eller serbest kontrol, 5G, 3 mikrofon\"}]},{\"@type\":\"WebSite\",\"@id\":\"https:\/\/alegerglobal.com\/tr\/#website\",\"url\":\"https:\/\/alegerglobal.com\/tr\/\",\"name\":\"ALEGER \u22c6 Augmented Reality\",\"description\":\"Die besten Augmented Reality (AR) L\u00f6sungen der Welt.\",\"publisher\":{\"@id\":\"https:\/\/alegerglobal.com\/tr\/#organization\"},\"potentialAction\":[{\"@type\":\"SearchAction\",\"target\":{\"@type\":\"EntryPoint\",\"urlTemplate\":\"https:\/\/alegerglobal.com\/tr\/?s={search_term_string}\"},\"query-input\":{\"@type\":\"PropertyValueSpecification\",\"valueRequired\":true,\"valueName\":\"search_term_string\"}}],\"inLanguage\":\"tr\"},{\"@type\":\"Organization\",\"@id\":\"https:\/\/alegerglobal.com\/tr\/#organization\",\"name\":\"ALEGER \u22c6 Augmented Reality\",\"url\":\"https:\/\/alegerglobal.com\/tr\/\",\"logo\":{\"@type\":\"ImageObject\",\"inLanguage\":\"tr\",\"@id\":\"https:\/\/alegerglobal.com\/tr\/#\/schema\/logo\/image\/\",\"url\":\"https:\/\/alegerglobal.com\/wp-content\/uploads\/2020\/12\/aleger-logo-quadrat.jpg\",\"contentUrl\":\"https:\/\/alegerglobal.com\/wp-content\/uploads\/2020\/12\/aleger-logo-quadrat.jpg\",\"width\":200,\"height\":176,\"caption\":\"ALEGER \u22c6 Augmented Reality\"},\"image\":{\"@id\":\"https:\/\/alegerglobal.com\/tr\/#\/schema\/logo\/image\/\"}}]}<\/script>\n<meta property=\"product:brand\" content=\"Rokid\" \/>\n<meta property=\"product:price:amount\" content=\"0.00\" \/>\n<meta property=\"product:price:currency\" content=\"EUR\" \/>\n<meta property=\"og:availability\" content=\"instock\" \/>\n<meta property=\"product:availability\" content=\"instock\" \/>\n<meta property=\"product:condition\" content=\"new\" \/>\n<!-- \/ Yoast SEO Premium plugin. -->","yoast_head_json":{"title":"Rokid X-Craft - ATEX B\u00f6lge 1 ve - ALEGER \u22c6 Augmented Reality","description":"Potansiyel olarak patlay\u0131c\u0131 ortamlarda \u00e7al\u0131\u015fmak i\u00e7in sa\u011flam veri g\u00f6zl\u00fckleri ar\u0131yorsunuz. Rokid X-Craft'\u0131 buradan sat\u0131n al\u0131n!","robots":{"index":"index","follow":"follow","max-snippet":"max-snippet:-1","max-image-preview":"max-image-preview:large","max-video-preview":"max-video-preview:-1"},"og_locale":"tr_TR","og_type":"article","og_title":"AR kafa band\u0131 olarak ATEX B\u00f6lge 1 ve 2 i\u00e7in Rokid X-Craft, eller serbest kontrol, 5G, 3 mikrofon","og_description":"Potansiyel olarak patlay\u0131c\u0131 ortamlarda \u00e7al\u0131\u015fmak i\u00e7in sa\u011flam veri g\u00f6zl\u00fckleri ar\u0131yorsunuz. Rokid X-Craft'\u0131 buradan sat\u0131n al\u0131n!","og_url":"https:\/\/alegerglobal.com\/tr\/shop-tr\/akilli-goezluekler\/rokid-x-craft\/","og_site_name":"ALEGER \u22c6 Augmented Reality","article_modified_time":"2026-02-17T11:34:13+00:00","og_image":[{"width":800,"height":800,"url":"https:\/\/alegerglobal.com\/wp-content\/uploads\/2022\/01\/dvsav.png","type":"image\/png"}],"twitter_card":"summary_large_image","twitter_misc":{"Fiyat":"","Durumu":"Stokta var"},"schema":{"@context":"https:\/\/schema.org","@graph":[{"@type":"WebPage","@id":"https:\/\/alegerglobal.com\/tr\/shop-tr\/akilli-goezluekler\/rokid-x-craft\/","url":"https:\/\/alegerglobal.com\/tr\/shop-tr\/akilli-goezluekler\/rokid-x-craft\/","name":"Rokid X-Craft - ATEX B\u00f6lge 1 ve - ALEGER \u22c6 Augmented Reality","isPartOf":{"@id":"https:\/\/alegerglobal.com\/tr\/#website"},"primaryImageOfPage":{"@id":"https:\/\/alegerglobal.com\/tr\/shop-tr\/akilli-goezluekler\/rokid-x-craft\/#primaryimage"},"image":{"@id":"https:\/\/alegerglobal.com\/tr\/shop-tr\/akilli-goezluekler\/rokid-x-craft\/#primaryimage"},"thumbnailUrl":"https:\/\/alegerglobal.com\/wp-content\/uploads\/2022\/01\/dvsav.png","datePublished":"2024-06-03T10:12:20+00:00","dateModified":"2026-02-17T11:34:13+00:00","description":"Potansiyel olarak patlay\u0131c\u0131 ortamlarda \u00e7al\u0131\u015fmak i\u00e7in sa\u011flam veri g\u00f6zl\u00fckleri ar\u0131yorsunuz. Rokid X-Craft'\u0131 buradan sat\u0131n al\u0131n!","breadcrumb":{"@id":"https:\/\/alegerglobal.com\/tr\/shop-tr\/akilli-goezluekler\/rokid-x-craft\/#breadcrumb"},"inLanguage":"tr","potentialAction":[{"@type":"ReadAction","target":["https:\/\/alegerglobal.com\/tr\/shop-tr\/akilli-goezluekler\/rokid-x-craft\/"]}]},{"@type":"ImageObject","inLanguage":"tr","@id":"https:\/\/alegerglobal.com\/tr\/shop-tr\/akilli-goezluekler\/rokid-x-craft\/#primaryimage","url":"https:\/\/alegerglobal.com\/wp-content\/uploads\/2022\/01\/dvsav.png","contentUrl":"https:\/\/alegerglobal.com\/wp-content\/uploads\/2022\/01\/dvsav.png","width":800,"height":800},{"@type":"BreadcrumbList","@id":"https:\/\/alegerglobal.com\/tr\/shop-tr\/akilli-goezluekler\/rokid-x-craft\/#breadcrumb","itemListElement":[{"@type":"ListItem","position":1,"name":"Home","item":"https:\/\/alegerglobal.com\/tr\/yeni-anasayfa\/"},{"@type":"ListItem","position":2,"name":"\u00dcr\u00fcnler","item":"https:\/\/alegerglobal.com\/tr\/ueruenler\/"},{"@type":"ListItem","position":3,"name":"AR kafa band\u0131 olarak ATEX B\u00f6lge 1 ve 2 i\u00e7in Rokid X-Craft, eller serbest kontrol, 5G, 3 mikrofon"}]},{"@type":"WebSite","@id":"https:\/\/alegerglobal.com\/tr\/#website","url":"https:\/\/alegerglobal.com\/tr\/","name":"ALEGER \u22c6 Augmented Reality","description":"Die besten Augmented Reality (AR) L\u00f6sungen der Welt.","publisher":{"@id":"https:\/\/alegerglobal.com\/tr\/#organization"},"potentialAction":[{"@type":"SearchAction","target":{"@type":"EntryPoint","urlTemplate":"https:\/\/alegerglobal.com\/tr\/?s={search_term_string}"},"query-input":{"@type":"PropertyValueSpecification","valueRequired":true,"valueName":"search_term_string"}}],"inLanguage":"tr"},{"@type":"Organization","@id":"https:\/\/alegerglobal.com\/tr\/#organization","name":"ALEGER \u22c6 Augmented Reality","url":"https:\/\/alegerglobal.com\/tr\/","logo":{"@type":"ImageObject","inLanguage":"tr","@id":"https:\/\/alegerglobal.com\/tr\/#\/schema\/logo\/image\/","url":"https:\/\/alegerglobal.com\/wp-content\/uploads\/2020\/12\/aleger-logo-quadrat.jpg","contentUrl":"https:\/\/alegerglobal.com\/wp-content\/uploads\/2020\/12\/aleger-logo-quadrat.jpg","width":200,"height":176,"caption":"ALEGER \u22c6 Augmented Reality"},"image":{"@id":"https:\/\/alegerglobal.com\/tr\/#\/schema\/logo\/image\/"}}]},"product_brand":"Rokid","product_price_amount":"0.00","product_price_currency":"EUR","og_availability":"instock","product_availability":"instock","product_condition":"new"},"_links":{"self":[{"href":"https:\/\/alegerglobal.com\/tr\/wp-json\/wp\/v2\/product\/38865","targetHints":{"allow":["GET"]}}],"collection":[{"href":"https:\/\/alegerglobal.com\/tr\/wp-json\/wp\/v2\/product"}],"about":[{"href":"https:\/\/alegerglobal.com\/tr\/wp-json\/wp\/v2\/types\/product"}],"replies":[{"embeddable":true,"href":"https:\/\/alegerglobal.com\/tr\/wp-json\/wp\/v2\/comments?post=38865"}],"version-history":[{"count":1,"href":"https:\/\/alegerglobal.com\/tr\/wp-json\/wp\/v2\/product\/38865\/revisions"}],"predecessor-version":[{"id":52479,"href":"https:\/\/alegerglobal.com\/tr\/wp-json\/wp\/v2\/product\/38865\/revisions\/52479"}],"wp:featuredmedia":[{"embeddable":true,"href":"https:\/\/alegerglobal.com\/tr\/wp-json\/wp\/v2\/media\/38866"}],"wp:attachment":[{"href":"https:\/\/alegerglobal.com\/tr\/wp-json\/wp\/v2\/media?parent=38865"}],"wp:term":[{"taxonomy":"product_brand","embeddable":true,"href":"https:\/\/alegerglobal.com\/tr\/wp-json\/wp\/v2\/product_brand?post=38865"},{"taxonomy":"product_cat","embeddable":true,"href":"https:\/\/alegerglobal.com\/tr\/wp-json\/wp\/v2\/product_cat?post=38865"},{"taxonomy":"product_tag","embeddable":true,"href":"https:\/\/alegerglobal.com\/tr\/wp-json\/wp\/v2\/product_tag?post=38865"}],"curies":[{"name":"wp","href":"https:\/\/api.w.org\/{rel}","templated":true}]}}