{"id":38861,"date":"2022-01-11T04:55:47","date_gmt":"2024-06-03T10:09:56","guid":{"rendered":"https:\/\/alegerglobal.com\/kategorilenmemis\/rokid-glass-2-katlanabilir-akilli-goezluek-40-derece-goerues-alani-10-000-mah-pil-96-g-agirlik\/"},"modified":"2024-06-03T11:09:56","modified_gmt":"2024-06-03T10:09:56","slug":"rokid-cam-2","status":"publish","type":"product","link":"https:\/\/alegerglobal.com\/tr\/shop-tr\/akilli-goezluekler\/rokid-cam-2\/","title":{"rendered":"Rokid Glass 2, katlanabilir ak\u0131ll\u0131 g\u00f6zl\u00fck, 40 derece g\u00f6r\u00fc\u015f alan\u0131, 10.000 mAh pil, 96 g a\u011f\u0131rl\u0131k"},"content":{"rendered":"","protected":false},"excerpt":{"rendered":"<ul>\n<li><b>Modern ekran:<\/b><span style=\"font-weight: 400;\"> Full HD \u00e7\u00f6z\u00fcn\u00fcrl\u00fckl\u00fc, y\u00fcksek kontrast de\u011ferlerine ve 40 derece g\u00f6r\u00fc\u015f alan\u0131na sahip \u015feffaf ekran<\/span><\/li>\n<li><b>Uzun pil \u00f6mr\u00fc:<\/b><span style=\"font-weight: 400;\"> H\u0131zl\u0131 \u015earj ile 10.000 mAh 8 saat kesintisiz \u00e7al\u0131\u015fma sa\u011flar<\/span><\/li>\n<li><b>Rahat kullan\u0131m<\/b><span style=\"font-weight: 400;\">Entegre dolgulu ergonomik tasar\u0131m ve 96 g&#8217;l\u0131k d\u00fc\u015f\u00fck toplam a\u011f\u0131rl\u0131k<\/span><\/li>\n<li><b>\u00c7\u0131kar\u0131labilir lens<\/b><span style=\"font-weight: 400;\">Farkl\u0131 g\u00f6revler i\u00e7in \u00f6zelle\u015ftirilebilir i\u00e7 d\u00fczeltici lens<\/span><\/li>\n<li>Katlanabilir <b>AR g\u00f6zl\u00fckleri:<\/b> Rokid Glass 2 katlanabilir ve bu nedenle saklanmas\u0131 \u00f6zellikle kolayd\u0131r<\/li>\n<\/ul>\n","protected":false},"featured_media":38862,"comment_status":"open","ping_status":"closed","template":"","meta":{"_acf_changed":false},"product_brand":[],"product_cat":[2317,2318],"product_tag":[],"class_list":{"0":"post-38861","1":"product","2":"type-product","3":"status-publish","4":"has-post-thumbnail","6":"product_cat-akilli-goezluekler","7":"product_cat-shop-tr","8":"pa_hersteller-rokid-tr","10":"first","11":"instock","12":"taxable","13":"shipping-taxable","14":"product-type-simple"},"acf":[],"yoast_head":"<!-- This site is optimized with the Yoast SEO Premium plugin v20.10 (Yoast SEO v24.3) - https:\/\/yoast.com\/wordpress\/plugins\/seo\/ -->\n<title>Rokid Glass 2 - ALEGER \u22c6 Augmented Reality sat\u0131n al\u0131n<\/title>\n<meta name=\"description\" content=\"Rokid Glass 2, d\u00fc\u015f\u00fck a\u011f\u0131rl\u0131\u011f\u0131 ve uzun pil \u00f6mr\u00fc ile etkileyicidir. Profesyonel bak\u0131m i\u00e7in ideal &amp; co. \u00dcr\u00fcn\u00fc burada ke\u015ffedin!\" \/>\n<meta name=\"robots\" content=\"index, follow, max-snippet:-1, max-image-preview:large, max-video-preview:-1\" \/>\n<meta property=\"og:locale\" content=\"tr_TR\" \/>\n<meta property=\"og:type\" content=\"article\" \/>\n<meta property=\"og:title\" content=\"Rokid Glass 2, katlanabilir ak\u0131ll\u0131 g\u00f6zl\u00fck, 40 derece g\u00f6r\u00fc\u015f alan\u0131, 10.000 mAh pil, 96 g a\u011f\u0131rl\u0131k\" \/>\n<meta property=\"og:description\" content=\"Rokid Glass 2, d\u00fc\u015f\u00fck a\u011f\u0131rl\u0131\u011f\u0131 ve uzun pil \u00f6mr\u00fc ile etkileyicidir. Profesyonel bak\u0131m i\u00e7in ideal &amp; co. \u00dcr\u00fcn\u00fc burada ke\u015ffedin!\" \/>\n<meta property=\"og:url\" content=\"https:\/\/alegerglobal.com\/tr\/shop-tr\/akilli-goezluekler\/rokid-cam-2\/\" \/>\n<meta property=\"og:site_name\" content=\"ALEGER \u22c6 Augmented Reality\" \/>\n<meta property=\"og:image\" content=\"https:\/\/alegerglobal.com\/wp-content\/uploads\/2022\/01\/dsvsv.png\" \/>\n\t<meta property=\"og:image:width\" content=\"800\" \/>\n\t<meta property=\"og:image:height\" content=\"800\" \/>\n\t<meta property=\"og:image:type\" content=\"image\/png\" \/>\n<meta name=\"twitter:card\" content=\"summary_large_image\" \/>\n<meta name=\"twitter:label1\" content=\"Fiyat\" \/>\n\t<meta name=\"twitter:data1\" content=\"\" \/>\n\t<meta name=\"twitter:label2\" content=\"Durumu\" \/>\n\t<meta name=\"twitter:data2\" content=\"Stokta var\" \/>\n<script type=\"application\/ld+json\" class=\"yoast-schema-graph\">{\"@context\":\"https:\/\/schema.org\",\"@graph\":[{\"@type\":\"WebPage\",\"@id\":\"https:\/\/alegerglobal.com\/tr\/shop-tr\/akilli-goezluekler\/rokid-cam-2\/\",\"url\":\"https:\/\/alegerglobal.com\/tr\/shop-tr\/akilli-goezluekler\/rokid-cam-2\/\",\"name\":\"Rokid Glass 2 - ALEGER \u22c6 Augmented Reality sat\u0131n al\u0131n\",\"isPartOf\":{\"@id\":\"https:\/\/alegerglobal.com\/tr\/#website\"},\"primaryImageOfPage\":{\"@id\":\"https:\/\/alegerglobal.com\/tr\/shop-tr\/akilli-goezluekler\/rokid-cam-2\/#primaryimage\"},\"image\":{\"@id\":\"https:\/\/alegerglobal.com\/tr\/shop-tr\/akilli-goezluekler\/rokid-cam-2\/#primaryimage\"},\"thumbnailUrl\":\"https:\/\/alegerglobal.com\/wp-content\/uploads\/2022\/01\/dsvsv.png\",\"datePublished\":\"2024-06-03T10:09:56+00:00\",\"dateModified\":\"2024-06-03T10:09:56+00:00\",\"description\":\"Rokid Glass 2, d\u00fc\u015f\u00fck a\u011f\u0131rl\u0131\u011f\u0131 ve uzun pil \u00f6mr\u00fc ile etkileyicidir. Profesyonel bak\u0131m i\u00e7in ideal & co. \u00dcr\u00fcn\u00fc burada ke\u015ffedin!\",\"breadcrumb\":{\"@id\":\"https:\/\/alegerglobal.com\/tr\/shop-tr\/akilli-goezluekler\/rokid-cam-2\/#breadcrumb\"},\"inLanguage\":\"tr\",\"potentialAction\":[{\"@type\":\"ReadAction\",\"target\":[\"https:\/\/alegerglobal.com\/tr\/shop-tr\/akilli-goezluekler\/rokid-cam-2\/\"]}]},{\"@type\":\"ImageObject\",\"inLanguage\":\"tr\",\"@id\":\"https:\/\/alegerglobal.com\/tr\/shop-tr\/akilli-goezluekler\/rokid-cam-2\/#primaryimage\",\"url\":\"https:\/\/alegerglobal.com\/wp-content\/uploads\/2022\/01\/dsvsv.png\",\"contentUrl\":\"https:\/\/alegerglobal.com\/wp-content\/uploads\/2022\/01\/dsvsv.png\",\"width\":800,\"height\":800},{\"@type\":\"BreadcrumbList\",\"@id\":\"https:\/\/alegerglobal.com\/tr\/shop-tr\/akilli-goezluekler\/rokid-cam-2\/#breadcrumb\",\"itemListElement\":[{\"@type\":\"ListItem\",\"position\":1,\"name\":\"Home\",\"item\":\"https:\/\/alegerglobal.com\/tr\/yeni-anasayfa\/\"},{\"@type\":\"ListItem\",\"position\":2,\"name\":\"\u00dcr\u00fcnler\",\"item\":\"https:\/\/alegerglobal.com\/tr\/ueruenler\/\"},{\"@type\":\"ListItem\",\"position\":3,\"name\":\"Rokid Glass 2, katlanabilir ak\u0131ll\u0131 g\u00f6zl\u00fck, 40 derece g\u00f6r\u00fc\u015f alan\u0131, 10.000 mAh pil, 96 g a\u011f\u0131rl\u0131k\"}]},{\"@type\":\"WebSite\",\"@id\":\"https:\/\/alegerglobal.com\/tr\/#website\",\"url\":\"https:\/\/alegerglobal.com\/tr\/\",\"name\":\"ALEGER \u22c6 Augmented Reality\",\"description\":\"Die besten Augmented Reality (AR) L\u00f6sungen der Welt.\",\"publisher\":{\"@id\":\"https:\/\/alegerglobal.com\/tr\/#organization\"},\"potentialAction\":[{\"@type\":\"SearchAction\",\"target\":{\"@type\":\"EntryPoint\",\"urlTemplate\":\"https:\/\/alegerglobal.com\/tr\/?s={search_term_string}\"},\"query-input\":{\"@type\":\"PropertyValueSpecification\",\"valueRequired\":true,\"valueName\":\"search_term_string\"}}],\"inLanguage\":\"tr\"},{\"@type\":\"Organization\",\"@id\":\"https:\/\/alegerglobal.com\/tr\/#organization\",\"name\":\"ALEGER \u22c6 Augmented Reality\",\"url\":\"https:\/\/alegerglobal.com\/tr\/\",\"logo\":{\"@type\":\"ImageObject\",\"inLanguage\":\"tr\",\"@id\":\"https:\/\/alegerglobal.com\/tr\/#\/schema\/logo\/image\/\",\"url\":\"https:\/\/alegerglobal.com\/wp-content\/uploads\/2020\/12\/aleger-logo-quadrat.jpg\",\"contentUrl\":\"https:\/\/alegerglobal.com\/wp-content\/uploads\/2020\/12\/aleger-logo-quadrat.jpg\",\"width\":200,\"height\":176,\"caption\":\"ALEGER \u22c6 Augmented Reality\"},\"image\":{\"@id\":\"https:\/\/alegerglobal.com\/tr\/#\/schema\/logo\/image\/\"}}]}<\/script>\n<meta property=\"product:brand\" content=\"Rokid\" \/>\n<meta property=\"product:price:amount\" content=\"0.00\" \/>\n<meta property=\"product:price:currency\" content=\"EUR\" \/>\n<meta property=\"og:availability\" content=\"instock\" \/>\n<meta property=\"product:availability\" content=\"instock\" \/>\n<meta property=\"product:condition\" content=\"new\" \/>\n<!-- \/ Yoast SEO Premium plugin. -->","yoast_head_json":{"title":"Rokid Glass 2 - ALEGER \u22c6 Augmented Reality sat\u0131n al\u0131n","description":"Rokid Glass 2, d\u00fc\u015f\u00fck a\u011f\u0131rl\u0131\u011f\u0131 ve uzun pil \u00f6mr\u00fc ile etkileyicidir. Profesyonel bak\u0131m i\u00e7in ideal & co. \u00dcr\u00fcn\u00fc burada ke\u015ffedin!","robots":{"index":"index","follow":"follow","max-snippet":"max-snippet:-1","max-image-preview":"max-image-preview:large","max-video-preview":"max-video-preview:-1"},"og_locale":"tr_TR","og_type":"article","og_title":"Rokid Glass 2, katlanabilir ak\u0131ll\u0131 g\u00f6zl\u00fck, 40 derece g\u00f6r\u00fc\u015f alan\u0131, 10.000 mAh pil, 96 g a\u011f\u0131rl\u0131k","og_description":"Rokid Glass 2, d\u00fc\u015f\u00fck a\u011f\u0131rl\u0131\u011f\u0131 ve uzun pil \u00f6mr\u00fc ile etkileyicidir. Profesyonel bak\u0131m i\u00e7in ideal & co. \u00dcr\u00fcn\u00fc burada ke\u015ffedin!","og_url":"https:\/\/alegerglobal.com\/tr\/shop-tr\/akilli-goezluekler\/rokid-cam-2\/","og_site_name":"ALEGER \u22c6 Augmented Reality","og_image":[{"width":800,"height":800,"url":"https:\/\/alegerglobal.com\/wp-content\/uploads\/2022\/01\/dsvsv.png","type":"image\/png"}],"twitter_card":"summary_large_image","twitter_misc":{"Fiyat":"","Durumu":"Stokta var"},"schema":{"@context":"https:\/\/schema.org","@graph":[{"@type":"WebPage","@id":"https:\/\/alegerglobal.com\/tr\/shop-tr\/akilli-goezluekler\/rokid-cam-2\/","url":"https:\/\/alegerglobal.com\/tr\/shop-tr\/akilli-goezluekler\/rokid-cam-2\/","name":"Rokid Glass 2 - ALEGER \u22c6 Augmented Reality sat\u0131n al\u0131n","isPartOf":{"@id":"https:\/\/alegerglobal.com\/tr\/#website"},"primaryImageOfPage":{"@id":"https:\/\/alegerglobal.com\/tr\/shop-tr\/akilli-goezluekler\/rokid-cam-2\/#primaryimage"},"image":{"@id":"https:\/\/alegerglobal.com\/tr\/shop-tr\/akilli-goezluekler\/rokid-cam-2\/#primaryimage"},"thumbnailUrl":"https:\/\/alegerglobal.com\/wp-content\/uploads\/2022\/01\/dsvsv.png","datePublished":"2024-06-03T10:09:56+00:00","dateModified":"2024-06-03T10:09:56+00:00","description":"Rokid Glass 2, d\u00fc\u015f\u00fck a\u011f\u0131rl\u0131\u011f\u0131 ve uzun pil \u00f6mr\u00fc ile etkileyicidir. Profesyonel bak\u0131m i\u00e7in ideal & co. \u00dcr\u00fcn\u00fc burada ke\u015ffedin!","breadcrumb":{"@id":"https:\/\/alegerglobal.com\/tr\/shop-tr\/akilli-goezluekler\/rokid-cam-2\/#breadcrumb"},"inLanguage":"tr","potentialAction":[{"@type":"ReadAction","target":["https:\/\/alegerglobal.com\/tr\/shop-tr\/akilli-goezluekler\/rokid-cam-2\/"]}]},{"@type":"ImageObject","inLanguage":"tr","@id":"https:\/\/alegerglobal.com\/tr\/shop-tr\/akilli-goezluekler\/rokid-cam-2\/#primaryimage","url":"https:\/\/alegerglobal.com\/wp-content\/uploads\/2022\/01\/dsvsv.png","contentUrl":"https:\/\/alegerglobal.com\/wp-content\/uploads\/2022\/01\/dsvsv.png","width":800,"height":800},{"@type":"BreadcrumbList","@id":"https:\/\/alegerglobal.com\/tr\/shop-tr\/akilli-goezluekler\/rokid-cam-2\/#breadcrumb","itemListElement":[{"@type":"ListItem","position":1,"name":"Home","item":"https:\/\/alegerglobal.com\/tr\/yeni-anasayfa\/"},{"@type":"ListItem","position":2,"name":"\u00dcr\u00fcnler","item":"https:\/\/alegerglobal.com\/tr\/ueruenler\/"},{"@type":"ListItem","position":3,"name":"Rokid Glass 2, katlanabilir ak\u0131ll\u0131 g\u00f6zl\u00fck, 40 derece g\u00f6r\u00fc\u015f alan\u0131, 10.000 mAh pil, 96 g a\u011f\u0131rl\u0131k"}]},{"@type":"WebSite","@id":"https:\/\/alegerglobal.com\/tr\/#website","url":"https:\/\/alegerglobal.com\/tr\/","name":"ALEGER \u22c6 Augmented Reality","description":"Die besten Augmented Reality (AR) L\u00f6sungen der Welt.","publisher":{"@id":"https:\/\/alegerglobal.com\/tr\/#organization"},"potentialAction":[{"@type":"SearchAction","target":{"@type":"EntryPoint","urlTemplate":"https:\/\/alegerglobal.com\/tr\/?s={search_term_string}"},"query-input":{"@type":"PropertyValueSpecification","valueRequired":true,"valueName":"search_term_string"}}],"inLanguage":"tr"},{"@type":"Organization","@id":"https:\/\/alegerglobal.com\/tr\/#organization","name":"ALEGER \u22c6 Augmented Reality","url":"https:\/\/alegerglobal.com\/tr\/","logo":{"@type":"ImageObject","inLanguage":"tr","@id":"https:\/\/alegerglobal.com\/tr\/#\/schema\/logo\/image\/","url":"https:\/\/alegerglobal.com\/wp-content\/uploads\/2020\/12\/aleger-logo-quadrat.jpg","contentUrl":"https:\/\/alegerglobal.com\/wp-content\/uploads\/2020\/12\/aleger-logo-quadrat.jpg","width":200,"height":176,"caption":"ALEGER \u22c6 Augmented Reality"},"image":{"@id":"https:\/\/alegerglobal.com\/tr\/#\/schema\/logo\/image\/"}}]},"product_brand":"Rokid","product_price_amount":"0.00","product_price_currency":"EUR","og_availability":"instock","product_availability":"instock","product_condition":"new"},"_links":{"self":[{"href":"https:\/\/alegerglobal.com\/tr\/wp-json\/wp\/v2\/product\/38861","targetHints":{"allow":["GET"]}}],"collection":[{"href":"https:\/\/alegerglobal.com\/tr\/wp-json\/wp\/v2\/product"}],"about":[{"href":"https:\/\/alegerglobal.com\/tr\/wp-json\/wp\/v2\/types\/product"}],"replies":[{"embeddable":true,"href":"https:\/\/alegerglobal.com\/tr\/wp-json\/wp\/v2\/comments?post=38861"}],"version-history":[{"count":0,"href":"https:\/\/alegerglobal.com\/tr\/wp-json\/wp\/v2\/product\/38861\/revisions"}],"wp:featuredmedia":[{"embeddable":true,"href":"https:\/\/alegerglobal.com\/tr\/wp-json\/wp\/v2\/media\/38862"}],"wp:attachment":[{"href":"https:\/\/alegerglobal.com\/tr\/wp-json\/wp\/v2\/media?parent=38861"}],"wp:term":[{"taxonomy":"product_brand","embeddable":true,"href":"https:\/\/alegerglobal.com\/tr\/wp-json\/wp\/v2\/product_brand?post=38861"},{"taxonomy":"product_cat","embeddable":true,"href":"https:\/\/alegerglobal.com\/tr\/wp-json\/wp\/v2\/product_cat?post=38861"},{"taxonomy":"product_tag","embeddable":true,"href":"https:\/\/alegerglobal.com\/tr\/wp-json\/wp\/v2\/product_tag?post=38861"}],"curies":[{"name":"wp","href":"https:\/\/api.w.org\/{rel}","templated":true}]}}