{"id":38855,"date":"2022-09-27T01:37:18","date_gmt":"2024-06-03T10:08:52","guid":{"rendered":"https:\/\/alegerglobal.com\/uncategorized\/vuzix-blade-2-akilli-goezluek-480x480-piksel-8-mp-60-fps-24bit-wifi-bluetooth-android-11\/"},"modified":"2024-06-03T11:08:52","modified_gmt":"2024-06-03T10:08:52","slug":"vuzix-blade-2","status":"publish","type":"product","link":"https:\/\/alegerglobal.com\/tr\/shop-tr\/akilli-goezluekler\/vuzix-blade-2\/","title":{"rendered":"Vuzix Blade 2 Ak\u0131ll\u0131 G\u00f6zl\u00fck, 480&#215;480 piksel, 8 MP, 60 FPS, 24bit WiFi, Bluetooth, Android 11"},"content":{"rendered":"","protected":false},"excerpt":{"rendered":"<ul>\n<li style=\"font-weight: 400;\" aria-level=\"1\"><b>Y\u00fcksek \u00e7\u00f6z\u00fcn\u00fcrl\u00fck: <\/b><span style=\"font-weight: 400;\">&gt;2000 nit parlakl\u0131k ve 20 derece g\u00f6r\u00fc\u015f alan\u0131na sahip 480&#215;480 piksel ekran<\/span><\/li>\n<li style=\"font-weight: 400;\" aria-level=\"1\"><b>Eller serbest kontrol:<\/b><span style=\"font-weight: 400;\"> Sesle veya iOS ve Android i\u00e7in tamamlay\u0131c\u0131 uygulama arac\u0131l\u0131\u011f\u0131yla kontrol<\/span><\/li>\n<li style=\"font-weight: 400;\" aria-level=\"1\"><b>Entegre kamera: <\/b><span style=\"font-weight: 400;\">8 MP&#8217;de canl\u0131 foto\u011fraf ve 60 FPS&#8217;ye kadar video ak\u0131\u015f\u0131<\/span><\/li>\n<li style=\"font-weight: 400;\" aria-level=\"1\"><b>Mobil:<\/b><span style=\"font-weight: 400;\"> Ta\u015f\u0131ma \u00e7antas\u0131 dahil hafif ak\u0131ll\u0131 g\u00f6zl\u00fck<\/span><\/li>\n<li style=\"font-weight: 400;\" aria-level=\"1\"><b>Esnek ba\u011flant\u0131:<\/b> WiFi (2,4 GHz \/ 5 GHz), Bluetooth ve mikro USB arac\u0131l\u0131\u011f\u0131yla<\/li>\n<\/ul>\n","protected":false},"featured_media":38856,"comment_status":"open","ping_status":"closed","template":"","meta":{"_acf_changed":false},"product_brand":[],"product_cat":[2317,2318],"product_tag":[],"class_list":{"0":"post-38855","1":"product","2":"type-product","3":"status-publish","4":"has-post-thumbnail","6":"product_cat-akilli-goezluekler","7":"product_cat-shop-tr","8":"pa_hersteller-vuzix-tr","10":"first","11":"instock","12":"taxable","13":"shipping-taxable","14":"product-type-simple"},"acf":[],"yoast_head":"<!-- This site is optimized with the Yoast SEO Premium plugin v20.10 (Yoast SEO v24.3) - https:\/\/yoast.com\/wordpress\/plugins\/seo\/ -->\n<title>Vuzix Blade 2&#039;yi sat\u0131n al\u0131n: ak\u0131ll\u0131 g\u00f6zl\u00fcklerin gelece\u011fi | ALEGER<\/title>\n<meta name=\"description\" content=\"Yeni Vuzix Blade 2 yeni nesil ak\u0131ll\u0131 g\u00f6zl\u00fckt\u00fcr. G\u00f6zl\u00fckler kompakt, hafif ve ola\u011fan\u00fcst\u00fc g\u00f6r\u00fcnt\u00fc kalitesi sunuyor.\" \/>\n<meta name=\"robots\" content=\"index, follow, max-snippet:-1, max-image-preview:large, max-video-preview:-1\" \/>\n<meta property=\"og:locale\" content=\"tr_TR\" \/>\n<meta property=\"og:type\" content=\"article\" \/>\n<meta property=\"og:title\" content=\"Vuzix Blade 2 Ak\u0131ll\u0131 G\u00f6zl\u00fck, 480x480 piksel, 8 MP, 60 FPS, 24bit WiFi, Bluetooth, Android 11\" \/>\n<meta property=\"og:description\" content=\"Yeni Vuzix Blade 2 yeni nesil ak\u0131ll\u0131 g\u00f6zl\u00fckt\u00fcr. G\u00f6zl\u00fckler kompakt, hafif ve ola\u011fan\u00fcst\u00fc g\u00f6r\u00fcnt\u00fc kalitesi sunuyor.\" \/>\n<meta property=\"og:url\" content=\"https:\/\/alegerglobal.com\/tr\/shop-tr\/akilli-goezluekler\/vuzix-blade-2\/\" \/>\n<meta property=\"og:site_name\" content=\"ALEGER \u22c6 Augmented Reality\" \/>\n<meta property=\"og:image\" content=\"https:\/\/alegerglobal.com\/wp-content\/uploads\/2022\/09\/Unbenannt-5.jpg\" \/>\n\t<meta property=\"og:image:width\" content=\"800\" \/>\n\t<meta property=\"og:image:height\" content=\"800\" \/>\n\t<meta property=\"og:image:type\" content=\"image\/jpeg\" \/>\n<meta name=\"twitter:card\" content=\"summary_large_image\" \/>\n<meta name=\"twitter:label1\" content=\"Fiyat\" \/>\n\t<meta name=\"twitter:data1\" content=\"\" \/>\n\t<meta name=\"twitter:label2\" content=\"Durumu\" \/>\n\t<meta name=\"twitter:data2\" content=\"Stokta var\" \/>\n<script type=\"application\/ld+json\" class=\"yoast-schema-graph\">{\"@context\":\"https:\/\/schema.org\",\"@graph\":[{\"@type\":\"WebPage\",\"@id\":\"https:\/\/alegerglobal.com\/tr\/shop-tr\/akilli-goezluekler\/vuzix-blade-2\/\",\"url\":\"https:\/\/alegerglobal.com\/tr\/shop-tr\/akilli-goezluekler\/vuzix-blade-2\/\",\"name\":\"Vuzix Blade 2'yi sat\u0131n al\u0131n: ak\u0131ll\u0131 g\u00f6zl\u00fcklerin gelece\u011fi | ALEGER\",\"isPartOf\":{\"@id\":\"https:\/\/alegerglobal.com\/tr\/#website\"},\"primaryImageOfPage\":{\"@id\":\"https:\/\/alegerglobal.com\/tr\/shop-tr\/akilli-goezluekler\/vuzix-blade-2\/#primaryimage\"},\"image\":{\"@id\":\"https:\/\/alegerglobal.com\/tr\/shop-tr\/akilli-goezluekler\/vuzix-blade-2\/#primaryimage\"},\"thumbnailUrl\":\"https:\/\/alegerglobal.com\/wp-content\/uploads\/2022\/09\/Unbenannt-5.jpg\",\"datePublished\":\"2024-06-03T10:08:52+00:00\",\"dateModified\":\"2024-06-03T10:08:52+00:00\",\"description\":\"Yeni Vuzix Blade 2 yeni nesil ak\u0131ll\u0131 g\u00f6zl\u00fckt\u00fcr. G\u00f6zl\u00fckler kompakt, hafif ve ola\u011fan\u00fcst\u00fc g\u00f6r\u00fcnt\u00fc kalitesi sunuyor.\",\"breadcrumb\":{\"@id\":\"https:\/\/alegerglobal.com\/tr\/shop-tr\/akilli-goezluekler\/vuzix-blade-2\/#breadcrumb\"},\"inLanguage\":\"tr\",\"potentialAction\":[{\"@type\":\"ReadAction\",\"target\":[\"https:\/\/alegerglobal.com\/tr\/shop-tr\/akilli-goezluekler\/vuzix-blade-2\/\"]}]},{\"@type\":\"ImageObject\",\"inLanguage\":\"tr\",\"@id\":\"https:\/\/alegerglobal.com\/tr\/shop-tr\/akilli-goezluekler\/vuzix-blade-2\/#primaryimage\",\"url\":\"https:\/\/alegerglobal.com\/wp-content\/uploads\/2022\/09\/Unbenannt-5.jpg\",\"contentUrl\":\"https:\/\/alegerglobal.com\/wp-content\/uploads\/2022\/09\/Unbenannt-5.jpg\",\"width\":800,\"height\":800},{\"@type\":\"BreadcrumbList\",\"@id\":\"https:\/\/alegerglobal.com\/tr\/shop-tr\/akilli-goezluekler\/vuzix-blade-2\/#breadcrumb\",\"itemListElement\":[{\"@type\":\"ListItem\",\"position\":1,\"name\":\"Home\",\"item\":\"https:\/\/alegerglobal.com\/tr\/yeni-anasayfa\/\"},{\"@type\":\"ListItem\",\"position\":2,\"name\":\"\u00dcr\u00fcnler\",\"item\":\"https:\/\/alegerglobal.com\/tr\/ueruenler\/\"},{\"@type\":\"ListItem\",\"position\":3,\"name\":\"Vuzix Blade 2 Ak\u0131ll\u0131 G\u00f6zl\u00fck, 480&#215;480 piksel, 8 MP, 60 FPS, 24bit WiFi, Bluetooth, Android 11\"}]},{\"@type\":\"WebSite\",\"@id\":\"https:\/\/alegerglobal.com\/tr\/#website\",\"url\":\"https:\/\/alegerglobal.com\/tr\/\",\"name\":\"ALEGER \u22c6 Augmented Reality\",\"description\":\"Die besten Augmented Reality (AR) L\u00f6sungen der Welt.\",\"publisher\":{\"@id\":\"https:\/\/alegerglobal.com\/tr\/#organization\"},\"potentialAction\":[{\"@type\":\"SearchAction\",\"target\":{\"@type\":\"EntryPoint\",\"urlTemplate\":\"https:\/\/alegerglobal.com\/tr\/?s={search_term_string}\"},\"query-input\":{\"@type\":\"PropertyValueSpecification\",\"valueRequired\":true,\"valueName\":\"search_term_string\"}}],\"inLanguage\":\"tr\"},{\"@type\":\"Organization\",\"@id\":\"https:\/\/alegerglobal.com\/tr\/#organization\",\"name\":\"ALEGER \u22c6 Augmented Reality\",\"url\":\"https:\/\/alegerglobal.com\/tr\/\",\"logo\":{\"@type\":\"ImageObject\",\"inLanguage\":\"tr\",\"@id\":\"https:\/\/alegerglobal.com\/tr\/#\/schema\/logo\/image\/\",\"url\":\"https:\/\/alegerglobal.com\/wp-content\/uploads\/2020\/12\/aleger-logo-quadrat.jpg\",\"contentUrl\":\"https:\/\/alegerglobal.com\/wp-content\/uploads\/2020\/12\/aleger-logo-quadrat.jpg\",\"width\":200,\"height\":176,\"caption\":\"ALEGER \u22c6 Augmented Reality\"},\"image\":{\"@id\":\"https:\/\/alegerglobal.com\/tr\/#\/schema\/logo\/image\/\"}}]}<\/script>\n<meta property=\"product:brand\" content=\"Vuzix\" \/>\n<meta property=\"product:price:amount\" content=\"0.00\" \/>\n<meta property=\"product:price:currency\" content=\"EUR\" \/>\n<meta property=\"og:availability\" content=\"instock\" \/>\n<meta property=\"product:availability\" content=\"instock\" \/>\n<meta property=\"product:condition\" content=\"new\" \/>\n<!-- \/ Yoast SEO Premium plugin. -->","yoast_head_json":{"title":"Vuzix Blade 2'yi sat\u0131n al\u0131n: ak\u0131ll\u0131 g\u00f6zl\u00fcklerin gelece\u011fi | ALEGER","description":"Yeni Vuzix Blade 2 yeni nesil ak\u0131ll\u0131 g\u00f6zl\u00fckt\u00fcr. G\u00f6zl\u00fckler kompakt, hafif ve ola\u011fan\u00fcst\u00fc g\u00f6r\u00fcnt\u00fc kalitesi sunuyor.","robots":{"index":"index","follow":"follow","max-snippet":"max-snippet:-1","max-image-preview":"max-image-preview:large","max-video-preview":"max-video-preview:-1"},"og_locale":"tr_TR","og_type":"article","og_title":"Vuzix Blade 2 Ak\u0131ll\u0131 G\u00f6zl\u00fck, 480x480 piksel, 8 MP, 60 FPS, 24bit WiFi, Bluetooth, Android 11","og_description":"Yeni Vuzix Blade 2 yeni nesil ak\u0131ll\u0131 g\u00f6zl\u00fckt\u00fcr. G\u00f6zl\u00fckler kompakt, hafif ve ola\u011fan\u00fcst\u00fc g\u00f6r\u00fcnt\u00fc kalitesi sunuyor.","og_url":"https:\/\/alegerglobal.com\/tr\/shop-tr\/akilli-goezluekler\/vuzix-blade-2\/","og_site_name":"ALEGER \u22c6 Augmented Reality","og_image":[{"width":800,"height":800,"url":"https:\/\/alegerglobal.com\/wp-content\/uploads\/2022\/09\/Unbenannt-5.jpg","type":"image\/jpeg"}],"twitter_card":"summary_large_image","twitter_misc":{"Fiyat":"","Durumu":"Stokta var"},"schema":{"@context":"https:\/\/schema.org","@graph":[{"@type":"WebPage","@id":"https:\/\/alegerglobal.com\/tr\/shop-tr\/akilli-goezluekler\/vuzix-blade-2\/","url":"https:\/\/alegerglobal.com\/tr\/shop-tr\/akilli-goezluekler\/vuzix-blade-2\/","name":"Vuzix Blade 2'yi sat\u0131n al\u0131n: ak\u0131ll\u0131 g\u00f6zl\u00fcklerin gelece\u011fi | ALEGER","isPartOf":{"@id":"https:\/\/alegerglobal.com\/tr\/#website"},"primaryImageOfPage":{"@id":"https:\/\/alegerglobal.com\/tr\/shop-tr\/akilli-goezluekler\/vuzix-blade-2\/#primaryimage"},"image":{"@id":"https:\/\/alegerglobal.com\/tr\/shop-tr\/akilli-goezluekler\/vuzix-blade-2\/#primaryimage"},"thumbnailUrl":"https:\/\/alegerglobal.com\/wp-content\/uploads\/2022\/09\/Unbenannt-5.jpg","datePublished":"2024-06-03T10:08:52+00:00","dateModified":"2024-06-03T10:08:52+00:00","description":"Yeni Vuzix Blade 2 yeni nesil ak\u0131ll\u0131 g\u00f6zl\u00fckt\u00fcr. G\u00f6zl\u00fckler kompakt, hafif ve ola\u011fan\u00fcst\u00fc g\u00f6r\u00fcnt\u00fc kalitesi sunuyor.","breadcrumb":{"@id":"https:\/\/alegerglobal.com\/tr\/shop-tr\/akilli-goezluekler\/vuzix-blade-2\/#breadcrumb"},"inLanguage":"tr","potentialAction":[{"@type":"ReadAction","target":["https:\/\/alegerglobal.com\/tr\/shop-tr\/akilli-goezluekler\/vuzix-blade-2\/"]}]},{"@type":"ImageObject","inLanguage":"tr","@id":"https:\/\/alegerglobal.com\/tr\/shop-tr\/akilli-goezluekler\/vuzix-blade-2\/#primaryimage","url":"https:\/\/alegerglobal.com\/wp-content\/uploads\/2022\/09\/Unbenannt-5.jpg","contentUrl":"https:\/\/alegerglobal.com\/wp-content\/uploads\/2022\/09\/Unbenannt-5.jpg","width":800,"height":800},{"@type":"BreadcrumbList","@id":"https:\/\/alegerglobal.com\/tr\/shop-tr\/akilli-goezluekler\/vuzix-blade-2\/#breadcrumb","itemListElement":[{"@type":"ListItem","position":1,"name":"Home","item":"https:\/\/alegerglobal.com\/tr\/yeni-anasayfa\/"},{"@type":"ListItem","position":2,"name":"\u00dcr\u00fcnler","item":"https:\/\/alegerglobal.com\/tr\/ueruenler\/"},{"@type":"ListItem","position":3,"name":"Vuzix Blade 2 Ak\u0131ll\u0131 G\u00f6zl\u00fck, 480&#215;480 piksel, 8 MP, 60 FPS, 24bit WiFi, Bluetooth, Android 11"}]},{"@type":"WebSite","@id":"https:\/\/alegerglobal.com\/tr\/#website","url":"https:\/\/alegerglobal.com\/tr\/","name":"ALEGER \u22c6 Augmented Reality","description":"Die besten Augmented Reality (AR) L\u00f6sungen der Welt.","publisher":{"@id":"https:\/\/alegerglobal.com\/tr\/#organization"},"potentialAction":[{"@type":"SearchAction","target":{"@type":"EntryPoint","urlTemplate":"https:\/\/alegerglobal.com\/tr\/?s={search_term_string}"},"query-input":{"@type":"PropertyValueSpecification","valueRequired":true,"valueName":"search_term_string"}}],"inLanguage":"tr"},{"@type":"Organization","@id":"https:\/\/alegerglobal.com\/tr\/#organization","name":"ALEGER \u22c6 Augmented Reality","url":"https:\/\/alegerglobal.com\/tr\/","logo":{"@type":"ImageObject","inLanguage":"tr","@id":"https:\/\/alegerglobal.com\/tr\/#\/schema\/logo\/image\/","url":"https:\/\/alegerglobal.com\/wp-content\/uploads\/2020\/12\/aleger-logo-quadrat.jpg","contentUrl":"https:\/\/alegerglobal.com\/wp-content\/uploads\/2020\/12\/aleger-logo-quadrat.jpg","width":200,"height":176,"caption":"ALEGER \u22c6 Augmented Reality"},"image":{"@id":"https:\/\/alegerglobal.com\/tr\/#\/schema\/logo\/image\/"}}]},"product_brand":"Vuzix","product_price_amount":"0.00","product_price_currency":"EUR","og_availability":"instock","product_availability":"instock","product_condition":"new"},"_links":{"self":[{"href":"https:\/\/alegerglobal.com\/tr\/wp-json\/wp\/v2\/product\/38855","targetHints":{"allow":["GET"]}}],"collection":[{"href":"https:\/\/alegerglobal.com\/tr\/wp-json\/wp\/v2\/product"}],"about":[{"href":"https:\/\/alegerglobal.com\/tr\/wp-json\/wp\/v2\/types\/product"}],"replies":[{"embeddable":true,"href":"https:\/\/alegerglobal.com\/tr\/wp-json\/wp\/v2\/comments?post=38855"}],"version-history":[{"count":0,"href":"https:\/\/alegerglobal.com\/tr\/wp-json\/wp\/v2\/product\/38855\/revisions"}],"wp:featuredmedia":[{"embeddable":true,"href":"https:\/\/alegerglobal.com\/tr\/wp-json\/wp\/v2\/media\/38856"}],"wp:attachment":[{"href":"https:\/\/alegerglobal.com\/tr\/wp-json\/wp\/v2\/media?parent=38855"}],"wp:term":[{"taxonomy":"product_brand","embeddable":true,"href":"https:\/\/alegerglobal.com\/tr\/wp-json\/wp\/v2\/product_brand?post=38855"},{"taxonomy":"product_cat","embeddable":true,"href":"https:\/\/alegerglobal.com\/tr\/wp-json\/wp\/v2\/product_cat?post=38855"},{"taxonomy":"product_tag","embeddable":true,"href":"https:\/\/alegerglobal.com\/tr\/wp-json\/wp\/v2\/product_tag?post=38855"}],"curies":[{"name":"wp","href":"https:\/\/api.w.org\/{rel}","templated":true}]}}