{"id":38848,"date":"2022-01-11T04:55:55","date_gmt":"2024-06-03T10:08:49","guid":{"rendered":"https:\/\/alegerglobal.com\/unkategorisiert\/i-safe-mobile-hmt-1z1-ex-korumali-veri-goezluegue-atex-boelge-1-20-derece-goerues-alani-android-8\/"},"modified":"2024-06-03T11:08:49","modified_gmt":"2024-06-03T10:08:49","slug":"hmt-1z1","status":"publish","type":"product","link":"https:\/\/alegerglobal.com\/tr\/shop-tr\/atex-tr\/hmt-1z1\/","title":{"rendered":"i.safe MOBILE HMT-1Z1 Ex korumal\u0131 veri g\u00f6zl\u00fc\u011f\u00fc, ATEX B\u00f6lge 1, 20 derece g\u00f6r\u00fc\u015f alan\u0131, Android 8"},"content":{"rendered":"","protected":false},"excerpt":{"rendered":"<ul>\n<li style=\"font-weight: 400;\" aria-level=\"1\"><b>\u0130\u015f i\u00e7in eller serbest:<\/b><span style=\"font-weight: 400;\"> Veri g\u00f6zl\u00fckleri tamamen eller serbest olarak kontrol edilebilir<\/span><\/li>\n<li style=\"font-weight: 400;\" aria-level=\"1\"><b>Hemen \u00e7al\u0131\u015fmaya ba\u015flay\u0131n:<\/b><span style=\"font-weight: 400;\"> Videolar, belge y\u00f6netimi ve barkod taray\u0131c\u0131 i\u00e7in \u00f6nceden y\u00fcklenmi\u015f d\u00f6rt uygulama<\/span><\/li>\n<li style=\"font-weight: 400;\" aria-level=\"1\"><b>Kolayca belgeleyin:<\/b><span style=\"font-weight: 400;\"> Dijital g\u00f6r\u00fcnt\u00fc sabitleyici ve 16 MP kamera ile keskin foto\u011fraflar ve videolar<\/span><\/li>\n<li style=\"font-weight: 400;\" aria-level=\"1\"><b>\u015earj molas\u0131 vermeden \u00e7al\u0131\u015f\u0131n<\/b><span style=\"font-weight: 400;\"> Uzun \u00e7al\u0131\u015fma s\u00fcresi i\u00e7in 3400 mAh pil<\/span><\/li>\n<li style=\"font-weight: 400;\" aria-level=\"1\"><b>Rahats\u0131z edilmeden ileti\u015fim:<\/b><span style=\"font-weight: 400;\"> 4 g\u00fcr\u00fclt\u00fc \u00f6nleyici mikrofon ve entegre 91 dB hoparl\u00f6r<\/span><\/li>\n<li style=\"font-weight: 400;\" aria-level=\"1\"><b>Suya ve toza kar\u015f\u0131 koruma:<\/b> IP66 sertifikal\u0131<\/li>\n<\/ul>\n","protected":false},"featured_media":38850,"comment_status":"open","ping_status":"closed","template":"","meta":{"_acf_changed":false},"product_brand":[],"product_cat":[2317,2319,2318],"product_tag":[],"class_list":{"0":"post-38848","1":"product","2":"type-product","3":"status-publish","4":"has-post-thumbnail","6":"product_cat-akilli-goezluekler","7":"product_cat-atex-tr","8":"product_cat-shop-tr","9":"pa_hersteller-i-safe-mobil","11":"first","12":"instock","13":"taxable","14":"shipping-taxable","15":"purchasable","16":"product-type-simple"},"acf":[],"yoast_head":"<!-- This site is optimized with the Yoast SEO Premium plugin v20.10 (Yoast SEO v24.3) - https:\/\/yoast.com\/wordpress\/plugins\/seo\/ -->\n<title>HMT-1Z1: Eski korumal\u0131 veri g\u00f6zl\u00fckleri - ALEGER \u22c6 Augmented Reality<\/title>\n<meta name=\"description\" content=\"Atex sertifikal\u0131 HMT-1Z1 cihaz\u0131n\u0131z\u0131 buradan sat\u0131n al\u0131n ve end\u00fcstriyel uygulamalar\u0131n\u0131z i\u00e7in ALEGER&#039;den profesyonel destek al\u0131n.\" \/>\n<meta name=\"robots\" content=\"index, follow, max-snippet:-1, max-image-preview:large, max-video-preview:-1\" \/>\n<meta property=\"og:locale\" content=\"tr_TR\" \/>\n<meta property=\"og:type\" content=\"article\" \/>\n<meta property=\"og:title\" content=\"i.safe MOBILE HMT-1Z1 Ex korumal\u0131 veri g\u00f6zl\u00fc\u011f\u00fc, ATEX B\u00f6lge 1, 20 derece g\u00f6r\u00fc\u015f alan\u0131, Android 8\" \/>\n<meta property=\"og:description\" content=\"Atex sertifikal\u0131 HMT-1Z1 cihaz\u0131n\u0131z\u0131 buradan sat\u0131n al\u0131n ve end\u00fcstriyel uygulamalar\u0131n\u0131z i\u00e7in ALEGER&#039;den profesyonel destek al\u0131n.\" \/>\n<meta property=\"og:url\" content=\"https:\/\/alegerglobal.com\/tr\/shop-tr\/atex-tr\/hmt-1z1\/\" \/>\n<meta property=\"og:site_name\" content=\"ALEGER \u22c6 Augmented Reality\" \/>\n<meta property=\"og:image\" content=\"https:\/\/alegerglobal.com\/wp-content\/uploads\/2020\/12\/Unbenannt.jpg\" \/>\n\t<meta property=\"og:image:width\" content=\"800\" \/>\n\t<meta property=\"og:image:height\" content=\"800\" \/>\n\t<meta property=\"og:image:type\" content=\"image\/jpeg\" \/>\n<meta name=\"twitter:card\" content=\"summary_large_image\" \/>\n<meta name=\"twitter:label1\" content=\"Fiyat\" \/>\n\t<meta name=\"twitter:data1\" content=\"&euro;5.243,79\" \/>\n\t<meta name=\"twitter:label2\" content=\"Durumu\" \/>\n\t<meta name=\"twitter:data2\" content=\"Stokta var\" \/>\n<script type=\"application\/ld+json\" class=\"yoast-schema-graph\">{\"@context\":\"https:\/\/schema.org\",\"@graph\":[{\"@type\":\"WebPage\",\"@id\":\"https:\/\/alegerglobal.com\/tr\/shop-tr\/atex-tr\/hmt-1z1\/\",\"url\":\"https:\/\/alegerglobal.com\/tr\/shop-tr\/atex-tr\/hmt-1z1\/\",\"name\":\"HMT-1Z1: Eski korumal\u0131 veri g\u00f6zl\u00fckleri - ALEGER \u22c6 Augmented Reality\",\"isPartOf\":{\"@id\":\"https:\/\/alegerglobal.com\/tr\/#website\"},\"primaryImageOfPage\":{\"@id\":\"https:\/\/alegerglobal.com\/tr\/shop-tr\/atex-tr\/hmt-1z1\/#primaryimage\"},\"image\":{\"@id\":\"https:\/\/alegerglobal.com\/tr\/shop-tr\/atex-tr\/hmt-1z1\/#primaryimage\"},\"thumbnailUrl\":\"https:\/\/alegerglobal.com\/wp-content\/uploads\/2020\/12\/Unbenannt.jpg\",\"datePublished\":\"2024-06-03T10:08:49+00:00\",\"dateModified\":\"2024-06-03T10:08:49+00:00\",\"description\":\"Atex sertifikal\u0131 HMT-1Z1 cihaz\u0131n\u0131z\u0131 buradan sat\u0131n al\u0131n ve end\u00fcstriyel uygulamalar\u0131n\u0131z i\u00e7in ALEGER'den profesyonel destek al\u0131n.\",\"breadcrumb\":{\"@id\":\"https:\/\/alegerglobal.com\/tr\/shop-tr\/atex-tr\/hmt-1z1\/#breadcrumb\"},\"inLanguage\":\"tr\",\"potentialAction\":[{\"@type\":\"ReadAction\",\"target\":[\"https:\/\/alegerglobal.com\/tr\/shop-tr\/atex-tr\/hmt-1z1\/\"]}]},{\"@type\":\"ImageObject\",\"inLanguage\":\"tr\",\"@id\":\"https:\/\/alegerglobal.com\/tr\/shop-tr\/atex-tr\/hmt-1z1\/#primaryimage\",\"url\":\"https:\/\/alegerglobal.com\/wp-content\/uploads\/2020\/12\/Unbenannt.jpg\",\"contentUrl\":\"https:\/\/alegerglobal.com\/wp-content\/uploads\/2020\/12\/Unbenannt.jpg\",\"width\":800,\"height\":800},{\"@type\":\"BreadcrumbList\",\"@id\":\"https:\/\/alegerglobal.com\/tr\/shop-tr\/atex-tr\/hmt-1z1\/#breadcrumb\",\"itemListElement\":[{\"@type\":\"ListItem\",\"position\":1,\"name\":\"Home\",\"item\":\"https:\/\/alegerglobal.com\/tr\/yeni-anasayfa\/\"},{\"@type\":\"ListItem\",\"position\":2,\"name\":\"\u00dcr\u00fcnler\",\"item\":\"https:\/\/alegerglobal.com\/tr\/ueruenler\/\"},{\"@type\":\"ListItem\",\"position\":3,\"name\":\"i.safe MOBILE HMT-1Z1 Ex korumal\u0131 veri g\u00f6zl\u00fc\u011f\u00fc, ATEX B\u00f6lge 1, 20 derece g\u00f6r\u00fc\u015f alan\u0131, Android 8\"}]},{\"@type\":\"WebSite\",\"@id\":\"https:\/\/alegerglobal.com\/tr\/#website\",\"url\":\"https:\/\/alegerglobal.com\/tr\/\",\"name\":\"ALEGER \u22c6 Augmented Reality\",\"description\":\"Die besten Augmented Reality (AR) L\u00f6sungen der Welt.\",\"publisher\":{\"@id\":\"https:\/\/alegerglobal.com\/tr\/#organization\"},\"potentialAction\":[{\"@type\":\"SearchAction\",\"target\":{\"@type\":\"EntryPoint\",\"urlTemplate\":\"https:\/\/alegerglobal.com\/tr\/?s={search_term_string}\"},\"query-input\":{\"@type\":\"PropertyValueSpecification\",\"valueRequired\":true,\"valueName\":\"search_term_string\"}}],\"inLanguage\":\"tr\"},{\"@type\":\"Organization\",\"@id\":\"https:\/\/alegerglobal.com\/tr\/#organization\",\"name\":\"ALEGER \u22c6 Augmented Reality\",\"url\":\"https:\/\/alegerglobal.com\/tr\/\",\"logo\":{\"@type\":\"ImageObject\",\"inLanguage\":\"tr\",\"@id\":\"https:\/\/alegerglobal.com\/tr\/#\/schema\/logo\/image\/\",\"url\":\"https:\/\/alegerglobal.com\/wp-content\/uploads\/2020\/12\/aleger-logo-quadrat.jpg\",\"contentUrl\":\"https:\/\/alegerglobal.com\/wp-content\/uploads\/2020\/12\/aleger-logo-quadrat.jpg\",\"width\":200,\"height\":176,\"caption\":\"ALEGER \u22c6 Augmented Reality\"},\"image\":{\"@id\":\"https:\/\/alegerglobal.com\/tr\/#\/schema\/logo\/image\/\"}}]}<\/script>\n<meta property=\"product:brand\" content=\"i.safe MOB\u0130L\" \/>\n<meta property=\"product:price:amount\" content=\"5243.79\" \/>\n<meta property=\"product:price:currency\" content=\"EUR\" \/>\n<meta property=\"og:availability\" content=\"instock\" \/>\n<meta property=\"product:availability\" content=\"instock\" \/>\n<meta property=\"product:condition\" content=\"new\" \/>\n<!-- \/ Yoast SEO Premium plugin. -->","yoast_head_json":{"title":"HMT-1Z1: Eski korumal\u0131 veri g\u00f6zl\u00fckleri - ALEGER \u22c6 Augmented Reality","description":"Atex sertifikal\u0131 HMT-1Z1 cihaz\u0131n\u0131z\u0131 buradan sat\u0131n al\u0131n ve end\u00fcstriyel uygulamalar\u0131n\u0131z i\u00e7in ALEGER'den profesyonel destek al\u0131n.","robots":{"index":"index","follow":"follow","max-snippet":"max-snippet:-1","max-image-preview":"max-image-preview:large","max-video-preview":"max-video-preview:-1"},"og_locale":"tr_TR","og_type":"article","og_title":"i.safe MOBILE HMT-1Z1 Ex korumal\u0131 veri g\u00f6zl\u00fc\u011f\u00fc, ATEX B\u00f6lge 1, 20 derece g\u00f6r\u00fc\u015f alan\u0131, Android 8","og_description":"Atex sertifikal\u0131 HMT-1Z1 cihaz\u0131n\u0131z\u0131 buradan sat\u0131n al\u0131n ve end\u00fcstriyel uygulamalar\u0131n\u0131z i\u00e7in ALEGER'den profesyonel destek al\u0131n.","og_url":"https:\/\/alegerglobal.com\/tr\/shop-tr\/atex-tr\/hmt-1z1\/","og_site_name":"ALEGER \u22c6 Augmented Reality","og_image":[{"width":800,"height":800,"url":"https:\/\/alegerglobal.com\/wp-content\/uploads\/2020\/12\/Unbenannt.jpg","type":"image\/jpeg"}],"twitter_card":"summary_large_image","twitter_misc":{"Fiyat":"&euro;5.243,79","Durumu":"Stokta var"},"schema":{"@context":"https:\/\/schema.org","@graph":[{"@type":"WebPage","@id":"https:\/\/alegerglobal.com\/tr\/shop-tr\/atex-tr\/hmt-1z1\/","url":"https:\/\/alegerglobal.com\/tr\/shop-tr\/atex-tr\/hmt-1z1\/","name":"HMT-1Z1: Eski korumal\u0131 veri g\u00f6zl\u00fckleri - ALEGER \u22c6 Augmented Reality","isPartOf":{"@id":"https:\/\/alegerglobal.com\/tr\/#website"},"primaryImageOfPage":{"@id":"https:\/\/alegerglobal.com\/tr\/shop-tr\/atex-tr\/hmt-1z1\/#primaryimage"},"image":{"@id":"https:\/\/alegerglobal.com\/tr\/shop-tr\/atex-tr\/hmt-1z1\/#primaryimage"},"thumbnailUrl":"https:\/\/alegerglobal.com\/wp-content\/uploads\/2020\/12\/Unbenannt.jpg","datePublished":"2024-06-03T10:08:49+00:00","dateModified":"2024-06-03T10:08:49+00:00","description":"Atex sertifikal\u0131 HMT-1Z1 cihaz\u0131n\u0131z\u0131 buradan sat\u0131n al\u0131n ve end\u00fcstriyel uygulamalar\u0131n\u0131z i\u00e7in ALEGER'den profesyonel destek al\u0131n.","breadcrumb":{"@id":"https:\/\/alegerglobal.com\/tr\/shop-tr\/atex-tr\/hmt-1z1\/#breadcrumb"},"inLanguage":"tr","potentialAction":[{"@type":"ReadAction","target":["https:\/\/alegerglobal.com\/tr\/shop-tr\/atex-tr\/hmt-1z1\/"]}]},{"@type":"ImageObject","inLanguage":"tr","@id":"https:\/\/alegerglobal.com\/tr\/shop-tr\/atex-tr\/hmt-1z1\/#primaryimage","url":"https:\/\/alegerglobal.com\/wp-content\/uploads\/2020\/12\/Unbenannt.jpg","contentUrl":"https:\/\/alegerglobal.com\/wp-content\/uploads\/2020\/12\/Unbenannt.jpg","width":800,"height":800},{"@type":"BreadcrumbList","@id":"https:\/\/alegerglobal.com\/tr\/shop-tr\/atex-tr\/hmt-1z1\/#breadcrumb","itemListElement":[{"@type":"ListItem","position":1,"name":"Home","item":"https:\/\/alegerglobal.com\/tr\/yeni-anasayfa\/"},{"@type":"ListItem","position":2,"name":"\u00dcr\u00fcnler","item":"https:\/\/alegerglobal.com\/tr\/ueruenler\/"},{"@type":"ListItem","position":3,"name":"i.safe MOBILE HMT-1Z1 Ex korumal\u0131 veri g\u00f6zl\u00fc\u011f\u00fc, ATEX B\u00f6lge 1, 20 derece g\u00f6r\u00fc\u015f alan\u0131, Android 8"}]},{"@type":"WebSite","@id":"https:\/\/alegerglobal.com\/tr\/#website","url":"https:\/\/alegerglobal.com\/tr\/","name":"ALEGER \u22c6 Augmented Reality","description":"Die besten Augmented Reality (AR) L\u00f6sungen der Welt.","publisher":{"@id":"https:\/\/alegerglobal.com\/tr\/#organization"},"potentialAction":[{"@type":"SearchAction","target":{"@type":"EntryPoint","urlTemplate":"https:\/\/alegerglobal.com\/tr\/?s={search_term_string}"},"query-input":{"@type":"PropertyValueSpecification","valueRequired":true,"valueName":"search_term_string"}}],"inLanguage":"tr"},{"@type":"Organization","@id":"https:\/\/alegerglobal.com\/tr\/#organization","name":"ALEGER \u22c6 Augmented Reality","url":"https:\/\/alegerglobal.com\/tr\/","logo":{"@type":"ImageObject","inLanguage":"tr","@id":"https:\/\/alegerglobal.com\/tr\/#\/schema\/logo\/image\/","url":"https:\/\/alegerglobal.com\/wp-content\/uploads\/2020\/12\/aleger-logo-quadrat.jpg","contentUrl":"https:\/\/alegerglobal.com\/wp-content\/uploads\/2020\/12\/aleger-logo-quadrat.jpg","width":200,"height":176,"caption":"ALEGER \u22c6 Augmented Reality"},"image":{"@id":"https:\/\/alegerglobal.com\/tr\/#\/schema\/logo\/image\/"}}]},"product_brand":"i.safe MOB\u0130L","product_price_amount":"5243.79","product_price_currency":"EUR","og_availability":"instock","product_availability":"instock","product_condition":"new"},"_links":{"self":[{"href":"https:\/\/alegerglobal.com\/tr\/wp-json\/wp\/v2\/product\/38848","targetHints":{"allow":["GET"]}}],"collection":[{"href":"https:\/\/alegerglobal.com\/tr\/wp-json\/wp\/v2\/product"}],"about":[{"href":"https:\/\/alegerglobal.com\/tr\/wp-json\/wp\/v2\/types\/product"}],"replies":[{"embeddable":true,"href":"https:\/\/alegerglobal.com\/tr\/wp-json\/wp\/v2\/comments?post=38848"}],"version-history":[{"count":0,"href":"https:\/\/alegerglobal.com\/tr\/wp-json\/wp\/v2\/product\/38848\/revisions"}],"wp:featuredmedia":[{"embeddable":true,"href":"https:\/\/alegerglobal.com\/tr\/wp-json\/wp\/v2\/media\/38850"}],"wp:attachment":[{"href":"https:\/\/alegerglobal.com\/tr\/wp-json\/wp\/v2\/media?parent=38848"}],"wp:term":[{"taxonomy":"product_brand","embeddable":true,"href":"https:\/\/alegerglobal.com\/tr\/wp-json\/wp\/v2\/product_brand?post=38848"},{"taxonomy":"product_cat","embeddable":true,"href":"https:\/\/alegerglobal.com\/tr\/wp-json\/wp\/v2\/product_cat?post=38848"},{"taxonomy":"product_tag","embeddable":true,"href":"https:\/\/alegerglobal.com\/tr\/wp-json\/wp\/v2\/product_tag?post=38848"}],"curies":[{"name":"wp","href":"https:\/\/api.w.org\/{rel}","templated":true}]}}