{"id":38820,"date":"2023-09-11T09:29:52","date_gmt":"2024-06-03T10:08:43","guid":{"rendered":"https:\/\/alegerglobal.com\/uncategorized\/kullanilmis-microsoft-hololens-2-%50-indirimli-etkileyici-50-derecelik-goerues-alanina-ve-windows-holographice-sahip-akilli-goezluek\/"},"modified":"2024-06-03T11:08:43","modified_gmt":"2024-06-03T10:08:43","slug":"hololens-2-used","status":"publish","type":"product","link":"https:\/\/alegerglobal.com\/tr\/shop-tr\/akilli-goezluekler\/hololens-2-used\/","title":{"rendered":"Kullan\u0131lm\u0131\u015f Microsoft HoloLens 2 (%50 indirimli): Etkileyici 50 derecelik g\u00f6r\u00fc\u015f alan\u0131na ve Windows Holographic&#8217;e sahip ak\u0131ll\u0131 g\u00f6zl\u00fck"},"content":{"rendered":"","protected":false},"excerpt":{"rendered":"<ul>\n<li><b>Uzun kullan\u0131m s\u00fcresi:<\/b><span style=\"font-weight: 400;\"> 2-3 saat kesintisiz AR&#8217;nin keyfini \u00e7\u0131kar\u0131n<\/span><\/li>\n<li><b>Mutlak mobilite:<\/b> PC ba\u011flant\u0131s\u0131 olmadan ba\u011f\u0131ms\u0131z kullan\u0131m sayesinde<\/li>\n<li><b>Konforlu \u00e7al\u0131\u015fma<\/b> alan\u0131<b>:<\/b> 75 Hz&#8217;lik etkileyici yenileme h\u0131z\u0131 ve keskin 2K \u00e7\u00f6z\u00fcn\u00fcrl\u00fck ile kendinizi 50 derecelik etkileyici bir g\u00f6r\u00fc\u015f alan\u0131na b\u0131rak\u0131n.<\/li>\n<li><b>Son teknoloji yaz\u0131l\u0131m teknolojisi:<\/b> Geli\u015fmi\u015f yapay zeka yaz\u0131l\u0131m\u0131, insan beyninin etkileyici i\u015flevselli\u011fini sim\u00fcle eder.<\/li>\n<li><b>Sezgisel kontrol:<\/b> Hassas hareket kontrol\u00fcn\u00fc zahmetsizce ger\u00e7ekle\u015ftirin ve HoloLens&#8217;i sesle kontrol edin.<\/li>\n<li><b>T\u00fcm zorluklar i\u00e7in g\u00fc\u00e7l\u00fc donan\u0131m: <\/b>Snapdragon 850 i\u015flemci ve 2 GB DDR4 bellek, zorlu uygulamalar i\u00e7in ihtiya\u00e7 duydu\u011funuz g\u00fcc\u00fc sa\u011flar<\/li>\n<\/ul>\n","protected":false},"featured_media":38826,"comment_status":"open","ping_status":"closed","template":"","meta":{"_acf_changed":false},"product_brand":[],"product_cat":[2317,2318],"product_tag":[],"class_list":{"0":"post-38820","1":"product","2":"type-product","3":"status-publish","4":"has-post-thumbnail","6":"product_cat-akilli-goezluekler","7":"product_cat-shop-tr","8":"pa_hersteller-microsoft-tr","10":"first","11":"instock","12":"taxable","13":"shipping-taxable","14":"product-type-simple"},"acf":[],"yoast_head":"<!-- This site is optimized with the Yoast SEO Premium plugin v20.10 (Yoast SEO v24.3) - https:\/\/yoast.com\/wordpress\/plugins\/seo\/ -->\n<title>Hololens 2 yeni kullan\u0131lm\u0131\u015f kadar iyi - ep ALEGER \u22c6 Augmented Reality<\/title>\n<meta name=\"description\" content=\"M\u00fckemmel durumdaki kullan\u0131lm\u0131\u015f Hololens 2&#039;yi ke\u015ffedin ve rakipsiz indirimden yararlan\u0131n\" \/>\n<meta name=\"robots\" content=\"index, follow, max-snippet:-1, max-image-preview:large, max-video-preview:-1\" \/>\n<meta property=\"og:locale\" content=\"tr_TR\" \/>\n<meta property=\"og:type\" content=\"article\" \/>\n<meta property=\"og:title\" content=\"Kullan\u0131lm\u0131\u015f Microsoft HoloLens 2 (%50 indirimli): Etkileyici 50 derecelik g\u00f6r\u00fc\u015f alan\u0131na ve Windows Holographic&#039;e sahip ak\u0131ll\u0131 g\u00f6zl\u00fck\" \/>\n<meta property=\"og:description\" content=\"M\u00fckemmel durumdaki kullan\u0131lm\u0131\u015f Hololens 2&#039;yi ke\u015ffedin ve rakipsiz indirimden yararlan\u0131n\" \/>\n<meta property=\"og:url\" content=\"https:\/\/alegerglobal.com\/tr\/shop-tr\/akilli-goezluekler\/hololens-2-used\/\" \/>\n<meta property=\"og:site_name\" content=\"ALEGER \u22c6 Augmented Reality\" \/>\n<meta property=\"og:image\" content=\"https:\/\/alegerglobal.com\/wp-content\/uploads\/2023\/09\/hololens-50_v2.png\" \/>\n\t<meta property=\"og:image:width\" content=\"1000\" \/>\n\t<meta property=\"og:image:height\" content=\"1000\" \/>\n\t<meta property=\"og:image:type\" content=\"image\/png\" \/>\n<meta name=\"twitter:card\" content=\"summary_large_image\" \/>\n<meta name=\"twitter:label1\" content=\"Fiyat\" \/>\n\t<meta name=\"twitter:data1\" content=\"\" \/>\n\t<meta name=\"twitter:label2\" content=\"Durumu\" \/>\n\t<meta name=\"twitter:data2\" content=\"Stokta var\" \/>\n<script type=\"application\/ld+json\" class=\"yoast-schema-graph\">{\"@context\":\"https:\/\/schema.org\",\"@graph\":[{\"@type\":\"WebPage\",\"@id\":\"https:\/\/alegerglobal.com\/tr\/shop-tr\/akilli-goezluekler\/hololens-2-used\/\",\"url\":\"https:\/\/alegerglobal.com\/tr\/shop-tr\/akilli-goezluekler\/hololens-2-used\/\",\"name\":\"Hololens 2 yeni kullan\u0131lm\u0131\u015f kadar iyi - ep ALEGER \u22c6 Augmented Reality\",\"isPartOf\":{\"@id\":\"https:\/\/alegerglobal.com\/tr\/#website\"},\"primaryImageOfPage\":{\"@id\":\"https:\/\/alegerglobal.com\/tr\/shop-tr\/akilli-goezluekler\/hololens-2-used\/#primaryimage\"},\"image\":{\"@id\":\"https:\/\/alegerglobal.com\/tr\/shop-tr\/akilli-goezluekler\/hololens-2-used\/#primaryimage\"},\"thumbnailUrl\":\"https:\/\/alegerglobal.com\/wp-content\/uploads\/2023\/09\/hololens-50_v2.png\",\"datePublished\":\"2024-06-03T10:08:43+00:00\",\"dateModified\":\"2024-06-03T10:08:43+00:00\",\"description\":\"M\u00fckemmel durumdaki kullan\u0131lm\u0131\u015f Hololens 2'yi ke\u015ffedin ve rakipsiz indirimden yararlan\u0131n\",\"breadcrumb\":{\"@id\":\"https:\/\/alegerglobal.com\/tr\/shop-tr\/akilli-goezluekler\/hololens-2-used\/#breadcrumb\"},\"inLanguage\":\"tr\",\"potentialAction\":[{\"@type\":\"ReadAction\",\"target\":[\"https:\/\/alegerglobal.com\/tr\/shop-tr\/akilli-goezluekler\/hololens-2-used\/\"]}]},{\"@type\":\"ImageObject\",\"inLanguage\":\"tr\",\"@id\":\"https:\/\/alegerglobal.com\/tr\/shop-tr\/akilli-goezluekler\/hololens-2-used\/#primaryimage\",\"url\":\"https:\/\/alegerglobal.com\/wp-content\/uploads\/2023\/09\/hololens-50_v2.png\",\"contentUrl\":\"https:\/\/alegerglobal.com\/wp-content\/uploads\/2023\/09\/hololens-50_v2.png\",\"width\":1000,\"height\":1000},{\"@type\":\"BreadcrumbList\",\"@id\":\"https:\/\/alegerglobal.com\/tr\/shop-tr\/akilli-goezluekler\/hololens-2-used\/#breadcrumb\",\"itemListElement\":[{\"@type\":\"ListItem\",\"position\":1,\"name\":\"Home\",\"item\":\"https:\/\/alegerglobal.com\/tr\/yeni-anasayfa\/\"},{\"@type\":\"ListItem\",\"position\":2,\"name\":\"\u00dcr\u00fcnler\",\"item\":\"https:\/\/alegerglobal.com\/tr\/ueruenler\/\"},{\"@type\":\"ListItem\",\"position\":3,\"name\":\"Kullan\u0131lm\u0131\u015f Hololens 2\"}]},{\"@type\":\"WebSite\",\"@id\":\"https:\/\/alegerglobal.com\/tr\/#website\",\"url\":\"https:\/\/alegerglobal.com\/tr\/\",\"name\":\"ALEGER \u22c6 Augmented Reality\",\"description\":\"Die besten Augmented Reality (AR) L\u00f6sungen der Welt.\",\"publisher\":{\"@id\":\"https:\/\/alegerglobal.com\/tr\/#organization\"},\"potentialAction\":[{\"@type\":\"SearchAction\",\"target\":{\"@type\":\"EntryPoint\",\"urlTemplate\":\"https:\/\/alegerglobal.com\/tr\/?s={search_term_string}\"},\"query-input\":{\"@type\":\"PropertyValueSpecification\",\"valueRequired\":true,\"valueName\":\"search_term_string\"}}],\"inLanguage\":\"tr\"},{\"@type\":\"Organization\",\"@id\":\"https:\/\/alegerglobal.com\/tr\/#organization\",\"name\":\"ALEGER \u22c6 Augmented Reality\",\"url\":\"https:\/\/alegerglobal.com\/tr\/\",\"logo\":{\"@type\":\"ImageObject\",\"inLanguage\":\"tr\",\"@id\":\"https:\/\/alegerglobal.com\/tr\/#\/schema\/logo\/image\/\",\"url\":\"https:\/\/alegerglobal.com\/wp-content\/uploads\/2020\/12\/aleger-logo-quadrat.jpg\",\"contentUrl\":\"https:\/\/alegerglobal.com\/wp-content\/uploads\/2020\/12\/aleger-logo-quadrat.jpg\",\"width\":200,\"height\":176,\"caption\":\"ALEGER \u22c6 Augmented Reality\"},\"image\":{\"@id\":\"https:\/\/alegerglobal.com\/tr\/#\/schema\/logo\/image\/\"}}]}<\/script>\n<meta property=\"product:brand\" content=\"Microsoft\" \/>\n<meta property=\"product:price:amount\" content=\"0.00\" \/>\n<meta property=\"product:price:currency\" content=\"EUR\" \/>\n<meta property=\"og:availability\" content=\"instock\" \/>\n<meta property=\"product:availability\" content=\"instock\" \/>\n<meta property=\"product:condition\" content=\"new\" \/>\n<!-- \/ Yoast SEO Premium plugin. -->","yoast_head_json":{"title":"Hololens 2 yeni kullan\u0131lm\u0131\u015f kadar iyi - ep ALEGER \u22c6 Augmented Reality","description":"M\u00fckemmel durumdaki kullan\u0131lm\u0131\u015f Hololens 2'yi ke\u015ffedin ve rakipsiz indirimden yararlan\u0131n","robots":{"index":"index","follow":"follow","max-snippet":"max-snippet:-1","max-image-preview":"max-image-preview:large","max-video-preview":"max-video-preview:-1"},"og_locale":"tr_TR","og_type":"article","og_title":"Kullan\u0131lm\u0131\u015f Microsoft HoloLens 2 (%50 indirimli): Etkileyici 50 derecelik g\u00f6r\u00fc\u015f alan\u0131na ve Windows Holographic'e sahip ak\u0131ll\u0131 g\u00f6zl\u00fck","og_description":"M\u00fckemmel durumdaki kullan\u0131lm\u0131\u015f Hololens 2'yi ke\u015ffedin ve rakipsiz indirimden yararlan\u0131n","og_url":"https:\/\/alegerglobal.com\/tr\/shop-tr\/akilli-goezluekler\/hololens-2-used\/","og_site_name":"ALEGER \u22c6 Augmented Reality","og_image":[{"width":1000,"height":1000,"url":"https:\/\/alegerglobal.com\/wp-content\/uploads\/2023\/09\/hololens-50_v2.png","type":"image\/png"}],"twitter_card":"summary_large_image","twitter_misc":{"Fiyat":"","Durumu":"Stokta var"},"schema":{"@context":"https:\/\/schema.org","@graph":[{"@type":"WebPage","@id":"https:\/\/alegerglobal.com\/tr\/shop-tr\/akilli-goezluekler\/hololens-2-used\/","url":"https:\/\/alegerglobal.com\/tr\/shop-tr\/akilli-goezluekler\/hololens-2-used\/","name":"Hololens 2 yeni kullan\u0131lm\u0131\u015f kadar iyi - ep ALEGER \u22c6 Augmented Reality","isPartOf":{"@id":"https:\/\/alegerglobal.com\/tr\/#website"},"primaryImageOfPage":{"@id":"https:\/\/alegerglobal.com\/tr\/shop-tr\/akilli-goezluekler\/hololens-2-used\/#primaryimage"},"image":{"@id":"https:\/\/alegerglobal.com\/tr\/shop-tr\/akilli-goezluekler\/hololens-2-used\/#primaryimage"},"thumbnailUrl":"https:\/\/alegerglobal.com\/wp-content\/uploads\/2023\/09\/hololens-50_v2.png","datePublished":"2024-06-03T10:08:43+00:00","dateModified":"2024-06-03T10:08:43+00:00","description":"M\u00fckemmel durumdaki kullan\u0131lm\u0131\u015f Hololens 2'yi ke\u015ffedin ve rakipsiz indirimden yararlan\u0131n","breadcrumb":{"@id":"https:\/\/alegerglobal.com\/tr\/shop-tr\/akilli-goezluekler\/hololens-2-used\/#breadcrumb"},"inLanguage":"tr","potentialAction":[{"@type":"ReadAction","target":["https:\/\/alegerglobal.com\/tr\/shop-tr\/akilli-goezluekler\/hololens-2-used\/"]}]},{"@type":"ImageObject","inLanguage":"tr","@id":"https:\/\/alegerglobal.com\/tr\/shop-tr\/akilli-goezluekler\/hololens-2-used\/#primaryimage","url":"https:\/\/alegerglobal.com\/wp-content\/uploads\/2023\/09\/hololens-50_v2.png","contentUrl":"https:\/\/alegerglobal.com\/wp-content\/uploads\/2023\/09\/hololens-50_v2.png","width":1000,"height":1000},{"@type":"BreadcrumbList","@id":"https:\/\/alegerglobal.com\/tr\/shop-tr\/akilli-goezluekler\/hololens-2-used\/#breadcrumb","itemListElement":[{"@type":"ListItem","position":1,"name":"Home","item":"https:\/\/alegerglobal.com\/tr\/yeni-anasayfa\/"},{"@type":"ListItem","position":2,"name":"\u00dcr\u00fcnler","item":"https:\/\/alegerglobal.com\/tr\/ueruenler\/"},{"@type":"ListItem","position":3,"name":"Kullan\u0131lm\u0131\u015f Hololens 2"}]},{"@type":"WebSite","@id":"https:\/\/alegerglobal.com\/tr\/#website","url":"https:\/\/alegerglobal.com\/tr\/","name":"ALEGER \u22c6 Augmented Reality","description":"Die besten Augmented Reality (AR) L\u00f6sungen der Welt.","publisher":{"@id":"https:\/\/alegerglobal.com\/tr\/#organization"},"potentialAction":[{"@type":"SearchAction","target":{"@type":"EntryPoint","urlTemplate":"https:\/\/alegerglobal.com\/tr\/?s={search_term_string}"},"query-input":{"@type":"PropertyValueSpecification","valueRequired":true,"valueName":"search_term_string"}}],"inLanguage":"tr"},{"@type":"Organization","@id":"https:\/\/alegerglobal.com\/tr\/#organization","name":"ALEGER \u22c6 Augmented Reality","url":"https:\/\/alegerglobal.com\/tr\/","logo":{"@type":"ImageObject","inLanguage":"tr","@id":"https:\/\/alegerglobal.com\/tr\/#\/schema\/logo\/image\/","url":"https:\/\/alegerglobal.com\/wp-content\/uploads\/2020\/12\/aleger-logo-quadrat.jpg","contentUrl":"https:\/\/alegerglobal.com\/wp-content\/uploads\/2020\/12\/aleger-logo-quadrat.jpg","width":200,"height":176,"caption":"ALEGER \u22c6 Augmented Reality"},"image":{"@id":"https:\/\/alegerglobal.com\/tr\/#\/schema\/logo\/image\/"}}]},"product_brand":"Microsoft","product_price_amount":"0.00","product_price_currency":"EUR","og_availability":"instock","product_availability":"instock","product_condition":"new"},"_links":{"self":[{"href":"https:\/\/alegerglobal.com\/tr\/wp-json\/wp\/v2\/product\/38820","targetHints":{"allow":["GET"]}}],"collection":[{"href":"https:\/\/alegerglobal.com\/tr\/wp-json\/wp\/v2\/product"}],"about":[{"href":"https:\/\/alegerglobal.com\/tr\/wp-json\/wp\/v2\/types\/product"}],"replies":[{"embeddable":true,"href":"https:\/\/alegerglobal.com\/tr\/wp-json\/wp\/v2\/comments?post=38820"}],"version-history":[{"count":0,"href":"https:\/\/alegerglobal.com\/tr\/wp-json\/wp\/v2\/product\/38820\/revisions"}],"wp:featuredmedia":[{"embeddable":true,"href":"https:\/\/alegerglobal.com\/tr\/wp-json\/wp\/v2\/media\/38826"}],"wp:attachment":[{"href":"https:\/\/alegerglobal.com\/tr\/wp-json\/wp\/v2\/media?parent=38820"}],"wp:term":[{"taxonomy":"product_brand","embeddable":true,"href":"https:\/\/alegerglobal.com\/tr\/wp-json\/wp\/v2\/product_brand?post=38820"},{"taxonomy":"product_cat","embeddable":true,"href":"https:\/\/alegerglobal.com\/tr\/wp-json\/wp\/v2\/product_cat?post=38820"},{"taxonomy":"product_tag","embeddable":true,"href":"https:\/\/alegerglobal.com\/tr\/wp-json\/wp\/v2\/product_tag?post=38820"}],"curies":[{"name":"wp","href":"https:\/\/api.w.org\/{rel}","templated":true}]}}