{"id":38819,"date":"2024-06-03T11:08:43","date_gmt":"2024-06-03T10:08:43","guid":{"rendered":"https:\/\/alegerglobal.com\/uncategorized\/realwear-hmt-1-enduestriyel-akilli-goezluek-20-derece-ekran-ip66-mil-std-810g\/"},"modified":"2024-06-03T11:08:45","modified_gmt":"2024-06-03T10:08:45","slug":"realwear-hmt-1-enduestriyel-akilli-goezluek-20-derece-ekran-ip66-mil-std-810g","status":"publish","type":"product","link":"https:\/\/alegerglobal.com\/tr\/shop-tr\/akilli-goezluekler\/realwear-hmt-1-enduestriyel-akilli-goezluek-20-derece-ekran-ip66-mil-std-810g\/","title":{"rendered":"RealWear HMT-1, end\u00fcstriyel ak\u0131ll\u0131 g\u00f6zl\u00fck, 20 derece ekran, IP66 MIL-STD-810G"},"content":{"rendered":"\t\t<div data-elementor-type=\"product-post\" data-elementor-id=\"38819\" class=\"elementor elementor-38819\" data-elementor-settings=\"{&quot;ha_cmc_init_switcher&quot;:&quot;no&quot;}\" data-elementor-post-type=\"product\">\n\t\t\t\t\t\t<section class=\"elementor-section elementor-top-section elementor-element elementor-element-1f96e96e elementor-section-boxed elementor-section-height-default elementor-section-height-default\" data-id=\"1f96e96e\" data-element_type=\"section\" data-settings=\"{&quot;jet_parallax_layout_list&quot;:[],&quot;_ha_eqh_enable&quot;:false}\">\n\t\t\t\t\t\t<div class=\"elementor-container elementor-column-gap-default\">\n\t\t\t\t\t<div class=\"elementor-column elementor-col-100 elementor-top-column elementor-element elementor-element-6a7946db\" data-id=\"6a7946db\" data-element_type=\"column\">\n\t\t\t<div class=\"elementor-widget-wrap elementor-element-populated\">\n\t\t\t\t\t\t<div class=\"elementor-element elementor-element-1b2cda19 elementor-tabs-view-horizontal elementor-widget elementor-widget-tabs\" data-id=\"1b2cda19\" data-element_type=\"widget\" data-widget_type=\"tabs.default\">\n\t\t\t\t<div class=\"elementor-widget-container\">\n\t\t\t\t\t\t\t<div class=\"elementor-tabs\">\n\t\t\t<div class=\"elementor-tabs-wrapper\" role=\"tablist\" >\n\t\t\t\t\t\t\t\t\t<div id=\"elementor-tab-title-4551\" class=\"elementor-tab-title elementor-tab-desktop-title\" aria-selected=\"true\" data-tab=\"1\" role=\"tab\" tabindex=\"0\" aria-controls=\"elementor-tab-content-4551\" aria-expanded=\"false\">Genel Bak\u0131\u015f<\/div>\n\t\t\t\t\t\t\t\t\t<div id=\"elementor-tab-title-4552\" class=\"elementor-tab-title elementor-tab-desktop-title\" aria-selected=\"false\" data-tab=\"2\" role=\"tab\" tabindex=\"-1\" aria-controls=\"elementor-tab-content-4552\" aria-expanded=\"false\">Teknik ayr\u0131nt\u0131lar<\/div>\n\t\t\t\t\t\t\t<\/div>\n\t\t\t<div class=\"elementor-tabs-content-wrapper\" role=\"tablist\" aria-orientation=\"vertical\">\n\t\t\t\t\t\t\t\t\t<div class=\"elementor-tab-title elementor-tab-mobile-title\" aria-selected=\"true\" data-tab=\"1\" role=\"tab\" tabindex=\"0\" aria-controls=\"elementor-tab-content-4551\" aria-expanded=\"false\">Genel Bak\u0131\u015f<\/div>\n\t\t\t\t\t<div id=\"elementor-tab-content-4551\" class=\"elementor-tab-content elementor-clearfix\" data-tab=\"1\" role=\"tabpanel\" aria-labelledby=\"elementor-tab-title-4551\" tabindex=\"0\" hidden=\"false\"><h2><b>End\u00fcstri i\u00e7in ak\u0131ll\u0131 g\u00f6zl\u00fckler: sa\u011flam, dayan\u0131kl\u0131, profesyonel<\/b><\/h2>\n<p><span style=\"font-weight: 400;\">Realwear HMT-1, end\u00fcstride kullan\u0131m i\u00e7in sa\u011flam bir \u00e7ift veri g\u00f6zl\u00fc\u011f\u00fcd\u00fcr. Ses kontrol\u00fc sunar. D\u00f6rt mikrofon ve modern yapay zeka teknolojisi, bunun daha g\u00fcr\u00fclt\u00fcl\u00fc alanlarda da \u00e7al\u0131\u015fmas\u0131n\u0131 sa\u011flar. AR g\u00f6zl\u00fckleri, kasklara ve koruyucu g\u00f6zl\u00fcklere kolayca monte edilebilir. Cihaz IP66 sertifikas\u0131na sahiptir ve MIL-STD-810G&#8217;ye uygun olarak test edilmi\u015ftir. Bu, veri camlar\u0131n\u0131n -20\u00b0 C ile +50\u00b0 C aras\u0131ndaki a\u015f\u0131r\u0131 s\u0131cakl\u0131klarda bile kullan\u0131labilirli\u011fini korudu\u011fu ve 2 metre y\u00fcksekli\u011fe kadar darbeye dayan\u0131kl\u0131 oldu\u011fu anlam\u0131na gelir. Ayr\u0131ca ATEX B\u00f6lge 1 tehlikeli alanlarda kullan\u0131m i\u00e7in onaylanm\u0131\u015f HMT-1-Z1 ad\u0131nda bir \u00e7ift veri g\u00f6zl\u00fc\u011f\u00fc daha bulunmaktad\u0131r.  <\/span><\/p>\n<h2> <\/h2>\n<h2><b>Realweare Ak\u0131ll\u0131 G\u00f6zl\u00fck 8 saat \u00e7al\u0131\u015fma s\u00fcresi ve \u00fc\u00e7 y\u0131l garanti ile<\/b><\/h2>\n<p><span style=\"font-weight: 400;\">Realweare&#8217;in veri g\u00f6zl\u00fckleri size eller serbest kullanabilece\u011finiz bir tablet ile ayn\u0131 i\u015flevselli\u011fi sunar. Do\u011frudan g\u00f6z\u00fcn \u00f6n\u00fcne yerle\u015ftirilen monok\u00fcler ekran 7 in\u00e7 olarak g\u00f6r\u00fcn\u00fcyor. Bu, neler olup bitti\u011fine dair her zaman genel bir bak\u0131\u015fa sahip oldu\u011funuz anlam\u0131na gelir. Art\u0131k g\u00f6r\u00fcnt\u00fcl\u00fc aramalar yapabilir, belgeleri y\u00f6netebilir veya sorunlar\u0131 sesli olarak belgeleyebilirsiniz. IoT veri g\u00f6rselle\u015ftirmesi de Realweare HMT-1 ile rahatl\u0131kla m\u00fcmk\u00fcnd\u00fcr.  <\/span><\/p>\n<h2> <\/h2>\n<p><span style=\"font-weight: 400;\">3250 mAh pil size 8 saate kadar uzun bir \u00e7al\u0131\u015fma s\u00fcresi sunar, b\u00f6ylece HMT-1&#8217;i kesintisiz olarak t\u00fcm vardiya boyunca kullanabilirsiniz. HMT-1, hasar durumunda cihaz\u0131 kapsayan ve veri g\u00f6zl\u00fcklerinden en iyi \u015fekilde yararlanman\u0131za yard\u0131mc\u0131 olmak i\u00e7in kapsaml\u0131 bir bilgi veritaban\u0131na eri\u015fmenizi sa\u011flayan \u00fc\u00e7 y\u0131ll\u0131k bir garantiyle birlikte gelir.  <\/span><\/p>\n<\/div>\n\t\t\t\t\t\t\t\t\t<div class=\"elementor-tab-title elementor-tab-mobile-title\" aria-selected=\"false\" data-tab=\"2\" role=\"tab\" tabindex=\"-1\" aria-controls=\"elementor-tab-content-4552\" aria-expanded=\"false\">Teknik ayr\u0131nt\u0131lar<\/div>\n\t\t\t\t\t<div id=\"elementor-tab-content-4552\" class=\"elementor-tab-content elementor-clearfix\" data-tab=\"2\" role=\"tabpanel\" aria-labelledby=\"elementor-tab-title-4552\" tabindex=\"0\" hidden=\"hidden\"><ul>\n<li style=\"font-weight: 400;\"><span style=\"font-weight: 400;\">Android 8.1.0 (AOSP) + WearHF\u2122 eller serbest kiti<\/span><\/li>\n<li style=\"font-weight: 400;\"><span style=\"font-weight: 400;\">2,0 GHz 8 \u00e7ekirdekli Qualcomm\u00ae Snapdragon\u2122 625, Adreno 506 GPU &#8211; OpenGL ES 3.1 ve OpenCL 2.0<\/span><\/li>\n<li style=\"font-weight: 400;\"><span style=\"font-weight: 400;\">16 GB dahili bellek \/ 2 GB RAM \/ MicroSD yuvas\u0131 (maksimum desteklenen kart 256 GB)<\/span><\/li>\n<li style=\"font-weight: 400;\"><span style=\"font-weight: 400;\">Dahil edilen uygulamalar: Belge navigat\u00f6r\u00fc, barkod okuyuculu kamera, video kaydedici, medya oynat\u0131c\u0131<\/span><\/li>\n<li style=\"font-weight: 400;\"><span style=\"font-weight: 400;\">Bluetooth<\/span><\/li>\n<li style=\"font-weight: 400;\"><span style=\"font-weight: 400;\">Wi-Fi 802.11 a\/b\/g\/n\/ac &#8211; 2.4GHz ve 5GHz<\/span><\/li>\n<li style=\"font-weight: 400;\"><span style=\"font-weight: 400;\">GPS, GLONASS, A-GPS<\/span><\/li>\n<li style=\"font-weight: 400;\"><span style=\"font-weight: 400;\">9-DOF (3 eksenli ivme\u00f6l\u00e7er, manyetometre ve jiroskop), yaz\u0131l\u0131m destekli stabilizasyon<\/span><\/li>\n<li style=\"font-weight: 400;\"><span style=\"font-weight: 400;\">3250 mAh Li-Ion pil, \u015farj edilebilir ve sahada de\u011fi\u015ftirilebilir<\/span><\/li>\n<li style=\"font-weight: 400;\"><span style=\"font-weight: 400;\">380g a\u011f\u0131rl\u0131k<\/span><\/li>\n<li style=\"font-weight: 400;\"><span style=\"font-weight: 400;\">IP66 ve MIL-STD-810G sertifikal\u0131<\/span><\/li>\n<li style=\"font-weight: 400;\"><span style=\"font-weight: 400;\">2 metre d\u00fc\u015fme testi<\/span><\/li>\n<li style=\"font-weight: 400;\"><span style=\"font-weight: 400;\">3,5 mm ses<\/span><\/li>\n<li style=\"font-weight: 400;\"><span style=\"font-weight: 400;\">1 mikro USB<\/span><\/li>\n<li style=\"font-weight: 400;\"><span style=\"font-weight: 400;\">1 USB Tip-C<\/span><\/li>\n<li style=\"font-weight: 400;\"><span style=\"font-weight: 400;\">20\u00b0 \ufb01eld-of-view, 24 renk ve WVGA (854\u00d7480) \u00e7\u00f6z\u00fcn\u00fcrl\u00fc\u011fe sahip ekran<\/span><\/li>\n<li style=\"font-weight: 400;\"><span style=\"font-weight: 400;\">Mikrofon<\/span><\/li>\n<li style=\"font-weight: 400;\"><span style=\"font-weight: 400;\">Aktif g\u00fcr\u00fclt\u00fc engelleme \u00f6zellikli 4 dijital mikrofon<\/span><\/li>\n<li style=\"font-weight: 400;\"><span style=\"font-weight: 400;\">Tipik 95 dBA end\u00fcstriyel g\u00fcr\u00fclt\u00fcde bile hassas konu\u015fma tan\u0131ma<\/span><\/li>\n<li style=\"font-weight: 400;\"><span style=\"font-weight: 400;\">Dahili 91 dBA hoparl\u00f6r<\/span><\/li>\n<li style=\"font-weight: 400;\"><span style=\"font-weight: 400;\">Kamera: 16 MP 4 eksenli optik g\u00f6r\u00fcnt\u00fc sabitleme, LED fla\u015fl\u0131 PDAF<\/span><\/li>\n<li style=\"font-weight: 400;\"><span style=\"font-weight: 400;\">Video: 1080p @30fps&#8217;ye kadar. Kodekler: VP8, VP9 ve H.264, H.265 i\u00e7in donan\u0131m kodlama deste\u011fi HEVC<\/span><\/li>\n<li style=\"font-weight: 400;\"><span style=\"font-weight: 400;\">Aksesuarlar: Pil duvar \u015farj cihaz\u0131, USB tip C \u015farj kablosu, USB tip C &#8211; USB mikro adapt\u00f6r, ba\u015f \u00fcst\u00fc kay\u0131\u015f\u0131, ba\u015f pedinin arkas\u0131, \u00e7\u0131kar\u0131labilir pil<\/span><\/li>\n<\/ul>\n<\/div>\n\t\t\t\t\t\t\t<\/div>\n\t\t<\/div>\n\t\t\t\t\t\t<\/div>\n\t\t\t\t<\/div>\n\t\t\t\t\t<\/div>\n\t\t<\/div>\n\t\t\t\t\t<\/div>\n\t\t<\/section>\n\t\t\t\t<\/div>\n\t\t","protected":false},"excerpt":{"rendered":"<ul>\n<li><b>IP66 ve MIL-STD-810 sertifikal\u0131 end\u00fcstri i\u00e7in sa\u011flam veri g\u00f6zl\u00fckleri<\/b><\/li>\n<li><b>Eller serbest kullan\u0131m:<\/b><span style=\"font-weight: 400;\"> Ses tabanl\u0131 i\u015fletim sistemi, g\u00fcr\u00fclt\u00fcl\u00fc alanlarda yerel konu\u015fma tan\u0131ma<\/span><\/li>\n<li><b>G\u00fcvenlik ekipmanlar\u0131 ile kullan\u0131n:<\/b><span style=\"font-weight: 400;\"> Standart baretler, bombe ba\u015fl\u0131klar\u0131 ve g\u00fcvenlik g\u00f6zl\u00fckleri ile kullan\u0131m i\u00e7in<\/span><\/li>\n<li><b>Her zaman genel bir bak\u0131\u015fa sahip olun:<\/b> 20 derecelik diyagonal g\u00f6r\u00fc\u015f alan\u0131na sahip geni\u015f ekran<\/li>\n<\/ul>\n","protected":false},"featured_media":38821,"comment_status":"open","ping_status":"closed","template":"","meta":{"_acf_changed":false},"product_brand":[],"product_cat":[2317,2318],"product_tag":[],"class_list":{"0":"post-38819","1":"product","2":"type-product","3":"status-publish","4":"has-post-thumbnail","6":"product_cat-akilli-goezluekler","7":"product_cat-shop-tr","8":"pa_hersteller-realwear-tr","10":"first","11":"instock","12":"taxable","13":"shipping-taxable","14":"purchasable","15":"product-type-simple"},"acf":[],"yoast_head":"<!-- This site is optimized with the Yoast SEO Premium plugin v20.10 (Yoast SEO v24.3) - https:\/\/yoast.com\/wordpress\/plugins\/seo\/ -->\n<title>Realwear HMT-1 (2022) ALEGER \u22c6 Augmented Reality sat\u0131n al\u0131n<\/title>\n<meta name=\"description\" content=\"Aleger&#039;de Realwear&#039;dan HMT-1&#039;i alabilirsiniz. Size verimli kullan\u0131m, uygulama y\u00fckleme ve \u00e7ok daha fazlas\u0131 hakk\u0131nda tavsiyelerde bulunmaktan mutluluk duyaca\u011f\u0131z.\" \/>\n<meta name=\"robots\" content=\"index, follow, max-snippet:-1, max-image-preview:large, max-video-preview:-1\" \/>\n<meta property=\"og:locale\" content=\"tr_TR\" \/>\n<meta property=\"og:type\" content=\"article\" \/>\n<meta property=\"og:title\" content=\"RealWear HMT-1, end\u00fcstriyel ak\u0131ll\u0131 g\u00f6zl\u00fck, 20 derece ekran, IP66 MIL-STD-810G\" \/>\n<meta property=\"og:description\" content=\"Aleger&#039;de Realwear&#039;dan HMT-1&#039;i alabilirsiniz. Size verimli kullan\u0131m, uygulama y\u00fckleme ve \u00e7ok daha fazlas\u0131 hakk\u0131nda tavsiyelerde bulunmaktan mutluluk duyaca\u011f\u0131z.\" \/>\n<meta property=\"og:url\" content=\"https:\/\/alegerglobal.com\/tr\/shop-tr\/akilli-goezluekler\/realwear-hmt-1-enduestriyel-akilli-goezluek-20-derece-ekran-ip66-mil-std-810g\/\" \/>\n<meta property=\"og:site_name\" content=\"ALEGER \u22c6 Augmented Reality\" \/>\n<meta property=\"article:modified_time\" content=\"2024-06-03T10:08:45+00:00\" \/>\n<meta property=\"og:image\" content=\"https:\/\/alegerglobal.com\/wp-content\/uploads\/2021\/01\/Unbenannt-29.jpg\" \/>\n\t<meta property=\"og:image:width\" content=\"800\" \/>\n\t<meta property=\"og:image:height\" content=\"800\" \/>\n\t<meta property=\"og:image:type\" content=\"image\/jpeg\" \/>\n<meta name=\"twitter:card\" content=\"summary_large_image\" \/>\n<meta name=\"twitter:label1\" content=\"Fiyat\" \/>\n\t<meta name=\"twitter:data1\" content=\"&euro;1.795,50\" \/>\n\t<meta name=\"twitter:label2\" content=\"Durumu\" \/>\n\t<meta name=\"twitter:data2\" content=\"Stokta var\" \/>\n<script type=\"application\/ld+json\" class=\"yoast-schema-graph\">{\"@context\":\"https:\/\/schema.org\",\"@graph\":[{\"@type\":\"WebPage\",\"@id\":\"https:\/\/alegerglobal.com\/tr\/shop-tr\/akilli-goezluekler\/realwear-hmt-1-enduestriyel-akilli-goezluek-20-derece-ekran-ip66-mil-std-810g\/\",\"url\":\"https:\/\/alegerglobal.com\/tr\/shop-tr\/akilli-goezluekler\/realwear-hmt-1-enduestriyel-akilli-goezluek-20-derece-ekran-ip66-mil-std-810g\/\",\"name\":\"Realwear HMT-1 (2022) ALEGER \u22c6 Augmented Reality sat\u0131n al\u0131n\",\"isPartOf\":{\"@id\":\"https:\/\/alegerglobal.com\/tr\/#website\"},\"primaryImageOfPage\":{\"@id\":\"https:\/\/alegerglobal.com\/tr\/shop-tr\/akilli-goezluekler\/realwear-hmt-1-enduestriyel-akilli-goezluek-20-derece-ekran-ip66-mil-std-810g\/#primaryimage\"},\"image\":{\"@id\":\"https:\/\/alegerglobal.com\/tr\/shop-tr\/akilli-goezluekler\/realwear-hmt-1-enduestriyel-akilli-goezluek-20-derece-ekran-ip66-mil-std-810g\/#primaryimage\"},\"thumbnailUrl\":\"https:\/\/alegerglobal.com\/wp-content\/uploads\/2021\/01\/Unbenannt-29.jpg\",\"datePublished\":\"2024-06-03T10:08:43+00:00\",\"dateModified\":\"2024-06-03T10:08:45+00:00\",\"description\":\"Aleger'de Realwear'dan HMT-1'i alabilirsiniz. Size verimli kullan\u0131m, uygulama y\u00fckleme ve \u00e7ok daha fazlas\u0131 hakk\u0131nda tavsiyelerde bulunmaktan mutluluk duyaca\u011f\u0131z.\",\"breadcrumb\":{\"@id\":\"https:\/\/alegerglobal.com\/tr\/shop-tr\/akilli-goezluekler\/realwear-hmt-1-enduestriyel-akilli-goezluek-20-derece-ekran-ip66-mil-std-810g\/#breadcrumb\"},\"inLanguage\":\"tr\",\"potentialAction\":[{\"@type\":\"ReadAction\",\"target\":[\"https:\/\/alegerglobal.com\/tr\/shop-tr\/akilli-goezluekler\/realwear-hmt-1-enduestriyel-akilli-goezluek-20-derece-ekran-ip66-mil-std-810g\/\"]}]},{\"@type\":\"ImageObject\",\"inLanguage\":\"tr\",\"@id\":\"https:\/\/alegerglobal.com\/tr\/shop-tr\/akilli-goezluekler\/realwear-hmt-1-enduestriyel-akilli-goezluek-20-derece-ekran-ip66-mil-std-810g\/#primaryimage\",\"url\":\"https:\/\/alegerglobal.com\/wp-content\/uploads\/2021\/01\/Unbenannt-29.jpg\",\"contentUrl\":\"https:\/\/alegerglobal.com\/wp-content\/uploads\/2021\/01\/Unbenannt-29.jpg\",\"width\":800,\"height\":800},{\"@type\":\"BreadcrumbList\",\"@id\":\"https:\/\/alegerglobal.com\/tr\/shop-tr\/akilli-goezluekler\/realwear-hmt-1-enduestriyel-akilli-goezluek-20-derece-ekran-ip66-mil-std-810g\/#breadcrumb\",\"itemListElement\":[{\"@type\":\"ListItem\",\"position\":1,\"name\":\"Home\",\"item\":\"https:\/\/alegerglobal.com\/tr\/yeni-anasayfa\/\"},{\"@type\":\"ListItem\",\"position\":2,\"name\":\"\u00dcr\u00fcnler\",\"item\":\"https:\/\/alegerglobal.com\/tr\/ueruenler\/\"},{\"@type\":\"ListItem\",\"position\":3,\"name\":\"RealWear HMT-1, end\u00fcstriyel ak\u0131ll\u0131 g\u00f6zl\u00fck, 20 derece ekran, IP66 MIL-STD-810G\"}]},{\"@type\":\"WebSite\",\"@id\":\"https:\/\/alegerglobal.com\/tr\/#website\",\"url\":\"https:\/\/alegerglobal.com\/tr\/\",\"name\":\"ALEGER \u22c6 Augmented Reality\",\"description\":\"Die besten Augmented Reality (AR) L\u00f6sungen der Welt.\",\"publisher\":{\"@id\":\"https:\/\/alegerglobal.com\/tr\/#organization\"},\"potentialAction\":[{\"@type\":\"SearchAction\",\"target\":{\"@type\":\"EntryPoint\",\"urlTemplate\":\"https:\/\/alegerglobal.com\/tr\/?s={search_term_string}\"},\"query-input\":{\"@type\":\"PropertyValueSpecification\",\"valueRequired\":true,\"valueName\":\"search_term_string\"}}],\"inLanguage\":\"tr\"},{\"@type\":\"Organization\",\"@id\":\"https:\/\/alegerglobal.com\/tr\/#organization\",\"name\":\"ALEGER \u22c6 Augmented Reality\",\"url\":\"https:\/\/alegerglobal.com\/tr\/\",\"logo\":{\"@type\":\"ImageObject\",\"inLanguage\":\"tr\",\"@id\":\"https:\/\/alegerglobal.com\/tr\/#\/schema\/logo\/image\/\",\"url\":\"https:\/\/alegerglobal.com\/wp-content\/uploads\/2020\/12\/aleger-logo-quadrat.jpg\",\"contentUrl\":\"https:\/\/alegerglobal.com\/wp-content\/uploads\/2020\/12\/aleger-logo-quadrat.jpg\",\"width\":200,\"height\":176,\"caption\":\"ALEGER \u22c6 Augmented Reality\"},\"image\":{\"@id\":\"https:\/\/alegerglobal.com\/tr\/#\/schema\/logo\/image\/\"}}]}<\/script>\n<meta property=\"product:brand\" content=\"RealWear\" \/>\n<meta property=\"product:price:amount\" content=\"1795.50\" \/>\n<meta property=\"product:price:currency\" content=\"EUR\" \/>\n<meta property=\"og:availability\" content=\"instock\" \/>\n<meta property=\"product:availability\" content=\"instock\" \/>\n<meta property=\"product:condition\" content=\"new\" \/>\n<!-- \/ Yoast SEO Premium plugin. -->","yoast_head_json":{"title":"Realwear HMT-1 (2022) ALEGER \u22c6 Augmented Reality sat\u0131n al\u0131n","description":"Aleger'de Realwear'dan HMT-1'i alabilirsiniz. Size verimli kullan\u0131m, uygulama y\u00fckleme ve \u00e7ok daha fazlas\u0131 hakk\u0131nda tavsiyelerde bulunmaktan mutluluk duyaca\u011f\u0131z.","robots":{"index":"index","follow":"follow","max-snippet":"max-snippet:-1","max-image-preview":"max-image-preview:large","max-video-preview":"max-video-preview:-1"},"og_locale":"tr_TR","og_type":"article","og_title":"RealWear HMT-1, end\u00fcstriyel ak\u0131ll\u0131 g\u00f6zl\u00fck, 20 derece ekran, IP66 MIL-STD-810G","og_description":"Aleger'de Realwear'dan HMT-1'i alabilirsiniz. Size verimli kullan\u0131m, uygulama y\u00fckleme ve \u00e7ok daha fazlas\u0131 hakk\u0131nda tavsiyelerde bulunmaktan mutluluk duyaca\u011f\u0131z.","og_url":"https:\/\/alegerglobal.com\/tr\/shop-tr\/akilli-goezluekler\/realwear-hmt-1-enduestriyel-akilli-goezluek-20-derece-ekran-ip66-mil-std-810g\/","og_site_name":"ALEGER \u22c6 Augmented Reality","article_modified_time":"2024-06-03T10:08:45+00:00","og_image":[{"width":800,"height":800,"url":"https:\/\/alegerglobal.com\/wp-content\/uploads\/2021\/01\/Unbenannt-29.jpg","type":"image\/jpeg"}],"twitter_card":"summary_large_image","twitter_misc":{"Fiyat":"&euro;1.795,50","Durumu":"Stokta var"},"schema":{"@context":"https:\/\/schema.org","@graph":[{"@type":"WebPage","@id":"https:\/\/alegerglobal.com\/tr\/shop-tr\/akilli-goezluekler\/realwear-hmt-1-enduestriyel-akilli-goezluek-20-derece-ekran-ip66-mil-std-810g\/","url":"https:\/\/alegerglobal.com\/tr\/shop-tr\/akilli-goezluekler\/realwear-hmt-1-enduestriyel-akilli-goezluek-20-derece-ekran-ip66-mil-std-810g\/","name":"Realwear HMT-1 (2022) ALEGER \u22c6 Augmented Reality sat\u0131n al\u0131n","isPartOf":{"@id":"https:\/\/alegerglobal.com\/tr\/#website"},"primaryImageOfPage":{"@id":"https:\/\/alegerglobal.com\/tr\/shop-tr\/akilli-goezluekler\/realwear-hmt-1-enduestriyel-akilli-goezluek-20-derece-ekran-ip66-mil-std-810g\/#primaryimage"},"image":{"@id":"https:\/\/alegerglobal.com\/tr\/shop-tr\/akilli-goezluekler\/realwear-hmt-1-enduestriyel-akilli-goezluek-20-derece-ekran-ip66-mil-std-810g\/#primaryimage"},"thumbnailUrl":"https:\/\/alegerglobal.com\/wp-content\/uploads\/2021\/01\/Unbenannt-29.jpg","datePublished":"2024-06-03T10:08:43+00:00","dateModified":"2024-06-03T10:08:45+00:00","description":"Aleger'de Realwear'dan HMT-1'i alabilirsiniz. Size verimli kullan\u0131m, uygulama y\u00fckleme ve \u00e7ok daha fazlas\u0131 hakk\u0131nda tavsiyelerde bulunmaktan mutluluk duyaca\u011f\u0131z.","breadcrumb":{"@id":"https:\/\/alegerglobal.com\/tr\/shop-tr\/akilli-goezluekler\/realwear-hmt-1-enduestriyel-akilli-goezluek-20-derece-ekran-ip66-mil-std-810g\/#breadcrumb"},"inLanguage":"tr","potentialAction":[{"@type":"ReadAction","target":["https:\/\/alegerglobal.com\/tr\/shop-tr\/akilli-goezluekler\/realwear-hmt-1-enduestriyel-akilli-goezluek-20-derece-ekran-ip66-mil-std-810g\/"]}]},{"@type":"ImageObject","inLanguage":"tr","@id":"https:\/\/alegerglobal.com\/tr\/shop-tr\/akilli-goezluekler\/realwear-hmt-1-enduestriyel-akilli-goezluek-20-derece-ekran-ip66-mil-std-810g\/#primaryimage","url":"https:\/\/alegerglobal.com\/wp-content\/uploads\/2021\/01\/Unbenannt-29.jpg","contentUrl":"https:\/\/alegerglobal.com\/wp-content\/uploads\/2021\/01\/Unbenannt-29.jpg","width":800,"height":800},{"@type":"BreadcrumbList","@id":"https:\/\/alegerglobal.com\/tr\/shop-tr\/akilli-goezluekler\/realwear-hmt-1-enduestriyel-akilli-goezluek-20-derece-ekran-ip66-mil-std-810g\/#breadcrumb","itemListElement":[{"@type":"ListItem","position":1,"name":"Home","item":"https:\/\/alegerglobal.com\/tr\/yeni-anasayfa\/"},{"@type":"ListItem","position":2,"name":"\u00dcr\u00fcnler","item":"https:\/\/alegerglobal.com\/tr\/ueruenler\/"},{"@type":"ListItem","position":3,"name":"RealWear HMT-1, end\u00fcstriyel ak\u0131ll\u0131 g\u00f6zl\u00fck, 20 derece ekran, IP66 MIL-STD-810G"}]},{"@type":"WebSite","@id":"https:\/\/alegerglobal.com\/tr\/#website","url":"https:\/\/alegerglobal.com\/tr\/","name":"ALEGER \u22c6 Augmented Reality","description":"Die besten Augmented Reality (AR) L\u00f6sungen der Welt.","publisher":{"@id":"https:\/\/alegerglobal.com\/tr\/#organization"},"potentialAction":[{"@type":"SearchAction","target":{"@type":"EntryPoint","urlTemplate":"https:\/\/alegerglobal.com\/tr\/?s={search_term_string}"},"query-input":{"@type":"PropertyValueSpecification","valueRequired":true,"valueName":"search_term_string"}}],"inLanguage":"tr"},{"@type":"Organization","@id":"https:\/\/alegerglobal.com\/tr\/#organization","name":"ALEGER \u22c6 Augmented Reality","url":"https:\/\/alegerglobal.com\/tr\/","logo":{"@type":"ImageObject","inLanguage":"tr","@id":"https:\/\/alegerglobal.com\/tr\/#\/schema\/logo\/image\/","url":"https:\/\/alegerglobal.com\/wp-content\/uploads\/2020\/12\/aleger-logo-quadrat.jpg","contentUrl":"https:\/\/alegerglobal.com\/wp-content\/uploads\/2020\/12\/aleger-logo-quadrat.jpg","width":200,"height":176,"caption":"ALEGER \u22c6 Augmented Reality"},"image":{"@id":"https:\/\/alegerglobal.com\/tr\/#\/schema\/logo\/image\/"}}]},"product_brand":"RealWear","product_price_amount":"1795.50","product_price_currency":"EUR","og_availability":"instock","product_availability":"instock","product_condition":"new"},"_links":{"self":[{"href":"https:\/\/alegerglobal.com\/tr\/wp-json\/wp\/v2\/product\/38819","targetHints":{"allow":["GET"]}}],"collection":[{"href":"https:\/\/alegerglobal.com\/tr\/wp-json\/wp\/v2\/product"}],"about":[{"href":"https:\/\/alegerglobal.com\/tr\/wp-json\/wp\/v2\/types\/product"}],"replies":[{"embeddable":true,"href":"https:\/\/alegerglobal.com\/tr\/wp-json\/wp\/v2\/comments?post=38819"}],"version-history":[{"count":1,"href":"https:\/\/alegerglobal.com\/tr\/wp-json\/wp\/v2\/product\/38819\/revisions"}],"predecessor-version":[{"id":38830,"href":"https:\/\/alegerglobal.com\/tr\/wp-json\/wp\/v2\/product\/38819\/revisions\/38830"}],"wp:featuredmedia":[{"embeddable":true,"href":"https:\/\/alegerglobal.com\/tr\/wp-json\/wp\/v2\/media\/38821"}],"wp:attachment":[{"href":"https:\/\/alegerglobal.com\/tr\/wp-json\/wp\/v2\/media?parent=38819"}],"wp:term":[{"taxonomy":"product_brand","embeddable":true,"href":"https:\/\/alegerglobal.com\/tr\/wp-json\/wp\/v2\/product_brand?post=38819"},{"taxonomy":"product_cat","embeddable":true,"href":"https:\/\/alegerglobal.com\/tr\/wp-json\/wp\/v2\/product_cat?post=38819"},{"taxonomy":"product_tag","embeddable":true,"href":"https:\/\/alegerglobal.com\/tr\/wp-json\/wp\/v2\/product_tag?post=38819"}],"curies":[{"name":"wp","href":"https:\/\/api.w.org\/{rel}","templated":true}]}}