{"id":38808,"date":"2023-12-23T03:56:24","date_gmt":"2024-06-03T10:08:37","guid":{"rendered":"https:\/\/alegerglobal.com\/kategorilenmemis\/realwear-navigator-520-profesyoneller-icin-yueksek-kaliteli-realwear-veri-goezluekleri\/"},"modified":"2024-06-03T11:08:37","modified_gmt":"2024-06-03T10:08:37","slug":"realwear-navigator-520","status":"publish","type":"product","link":"https:\/\/alegerglobal.com\/tr\/shop-tr\/akilli-goezluekler\/realwear-navigator-520\/","title":{"rendered":"RealWear Navigator 520 &#8211; Profesyoneller i\u00e7in y\u00fcksek kaliteli realwear veri g\u00f6zl\u00fckleri"},"content":{"rendered":"","protected":false},"excerpt":{"rendered":"<ul>\n<li class=\"item\">Geni\u015f g\u00f6r\u00fcnt\u00fcleme alan\u0131na, daha y\u00fcksek \u00e7\u00f6z\u00fcn\u00fcrl\u00fc\u011fe ve daha iyi renk \u00fcretimine sahip <strong>HyperDisplay<\/strong> <\/li>\n<li class=\"item\"><i class=\"icon-checkbox-checked\"><\/i>16 dilde <strong>etkili ses kontrol\u00fc<\/strong> <\/li>\n<li class=\"item\"><i class=\"icon-checkbox-checked\"><\/i>Termal kamera gibi entegre edilebilir mod\u00fcller sayesinde <strong>esneklik<\/strong> <\/li>\n<li class=\"item\"><i class=\"icon-checkbox-checked\"><\/i>G\u00fc\u00e7l\u00fc, de\u011fi\u015ftirilebilir pile sahip <strong>sa\u011flam end\u00fcstriyel veri g\u00f6zl\u00fckleri<\/strong> <\/li>\n<li class=\"item\"><i class=\"icon-checkbox-checked\"><\/i>Destekli ger\u00e7eklik uygulamalar\u0131 i\u00e7in <strong>ideal platform<\/strong> <\/li>\n<\/ul>\n","protected":false},"featured_media":38815,"comment_status":"open","ping_status":"closed","template":"","meta":{"_acf_changed":false},"product_brand":[],"product_cat":[2317,2318],"product_tag":[],"class_list":{"0":"post-38808","1":"product","2":"type-product","3":"status-publish","4":"has-post-thumbnail","6":"product_cat-akilli-goezluekler","7":"product_cat-shop-tr","8":"pa_hersteller-realwear-tr","10":"first","11":"instock","12":"taxable","13":"shipping-taxable","14":"product-type-simple"},"acf":[],"yoast_head":"<!-- This site is optimized with the Yoast SEO Premium plugin v20.10 (Yoast SEO v24.3) - https:\/\/yoast.com\/wordpress\/plugins\/seo\/ -->\n<title>RealWear Navigator 520 ep ALEGER \u22c6 Augmented Reality- al<\/title>\n<meta name=\"description\" content=\"RealWear Navigator 520: end\u00fcstriyel profesyoneller i\u00e7in y\u00fcksek performansl\u0131 veri g\u00f6zl\u00fckleri. Sa\u011flam, ak\u0131ll\u0131, verimli. Zorlu ortamlar i\u00e7in ideal\" \/>\n<meta name=\"robots\" content=\"index, follow, max-snippet:-1, max-image-preview:large, max-video-preview:-1\" \/>\n<meta property=\"og:locale\" content=\"tr_TR\" \/>\n<meta property=\"og:type\" content=\"article\" \/>\n<meta property=\"og:title\" content=\"RealWear Navigator 520 - Profesyoneller i\u00e7in y\u00fcksek kaliteli realwear veri g\u00f6zl\u00fckleri\" \/>\n<meta property=\"og:description\" content=\"RealWear Navigator 520: end\u00fcstriyel profesyoneller i\u00e7in y\u00fcksek performansl\u0131 veri g\u00f6zl\u00fckleri. Sa\u011flam, ak\u0131ll\u0131, verimli. Zorlu ortamlar i\u00e7in ideal\" \/>\n<meta property=\"og:url\" content=\"https:\/\/alegerglobal.com\/tr\/shop-tr\/akilli-goezluekler\/realwear-navigator-520\/\" \/>\n<meta property=\"og:site_name\" content=\"ALEGER \u22c6 Augmented Reality\" \/>\n<meta property=\"og:image\" content=\"https:\/\/alegerglobal.com\/wp-content\/uploads\/2023\/12\/Unbenannt.jpg\" \/>\n\t<meta property=\"og:image:width\" content=\"800\" \/>\n\t<meta property=\"og:image:height\" content=\"800\" \/>\n\t<meta property=\"og:image:type\" content=\"image\/jpeg\" \/>\n<meta name=\"twitter:card\" content=\"summary_large_image\" \/>\n<meta name=\"twitter:label1\" content=\"Fiyat\" \/>\n\t<meta name=\"twitter:data1\" content=\"\" \/>\n\t<meta name=\"twitter:label2\" content=\"Durumu\" \/>\n\t<meta name=\"twitter:data2\" content=\"Stokta var\" \/>\n<script type=\"application\/ld+json\" class=\"yoast-schema-graph\">{\"@context\":\"https:\/\/schema.org\",\"@graph\":[{\"@type\":\"WebPage\",\"@id\":\"https:\/\/alegerglobal.com\/tr\/shop-tr\/akilli-goezluekler\/realwear-navigator-520\/\",\"url\":\"https:\/\/alegerglobal.com\/tr\/shop-tr\/akilli-goezluekler\/realwear-navigator-520\/\",\"name\":\"RealWear Navigator 520 ep ALEGER \u22c6 Augmented Reality- al\",\"isPartOf\":{\"@id\":\"https:\/\/alegerglobal.com\/tr\/#website\"},\"primaryImageOfPage\":{\"@id\":\"https:\/\/alegerglobal.com\/tr\/shop-tr\/akilli-goezluekler\/realwear-navigator-520\/#primaryimage\"},\"image\":{\"@id\":\"https:\/\/alegerglobal.com\/tr\/shop-tr\/akilli-goezluekler\/realwear-navigator-520\/#primaryimage\"},\"thumbnailUrl\":\"https:\/\/alegerglobal.com\/wp-content\/uploads\/2023\/12\/Unbenannt.jpg\",\"datePublished\":\"2024-06-03T10:08:37+00:00\",\"dateModified\":\"2024-06-03T10:08:37+00:00\",\"description\":\"RealWear Navigator 520: end\u00fcstriyel profesyoneller i\u00e7in y\u00fcksek performansl\u0131 veri g\u00f6zl\u00fckleri. Sa\u011flam, ak\u0131ll\u0131, verimli. Zorlu ortamlar i\u00e7in ideal\",\"breadcrumb\":{\"@id\":\"https:\/\/alegerglobal.com\/tr\/shop-tr\/akilli-goezluekler\/realwear-navigator-520\/#breadcrumb\"},\"inLanguage\":\"tr\",\"potentialAction\":[{\"@type\":\"ReadAction\",\"target\":[\"https:\/\/alegerglobal.com\/tr\/shop-tr\/akilli-goezluekler\/realwear-navigator-520\/\"]}]},{\"@type\":\"ImageObject\",\"inLanguage\":\"tr\",\"@id\":\"https:\/\/alegerglobal.com\/tr\/shop-tr\/akilli-goezluekler\/realwear-navigator-520\/#primaryimage\",\"url\":\"https:\/\/alegerglobal.com\/wp-content\/uploads\/2023\/12\/Unbenannt.jpg\",\"contentUrl\":\"https:\/\/alegerglobal.com\/wp-content\/uploads\/2023\/12\/Unbenannt.jpg\",\"width\":800,\"height\":800},{\"@type\":\"BreadcrumbList\",\"@id\":\"https:\/\/alegerglobal.com\/tr\/shop-tr\/akilli-goezluekler\/realwear-navigator-520\/#breadcrumb\",\"itemListElement\":[{\"@type\":\"ListItem\",\"position\":1,\"name\":\"Home\",\"item\":\"https:\/\/alegerglobal.com\/tr\/yeni-anasayfa\/\"},{\"@type\":\"ListItem\",\"position\":2,\"name\":\"\u00dcr\u00fcnler\",\"item\":\"https:\/\/alegerglobal.com\/tr\/ueruenler\/\"},{\"@type\":\"ListItem\",\"position\":3,\"name\":\"RealWear Navigator 520 &#8211; Profesyoneller i\u00e7in y\u00fcksek kaliteli realwear veri g\u00f6zl\u00fckleri\"}]},{\"@type\":\"WebSite\",\"@id\":\"https:\/\/alegerglobal.com\/tr\/#website\",\"url\":\"https:\/\/alegerglobal.com\/tr\/\",\"name\":\"ALEGER \u22c6 Augmented Reality\",\"description\":\"Die besten Augmented Reality (AR) L\u00f6sungen der Welt.\",\"publisher\":{\"@id\":\"https:\/\/alegerglobal.com\/tr\/#organization\"},\"potentialAction\":[{\"@type\":\"SearchAction\",\"target\":{\"@type\":\"EntryPoint\",\"urlTemplate\":\"https:\/\/alegerglobal.com\/tr\/?s={search_term_string}\"},\"query-input\":{\"@type\":\"PropertyValueSpecification\",\"valueRequired\":true,\"valueName\":\"search_term_string\"}}],\"inLanguage\":\"tr\"},{\"@type\":\"Organization\",\"@id\":\"https:\/\/alegerglobal.com\/tr\/#organization\",\"name\":\"ALEGER \u22c6 Augmented Reality\",\"url\":\"https:\/\/alegerglobal.com\/tr\/\",\"logo\":{\"@type\":\"ImageObject\",\"inLanguage\":\"tr\",\"@id\":\"https:\/\/alegerglobal.com\/tr\/#\/schema\/logo\/image\/\",\"url\":\"https:\/\/alegerglobal.com\/wp-content\/uploads\/2020\/12\/aleger-logo-quadrat.jpg\",\"contentUrl\":\"https:\/\/alegerglobal.com\/wp-content\/uploads\/2020\/12\/aleger-logo-quadrat.jpg\",\"width\":200,\"height\":176,\"caption\":\"ALEGER \u22c6 Augmented Reality\"},\"image\":{\"@id\":\"https:\/\/alegerglobal.com\/tr\/#\/schema\/logo\/image\/\"}}]}<\/script>\n<meta property=\"product:brand\" content=\"RealWear\" \/>\n<meta property=\"product:price:amount\" content=\"0.00\" \/>\n<meta property=\"product:price:currency\" content=\"EUR\" \/>\n<meta property=\"og:availability\" content=\"instock\" \/>\n<meta property=\"product:availability\" content=\"instock\" \/>\n<meta property=\"product:condition\" content=\"new\" \/>\n<!-- \/ Yoast SEO Premium plugin. -->","yoast_head_json":{"title":"RealWear Navigator 520 ep ALEGER \u22c6 Augmented Reality- al","description":"RealWear Navigator 520: end\u00fcstriyel profesyoneller i\u00e7in y\u00fcksek performansl\u0131 veri g\u00f6zl\u00fckleri. Sa\u011flam, ak\u0131ll\u0131, verimli. Zorlu ortamlar i\u00e7in ideal","robots":{"index":"index","follow":"follow","max-snippet":"max-snippet:-1","max-image-preview":"max-image-preview:large","max-video-preview":"max-video-preview:-1"},"og_locale":"tr_TR","og_type":"article","og_title":"RealWear Navigator 520 - Profesyoneller i\u00e7in y\u00fcksek kaliteli realwear veri g\u00f6zl\u00fckleri","og_description":"RealWear Navigator 520: end\u00fcstriyel profesyoneller i\u00e7in y\u00fcksek performansl\u0131 veri g\u00f6zl\u00fckleri. Sa\u011flam, ak\u0131ll\u0131, verimli. Zorlu ortamlar i\u00e7in ideal","og_url":"https:\/\/alegerglobal.com\/tr\/shop-tr\/akilli-goezluekler\/realwear-navigator-520\/","og_site_name":"ALEGER \u22c6 Augmented Reality","og_image":[{"width":800,"height":800,"url":"https:\/\/alegerglobal.com\/wp-content\/uploads\/2023\/12\/Unbenannt.jpg","type":"image\/jpeg"}],"twitter_card":"summary_large_image","twitter_misc":{"Fiyat":"","Durumu":"Stokta var"},"schema":{"@context":"https:\/\/schema.org","@graph":[{"@type":"WebPage","@id":"https:\/\/alegerglobal.com\/tr\/shop-tr\/akilli-goezluekler\/realwear-navigator-520\/","url":"https:\/\/alegerglobal.com\/tr\/shop-tr\/akilli-goezluekler\/realwear-navigator-520\/","name":"RealWear Navigator 520 ep ALEGER \u22c6 Augmented Reality- al","isPartOf":{"@id":"https:\/\/alegerglobal.com\/tr\/#website"},"primaryImageOfPage":{"@id":"https:\/\/alegerglobal.com\/tr\/shop-tr\/akilli-goezluekler\/realwear-navigator-520\/#primaryimage"},"image":{"@id":"https:\/\/alegerglobal.com\/tr\/shop-tr\/akilli-goezluekler\/realwear-navigator-520\/#primaryimage"},"thumbnailUrl":"https:\/\/alegerglobal.com\/wp-content\/uploads\/2023\/12\/Unbenannt.jpg","datePublished":"2024-06-03T10:08:37+00:00","dateModified":"2024-06-03T10:08:37+00:00","description":"RealWear Navigator 520: end\u00fcstriyel profesyoneller i\u00e7in y\u00fcksek performansl\u0131 veri g\u00f6zl\u00fckleri. Sa\u011flam, ak\u0131ll\u0131, verimli. Zorlu ortamlar i\u00e7in ideal","breadcrumb":{"@id":"https:\/\/alegerglobal.com\/tr\/shop-tr\/akilli-goezluekler\/realwear-navigator-520\/#breadcrumb"},"inLanguage":"tr","potentialAction":[{"@type":"ReadAction","target":["https:\/\/alegerglobal.com\/tr\/shop-tr\/akilli-goezluekler\/realwear-navigator-520\/"]}]},{"@type":"ImageObject","inLanguage":"tr","@id":"https:\/\/alegerglobal.com\/tr\/shop-tr\/akilli-goezluekler\/realwear-navigator-520\/#primaryimage","url":"https:\/\/alegerglobal.com\/wp-content\/uploads\/2023\/12\/Unbenannt.jpg","contentUrl":"https:\/\/alegerglobal.com\/wp-content\/uploads\/2023\/12\/Unbenannt.jpg","width":800,"height":800},{"@type":"BreadcrumbList","@id":"https:\/\/alegerglobal.com\/tr\/shop-tr\/akilli-goezluekler\/realwear-navigator-520\/#breadcrumb","itemListElement":[{"@type":"ListItem","position":1,"name":"Home","item":"https:\/\/alegerglobal.com\/tr\/yeni-anasayfa\/"},{"@type":"ListItem","position":2,"name":"\u00dcr\u00fcnler","item":"https:\/\/alegerglobal.com\/tr\/ueruenler\/"},{"@type":"ListItem","position":3,"name":"RealWear Navigator 520 &#8211; Profesyoneller i\u00e7in y\u00fcksek kaliteli realwear veri g\u00f6zl\u00fckleri"}]},{"@type":"WebSite","@id":"https:\/\/alegerglobal.com\/tr\/#website","url":"https:\/\/alegerglobal.com\/tr\/","name":"ALEGER \u22c6 Augmented Reality","description":"Die besten Augmented Reality (AR) L\u00f6sungen der Welt.","publisher":{"@id":"https:\/\/alegerglobal.com\/tr\/#organization"},"potentialAction":[{"@type":"SearchAction","target":{"@type":"EntryPoint","urlTemplate":"https:\/\/alegerglobal.com\/tr\/?s={search_term_string}"},"query-input":{"@type":"PropertyValueSpecification","valueRequired":true,"valueName":"search_term_string"}}],"inLanguage":"tr"},{"@type":"Organization","@id":"https:\/\/alegerglobal.com\/tr\/#organization","name":"ALEGER \u22c6 Augmented Reality","url":"https:\/\/alegerglobal.com\/tr\/","logo":{"@type":"ImageObject","inLanguage":"tr","@id":"https:\/\/alegerglobal.com\/tr\/#\/schema\/logo\/image\/","url":"https:\/\/alegerglobal.com\/wp-content\/uploads\/2020\/12\/aleger-logo-quadrat.jpg","contentUrl":"https:\/\/alegerglobal.com\/wp-content\/uploads\/2020\/12\/aleger-logo-quadrat.jpg","width":200,"height":176,"caption":"ALEGER \u22c6 Augmented Reality"},"image":{"@id":"https:\/\/alegerglobal.com\/tr\/#\/schema\/logo\/image\/"}}]},"product_brand":"RealWear","product_price_amount":"0.00","product_price_currency":"EUR","og_availability":"instock","product_availability":"instock","product_condition":"new"},"_links":{"self":[{"href":"https:\/\/alegerglobal.com\/tr\/wp-json\/wp\/v2\/product\/38808","targetHints":{"allow":["GET"]}}],"collection":[{"href":"https:\/\/alegerglobal.com\/tr\/wp-json\/wp\/v2\/product"}],"about":[{"href":"https:\/\/alegerglobal.com\/tr\/wp-json\/wp\/v2\/types\/product"}],"replies":[{"embeddable":true,"href":"https:\/\/alegerglobal.com\/tr\/wp-json\/wp\/v2\/comments?post=38808"}],"version-history":[{"count":0,"href":"https:\/\/alegerglobal.com\/tr\/wp-json\/wp\/v2\/product\/38808\/revisions"}],"wp:featuredmedia":[{"embeddable":true,"href":"https:\/\/alegerglobal.com\/tr\/wp-json\/wp\/v2\/media\/38815"}],"wp:attachment":[{"href":"https:\/\/alegerglobal.com\/tr\/wp-json\/wp\/v2\/media?parent=38808"}],"wp:term":[{"taxonomy":"product_brand","embeddable":true,"href":"https:\/\/alegerglobal.com\/tr\/wp-json\/wp\/v2\/product_brand?post=38808"},{"taxonomy":"product_cat","embeddable":true,"href":"https:\/\/alegerglobal.com\/tr\/wp-json\/wp\/v2\/product_cat?post=38808"},{"taxonomy":"product_tag","embeddable":true,"href":"https:\/\/alegerglobal.com\/tr\/wp-json\/wp\/v2\/product_tag?post=38808"}],"curies":[{"name":"wp","href":"https:\/\/api.w.org\/{rel}","templated":true}]}}