{"id":38786,"date":"2021-03-02T09:00:33","date_gmt":"2024-06-03T09:59:37","guid":{"rendered":"https:\/\/alegerglobal.com\/kategorilenmemis\/mobil-router-tp-link-m7350-4g-lte\/"},"modified":"2024-06-03T10:59:37","modified_gmt":"2024-06-03T09:59:37","slug":"mobiler-router-tp-link-m7350-4g-lte","status":"publish","type":"product","link":"https:\/\/alegerglobal.com\/tr\/shop-tr\/aksesuarlar\/mobiler-router-tp-link-m7350-4g-lte\/","title":{"rendered":"MOBI\u0307L ROUTER: TP-LINK M7350 4G\/LTE"},"content":{"rendered":"<p style=\"mso-margin-top-alt: auto; mso-margin-bottom-alt: auto; line-height: normal;\"><b>Anahtar \u00f6zellikler:  <\/b><\/p>\n<ul type=\"disc\">\n<li style=\"mso-margin-top-alt: auto; mso-margin-bottom-alt: auto; line-height: normal; mso-list: l0 level1 lfo1; tab-stops: list 36.0pt;\">\u0130ndirmede 150 Mbit\/sn&#8217;ye ve y\u00fcklemede 50 Mbit\/sn&#8217;ye kadar<\/li>\n<li style=\"mso-margin-top-alt: auto; mso-margin-bottom-alt: auto; line-height: normal; mso-list: l0 level1 lfo1; tab-stops: list 36.0pt;\">2.4GHz veya 5GHz \u00fczerinde WLAN \u00e7al\u0131\u015fmas\u0131<\/li>\n<li style=\"mso-margin-top-alt: auto; mso-margin-bottom-alt: auto; line-height: normal; mso-list: l0 level1 lfo1; tab-stops: list 36.0pt;\">P\u0130L 2.550 mAh (yakla\u015f\u0131k 10 saat)<\/li>\n<li style=\"mso-margin-top-alt: auto; mso-margin-bottom-alt: auto; line-height: normal; mso-list: l0 level1 lfo1; tab-stops: list 36.0pt;\">Bir adet mikro USB kablosu<\/li>\n<li style=\"mso-margin-top-alt: auto; mso-margin-bottom-alt: auto; line-height: normal; mso-list: l0 level1 lfo1; tab-stops: list 36.0pt;\">Bir g\u00fc\u00e7 kayna\u011f\u0131 \u00fcnitesi<\/li>\n<li style=\"mso-margin-top-alt: auto; mso-margin-bottom-alt: auto; line-height: normal; mso-list: l0 level1 lfo1; tab-stops: list 36.0pt;\">  32GB&#8217;a kadar Micro SD kart yuvas\u0131<\/li>\n<li style=\"mso-margin-top-alt: auto; mso-margin-bottom-alt: auto; line-height: normal; mso-list: l0 level1 lfo1; tab-stops: list 36.0pt;\">\u0130ki SIM kart adapt\u00f6r\u00fc<\/li>\n<\/ul>\n<h2>Bu \u00fcr\u00fcn i\u00e7in aksesuarlar<\/h2>\n<h3>Di\u011fer \u00fcr\u00fcnlerle kar\u015f\u0131la\u015ft\u0131r\u0131n<\/h3>\n","protected":false},"excerpt":{"rendered":"<p>Anahtar \u00f6zellikler: \u0130ndirmede 150 Mbit\/sn&#8217;ye ve y\u00fcklemede 50 Mbit\/sn&#8217;ye kadar 2.4GHz veya 5GHz \u00fczerinde WLAN \u00e7al\u0131\u015fmas\u0131 P\u0130L 2.550 mAh (yakla\u015f\u0131k 10 saat) Bir adet mikro USB kablosu Bir g\u00fc\u00e7 kayna\u011f\u0131 \u00fcnitesi 32GB&#8217;a kadar Micro SD kart yuvas\u0131 \u0130ki SIM kart adapt\u00f6r\u00fc Bu \u00fcr\u00fcn i\u00e7in aksesuarlar Di\u011fer \u00fcr\u00fcnlerle kar\u015f\u0131la\u015ft\u0131r\u0131n<\/p>\n","protected":false},"featured_media":38787,"comment_status":"open","ping_status":"closed","template":"","meta":{"_acf_changed":false},"product_brand":[],"product_cat":[2362,2318],"product_tag":[],"class_list":{"0":"post-38786","1":"product","2":"type-product","3":"status-publish","4":"has-post-thumbnail","6":"product_cat-aksesuarlar","7":"product_cat-shop-tr","8":"pa_hersteller-tp-link-tr","10":"first","11":"instock","12":"taxable","13":"shipping-taxable","14":"purchasable","15":"product-type-simple"},"acf":[],"yoast_head":"<!-- This site is optimized with the Yoast SEO Premium plugin v20.10 (Yoast SEO v24.3) - https:\/\/yoast.com\/wordpress\/plugins\/seo\/ -->\n<title>MOBI\u0307L ROUTER: TP-LINK M7350 4G\/LTE - ALEGER \u22c6 Augmented Reality<\/title>\n<meta name=\"robots\" content=\"index, follow, max-snippet:-1, max-image-preview:large, max-video-preview:-1\" \/>\n<meta property=\"og:locale\" content=\"tr_TR\" \/>\n<meta property=\"og:type\" content=\"article\" \/>\n<meta property=\"og:title\" content=\"MOBI\u0307L ROUTER: TP-LINK M7350 4G\/LTE\" \/>\n<meta property=\"og:description\" content=\"Anahtar \u00f6zellikler: \u0130ndirmede 150 Mbit\/sn&#8217;ye ve y\u00fcklemede 50 Mbit\/sn&#8217;ye kadar 2.4GHz veya 5GHz \u00fczerinde WLAN \u00e7al\u0131\u015fmas\u0131 P\u0130L 2.550 mAh (yakla\u015f\u0131k 10 saat) Bir adet mikro USB kablosu Bir g\u00fc\u00e7 kayna\u011f\u0131 \u00fcnitesi 32GB&#8217;a kadar Micro SD kart yuvas\u0131 \u0130ki SIM kart adapt\u00f6r\u00fc Bu \u00fcr\u00fcn i\u00e7in aksesuarlar Di\u011fer \u00fcr\u00fcnlerle kar\u015f\u0131la\u015ft\u0131r\u0131n\" \/>\n<meta property=\"og:url\" content=\"https:\/\/alegerglobal.com\/tr\/shop-tr\/aksesuarlar\/mobiler-router-tp-link-m7350-4g-lte\/\" \/>\n<meta property=\"og:site_name\" content=\"ALEGER \u22c6 Augmented Reality\" \/>\n<meta property=\"og:image\" content=\"https:\/\/alegerglobal.com\/wp-content\/uploads\/2021\/03\/Unbenannt-51.jpg\" \/>\n\t<meta property=\"og:image:width\" content=\"800\" \/>\n\t<meta property=\"og:image:height\" content=\"800\" \/>\n\t<meta property=\"og:image:type\" content=\"image\/jpeg\" \/>\n<meta name=\"twitter:card\" content=\"summary_large_image\" \/>\n<meta name=\"twitter:label1\" content=\"Fiyat\" \/>\n\t<meta name=\"twitter:data1\" content=\"&euro;120,00\" \/>\n\t<meta name=\"twitter:label2\" content=\"Durumu\" \/>\n\t<meta name=\"twitter:data2\" content=\"Stokta var\" \/>\n<script type=\"application\/ld+json\" class=\"yoast-schema-graph\">{\"@context\":\"https:\/\/schema.org\",\"@graph\":[{\"@type\":\"WebPage\",\"@id\":\"https:\/\/alegerglobal.com\/tr\/shop-tr\/aksesuarlar\/mobiler-router-tp-link-m7350-4g-lte\/\",\"url\":\"https:\/\/alegerglobal.com\/tr\/shop-tr\/aksesuarlar\/mobiler-router-tp-link-m7350-4g-lte\/\",\"name\":\"MOBI\u0307L ROUTER: TP-LINK M7350 4G\/LTE - ALEGER \u22c6 Augmented Reality\",\"isPartOf\":{\"@id\":\"https:\/\/alegerglobal.com\/tr\/#website\"},\"primaryImageOfPage\":{\"@id\":\"https:\/\/alegerglobal.com\/tr\/shop-tr\/aksesuarlar\/mobiler-router-tp-link-m7350-4g-lte\/#primaryimage\"},\"image\":{\"@id\":\"https:\/\/alegerglobal.com\/tr\/shop-tr\/aksesuarlar\/mobiler-router-tp-link-m7350-4g-lte\/#primaryimage\"},\"thumbnailUrl\":\"https:\/\/alegerglobal.com\/wp-content\/uploads\/2021\/03\/Unbenannt-51.jpg\",\"datePublished\":\"2024-06-03T09:59:37+00:00\",\"dateModified\":\"2024-06-03T09:59:37+00:00\",\"breadcrumb\":{\"@id\":\"https:\/\/alegerglobal.com\/tr\/shop-tr\/aksesuarlar\/mobiler-router-tp-link-m7350-4g-lte\/#breadcrumb\"},\"inLanguage\":\"tr\",\"potentialAction\":[{\"@type\":\"ReadAction\",\"target\":[\"https:\/\/alegerglobal.com\/tr\/shop-tr\/aksesuarlar\/mobiler-router-tp-link-m7350-4g-lte\/\"]}]},{\"@type\":\"ImageObject\",\"inLanguage\":\"tr\",\"@id\":\"https:\/\/alegerglobal.com\/tr\/shop-tr\/aksesuarlar\/mobiler-router-tp-link-m7350-4g-lte\/#primaryimage\",\"url\":\"https:\/\/alegerglobal.com\/wp-content\/uploads\/2021\/03\/Unbenannt-51.jpg\",\"contentUrl\":\"https:\/\/alegerglobal.com\/wp-content\/uploads\/2021\/03\/Unbenannt-51.jpg\",\"width\":800,\"height\":800},{\"@type\":\"BreadcrumbList\",\"@id\":\"https:\/\/alegerglobal.com\/tr\/shop-tr\/aksesuarlar\/mobiler-router-tp-link-m7350-4g-lte\/#breadcrumb\",\"itemListElement\":[{\"@type\":\"ListItem\",\"position\":1,\"name\":\"Home\",\"item\":\"https:\/\/alegerglobal.com\/tr\/yeni-anasayfa\/\"},{\"@type\":\"ListItem\",\"position\":2,\"name\":\"\u00dcr\u00fcnler\",\"item\":\"https:\/\/alegerglobal.com\/tr\/ueruenler\/\"},{\"@type\":\"ListItem\",\"position\":3,\"name\":\"MOBI\u0307L ROUTER: TP-LINK M7350 4G\/LTE\"}]},{\"@type\":\"WebSite\",\"@id\":\"https:\/\/alegerglobal.com\/tr\/#website\",\"url\":\"https:\/\/alegerglobal.com\/tr\/\",\"name\":\"ALEGER \u22c6 Augmented Reality\",\"description\":\"Die besten Augmented Reality (AR) L\u00f6sungen der Welt.\",\"publisher\":{\"@id\":\"https:\/\/alegerglobal.com\/tr\/#organization\"},\"potentialAction\":[{\"@type\":\"SearchAction\",\"target\":{\"@type\":\"EntryPoint\",\"urlTemplate\":\"https:\/\/alegerglobal.com\/tr\/?s={search_term_string}\"},\"query-input\":{\"@type\":\"PropertyValueSpecification\",\"valueRequired\":true,\"valueName\":\"search_term_string\"}}],\"inLanguage\":\"tr\"},{\"@type\":\"Organization\",\"@id\":\"https:\/\/alegerglobal.com\/tr\/#organization\",\"name\":\"ALEGER \u22c6 Augmented Reality\",\"url\":\"https:\/\/alegerglobal.com\/tr\/\",\"logo\":{\"@type\":\"ImageObject\",\"inLanguage\":\"tr\",\"@id\":\"https:\/\/alegerglobal.com\/tr\/#\/schema\/logo\/image\/\",\"url\":\"https:\/\/alegerglobal.com\/wp-content\/uploads\/2020\/12\/aleger-logo-quadrat.jpg\",\"contentUrl\":\"https:\/\/alegerglobal.com\/wp-content\/uploads\/2020\/12\/aleger-logo-quadrat.jpg\",\"width\":200,\"height\":176,\"caption\":\"ALEGER \u22c6 Augmented Reality\"},\"image\":{\"@id\":\"https:\/\/alegerglobal.com\/tr\/#\/schema\/logo\/image\/\"}}]}<\/script>\n<meta property=\"product:brand\" content=\"TP-Link\" \/>\n<meta property=\"product:price:amount\" content=\"120.00\" \/>\n<meta property=\"product:price:currency\" content=\"EUR\" \/>\n<meta property=\"og:availability\" content=\"instock\" \/>\n<meta property=\"product:availability\" content=\"instock\" \/>\n<meta property=\"product:condition\" content=\"new\" \/>\n<!-- \/ Yoast SEO Premium plugin. -->","yoast_head_json":{"title":"MOBI\u0307L ROUTER: TP-LINK M7350 4G\/LTE - ALEGER \u22c6 Augmented Reality","robots":{"index":"index","follow":"follow","max-snippet":"max-snippet:-1","max-image-preview":"max-image-preview:large","max-video-preview":"max-video-preview:-1"},"og_locale":"tr_TR","og_type":"article","og_title":"MOBI\u0307L ROUTER: TP-LINK M7350 4G\/LTE","og_description":"Anahtar \u00f6zellikler: \u0130ndirmede 150 Mbit\/sn&#8217;ye ve y\u00fcklemede 50 Mbit\/sn&#8217;ye kadar 2.4GHz veya 5GHz \u00fczerinde WLAN \u00e7al\u0131\u015fmas\u0131 P\u0130L 2.550 mAh (yakla\u015f\u0131k 10 saat) Bir adet mikro USB kablosu Bir g\u00fc\u00e7 kayna\u011f\u0131 \u00fcnitesi 32GB&#8217;a kadar Micro SD kart yuvas\u0131 \u0130ki SIM kart adapt\u00f6r\u00fc Bu \u00fcr\u00fcn i\u00e7in aksesuarlar Di\u011fer \u00fcr\u00fcnlerle kar\u015f\u0131la\u015ft\u0131r\u0131n","og_url":"https:\/\/alegerglobal.com\/tr\/shop-tr\/aksesuarlar\/mobiler-router-tp-link-m7350-4g-lte\/","og_site_name":"ALEGER \u22c6 Augmented Reality","og_image":[{"width":800,"height":800,"url":"https:\/\/alegerglobal.com\/wp-content\/uploads\/2021\/03\/Unbenannt-51.jpg","type":"image\/jpeg"}],"twitter_card":"summary_large_image","twitter_misc":{"Fiyat":"&euro;120,00","Durumu":"Stokta var"},"schema":{"@context":"https:\/\/schema.org","@graph":[{"@type":"WebPage","@id":"https:\/\/alegerglobal.com\/tr\/shop-tr\/aksesuarlar\/mobiler-router-tp-link-m7350-4g-lte\/","url":"https:\/\/alegerglobal.com\/tr\/shop-tr\/aksesuarlar\/mobiler-router-tp-link-m7350-4g-lte\/","name":"MOBI\u0307L ROUTER: TP-LINK M7350 4G\/LTE - ALEGER \u22c6 Augmented Reality","isPartOf":{"@id":"https:\/\/alegerglobal.com\/tr\/#website"},"primaryImageOfPage":{"@id":"https:\/\/alegerglobal.com\/tr\/shop-tr\/aksesuarlar\/mobiler-router-tp-link-m7350-4g-lte\/#primaryimage"},"image":{"@id":"https:\/\/alegerglobal.com\/tr\/shop-tr\/aksesuarlar\/mobiler-router-tp-link-m7350-4g-lte\/#primaryimage"},"thumbnailUrl":"https:\/\/alegerglobal.com\/wp-content\/uploads\/2021\/03\/Unbenannt-51.jpg","datePublished":"2024-06-03T09:59:37+00:00","dateModified":"2024-06-03T09:59:37+00:00","breadcrumb":{"@id":"https:\/\/alegerglobal.com\/tr\/shop-tr\/aksesuarlar\/mobiler-router-tp-link-m7350-4g-lte\/#breadcrumb"},"inLanguage":"tr","potentialAction":[{"@type":"ReadAction","target":["https:\/\/alegerglobal.com\/tr\/shop-tr\/aksesuarlar\/mobiler-router-tp-link-m7350-4g-lte\/"]}]},{"@type":"ImageObject","inLanguage":"tr","@id":"https:\/\/alegerglobal.com\/tr\/shop-tr\/aksesuarlar\/mobiler-router-tp-link-m7350-4g-lte\/#primaryimage","url":"https:\/\/alegerglobal.com\/wp-content\/uploads\/2021\/03\/Unbenannt-51.jpg","contentUrl":"https:\/\/alegerglobal.com\/wp-content\/uploads\/2021\/03\/Unbenannt-51.jpg","width":800,"height":800},{"@type":"BreadcrumbList","@id":"https:\/\/alegerglobal.com\/tr\/shop-tr\/aksesuarlar\/mobiler-router-tp-link-m7350-4g-lte\/#breadcrumb","itemListElement":[{"@type":"ListItem","position":1,"name":"Home","item":"https:\/\/alegerglobal.com\/tr\/yeni-anasayfa\/"},{"@type":"ListItem","position":2,"name":"\u00dcr\u00fcnler","item":"https:\/\/alegerglobal.com\/tr\/ueruenler\/"},{"@type":"ListItem","position":3,"name":"MOBI\u0307L ROUTER: TP-LINK M7350 4G\/LTE"}]},{"@type":"WebSite","@id":"https:\/\/alegerglobal.com\/tr\/#website","url":"https:\/\/alegerglobal.com\/tr\/","name":"ALEGER \u22c6 Augmented Reality","description":"Die besten Augmented Reality (AR) L\u00f6sungen der Welt.","publisher":{"@id":"https:\/\/alegerglobal.com\/tr\/#organization"},"potentialAction":[{"@type":"SearchAction","target":{"@type":"EntryPoint","urlTemplate":"https:\/\/alegerglobal.com\/tr\/?s={search_term_string}"},"query-input":{"@type":"PropertyValueSpecification","valueRequired":true,"valueName":"search_term_string"}}],"inLanguage":"tr"},{"@type":"Organization","@id":"https:\/\/alegerglobal.com\/tr\/#organization","name":"ALEGER \u22c6 Augmented Reality","url":"https:\/\/alegerglobal.com\/tr\/","logo":{"@type":"ImageObject","inLanguage":"tr","@id":"https:\/\/alegerglobal.com\/tr\/#\/schema\/logo\/image\/","url":"https:\/\/alegerglobal.com\/wp-content\/uploads\/2020\/12\/aleger-logo-quadrat.jpg","contentUrl":"https:\/\/alegerglobal.com\/wp-content\/uploads\/2020\/12\/aleger-logo-quadrat.jpg","width":200,"height":176,"caption":"ALEGER \u22c6 Augmented Reality"},"image":{"@id":"https:\/\/alegerglobal.com\/tr\/#\/schema\/logo\/image\/"}}]},"product_brand":"TP-Link","product_price_amount":"120.00","product_price_currency":"EUR","og_availability":"instock","product_availability":"instock","product_condition":"new"},"_links":{"self":[{"href":"https:\/\/alegerglobal.com\/tr\/wp-json\/wp\/v2\/product\/38786","targetHints":{"allow":["GET"]}}],"collection":[{"href":"https:\/\/alegerglobal.com\/tr\/wp-json\/wp\/v2\/product"}],"about":[{"href":"https:\/\/alegerglobal.com\/tr\/wp-json\/wp\/v2\/types\/product"}],"replies":[{"embeddable":true,"href":"https:\/\/alegerglobal.com\/tr\/wp-json\/wp\/v2\/comments?post=38786"}],"version-history":[{"count":0,"href":"https:\/\/alegerglobal.com\/tr\/wp-json\/wp\/v2\/product\/38786\/revisions"}],"wp:featuredmedia":[{"embeddable":true,"href":"https:\/\/alegerglobal.com\/tr\/wp-json\/wp\/v2\/media\/38787"}],"wp:attachment":[{"href":"https:\/\/alegerglobal.com\/tr\/wp-json\/wp\/v2\/media?parent=38786"}],"wp:term":[{"taxonomy":"product_brand","embeddable":true,"href":"https:\/\/alegerglobal.com\/tr\/wp-json\/wp\/v2\/product_brand?post=38786"},{"taxonomy":"product_cat","embeddable":true,"href":"https:\/\/alegerglobal.com\/tr\/wp-json\/wp\/v2\/product_cat?post=38786"},{"taxonomy":"product_tag","embeddable":true,"href":"https:\/\/alegerglobal.com\/tr\/wp-json\/wp\/v2\/product_tag?post=38786"}],"curies":[{"name":"wp","href":"https:\/\/api.w.org\/{rel}","templated":true}]}}