{"id":38772,"date":"2021-03-08T10:09:15","date_gmt":"2024-06-03T09:59:04","guid":{"rendered":"https:\/\/alegerglobal.com\/uncategorized\/i-safe-mobile-is530-rg-saglam-akilli-telefon-45-inc-android-10\/"},"modified":"2024-06-03T10:59:04","modified_gmt":"2024-06-03T09:59:04","slug":"i-safe-mobile-is530-rg","status":"publish","type":"product","link":"https:\/\/alegerglobal.com\/tr\/shop-tr\/enduestri-akilli-telefonu\/i-safe-mobile-is530-rg\/","title":{"rendered":"i.safe MOBILE IS530.RG, sa\u011flam ak\u0131ll\u0131 telefon, 4,5 in\u00e7, Android 10"},"content":{"rendered":"","protected":false},"excerpt":{"rendered":"<ul>\n<li style=\"font-weight: 400;\" aria-level=\"1\"><b>Rahat kullan\u0131m:<\/b><span style=\"font-weight: 400;\"> Eldivenle kullan\u0131labilen 4,5 in\u00e7 (yakla\u015f\u0131k 11 cm) ekran <\/span> <\/li>\n<li style=\"font-weight: 400;\" aria-level=\"1\"><b>Yaln\u0131z \u00e7al\u0131\u015fanlar i\u00e7in koruma<\/b><span style=\"font-weight: 400;\">SOS acil arama d\u00fc\u011fmesi (\u00fc\u00e7\u00fcnc\u00fc taraf uygulamas\u0131 gereklidir) ve GPS ile<\/span><\/li>\n<li style=\"font-weight: 400;\" aria-level=\"1\"><b>Sa\u011flam ak\u0131ll\u0131 telefon:<\/b><span style=\"font-weight: 400;\"> Toza ve suya kar\u015f\u0131 koruma i\u00e7in Gorilla cam ve IP68 sertifikas\u0131<\/span><\/li>\n<li style=\"font-weight: 400;\" aria-level=\"1\"><b>Her zaman kullan\u0131ma haz\u0131r:<\/b><span style=\"font-weight: 400;\"> B\u00fcy\u00fck, de\u011fi\u015ftirilebilir 3600 mAh pil<\/span><\/li>\n<li style=\"font-weight: 400;\" aria-level=\"1\">\u00c7ok <b>y\u00f6nl\u00fc:<\/b> K\u0131z\u0131l\u00f6tesi kameralar\u0131, barkod taray\u0131c\u0131lar\u0131 veya kulakl\u0131klar\u0131 ba\u011flamak i\u00e7in \u00e7ok i\u015flevli ISM aray\u00fcz\u00fc<\/li>\n<\/ul>\n","protected":false},"featured_media":38773,"comment_status":"open","ping_status":"closed","template":"","meta":{"_acf_changed":false},"product_brand":[],"product_cat":[2337,2318],"product_tag":[],"class_list":{"0":"post-38772","1":"product","2":"type-product","3":"status-publish","4":"has-post-thumbnail","6":"product_cat-enduestri-akilli-telefonu","7":"product_cat-shop-tr","8":"pa_hersteller-i-safe-mobil","10":"first","11":"instock","12":"taxable","13":"shipping-taxable","14":"purchasable","15":"product-type-simple"},"acf":[],"yoast_head":"<!-- This site is optimized with the Yoast SEO Premium plugin v20.10 (Yoast SEO v24.3) - https:\/\/yoast.com\/wordpress\/plugins\/seo\/ -->\n<title>i.safe MOBILE IS530.RG (2022) - ALEGER \u22c6 Augmented Reality sat\u0131n al\u0131n<\/title>\n<meta name=\"description\" content=\"Burada ALEGER&#039;de toz ve su ge\u00e7irmez ak\u0131ll\u0131 telefon IS530.RG&#039;yi alabilirsiniz. Daha fazla bilgi i\u00e7in buraya t\u0131klay\u0131n!\" \/>\n<meta name=\"robots\" content=\"index, follow, max-snippet:-1, max-image-preview:large, max-video-preview:-1\" \/>\n<meta property=\"og:locale\" content=\"tr_TR\" \/>\n<meta property=\"og:type\" content=\"article\" \/>\n<meta property=\"og:title\" content=\"i.safe MOBILE IS530.RG, sa\u011flam ak\u0131ll\u0131 telefon, 4,5 in\u00e7, Android 10\" \/>\n<meta property=\"og:description\" content=\"Burada ALEGER&#039;de toz ve su ge\u00e7irmez ak\u0131ll\u0131 telefon IS530.RG&#039;yi alabilirsiniz. Daha fazla bilgi i\u00e7in buraya t\u0131klay\u0131n!\" \/>\n<meta property=\"og:url\" content=\"https:\/\/alegerglobal.com\/tr\/shop-tr\/enduestri-akilli-telefonu\/i-safe-mobile-is530-rg\/\" \/>\n<meta property=\"og:site_name\" content=\"ALEGER \u22c6 Augmented Reality\" \/>\n<meta property=\"og:image\" content=\"https:\/\/alegerglobal.com\/wp-content\/uploads\/2021\/02\/Unbenannt-5.jpg\" \/>\n\t<meta property=\"og:image:width\" content=\"800\" \/>\n\t<meta property=\"og:image:height\" content=\"800\" \/>\n\t<meta property=\"og:image:type\" content=\"image\/jpeg\" \/>\n<meta name=\"twitter:card\" content=\"summary_large_image\" \/>\n<meta name=\"twitter:label1\" content=\"Fiyat\" \/>\n\t<meta name=\"twitter:data1\" content=\"&euro;1.295,99\" \/>\n\t<meta name=\"twitter:label2\" content=\"Durumu\" \/>\n\t<meta name=\"twitter:data2\" content=\"Stokta var\" \/>\n<script type=\"application\/ld+json\" class=\"yoast-schema-graph\">{\"@context\":\"https:\/\/schema.org\",\"@graph\":[{\"@type\":\"WebPage\",\"@id\":\"https:\/\/alegerglobal.com\/tr\/shop-tr\/enduestri-akilli-telefonu\/i-safe-mobile-is530-rg\/\",\"url\":\"https:\/\/alegerglobal.com\/tr\/shop-tr\/enduestri-akilli-telefonu\/i-safe-mobile-is530-rg\/\",\"name\":\"i.safe MOBILE IS530.RG (2022) - ALEGER \u22c6 Augmented Reality sat\u0131n al\u0131n\",\"isPartOf\":{\"@id\":\"https:\/\/alegerglobal.com\/tr\/#website\"},\"primaryImageOfPage\":{\"@id\":\"https:\/\/alegerglobal.com\/tr\/shop-tr\/enduestri-akilli-telefonu\/i-safe-mobile-is530-rg\/#primaryimage\"},\"image\":{\"@id\":\"https:\/\/alegerglobal.com\/tr\/shop-tr\/enduestri-akilli-telefonu\/i-safe-mobile-is530-rg\/#primaryimage\"},\"thumbnailUrl\":\"https:\/\/alegerglobal.com\/wp-content\/uploads\/2021\/02\/Unbenannt-5.jpg\",\"datePublished\":\"2024-06-03T09:59:04+00:00\",\"dateModified\":\"2024-06-03T09:59:04+00:00\",\"description\":\"Burada ALEGER'de toz ve su ge\u00e7irmez ak\u0131ll\u0131 telefon IS530.RG'yi alabilirsiniz. Daha fazla bilgi i\u00e7in buraya t\u0131klay\u0131n!\",\"breadcrumb\":{\"@id\":\"https:\/\/alegerglobal.com\/tr\/shop-tr\/enduestri-akilli-telefonu\/i-safe-mobile-is530-rg\/#breadcrumb\"},\"inLanguage\":\"tr\",\"potentialAction\":[{\"@type\":\"ReadAction\",\"target\":[\"https:\/\/alegerglobal.com\/tr\/shop-tr\/enduestri-akilli-telefonu\/i-safe-mobile-is530-rg\/\"]}]},{\"@type\":\"ImageObject\",\"inLanguage\":\"tr\",\"@id\":\"https:\/\/alegerglobal.com\/tr\/shop-tr\/enduestri-akilli-telefonu\/i-safe-mobile-is530-rg\/#primaryimage\",\"url\":\"https:\/\/alegerglobal.com\/wp-content\/uploads\/2021\/02\/Unbenannt-5.jpg\",\"contentUrl\":\"https:\/\/alegerglobal.com\/wp-content\/uploads\/2021\/02\/Unbenannt-5.jpg\",\"width\":800,\"height\":800},{\"@type\":\"BreadcrumbList\",\"@id\":\"https:\/\/alegerglobal.com\/tr\/shop-tr\/enduestri-akilli-telefonu\/i-safe-mobile-is530-rg\/#breadcrumb\",\"itemListElement\":[{\"@type\":\"ListItem\",\"position\":1,\"name\":\"Home\",\"item\":\"https:\/\/alegerglobal.com\/tr\/yeni-anasayfa\/\"},{\"@type\":\"ListItem\",\"position\":2,\"name\":\"\u00dcr\u00fcnler\",\"item\":\"https:\/\/alegerglobal.com\/tr\/ueruenler\/\"},{\"@type\":\"ListItem\",\"position\":3,\"name\":\"i.safe MOBILE IS530.RG, sa\u011flam ak\u0131ll\u0131 telefon, 4,5 in\u00e7, Android 10\"}]},{\"@type\":\"WebSite\",\"@id\":\"https:\/\/alegerglobal.com\/tr\/#website\",\"url\":\"https:\/\/alegerglobal.com\/tr\/\",\"name\":\"ALEGER \u22c6 Augmented Reality\",\"description\":\"Die besten Augmented Reality (AR) L\u00f6sungen der Welt.\",\"publisher\":{\"@id\":\"https:\/\/alegerglobal.com\/tr\/#organization\"},\"potentialAction\":[{\"@type\":\"SearchAction\",\"target\":{\"@type\":\"EntryPoint\",\"urlTemplate\":\"https:\/\/alegerglobal.com\/tr\/?s={search_term_string}\"},\"query-input\":{\"@type\":\"PropertyValueSpecification\",\"valueRequired\":true,\"valueName\":\"search_term_string\"}}],\"inLanguage\":\"tr\"},{\"@type\":\"Organization\",\"@id\":\"https:\/\/alegerglobal.com\/tr\/#organization\",\"name\":\"ALEGER \u22c6 Augmented Reality\",\"url\":\"https:\/\/alegerglobal.com\/tr\/\",\"logo\":{\"@type\":\"ImageObject\",\"inLanguage\":\"tr\",\"@id\":\"https:\/\/alegerglobal.com\/tr\/#\/schema\/logo\/image\/\",\"url\":\"https:\/\/alegerglobal.com\/wp-content\/uploads\/2020\/12\/aleger-logo-quadrat.jpg\",\"contentUrl\":\"https:\/\/alegerglobal.com\/wp-content\/uploads\/2020\/12\/aleger-logo-quadrat.jpg\",\"width\":200,\"height\":176,\"caption\":\"ALEGER \u22c6 Augmented Reality\"},\"image\":{\"@id\":\"https:\/\/alegerglobal.com\/tr\/#\/schema\/logo\/image\/\"}}]}<\/script>\n<meta property=\"product:brand\" content=\"i.safe MOB\u0130L\" \/>\n<meta property=\"product:price:amount\" content=\"1295.99\" \/>\n<meta property=\"product:price:currency\" content=\"EUR\" \/>\n<meta property=\"og:availability\" content=\"instock\" \/>\n<meta property=\"product:availability\" content=\"instock\" \/>\n<meta property=\"product:condition\" content=\"new\" \/>\n<!-- \/ Yoast SEO Premium plugin. -->","yoast_head_json":{"title":"i.safe MOBILE IS530.RG (2022) - ALEGER \u22c6 Augmented Reality sat\u0131n al\u0131n","description":"Burada ALEGER'de toz ve su ge\u00e7irmez ak\u0131ll\u0131 telefon IS530.RG'yi alabilirsiniz. Daha fazla bilgi i\u00e7in buraya t\u0131klay\u0131n!","robots":{"index":"index","follow":"follow","max-snippet":"max-snippet:-1","max-image-preview":"max-image-preview:large","max-video-preview":"max-video-preview:-1"},"og_locale":"tr_TR","og_type":"article","og_title":"i.safe MOBILE IS530.RG, sa\u011flam ak\u0131ll\u0131 telefon, 4,5 in\u00e7, Android 10","og_description":"Burada ALEGER'de toz ve su ge\u00e7irmez ak\u0131ll\u0131 telefon IS530.RG'yi alabilirsiniz. Daha fazla bilgi i\u00e7in buraya t\u0131klay\u0131n!","og_url":"https:\/\/alegerglobal.com\/tr\/shop-tr\/enduestri-akilli-telefonu\/i-safe-mobile-is530-rg\/","og_site_name":"ALEGER \u22c6 Augmented Reality","og_image":[{"width":800,"height":800,"url":"https:\/\/alegerglobal.com\/wp-content\/uploads\/2021\/02\/Unbenannt-5.jpg","type":"image\/jpeg"}],"twitter_card":"summary_large_image","twitter_misc":{"Fiyat":"&euro;1.295,99","Durumu":"Stokta var"},"schema":{"@context":"https:\/\/schema.org","@graph":[{"@type":"WebPage","@id":"https:\/\/alegerglobal.com\/tr\/shop-tr\/enduestri-akilli-telefonu\/i-safe-mobile-is530-rg\/","url":"https:\/\/alegerglobal.com\/tr\/shop-tr\/enduestri-akilli-telefonu\/i-safe-mobile-is530-rg\/","name":"i.safe MOBILE IS530.RG (2022) - ALEGER \u22c6 Augmented Reality sat\u0131n al\u0131n","isPartOf":{"@id":"https:\/\/alegerglobal.com\/tr\/#website"},"primaryImageOfPage":{"@id":"https:\/\/alegerglobal.com\/tr\/shop-tr\/enduestri-akilli-telefonu\/i-safe-mobile-is530-rg\/#primaryimage"},"image":{"@id":"https:\/\/alegerglobal.com\/tr\/shop-tr\/enduestri-akilli-telefonu\/i-safe-mobile-is530-rg\/#primaryimage"},"thumbnailUrl":"https:\/\/alegerglobal.com\/wp-content\/uploads\/2021\/02\/Unbenannt-5.jpg","datePublished":"2024-06-03T09:59:04+00:00","dateModified":"2024-06-03T09:59:04+00:00","description":"Burada ALEGER'de toz ve su ge\u00e7irmez ak\u0131ll\u0131 telefon IS530.RG'yi alabilirsiniz. Daha fazla bilgi i\u00e7in buraya t\u0131klay\u0131n!","breadcrumb":{"@id":"https:\/\/alegerglobal.com\/tr\/shop-tr\/enduestri-akilli-telefonu\/i-safe-mobile-is530-rg\/#breadcrumb"},"inLanguage":"tr","potentialAction":[{"@type":"ReadAction","target":["https:\/\/alegerglobal.com\/tr\/shop-tr\/enduestri-akilli-telefonu\/i-safe-mobile-is530-rg\/"]}]},{"@type":"ImageObject","inLanguage":"tr","@id":"https:\/\/alegerglobal.com\/tr\/shop-tr\/enduestri-akilli-telefonu\/i-safe-mobile-is530-rg\/#primaryimage","url":"https:\/\/alegerglobal.com\/wp-content\/uploads\/2021\/02\/Unbenannt-5.jpg","contentUrl":"https:\/\/alegerglobal.com\/wp-content\/uploads\/2021\/02\/Unbenannt-5.jpg","width":800,"height":800},{"@type":"BreadcrumbList","@id":"https:\/\/alegerglobal.com\/tr\/shop-tr\/enduestri-akilli-telefonu\/i-safe-mobile-is530-rg\/#breadcrumb","itemListElement":[{"@type":"ListItem","position":1,"name":"Home","item":"https:\/\/alegerglobal.com\/tr\/yeni-anasayfa\/"},{"@type":"ListItem","position":2,"name":"\u00dcr\u00fcnler","item":"https:\/\/alegerglobal.com\/tr\/ueruenler\/"},{"@type":"ListItem","position":3,"name":"i.safe MOBILE IS530.RG, sa\u011flam ak\u0131ll\u0131 telefon, 4,5 in\u00e7, Android 10"}]},{"@type":"WebSite","@id":"https:\/\/alegerglobal.com\/tr\/#website","url":"https:\/\/alegerglobal.com\/tr\/","name":"ALEGER \u22c6 Augmented Reality","description":"Die besten Augmented Reality (AR) L\u00f6sungen der Welt.","publisher":{"@id":"https:\/\/alegerglobal.com\/tr\/#organization"},"potentialAction":[{"@type":"SearchAction","target":{"@type":"EntryPoint","urlTemplate":"https:\/\/alegerglobal.com\/tr\/?s={search_term_string}"},"query-input":{"@type":"PropertyValueSpecification","valueRequired":true,"valueName":"search_term_string"}}],"inLanguage":"tr"},{"@type":"Organization","@id":"https:\/\/alegerglobal.com\/tr\/#organization","name":"ALEGER \u22c6 Augmented Reality","url":"https:\/\/alegerglobal.com\/tr\/","logo":{"@type":"ImageObject","inLanguage":"tr","@id":"https:\/\/alegerglobal.com\/tr\/#\/schema\/logo\/image\/","url":"https:\/\/alegerglobal.com\/wp-content\/uploads\/2020\/12\/aleger-logo-quadrat.jpg","contentUrl":"https:\/\/alegerglobal.com\/wp-content\/uploads\/2020\/12\/aleger-logo-quadrat.jpg","width":200,"height":176,"caption":"ALEGER \u22c6 Augmented Reality"},"image":{"@id":"https:\/\/alegerglobal.com\/tr\/#\/schema\/logo\/image\/"}}]},"product_brand":"i.safe MOB\u0130L","product_price_amount":"1295.99","product_price_currency":"EUR","og_availability":"instock","product_availability":"instock","product_condition":"new"},"_links":{"self":[{"href":"https:\/\/alegerglobal.com\/tr\/wp-json\/wp\/v2\/product\/38772","targetHints":{"allow":["GET"]}}],"collection":[{"href":"https:\/\/alegerglobal.com\/tr\/wp-json\/wp\/v2\/product"}],"about":[{"href":"https:\/\/alegerglobal.com\/tr\/wp-json\/wp\/v2\/types\/product"}],"replies":[{"embeddable":true,"href":"https:\/\/alegerglobal.com\/tr\/wp-json\/wp\/v2\/comments?post=38772"}],"version-history":[{"count":0,"href":"https:\/\/alegerglobal.com\/tr\/wp-json\/wp\/v2\/product\/38772\/revisions"}],"wp:featuredmedia":[{"embeddable":true,"href":"https:\/\/alegerglobal.com\/tr\/wp-json\/wp\/v2\/media\/38773"}],"wp:attachment":[{"href":"https:\/\/alegerglobal.com\/tr\/wp-json\/wp\/v2\/media?parent=38772"}],"wp:term":[{"taxonomy":"product_brand","embeddable":true,"href":"https:\/\/alegerglobal.com\/tr\/wp-json\/wp\/v2\/product_brand?post=38772"},{"taxonomy":"product_cat","embeddable":true,"href":"https:\/\/alegerglobal.com\/tr\/wp-json\/wp\/v2\/product_cat?post=38772"},{"taxonomy":"product_tag","embeddable":true,"href":"https:\/\/alegerglobal.com\/tr\/wp-json\/wp\/v2\/product_tag?post=38772"}],"curies":[{"name":"wp","href":"https:\/\/api.w.org\/{rel}","templated":true}]}}