{"id":52286,"date":"2026-02-16T18:34:10","date_gmt":"2026-02-16T17:34:10","guid":{"rendered":"https:\/\/alegerglobal.com\/gizlilik-politikasi\/"},"modified":"2026-02-16T18:34:40","modified_gmt":"2026-02-16T17:34:40","slug":"gizlilik-politikasi","status":"publish","type":"page","link":"https:\/\/alegerglobal.com\/tr\/gizlilik-politikasi\/","title":{"rendered":"Gizlilik Politikas\u0131"},"content":{"rendered":"\t\t<div data-elementor-type=\"wp-page\" data-elementor-id=\"52286\" class=\"elementor elementor-52286 elementor-2324\" data-elementor-settings=\"{&quot;ha_cmc_init_switcher&quot;:&quot;no&quot;}\" data-elementor-post-type=\"page\">\n\t\t\t\t\t\t<section class=\"elementor-section elementor-top-section elementor-element elementor-element-5df78ad elementor-section-height-min-height elementor-section-stretched elementor-section-boxed elementor-section-height-default elementor-section-items-middle\" data-id=\"5df78ad\" data-element_type=\"section\" data-settings=\"{&quot;stretch_section&quot;:&quot;section-stretched&quot;,&quot;background_background&quot;:&quot;classic&quot;,&quot;jet_parallax_layout_list&quot;:[],&quot;_ha_eqh_enable&quot;:false}\">\n\t\t\t\t\t\t<div class=\"elementor-container elementor-column-gap-default\">\n\t\t\t\t\t<div class=\"elementor-column elementor-col-100 elementor-top-column elementor-element elementor-element-4f7874d\" data-id=\"4f7874d\" data-element_type=\"column\">\n\t\t\t<div class=\"elementor-widget-wrap elementor-element-populated\">\n\t\t\t\t\t\t<div class=\"elementor-element elementor-element-78de4ad elementor-widget elementor-widget-heading\" data-id=\"78de4ad\" data-element_type=\"widget\" data-widget_type=\"heading.default\">\n\t\t\t\t<div class=\"elementor-widget-container\">\n\t\t\t\t\t<h1 class=\"elementor-heading-title elementor-size-default\">G\u0130ZL\u0130L\u0130K POL\u0130T\u0130KASI<\/h1>\t\t\t\t<\/div>\n\t\t\t\t<\/div>\n\t\t\t\t\t<\/div>\n\t\t<\/div>\n\t\t\t\t\t<\/div>\n\t\t<\/section>\n\t\t\t\t<section class=\"elementor-section elementor-top-section elementor-element elementor-element-419406e elementor-section-boxed elementor-section-height-default elementor-section-height-default\" data-id=\"419406e\" data-element_type=\"section\" data-settings=\"{&quot;jet_parallax_layout_list&quot;:[],&quot;_ha_eqh_enable&quot;:false}\">\n\t\t\t\t\t\t<div class=\"elementor-container elementor-column-gap-default\">\n\t\t\t\t\t<div class=\"elementor-column elementor-col-100 elementor-top-column elementor-element elementor-element-f3be6d9\" data-id=\"f3be6d9\" data-element_type=\"column\">\n\t\t\t<div class=\"elementor-widget-wrap elementor-element-populated\">\n\t\t\t\t\t\t<div class=\"elementor-element elementor-element-56b275c elementor-widget elementor-widget-text-editor\" data-id=\"56b275c\" data-element_type=\"widget\" data-widget_type=\"text-editor.default\">\n\t\t\t\t<div class=\"elementor-widget-container\">\n\t\t\t\t\t\t\t\t\t<div class=\"policy-text\">\n<div class=\"wp-suggested-text hide-privacy-policy-tutorial\">\n<h3>Hangi ki\u015fisel verileri topluyoruz ve neden topluyoruz<\/h3>\n<h3> <\/h3>\n<h3>Yorumlar<\/h3>\n<p>Ziyaret\u00e7iler web sitesine yorum g\u00f6nderdi\u011finde, spam&#8217;i tan\u0131maya yard\u0131mc\u0131 olmak i\u00e7in yorum formunda g\u00f6r\u00fcnt\u00fclenen verileri, ziyaret\u00e7inin IP adresini ve kullan\u0131c\u0131 arac\u0131s\u0131 dizesini (taray\u0131c\u0131y\u0131 tan\u0131mlayan) toplar\u0131z.<\/p>\n<p>E-posta adresinizden anonimle\u015ftirilmi\u015f bir karakter dizisi (hash olarak da bilinir) olu\u015fturulabilir ve kullan\u0131p kullanmad\u0131\u011f\u0131n\u0131z\u0131 kontrol etmek i\u00e7in Gravatar hizmetine iletilebilir. Gravatar hizmetinin gizlilik politikas\u0131n\u0131 burada bulabilirsiniz: https:\/\/automattic.com\/privacy\/. Yorumunuz onayland\u0131ktan sonra, profil resminiz yorumunuz ba\u011flam\u0131nda herkese a\u00e7\u0131k olarak g\u00f6r\u00fcn\u00fcr olacakt\u0131r. <\/p>\n<h3> <\/h3>\n<h3>Medya<\/h3>\n<p>Kay\u0131tl\u0131 bir kullan\u0131c\u0131ysan\u0131z ve bu web sitesine foto\u011fraf y\u00fckl\u00fcyorsan\u0131z, EXIF GPS konumu i\u00e7eren foto\u011fraflar y\u00fcklemekten ka\u00e7\u0131nmal\u0131s\u0131n\u0131z. Bu web sitesinin ziyaret\u00e7ileri, bu web sitesinde depolanan foto\u011fraflar\u0131 indirebilir ve konum bilgilerini \u00e7\u0131karabilir. <\/p>\n<h3> <\/h3>\n<h3>\u0130leti\u015fim formlar\u0131 \u00c7erezler<\/h3>\n<p>Web sitemize bir yorum yazarsan\u0131z, bu, ad\u0131n\u0131z\u0131, e-posta adresinizi ve web sitenizi \u00e7erezlere kaydetmek i\u00e7in bir onay olabilir. Bu, ba\u015fka bir yorum yazd\u0131\u011f\u0131n\u0131zda t\u00fcm bu verileri yeniden girmek zorunda kalmaman\u0131z i\u00e7in kolayl\u0131k sa\u011flayan bir \u00f6zelliktir. Bu \u00e7erezler bir y\u0131l boyunca saklan\u0131r.  <\/p>\n<p>Bir hesab\u0131n\u0131z varsa ve bu web sitesinde oturum a\u00e7arsan\u0131z, taray\u0131c\u0131n\u0131z\u0131n \u00e7erezleri kabul edip etmedi\u011fini belirlemek i\u00e7in ge\u00e7ici bir \u00e7erez ayarlayaca\u011f\u0131z. Bu \u00e7erez herhangi bir ki\u015fisel veri i\u00e7ermez ve taray\u0131c\u0131n\u0131z\u0131 kapatt\u0131\u011f\u0131n\u0131zda at\u0131l\u0131r. <\/p>\n<p>Kaydoldu\u011funuzda, giri\u015f bilgilerinizi ve g\u00f6r\u00fcnt\u00fcleme se\u00e7eneklerinizi saklamak i\u00e7in baz\u0131 \u00e7erezler ayarlayaca\u011f\u0131z. Giri\u015f \u00e7erezlerinin s\u00fcresi iki g\u00fcn sonra, g\u00f6r\u00fcnt\u00fcleme se\u00e7enekleri i\u00e7in \u00e7erezlerin s\u00fcresi ise bir y\u0131l sonra dolar. Oturum a\u00e7t\u0131\u011f\u0131n\u0131zda &#8220;Oturum a\u00e7\u0131k kals\u0131n&#8221; se\u00e7ene\u011fini se\u00e7erseniz, oturum a\u00e7ma bilgileriniz iki hafta boyunca saklanacakt\u0131r. Hesab\u0131n\u0131zdan \u00e7\u0131k\u0131\u015f yapt\u0131\u011f\u0131n\u0131zda, oturum a\u00e7ma \u00e7erezleri silinir.   <\/p>\n<p>Bir makaleyi d\u00fczenledi\u011finizde veya yay\u0131nlad\u0131\u011f\u0131n\u0131zda, taray\u0131c\u0131n\u0131zda ek bir \u00e7erez saklan\u0131r. Bu \u00e7erez herhangi bir ki\u015fisel veri i\u00e7ermez ve yaln\u0131zca d\u00fczenledi\u011finiz makalenin g\u00f6nderi kimli\u011fine at\u0131fta bulunur. \u00c7erezin s\u00fcresi bir g\u00fcn sonra dolar.  <\/p>\n<h3> <\/h3>\n<h3>Di\u011fer web sitelerinden g\u00f6m\u00fcl\u00fc i\u00e7erik<\/h3>\n<p>Bu web sitesindeki yay\u0131nlar g\u00f6m\u00fcl\u00fc i\u00e7erik (\u00f6r. videolar, resimler, makaleler, vb.) i\u00e7erebilir. Di\u011fer web sitelerinden gelen g\u00f6m\u00fcl\u00fc i\u00e7erik, ziyaret\u00e7i di\u011fer web sitesini ziyaret etmi\u015f gibi davran\u0131r. <\/p>\n<p>Bu web siteleri hakk\u0131n\u0131zda veri toplayabilir, \u00e7erez kullanabilir, ek \u00fc\u00e7\u00fcnc\u00fc taraf izleme hizmetleri yerle\u015ftirebilir ve bir hesab\u0131n\u0131z varsa ve bu web sitesinde oturum a\u00e7t\u0131ysan\u0131z g\u00f6m\u00fcl\u00fc i\u00e7erikle etkile\u015fiminiz de dahil olmak \u00fczere bu g\u00f6m\u00fcl\u00fc i\u00e7erikle etkile\u015fiminizi kaydedebilir.<\/p>\n<h3> <\/h3>\n<h3>Analiz hizmetleri<\/h3>\n<h2> <\/h2>\n<h2>Verilerinizi kimlerle payla\u015f\u0131yoruz<\/h2>\n<h2>Verilerinizi ne kadar s\u00fcreyle sakl\u0131yoruz<\/h2>\n<p>Bir yorum yazd\u0131\u011f\u0131n\u0131zda, meta veriler de dahil olmak \u00fczere s\u00fcresiz olarak kaydedilir. Bu \u015fekilde, takip eden yorumlar\u0131 bir moderasyon kuyru\u011funda tutmak yerine otomatik olarak tan\u0131yabilir ve onaylayabiliriz. <\/p>\n<p>Web sitemize kaydolan kullan\u0131c\u0131lar i\u00e7in, sa\u011flad\u0131klar\u0131 ki\u015fisel bilgileri kullan\u0131c\u0131 profillerinde de saklar\u0131z. T\u00fcm kullan\u0131c\u0131lar ki\u015fisel bilgilerini istedikleri zaman g\u00f6r\u00fcnt\u00fcleyebilir, de\u011fi\u015ftirebilir veya silebilir (kullan\u0131c\u0131 ad\u0131 de\u011fi\u015ftirilemez). Web sitesi y\u00f6neticileri de bu bilgileri g\u00f6r\u00fcnt\u00fcleyebilir ve de\u011fi\u015ftirebilir.  <\/p>\n<h2>Verileriniz \u00fczerinde sahip oldu\u011funuz haklar<\/h2>\n<p>Bu web sitesinde bir hesab\u0131n\u0131z varsa veya yorum yazd\u0131ysan\u0131z, bize sa\u011flad\u0131\u011f\u0131n\u0131z veriler de dahil olmak \u00fczere ki\u015fisel verilerinizin bizden d\u0131\u015fa aktar\u0131lmas\u0131n\u0131 talep edebilirsiniz. Ayr\u0131ca, hakk\u0131n\u0131zda saklad\u0131\u011f\u0131m\u0131z t\u00fcm ki\u015fisel verilerin silinmesini talep edebilirsiniz. Bu, idari, yasal veya g\u00fcvenlik ama\u00e7lar\u0131 i\u00e7in saklamam\u0131z gereken verileri i\u00e7ermez.  <\/p>\n<h2> <\/h2>\n<h2>Verilerinizi nereye g\u00f6nderiyoruz<\/h2>\n<p>Ziyaret\u00e7i yorumlar\u0131 otomatik bir spam tespit hizmeti taraf\u0131ndan analiz edilebilir.<\/p>\n<div class=\"policy-text hide-privacy-policy-tutorial\">\n<div class=\"policy-text\">\n<div class=\"wp-suggested-text hide-privacy-policy-tutorial\">\n<h2> <\/h2>\n<h2>Toplad\u0131\u011f\u0131m\u0131z ve saklad\u0131\u011f\u0131m\u0131z \u015feyler<\/h2>\n<p>Ma\u011fazam\u0131zdaki sipari\u015f s\u00fcrecinde sizin hakk\u0131n\u0131zda bilgi topluyoruz.<\/p>\n<p>Web sitemizi ziyaretinizi kaydediyoruz:<\/p>\n<ul>\n<li>G\u00f6r\u00fcnt\u00fclenen \u00fcr\u00fcnler: Burada size en son g\u00f6r\u00fcnt\u00fcledi\u011finiz \u00fcr\u00fcnleri g\u00f6steriyoruz.<\/li>\n<li>Konum, IP adresi ve taray\u0131c\u0131 t\u00fcr\u00fc: Bunu vergi ve nakliye masraflar\u0131n\u0131 tahmin etmek gibi ama\u00e7lar i\u00e7in kullan\u0131yoruz<\/li>\n<li>Nakliye adresi: \u00d6rne\u011fin, sipari\u015f vermeden \u00f6nce nakliye masraflar\u0131n\u0131 belirleyebilmemiz ve sipari\u015fi size g\u00f6nderebilmemiz i\u00e7in sizden bunu sa\u011flaman\u0131z\u0131 isteyece\u011fiz.<\/li>\n<\/ul>\n<p>Web sitemizi ziyaret etti\u011finizde al\u0131\u015fveri\u015f sepetinizin i\u00e7eri\u011fini takip etmek i\u00e7in de \u00e7erezler kullan\u0131yoruz.<\/p>\n<p>Bizimle al\u0131\u015fveri\u015f yapt\u0131\u011f\u0131n\u0131zda sizden ad\u0131n\u0131z, fatura ve sevkiyat adresiniz, e-posta adresiniz ve telefon numaran\u0131z, kredi kart\u0131 bilgileriniz\/\u00f6deme bilgileriniz ve kullan\u0131c\u0131 ad\u0131 ve \u015fifre gibi iste\u011fe ba\u011fl\u0131 hesap bilgileriniz gibi bilgileri sa\u011flaman\u0131z\u0131 isteyece\u011fiz. Bu bilgileri a\u015fa\u011f\u0131daki ama\u00e7lar i\u00e7in kullan\u0131r\u0131z: <\/p>\n<ul>\n<li>Hesab\u0131n\u0131z ve sipari\u015finiz hakk\u0131nda bilgi g\u00f6nderme<\/li>\n<li>Geri \u00f6demeler ve \u015fikayetler de dahil olmak \u00fczere sorular\u0131n\u0131za yan\u0131t<\/li>\n<li>\u00d6deme i\u015flemlerinin ger\u00e7ekle\u015ftirilmesi ve doland\u0131r\u0131c\u0131l\u0131\u011f\u0131n \u00f6nlenmesi<\/li>\n<li>Ma\u011fazam\u0131z i\u00e7in hesab\u0131n\u0131z\u0131 olu\u015fturun<\/li>\n<li>Vergi hesaplamas\u0131 gibi t\u00fcm yasal y\u00fck\u00fcml\u00fcl\u00fcklere uygunluk<\/li>\n<li>Ma\u011faza tekliflerimizin iyile\u015ftirilmesi<\/li>\n<li>Almak istemeniz halinde pazarlama mesajlar\u0131n\u0131n g\u00f6nderilmesi<\/li>\n<\/ul>\n<p>Bizde bir hesap olu\u015fturdu\u011funuzda ad\u0131n\u0131z\u0131, adresinizi, e-posta adresinizi ve telefon numaran\u0131z\u0131 kaydederiz. Bu ayr\u0131nt\u0131lar, gelecekteki sipari\u015fler i\u00e7in \u00f6deme bilgilerini doldurmak i\u00e7in kullan\u0131lacakt\u0131r. <\/p>\n<p>Sizinle ilgili bilgileri genellikle topland\u0131klar\u0131 ve kullan\u0131ld\u0131klar\u0131 ama\u00e7 i\u00e7in ihtiya\u00e7 duydu\u011fumuz ve saklamak zorunda oldu\u011fumuz s\u00fcrece saklar\u0131z. \u00d6rne\u011fin, sipari\u015f bilgilerini vergi ve faturaland\u0131rma ama\u00e7lar\u0131 i\u00e7in XXX y\u0131l boyunca saklar\u0131z. Buna ad\u0131n\u0131z, e-posta adresiniz, fatura ve sevkiyat adresiniz dahildir.  <\/p>\n<p>Ayr\u0131ca, b\u0131rakmaya karar verirseniz yorumlar\u0131 veya derecelendirmeleri de kaydederiz.<\/p>\n<h2> <\/h2>\n<h2>Ekibimizde kimlerin eri\u015fimi var<\/h2>\n<p>Ekibimizin \u00fcyeleri bize sa\u011flad\u0131\u011f\u0131n\u0131z bilgilere eri\u015febilir. \u00d6rne\u011fin, hem y\u00f6neticiler hem de ma\u011faza m\u00fcd\u00fcrleri a\u015fa\u011f\u0131dakilere eri\u015febilir: <\/p>\n<ul>\n<li>Sat\u0131n al\u0131nan \u00fcr\u00fcnler, sat\u0131n alma zaman\u0131 ve g\u00f6nderim adresi gibi sipari\u015f bilgileri ve<\/li>\n<li>Ad\u0131n\u0131z, e-posta adresiniz, fatura ve g\u00f6nderim bilgileriniz gibi m\u00fc\u015fteri bilgileri.<\/li>\n<\/ul>\n<p>Ekip \u00fcyelerimiz sipari\u015fleri i\u015flemek, para iadesi yapmak ve size destek olmak i\u00e7in bu bilgilere eri\u015febilir.<\/p>\n<h3> <\/h3>\n<h3>\u00d6demeler<\/h3>\n<p>PayPal ile \u00f6deme kabul ediyoruz. \u00d6deme i\u015flemi s\u0131ras\u0131nda, baz\u0131 verileriniz PayPal&#8217;a aktar\u0131lacakt\u0131r. Toplam sat\u0131n alma fiyat\u0131 ve \u00f6deme bilgileri gibi yaln\u0131zca \u00f6demenin i\u015flenmesi veya ger\u00e7ekle\u015ftirilmesi i\u00e7in gerekli bilgiler aktar\u0131lacakt\u0131r.  <\/p>\n<p><a href=\"https:\/\/www.paypal.com\/us\/webapps\/mpp\/ua\/privacy-full\">PayPal gizlilik politikas\u0131n\u0131<\/a> buradan g\u00f6r\u00fcnt\u00fcleyebilirsiniz.<\/p>\n<h3> <\/h3>\n<h3>WPML<\/h3>\n<div class=\"policy-text hide-privacy-policy-tutorial\">\n<p>WPML, ziyaret\u00e7inin mevcut dilini, ziyaret edilen son dili ve giri\u015f yapm\u0131\u015f olan kullan\u0131c\u0131lar\u0131n dilini belirlemek i\u00e7in \u00e7erezleri kullan\u0131r.<\/p>\n<p>Siz eklentiyi kullan\u0131rken, WPML sayfa ile ilgili verileri y\u00fckleyici arac\u0131l\u0131\u011f\u0131yla payla\u015facakt\u0131r. Kullan\u0131c\u0131n\u0131n kendisi taraf\u0131ndan hi\u00e7bir veri payla\u015f\u0131lmaz. <\/p>\n<div class=\"policy-text hide-privacy-policy-tutorial\">\n<h3> <\/h3>\n<h3>YouTube<\/h3>\n<p>Web sitemiz, Google taraf\u0131ndan i\u015fletilen YouTube&#8217;un eklentilerini kullanmaktad\u0131r. Sayfalar\u0131n operat\u00f6r\u00fc YouTube LLC, 901 Cherry Ave, San Bruno, CA 94066, ABD&#8217;dir.<\/p>\n<p>Bir YouTube eklentisi i\u00e7eren sayfalar\u0131m\u0131zdan birini ziyaret etti\u011finizde, YouTube sunucular\u0131na bir ba\u011flant\u0131 kurulur. Burada YouTube sunucusu hangi sayfalar\u0131m\u0131z\u0131 ziyaret etti\u011finiz hakk\u0131nda bilgilendirilir. <\/p>\n<p>YouTube hesab\u0131n\u0131zda oturum a\u00e7t\u0131ysan\u0131z, YouTube tarama davran\u0131\u015f\u0131n\u0131z\u0131 do\u011frudan ki\u015fisel profilinizle ili\u015fkilendirmenize izin verir. YouTube hesab\u0131n\u0131zdan \u00e7\u0131k\u0131\u015f yaparak bunu \u00f6nleyebilirsiniz. <\/p>\n<p>YouTube, web sitemizi \u00e7ekici hale getirmeye yard\u0131mc\u0131 olmak i\u00e7in kullan\u0131l\u0131r. Bu, GDPR Madde 6 (1) (f) uyar\u0131nca hakl\u0131 bir menfaat te\u015fkil eder. <\/p>\n<p>Kullan\u0131c\u0131 verilerinin i\u015flenmesi hakk\u0131nda daha fazla bilgi, YouTube&#8217;un <a href=\"https:\/\/www.google.de\/intl\/de\/policies\/privacy\" target=\"_blank\" rel=\"noopener noreferrer\">https:\/\/www.google.de\/intl\/de\/policies\/privacy<\/a> adresindeki veri koruma beyan\u0131nda bulunabilir.<\/p>\n<h3> <\/h3>\n<h3>Google Web Yaz\u0131 Tipleri<\/h3>\n<p>Yaz\u0131 tiplerinin tek tip g\u00f6sterimi i\u00e7in bu sayfada Google taraf\u0131ndan sa\u011flanan web yaz\u0131 tipleri kullan\u0131lmaktad\u0131r. Bir sayfay\u0131 a\u00e7t\u0131\u011f\u0131n\u0131zda, taray\u0131c\u0131n\u0131z metinleri ve yaz\u0131 tiplerini do\u011fru \u015fekilde g\u00f6r\u00fcnt\u00fclemek i\u00e7in gerekli web yaz\u0131 tiplerini taray\u0131c\u0131 \u00f6nbelle\u011finize y\u00fckler. <\/p>\n<p>Bunun i\u00e7in taray\u0131c\u0131n\u0131z\u0131n Google sunucular\u0131yla do\u011frudan ba\u011flant\u0131 kurmas\u0131 gerekir. Google b\u00f6ylece web sayfam\u0131za IP adresiniz \u00fczerinden eri\u015fildi\u011finden haberdar olur. Google Web yaz\u0131 tiplerinin kullan\u0131m\u0131, eklentimizin tek tip ve \u00e7ekici bir \u015fekilde sunulmas\u0131 amac\u0131yla yap\u0131lmaktad\u0131r. Bu, GDPR Madde 6 (1) (f) uyar\u0131nca hakl\u0131 bir menfaat te\u015fkil eder.   <\/p>\n<p>Taray\u0131c\u0131n\u0131z web yaz\u0131 tiplerini desteklemiyorsa, bilgisayar\u0131n\u0131z taraf\u0131ndan standart bir yaz\u0131 tipi kullan\u0131l\u0131r.<\/p>\n<p>Kullan\u0131c\u0131 verilerinin i\u015flenmesi hakk\u0131nda daha fazla bilgi <a href=\"https:\/\/developers.google.com\/fonts\/faq\" target=\"_blank\" rel=\"noopener noreferrer\">https:\/\/developers.google.com\/fonts\/faq<\/a> adresinde ve Google&#8217;\u0131n gizlilik politikas\u0131nda <a href=\"https:\/\/www.google.com\/policies\/privacy\/\" target=\"_blank\" rel=\"noopener noreferrer\">https:\/\/www.google.com\/policies\/privacy\/<\/a> adresinde bulunabilir.<\/p>\n<\/p>\n<h3>Google Analytics Opt Out<\/h3>\n<p>[borlabs-cookie id=&#8221;google-analytics&#8221; type=&#8221;btn-switch-consent&#8221; \/]<\/p>\n<\/div>\n<\/div>\n<\/div>\n<\/div>\n<\/div>\n<\/div>\n<\/div>\n\t\t\t\t\t\t\t\t<\/div>\n\t\t\t\t<\/div>\n\t\t\t\t\t<\/div>\n\t\t<\/div>\n\t\t\t\t\t<\/div>\n\t\t<\/section>\n\t\t\t\t<\/div>\n\t\t","protected":false},"excerpt":{"rendered":"<p>G\u0130ZL\u0130L\u0130K POL\u0130T\u0130KASI Hangi ki\u015fisel verileri topluyoruz ve neden topluyoruz Yorumlar Ziyaret\u00e7iler web sitesine yorum g\u00f6nderdi\u011finde, spam&#8217;i tan\u0131maya yard\u0131mc\u0131 olmak i\u00e7in yorum formunda g\u00f6r\u00fcnt\u00fclenen verileri, ziyaret\u00e7inin IP adresini ve kullan\u0131c\u0131 arac\u0131s\u0131 dizesini (taray\u0131c\u0131y\u0131 tan\u0131mlayan) toplar\u0131z. E-posta adresinizden anonimle\u015ftirilmi\u015f bir karakter dizisi (hash olarak da bilinir) olu\u015fturulabilir ve kullan\u0131p kullanmad\u0131\u011f\u0131n\u0131z\u0131 kontrol etmek i\u00e7in Gravatar hizmetine iletilebilir. Gravatar [&hellip;]<\/p>\n","protected":false},"author":3,"featured_media":0,"parent":0,"menu_order":0,"comment_status":"closed","ping_status":"closed","template":"","meta":{"_acf_changed":false,"footnotes":""},"class_list":["post-52286","page","type-page","status-publish","hentry"],"acf":[],"yoast_head":"<!-- This site is optimized with the Yoast SEO Premium plugin v20.10 (Yoast SEO v24.3) - https:\/\/yoast.com\/wordpress\/plugins\/seo\/ -->\n<title>- ALEGER \u22c6 Augmented Reality<\/title>\n<meta name=\"robots\" content=\"noindex, nofollow\" \/>\n<meta property=\"og:locale\" content=\"tr_TR\" \/>\n<meta property=\"og:type\" content=\"article\" \/>\n<meta property=\"og:title\" content=\"Gizlilik Politikas\u0131\" \/>\n<meta property=\"og:description\" content=\"G\u0130ZL\u0130L\u0130K POL\u0130T\u0130KASI Hangi ki\u015fisel verileri topluyoruz ve neden topluyoruz Yorumlar Ziyaret\u00e7iler web sitesine yorum g\u00f6nderdi\u011finde, spam&#8217;i tan\u0131maya yard\u0131mc\u0131 olmak i\u00e7in yorum formunda g\u00f6r\u00fcnt\u00fclenen verileri, ziyaret\u00e7inin IP adresini ve kullan\u0131c\u0131 arac\u0131s\u0131 dizesini (taray\u0131c\u0131y\u0131 tan\u0131mlayan) toplar\u0131z. E-posta adresinizden anonimle\u015ftirilmi\u015f bir karakter dizisi (hash olarak da bilinir) olu\u015fturulabilir ve kullan\u0131p kullanmad\u0131\u011f\u0131n\u0131z\u0131 kontrol etmek i\u00e7in Gravatar hizmetine iletilebilir. Gravatar [&hellip;]\" \/>\n<meta property=\"og:url\" content=\"https:\/\/alegerglobal.com\/tr\/gizlilik-politikasi\/\" \/>\n<meta property=\"og:site_name\" content=\"ALEGER \u22c6 Augmented Reality\" \/>\n<meta property=\"article:modified_time\" content=\"2026-02-16T17:34:40+00:00\" \/>\n<meta name=\"twitter:card\" content=\"summary_large_image\" \/>\n<meta name=\"twitter:label1\" content=\"Tahmini okuma s\u00fcresi\" \/>\n\t<meta name=\"twitter:data1\" content=\"8 dakika\" \/>\n<script type=\"application\/ld+json\" class=\"yoast-schema-graph\">{\"@context\":\"https:\/\/schema.org\",\"@graph\":[{\"@type\":\"WebPage\",\"@id\":\"https:\/\/alegerglobal.com\/tr\/gizlilik-politikasi\/\",\"url\":\"https:\/\/alegerglobal.com\/tr\/gizlilik-politikasi\/\",\"name\":\"- ALEGER \u22c6 Augmented Reality\",\"isPartOf\":{\"@id\":\"https:\/\/alegerglobal.com\/tr\/#website\"},\"datePublished\":\"2026-02-16T17:34:10+00:00\",\"dateModified\":\"2026-02-16T17:34:40+00:00\",\"breadcrumb\":{\"@id\":\"https:\/\/alegerglobal.com\/tr\/gizlilik-politikasi\/#breadcrumb\"},\"inLanguage\":\"tr\",\"potentialAction\":[{\"@type\":\"ReadAction\",\"target\":[\"https:\/\/alegerglobal.com\/tr\/gizlilik-politikasi\/\"]}]},{\"@type\":\"BreadcrumbList\",\"@id\":\"https:\/\/alegerglobal.com\/tr\/gizlilik-politikasi\/#breadcrumb\",\"itemListElement\":[{\"@type\":\"ListItem\",\"position\":1,\"name\":\"Home\",\"item\":\"https:\/\/alegerglobal.com\/tr\/yeni-anasayfa\/\"},{\"@type\":\"ListItem\",\"position\":2,\"name\":\"Gizlilik Politikas\u0131\"}]},{\"@type\":\"WebSite\",\"@id\":\"https:\/\/alegerglobal.com\/tr\/#website\",\"url\":\"https:\/\/alegerglobal.com\/tr\/\",\"name\":\"ALEGER \u22c6 Augmented Reality\",\"description\":\"Die besten Augmented Reality (AR) L\u00f6sungen der Welt.\",\"publisher\":{\"@id\":\"https:\/\/alegerglobal.com\/tr\/#organization\"},\"potentialAction\":[{\"@type\":\"SearchAction\",\"target\":{\"@type\":\"EntryPoint\",\"urlTemplate\":\"https:\/\/alegerglobal.com\/tr\/?s={search_term_string}\"},\"query-input\":{\"@type\":\"PropertyValueSpecification\",\"valueRequired\":true,\"valueName\":\"search_term_string\"}}],\"inLanguage\":\"tr\"},{\"@type\":\"Organization\",\"@id\":\"https:\/\/alegerglobal.com\/tr\/#organization\",\"name\":\"ALEGER \u22c6 Augmented Reality\",\"url\":\"https:\/\/alegerglobal.com\/tr\/\",\"logo\":{\"@type\":\"ImageObject\",\"inLanguage\":\"tr\",\"@id\":\"https:\/\/alegerglobal.com\/tr\/#\/schema\/logo\/image\/\",\"url\":\"https:\/\/alegerglobal.com\/wp-content\/uploads\/2020\/12\/aleger-logo-quadrat.jpg\",\"contentUrl\":\"https:\/\/alegerglobal.com\/wp-content\/uploads\/2020\/12\/aleger-logo-quadrat.jpg\",\"width\":200,\"height\":176,\"caption\":\"ALEGER \u22c6 Augmented Reality\"},\"image\":{\"@id\":\"https:\/\/alegerglobal.com\/tr\/#\/schema\/logo\/image\/\"}}]}<\/script>\n<!-- \/ Yoast SEO Premium plugin. -->","yoast_head_json":{"title":"- ALEGER \u22c6 Augmented Reality","robots":{"index":"noindex","follow":"nofollow"},"og_locale":"tr_TR","og_type":"article","og_title":"Gizlilik Politikas\u0131","og_description":"G\u0130ZL\u0130L\u0130K POL\u0130T\u0130KASI Hangi ki\u015fisel verileri topluyoruz ve neden topluyoruz Yorumlar Ziyaret\u00e7iler web sitesine yorum g\u00f6nderdi\u011finde, spam&#8217;i tan\u0131maya yard\u0131mc\u0131 olmak i\u00e7in yorum formunda g\u00f6r\u00fcnt\u00fclenen verileri, ziyaret\u00e7inin IP adresini ve kullan\u0131c\u0131 arac\u0131s\u0131 dizesini (taray\u0131c\u0131y\u0131 tan\u0131mlayan) toplar\u0131z. E-posta adresinizden anonimle\u015ftirilmi\u015f bir karakter dizisi (hash olarak da bilinir) olu\u015fturulabilir ve kullan\u0131p kullanmad\u0131\u011f\u0131n\u0131z\u0131 kontrol etmek i\u00e7in Gravatar hizmetine iletilebilir. Gravatar [&hellip;]","og_url":"https:\/\/alegerglobal.com\/tr\/gizlilik-politikasi\/","og_site_name":"ALEGER \u22c6 Augmented Reality","article_modified_time":"2026-02-16T17:34:40+00:00","twitter_card":"summary_large_image","twitter_misc":{"Tahmini okuma s\u00fcresi":"8 dakika"},"schema":{"@context":"https:\/\/schema.org","@graph":[{"@type":"WebPage","@id":"https:\/\/alegerglobal.com\/tr\/gizlilik-politikasi\/","url":"https:\/\/alegerglobal.com\/tr\/gizlilik-politikasi\/","name":"- ALEGER \u22c6 Augmented Reality","isPartOf":{"@id":"https:\/\/alegerglobal.com\/tr\/#website"},"datePublished":"2026-02-16T17:34:10+00:00","dateModified":"2026-02-16T17:34:40+00:00","breadcrumb":{"@id":"https:\/\/alegerglobal.com\/tr\/gizlilik-politikasi\/#breadcrumb"},"inLanguage":"tr","potentialAction":[{"@type":"ReadAction","target":["https:\/\/alegerglobal.com\/tr\/gizlilik-politikasi\/"]}]},{"@type":"BreadcrumbList","@id":"https:\/\/alegerglobal.com\/tr\/gizlilik-politikasi\/#breadcrumb","itemListElement":[{"@type":"ListItem","position":1,"name":"Home","item":"https:\/\/alegerglobal.com\/tr\/yeni-anasayfa\/"},{"@type":"ListItem","position":2,"name":"Gizlilik Politikas\u0131"}]},{"@type":"WebSite","@id":"https:\/\/alegerglobal.com\/tr\/#website","url":"https:\/\/alegerglobal.com\/tr\/","name":"ALEGER \u22c6 Augmented Reality","description":"Die besten Augmented Reality (AR) L\u00f6sungen der Welt.","publisher":{"@id":"https:\/\/alegerglobal.com\/tr\/#organization"},"potentialAction":[{"@type":"SearchAction","target":{"@type":"EntryPoint","urlTemplate":"https:\/\/alegerglobal.com\/tr\/?s={search_term_string}"},"query-input":{"@type":"PropertyValueSpecification","valueRequired":true,"valueName":"search_term_string"}}],"inLanguage":"tr"},{"@type":"Organization","@id":"https:\/\/alegerglobal.com\/tr\/#organization","name":"ALEGER \u22c6 Augmented Reality","url":"https:\/\/alegerglobal.com\/tr\/","logo":{"@type":"ImageObject","inLanguage":"tr","@id":"https:\/\/alegerglobal.com\/tr\/#\/schema\/logo\/image\/","url":"https:\/\/alegerglobal.com\/wp-content\/uploads\/2020\/12\/aleger-logo-quadrat.jpg","contentUrl":"https:\/\/alegerglobal.com\/wp-content\/uploads\/2020\/12\/aleger-logo-quadrat.jpg","width":200,"height":176,"caption":"ALEGER \u22c6 Augmented Reality"},"image":{"@id":"https:\/\/alegerglobal.com\/tr\/#\/schema\/logo\/image\/"}}]}},"_links":{"self":[{"href":"https:\/\/alegerglobal.com\/tr\/wp-json\/wp\/v2\/pages\/52286","targetHints":{"allow":["GET"]}}],"collection":[{"href":"https:\/\/alegerglobal.com\/tr\/wp-json\/wp\/v2\/pages"}],"about":[{"href":"https:\/\/alegerglobal.com\/tr\/wp-json\/wp\/v2\/types\/page"}],"author":[{"embeddable":true,"href":"https:\/\/alegerglobal.com\/tr\/wp-json\/wp\/v2\/users\/3"}],"replies":[{"embeddable":true,"href":"https:\/\/alegerglobal.com\/tr\/wp-json\/wp\/v2\/comments?post=52286"}],"version-history":[{"count":3,"href":"https:\/\/alegerglobal.com\/tr\/wp-json\/wp\/v2\/pages\/52286\/revisions"}],"predecessor-version":[{"id":52290,"href":"https:\/\/alegerglobal.com\/tr\/wp-json\/wp\/v2\/pages\/52286\/revisions\/52290"}],"wp:attachment":[{"href":"https:\/\/alegerglobal.com\/tr\/wp-json\/wp\/v2\/media?parent=52286"}],"curies":[{"name":"wp","href":"https:\/\/api.w.org\/{rel}","templated":true}]}}