{"id":39083,"date":"2024-06-03T12:18:25","date_gmt":"2024-06-03T11:18:25","guid":{"rendered":"https:\/\/alegerglobal.com\/kariyer\/"},"modified":"2024-06-03T12:18:31","modified_gmt":"2024-06-03T11:18:31","slug":"kariyer","status":"publish","type":"page","link":"https:\/\/alegerglobal.com\/tr\/kariyer\/","title":{"rendered":"Kariyer"},"content":{"rendered":"\t\t<div data-elementor-type=\"wp-page\" data-elementor-id=\"39083\" class=\"elementor elementor-39083 elementor-8059\" data-elementor-settings=\"{&quot;ha_cmc_init_switcher&quot;:&quot;no&quot;}\" data-elementor-post-type=\"page\">\n\t\t\t\t\t\t<section class=\"elementor-section elementor-top-section elementor-element elementor-element-2e2c13e elementor-section-stretched mainrevhead elementor-section-boxed elementor-section-height-default elementor-section-height-default\" data-id=\"2e2c13e\" data-element_type=\"section\" data-settings=\"{&quot;stretch_section&quot;:&quot;section-stretched&quot;,&quot;background_background&quot;:&quot;classic&quot;,&quot;shape_divider_bottom&quot;:&quot;waves&quot;,&quot;jet_parallax_layout_list&quot;:[],&quot;_ha_eqh_enable&quot;:false}\">\n\t\t\t\t\t\t\t<div class=\"elementor-background-overlay\"><\/div>\n\t\t\t\t\t\t<div class=\"elementor-shape elementor-shape-bottom\" data-negative=\"false\">\n\t\t\t<svg xmlns=\"http:\/\/www.w3.org\/2000\/svg\" viewBox=\"0 0 1000 100\" preserveAspectRatio=\"none\">\n\t<path class=\"elementor-shape-fill\" d=\"M421.9,6.5c22.6-2.5,51.5,0.4,75.5,5.3c23.6,4.9,70.9,23.5,100.5,35.7c75.8,32.2,133.7,44.5,192.6,49.7\n\tc23.6,2.1,48.7,3.5,103.4-2.5c54.7-6,106.2-25.6,106.2-25.6V0H0v30.3c0,0,72,32.6,158.4,30.5c39.2-0.7,92.8-6.7,134-22.4\n\tc21.2-8.1,52.2-18.2,79.7-24.2C399.3,7.9,411.6,7.5,421.9,6.5z\"\/>\n<\/svg>\t\t<\/div>\n\t\t\t\t\t<div class=\"elementor-container elementor-column-gap-default\">\n\t\t\t\t\t<div class=\"elementor-column elementor-col-100 elementor-top-column elementor-element elementor-element-3691193\" data-id=\"3691193\" data-element_type=\"column\">\n\t\t\t<div class=\"elementor-widget-wrap elementor-element-populated\">\n\t\t\t\t\t\t<div class=\"elementor-element elementor-element-1d0f9e9 elementor-widget elementor-widget-heading\" data-id=\"1d0f9e9\" data-element_type=\"widget\" data-widget_type=\"heading.default\">\n\t\t\t\t<div class=\"elementor-widget-container\">\n\t\t\t\t\t<h1 class=\"elementor-heading-title elementor-size-default\">ALEGER GLOBAL'in bir par\u00e7as\u0131 olun<\/h1>\t\t\t\t<\/div>\n\t\t\t\t<\/div>\n\t\t\t\t<div class=\"elementor-element elementor-element-89ca51b elementor-widget elementor-widget-heading\" data-id=\"89ca51b\" data-element_type=\"widget\" data-widget_type=\"heading.default\">\n\t\t\t\t<div class=\"elementor-widget-container\">\n\t\t\t\t\t<p class=\"elementor-heading-title elementor-size-default\">M\u00fckemmel kariyer beklentileri, tak\u0131m ruhu ve dik bir \u00f6\u011frenme e\u011frisi. Bu<br>  ALEGER GLOBAL'e gelmeniz i\u00e7in nedenlerden sadece birka\u00e7\u0131<br>  gemiye gelmeli.  \n<\/p>\t\t\t\t<\/div>\n\t\t\t\t<\/div>\n\t\t\t\t\t<\/div>\n\t\t<\/div>\n\t\t\t\t\t<\/div>\n\t\t<\/section>\n\t\t\t\t<section class=\"elementor-section elementor-top-section elementor-element elementor-element-74978ee elementor-section-boxed elementor-section-height-default elementor-section-height-default\" data-id=\"74978ee\" data-element_type=\"section\" data-settings=\"{&quot;jet_parallax_layout_list&quot;:[],&quot;_ha_eqh_enable&quot;:false}\">\n\t\t\t\t\t\t<div class=\"elementor-container elementor-column-gap-default\">\n\t\t\t\t\t<div class=\"elementor-column elementor-col-100 elementor-top-column elementor-element elementor-element-aaeebad\" data-id=\"aaeebad\" data-element_type=\"column\">\n\t\t\t<div class=\"elementor-widget-wrap elementor-element-populated\">\n\t\t\t\t\t\t<section class=\"elementor-section elementor-inner-section elementor-element elementor-element-8a99a69 elementor-section-boxed elementor-section-height-default elementor-section-height-default\" data-id=\"8a99a69\" data-element_type=\"section\" data-settings=\"{&quot;jet_parallax_layout_list&quot;:[],&quot;_ha_eqh_enable&quot;:false}\">\n\t\t\t\t\t\t<div class=\"elementor-container elementor-column-gap-default\">\n\t\t\t\t\t<div class=\"elementor-column elementor-col-50 elementor-inner-column elementor-element elementor-element-897760f\" data-id=\"897760f\" data-element_type=\"column\">\n\t\t\t<div class=\"elementor-widget-wrap elementor-element-populated\">\n\t\t\t\t\t\t<div class=\"elementor-element elementor-element-c5be930 elementor-widget elementor-widget-image\" data-id=\"c5be930\" data-element_type=\"widget\" data-widget_type=\"image.default\">\n\t\t\t\t<div class=\"elementor-widget-container\">\n\t\t\t\t\t\t\t\t\t\t\t\t\t\t\t<img fetchpriority=\"high\" decoding=\"async\" width=\"600\" height=\"635\" src=\"https:\/\/alegerglobal.com\/wp-content\/uploads\/2021\/09\/43ed.jpg\" class=\"attachment-large size-large wp-image-8066\" alt=\"\" srcset=\"https:\/\/alegerglobal.com\/wp-content\/uploads\/2021\/09\/43ed.jpg 600w, https:\/\/alegerglobal.com\/wp-content\/uploads\/2021\/09\/43ed-283x300.jpg 283w\" sizes=\"(max-width: 600px) 100vw, 600px\" \/>\t\t\t\t\t\t\t\t\t\t\t\t\t\t\t<\/div>\n\t\t\t\t<\/div>\n\t\t\t\t\t<\/div>\n\t\t<\/div>\n\t\t\t\t<div class=\"elementor-column elementor-col-50 elementor-inner-column elementor-element elementor-element-be47e68\" data-id=\"be47e68\" data-element_type=\"column\">\n\t\t\t<div class=\"elementor-widget-wrap elementor-element-populated\">\n\t\t\t\t\t\t<div class=\"elementor-element elementor-element-731f53e lesmarg elementor-widget elementor-widget-heading\" data-id=\"731f53e\" data-element_type=\"widget\" data-widget_type=\"heading.default\">\n\t\t\t\t<div class=\"elementor-widget-container\">\n\t\t\t\t\t<h2 class=\"elementor-heading-title elementor-size-default\">ALEGER GLOBAL - Dijital d\u00f6n\u00fc\u015f\u00fcm i\u00e7in AR  <\/h2>\t\t\t\t<\/div>\n\t\t\t\t<\/div>\n\t\t\t\t<div class=\"elementor-element elementor-element-72e76b8 elementor-widget-divider--view-line elementor-widget elementor-widget-divider\" data-id=\"72e76b8\" data-element_type=\"widget\" data-widget_type=\"divider.default\">\n\t\t\t\t<div class=\"elementor-widget-container\">\n\t\t\t\t\t\t\t<div class=\"elementor-divider\">\n\t\t\t<span class=\"elementor-divider-separator\">\n\t\t\t\t\t\t<\/span>\n\t\t<\/div>\n\t\t\t\t\t\t<\/div>\n\t\t\t\t<\/div>\n\t\t\t\t<div class=\"elementor-element elementor-element-eea2cc7 nomarg elementor-widget elementor-widget-text-editor\" data-id=\"eea2cc7\" data-element_type=\"widget\" data-widget_type=\"text-editor.default\">\n\t\t\t\t<div class=\"elementor-widget-container\">\n\t\t\t\t\t\t\t\t\t<p style=\"text-align: left;\">Disiplinlerine ve art\u0131r\u0131lm\u0131\u015f ger\u00e7ekli\u011fe tutkuyla ba\u011fl\u0131 uzmanlardan olu\u015fan bir ekibiz. \u0130\u015fbirli\u011fimiz \u015feffafl\u0131k, kalite bilinci, \u00e7e\u015fitlilik, g\u00fcvenilirlik ve \u00f6\u011frenme iste\u011fi ile karakterize edilir. M\u00fc\u015fterilerimiz de bu de\u011ferleri takdir etmektedir.<\/p>\n<p style=\"text-align: left;\">Ekip olarak uzaktan birlikte \u00e7al\u0131\u015f\u0131yoruz \u00e7\u00fcnk\u00fc iyi bir i\u015fbirli\u011finin ortak bir ofise ba\u011fl\u0131 olmad\u0131\u011f\u0131na inan\u0131yoruz. Ekip \u00fcyelerimiz Avusturya, Fransa, \u0130talya, \u00c7ek Cumhuriyeti ve Almanya&#8217;da ya\u015famaktad\u0131r. ALEGER&#8217;in bir par\u00e7as\u0131 oldu\u011funuzda, ev ofisinizi nerede kuraca\u011f\u0131n\u0131za kendiniz karar verirsiniz. \u00d6nemli olan, yapt\u0131\u011f\u0131n\u0131z i\u015fte iyi olman\u0131z ve her g\u00fcn biraz daha iyi olmak istemenizdir. Yenilik\u00e7i d\u00fc\u015f\u00fcnceye ve dijital uzmanl\u0131\u011fa sahipseniz, t\u00fcm kariyer kap\u0131lar\u0131 size a\u00e7\u0131k.  <\/p>\t\t\t\t\t\t\t\t<\/div>\n\t\t\t\t<\/div>\n\t\t\t\t<div class=\"elementor-element elementor-element-7fe1a2e elementor-widget elementor-widget-button\" data-id=\"7fe1a2e\" data-element_type=\"widget\" data-widget_type=\"button.default\">\n\t\t\t\t<div class=\"elementor-widget-container\">\n\t\t\t\t\t\t\t\t\t<div class=\"elementor-button-wrapper\">\n\t\t\t\t\t<a class=\"elementor-button elementor-button-link elementor-size-sm\" href=\"https:\/\/alegerglobal.com\/tr\/hakkinda\/\">\n\t\t\t\t\t\t<span class=\"elementor-button-content-wrapper\">\n\t\t\t\t\t\t\t\t\t<span class=\"elementor-button-text\">\u015eirket hakk\u0131nda daha fazla bilgi<\/span>\n\t\t\t\t\t<\/span>\n\t\t\t\t\t<\/a>\n\t\t\t\t<\/div>\n\t\t\t\t\t\t\t\t<\/div>\n\t\t\t\t<\/div>\n\t\t\t\t\t<\/div>\n\t\t<\/div>\n\t\t\t\t\t<\/div>\n\t\t<\/section>\n\t\t\t\t\t<\/div>\n\t\t<\/div>\n\t\t\t\t\t<\/div>\n\t\t<\/section>\n\t\t\t\t<section class=\"elementor-section elementor-top-section elementor-element elementor-element-75d5696 elementor-section-boxed elementor-section-height-default elementor-section-height-default\" data-id=\"75d5696\" data-element_type=\"section\" data-settings=\"{&quot;background_background&quot;:&quot;classic&quot;,&quot;shape_divider_top&quot;:&quot;waves&quot;,&quot;jet_parallax_layout_list&quot;:[],&quot;_ha_eqh_enable&quot;:false}\">\n\t\t\t\t\t<div class=\"elementor-shape elementor-shape-top\" data-negative=\"false\">\n\t\t\t<svg xmlns=\"http:\/\/www.w3.org\/2000\/svg\" viewBox=\"0 0 1000 100\" preserveAspectRatio=\"none\">\n\t<path class=\"elementor-shape-fill\" d=\"M421.9,6.5c22.6-2.5,51.5,0.4,75.5,5.3c23.6,4.9,70.9,23.5,100.5,35.7c75.8,32.2,133.7,44.5,192.6,49.7\n\tc23.6,2.1,48.7,3.5,103.4-2.5c54.7-6,106.2-25.6,106.2-25.6V0H0v30.3c0,0,72,32.6,158.4,30.5c39.2-0.7,92.8-6.7,134-22.4\n\tc21.2-8.1,52.2-18.2,79.7-24.2C399.3,7.9,411.6,7.5,421.9,6.5z\"\/>\n<\/svg>\t\t<\/div>\n\t\t\t\t\t<div class=\"elementor-container elementor-column-gap-default\">\n\t\t\t\t\t<div class=\"elementor-column elementor-col-100 elementor-top-column elementor-element elementor-element-ba74364\" data-id=\"ba74364\" data-element_type=\"column\" data-settings=\"{&quot;background_background&quot;:&quot;classic&quot;}\">\n\t\t\t<div class=\"elementor-widget-wrap elementor-element-populated\">\n\t\t\t\t\t\t<div class=\"elementor-element elementor-element-6ee44e1 lesmarg elementor-widget elementor-widget-heading\" data-id=\"6ee44e1\" data-element_type=\"widget\" data-widget_type=\"heading.default\">\n\t\t\t\t<div class=\"elementor-widget-container\">\n\t\t\t\t\t<h3 class=\"elementor-heading-title elementor-size-default\">G\u00fcncel i\u015f teklifleri<\/h3>\t\t\t\t<\/div>\n\t\t\t\t<\/div>\n\t\t\t\t<div class=\"elementor-element elementor-element-dd3f0c1 elementor-widget-divider--view-line elementor-widget elementor-widget-divider\" data-id=\"dd3f0c1\" data-element_type=\"widget\" data-widget_type=\"divider.default\">\n\t\t\t\t<div class=\"elementor-widget-container\">\n\t\t\t\t\t\t\t<div class=\"elementor-divider\">\n\t\t\t<span class=\"elementor-divider-separator\">\n\t\t\t\t\t\t<\/span>\n\t\t<\/div>\n\t\t\t\t\t\t<\/div>\n\t\t\t\t<\/div>\n\t\t\t\t<div class=\"elementor-element elementor-element-3f9dce4 elementor-widget elementor-widget-toggle\" data-id=\"3f9dce4\" data-element_type=\"widget\" data-widget_type=\"toggle.default\">\n\t\t\t\t<div class=\"elementor-widget-container\">\n\t\t\t\t\t\t\t<div class=\"elementor-toggle\">\n\t\t\t\t\t\t\t<div class=\"elementor-toggle-item\">\n\t\t\t\t\t<div id=\"elementor-tab-title-6671\" class=\"elementor-tab-title\" data-tab=\"1\" role=\"button\" aria-controls=\"elementor-tab-content-6671\" aria-expanded=\"false\">\n\t\t\t\t\t\t\t\t\t\t\t\t<span class=\"elementor-toggle-icon elementor-toggle-icon-left\" aria-hidden=\"true\">\n\t\t\t\t\t\t\t\t\t\t\t\t\t\t\t<span class=\"elementor-toggle-icon-closed\"><i class=\"fas fa-caret-right\"><\/i><\/span>\n\t\t\t\t\t\t\t\t<span class=\"elementor-toggle-icon-opened\"><i class=\"elementor-toggle-icon-opened fas fa-caret-up\"><\/i><\/span>\n\t\t\t\t\t\t\t\t\t\t\t\t\t<\/span>\n\t\t\t\t\t\t\t\t\t\t\t\t<a class=\"elementor-toggle-title\" tabindex=\"0\">Dijital Sat\u0131\u015f Hesap Y\u00f6neticisi<\/a>\n\t\t\t\t\t<\/div>\n\n\t\t\t\t\t<div id=\"elementor-tab-content-6671\" class=\"elementor-tab-content elementor-clearfix\" data-tab=\"1\" role=\"region\" aria-labelledby=\"elementor-tab-title-6671\"><p style=\"text-align: left;\"><strong>Profiliniz<\/strong><\/p>\n<p style=\"text-align: left;\">&#8211; Mevcut m\u00fc\u015fterilerle \u00e7al\u0131\u015fmaktan ve onlar\u0131 daha da geli\u015ftirmekten ho\u015flan\u0131yor musunuz?<br \/>&#8211; Bir hesapta yeni f\u0131rsatlar ke\u015ffetmekten ho\u015flan\u0131yor musunuz?<br \/>&#8211; Teknik veya SaaS sat\u0131\u015f rol\u00fcnde en az 3 y\u0131ll\u0131k deneyiminiz var m\u0131?<br \/>&#8211; \u00c7ift\u00e7ilik veya hesap geli\u015ftirme konusunda zaten deneyiminiz var m\u0131?<br \/>&#8211; Ba\u011f\u0131ms\u0131z \u00e7al\u0131\u015fma ve giri\u015fimci d\u00fc\u015f\u00fcnce tam size g\u00f6re mi?<\/p>\n<p style=\"text-align: left;\"><strong>Rol hakk\u0131nda:<\/strong><br \/>Sekt\u00f6rdeki mevcut m\u00fc\u015fterilerimizle ilgileneceksiniz. &nbsp;&nbsp;Hesaplar\u0131n\u0131z D\/A\/CH b\u00f6lgesinde yer almaktad\u0131r. Ama\u00e7, hesaplar dahilinde yeni sat\u0131\u015f potansiyeli geli\u015ftirmektir. Proaktifli\u011fi yenilik\u00e7i ve dijital d\u00fc\u015f\u00fcnce ve eylemle birle\u015ftirmeniz bekleniyor. Bu rol kesinlikle \u00e7ok \u00f6nemli ve \u015firketin gelecekteki gidi\u015fat\u0131 \u00fczerinde belirleyici bir etkiye sahip olacak!<\/p>\n<p style=\"text-align: left;\"><strong>En iyi performans m\u0131? En iyi avantajlar!<\/strong><br \/>&#8211; Size en y\u00fcksek maa\u015f\u0131 sunuyoruz!<br \/>&#8211; Size istedi\u011finiz zaman ve istedi\u011finiz yerde ev ofis sunuyoruz<br \/>&#8211; T\u00fcm Avrupa&#8217;da ekip toplant\u0131lar\u0131; her \u00e7eyrekte farkl\u0131 bir \u015fehirde ekip toplant\u0131s\u0131<br \/>&#8211; \u00d6\u011frenme ve E\u011fitim &#8211; \u00dccretsiz<\/p>\n<p style=\"text-align: left;\"><strong>ALEGER Hakk\u0131nda<\/strong><br \/>En iyi art\u0131r\u0131lm\u0131\u015f ger\u00e7eklik \u00e7\u00f6z\u00fcm orta\u011f\u0131 olmay\u0131 hedefliyoruz.<br \/>Bu nedenle m\u00fc\u015fterilerimize en geni\u015f AR donan\u0131m portf\u00f6y\u00fcn\u00fc sunuyor ve bunu en iyi AR end\u00fcstriyel yaz\u0131l\u0131m \u00e7\u00f6z\u00fcmleriyle birle\u015ftiriyoruz.<br \/>Gelece\u011fi \u015fekillendiriyor ve \u00f6n\u00fcm\u00fczdeki on y\u0131l i\u00e7in standartlar\u0131 belirliyoruz!<\/p>\n<p style=\"text-align: left;\"><strong>Ba\u015fvurunuzu \u015fu adrese g\u00f6nderin:<\/strong><br \/>Alexander St\u00f6ger<br \/>astoeger@alegerglobal.com<br \/>+49 385 3937 8556<\/p>\n<\/div>\n\t\t\t\t<\/div>\n\t\t\t\t\t\t\t\t<\/div>\n\t\t\t\t\t\t<\/div>\n\t\t\t\t<\/div>\n\t\t\t\t\t<\/div>\n\t\t<\/div>\n\t\t\t\t\t<\/div>\n\t\t<\/section>\n\t\t\t\t<section class=\"elementor-section elementor-top-section elementor-element elementor-element-cb57ef9 elementor-section-boxed elementor-section-height-default elementor-section-height-default\" data-id=\"cb57ef9\" data-element_type=\"section\" data-settings=\"{&quot;jet_parallax_layout_list&quot;:[],&quot;_ha_eqh_enable&quot;:false}\">\n\t\t\t\t\t\t<div class=\"elementor-container elementor-column-gap-default\">\n\t\t\t\t\t<div class=\"elementor-column elementor-col-50 elementor-top-column elementor-element elementor-element-b9a1399\" data-id=\"b9a1399\" data-element_type=\"column\">\n\t\t\t<div class=\"elementor-widget-wrap elementor-element-populated\">\n\t\t\t\t\t\t<div class=\"elementor-element elementor-element-fd6c97e elementor-view-default elementor-widget elementor-widget-icon\" data-id=\"fd6c97e\" data-element_type=\"widget\" data-widget_type=\"icon.default\">\n\t\t\t\t<div class=\"elementor-widget-container\">\n\t\t\t\t\t\t\t<div class=\"elementor-icon-wrapper\">\n\t\t\t<div class=\"elementor-icon\">\n\t\t\t<i aria-hidden=\"true\" class=\"hm hm-question\"><\/i>\t\t\t<\/div>\n\t\t<\/div>\n\t\t\t\t\t\t<\/div>\n\t\t\t\t<\/div>\n\t\t\t\t\t<\/div>\n\t\t<\/div>\n\t\t\t\t<div class=\"elementor-column elementor-col-50 elementor-top-column elementor-element elementor-element-4cfb469\" data-id=\"4cfb469\" data-element_type=\"column\">\n\t\t\t<div class=\"elementor-widget-wrap elementor-element-populated\">\n\t\t\t\t\t\t<div class=\"elementor-element elementor-element-83e5f0f lesmarg elementor-widget elementor-widget-heading\" data-id=\"83e5f0f\" data-element_type=\"widget\" data-widget_type=\"heading.default\">\n\t\t\t\t<div class=\"elementor-widget-container\">\n\t\t\t\t\t<h4 class=\"elementor-heading-title elementor-size-default\">Bir i\u015f ilan\u0131 hakk\u0131nda sorular\u0131n\u0131z m\u0131 var?<\/h4>\t\t\t\t<\/div>\n\t\t\t\t<\/div>\n\t\t\t\t<div class=\"elementor-element elementor-element-498438a nomarg elementor-widget elementor-widget-text-editor\" data-id=\"498438a\" data-element_type=\"widget\" data-widget_type=\"text-editor.default\">\n\t\t\t\t<div class=\"elementor-widget-container\">\n\t\t\t\t\t\t\t\t\t<p style=\"text-align: left;\">L\u00fctfen bize jobs@alegerglobal.com adresine bir e-posta g\u00f6nderin veya +49 385 3937 8556 numaral\u0131 telefondan Genel M\u00fcd\u00fcr\u00fcm\u00fcz Alexander St\u00f6gerl&#8217;i aray\u0131n.  <\/p>\n\t\t\t\t\t\t\t\t<\/div>\n\t\t\t\t<\/div>\n\t\t\t\t\t<\/div>\n\t\t<\/div>\n\t\t\t\t\t<\/div>\n\t\t<\/section>\n\t\t\t\t<\/div>\n\t\t","protected":false},"excerpt":{"rendered":"<p>ALEGER GLOBAL&#8217;in bir par\u00e7as\u0131 olun M\u00fckemmel kariyer beklentileri, tak\u0131m ruhu ve dik bir \u00f6\u011frenme e\u011frisi. Bu ALEGER GLOBAL&#8217;e gelmeniz i\u00e7in nedenlerden sadece birka\u00e7\u0131 gemiye gelmeli. ALEGER GLOBAL &#8211; Dijital d\u00f6n\u00fc\u015f\u00fcm i\u00e7in AR Disiplinlerine ve art\u0131r\u0131lm\u0131\u015f ger\u00e7ekli\u011fe tutkuyla ba\u011fl\u0131 uzmanlardan olu\u015fan bir ekibiz. \u0130\u015fbirli\u011fimiz \u015feffafl\u0131k, kalite bilinci, \u00e7e\u015fitlilik, g\u00fcvenilirlik ve \u00f6\u011frenme iste\u011fi ile karakterize edilir. M\u00fc\u015fterilerimiz [&hellip;]<\/p>\n","protected":false},"author":3,"featured_media":0,"parent":0,"menu_order":0,"comment_status":"closed","ping_status":"closed","template":"elementor_header_footer","meta":{"_acf_changed":false,"footnotes":""},"class_list":["post-39083","page","type-page","status-publish","hentry"],"acf":[],"yoast_head":"<!-- This site is optimized with the Yoast SEO Premium plugin v20.10 (Yoast SEO v24.3) - https:\/\/yoast.com\/wordpress\/plugins\/seo\/ -->\n<title>ALEGER \u22c6 Augmented Reality&#039;nda Kariyer<\/title>\n<meta name=\"description\" content=\"Bir meydan okuma ar\u0131yor ve \u015firketleri dijital d\u00f6n\u00fc\u015f\u00fcm yolunda desteklemek mi istiyorsunuz? O zaman ekibimizin bir par\u00e7as\u0131 olun.\" \/>\n<meta name=\"robots\" content=\"index, follow, max-snippet:-1, max-image-preview:large, max-video-preview:-1\" \/>\n<meta property=\"og:locale\" content=\"tr_TR\" \/>\n<meta property=\"og:type\" content=\"article\" \/>\n<meta property=\"og:title\" content=\"Kariyer\" \/>\n<meta property=\"og:description\" content=\"Bir meydan okuma ar\u0131yor ve \u015firketleri dijital d\u00f6n\u00fc\u015f\u00fcm yolunda desteklemek mi istiyorsunuz? O zaman ekibimizin bir par\u00e7as\u0131 olun.\" \/>\n<meta property=\"og:url\" content=\"https:\/\/alegerglobal.com\/tr\/kariyer\/\" \/>\n<meta property=\"og:site_name\" content=\"ALEGER \u22c6 Augmented Reality\" \/>\n<meta property=\"article:modified_time\" content=\"2024-06-03T11:18:31+00:00\" \/>\n<meta property=\"og:image\" content=\"https:\/\/alegerglobal.com\/wp-content\/uploads\/2021\/09\/43ed.jpg\" \/>\n<meta name=\"twitter:card\" content=\"summary_large_image\" \/>\n<meta name=\"twitter:label1\" content=\"Tahmini okuma s\u00fcresi\" \/>\n\t<meta name=\"twitter:data1\" content=\"2 dakika\" \/>\n<script type=\"application\/ld+json\" class=\"yoast-schema-graph\">{\"@context\":\"https:\/\/schema.org\",\"@graph\":[{\"@type\":\"WebPage\",\"@id\":\"https:\/\/alegerglobal.com\/tr\/kariyer\/\",\"url\":\"https:\/\/alegerglobal.com\/tr\/kariyer\/\",\"name\":\"ALEGER \u22c6 Augmented Reality'nda Kariyer\",\"isPartOf\":{\"@id\":\"https:\/\/alegerglobal.com\/tr\/#website\"},\"primaryImageOfPage\":{\"@id\":\"https:\/\/alegerglobal.com\/tr\/kariyer\/#primaryimage\"},\"image\":{\"@id\":\"https:\/\/alegerglobal.com\/tr\/kariyer\/#primaryimage\"},\"thumbnailUrl\":\"https:\/\/alegerglobal.com\/wp-content\/uploads\/2021\/09\/43ed.jpg\",\"datePublished\":\"2024-06-03T11:18:25+00:00\",\"dateModified\":\"2024-06-03T11:18:31+00:00\",\"description\":\"Bir meydan okuma ar\u0131yor ve \u015firketleri dijital d\u00f6n\u00fc\u015f\u00fcm yolunda desteklemek mi istiyorsunuz? O zaman ekibimizin bir par\u00e7as\u0131 olun.\",\"breadcrumb\":{\"@id\":\"https:\/\/alegerglobal.com\/tr\/kariyer\/#breadcrumb\"},\"inLanguage\":\"tr\",\"potentialAction\":[{\"@type\":\"ReadAction\",\"target\":[\"https:\/\/alegerglobal.com\/tr\/kariyer\/\"]}]},{\"@type\":\"ImageObject\",\"inLanguage\":\"tr\",\"@id\":\"https:\/\/alegerglobal.com\/tr\/kariyer\/#primaryimage\",\"url\":\"https:\/\/alegerglobal.com\/wp-content\/uploads\/2021\/09\/43ed.jpg\",\"contentUrl\":\"https:\/\/alegerglobal.com\/wp-content\/uploads\/2021\/09\/43ed.jpg\"},{\"@type\":\"BreadcrumbList\",\"@id\":\"https:\/\/alegerglobal.com\/tr\/kariyer\/#breadcrumb\",\"itemListElement\":[{\"@type\":\"ListItem\",\"position\":1,\"name\":\"Home\",\"item\":\"https:\/\/alegerglobal.com\/tr\/yeni-anasayfa\/\"},{\"@type\":\"ListItem\",\"position\":2,\"name\":\"Kariyer\"}]},{\"@type\":\"WebSite\",\"@id\":\"https:\/\/alegerglobal.com\/tr\/#website\",\"url\":\"https:\/\/alegerglobal.com\/tr\/\",\"name\":\"ALEGER \u22c6 Augmented Reality\",\"description\":\"Die besten Augmented Reality (AR) L\u00f6sungen der Welt.\",\"publisher\":{\"@id\":\"https:\/\/alegerglobal.com\/tr\/#organization\"},\"potentialAction\":[{\"@type\":\"SearchAction\",\"target\":{\"@type\":\"EntryPoint\",\"urlTemplate\":\"https:\/\/alegerglobal.com\/tr\/?s={search_term_string}\"},\"query-input\":{\"@type\":\"PropertyValueSpecification\",\"valueRequired\":true,\"valueName\":\"search_term_string\"}}],\"inLanguage\":\"tr\"},{\"@type\":\"Organization\",\"@id\":\"https:\/\/alegerglobal.com\/tr\/#organization\",\"name\":\"ALEGER \u22c6 Augmented Reality\",\"url\":\"https:\/\/alegerglobal.com\/tr\/\",\"logo\":{\"@type\":\"ImageObject\",\"inLanguage\":\"tr\",\"@id\":\"https:\/\/alegerglobal.com\/tr\/#\/schema\/logo\/image\/\",\"url\":\"https:\/\/alegerglobal.com\/wp-content\/uploads\/2020\/12\/aleger-logo-quadrat.jpg\",\"contentUrl\":\"https:\/\/alegerglobal.com\/wp-content\/uploads\/2020\/12\/aleger-logo-quadrat.jpg\",\"width\":200,\"height\":176,\"caption\":\"ALEGER \u22c6 Augmented Reality\"},\"image\":{\"@id\":\"https:\/\/alegerglobal.com\/tr\/#\/schema\/logo\/image\/\"}}]}<\/script>\n<!-- \/ Yoast SEO Premium plugin. -->","yoast_head_json":{"title":"ALEGER \u22c6 Augmented Reality'nda Kariyer","description":"Bir meydan okuma ar\u0131yor ve \u015firketleri dijital d\u00f6n\u00fc\u015f\u00fcm yolunda desteklemek mi istiyorsunuz? O zaman ekibimizin bir par\u00e7as\u0131 olun.","robots":{"index":"index","follow":"follow","max-snippet":"max-snippet:-1","max-image-preview":"max-image-preview:large","max-video-preview":"max-video-preview:-1"},"og_locale":"tr_TR","og_type":"article","og_title":"Kariyer","og_description":"Bir meydan okuma ar\u0131yor ve \u015firketleri dijital d\u00f6n\u00fc\u015f\u00fcm yolunda desteklemek mi istiyorsunuz? O zaman ekibimizin bir par\u00e7as\u0131 olun.","og_url":"https:\/\/alegerglobal.com\/tr\/kariyer\/","og_site_name":"ALEGER \u22c6 Augmented Reality","article_modified_time":"2024-06-03T11:18:31+00:00","og_image":[{"url":"https:\/\/alegerglobal.com\/wp-content\/uploads\/2021\/09\/43ed.jpg","type":"","width":"","height":""}],"twitter_card":"summary_large_image","twitter_misc":{"Tahmini okuma s\u00fcresi":"2 dakika"},"schema":{"@context":"https:\/\/schema.org","@graph":[{"@type":"WebPage","@id":"https:\/\/alegerglobal.com\/tr\/kariyer\/","url":"https:\/\/alegerglobal.com\/tr\/kariyer\/","name":"ALEGER \u22c6 Augmented Reality'nda Kariyer","isPartOf":{"@id":"https:\/\/alegerglobal.com\/tr\/#website"},"primaryImageOfPage":{"@id":"https:\/\/alegerglobal.com\/tr\/kariyer\/#primaryimage"},"image":{"@id":"https:\/\/alegerglobal.com\/tr\/kariyer\/#primaryimage"},"thumbnailUrl":"https:\/\/alegerglobal.com\/wp-content\/uploads\/2021\/09\/43ed.jpg","datePublished":"2024-06-03T11:18:25+00:00","dateModified":"2024-06-03T11:18:31+00:00","description":"Bir meydan okuma ar\u0131yor ve \u015firketleri dijital d\u00f6n\u00fc\u015f\u00fcm yolunda desteklemek mi istiyorsunuz? O zaman ekibimizin bir par\u00e7as\u0131 olun.","breadcrumb":{"@id":"https:\/\/alegerglobal.com\/tr\/kariyer\/#breadcrumb"},"inLanguage":"tr","potentialAction":[{"@type":"ReadAction","target":["https:\/\/alegerglobal.com\/tr\/kariyer\/"]}]},{"@type":"ImageObject","inLanguage":"tr","@id":"https:\/\/alegerglobal.com\/tr\/kariyer\/#primaryimage","url":"https:\/\/alegerglobal.com\/wp-content\/uploads\/2021\/09\/43ed.jpg","contentUrl":"https:\/\/alegerglobal.com\/wp-content\/uploads\/2021\/09\/43ed.jpg"},{"@type":"BreadcrumbList","@id":"https:\/\/alegerglobal.com\/tr\/kariyer\/#breadcrumb","itemListElement":[{"@type":"ListItem","position":1,"name":"Home","item":"https:\/\/alegerglobal.com\/tr\/yeni-anasayfa\/"},{"@type":"ListItem","position":2,"name":"Kariyer"}]},{"@type":"WebSite","@id":"https:\/\/alegerglobal.com\/tr\/#website","url":"https:\/\/alegerglobal.com\/tr\/","name":"ALEGER \u22c6 Augmented Reality","description":"Die besten Augmented Reality (AR) L\u00f6sungen der Welt.","publisher":{"@id":"https:\/\/alegerglobal.com\/tr\/#organization"},"potentialAction":[{"@type":"SearchAction","target":{"@type":"EntryPoint","urlTemplate":"https:\/\/alegerglobal.com\/tr\/?s={search_term_string}"},"query-input":{"@type":"PropertyValueSpecification","valueRequired":true,"valueName":"search_term_string"}}],"inLanguage":"tr"},{"@type":"Organization","@id":"https:\/\/alegerglobal.com\/tr\/#organization","name":"ALEGER \u22c6 Augmented Reality","url":"https:\/\/alegerglobal.com\/tr\/","logo":{"@type":"ImageObject","inLanguage":"tr","@id":"https:\/\/alegerglobal.com\/tr\/#\/schema\/logo\/image\/","url":"https:\/\/alegerglobal.com\/wp-content\/uploads\/2020\/12\/aleger-logo-quadrat.jpg","contentUrl":"https:\/\/alegerglobal.com\/wp-content\/uploads\/2020\/12\/aleger-logo-quadrat.jpg","width":200,"height":176,"caption":"ALEGER \u22c6 Augmented Reality"},"image":{"@id":"https:\/\/alegerglobal.com\/tr\/#\/schema\/logo\/image\/"}}]}},"_links":{"self":[{"href":"https:\/\/alegerglobal.com\/tr\/wp-json\/wp\/v2\/pages\/39083","targetHints":{"allow":["GET"]}}],"collection":[{"href":"https:\/\/alegerglobal.com\/tr\/wp-json\/wp\/v2\/pages"}],"about":[{"href":"https:\/\/alegerglobal.com\/tr\/wp-json\/wp\/v2\/types\/page"}],"author":[{"embeddable":true,"href":"https:\/\/alegerglobal.com\/tr\/wp-json\/wp\/v2\/users\/3"}],"replies":[{"embeddable":true,"href":"https:\/\/alegerglobal.com\/tr\/wp-json\/wp\/v2\/comments?post=39083"}],"version-history":[{"count":1,"href":"https:\/\/alegerglobal.com\/tr\/wp-json\/wp\/v2\/pages\/39083\/revisions"}],"predecessor-version":[{"id":39085,"href":"https:\/\/alegerglobal.com\/tr\/wp-json\/wp\/v2\/pages\/39083\/revisions\/39085"}],"wp:attachment":[{"href":"https:\/\/alegerglobal.com\/tr\/wp-json\/wp\/v2\/media?parent=39083"}],"curies":[{"name":"wp","href":"https:\/\/api.w.org\/{rel}","templated":true}]}}