{"id":53346,"date":"2026-03-06T14:32:50","date_gmt":"2026-03-06T13:32:52","guid":{"rendered":"https:\/\/alegerglobal.com\/?post_type=product&#038;p=53346"},"modified":"2026-03-19T18:57:46","modified_gmt":"2026-03-19T17:57:46","slug":"oculos-inteligentes-aleger-xr-500-ar-imagem-termica-sonar-e-camara-de-48mp-kopie","status":"publish","type":"product","link":"https:\/\/alegerglobal.com\/pt-pt\/shop-pt-pt\/oculos-inteligentes-aleger-xr-500-ar-imagem-termica-sonar-e-camara-de-48mp-kopie\/","title":{"rendered":"\u00d3culos inteligentes ALEGER XR 800 AR &#8211; Ecr\u00e3 de 1080p, c\u00e2mara de 13 MP, GPS e \u00f3culos inteligentes industriais Android"},"content":{"rendered":"","protected":false},"excerpt":{"rendered":"<p data-start=\"680\" data-end=\"985\">O <strong data-start=\"684\" data-end=\"701\">ALEGER XR 800<\/strong> \u00e9 um par profissional de \u00f3culos inteligentes de realidade aumentada para aplica\u00e7\u00f5es industriais, inspec\u00e7\u00f5es e trabalho t\u00e9cnico. O visor de RA integrado mostra informa\u00e7\u00f5es digitais diretamente no campo de vis\u00e3o do utilizador, permitindo um trabalho eficiente sem dispositivos adicionais.<\/p>\n<p data-start=\"987\" data-end=\"1469\">Gra\u00e7as \u00e0 c\u00e2mara integrada, aos sensores e ao GPS, os \u00f3culos podem captar e transmitir imagens, dados e informa\u00e7\u00f5es ambientais em tempo real. O sistema Android permite a utiliza\u00e7\u00e3o de aplica\u00e7\u00f5es personalizadas e liga\u00e7\u00f5es \u00e0 nuvem, tornando o ALEGER XR 800 particularmente adequado para manuten\u00e7\u00e3o, apoio remoto, log\u00edstica ou forma\u00e7\u00e3o. Pode ser operado convenientemente atrav\u00e9s de touchpad, bot\u00f5es ou controlo de voz &#8211; completamente m\u00e3os livres enquanto trabalha<\/p>\n","protected":false},"featured_media":53358,"comment_status":"open","ping_status":"closed","template":"","meta":{"_acf_changed":false},"product_brand":[],"product_cat":[1187,1162],"product_tag":[],"class_list":{"0":"post-53346","1":"product","2":"type-product","3":"status-publish","4":"has-post-thumbnail","6":"product_cat-oculos-inteligentes","7":"product_cat-shop-pt-pt","8":"pa_hersteller-getac-pt-pt","10":"first","11":"instock","12":"taxable","13":"shipping-taxable","14":"product-type-simple"},"acf":[],"yoast_head":"<!-- This site is optimized with the Yoast SEO Premium plugin v20.10 (Yoast SEO v24.3) - https:\/\/yoast.com\/wordpress\/plugins\/seo\/ -->\n<title>ALEGER XR 800 AR Smart Glasses - \u00d3culos inteligentes industriais Android<\/title>\n<meta name=\"description\" content=\"O ALEGER XR 800 \u00e9 um par robusto de \u00f3culos inteligentes AR com ecr\u00e3 duplo, c\u00e2mara de 13MP, localiza\u00e7\u00e3o por GPS, controlo por voz e sistema Android. Ideal para a ind\u00fastria, inspe\u00e7\u00e3o, manuten\u00e7\u00e3o, log\u00edstica e apoio remoto.\" \/>\n<meta name=\"robots\" content=\"index, follow, max-snippet:-1, max-image-preview:large, max-video-preview:-1\" \/>\n<meta property=\"og:locale\" content=\"pt_PT\" \/>\n<meta property=\"og:type\" content=\"article\" \/>\n<meta property=\"og:title\" content=\"\u00d3culos inteligentes ALEGER XR 800 AR - Ecr\u00e3 de 1080p, c\u00e2mara de 13 MP, GPS e \u00f3culos inteligentes industriais Android\" \/>\n<meta property=\"og:description\" content=\"O ALEGER XR 800 \u00e9 um par robusto de \u00f3culos inteligentes AR com ecr\u00e3 duplo, c\u00e2mara de 13MP, localiza\u00e7\u00e3o por GPS, controlo por voz e sistema Android. Ideal para a ind\u00fastria, inspe\u00e7\u00e3o, manuten\u00e7\u00e3o, log\u00edstica e apoio remoto.\" \/>\n<meta property=\"og:url\" content=\"https:\/\/alegerglobal.com\/pt-pt\/shop-pt-pt\/oculos-inteligentes-aleger-xr-500-ar-imagem-termica-sonar-e-camara-de-48mp-kopie\/\" \/>\n<meta property=\"og:site_name\" content=\"ALEGER \u22c6 Augmented Reality\" \/>\n<meta property=\"article:modified_time\" content=\"2026-03-19T17:57:46+00:00\" \/>\n<meta property=\"og:image\" content=\"https:\/\/alegerglobal.com\/wp-content\/uploads\/2026\/03\/ALEGER-XR800-1.png\" \/>\n\t<meta property=\"og:image:width\" content=\"800\" \/>\n\t<meta property=\"og:image:height\" content=\"800\" \/>\n\t<meta property=\"og:image:type\" content=\"image\/png\" \/>\n<meta name=\"twitter:card\" content=\"summary_large_image\" \/>\n<meta name=\"twitter:label1\" content=\"pre\u00e7o\" \/>\n\t<meta name=\"twitter:data1\" content=\"\" \/>\n\t<meta name=\"twitter:label2\" content=\"Disponibilidade\" \/>\n\t<meta name=\"twitter:data2\" content=\"Em stock\" \/>\n<script type=\"application\/ld+json\" class=\"yoast-schema-graph\">{\"@context\":\"https:\/\/schema.org\",\"@graph\":[{\"@type\":\"WebPage\",\"@id\":\"https:\/\/alegerglobal.com\/pt-pt\/shop-pt-pt\/oculos-inteligentes-aleger-xr-500-ar-imagem-termica-sonar-e-camara-de-48mp-kopie\/\",\"url\":\"https:\/\/alegerglobal.com\/pt-pt\/shop-pt-pt\/oculos-inteligentes-aleger-xr-500-ar-imagem-termica-sonar-e-camara-de-48mp-kopie\/\",\"name\":\"ALEGER XR 800 AR Smart Glasses - \u00d3culos inteligentes industriais Android\",\"isPartOf\":{\"@id\":\"https:\/\/alegerglobal.com\/pt-pt\/#website\"},\"primaryImageOfPage\":{\"@id\":\"https:\/\/alegerglobal.com\/pt-pt\/shop-pt-pt\/oculos-inteligentes-aleger-xr-500-ar-imagem-termica-sonar-e-camara-de-48mp-kopie\/#primaryimage\"},\"image\":{\"@id\":\"https:\/\/alegerglobal.com\/pt-pt\/shop-pt-pt\/oculos-inteligentes-aleger-xr-500-ar-imagem-termica-sonar-e-camara-de-48mp-kopie\/#primaryimage\"},\"thumbnailUrl\":\"https:\/\/alegerglobal.com\/wp-content\/uploads\/2026\/03\/ALEGER-XR800-1.png\",\"datePublished\":\"2026-03-06T13:32:52+00:00\",\"dateModified\":\"2026-03-19T17:57:46+00:00\",\"description\":\"O ALEGER XR 800 \u00e9 um par robusto de \u00f3culos inteligentes AR com ecr\u00e3 duplo, c\u00e2mara de 13MP, localiza\u00e7\u00e3o por GPS, controlo por voz e sistema Android. Ideal para a ind\u00fastria, inspe\u00e7\u00e3o, manuten\u00e7\u00e3o, log\u00edstica e apoio remoto.\",\"breadcrumb\":{\"@id\":\"https:\/\/alegerglobal.com\/pt-pt\/shop-pt-pt\/oculos-inteligentes-aleger-xr-500-ar-imagem-termica-sonar-e-camara-de-48mp-kopie\/#breadcrumb\"},\"inLanguage\":\"pt-PT\",\"potentialAction\":[{\"@type\":\"ReadAction\",\"target\":[\"https:\/\/alegerglobal.com\/pt-pt\/shop-pt-pt\/oculos-inteligentes-aleger-xr-500-ar-imagem-termica-sonar-e-camara-de-48mp-kopie\/\"]}]},{\"@type\":\"ImageObject\",\"inLanguage\":\"pt-PT\",\"@id\":\"https:\/\/alegerglobal.com\/pt-pt\/shop-pt-pt\/oculos-inteligentes-aleger-xr-500-ar-imagem-termica-sonar-e-camara-de-48mp-kopie\/#primaryimage\",\"url\":\"https:\/\/alegerglobal.com\/wp-content\/uploads\/2026\/03\/ALEGER-XR800-1.png\",\"contentUrl\":\"https:\/\/alegerglobal.com\/wp-content\/uploads\/2026\/03\/ALEGER-XR800-1.png\",\"width\":800,\"height\":800},{\"@type\":\"BreadcrumbList\",\"@id\":\"https:\/\/alegerglobal.com\/pt-pt\/shop-pt-pt\/oculos-inteligentes-aleger-xr-500-ar-imagem-termica-sonar-e-camara-de-48mp-kopie\/#breadcrumb\",\"itemListElement\":[{\"@type\":\"ListItem\",\"position\":1,\"name\":\"Home\",\"item\":\"https:\/\/alegerglobal.com\/pt-pt\/novo-pagina-inicial\/\"},{\"@type\":\"ListItem\",\"position\":2,\"name\":\"Produtos\",\"item\":\"https:\/\/alegerglobal.com\/pt-pt\/produtos\/\"},{\"@type\":\"ListItem\",\"position\":3,\"name\":\"\u00d3culos inteligentes ALEGER XR 800 AR &#8211; Ecr\u00e3 de 1080p, c\u00e2mara de 13 MP, GPS e \u00f3culos inteligentes industriais Android\"}]},{\"@type\":\"WebSite\",\"@id\":\"https:\/\/alegerglobal.com\/pt-pt\/#website\",\"url\":\"https:\/\/alegerglobal.com\/pt-pt\/\",\"name\":\"ALEGER \u22c6 Augmented Reality\",\"description\":\"Die besten Augmented Reality (AR) L\u00f6sungen der Welt.\",\"publisher\":{\"@id\":\"https:\/\/alegerglobal.com\/pt-pt\/#organization\"},\"potentialAction\":[{\"@type\":\"SearchAction\",\"target\":{\"@type\":\"EntryPoint\",\"urlTemplate\":\"https:\/\/alegerglobal.com\/pt-pt\/?s={search_term_string}\"},\"query-input\":{\"@type\":\"PropertyValueSpecification\",\"valueRequired\":true,\"valueName\":\"search_term_string\"}}],\"inLanguage\":\"pt-PT\"},{\"@type\":\"Organization\",\"@id\":\"https:\/\/alegerglobal.com\/pt-pt\/#organization\",\"name\":\"ALEGER \u22c6 Augmented Reality\",\"url\":\"https:\/\/alegerglobal.com\/pt-pt\/\",\"logo\":{\"@type\":\"ImageObject\",\"inLanguage\":\"pt-PT\",\"@id\":\"https:\/\/alegerglobal.com\/pt-pt\/#\/schema\/logo\/image\/\",\"url\":\"https:\/\/alegerglobal.com\/wp-content\/uploads\/2020\/12\/aleger-logo-quadrat.jpg\",\"contentUrl\":\"https:\/\/alegerglobal.com\/wp-content\/uploads\/2020\/12\/aleger-logo-quadrat.jpg\",\"width\":200,\"height\":176,\"caption\":\"ALEGER \u22c6 Augmented Reality\"},\"image\":{\"@id\":\"https:\/\/alegerglobal.com\/pt-pt\/#\/schema\/logo\/image\/\"}}]}<\/script>\n<meta property=\"product:brand\" content=\"Getac\" \/>\n<meta property=\"product:price:amount\" content=\"0.00\" \/>\n<meta property=\"product:price:currency\" content=\"EUR\" \/>\n<meta property=\"og:availability\" content=\"instock\" \/>\n<meta property=\"product:availability\" content=\"instock\" \/>\n<meta property=\"product:condition\" content=\"new\" \/>\n<!-- \/ Yoast SEO Premium plugin. -->","yoast_head_json":{"title":"ALEGER XR 800 AR Smart Glasses - \u00d3culos inteligentes industriais Android","description":"O ALEGER XR 800 \u00e9 um par robusto de \u00f3culos inteligentes AR com ecr\u00e3 duplo, c\u00e2mara de 13MP, localiza\u00e7\u00e3o por GPS, controlo por voz e sistema Android. Ideal para a ind\u00fastria, inspe\u00e7\u00e3o, manuten\u00e7\u00e3o, log\u00edstica e apoio remoto.","robots":{"index":"index","follow":"follow","max-snippet":"max-snippet:-1","max-image-preview":"max-image-preview:large","max-video-preview":"max-video-preview:-1"},"og_locale":"pt_PT","og_type":"article","og_title":"\u00d3culos inteligentes ALEGER XR 800 AR - Ecr\u00e3 de 1080p, c\u00e2mara de 13 MP, GPS e \u00f3culos inteligentes industriais Android","og_description":"O ALEGER XR 800 \u00e9 um par robusto de \u00f3culos inteligentes AR com ecr\u00e3 duplo, c\u00e2mara de 13MP, localiza\u00e7\u00e3o por GPS, controlo por voz e sistema Android. Ideal para a ind\u00fastria, inspe\u00e7\u00e3o, manuten\u00e7\u00e3o, log\u00edstica e apoio remoto.","og_url":"https:\/\/alegerglobal.com\/pt-pt\/shop-pt-pt\/oculos-inteligentes-aleger-xr-500-ar-imagem-termica-sonar-e-camara-de-48mp-kopie\/","og_site_name":"ALEGER \u22c6 Augmented Reality","article_modified_time":"2026-03-19T17:57:46+00:00","og_image":[{"width":800,"height":800,"url":"https:\/\/alegerglobal.com\/wp-content\/uploads\/2026\/03\/ALEGER-XR800-1.png","type":"image\/png"}],"twitter_card":"summary_large_image","twitter_misc":{"pre\u00e7o":"","Disponibilidade":"Em stock"},"schema":{"@context":"https:\/\/schema.org","@graph":[{"@type":"WebPage","@id":"https:\/\/alegerglobal.com\/pt-pt\/shop-pt-pt\/oculos-inteligentes-aleger-xr-500-ar-imagem-termica-sonar-e-camara-de-48mp-kopie\/","url":"https:\/\/alegerglobal.com\/pt-pt\/shop-pt-pt\/oculos-inteligentes-aleger-xr-500-ar-imagem-termica-sonar-e-camara-de-48mp-kopie\/","name":"ALEGER XR 800 AR Smart Glasses - \u00d3culos inteligentes industriais Android","isPartOf":{"@id":"https:\/\/alegerglobal.com\/pt-pt\/#website"},"primaryImageOfPage":{"@id":"https:\/\/alegerglobal.com\/pt-pt\/shop-pt-pt\/oculos-inteligentes-aleger-xr-500-ar-imagem-termica-sonar-e-camara-de-48mp-kopie\/#primaryimage"},"image":{"@id":"https:\/\/alegerglobal.com\/pt-pt\/shop-pt-pt\/oculos-inteligentes-aleger-xr-500-ar-imagem-termica-sonar-e-camara-de-48mp-kopie\/#primaryimage"},"thumbnailUrl":"https:\/\/alegerglobal.com\/wp-content\/uploads\/2026\/03\/ALEGER-XR800-1.png","datePublished":"2026-03-06T13:32:52+00:00","dateModified":"2026-03-19T17:57:46+00:00","description":"O ALEGER XR 800 \u00e9 um par robusto de \u00f3culos inteligentes AR com ecr\u00e3 duplo, c\u00e2mara de 13MP, localiza\u00e7\u00e3o por GPS, controlo por voz e sistema Android. Ideal para a ind\u00fastria, inspe\u00e7\u00e3o, manuten\u00e7\u00e3o, log\u00edstica e apoio remoto.","breadcrumb":{"@id":"https:\/\/alegerglobal.com\/pt-pt\/shop-pt-pt\/oculos-inteligentes-aleger-xr-500-ar-imagem-termica-sonar-e-camara-de-48mp-kopie\/#breadcrumb"},"inLanguage":"pt-PT","potentialAction":[{"@type":"ReadAction","target":["https:\/\/alegerglobal.com\/pt-pt\/shop-pt-pt\/oculos-inteligentes-aleger-xr-500-ar-imagem-termica-sonar-e-camara-de-48mp-kopie\/"]}]},{"@type":"ImageObject","inLanguage":"pt-PT","@id":"https:\/\/alegerglobal.com\/pt-pt\/shop-pt-pt\/oculos-inteligentes-aleger-xr-500-ar-imagem-termica-sonar-e-camara-de-48mp-kopie\/#primaryimage","url":"https:\/\/alegerglobal.com\/wp-content\/uploads\/2026\/03\/ALEGER-XR800-1.png","contentUrl":"https:\/\/alegerglobal.com\/wp-content\/uploads\/2026\/03\/ALEGER-XR800-1.png","width":800,"height":800},{"@type":"BreadcrumbList","@id":"https:\/\/alegerglobal.com\/pt-pt\/shop-pt-pt\/oculos-inteligentes-aleger-xr-500-ar-imagem-termica-sonar-e-camara-de-48mp-kopie\/#breadcrumb","itemListElement":[{"@type":"ListItem","position":1,"name":"Home","item":"https:\/\/alegerglobal.com\/pt-pt\/novo-pagina-inicial\/"},{"@type":"ListItem","position":2,"name":"Produtos","item":"https:\/\/alegerglobal.com\/pt-pt\/produtos\/"},{"@type":"ListItem","position":3,"name":"\u00d3culos inteligentes ALEGER XR 800 AR &#8211; Ecr\u00e3 de 1080p, c\u00e2mara de 13 MP, GPS e \u00f3culos inteligentes industriais Android"}]},{"@type":"WebSite","@id":"https:\/\/alegerglobal.com\/pt-pt\/#website","url":"https:\/\/alegerglobal.com\/pt-pt\/","name":"ALEGER \u22c6 Augmented Reality","description":"Die besten Augmented Reality (AR) L\u00f6sungen der Welt.","publisher":{"@id":"https:\/\/alegerglobal.com\/pt-pt\/#organization"},"potentialAction":[{"@type":"SearchAction","target":{"@type":"EntryPoint","urlTemplate":"https:\/\/alegerglobal.com\/pt-pt\/?s={search_term_string}"},"query-input":{"@type":"PropertyValueSpecification","valueRequired":true,"valueName":"search_term_string"}}],"inLanguage":"pt-PT"},{"@type":"Organization","@id":"https:\/\/alegerglobal.com\/pt-pt\/#organization","name":"ALEGER \u22c6 Augmented Reality","url":"https:\/\/alegerglobal.com\/pt-pt\/","logo":{"@type":"ImageObject","inLanguage":"pt-PT","@id":"https:\/\/alegerglobal.com\/pt-pt\/#\/schema\/logo\/image\/","url":"https:\/\/alegerglobal.com\/wp-content\/uploads\/2020\/12\/aleger-logo-quadrat.jpg","contentUrl":"https:\/\/alegerglobal.com\/wp-content\/uploads\/2020\/12\/aleger-logo-quadrat.jpg","width":200,"height":176,"caption":"ALEGER \u22c6 Augmented Reality"},"image":{"@id":"https:\/\/alegerglobal.com\/pt-pt\/#\/schema\/logo\/image\/"}}]},"product_brand":"Getac","product_price_amount":"0.00","product_price_currency":"EUR","og_availability":"instock","product_availability":"instock","product_condition":"new"},"_links":{"self":[{"href":"https:\/\/alegerglobal.com\/pt-pt\/wp-json\/wp\/v2\/product\/53346","targetHints":{"allow":["GET"]}}],"collection":[{"href":"https:\/\/alegerglobal.com\/pt-pt\/wp-json\/wp\/v2\/product"}],"about":[{"href":"https:\/\/alegerglobal.com\/pt-pt\/wp-json\/wp\/v2\/types\/product"}],"replies":[{"embeddable":true,"href":"https:\/\/alegerglobal.com\/pt-pt\/wp-json\/wp\/v2\/comments?post=53346"}],"version-history":[{"count":3,"href":"https:\/\/alegerglobal.com\/pt-pt\/wp-json\/wp\/v2\/product\/53346\/revisions"}],"predecessor-version":[{"id":53945,"href":"https:\/\/alegerglobal.com\/pt-pt\/wp-json\/wp\/v2\/product\/53346\/revisions\/53945"}],"wp:featuredmedia":[{"embeddable":true,"href":"https:\/\/alegerglobal.com\/pt-pt\/wp-json\/wp\/v2\/media\/53358"}],"wp:attachment":[{"href":"https:\/\/alegerglobal.com\/pt-pt\/wp-json\/wp\/v2\/media?parent=53346"}],"wp:term":[{"taxonomy":"product_brand","embeddable":true,"href":"https:\/\/alegerglobal.com\/pt-pt\/wp-json\/wp\/v2\/product_brand?post=53346"},{"taxonomy":"product_cat","embeddable":true,"href":"https:\/\/alegerglobal.com\/pt-pt\/wp-json\/wp\/v2\/product_cat?post=53346"},{"taxonomy":"product_tag","embeddable":true,"href":"https:\/\/alegerglobal.com\/pt-pt\/wp-json\/wp\/v2\/product_tag?post=53346"}],"curies":[{"name":"wp","href":"https:\/\/api.w.org\/{rel}","templated":true}]}}