{"id":53289,"date":"2026-03-06T14:08:34","date_gmt":"2026-03-06T13:08:36","guid":{"rendered":"https:\/\/alegerglobal.com\/?post_type=product&#038;p=53289"},"modified":"2026-03-19T18:57:47","modified_gmt":"2026-03-19T17:57:47","slug":"osmo-nano-camara-de-acao-ultra-leve-4k-para-usar-no-corpo-kopie","status":"publish","type":"product","link":"https:\/\/alegerglobal.com\/pt-pt\/shop-pt-pt\/osmo-nano-camara-de-acao-ultra-leve-4k-para-usar-no-corpo-kopie\/","title":{"rendered":"\u00d3culos inteligentes ALEGER XR 500 AR &#8211; Imagem t\u00e9rmica, sonar e c\u00e2mara de 48MP"},"content":{"rendered":"","protected":false},"excerpt":{"rendered":"<p data-start=\"619\" data-end=\"996\">O <strong data-start=\"623\" data-end=\"640\">ALEGER XR 500<\/strong> \u00e9 um inovador \u00f3culos inteligentes AR que combina sensores de \u00faltima gera\u00e7\u00e3o e tecnologia AI para expandir a tua perce\u00e7\u00e3o. O ecr\u00e3 de realidade aumentada integrado fornece-te informa\u00e7\u00f5es importantes diretamente no teu campo de vis\u00e3o, enquanto m\u00f3dulos poderosos, como uma c\u00e2mara de imagem t\u00e9rmica, um sonar localizador de peixes ou um endosc\u00f3pio, fornecem informa\u00e7\u00f5es adicionais.<\/p>\n<p data-start=\"998\" data-end=\"1361\">O ALEGER XR 500 fornece dados precisos em tempo real e permite trabalhar com as m\u00e3os livres. A c\u00e2mara integrada de 48 MP, o reconhecimento de objectos por IA e o controlo por voz fazem dele uma ferramenta vers\u00e1til de alta tecnologia para profissionais e exploradores.<\/p>\n","protected":false},"featured_media":53304,"comment_status":"open","ping_status":"closed","template":"","meta":{"_acf_changed":false},"product_brand":[],"product_cat":[1187,1162],"product_tag":[],"class_list":{"0":"post-53289","1":"product","2":"type-product","3":"status-publish","4":"has-post-thumbnail","6":"product_cat-oculos-inteligentes","7":"product_cat-shop-pt-pt","8":"pa_hersteller-getac-pt-pt","10":"first","11":"instock","12":"taxable","13":"shipping-taxable","14":"product-type-simple"},"acf":[],"yoast_head":"<!-- This site is optimized with the Yoast SEO Premium plugin v20.10 (Yoast SEO v24.3) - https:\/\/yoast.com\/wordpress\/plugins\/seo\/ -->\n<title>\u00d3culos inteligentes ALEGER XR 500 AR - Imagem t\u00e9rmica e c\u00e2mara de 48MP<\/title>\n<meta name=\"description\" content=\"Os \u00f3culos inteligentes ALEGER XR 500 AR combinam uma c\u00e2mara de 48MP e reconhecimento de IA em \u00f3culos modulares de alta tecnologia. Ideal para inspec\u00e7\u00f5es t\u00e9cnicas - com visor AR e funcionamento m\u00e3os-livres.\" \/>\n<meta name=\"robots\" content=\"index, follow, max-snippet:-1, max-image-preview:large, max-video-preview:-1\" \/>\n<meta property=\"og:locale\" content=\"pt_PT\" \/>\n<meta property=\"og:type\" content=\"article\" \/>\n<meta property=\"og:title\" content=\"\u00d3culos inteligentes ALEGER XR 500 AR - Imagem t\u00e9rmica, sonar e c\u00e2mara de 48MP\" \/>\n<meta property=\"og:description\" content=\"Os \u00f3culos inteligentes ALEGER XR 500 AR combinam uma c\u00e2mara de 48MP e reconhecimento de IA em \u00f3culos modulares de alta tecnologia. Ideal para inspec\u00e7\u00f5es t\u00e9cnicas - com visor AR e funcionamento m\u00e3os-livres.\" \/>\n<meta property=\"og:url\" content=\"https:\/\/alegerglobal.com\/pt-pt\/shop-pt-pt\/osmo-nano-camara-de-acao-ultra-leve-4k-para-usar-no-corpo-kopie\/\" \/>\n<meta property=\"og:site_name\" content=\"ALEGER \u22c6 Augmented Reality\" \/>\n<meta property=\"article:modified_time\" content=\"2026-03-19T17:57:47+00:00\" \/>\n<meta property=\"og:image\" content=\"https:\/\/alegerglobal.com\/wp-content\/uploads\/2026\/03\/ALEGER-XR-500-1.png\" \/>\n\t<meta property=\"og:image:width\" content=\"800\" \/>\n\t<meta property=\"og:image:height\" content=\"800\" \/>\n\t<meta property=\"og:image:type\" content=\"image\/png\" \/>\n<meta name=\"twitter:card\" content=\"summary_large_image\" \/>\n<meta name=\"twitter:label1\" content=\"pre\u00e7o\" \/>\n\t<meta name=\"twitter:data1\" content=\"\" \/>\n\t<meta name=\"twitter:label2\" content=\"Disponibilidade\" \/>\n\t<meta name=\"twitter:data2\" content=\"Em stock\" \/>\n<script type=\"application\/ld+json\" class=\"yoast-schema-graph\">{\"@context\":\"https:\/\/schema.org\",\"@graph\":[{\"@type\":\"WebPage\",\"@id\":\"https:\/\/alegerglobal.com\/pt-pt\/shop-pt-pt\/osmo-nano-camara-de-acao-ultra-leve-4k-para-usar-no-corpo-kopie\/\",\"url\":\"https:\/\/alegerglobal.com\/pt-pt\/shop-pt-pt\/osmo-nano-camara-de-acao-ultra-leve-4k-para-usar-no-corpo-kopie\/\",\"name\":\"\u00d3culos inteligentes ALEGER XR 500 AR - Imagem t\u00e9rmica e c\u00e2mara de 48MP\",\"isPartOf\":{\"@id\":\"https:\/\/alegerglobal.com\/pt-pt\/#website\"},\"primaryImageOfPage\":{\"@id\":\"https:\/\/alegerglobal.com\/pt-pt\/shop-pt-pt\/osmo-nano-camara-de-acao-ultra-leve-4k-para-usar-no-corpo-kopie\/#primaryimage\"},\"image\":{\"@id\":\"https:\/\/alegerglobal.com\/pt-pt\/shop-pt-pt\/osmo-nano-camara-de-acao-ultra-leve-4k-para-usar-no-corpo-kopie\/#primaryimage\"},\"thumbnailUrl\":\"https:\/\/alegerglobal.com\/wp-content\/uploads\/2026\/03\/ALEGER-XR-500-1.png\",\"datePublished\":\"2026-03-06T13:08:36+00:00\",\"dateModified\":\"2026-03-19T17:57:47+00:00\",\"description\":\"Os \u00f3culos inteligentes ALEGER XR 500 AR combinam uma c\u00e2mara de 48MP e reconhecimento de IA em \u00f3culos modulares de alta tecnologia. Ideal para inspec\u00e7\u00f5es t\u00e9cnicas - com visor AR e funcionamento m\u00e3os-livres.\",\"breadcrumb\":{\"@id\":\"https:\/\/alegerglobal.com\/pt-pt\/shop-pt-pt\/osmo-nano-camara-de-acao-ultra-leve-4k-para-usar-no-corpo-kopie\/#breadcrumb\"},\"inLanguage\":\"pt-PT\",\"potentialAction\":[{\"@type\":\"ReadAction\",\"target\":[\"https:\/\/alegerglobal.com\/pt-pt\/shop-pt-pt\/osmo-nano-camara-de-acao-ultra-leve-4k-para-usar-no-corpo-kopie\/\"]}]},{\"@type\":\"ImageObject\",\"inLanguage\":\"pt-PT\",\"@id\":\"https:\/\/alegerglobal.com\/pt-pt\/shop-pt-pt\/osmo-nano-camara-de-acao-ultra-leve-4k-para-usar-no-corpo-kopie\/#primaryimage\",\"url\":\"https:\/\/alegerglobal.com\/wp-content\/uploads\/2026\/03\/ALEGER-XR-500-1.png\",\"contentUrl\":\"https:\/\/alegerglobal.com\/wp-content\/uploads\/2026\/03\/ALEGER-XR-500-1.png\",\"width\":800,\"height\":800},{\"@type\":\"BreadcrumbList\",\"@id\":\"https:\/\/alegerglobal.com\/pt-pt\/shop-pt-pt\/osmo-nano-camara-de-acao-ultra-leve-4k-para-usar-no-corpo-kopie\/#breadcrumb\",\"itemListElement\":[{\"@type\":\"ListItem\",\"position\":1,\"name\":\"Home\",\"item\":\"https:\/\/alegerglobal.com\/pt-pt\/novo-pagina-inicial\/\"},{\"@type\":\"ListItem\",\"position\":2,\"name\":\"Produtos\",\"item\":\"https:\/\/alegerglobal.com\/pt-pt\/produtos\/\"},{\"@type\":\"ListItem\",\"position\":3,\"name\":\"\u00d3culos inteligentes ALEGER XR 500 AR &#8211; Imagem t\u00e9rmica, sonar e c\u00e2mara de 48MP\"}]},{\"@type\":\"WebSite\",\"@id\":\"https:\/\/alegerglobal.com\/pt-pt\/#website\",\"url\":\"https:\/\/alegerglobal.com\/pt-pt\/\",\"name\":\"ALEGER \u22c6 Augmented Reality\",\"description\":\"Die besten Augmented Reality (AR) L\u00f6sungen der Welt.\",\"publisher\":{\"@id\":\"https:\/\/alegerglobal.com\/pt-pt\/#organization\"},\"potentialAction\":[{\"@type\":\"SearchAction\",\"target\":{\"@type\":\"EntryPoint\",\"urlTemplate\":\"https:\/\/alegerglobal.com\/pt-pt\/?s={search_term_string}\"},\"query-input\":{\"@type\":\"PropertyValueSpecification\",\"valueRequired\":true,\"valueName\":\"search_term_string\"}}],\"inLanguage\":\"pt-PT\"},{\"@type\":\"Organization\",\"@id\":\"https:\/\/alegerglobal.com\/pt-pt\/#organization\",\"name\":\"ALEGER \u22c6 Augmented Reality\",\"url\":\"https:\/\/alegerglobal.com\/pt-pt\/\",\"logo\":{\"@type\":\"ImageObject\",\"inLanguage\":\"pt-PT\",\"@id\":\"https:\/\/alegerglobal.com\/pt-pt\/#\/schema\/logo\/image\/\",\"url\":\"https:\/\/alegerglobal.com\/wp-content\/uploads\/2020\/12\/aleger-logo-quadrat.jpg\",\"contentUrl\":\"https:\/\/alegerglobal.com\/wp-content\/uploads\/2020\/12\/aleger-logo-quadrat.jpg\",\"width\":200,\"height\":176,\"caption\":\"ALEGER \u22c6 Augmented Reality\"},\"image\":{\"@id\":\"https:\/\/alegerglobal.com\/pt-pt\/#\/schema\/logo\/image\/\"}}]}<\/script>\n<meta property=\"product:brand\" content=\"Getac\" \/>\n<meta property=\"product:price:amount\" content=\"0.00\" \/>\n<meta property=\"product:price:currency\" content=\"EUR\" \/>\n<meta property=\"og:availability\" content=\"instock\" \/>\n<meta property=\"product:availability\" content=\"instock\" \/>\n<meta property=\"product:condition\" content=\"new\" \/>\n<!-- \/ Yoast SEO Premium plugin. -->","yoast_head_json":{"title":"\u00d3culos inteligentes ALEGER XR 500 AR - Imagem t\u00e9rmica e c\u00e2mara de 48MP","description":"Os \u00f3culos inteligentes ALEGER XR 500 AR combinam uma c\u00e2mara de 48MP e reconhecimento de IA em \u00f3culos modulares de alta tecnologia. Ideal para inspec\u00e7\u00f5es t\u00e9cnicas - com visor AR e funcionamento m\u00e3os-livres.","robots":{"index":"index","follow":"follow","max-snippet":"max-snippet:-1","max-image-preview":"max-image-preview:large","max-video-preview":"max-video-preview:-1"},"og_locale":"pt_PT","og_type":"article","og_title":"\u00d3culos inteligentes ALEGER XR 500 AR - Imagem t\u00e9rmica, sonar e c\u00e2mara de 48MP","og_description":"Os \u00f3culos inteligentes ALEGER XR 500 AR combinam uma c\u00e2mara de 48MP e reconhecimento de IA em \u00f3culos modulares de alta tecnologia. Ideal para inspec\u00e7\u00f5es t\u00e9cnicas - com visor AR e funcionamento m\u00e3os-livres.","og_url":"https:\/\/alegerglobal.com\/pt-pt\/shop-pt-pt\/osmo-nano-camara-de-acao-ultra-leve-4k-para-usar-no-corpo-kopie\/","og_site_name":"ALEGER \u22c6 Augmented Reality","article_modified_time":"2026-03-19T17:57:47+00:00","og_image":[{"width":800,"height":800,"url":"https:\/\/alegerglobal.com\/wp-content\/uploads\/2026\/03\/ALEGER-XR-500-1.png","type":"image\/png"}],"twitter_card":"summary_large_image","twitter_misc":{"pre\u00e7o":"","Disponibilidade":"Em stock"},"schema":{"@context":"https:\/\/schema.org","@graph":[{"@type":"WebPage","@id":"https:\/\/alegerglobal.com\/pt-pt\/shop-pt-pt\/osmo-nano-camara-de-acao-ultra-leve-4k-para-usar-no-corpo-kopie\/","url":"https:\/\/alegerglobal.com\/pt-pt\/shop-pt-pt\/osmo-nano-camara-de-acao-ultra-leve-4k-para-usar-no-corpo-kopie\/","name":"\u00d3culos inteligentes ALEGER XR 500 AR - Imagem t\u00e9rmica e c\u00e2mara de 48MP","isPartOf":{"@id":"https:\/\/alegerglobal.com\/pt-pt\/#website"},"primaryImageOfPage":{"@id":"https:\/\/alegerglobal.com\/pt-pt\/shop-pt-pt\/osmo-nano-camara-de-acao-ultra-leve-4k-para-usar-no-corpo-kopie\/#primaryimage"},"image":{"@id":"https:\/\/alegerglobal.com\/pt-pt\/shop-pt-pt\/osmo-nano-camara-de-acao-ultra-leve-4k-para-usar-no-corpo-kopie\/#primaryimage"},"thumbnailUrl":"https:\/\/alegerglobal.com\/wp-content\/uploads\/2026\/03\/ALEGER-XR-500-1.png","datePublished":"2026-03-06T13:08:36+00:00","dateModified":"2026-03-19T17:57:47+00:00","description":"Os \u00f3culos inteligentes ALEGER XR 500 AR combinam uma c\u00e2mara de 48MP e reconhecimento de IA em \u00f3culos modulares de alta tecnologia. Ideal para inspec\u00e7\u00f5es t\u00e9cnicas - com visor AR e funcionamento m\u00e3os-livres.","breadcrumb":{"@id":"https:\/\/alegerglobal.com\/pt-pt\/shop-pt-pt\/osmo-nano-camara-de-acao-ultra-leve-4k-para-usar-no-corpo-kopie\/#breadcrumb"},"inLanguage":"pt-PT","potentialAction":[{"@type":"ReadAction","target":["https:\/\/alegerglobal.com\/pt-pt\/shop-pt-pt\/osmo-nano-camara-de-acao-ultra-leve-4k-para-usar-no-corpo-kopie\/"]}]},{"@type":"ImageObject","inLanguage":"pt-PT","@id":"https:\/\/alegerglobal.com\/pt-pt\/shop-pt-pt\/osmo-nano-camara-de-acao-ultra-leve-4k-para-usar-no-corpo-kopie\/#primaryimage","url":"https:\/\/alegerglobal.com\/wp-content\/uploads\/2026\/03\/ALEGER-XR-500-1.png","contentUrl":"https:\/\/alegerglobal.com\/wp-content\/uploads\/2026\/03\/ALEGER-XR-500-1.png","width":800,"height":800},{"@type":"BreadcrumbList","@id":"https:\/\/alegerglobal.com\/pt-pt\/shop-pt-pt\/osmo-nano-camara-de-acao-ultra-leve-4k-para-usar-no-corpo-kopie\/#breadcrumb","itemListElement":[{"@type":"ListItem","position":1,"name":"Home","item":"https:\/\/alegerglobal.com\/pt-pt\/novo-pagina-inicial\/"},{"@type":"ListItem","position":2,"name":"Produtos","item":"https:\/\/alegerglobal.com\/pt-pt\/produtos\/"},{"@type":"ListItem","position":3,"name":"\u00d3culos inteligentes ALEGER XR 500 AR &#8211; Imagem t\u00e9rmica, sonar e c\u00e2mara de 48MP"}]},{"@type":"WebSite","@id":"https:\/\/alegerglobal.com\/pt-pt\/#website","url":"https:\/\/alegerglobal.com\/pt-pt\/","name":"ALEGER \u22c6 Augmented Reality","description":"Die besten Augmented Reality (AR) L\u00f6sungen der Welt.","publisher":{"@id":"https:\/\/alegerglobal.com\/pt-pt\/#organization"},"potentialAction":[{"@type":"SearchAction","target":{"@type":"EntryPoint","urlTemplate":"https:\/\/alegerglobal.com\/pt-pt\/?s={search_term_string}"},"query-input":{"@type":"PropertyValueSpecification","valueRequired":true,"valueName":"search_term_string"}}],"inLanguage":"pt-PT"},{"@type":"Organization","@id":"https:\/\/alegerglobal.com\/pt-pt\/#organization","name":"ALEGER \u22c6 Augmented Reality","url":"https:\/\/alegerglobal.com\/pt-pt\/","logo":{"@type":"ImageObject","inLanguage":"pt-PT","@id":"https:\/\/alegerglobal.com\/pt-pt\/#\/schema\/logo\/image\/","url":"https:\/\/alegerglobal.com\/wp-content\/uploads\/2020\/12\/aleger-logo-quadrat.jpg","contentUrl":"https:\/\/alegerglobal.com\/wp-content\/uploads\/2020\/12\/aleger-logo-quadrat.jpg","width":200,"height":176,"caption":"ALEGER \u22c6 Augmented Reality"},"image":{"@id":"https:\/\/alegerglobal.com\/pt-pt\/#\/schema\/logo\/image\/"}}]},"product_brand":"Getac","product_price_amount":"0.00","product_price_currency":"EUR","og_availability":"instock","product_availability":"instock","product_condition":"new"},"_links":{"self":[{"href":"https:\/\/alegerglobal.com\/pt-pt\/wp-json\/wp\/v2\/product\/53289","targetHints":{"allow":["GET"]}}],"collection":[{"href":"https:\/\/alegerglobal.com\/pt-pt\/wp-json\/wp\/v2\/product"}],"about":[{"href":"https:\/\/alegerglobal.com\/pt-pt\/wp-json\/wp\/v2\/types\/product"}],"replies":[{"embeddable":true,"href":"https:\/\/alegerglobal.com\/pt-pt\/wp-json\/wp\/v2\/comments?post=53289"}],"version-history":[{"count":3,"href":"https:\/\/alegerglobal.com\/pt-pt\/wp-json\/wp\/v2\/product\/53289\/revisions"}],"predecessor-version":[{"id":53946,"href":"https:\/\/alegerglobal.com\/pt-pt\/wp-json\/wp\/v2\/product\/53289\/revisions\/53946"}],"wp:featuredmedia":[{"embeddable":true,"href":"https:\/\/alegerglobal.com\/pt-pt\/wp-json\/wp\/v2\/media\/53304"}],"wp:attachment":[{"href":"https:\/\/alegerglobal.com\/pt-pt\/wp-json\/wp\/v2\/media?parent=53289"}],"wp:term":[{"taxonomy":"product_brand","embeddable":true,"href":"https:\/\/alegerglobal.com\/pt-pt\/wp-json\/wp\/v2\/product_brand?post=53289"},{"taxonomy":"product_cat","embeddable":true,"href":"https:\/\/alegerglobal.com\/pt-pt\/wp-json\/wp\/v2\/product_cat?post=53289"},{"taxonomy":"product_tag","embeddable":true,"href":"https:\/\/alegerglobal.com\/pt-pt\/wp-json\/wp\/v2\/product_tag?post=53289"}],"curies":[{"name":"wp","href":"https:\/\/api.w.org\/{rel}","templated":true}]}}