{"id":52054,"date":"2026-02-06T09:52:50","date_gmt":"2026-02-06T08:52:52","guid":{"rendered":"https:\/\/alegerglobal.com\/?post_type=product&#038;p=52054"},"modified":"2026-03-19T19:00:40","modified_gmt":"2026-03-19T18:00:40","slug":"realwear-navigator-500-ip66-mil-std-810-4-gb-ram-64-gb-854x480px-bateria-2600-mah-android-11-kopie-kopie","status":"publish","type":"product","link":"https:\/\/alegerglobal.com\/pt-pt\/shop-pt-pt\/oculos-inteligentes\/realwear-navigator-500-ip66-mil-std-810-4-gb-ram-64-gb-854x480px-bateria-2600-mah-android-11-kopie-kopie\/","title":{"rendered":"ALEGER C5000d &#8211; \u00d3culos inteligentes AR topo de gama com ecr\u00e3 de guia de ondas e tecnologia multi-sensor"},"content":{"rendered":"","protected":false},"excerpt":{"rendered":"<h3 data-start=\"704\" data-end=\"787\">C5000D &#8211; \u00d3culos profissionais inteligentes AR para a ind\u00fastria e assist\u00eancia remota<\/h3>\n<p data-start=\"789\" data-end=\"1304\">O <strong data-start=\"793\" data-end=\"811\">ALEGER C5000D<\/strong> \u00e9 um poderoso \u00f3culos de realidade aumentada concebido para aplica\u00e7\u00f5es industriais e de servi\u00e7os exigentes. Combina um <strong data-start=\"962\" data-end=\"988\">ecr\u00e3 OLED<\/strong> de <strong data-start=\"962\" data-end=\"988\">guia de onda<\/strong> de alta resolu\u00e7\u00e3o com uma <strong data-start=\"999\" data-end=\"1012\">c\u00e2mara HD<\/strong>, v\u00e1rias op\u00e7\u00f5es de controlo (voz, gestos, movimentos da cabe\u00e7a) e um design robusto e confort\u00e1vel. Isto torna o C5000D perfeito para <strong data-start=\"1158\" data-end=\"1183\">apoio especializado remoto<\/strong>, instru\u00e7\u00f5es de trabalho digitais, manuten\u00e7\u00e3o, inspe\u00e7\u00e3o e forma\u00e7\u00e3o apoiada por RA.<\/p>\n<p data-start=\"1306\" data-end=\"1812\">Os \u00f3culos apresentam conte\u00fado digital diretamente no campo de vis\u00e3o do utilizador sem obscurecer a vis\u00e3o do ambiente real, o que \u00e9 particularmente importante para aplica\u00e7\u00f5es m\u00e3os-livres na produ\u00e7\u00e3o, log\u00edstica ou assist\u00eancia. A combina\u00e7\u00e3o de visualiza\u00e7\u00e3o de RA, liga\u00e7\u00e3o est\u00e1vel e versatilidade de controlo faz do C5000D uma ferramenta vers\u00e1til para aplica\u00e7\u00f5es da Ind\u00fastria 4.0 em que as informa\u00e7\u00f5es, os documentos ou os conhecimentos especializados t\u00eam de estar dispon\u00edveis diretamente no local.<\/p>\n","protected":false},"featured_media":52075,"comment_status":"open","ping_status":"closed","template":"","meta":{"_acf_changed":false},"product_brand":[],"product_cat":[1187,1162],"product_tag":[],"class_list":{"0":"post-52054","1":"product","2":"type-product","3":"status-publish","4":"has-post-thumbnail","6":"product_cat-oculos-inteligentes","7":"product_cat-shop-pt-pt","8":"pa_hersteller-realwear-pt-pt","10":"first","11":"instock","12":"taxable","13":"shipping-taxable","14":"purchasable","15":"product-type-simple"},"acf":[],"yoast_head":"<!-- This site is optimized with the Yoast SEO Premium plugin v20.10 (Yoast SEO v24.3) - https:\/\/yoast.com\/wordpress\/plugins\/seo\/ -->\n<title>\u00d3culos inteligentes ALEGER 5000D AR<\/title>\n<meta name=\"description\" content=\"Os \u00f3culos inteligentes ALEGER 5000D AR com c\u00e2mara HD, controlo por voz e gestos - ideais para a ind\u00fastria, apoio remoto, manuten\u00e7\u00e3o e processos de trabalho digitais.\" \/>\n<meta name=\"robots\" content=\"index, follow, max-snippet:-1, max-image-preview:large, max-video-preview:-1\" \/>\n<meta property=\"og:locale\" content=\"pt_PT\" \/>\n<meta property=\"og:type\" content=\"article\" \/>\n<meta property=\"og:title\" content=\"ALEGER C5000d - \u00d3culos inteligentes AR topo de gama com ecr\u00e3 de guia de ondas e tecnologia multi-sensor\" \/>\n<meta property=\"og:description\" content=\"Os \u00f3culos inteligentes ALEGER 5000D AR com c\u00e2mara HD, controlo por voz e gestos - ideais para a ind\u00fastria, apoio remoto, manuten\u00e7\u00e3o e processos de trabalho digitais.\" \/>\n<meta property=\"og:url\" content=\"https:\/\/alegerglobal.com\/pt-pt\/shop-pt-pt\/oculos-inteligentes\/realwear-navigator-500-ip66-mil-std-810-4-gb-ram-64-gb-854x480px-bateria-2600-mah-android-11-kopie-kopie\/\" \/>\n<meta property=\"og:site_name\" content=\"ALEGER \u22c6 Augmented Reality\" \/>\n<meta property=\"article:modified_time\" content=\"2026-03-19T18:00:40+00:00\" \/>\n<meta property=\"og:image\" content=\"https:\/\/alegerglobal.com\/wp-content\/uploads\/2026\/02\/ALEGER-C5000.png\" \/>\n\t<meta property=\"og:image:width\" content=\"800\" \/>\n\t<meta property=\"og:image:height\" content=\"800\" \/>\n\t<meta property=\"og:image:type\" content=\"image\/png\" \/>\n<meta name=\"twitter:card\" content=\"summary_large_image\" \/>\n<meta name=\"twitter:label1\" content=\"pre\u00e7o\" \/>\n\t<meta name=\"twitter:data1\" content=\"&euro;2.233,31\" \/>\n\t<meta name=\"twitter:label2\" content=\"Disponibilidade\" \/>\n\t<meta name=\"twitter:data2\" content=\"Em stock\" \/>\n<script type=\"application\/ld+json\" class=\"yoast-schema-graph\">{\"@context\":\"https:\/\/schema.org\",\"@graph\":[{\"@type\":\"WebPage\",\"@id\":\"https:\/\/alegerglobal.com\/pt-pt\/shop-pt-pt\/oculos-inteligentes\/realwear-navigator-500-ip66-mil-std-810-4-gb-ram-64-gb-854x480px-bateria-2600-mah-android-11-kopie-kopie\/\",\"url\":\"https:\/\/alegerglobal.com\/pt-pt\/shop-pt-pt\/oculos-inteligentes\/realwear-navigator-500-ip66-mil-std-810-4-gb-ram-64-gb-854x480px-bateria-2600-mah-android-11-kopie-kopie\/\",\"name\":\"\u00d3culos inteligentes ALEGER 5000D AR\",\"isPartOf\":{\"@id\":\"https:\/\/alegerglobal.com\/pt-pt\/#website\"},\"primaryImageOfPage\":{\"@id\":\"https:\/\/alegerglobal.com\/pt-pt\/shop-pt-pt\/oculos-inteligentes\/realwear-navigator-500-ip66-mil-std-810-4-gb-ram-64-gb-854x480px-bateria-2600-mah-android-11-kopie-kopie\/#primaryimage\"},\"image\":{\"@id\":\"https:\/\/alegerglobal.com\/pt-pt\/shop-pt-pt\/oculos-inteligentes\/realwear-navigator-500-ip66-mil-std-810-4-gb-ram-64-gb-854x480px-bateria-2600-mah-android-11-kopie-kopie\/#primaryimage\"},\"thumbnailUrl\":\"https:\/\/alegerglobal.com\/wp-content\/uploads\/2026\/02\/ALEGER-C5000.png\",\"datePublished\":\"2026-02-06T08:52:52+00:00\",\"dateModified\":\"2026-03-19T18:00:40+00:00\",\"description\":\"Os \u00f3culos inteligentes ALEGER 5000D AR com c\u00e2mara HD, controlo por voz e gestos - ideais para a ind\u00fastria, apoio remoto, manuten\u00e7\u00e3o e processos de trabalho digitais.\",\"breadcrumb\":{\"@id\":\"https:\/\/alegerglobal.com\/pt-pt\/shop-pt-pt\/oculos-inteligentes\/realwear-navigator-500-ip66-mil-std-810-4-gb-ram-64-gb-854x480px-bateria-2600-mah-android-11-kopie-kopie\/#breadcrumb\"},\"inLanguage\":\"pt-PT\",\"potentialAction\":[{\"@type\":\"ReadAction\",\"target\":[\"https:\/\/alegerglobal.com\/pt-pt\/shop-pt-pt\/oculos-inteligentes\/realwear-navigator-500-ip66-mil-std-810-4-gb-ram-64-gb-854x480px-bateria-2600-mah-android-11-kopie-kopie\/\"]}]},{\"@type\":\"ImageObject\",\"inLanguage\":\"pt-PT\",\"@id\":\"https:\/\/alegerglobal.com\/pt-pt\/shop-pt-pt\/oculos-inteligentes\/realwear-navigator-500-ip66-mil-std-810-4-gb-ram-64-gb-854x480px-bateria-2600-mah-android-11-kopie-kopie\/#primaryimage\",\"url\":\"https:\/\/alegerglobal.com\/wp-content\/uploads\/2026\/02\/ALEGER-C5000.png\",\"contentUrl\":\"https:\/\/alegerglobal.com\/wp-content\/uploads\/2026\/02\/ALEGER-C5000.png\",\"width\":800,\"height\":800},{\"@type\":\"BreadcrumbList\",\"@id\":\"https:\/\/alegerglobal.com\/pt-pt\/shop-pt-pt\/oculos-inteligentes\/realwear-navigator-500-ip66-mil-std-810-4-gb-ram-64-gb-854x480px-bateria-2600-mah-android-11-kopie-kopie\/#breadcrumb\",\"itemListElement\":[{\"@type\":\"ListItem\",\"position\":1,\"name\":\"Home\",\"item\":\"https:\/\/alegerglobal.com\/pt-pt\/novo-pagina-inicial\/\"},{\"@type\":\"ListItem\",\"position\":2,\"name\":\"Produtos\",\"item\":\"https:\/\/alegerglobal.com\/pt-pt\/produtos\/\"},{\"@type\":\"ListItem\",\"position\":3,\"name\":\"ALEGER C5000d &#8211; \u00d3culos inteligentes AR topo de gama com ecr\u00e3 de guia de ondas e tecnologia multi-sensor\"}]},{\"@type\":\"WebSite\",\"@id\":\"https:\/\/alegerglobal.com\/pt-pt\/#website\",\"url\":\"https:\/\/alegerglobal.com\/pt-pt\/\",\"name\":\"ALEGER \u22c6 Augmented Reality\",\"description\":\"Die besten Augmented Reality (AR) L\u00f6sungen der Welt.\",\"publisher\":{\"@id\":\"https:\/\/alegerglobal.com\/pt-pt\/#organization\"},\"potentialAction\":[{\"@type\":\"SearchAction\",\"target\":{\"@type\":\"EntryPoint\",\"urlTemplate\":\"https:\/\/alegerglobal.com\/pt-pt\/?s={search_term_string}\"},\"query-input\":{\"@type\":\"PropertyValueSpecification\",\"valueRequired\":true,\"valueName\":\"search_term_string\"}}],\"inLanguage\":\"pt-PT\"},{\"@type\":\"Organization\",\"@id\":\"https:\/\/alegerglobal.com\/pt-pt\/#organization\",\"name\":\"ALEGER \u22c6 Augmented Reality\",\"url\":\"https:\/\/alegerglobal.com\/pt-pt\/\",\"logo\":{\"@type\":\"ImageObject\",\"inLanguage\":\"pt-PT\",\"@id\":\"https:\/\/alegerglobal.com\/pt-pt\/#\/schema\/logo\/image\/\",\"url\":\"https:\/\/alegerglobal.com\/wp-content\/uploads\/2020\/12\/aleger-logo-quadrat.jpg\",\"contentUrl\":\"https:\/\/alegerglobal.com\/wp-content\/uploads\/2020\/12\/aleger-logo-quadrat.jpg\",\"width\":200,\"height\":176,\"caption\":\"ALEGER \u22c6 Augmented Reality\"},\"image\":{\"@id\":\"https:\/\/alegerglobal.com\/pt-pt\/#\/schema\/logo\/image\/\"}}]}<\/script>\n<meta property=\"product:brand\" content=\"RealWear\" \/>\n<meta property=\"product:price:amount\" content=\"2233.31\" \/>\n<meta property=\"product:price:currency\" content=\"EUR\" \/>\n<meta property=\"og:availability\" content=\"instock\" \/>\n<meta property=\"product:availability\" content=\"instock\" \/>\n<meta property=\"product:condition\" content=\"new\" \/>\n<!-- \/ Yoast SEO Premium plugin. -->","yoast_head_json":{"title":"\u00d3culos inteligentes ALEGER 5000D AR","description":"Os \u00f3culos inteligentes ALEGER 5000D AR com c\u00e2mara HD, controlo por voz e gestos - ideais para a ind\u00fastria, apoio remoto, manuten\u00e7\u00e3o e processos de trabalho digitais.","robots":{"index":"index","follow":"follow","max-snippet":"max-snippet:-1","max-image-preview":"max-image-preview:large","max-video-preview":"max-video-preview:-1"},"og_locale":"pt_PT","og_type":"article","og_title":"ALEGER C5000d - \u00d3culos inteligentes AR topo de gama com ecr\u00e3 de guia de ondas e tecnologia multi-sensor","og_description":"Os \u00f3culos inteligentes ALEGER 5000D AR com c\u00e2mara HD, controlo por voz e gestos - ideais para a ind\u00fastria, apoio remoto, manuten\u00e7\u00e3o e processos de trabalho digitais.","og_url":"https:\/\/alegerglobal.com\/pt-pt\/shop-pt-pt\/oculos-inteligentes\/realwear-navigator-500-ip66-mil-std-810-4-gb-ram-64-gb-854x480px-bateria-2600-mah-android-11-kopie-kopie\/","og_site_name":"ALEGER \u22c6 Augmented Reality","article_modified_time":"2026-03-19T18:00:40+00:00","og_image":[{"width":800,"height":800,"url":"https:\/\/alegerglobal.com\/wp-content\/uploads\/2026\/02\/ALEGER-C5000.png","type":"image\/png"}],"twitter_card":"summary_large_image","twitter_misc":{"pre\u00e7o":"&euro;2.233,31","Disponibilidade":"Em stock"},"schema":{"@context":"https:\/\/schema.org","@graph":[{"@type":"WebPage","@id":"https:\/\/alegerglobal.com\/pt-pt\/shop-pt-pt\/oculos-inteligentes\/realwear-navigator-500-ip66-mil-std-810-4-gb-ram-64-gb-854x480px-bateria-2600-mah-android-11-kopie-kopie\/","url":"https:\/\/alegerglobal.com\/pt-pt\/shop-pt-pt\/oculos-inteligentes\/realwear-navigator-500-ip66-mil-std-810-4-gb-ram-64-gb-854x480px-bateria-2600-mah-android-11-kopie-kopie\/","name":"\u00d3culos inteligentes ALEGER 5000D AR","isPartOf":{"@id":"https:\/\/alegerglobal.com\/pt-pt\/#website"},"primaryImageOfPage":{"@id":"https:\/\/alegerglobal.com\/pt-pt\/shop-pt-pt\/oculos-inteligentes\/realwear-navigator-500-ip66-mil-std-810-4-gb-ram-64-gb-854x480px-bateria-2600-mah-android-11-kopie-kopie\/#primaryimage"},"image":{"@id":"https:\/\/alegerglobal.com\/pt-pt\/shop-pt-pt\/oculos-inteligentes\/realwear-navigator-500-ip66-mil-std-810-4-gb-ram-64-gb-854x480px-bateria-2600-mah-android-11-kopie-kopie\/#primaryimage"},"thumbnailUrl":"https:\/\/alegerglobal.com\/wp-content\/uploads\/2026\/02\/ALEGER-C5000.png","datePublished":"2026-02-06T08:52:52+00:00","dateModified":"2026-03-19T18:00:40+00:00","description":"Os \u00f3culos inteligentes ALEGER 5000D AR com c\u00e2mara HD, controlo por voz e gestos - ideais para a ind\u00fastria, apoio remoto, manuten\u00e7\u00e3o e processos de trabalho digitais.","breadcrumb":{"@id":"https:\/\/alegerglobal.com\/pt-pt\/shop-pt-pt\/oculos-inteligentes\/realwear-navigator-500-ip66-mil-std-810-4-gb-ram-64-gb-854x480px-bateria-2600-mah-android-11-kopie-kopie\/#breadcrumb"},"inLanguage":"pt-PT","potentialAction":[{"@type":"ReadAction","target":["https:\/\/alegerglobal.com\/pt-pt\/shop-pt-pt\/oculos-inteligentes\/realwear-navigator-500-ip66-mil-std-810-4-gb-ram-64-gb-854x480px-bateria-2600-mah-android-11-kopie-kopie\/"]}]},{"@type":"ImageObject","inLanguage":"pt-PT","@id":"https:\/\/alegerglobal.com\/pt-pt\/shop-pt-pt\/oculos-inteligentes\/realwear-navigator-500-ip66-mil-std-810-4-gb-ram-64-gb-854x480px-bateria-2600-mah-android-11-kopie-kopie\/#primaryimage","url":"https:\/\/alegerglobal.com\/wp-content\/uploads\/2026\/02\/ALEGER-C5000.png","contentUrl":"https:\/\/alegerglobal.com\/wp-content\/uploads\/2026\/02\/ALEGER-C5000.png","width":800,"height":800},{"@type":"BreadcrumbList","@id":"https:\/\/alegerglobal.com\/pt-pt\/shop-pt-pt\/oculos-inteligentes\/realwear-navigator-500-ip66-mil-std-810-4-gb-ram-64-gb-854x480px-bateria-2600-mah-android-11-kopie-kopie\/#breadcrumb","itemListElement":[{"@type":"ListItem","position":1,"name":"Home","item":"https:\/\/alegerglobal.com\/pt-pt\/novo-pagina-inicial\/"},{"@type":"ListItem","position":2,"name":"Produtos","item":"https:\/\/alegerglobal.com\/pt-pt\/produtos\/"},{"@type":"ListItem","position":3,"name":"ALEGER C5000d &#8211; \u00d3culos inteligentes AR topo de gama com ecr\u00e3 de guia de ondas e tecnologia multi-sensor"}]},{"@type":"WebSite","@id":"https:\/\/alegerglobal.com\/pt-pt\/#website","url":"https:\/\/alegerglobal.com\/pt-pt\/","name":"ALEGER \u22c6 Augmented Reality","description":"Die besten Augmented Reality (AR) L\u00f6sungen der Welt.","publisher":{"@id":"https:\/\/alegerglobal.com\/pt-pt\/#organization"},"potentialAction":[{"@type":"SearchAction","target":{"@type":"EntryPoint","urlTemplate":"https:\/\/alegerglobal.com\/pt-pt\/?s={search_term_string}"},"query-input":{"@type":"PropertyValueSpecification","valueRequired":true,"valueName":"search_term_string"}}],"inLanguage":"pt-PT"},{"@type":"Organization","@id":"https:\/\/alegerglobal.com\/pt-pt\/#organization","name":"ALEGER \u22c6 Augmented Reality","url":"https:\/\/alegerglobal.com\/pt-pt\/","logo":{"@type":"ImageObject","inLanguage":"pt-PT","@id":"https:\/\/alegerglobal.com\/pt-pt\/#\/schema\/logo\/image\/","url":"https:\/\/alegerglobal.com\/wp-content\/uploads\/2020\/12\/aleger-logo-quadrat.jpg","contentUrl":"https:\/\/alegerglobal.com\/wp-content\/uploads\/2020\/12\/aleger-logo-quadrat.jpg","width":200,"height":176,"caption":"ALEGER \u22c6 Augmented Reality"},"image":{"@id":"https:\/\/alegerglobal.com\/pt-pt\/#\/schema\/logo\/image\/"}}]},"product_brand":"RealWear","product_price_amount":"2233.31","product_price_currency":"EUR","og_availability":"instock","product_availability":"instock","product_condition":"new"},"_links":{"self":[{"href":"https:\/\/alegerglobal.com\/pt-pt\/wp-json\/wp\/v2\/product\/52054","targetHints":{"allow":["GET"]}}],"collection":[{"href":"https:\/\/alegerglobal.com\/pt-pt\/wp-json\/wp\/v2\/product"}],"about":[{"href":"https:\/\/alegerglobal.com\/pt-pt\/wp-json\/wp\/v2\/types\/product"}],"replies":[{"embeddable":true,"href":"https:\/\/alegerglobal.com\/pt-pt\/wp-json\/wp\/v2\/comments?post=52054"}],"version-history":[{"count":3,"href":"https:\/\/alegerglobal.com\/pt-pt\/wp-json\/wp\/v2\/product\/52054\/revisions"}],"predecessor-version":[{"id":53955,"href":"https:\/\/alegerglobal.com\/pt-pt\/wp-json\/wp\/v2\/product\/52054\/revisions\/53955"}],"wp:featuredmedia":[{"embeddable":true,"href":"https:\/\/alegerglobal.com\/pt-pt\/wp-json\/wp\/v2\/media\/52075"}],"wp:attachment":[{"href":"https:\/\/alegerglobal.com\/pt-pt\/wp-json\/wp\/v2\/media?parent=52054"}],"wp:term":[{"taxonomy":"product_brand","embeddable":true,"href":"https:\/\/alegerglobal.com\/pt-pt\/wp-json\/wp\/v2\/product_brand?post=52054"},{"taxonomy":"product_cat","embeddable":true,"href":"https:\/\/alegerglobal.com\/pt-pt\/wp-json\/wp\/v2\/product_cat?post=52054"},{"taxonomy":"product_tag","embeddable":true,"href":"https:\/\/alegerglobal.com\/pt-pt\/wp-json\/wp\/v2\/product_tag?post=52054"}],"curies":[{"name":"wp","href":"https:\/\/api.w.org\/{rel}","templated":true}]}}