{"id":51808,"date":"2025-11-02T15:21:23","date_gmt":"2025-11-02T14:21:26","guid":{"rendered":"https:\/\/alegerglobal.com\/?post_type=product&#038;p=51808"},"modified":"2026-03-19T19:00:36","modified_gmt":"2026-03-19T18:00:36","slug":"getac-zx70-ex-comprimido-protegido-ex-display-atex-zona-2-7-polegadas-android-9-ip67-mil-std-810h-kopie-kopie-kopie-kopie-kopie-kopie-kopie","status":"publish","type":"product","link":"https:\/\/alegerglobal.com\/pt-pt\/shop-pt-pt\/gadgets-pt-pt\/getac-zx70-ex-comprimido-protegido-ex-display-atex-zona-2-7-polegadas-android-9-ip67-mil-std-810h-kopie-kopie-kopie-kopie-kopie-kopie-kopie\/","title":{"rendered":"V\u00ea, encontra, agarra &#8211; o Inspectron Grabber combina c\u00e2mara e ferramenta num s\u00f3 dispositivo"},"content":{"rendered":"","protected":false},"excerpt":{"rendered":"<p data-start=\"524\" data-end=\"995\">O Inspectron Grabber \u00e9 uma ferramenta inovadora que combina inspe\u00e7\u00e3o visual com uma fun\u00e7\u00e3o de recupera\u00e7\u00e3o direta. Em \u00e1reas confinadas e de dif\u00edcil acesso, como motores, tubula\u00e7\u00f5es ou salas de comuta\u00e7\u00e3o, esse dispositivo n\u00e3o s\u00f3 permite a localiza\u00e7\u00e3o de componentes ou objetos, mas tamb\u00e9m sua remo\u00e7\u00e3o direcionada usando uma pin\u00e7a na extremidade da sonda. Deste modo, elimina as desmontagens demoradas e a perda de tempo durante os trabalhos de assist\u00eancia e manuten\u00e7\u00e3o.<\/p>\n<p data-start=\"997\" data-end=\"1425\">Com uma sonda de c\u00e2mara de 18,5 mm de espessura (1 m de comprimento), um LCD a cores de 2,7\u2033, uma resolu\u00e7\u00e3o de imagem de 640\u00d7480, um campo de vis\u00e3o de 80\u00b0, zoom digital e ilumina\u00e7\u00e3o LED de seis n\u00edveis, a pin\u00e7a fornece dados de imagem n\u00edtidos. Assim que o alvo \u00e9 reconhecido, um gesto de disparo na pega estende os &#8220;dentes&#8221; de preens\u00e3o e permite que o objeto seja agarrado. Assim, o dispositivo simplifica os processos de inspe\u00e7\u00e3o, diagn\u00f3stico e recupera\u00e7\u00e3o diretamente no local.<\/p>\n","protected":false},"featured_media":51825,"comment_status":"open","ping_status":"closed","template":"","meta":{"_acf_changed":false},"product_brand":[],"product_cat":[1165,1162],"product_tag":[],"class_list":{"0":"post-51808","1":"product","2":"type-product","3":"status-publish","4":"has-post-thumbnail","6":"product_cat-gadgets-pt-pt","7":"product_cat-shop-pt-pt","8":"pa_hersteller-getac-pt-pt","10":"first","11":"instock","12":"taxable","13":"shipping-taxable","14":"purchasable","15":"product-type-simple"},"acf":[],"yoast_head":"<!-- This site is optimized with the Yoast SEO Premium plugin v20.10 (Yoast SEO v24.3) - https:\/\/yoast.com\/wordpress\/plugins\/seo\/ -->\n<title>Inspectron Grabber - Ferramenta de captura para inspe\u00e7\u00e3o e recupera\u00e7\u00e3o<\/title>\n<meta name=\"description\" content=\"O Inspectron Grabber combina um videosc\u00f3pio e um mecanismo de preens\u00e3o e permite a localiza\u00e7\u00e3o e recupera\u00e7\u00e3o de componentes com base na inspe\u00e7\u00e3o - ideal para tecnologia, manuten\u00e7\u00e3o e repara\u00e7\u00e3o.\" \/>\n<meta name=\"robots\" content=\"index, follow, max-snippet:-1, max-image-preview:large, max-video-preview:-1\" \/>\n<meta property=\"og:locale\" content=\"pt_PT\" \/>\n<meta property=\"og:type\" content=\"article\" \/>\n<meta property=\"og:title\" content=\"V\u00ea, encontra, agarra - o Inspectron Grabber combina c\u00e2mara e ferramenta num s\u00f3 dispositivo\" \/>\n<meta property=\"og:description\" content=\"O Inspectron Grabber combina um videosc\u00f3pio e um mecanismo de preens\u00e3o e permite a localiza\u00e7\u00e3o e recupera\u00e7\u00e3o de componentes com base na inspe\u00e7\u00e3o - ideal para tecnologia, manuten\u00e7\u00e3o e repara\u00e7\u00e3o.\" \/>\n<meta property=\"og:url\" content=\"https:\/\/alegerglobal.com\/pt-pt\/shop-pt-pt\/gadgets-pt-pt\/getac-zx70-ex-comprimido-protegido-ex-display-atex-zona-2-7-polegadas-android-9-ip67-mil-std-810h-kopie-kopie-kopie-kopie-kopie-kopie-kopie\/\" \/>\n<meta property=\"og:site_name\" content=\"ALEGER \u22c6 Augmented Reality\" \/>\n<meta property=\"article:modified_time\" content=\"2026-03-19T18:00:36+00:00\" \/>\n<meta property=\"og:image\" content=\"https:\/\/alegerglobal.com\/wp-content\/uploads\/2025\/11\/inpectron-grabber.png\" \/>\n\t<meta property=\"og:image:width\" content=\"800\" \/>\n\t<meta property=\"og:image:height\" content=\"800\" \/>\n\t<meta property=\"og:image:type\" content=\"image\/png\" \/>\n<meta name=\"twitter:card\" content=\"summary_large_image\" \/>\n<meta name=\"twitter:label1\" content=\"pre\u00e7o\" \/>\n\t<meta name=\"twitter:data1\" content=\"&euro;2.168,99\" \/>\n\t<meta name=\"twitter:label2\" content=\"Disponibilidade\" \/>\n\t<meta name=\"twitter:data2\" content=\"Em stock\" \/>\n<script type=\"application\/ld+json\" class=\"yoast-schema-graph\">{\"@context\":\"https:\/\/schema.org\",\"@graph\":[{\"@type\":\"WebPage\",\"@id\":\"https:\/\/alegerglobal.com\/pt-pt\/shop-pt-pt\/gadgets-pt-pt\/getac-zx70-ex-comprimido-protegido-ex-display-atex-zona-2-7-polegadas-android-9-ip67-mil-std-810h-kopie-kopie-kopie-kopie-kopie-kopie-kopie\/\",\"url\":\"https:\/\/alegerglobal.com\/pt-pt\/shop-pt-pt\/gadgets-pt-pt\/getac-zx70-ex-comprimido-protegido-ex-display-atex-zona-2-7-polegadas-android-9-ip67-mil-std-810h-kopie-kopie-kopie-kopie-kopie-kopie-kopie\/\",\"name\":\"Inspectron Grabber - Ferramenta de captura para inspe\u00e7\u00e3o e recupera\u00e7\u00e3o\",\"isPartOf\":{\"@id\":\"https:\/\/alegerglobal.com\/pt-pt\/#website\"},\"primaryImageOfPage\":{\"@id\":\"https:\/\/alegerglobal.com\/pt-pt\/shop-pt-pt\/gadgets-pt-pt\/getac-zx70-ex-comprimido-protegido-ex-display-atex-zona-2-7-polegadas-android-9-ip67-mil-std-810h-kopie-kopie-kopie-kopie-kopie-kopie-kopie\/#primaryimage\"},\"image\":{\"@id\":\"https:\/\/alegerglobal.com\/pt-pt\/shop-pt-pt\/gadgets-pt-pt\/getac-zx70-ex-comprimido-protegido-ex-display-atex-zona-2-7-polegadas-android-9-ip67-mil-std-810h-kopie-kopie-kopie-kopie-kopie-kopie-kopie\/#primaryimage\"},\"thumbnailUrl\":\"https:\/\/alegerglobal.com\/wp-content\/uploads\/2025\/11\/inpectron-grabber.png\",\"datePublished\":\"2025-11-02T14:21:26+00:00\",\"dateModified\":\"2026-03-19T18:00:36+00:00\",\"description\":\"O Inspectron Grabber combina um videosc\u00f3pio e um mecanismo de preens\u00e3o e permite a localiza\u00e7\u00e3o e recupera\u00e7\u00e3o de componentes com base na inspe\u00e7\u00e3o - ideal para tecnologia, manuten\u00e7\u00e3o e repara\u00e7\u00e3o.\",\"breadcrumb\":{\"@id\":\"https:\/\/alegerglobal.com\/pt-pt\/shop-pt-pt\/gadgets-pt-pt\/getac-zx70-ex-comprimido-protegido-ex-display-atex-zona-2-7-polegadas-android-9-ip67-mil-std-810h-kopie-kopie-kopie-kopie-kopie-kopie-kopie\/#breadcrumb\"},\"inLanguage\":\"pt-PT\",\"potentialAction\":[{\"@type\":\"ReadAction\",\"target\":[\"https:\/\/alegerglobal.com\/pt-pt\/shop-pt-pt\/gadgets-pt-pt\/getac-zx70-ex-comprimido-protegido-ex-display-atex-zona-2-7-polegadas-android-9-ip67-mil-std-810h-kopie-kopie-kopie-kopie-kopie-kopie-kopie\/\"]}]},{\"@type\":\"ImageObject\",\"inLanguage\":\"pt-PT\",\"@id\":\"https:\/\/alegerglobal.com\/pt-pt\/shop-pt-pt\/gadgets-pt-pt\/getac-zx70-ex-comprimido-protegido-ex-display-atex-zona-2-7-polegadas-android-9-ip67-mil-std-810h-kopie-kopie-kopie-kopie-kopie-kopie-kopie\/#primaryimage\",\"url\":\"https:\/\/alegerglobal.com\/wp-content\/uploads\/2025\/11\/inpectron-grabber.png\",\"contentUrl\":\"https:\/\/alegerglobal.com\/wp-content\/uploads\/2025\/11\/inpectron-grabber.png\",\"width\":800,\"height\":800},{\"@type\":\"BreadcrumbList\",\"@id\":\"https:\/\/alegerglobal.com\/pt-pt\/shop-pt-pt\/gadgets-pt-pt\/getac-zx70-ex-comprimido-protegido-ex-display-atex-zona-2-7-polegadas-android-9-ip67-mil-std-810h-kopie-kopie-kopie-kopie-kopie-kopie-kopie\/#breadcrumb\",\"itemListElement\":[{\"@type\":\"ListItem\",\"position\":1,\"name\":\"Home\",\"item\":\"https:\/\/alegerglobal.com\/pt-pt\/novo-pagina-inicial\/\"},{\"@type\":\"ListItem\",\"position\":2,\"name\":\"Produtos\",\"item\":\"https:\/\/alegerglobal.com\/pt-pt\/produtos\/\"},{\"@type\":\"ListItem\",\"position\":3,\"name\":\"V\u00ea, encontra, agarra &#8211; o Inspectron Grabber combina c\u00e2mara e ferramenta num s\u00f3 dispositivo\"}]},{\"@type\":\"WebSite\",\"@id\":\"https:\/\/alegerglobal.com\/pt-pt\/#website\",\"url\":\"https:\/\/alegerglobal.com\/pt-pt\/\",\"name\":\"ALEGER \u22c6 Augmented Reality\",\"description\":\"Die besten Augmented Reality (AR) L\u00f6sungen der Welt.\",\"publisher\":{\"@id\":\"https:\/\/alegerglobal.com\/pt-pt\/#organization\"},\"potentialAction\":[{\"@type\":\"SearchAction\",\"target\":{\"@type\":\"EntryPoint\",\"urlTemplate\":\"https:\/\/alegerglobal.com\/pt-pt\/?s={search_term_string}\"},\"query-input\":{\"@type\":\"PropertyValueSpecification\",\"valueRequired\":true,\"valueName\":\"search_term_string\"}}],\"inLanguage\":\"pt-PT\"},{\"@type\":\"Organization\",\"@id\":\"https:\/\/alegerglobal.com\/pt-pt\/#organization\",\"name\":\"ALEGER \u22c6 Augmented Reality\",\"url\":\"https:\/\/alegerglobal.com\/pt-pt\/\",\"logo\":{\"@type\":\"ImageObject\",\"inLanguage\":\"pt-PT\",\"@id\":\"https:\/\/alegerglobal.com\/pt-pt\/#\/schema\/logo\/image\/\",\"url\":\"https:\/\/alegerglobal.com\/wp-content\/uploads\/2020\/12\/aleger-logo-quadrat.jpg\",\"contentUrl\":\"https:\/\/alegerglobal.com\/wp-content\/uploads\/2020\/12\/aleger-logo-quadrat.jpg\",\"width\":200,\"height\":176,\"caption\":\"ALEGER \u22c6 Augmented Reality\"},\"image\":{\"@id\":\"https:\/\/alegerglobal.com\/pt-pt\/#\/schema\/logo\/image\/\"}}]}<\/script>\n<meta property=\"product:brand\" content=\"Getac\" \/>\n<meta property=\"product:price:amount\" content=\"2168.99\" \/>\n<meta property=\"product:price:currency\" content=\"EUR\" \/>\n<meta property=\"og:availability\" content=\"instock\" \/>\n<meta property=\"product:availability\" content=\"instock\" \/>\n<meta property=\"product:condition\" content=\"new\" \/>\n<!-- \/ Yoast SEO Premium plugin. -->","yoast_head_json":{"title":"Inspectron Grabber - Ferramenta de captura para inspe\u00e7\u00e3o e recupera\u00e7\u00e3o","description":"O Inspectron Grabber combina um videosc\u00f3pio e um mecanismo de preens\u00e3o e permite a localiza\u00e7\u00e3o e recupera\u00e7\u00e3o de componentes com base na inspe\u00e7\u00e3o - ideal para tecnologia, manuten\u00e7\u00e3o e repara\u00e7\u00e3o.","robots":{"index":"index","follow":"follow","max-snippet":"max-snippet:-1","max-image-preview":"max-image-preview:large","max-video-preview":"max-video-preview:-1"},"og_locale":"pt_PT","og_type":"article","og_title":"V\u00ea, encontra, agarra - o Inspectron Grabber combina c\u00e2mara e ferramenta num s\u00f3 dispositivo","og_description":"O Inspectron Grabber combina um videosc\u00f3pio e um mecanismo de preens\u00e3o e permite a localiza\u00e7\u00e3o e recupera\u00e7\u00e3o de componentes com base na inspe\u00e7\u00e3o - ideal para tecnologia, manuten\u00e7\u00e3o e repara\u00e7\u00e3o.","og_url":"https:\/\/alegerglobal.com\/pt-pt\/shop-pt-pt\/gadgets-pt-pt\/getac-zx70-ex-comprimido-protegido-ex-display-atex-zona-2-7-polegadas-android-9-ip67-mil-std-810h-kopie-kopie-kopie-kopie-kopie-kopie-kopie\/","og_site_name":"ALEGER \u22c6 Augmented Reality","article_modified_time":"2026-03-19T18:00:36+00:00","og_image":[{"width":800,"height":800,"url":"https:\/\/alegerglobal.com\/wp-content\/uploads\/2025\/11\/inpectron-grabber.png","type":"image\/png"}],"twitter_card":"summary_large_image","twitter_misc":{"pre\u00e7o":"&euro;2.168,99","Disponibilidade":"Em stock"},"schema":{"@context":"https:\/\/schema.org","@graph":[{"@type":"WebPage","@id":"https:\/\/alegerglobal.com\/pt-pt\/shop-pt-pt\/gadgets-pt-pt\/getac-zx70-ex-comprimido-protegido-ex-display-atex-zona-2-7-polegadas-android-9-ip67-mil-std-810h-kopie-kopie-kopie-kopie-kopie-kopie-kopie\/","url":"https:\/\/alegerglobal.com\/pt-pt\/shop-pt-pt\/gadgets-pt-pt\/getac-zx70-ex-comprimido-protegido-ex-display-atex-zona-2-7-polegadas-android-9-ip67-mil-std-810h-kopie-kopie-kopie-kopie-kopie-kopie-kopie\/","name":"Inspectron Grabber - Ferramenta de captura para inspe\u00e7\u00e3o e recupera\u00e7\u00e3o","isPartOf":{"@id":"https:\/\/alegerglobal.com\/pt-pt\/#website"},"primaryImageOfPage":{"@id":"https:\/\/alegerglobal.com\/pt-pt\/shop-pt-pt\/gadgets-pt-pt\/getac-zx70-ex-comprimido-protegido-ex-display-atex-zona-2-7-polegadas-android-9-ip67-mil-std-810h-kopie-kopie-kopie-kopie-kopie-kopie-kopie\/#primaryimage"},"image":{"@id":"https:\/\/alegerglobal.com\/pt-pt\/shop-pt-pt\/gadgets-pt-pt\/getac-zx70-ex-comprimido-protegido-ex-display-atex-zona-2-7-polegadas-android-9-ip67-mil-std-810h-kopie-kopie-kopie-kopie-kopie-kopie-kopie\/#primaryimage"},"thumbnailUrl":"https:\/\/alegerglobal.com\/wp-content\/uploads\/2025\/11\/inpectron-grabber.png","datePublished":"2025-11-02T14:21:26+00:00","dateModified":"2026-03-19T18:00:36+00:00","description":"O Inspectron Grabber combina um videosc\u00f3pio e um mecanismo de preens\u00e3o e permite a localiza\u00e7\u00e3o e recupera\u00e7\u00e3o de componentes com base na inspe\u00e7\u00e3o - ideal para tecnologia, manuten\u00e7\u00e3o e repara\u00e7\u00e3o.","breadcrumb":{"@id":"https:\/\/alegerglobal.com\/pt-pt\/shop-pt-pt\/gadgets-pt-pt\/getac-zx70-ex-comprimido-protegido-ex-display-atex-zona-2-7-polegadas-android-9-ip67-mil-std-810h-kopie-kopie-kopie-kopie-kopie-kopie-kopie\/#breadcrumb"},"inLanguage":"pt-PT","potentialAction":[{"@type":"ReadAction","target":["https:\/\/alegerglobal.com\/pt-pt\/shop-pt-pt\/gadgets-pt-pt\/getac-zx70-ex-comprimido-protegido-ex-display-atex-zona-2-7-polegadas-android-9-ip67-mil-std-810h-kopie-kopie-kopie-kopie-kopie-kopie-kopie\/"]}]},{"@type":"ImageObject","inLanguage":"pt-PT","@id":"https:\/\/alegerglobal.com\/pt-pt\/shop-pt-pt\/gadgets-pt-pt\/getac-zx70-ex-comprimido-protegido-ex-display-atex-zona-2-7-polegadas-android-9-ip67-mil-std-810h-kopie-kopie-kopie-kopie-kopie-kopie-kopie\/#primaryimage","url":"https:\/\/alegerglobal.com\/wp-content\/uploads\/2025\/11\/inpectron-grabber.png","contentUrl":"https:\/\/alegerglobal.com\/wp-content\/uploads\/2025\/11\/inpectron-grabber.png","width":800,"height":800},{"@type":"BreadcrumbList","@id":"https:\/\/alegerglobal.com\/pt-pt\/shop-pt-pt\/gadgets-pt-pt\/getac-zx70-ex-comprimido-protegido-ex-display-atex-zona-2-7-polegadas-android-9-ip67-mil-std-810h-kopie-kopie-kopie-kopie-kopie-kopie-kopie\/#breadcrumb","itemListElement":[{"@type":"ListItem","position":1,"name":"Home","item":"https:\/\/alegerglobal.com\/pt-pt\/novo-pagina-inicial\/"},{"@type":"ListItem","position":2,"name":"Produtos","item":"https:\/\/alegerglobal.com\/pt-pt\/produtos\/"},{"@type":"ListItem","position":3,"name":"V\u00ea, encontra, agarra &#8211; o Inspectron Grabber combina c\u00e2mara e ferramenta num s\u00f3 dispositivo"}]},{"@type":"WebSite","@id":"https:\/\/alegerglobal.com\/pt-pt\/#website","url":"https:\/\/alegerglobal.com\/pt-pt\/","name":"ALEGER \u22c6 Augmented Reality","description":"Die besten Augmented Reality (AR) L\u00f6sungen der Welt.","publisher":{"@id":"https:\/\/alegerglobal.com\/pt-pt\/#organization"},"potentialAction":[{"@type":"SearchAction","target":{"@type":"EntryPoint","urlTemplate":"https:\/\/alegerglobal.com\/pt-pt\/?s={search_term_string}"},"query-input":{"@type":"PropertyValueSpecification","valueRequired":true,"valueName":"search_term_string"}}],"inLanguage":"pt-PT"},{"@type":"Organization","@id":"https:\/\/alegerglobal.com\/pt-pt\/#organization","name":"ALEGER \u22c6 Augmented Reality","url":"https:\/\/alegerglobal.com\/pt-pt\/","logo":{"@type":"ImageObject","inLanguage":"pt-PT","@id":"https:\/\/alegerglobal.com\/pt-pt\/#\/schema\/logo\/image\/","url":"https:\/\/alegerglobal.com\/wp-content\/uploads\/2020\/12\/aleger-logo-quadrat.jpg","contentUrl":"https:\/\/alegerglobal.com\/wp-content\/uploads\/2020\/12\/aleger-logo-quadrat.jpg","width":200,"height":176,"caption":"ALEGER \u22c6 Augmented Reality"},"image":{"@id":"https:\/\/alegerglobal.com\/pt-pt\/#\/schema\/logo\/image\/"}}]},"product_brand":"Getac","product_price_amount":"2168.99","product_price_currency":"EUR","og_availability":"instock","product_availability":"instock","product_condition":"new"},"_links":{"self":[{"href":"https:\/\/alegerglobal.com\/pt-pt\/wp-json\/wp\/v2\/product\/51808","targetHints":{"allow":["GET"]}}],"collection":[{"href":"https:\/\/alegerglobal.com\/pt-pt\/wp-json\/wp\/v2\/product"}],"about":[{"href":"https:\/\/alegerglobal.com\/pt-pt\/wp-json\/wp\/v2\/types\/product"}],"replies":[{"embeddable":true,"href":"https:\/\/alegerglobal.com\/pt-pt\/wp-json\/wp\/v2\/comments?post=51808"}],"version-history":[{"count":3,"href":"https:\/\/alegerglobal.com\/pt-pt\/wp-json\/wp\/v2\/product\/51808\/revisions"}],"predecessor-version":[{"id":53954,"href":"https:\/\/alegerglobal.com\/pt-pt\/wp-json\/wp\/v2\/product\/51808\/revisions\/53954"}],"wp:featuredmedia":[{"embeddable":true,"href":"https:\/\/alegerglobal.com\/pt-pt\/wp-json\/wp\/v2\/media\/51825"}],"wp:attachment":[{"href":"https:\/\/alegerglobal.com\/pt-pt\/wp-json\/wp\/v2\/media?parent=51808"}],"wp:term":[{"taxonomy":"product_brand","embeddable":true,"href":"https:\/\/alegerglobal.com\/pt-pt\/wp-json\/wp\/v2\/product_brand?post=51808"},{"taxonomy":"product_cat","embeddable":true,"href":"https:\/\/alegerglobal.com\/pt-pt\/wp-json\/wp\/v2\/product_cat?post=51808"},{"taxonomy":"product_tag","embeddable":true,"href":"https:\/\/alegerglobal.com\/pt-pt\/wp-json\/wp\/v2\/product_tag?post=51808"}],"curies":[{"name":"wp","href":"https:\/\/api.w.org\/{rel}","templated":true}]}}