{"id":51766,"date":"2025-11-02T15:12:26","date_gmt":"2025-11-02T14:12:28","guid":{"rendered":"https:\/\/alegerglobal.com\/?post_type=product&#038;p=51766"},"modified":"2026-03-19T19:00:30","modified_gmt":"2026-03-19T18:00:30","slug":"getac-zx70-ex-comprimido-protegido-ex-display-atex-zona-2-7-polegadas-android-9-ip67-mil-std-810h-kopie-kopie-kopie-kopie-kopie-kopie","status":"publish","type":"product","link":"https:\/\/alegerglobal.com\/pt-pt\/shop-pt-pt\/gadgets-pt-pt\/getac-zx70-ex-comprimido-protegido-ex-display-atex-zona-2-7-polegadas-android-9-ip67-mil-std-810h-kopie-kopie-kopie-kopie-kopie-kopie\/","title":{"rendered":"Inspectron WiScope &#8211; C\u00e2mara de inspe\u00e7\u00e3o HD inteligente com WLAN"},"content":{"rendered":"","protected":false},"excerpt":{"rendered":"<p data-start=\"655\" data-end=\"1082\">O Inspectron WiScope \u00e9 um videosc\u00f3pio de alta qualidade, de n\u00edvel industrial, com conetividade Wi-Fi, que foi especialmente desenvolvido para realizar inspec\u00e7\u00f5es de interiores complexas de forma eficiente e digital. Transmite dados de imagem e v\u00eddeo HD em tempo real, suporta a leitura de QR e de c\u00f3digos de barras, bem como OCR, e integra-se perfeitamente no fluxo de trabalho e nas estruturas de apoio remoto. O design robusto com prote\u00e7\u00e3o IP67 e sondas de imagem intercambi\u00e1veis tornam o dispositivo ideal para utiliza\u00e7\u00e3o em ambientes quentes ou \u00e1reas de dif\u00edcil acesso.<\/p>\n","protected":false},"featured_media":51783,"comment_status":"open","ping_status":"closed","template":"","meta":{"_acf_changed":false},"product_brand":[],"product_cat":[1165,1162],"product_tag":[],"class_list":{"0":"post-51766","1":"product","2":"type-product","3":"status-publish","4":"has-post-thumbnail","6":"product_cat-gadgets-pt-pt","7":"product_cat-shop-pt-pt","8":"pa_hersteller-getac-pt-pt","10":"first","11":"instock","12":"taxable","13":"shipping-taxable","14":"purchasable","15":"product-type-simple"},"acf":[],"yoast_head":"<!-- This site is optimized with the Yoast SEO Premium plugin v20.10 (Yoast SEO v24.3) - https:\/\/yoast.com\/wordpress\/plugins\/seo\/ -->\n<title>Inspectron WiScope - videosc\u00f3pio HD WiFi para a ind\u00fastria<\/title>\n<meta name=\"description\" content=\"O Inspectron WiScope \u00e9 um videosc\u00f3pio HD ligado por WiFi com reconhecimento de QR\/c\u00f3digo de barras\/OCR e prote\u00e7\u00e3o IP67 - ideal para inspec\u00e7\u00f5es e documenta\u00e7\u00e3o remotas.\" \/>\n<meta name=\"robots\" content=\"index, follow, max-snippet:-1, max-image-preview:large, max-video-preview:-1\" \/>\n<meta property=\"og:locale\" content=\"pt_PT\" \/>\n<meta property=\"og:type\" content=\"article\" \/>\n<meta property=\"og:title\" content=\"Inspectron WiScope - C\u00e2mara de inspe\u00e7\u00e3o HD inteligente com WLAN\" \/>\n<meta property=\"og:description\" content=\"O Inspectron WiScope \u00e9 um videosc\u00f3pio HD ligado por WiFi com reconhecimento de QR\/c\u00f3digo de barras\/OCR e prote\u00e7\u00e3o IP67 - ideal para inspec\u00e7\u00f5es e documenta\u00e7\u00e3o remotas.\" \/>\n<meta property=\"og:url\" content=\"https:\/\/alegerglobal.com\/pt-pt\/shop-pt-pt\/gadgets-pt-pt\/getac-zx70-ex-comprimido-protegido-ex-display-atex-zona-2-7-polegadas-android-9-ip67-mil-std-810h-kopie-kopie-kopie-kopie-kopie-kopie\/\" \/>\n<meta property=\"og:site_name\" content=\"ALEGER \u22c6 Augmented Reality\" \/>\n<meta property=\"article:modified_time\" content=\"2026-03-19T18:00:30+00:00\" \/>\n<meta property=\"og:image\" content=\"https:\/\/alegerglobal.com\/wp-content\/uploads\/2025\/11\/WiScope.png\" \/>\n\t<meta property=\"og:image:width\" content=\"800\" \/>\n\t<meta property=\"og:image:height\" content=\"800\" \/>\n\t<meta property=\"og:image:type\" content=\"image\/png\" \/>\n<meta name=\"twitter:card\" content=\"summary_large_image\" \/>\n<meta name=\"twitter:label1\" content=\"pre\u00e7o\" \/>\n\t<meta name=\"twitter:data1\" content=\"&euro;2.168,99\" \/>\n\t<meta name=\"twitter:label2\" content=\"Disponibilidade\" \/>\n\t<meta name=\"twitter:data2\" content=\"Em stock\" \/>\n<script type=\"application\/ld+json\" class=\"yoast-schema-graph\">{\"@context\":\"https:\/\/schema.org\",\"@graph\":[{\"@type\":\"WebPage\",\"@id\":\"https:\/\/alegerglobal.com\/pt-pt\/shop-pt-pt\/gadgets-pt-pt\/getac-zx70-ex-comprimido-protegido-ex-display-atex-zona-2-7-polegadas-android-9-ip67-mil-std-810h-kopie-kopie-kopie-kopie-kopie-kopie\/\",\"url\":\"https:\/\/alegerglobal.com\/pt-pt\/shop-pt-pt\/gadgets-pt-pt\/getac-zx70-ex-comprimido-protegido-ex-display-atex-zona-2-7-polegadas-android-9-ip67-mil-std-810h-kopie-kopie-kopie-kopie-kopie-kopie\/\",\"name\":\"Inspectron WiScope - videosc\u00f3pio HD WiFi para a ind\u00fastria\",\"isPartOf\":{\"@id\":\"https:\/\/alegerglobal.com\/pt-pt\/#website\"},\"primaryImageOfPage\":{\"@id\":\"https:\/\/alegerglobal.com\/pt-pt\/shop-pt-pt\/gadgets-pt-pt\/getac-zx70-ex-comprimido-protegido-ex-display-atex-zona-2-7-polegadas-android-9-ip67-mil-std-810h-kopie-kopie-kopie-kopie-kopie-kopie\/#primaryimage\"},\"image\":{\"@id\":\"https:\/\/alegerglobal.com\/pt-pt\/shop-pt-pt\/gadgets-pt-pt\/getac-zx70-ex-comprimido-protegido-ex-display-atex-zona-2-7-polegadas-android-9-ip67-mil-std-810h-kopie-kopie-kopie-kopie-kopie-kopie\/#primaryimage\"},\"thumbnailUrl\":\"https:\/\/alegerglobal.com\/wp-content\/uploads\/2025\/11\/WiScope.png\",\"datePublished\":\"2025-11-02T14:12:28+00:00\",\"dateModified\":\"2026-03-19T18:00:30+00:00\",\"description\":\"O Inspectron WiScope \u00e9 um videosc\u00f3pio HD ligado por WiFi com reconhecimento de QR\/c\u00f3digo de barras\/OCR e prote\u00e7\u00e3o IP67 - ideal para inspec\u00e7\u00f5es e documenta\u00e7\u00e3o remotas.\",\"breadcrumb\":{\"@id\":\"https:\/\/alegerglobal.com\/pt-pt\/shop-pt-pt\/gadgets-pt-pt\/getac-zx70-ex-comprimido-protegido-ex-display-atex-zona-2-7-polegadas-android-9-ip67-mil-std-810h-kopie-kopie-kopie-kopie-kopie-kopie\/#breadcrumb\"},\"inLanguage\":\"pt-PT\",\"potentialAction\":[{\"@type\":\"ReadAction\",\"target\":[\"https:\/\/alegerglobal.com\/pt-pt\/shop-pt-pt\/gadgets-pt-pt\/getac-zx70-ex-comprimido-protegido-ex-display-atex-zona-2-7-polegadas-android-9-ip67-mil-std-810h-kopie-kopie-kopie-kopie-kopie-kopie\/\"]}]},{\"@type\":\"ImageObject\",\"inLanguage\":\"pt-PT\",\"@id\":\"https:\/\/alegerglobal.com\/pt-pt\/shop-pt-pt\/gadgets-pt-pt\/getac-zx70-ex-comprimido-protegido-ex-display-atex-zona-2-7-polegadas-android-9-ip67-mil-std-810h-kopie-kopie-kopie-kopie-kopie-kopie\/#primaryimage\",\"url\":\"https:\/\/alegerglobal.com\/wp-content\/uploads\/2025\/11\/WiScope.png\",\"contentUrl\":\"https:\/\/alegerglobal.com\/wp-content\/uploads\/2025\/11\/WiScope.png\",\"width\":800,\"height\":800},{\"@type\":\"BreadcrumbList\",\"@id\":\"https:\/\/alegerglobal.com\/pt-pt\/shop-pt-pt\/gadgets-pt-pt\/getac-zx70-ex-comprimido-protegido-ex-display-atex-zona-2-7-polegadas-android-9-ip67-mil-std-810h-kopie-kopie-kopie-kopie-kopie-kopie\/#breadcrumb\",\"itemListElement\":[{\"@type\":\"ListItem\",\"position\":1,\"name\":\"Home\",\"item\":\"https:\/\/alegerglobal.com\/pt-pt\/novo-pagina-inicial\/\"},{\"@type\":\"ListItem\",\"position\":2,\"name\":\"Produtos\",\"item\":\"https:\/\/alegerglobal.com\/pt-pt\/produtos\/\"},{\"@type\":\"ListItem\",\"position\":3,\"name\":\"Inspectron WiScope &#8211; C\u00e2mara de inspe\u00e7\u00e3o HD inteligente com WLAN\"}]},{\"@type\":\"WebSite\",\"@id\":\"https:\/\/alegerglobal.com\/pt-pt\/#website\",\"url\":\"https:\/\/alegerglobal.com\/pt-pt\/\",\"name\":\"ALEGER \u22c6 Augmented Reality\",\"description\":\"Die besten Augmented Reality (AR) L\u00f6sungen der Welt.\",\"publisher\":{\"@id\":\"https:\/\/alegerglobal.com\/pt-pt\/#organization\"},\"potentialAction\":[{\"@type\":\"SearchAction\",\"target\":{\"@type\":\"EntryPoint\",\"urlTemplate\":\"https:\/\/alegerglobal.com\/pt-pt\/?s={search_term_string}\"},\"query-input\":{\"@type\":\"PropertyValueSpecification\",\"valueRequired\":true,\"valueName\":\"search_term_string\"}}],\"inLanguage\":\"pt-PT\"},{\"@type\":\"Organization\",\"@id\":\"https:\/\/alegerglobal.com\/pt-pt\/#organization\",\"name\":\"ALEGER \u22c6 Augmented Reality\",\"url\":\"https:\/\/alegerglobal.com\/pt-pt\/\",\"logo\":{\"@type\":\"ImageObject\",\"inLanguage\":\"pt-PT\",\"@id\":\"https:\/\/alegerglobal.com\/pt-pt\/#\/schema\/logo\/image\/\",\"url\":\"https:\/\/alegerglobal.com\/wp-content\/uploads\/2020\/12\/aleger-logo-quadrat.jpg\",\"contentUrl\":\"https:\/\/alegerglobal.com\/wp-content\/uploads\/2020\/12\/aleger-logo-quadrat.jpg\",\"width\":200,\"height\":176,\"caption\":\"ALEGER \u22c6 Augmented Reality\"},\"image\":{\"@id\":\"https:\/\/alegerglobal.com\/pt-pt\/#\/schema\/logo\/image\/\"}}]}<\/script>\n<meta property=\"product:brand\" content=\"Getac\" \/>\n<meta property=\"product:price:amount\" content=\"2168.99\" \/>\n<meta property=\"product:price:currency\" content=\"EUR\" \/>\n<meta property=\"og:availability\" content=\"instock\" \/>\n<meta property=\"product:availability\" content=\"instock\" \/>\n<meta property=\"product:condition\" content=\"new\" \/>\n<!-- \/ Yoast SEO Premium plugin. -->","yoast_head_json":{"title":"Inspectron WiScope - videosc\u00f3pio HD WiFi para a ind\u00fastria","description":"O Inspectron WiScope \u00e9 um videosc\u00f3pio HD ligado por WiFi com reconhecimento de QR\/c\u00f3digo de barras\/OCR e prote\u00e7\u00e3o IP67 - ideal para inspec\u00e7\u00f5es e documenta\u00e7\u00e3o remotas.","robots":{"index":"index","follow":"follow","max-snippet":"max-snippet:-1","max-image-preview":"max-image-preview:large","max-video-preview":"max-video-preview:-1"},"og_locale":"pt_PT","og_type":"article","og_title":"Inspectron WiScope - C\u00e2mara de inspe\u00e7\u00e3o HD inteligente com WLAN","og_description":"O Inspectron WiScope \u00e9 um videosc\u00f3pio HD ligado por WiFi com reconhecimento de QR\/c\u00f3digo de barras\/OCR e prote\u00e7\u00e3o IP67 - ideal para inspec\u00e7\u00f5es e documenta\u00e7\u00e3o remotas.","og_url":"https:\/\/alegerglobal.com\/pt-pt\/shop-pt-pt\/gadgets-pt-pt\/getac-zx70-ex-comprimido-protegido-ex-display-atex-zona-2-7-polegadas-android-9-ip67-mil-std-810h-kopie-kopie-kopie-kopie-kopie-kopie\/","og_site_name":"ALEGER \u22c6 Augmented Reality","article_modified_time":"2026-03-19T18:00:30+00:00","og_image":[{"width":800,"height":800,"url":"https:\/\/alegerglobal.com\/wp-content\/uploads\/2025\/11\/WiScope.png","type":"image\/png"}],"twitter_card":"summary_large_image","twitter_misc":{"pre\u00e7o":"&euro;2.168,99","Disponibilidade":"Em stock"},"schema":{"@context":"https:\/\/schema.org","@graph":[{"@type":"WebPage","@id":"https:\/\/alegerglobal.com\/pt-pt\/shop-pt-pt\/gadgets-pt-pt\/getac-zx70-ex-comprimido-protegido-ex-display-atex-zona-2-7-polegadas-android-9-ip67-mil-std-810h-kopie-kopie-kopie-kopie-kopie-kopie\/","url":"https:\/\/alegerglobal.com\/pt-pt\/shop-pt-pt\/gadgets-pt-pt\/getac-zx70-ex-comprimido-protegido-ex-display-atex-zona-2-7-polegadas-android-9-ip67-mil-std-810h-kopie-kopie-kopie-kopie-kopie-kopie\/","name":"Inspectron WiScope - videosc\u00f3pio HD WiFi para a ind\u00fastria","isPartOf":{"@id":"https:\/\/alegerglobal.com\/pt-pt\/#website"},"primaryImageOfPage":{"@id":"https:\/\/alegerglobal.com\/pt-pt\/shop-pt-pt\/gadgets-pt-pt\/getac-zx70-ex-comprimido-protegido-ex-display-atex-zona-2-7-polegadas-android-9-ip67-mil-std-810h-kopie-kopie-kopie-kopie-kopie-kopie\/#primaryimage"},"image":{"@id":"https:\/\/alegerglobal.com\/pt-pt\/shop-pt-pt\/gadgets-pt-pt\/getac-zx70-ex-comprimido-protegido-ex-display-atex-zona-2-7-polegadas-android-9-ip67-mil-std-810h-kopie-kopie-kopie-kopie-kopie-kopie\/#primaryimage"},"thumbnailUrl":"https:\/\/alegerglobal.com\/wp-content\/uploads\/2025\/11\/WiScope.png","datePublished":"2025-11-02T14:12:28+00:00","dateModified":"2026-03-19T18:00:30+00:00","description":"O Inspectron WiScope \u00e9 um videosc\u00f3pio HD ligado por WiFi com reconhecimento de QR\/c\u00f3digo de barras\/OCR e prote\u00e7\u00e3o IP67 - ideal para inspec\u00e7\u00f5es e documenta\u00e7\u00e3o remotas.","breadcrumb":{"@id":"https:\/\/alegerglobal.com\/pt-pt\/shop-pt-pt\/gadgets-pt-pt\/getac-zx70-ex-comprimido-protegido-ex-display-atex-zona-2-7-polegadas-android-9-ip67-mil-std-810h-kopie-kopie-kopie-kopie-kopie-kopie\/#breadcrumb"},"inLanguage":"pt-PT","potentialAction":[{"@type":"ReadAction","target":["https:\/\/alegerglobal.com\/pt-pt\/shop-pt-pt\/gadgets-pt-pt\/getac-zx70-ex-comprimido-protegido-ex-display-atex-zona-2-7-polegadas-android-9-ip67-mil-std-810h-kopie-kopie-kopie-kopie-kopie-kopie\/"]}]},{"@type":"ImageObject","inLanguage":"pt-PT","@id":"https:\/\/alegerglobal.com\/pt-pt\/shop-pt-pt\/gadgets-pt-pt\/getac-zx70-ex-comprimido-protegido-ex-display-atex-zona-2-7-polegadas-android-9-ip67-mil-std-810h-kopie-kopie-kopie-kopie-kopie-kopie\/#primaryimage","url":"https:\/\/alegerglobal.com\/wp-content\/uploads\/2025\/11\/WiScope.png","contentUrl":"https:\/\/alegerglobal.com\/wp-content\/uploads\/2025\/11\/WiScope.png","width":800,"height":800},{"@type":"BreadcrumbList","@id":"https:\/\/alegerglobal.com\/pt-pt\/shop-pt-pt\/gadgets-pt-pt\/getac-zx70-ex-comprimido-protegido-ex-display-atex-zona-2-7-polegadas-android-9-ip67-mil-std-810h-kopie-kopie-kopie-kopie-kopie-kopie\/#breadcrumb","itemListElement":[{"@type":"ListItem","position":1,"name":"Home","item":"https:\/\/alegerglobal.com\/pt-pt\/novo-pagina-inicial\/"},{"@type":"ListItem","position":2,"name":"Produtos","item":"https:\/\/alegerglobal.com\/pt-pt\/produtos\/"},{"@type":"ListItem","position":3,"name":"Inspectron WiScope &#8211; C\u00e2mara de inspe\u00e7\u00e3o HD inteligente com WLAN"}]},{"@type":"WebSite","@id":"https:\/\/alegerglobal.com\/pt-pt\/#website","url":"https:\/\/alegerglobal.com\/pt-pt\/","name":"ALEGER \u22c6 Augmented Reality","description":"Die besten Augmented Reality (AR) L\u00f6sungen der Welt.","publisher":{"@id":"https:\/\/alegerglobal.com\/pt-pt\/#organization"},"potentialAction":[{"@type":"SearchAction","target":{"@type":"EntryPoint","urlTemplate":"https:\/\/alegerglobal.com\/pt-pt\/?s={search_term_string}"},"query-input":{"@type":"PropertyValueSpecification","valueRequired":true,"valueName":"search_term_string"}}],"inLanguage":"pt-PT"},{"@type":"Organization","@id":"https:\/\/alegerglobal.com\/pt-pt\/#organization","name":"ALEGER \u22c6 Augmented Reality","url":"https:\/\/alegerglobal.com\/pt-pt\/","logo":{"@type":"ImageObject","inLanguage":"pt-PT","@id":"https:\/\/alegerglobal.com\/pt-pt\/#\/schema\/logo\/image\/","url":"https:\/\/alegerglobal.com\/wp-content\/uploads\/2020\/12\/aleger-logo-quadrat.jpg","contentUrl":"https:\/\/alegerglobal.com\/wp-content\/uploads\/2020\/12\/aleger-logo-quadrat.jpg","width":200,"height":176,"caption":"ALEGER \u22c6 Augmented Reality"},"image":{"@id":"https:\/\/alegerglobal.com\/pt-pt\/#\/schema\/logo\/image\/"}}]},"product_brand":"Getac","product_price_amount":"2168.99","product_price_currency":"EUR","og_availability":"instock","product_availability":"instock","product_condition":"new"},"_links":{"self":[{"href":"https:\/\/alegerglobal.com\/pt-pt\/wp-json\/wp\/v2\/product\/51766","targetHints":{"allow":["GET"]}}],"collection":[{"href":"https:\/\/alegerglobal.com\/pt-pt\/wp-json\/wp\/v2\/product"}],"about":[{"href":"https:\/\/alegerglobal.com\/pt-pt\/wp-json\/wp\/v2\/types\/product"}],"replies":[{"embeddable":true,"href":"https:\/\/alegerglobal.com\/pt-pt\/wp-json\/wp\/v2\/comments?post=51766"}],"version-history":[{"count":3,"href":"https:\/\/alegerglobal.com\/pt-pt\/wp-json\/wp\/v2\/product\/51766\/revisions"}],"predecessor-version":[{"id":53953,"href":"https:\/\/alegerglobal.com\/pt-pt\/wp-json\/wp\/v2\/product\/51766\/revisions\/53953"}],"wp:featuredmedia":[{"embeddable":true,"href":"https:\/\/alegerglobal.com\/pt-pt\/wp-json\/wp\/v2\/media\/51783"}],"wp:attachment":[{"href":"https:\/\/alegerglobal.com\/pt-pt\/wp-json\/wp\/v2\/media?parent=51766"}],"wp:term":[{"taxonomy":"product_brand","embeddable":true,"href":"https:\/\/alegerglobal.com\/pt-pt\/wp-json\/wp\/v2\/product_brand?post=51766"},{"taxonomy":"product_cat","embeddable":true,"href":"https:\/\/alegerglobal.com\/pt-pt\/wp-json\/wp\/v2\/product_cat?post=51766"},{"taxonomy":"product_tag","embeddable":true,"href":"https:\/\/alegerglobal.com\/pt-pt\/wp-json\/wp\/v2\/product_tag?post=51766"}],"curies":[{"name":"wp","href":"https:\/\/api.w.org\/{rel}","templated":true}]}}