{"id":51723,"date":"2025-11-02T15:05:05","date_gmt":"2025-11-02T14:05:07","guid":{"rendered":"https:\/\/alegerglobal.com\/?post_type=product&#038;p=51723"},"modified":"2026-03-19T18:57:54","modified_gmt":"2026-03-19T17:57:54","slug":"getac-zx70-ex-comprimido-protegido-ex-display-atex-zona-2-7-polegadas-android-9-ip67-mil-std-810h-kopie-kopie-kopie-kopie-kopie-2","status":"publish","type":"product","link":"https:\/\/alegerglobal.com\/pt-pt\/shop-pt-pt\/gadgets-pt-pt\/getac-zx70-ex-comprimido-protegido-ex-display-atex-zona-2-7-polegadas-android-9-ip67-mil-std-810h-kopie-kopie-kopie-kopie-kopie-2\/","title":{"rendered":"Inspectron WiTorch &#8211; Lanterna de v\u00eddeo para inspec\u00e7\u00f5es modernas"},"content":{"rendered":"","protected":false},"excerpt":{"rendered":"<p data-start=\"655\" data-end=\"1082\">A Inspectron WiTorch \u00e9 um novo tipo de l\u00e2mpada de inspe\u00e7\u00e3o em um design de tocha, desenvolvida para uso em ambientes de manuten\u00e7\u00e3o e servi\u00e7o exigentes. Combina uma poderosa c\u00e2mara HD, liga\u00e7\u00e3o sem fios atrav\u00e9s de WiFi e reconhecimento de c\u00f3digo de barras\/QR\/OCR integrado. Isto permite fotografias, v\u00eddeos e transmiss\u00f5es em direto diretamente durante a inspe\u00e7\u00e3o &#8211; ideal para casos de servi\u00e7o, apoio remoto e documenta\u00e7\u00e3o.<\/p>\n<p data-start=\"1084\" data-end=\"1402\">Gra\u00e7as \u00e0 sua sa\u00edda de luz de 1000 l\u00famenes, caixa robusta e design ergon\u00f3mico, o WiTorch tamb\u00e9m pode iluminar \u00e1reas de dif\u00edcil acesso e captar dados de imagem e v\u00eddeo ao mesmo tempo. Apoia a comunica\u00e7\u00e3o entre os t\u00e9cnicos que trabalham no local e os peritos remotos, simplificando assim consideravelmente os processos.<\/p>\n","protected":false},"featured_media":51740,"comment_status":"open","ping_status":"closed","template":"","meta":{"_acf_changed":false},"product_brand":[],"product_cat":[1165,1162],"product_tag":[],"class_list":{"0":"post-51723","1":"product","2":"type-product","3":"status-publish","4":"has-post-thumbnail","6":"product_cat-gadgets-pt-pt","7":"product_cat-shop-pt-pt","8":"pa_hersteller-getac-pt-pt","10":"first","11":"instock","12":"taxable","13":"shipping-taxable","14":"purchasable","15":"product-type-simple"},"acf":[],"yoast_head":"<!-- This site is optimized with the Yoast SEO Premium plugin v20.10 (Yoast SEO v24.3) - https:\/\/yoast.com\/wordpress\/plugins\/seo\/ -->\n<title>Inspectron WiTorch - Lanterna de v\u00eddeo HD com WiFi, QR\/c\u00f3digo de barras<\/title>\n<meta name=\"description\" content=\"A Inspectron WiTorch \u00e9 uma lanterna de v\u00eddeo pr\u00e1tica com c\u00e2mara HD, WiFi, prote\u00e7\u00e3o IP54 - perfeita para inspec\u00e7\u00f5es, manuten\u00e7\u00e3o e trabalho remoto de peritos.\" \/>\n<meta name=\"robots\" content=\"index, follow, max-snippet:-1, max-image-preview:large, max-video-preview:-1\" \/>\n<meta property=\"og:locale\" content=\"pt_PT\" \/>\n<meta property=\"og:type\" content=\"article\" \/>\n<meta property=\"og:title\" content=\"Inspectron WiTorch - Lanterna de v\u00eddeo para inspec\u00e7\u00f5es modernas\" \/>\n<meta property=\"og:description\" content=\"A Inspectron WiTorch \u00e9 uma lanterna de v\u00eddeo pr\u00e1tica com c\u00e2mara HD, WiFi, prote\u00e7\u00e3o IP54 - perfeita para inspec\u00e7\u00f5es, manuten\u00e7\u00e3o e trabalho remoto de peritos.\" \/>\n<meta property=\"og:url\" content=\"https:\/\/alegerglobal.com\/pt-pt\/shop-pt-pt\/gadgets-pt-pt\/getac-zx70-ex-comprimido-protegido-ex-display-atex-zona-2-7-polegadas-android-9-ip67-mil-std-810h-kopie-kopie-kopie-kopie-kopie-2\/\" \/>\n<meta property=\"og:site_name\" content=\"ALEGER \u22c6 Augmented Reality\" \/>\n<meta property=\"article:modified_time\" content=\"2026-03-19T17:57:54+00:00\" \/>\n<meta property=\"og:image\" content=\"https:\/\/alegerglobal.com\/wp-content\/uploads\/2025\/11\/WiTorch-Taschenlampe-mit-Kamera.png\" \/>\n\t<meta property=\"og:image:width\" content=\"800\" \/>\n\t<meta property=\"og:image:height\" content=\"800\" \/>\n\t<meta property=\"og:image:type\" content=\"image\/png\" \/>\n<meta name=\"twitter:card\" content=\"summary_large_image\" \/>\n<meta name=\"twitter:label1\" content=\"pre\u00e7o\" \/>\n\t<meta name=\"twitter:data1\" content=\"&euro;2.168,99\" \/>\n\t<meta name=\"twitter:label2\" content=\"Disponibilidade\" \/>\n\t<meta name=\"twitter:data2\" content=\"Em stock\" \/>\n<script type=\"application\/ld+json\" class=\"yoast-schema-graph\">{\"@context\":\"https:\/\/schema.org\",\"@graph\":[{\"@type\":\"WebPage\",\"@id\":\"https:\/\/alegerglobal.com\/pt-pt\/shop-pt-pt\/gadgets-pt-pt\/getac-zx70-ex-comprimido-protegido-ex-display-atex-zona-2-7-polegadas-android-9-ip67-mil-std-810h-kopie-kopie-kopie-kopie-kopie-2\/\",\"url\":\"https:\/\/alegerglobal.com\/pt-pt\/shop-pt-pt\/gadgets-pt-pt\/getac-zx70-ex-comprimido-protegido-ex-display-atex-zona-2-7-polegadas-android-9-ip67-mil-std-810h-kopie-kopie-kopie-kopie-kopie-2\/\",\"name\":\"Inspectron WiTorch - Lanterna de v\u00eddeo HD com WiFi, QR\/c\u00f3digo de barras\",\"isPartOf\":{\"@id\":\"https:\/\/alegerglobal.com\/pt-pt\/#website\"},\"primaryImageOfPage\":{\"@id\":\"https:\/\/alegerglobal.com\/pt-pt\/shop-pt-pt\/gadgets-pt-pt\/getac-zx70-ex-comprimido-protegido-ex-display-atex-zona-2-7-polegadas-android-9-ip67-mil-std-810h-kopie-kopie-kopie-kopie-kopie-2\/#primaryimage\"},\"image\":{\"@id\":\"https:\/\/alegerglobal.com\/pt-pt\/shop-pt-pt\/gadgets-pt-pt\/getac-zx70-ex-comprimido-protegido-ex-display-atex-zona-2-7-polegadas-android-9-ip67-mil-std-810h-kopie-kopie-kopie-kopie-kopie-2\/#primaryimage\"},\"thumbnailUrl\":\"https:\/\/alegerglobal.com\/wp-content\/uploads\/2025\/11\/WiTorch-Taschenlampe-mit-Kamera.png\",\"datePublished\":\"2025-11-02T14:05:07+00:00\",\"dateModified\":\"2026-03-19T17:57:54+00:00\",\"description\":\"A Inspectron WiTorch \u00e9 uma lanterna de v\u00eddeo pr\u00e1tica com c\u00e2mara HD, WiFi, prote\u00e7\u00e3o IP54 - perfeita para inspec\u00e7\u00f5es, manuten\u00e7\u00e3o e trabalho remoto de peritos.\",\"breadcrumb\":{\"@id\":\"https:\/\/alegerglobal.com\/pt-pt\/shop-pt-pt\/gadgets-pt-pt\/getac-zx70-ex-comprimido-protegido-ex-display-atex-zona-2-7-polegadas-android-9-ip67-mil-std-810h-kopie-kopie-kopie-kopie-kopie-2\/#breadcrumb\"},\"inLanguage\":\"pt-PT\",\"potentialAction\":[{\"@type\":\"ReadAction\",\"target\":[\"https:\/\/alegerglobal.com\/pt-pt\/shop-pt-pt\/gadgets-pt-pt\/getac-zx70-ex-comprimido-protegido-ex-display-atex-zona-2-7-polegadas-android-9-ip67-mil-std-810h-kopie-kopie-kopie-kopie-kopie-2\/\"]}]},{\"@type\":\"ImageObject\",\"inLanguage\":\"pt-PT\",\"@id\":\"https:\/\/alegerglobal.com\/pt-pt\/shop-pt-pt\/gadgets-pt-pt\/getac-zx70-ex-comprimido-protegido-ex-display-atex-zona-2-7-polegadas-android-9-ip67-mil-std-810h-kopie-kopie-kopie-kopie-kopie-2\/#primaryimage\",\"url\":\"https:\/\/alegerglobal.com\/wp-content\/uploads\/2025\/11\/WiTorch-Taschenlampe-mit-Kamera.png\",\"contentUrl\":\"https:\/\/alegerglobal.com\/wp-content\/uploads\/2025\/11\/WiTorch-Taschenlampe-mit-Kamera.png\",\"width\":800,\"height\":800},{\"@type\":\"BreadcrumbList\",\"@id\":\"https:\/\/alegerglobal.com\/pt-pt\/shop-pt-pt\/gadgets-pt-pt\/getac-zx70-ex-comprimido-protegido-ex-display-atex-zona-2-7-polegadas-android-9-ip67-mil-std-810h-kopie-kopie-kopie-kopie-kopie-2\/#breadcrumb\",\"itemListElement\":[{\"@type\":\"ListItem\",\"position\":1,\"name\":\"Home\",\"item\":\"https:\/\/alegerglobal.com\/pt-pt\/novo-pagina-inicial\/\"},{\"@type\":\"ListItem\",\"position\":2,\"name\":\"Produtos\",\"item\":\"https:\/\/alegerglobal.com\/pt-pt\/produtos\/\"},{\"@type\":\"ListItem\",\"position\":3,\"name\":\"Inspectron WiTorch &#8211; Lanterna de v\u00eddeo para inspec\u00e7\u00f5es modernas\"}]},{\"@type\":\"WebSite\",\"@id\":\"https:\/\/alegerglobal.com\/pt-pt\/#website\",\"url\":\"https:\/\/alegerglobal.com\/pt-pt\/\",\"name\":\"ALEGER \u22c6 Augmented Reality\",\"description\":\"Die besten Augmented Reality (AR) L\u00f6sungen der Welt.\",\"publisher\":{\"@id\":\"https:\/\/alegerglobal.com\/pt-pt\/#organization\"},\"potentialAction\":[{\"@type\":\"SearchAction\",\"target\":{\"@type\":\"EntryPoint\",\"urlTemplate\":\"https:\/\/alegerglobal.com\/pt-pt\/?s={search_term_string}\"},\"query-input\":{\"@type\":\"PropertyValueSpecification\",\"valueRequired\":true,\"valueName\":\"search_term_string\"}}],\"inLanguage\":\"pt-PT\"},{\"@type\":\"Organization\",\"@id\":\"https:\/\/alegerglobal.com\/pt-pt\/#organization\",\"name\":\"ALEGER \u22c6 Augmented Reality\",\"url\":\"https:\/\/alegerglobal.com\/pt-pt\/\",\"logo\":{\"@type\":\"ImageObject\",\"inLanguage\":\"pt-PT\",\"@id\":\"https:\/\/alegerglobal.com\/pt-pt\/#\/schema\/logo\/image\/\",\"url\":\"https:\/\/alegerglobal.com\/wp-content\/uploads\/2020\/12\/aleger-logo-quadrat.jpg\",\"contentUrl\":\"https:\/\/alegerglobal.com\/wp-content\/uploads\/2020\/12\/aleger-logo-quadrat.jpg\",\"width\":200,\"height\":176,\"caption\":\"ALEGER \u22c6 Augmented Reality\"},\"image\":{\"@id\":\"https:\/\/alegerglobal.com\/pt-pt\/#\/schema\/logo\/image\/\"}}]}<\/script>\n<meta property=\"product:brand\" content=\"Getac\" \/>\n<meta property=\"product:price:amount\" content=\"2168.99\" \/>\n<meta property=\"product:price:currency\" content=\"EUR\" \/>\n<meta property=\"og:availability\" content=\"instock\" \/>\n<meta property=\"product:availability\" content=\"instock\" \/>\n<meta property=\"product:condition\" content=\"new\" \/>\n<!-- \/ Yoast SEO Premium plugin. -->","yoast_head_json":{"title":"Inspectron WiTorch - Lanterna de v\u00eddeo HD com WiFi, QR\/c\u00f3digo de barras","description":"A Inspectron WiTorch \u00e9 uma lanterna de v\u00eddeo pr\u00e1tica com c\u00e2mara HD, WiFi, prote\u00e7\u00e3o IP54 - perfeita para inspec\u00e7\u00f5es, manuten\u00e7\u00e3o e trabalho remoto de peritos.","robots":{"index":"index","follow":"follow","max-snippet":"max-snippet:-1","max-image-preview":"max-image-preview:large","max-video-preview":"max-video-preview:-1"},"og_locale":"pt_PT","og_type":"article","og_title":"Inspectron WiTorch - Lanterna de v\u00eddeo para inspec\u00e7\u00f5es modernas","og_description":"A Inspectron WiTorch \u00e9 uma lanterna de v\u00eddeo pr\u00e1tica com c\u00e2mara HD, WiFi, prote\u00e7\u00e3o IP54 - perfeita para inspec\u00e7\u00f5es, manuten\u00e7\u00e3o e trabalho remoto de peritos.","og_url":"https:\/\/alegerglobal.com\/pt-pt\/shop-pt-pt\/gadgets-pt-pt\/getac-zx70-ex-comprimido-protegido-ex-display-atex-zona-2-7-polegadas-android-9-ip67-mil-std-810h-kopie-kopie-kopie-kopie-kopie-2\/","og_site_name":"ALEGER \u22c6 Augmented Reality","article_modified_time":"2026-03-19T17:57:54+00:00","og_image":[{"width":800,"height":800,"url":"https:\/\/alegerglobal.com\/wp-content\/uploads\/2025\/11\/WiTorch-Taschenlampe-mit-Kamera.png","type":"image\/png"}],"twitter_card":"summary_large_image","twitter_misc":{"pre\u00e7o":"&euro;2.168,99","Disponibilidade":"Em stock"},"schema":{"@context":"https:\/\/schema.org","@graph":[{"@type":"WebPage","@id":"https:\/\/alegerglobal.com\/pt-pt\/shop-pt-pt\/gadgets-pt-pt\/getac-zx70-ex-comprimido-protegido-ex-display-atex-zona-2-7-polegadas-android-9-ip67-mil-std-810h-kopie-kopie-kopie-kopie-kopie-2\/","url":"https:\/\/alegerglobal.com\/pt-pt\/shop-pt-pt\/gadgets-pt-pt\/getac-zx70-ex-comprimido-protegido-ex-display-atex-zona-2-7-polegadas-android-9-ip67-mil-std-810h-kopie-kopie-kopie-kopie-kopie-2\/","name":"Inspectron WiTorch - Lanterna de v\u00eddeo HD com WiFi, QR\/c\u00f3digo de barras","isPartOf":{"@id":"https:\/\/alegerglobal.com\/pt-pt\/#website"},"primaryImageOfPage":{"@id":"https:\/\/alegerglobal.com\/pt-pt\/shop-pt-pt\/gadgets-pt-pt\/getac-zx70-ex-comprimido-protegido-ex-display-atex-zona-2-7-polegadas-android-9-ip67-mil-std-810h-kopie-kopie-kopie-kopie-kopie-2\/#primaryimage"},"image":{"@id":"https:\/\/alegerglobal.com\/pt-pt\/shop-pt-pt\/gadgets-pt-pt\/getac-zx70-ex-comprimido-protegido-ex-display-atex-zona-2-7-polegadas-android-9-ip67-mil-std-810h-kopie-kopie-kopie-kopie-kopie-2\/#primaryimage"},"thumbnailUrl":"https:\/\/alegerglobal.com\/wp-content\/uploads\/2025\/11\/WiTorch-Taschenlampe-mit-Kamera.png","datePublished":"2025-11-02T14:05:07+00:00","dateModified":"2026-03-19T17:57:54+00:00","description":"A Inspectron WiTorch \u00e9 uma lanterna de v\u00eddeo pr\u00e1tica com c\u00e2mara HD, WiFi, prote\u00e7\u00e3o IP54 - perfeita para inspec\u00e7\u00f5es, manuten\u00e7\u00e3o e trabalho remoto de peritos.","breadcrumb":{"@id":"https:\/\/alegerglobal.com\/pt-pt\/shop-pt-pt\/gadgets-pt-pt\/getac-zx70-ex-comprimido-protegido-ex-display-atex-zona-2-7-polegadas-android-9-ip67-mil-std-810h-kopie-kopie-kopie-kopie-kopie-2\/#breadcrumb"},"inLanguage":"pt-PT","potentialAction":[{"@type":"ReadAction","target":["https:\/\/alegerglobal.com\/pt-pt\/shop-pt-pt\/gadgets-pt-pt\/getac-zx70-ex-comprimido-protegido-ex-display-atex-zona-2-7-polegadas-android-9-ip67-mil-std-810h-kopie-kopie-kopie-kopie-kopie-2\/"]}]},{"@type":"ImageObject","inLanguage":"pt-PT","@id":"https:\/\/alegerglobal.com\/pt-pt\/shop-pt-pt\/gadgets-pt-pt\/getac-zx70-ex-comprimido-protegido-ex-display-atex-zona-2-7-polegadas-android-9-ip67-mil-std-810h-kopie-kopie-kopie-kopie-kopie-2\/#primaryimage","url":"https:\/\/alegerglobal.com\/wp-content\/uploads\/2025\/11\/WiTorch-Taschenlampe-mit-Kamera.png","contentUrl":"https:\/\/alegerglobal.com\/wp-content\/uploads\/2025\/11\/WiTorch-Taschenlampe-mit-Kamera.png","width":800,"height":800},{"@type":"BreadcrumbList","@id":"https:\/\/alegerglobal.com\/pt-pt\/shop-pt-pt\/gadgets-pt-pt\/getac-zx70-ex-comprimido-protegido-ex-display-atex-zona-2-7-polegadas-android-9-ip67-mil-std-810h-kopie-kopie-kopie-kopie-kopie-2\/#breadcrumb","itemListElement":[{"@type":"ListItem","position":1,"name":"Home","item":"https:\/\/alegerglobal.com\/pt-pt\/novo-pagina-inicial\/"},{"@type":"ListItem","position":2,"name":"Produtos","item":"https:\/\/alegerglobal.com\/pt-pt\/produtos\/"},{"@type":"ListItem","position":3,"name":"Inspectron WiTorch &#8211; Lanterna de v\u00eddeo para inspec\u00e7\u00f5es modernas"}]},{"@type":"WebSite","@id":"https:\/\/alegerglobal.com\/pt-pt\/#website","url":"https:\/\/alegerglobal.com\/pt-pt\/","name":"ALEGER \u22c6 Augmented Reality","description":"Die besten Augmented Reality (AR) L\u00f6sungen der Welt.","publisher":{"@id":"https:\/\/alegerglobal.com\/pt-pt\/#organization"},"potentialAction":[{"@type":"SearchAction","target":{"@type":"EntryPoint","urlTemplate":"https:\/\/alegerglobal.com\/pt-pt\/?s={search_term_string}"},"query-input":{"@type":"PropertyValueSpecification","valueRequired":true,"valueName":"search_term_string"}}],"inLanguage":"pt-PT"},{"@type":"Organization","@id":"https:\/\/alegerglobal.com\/pt-pt\/#organization","name":"ALEGER \u22c6 Augmented Reality","url":"https:\/\/alegerglobal.com\/pt-pt\/","logo":{"@type":"ImageObject","inLanguage":"pt-PT","@id":"https:\/\/alegerglobal.com\/pt-pt\/#\/schema\/logo\/image\/","url":"https:\/\/alegerglobal.com\/wp-content\/uploads\/2020\/12\/aleger-logo-quadrat.jpg","contentUrl":"https:\/\/alegerglobal.com\/wp-content\/uploads\/2020\/12\/aleger-logo-quadrat.jpg","width":200,"height":176,"caption":"ALEGER \u22c6 Augmented Reality"},"image":{"@id":"https:\/\/alegerglobal.com\/pt-pt\/#\/schema\/logo\/image\/"}}]},"product_brand":"Getac","product_price_amount":"2168.99","product_price_currency":"EUR","og_availability":"instock","product_availability":"instock","product_condition":"new"},"_links":{"self":[{"href":"https:\/\/alegerglobal.com\/pt-pt\/wp-json\/wp\/v2\/product\/51723","targetHints":{"allow":["GET"]}}],"collection":[{"href":"https:\/\/alegerglobal.com\/pt-pt\/wp-json\/wp\/v2\/product"}],"about":[{"href":"https:\/\/alegerglobal.com\/pt-pt\/wp-json\/wp\/v2\/types\/product"}],"replies":[{"embeddable":true,"href":"https:\/\/alegerglobal.com\/pt-pt\/wp-json\/wp\/v2\/comments?post=51723"}],"version-history":[{"count":3,"href":"https:\/\/alegerglobal.com\/pt-pt\/wp-json\/wp\/v2\/product\/51723\/revisions"}],"predecessor-version":[{"id":53948,"href":"https:\/\/alegerglobal.com\/pt-pt\/wp-json\/wp\/v2\/product\/51723\/revisions\/53948"}],"wp:featuredmedia":[{"embeddable":true,"href":"https:\/\/alegerglobal.com\/pt-pt\/wp-json\/wp\/v2\/media\/51740"}],"wp:attachment":[{"href":"https:\/\/alegerglobal.com\/pt-pt\/wp-json\/wp\/v2\/media?parent=51723"}],"wp:term":[{"taxonomy":"product_brand","embeddable":true,"href":"https:\/\/alegerglobal.com\/pt-pt\/wp-json\/wp\/v2\/product_brand?post=51723"},{"taxonomy":"product_cat","embeddable":true,"href":"https:\/\/alegerglobal.com\/pt-pt\/wp-json\/wp\/v2\/product_cat?post=51723"},{"taxonomy":"product_tag","embeddable":true,"href":"https:\/\/alegerglobal.com\/pt-pt\/wp-json\/wp\/v2\/product_tag?post=51723"}],"curies":[{"name":"wp","href":"https:\/\/api.w.org\/{rel}","templated":true}]}}