{"id":51680,"date":"2025-11-02T14:46:04","date_gmt":"2025-11-02T13:46:07","guid":{"rendered":"https:\/\/alegerglobal.com\/?post_type=product&#038;p=51680"},"modified":"2026-03-25T20:21:43","modified_gmt":"2026-03-25T19:21:43","slug":"getac-zx70-ex-comprimido-protegido-ex-display-atex-zona-2-7-polegadas-android-9-ip67-mil-std-810h","status":"publish","type":"product","link":"https:\/\/alegerglobal.com\/pt-pt\/shop-pt-pt\/gadgets-pt-pt\/getac-zx70-ex-comprimido-protegido-ex-display-atex-zona-2-7-polegadas-android-9-ip67-mil-std-810h\/","title":{"rendered":"Inspectron Thermal Camera &#8211; tecnologia de imagem t\u00e9rmica para diagn\u00f3sticos fi\u00e1veis"},"content":{"rendered":"","protected":false},"excerpt":{"rendered":"<p data-start=\"683\" data-end=\"1119\">A C\u00e2mara T\u00e9rmica Inspectron foi desenvolvida para visualizar rapidamente anomalias t\u00e9rmicas, tais como sobreaquecimento, pontes t\u00e9rmicas ou fugas. \u00c9 ideal para utiliza\u00e7\u00e3o na ind\u00fastria, instala\u00e7\u00f5es el\u00e9ctricas, sistemas de aquecimento\/arrefecimento e manuten\u00e7\u00e3o preventiva. Com uma constru\u00e7\u00e3o compacta, um design robusto e sensores de alta qualidade, fornece resultados fi\u00e1veis diretamente no local.<\/p>\n<p data-start=\"1121\" data-end=\"1336\">Os t\u00e9cnicos podem utiliz\u00e1-lo para detetar fus\u00edveis sobreaquecidos, resist\u00eancias de contacto ou elementos de aquecimento avariados &#8211; muito antes da ocorr\u00eancia de um defeito ou de tempo de inatividade.<\/p>\n","protected":false},"featured_media":51697,"comment_status":"open","ping_status":"closed","template":"","meta":{"_acf_changed":false},"product_brand":[],"product_cat":[1165,1162],"product_tag":[],"class_list":{"0":"post-51680","1":"product","2":"type-product","3":"status-publish","4":"has-post-thumbnail","6":"product_cat-gadgets-pt-pt","7":"product_cat-shop-pt-pt","8":"pa_hersteller-getac-pt-pt","10":"first","11":"instock","12":"taxable","13":"shipping-taxable","14":"purchasable","15":"product-type-simple"},"acf":[],"yoast_head":"<!-- This site is optimized with the Yoast SEO Premium plugin v20.10 (Yoast SEO v24.3) - https:\/\/yoast.com\/wordpress\/plugins\/seo\/ -->\n<title>Comprar Uvisan VRProXS - Caixa de carga e desinfe\u00e7\u00e3o UV compacta<\/title>\n<meta name=\"description\" content=\"A C\u00e2mara T\u00e9rmica Inspectron destina-se a testes el\u00e9ctricos, manuten\u00e7\u00e3o e manuten\u00e7\u00e3o preventiva - precisa, robusta, pronta para utiliza\u00e7\u00e3o imediata. Compra agora.\" \/>\n<meta name=\"robots\" content=\"index, follow, max-snippet:-1, max-image-preview:large, max-video-preview:-1\" \/>\n<meta property=\"og:locale\" content=\"pt_PT\" \/>\n<meta property=\"og:type\" content=\"article\" \/>\n<meta property=\"og:title\" content=\"Inspectron Thermal Camera - tecnologia de imagem t\u00e9rmica para diagn\u00f3sticos fi\u00e1veis\" \/>\n<meta property=\"og:description\" content=\"A C\u00e2mara T\u00e9rmica Inspectron destina-se a testes el\u00e9ctricos, manuten\u00e7\u00e3o e manuten\u00e7\u00e3o preventiva - precisa, robusta, pronta para utiliza\u00e7\u00e3o imediata. Compra agora.\" \/>\n<meta property=\"og:url\" content=\"https:\/\/alegerglobal.com\/pt-pt\/shop-pt-pt\/gadgets-pt-pt\/getac-zx70-ex-comprimido-protegido-ex-display-atex-zona-2-7-polegadas-android-9-ip67-mil-std-810h\/\" \/>\n<meta property=\"og:site_name\" content=\"ALEGER \u22c6 Augmented Reality\" \/>\n<meta property=\"article:modified_time\" content=\"2026-03-25T19:21:43+00:00\" \/>\n<meta property=\"og:image\" content=\"https:\/\/alegerglobal.com\/wp-content\/uploads\/2025\/11\/waermebildkamera-inspectron.png\" \/>\n\t<meta property=\"og:image:width\" content=\"800\" \/>\n\t<meta property=\"og:image:height\" content=\"800\" \/>\n\t<meta property=\"og:image:type\" content=\"image\/png\" \/>\n<meta name=\"twitter:card\" content=\"summary_large_image\" \/>\n<meta name=\"twitter:label1\" content=\"pre\u00e7o\" \/>\n\t<meta name=\"twitter:data1\" content=\"&euro;2.168,99\" \/>\n\t<meta name=\"twitter:label2\" content=\"Disponibilidade\" \/>\n\t<meta name=\"twitter:data2\" content=\"Em stock\" \/>\n<script type=\"application\/ld+json\" class=\"yoast-schema-graph\">{\"@context\":\"https:\/\/schema.org\",\"@graph\":[{\"@type\":\"WebPage\",\"@id\":\"https:\/\/alegerglobal.com\/pt-pt\/shop-pt-pt\/gadgets-pt-pt\/getac-zx70-ex-comprimido-protegido-ex-display-atex-zona-2-7-polegadas-android-9-ip67-mil-std-810h\/\",\"url\":\"https:\/\/alegerglobal.com\/pt-pt\/shop-pt-pt\/gadgets-pt-pt\/getac-zx70-ex-comprimido-protegido-ex-display-atex-zona-2-7-polegadas-android-9-ip67-mil-std-810h\/\",\"name\":\"Comprar Uvisan VRProXS - Caixa de carga e desinfe\u00e7\u00e3o UV compacta\",\"isPartOf\":{\"@id\":\"https:\/\/alegerglobal.com\/pt-pt\/#website\"},\"primaryImageOfPage\":{\"@id\":\"https:\/\/alegerglobal.com\/pt-pt\/shop-pt-pt\/gadgets-pt-pt\/getac-zx70-ex-comprimido-protegido-ex-display-atex-zona-2-7-polegadas-android-9-ip67-mil-std-810h\/#primaryimage\"},\"image\":{\"@id\":\"https:\/\/alegerglobal.com\/pt-pt\/shop-pt-pt\/gadgets-pt-pt\/getac-zx70-ex-comprimido-protegido-ex-display-atex-zona-2-7-polegadas-android-9-ip67-mil-std-810h\/#primaryimage\"},\"thumbnailUrl\":\"https:\/\/alegerglobal.com\/wp-content\/uploads\/2025\/11\/waermebildkamera-inspectron.png\",\"datePublished\":\"2025-11-02T13:46:07+00:00\",\"dateModified\":\"2026-03-25T19:21:43+00:00\",\"description\":\"A C\u00e2mara T\u00e9rmica Inspectron destina-se a testes el\u00e9ctricos, manuten\u00e7\u00e3o e manuten\u00e7\u00e3o preventiva - precisa, robusta, pronta para utiliza\u00e7\u00e3o imediata. Compra agora.\",\"breadcrumb\":{\"@id\":\"https:\/\/alegerglobal.com\/pt-pt\/shop-pt-pt\/gadgets-pt-pt\/getac-zx70-ex-comprimido-protegido-ex-display-atex-zona-2-7-polegadas-android-9-ip67-mil-std-810h\/#breadcrumb\"},\"inLanguage\":\"pt-PT\",\"potentialAction\":[{\"@type\":\"ReadAction\",\"target\":[\"https:\/\/alegerglobal.com\/pt-pt\/shop-pt-pt\/gadgets-pt-pt\/getac-zx70-ex-comprimido-protegido-ex-display-atex-zona-2-7-polegadas-android-9-ip67-mil-std-810h\/\"]}]},{\"@type\":\"ImageObject\",\"inLanguage\":\"pt-PT\",\"@id\":\"https:\/\/alegerglobal.com\/pt-pt\/shop-pt-pt\/gadgets-pt-pt\/getac-zx70-ex-comprimido-protegido-ex-display-atex-zona-2-7-polegadas-android-9-ip67-mil-std-810h\/#primaryimage\",\"url\":\"https:\/\/alegerglobal.com\/wp-content\/uploads\/2025\/11\/waermebildkamera-inspectron.png\",\"contentUrl\":\"https:\/\/alegerglobal.com\/wp-content\/uploads\/2025\/11\/waermebildkamera-inspectron.png\",\"width\":800,\"height\":800},{\"@type\":\"BreadcrumbList\",\"@id\":\"https:\/\/alegerglobal.com\/pt-pt\/shop-pt-pt\/gadgets-pt-pt\/getac-zx70-ex-comprimido-protegido-ex-display-atex-zona-2-7-polegadas-android-9-ip67-mil-std-810h\/#breadcrumb\",\"itemListElement\":[{\"@type\":\"ListItem\",\"position\":1,\"name\":\"Home\",\"item\":\"https:\/\/alegerglobal.com\/pt-pt\/novo-pagina-inicial\/\"},{\"@type\":\"ListItem\",\"position\":2,\"name\":\"Produtos\",\"item\":\"https:\/\/alegerglobal.com\/pt-pt\/produtos\/\"},{\"@type\":\"ListItem\",\"position\":3,\"name\":\"Inspectron Thermal Camera &#8211; tecnologia de imagem t\u00e9rmica para diagn\u00f3sticos fi\u00e1veis\"}]},{\"@type\":\"WebSite\",\"@id\":\"https:\/\/alegerglobal.com\/pt-pt\/#website\",\"url\":\"https:\/\/alegerglobal.com\/pt-pt\/\",\"name\":\"ALEGER \u22c6 Augmented Reality\",\"description\":\"Die besten Augmented Reality (AR) L\u00f6sungen der Welt.\",\"publisher\":{\"@id\":\"https:\/\/alegerglobal.com\/pt-pt\/#organization\"},\"potentialAction\":[{\"@type\":\"SearchAction\",\"target\":{\"@type\":\"EntryPoint\",\"urlTemplate\":\"https:\/\/alegerglobal.com\/pt-pt\/?s={search_term_string}\"},\"query-input\":{\"@type\":\"PropertyValueSpecification\",\"valueRequired\":true,\"valueName\":\"search_term_string\"}}],\"inLanguage\":\"pt-PT\"},{\"@type\":\"Organization\",\"@id\":\"https:\/\/alegerglobal.com\/pt-pt\/#organization\",\"name\":\"ALEGER \u22c6 Augmented Reality\",\"url\":\"https:\/\/alegerglobal.com\/pt-pt\/\",\"logo\":{\"@type\":\"ImageObject\",\"inLanguage\":\"pt-PT\",\"@id\":\"https:\/\/alegerglobal.com\/pt-pt\/#\/schema\/logo\/image\/\",\"url\":\"https:\/\/alegerglobal.com\/wp-content\/uploads\/2020\/12\/aleger-logo-quadrat.jpg\",\"contentUrl\":\"https:\/\/alegerglobal.com\/wp-content\/uploads\/2020\/12\/aleger-logo-quadrat.jpg\",\"width\":200,\"height\":176,\"caption\":\"ALEGER \u22c6 Augmented Reality\"},\"image\":{\"@id\":\"https:\/\/alegerglobal.com\/pt-pt\/#\/schema\/logo\/image\/\"}}]}<\/script>\n<meta property=\"product:brand\" content=\"Getac\" \/>\n<meta property=\"product:price:amount\" content=\"2168.99\" \/>\n<meta property=\"product:price:currency\" content=\"EUR\" \/>\n<meta property=\"og:availability\" content=\"instock\" \/>\n<meta property=\"product:availability\" content=\"instock\" \/>\n<meta property=\"product:condition\" content=\"new\" \/>\n<!-- \/ Yoast SEO Premium plugin. -->","yoast_head_json":{"title":"Comprar Uvisan VRProXS - Caixa de carga e desinfe\u00e7\u00e3o UV compacta","description":"A C\u00e2mara T\u00e9rmica Inspectron destina-se a testes el\u00e9ctricos, manuten\u00e7\u00e3o e manuten\u00e7\u00e3o preventiva - precisa, robusta, pronta para utiliza\u00e7\u00e3o imediata. Compra agora.","robots":{"index":"index","follow":"follow","max-snippet":"max-snippet:-1","max-image-preview":"max-image-preview:large","max-video-preview":"max-video-preview:-1"},"og_locale":"pt_PT","og_type":"article","og_title":"Inspectron Thermal Camera - tecnologia de imagem t\u00e9rmica para diagn\u00f3sticos fi\u00e1veis","og_description":"A C\u00e2mara T\u00e9rmica Inspectron destina-se a testes el\u00e9ctricos, manuten\u00e7\u00e3o e manuten\u00e7\u00e3o preventiva - precisa, robusta, pronta para utiliza\u00e7\u00e3o imediata. Compra agora.","og_url":"https:\/\/alegerglobal.com\/pt-pt\/shop-pt-pt\/gadgets-pt-pt\/getac-zx70-ex-comprimido-protegido-ex-display-atex-zona-2-7-polegadas-android-9-ip67-mil-std-810h\/","og_site_name":"ALEGER \u22c6 Augmented Reality","article_modified_time":"2026-03-25T19:21:43+00:00","og_image":[{"width":800,"height":800,"url":"https:\/\/alegerglobal.com\/wp-content\/uploads\/2025\/11\/waermebildkamera-inspectron.png","type":"image\/png"}],"twitter_card":"summary_large_image","twitter_misc":{"pre\u00e7o":"&euro;2.168,99","Disponibilidade":"Em stock"},"schema":{"@context":"https:\/\/schema.org","@graph":[{"@type":"WebPage","@id":"https:\/\/alegerglobal.com\/pt-pt\/shop-pt-pt\/gadgets-pt-pt\/getac-zx70-ex-comprimido-protegido-ex-display-atex-zona-2-7-polegadas-android-9-ip67-mil-std-810h\/","url":"https:\/\/alegerglobal.com\/pt-pt\/shop-pt-pt\/gadgets-pt-pt\/getac-zx70-ex-comprimido-protegido-ex-display-atex-zona-2-7-polegadas-android-9-ip67-mil-std-810h\/","name":"Comprar Uvisan VRProXS - Caixa de carga e desinfe\u00e7\u00e3o UV compacta","isPartOf":{"@id":"https:\/\/alegerglobal.com\/pt-pt\/#website"},"primaryImageOfPage":{"@id":"https:\/\/alegerglobal.com\/pt-pt\/shop-pt-pt\/gadgets-pt-pt\/getac-zx70-ex-comprimido-protegido-ex-display-atex-zona-2-7-polegadas-android-9-ip67-mil-std-810h\/#primaryimage"},"image":{"@id":"https:\/\/alegerglobal.com\/pt-pt\/shop-pt-pt\/gadgets-pt-pt\/getac-zx70-ex-comprimido-protegido-ex-display-atex-zona-2-7-polegadas-android-9-ip67-mil-std-810h\/#primaryimage"},"thumbnailUrl":"https:\/\/alegerglobal.com\/wp-content\/uploads\/2025\/11\/waermebildkamera-inspectron.png","datePublished":"2025-11-02T13:46:07+00:00","dateModified":"2026-03-25T19:21:43+00:00","description":"A C\u00e2mara T\u00e9rmica Inspectron destina-se a testes el\u00e9ctricos, manuten\u00e7\u00e3o e manuten\u00e7\u00e3o preventiva - precisa, robusta, pronta para utiliza\u00e7\u00e3o imediata. Compra agora.","breadcrumb":{"@id":"https:\/\/alegerglobal.com\/pt-pt\/shop-pt-pt\/gadgets-pt-pt\/getac-zx70-ex-comprimido-protegido-ex-display-atex-zona-2-7-polegadas-android-9-ip67-mil-std-810h\/#breadcrumb"},"inLanguage":"pt-PT","potentialAction":[{"@type":"ReadAction","target":["https:\/\/alegerglobal.com\/pt-pt\/shop-pt-pt\/gadgets-pt-pt\/getac-zx70-ex-comprimido-protegido-ex-display-atex-zona-2-7-polegadas-android-9-ip67-mil-std-810h\/"]}]},{"@type":"ImageObject","inLanguage":"pt-PT","@id":"https:\/\/alegerglobal.com\/pt-pt\/shop-pt-pt\/gadgets-pt-pt\/getac-zx70-ex-comprimido-protegido-ex-display-atex-zona-2-7-polegadas-android-9-ip67-mil-std-810h\/#primaryimage","url":"https:\/\/alegerglobal.com\/wp-content\/uploads\/2025\/11\/waermebildkamera-inspectron.png","contentUrl":"https:\/\/alegerglobal.com\/wp-content\/uploads\/2025\/11\/waermebildkamera-inspectron.png","width":800,"height":800},{"@type":"BreadcrumbList","@id":"https:\/\/alegerglobal.com\/pt-pt\/shop-pt-pt\/gadgets-pt-pt\/getac-zx70-ex-comprimido-protegido-ex-display-atex-zona-2-7-polegadas-android-9-ip67-mil-std-810h\/#breadcrumb","itemListElement":[{"@type":"ListItem","position":1,"name":"Home","item":"https:\/\/alegerglobal.com\/pt-pt\/novo-pagina-inicial\/"},{"@type":"ListItem","position":2,"name":"Produtos","item":"https:\/\/alegerglobal.com\/pt-pt\/produtos\/"},{"@type":"ListItem","position":3,"name":"Inspectron Thermal Camera &#8211; tecnologia de imagem t\u00e9rmica para diagn\u00f3sticos fi\u00e1veis"}]},{"@type":"WebSite","@id":"https:\/\/alegerglobal.com\/pt-pt\/#website","url":"https:\/\/alegerglobal.com\/pt-pt\/","name":"ALEGER \u22c6 Augmented Reality","description":"Die besten Augmented Reality (AR) L\u00f6sungen der Welt.","publisher":{"@id":"https:\/\/alegerglobal.com\/pt-pt\/#organization"},"potentialAction":[{"@type":"SearchAction","target":{"@type":"EntryPoint","urlTemplate":"https:\/\/alegerglobal.com\/pt-pt\/?s={search_term_string}"},"query-input":{"@type":"PropertyValueSpecification","valueRequired":true,"valueName":"search_term_string"}}],"inLanguage":"pt-PT"},{"@type":"Organization","@id":"https:\/\/alegerglobal.com\/pt-pt\/#organization","name":"ALEGER \u22c6 Augmented Reality","url":"https:\/\/alegerglobal.com\/pt-pt\/","logo":{"@type":"ImageObject","inLanguage":"pt-PT","@id":"https:\/\/alegerglobal.com\/pt-pt\/#\/schema\/logo\/image\/","url":"https:\/\/alegerglobal.com\/wp-content\/uploads\/2020\/12\/aleger-logo-quadrat.jpg","contentUrl":"https:\/\/alegerglobal.com\/wp-content\/uploads\/2020\/12\/aleger-logo-quadrat.jpg","width":200,"height":176,"caption":"ALEGER \u22c6 Augmented Reality"},"image":{"@id":"https:\/\/alegerglobal.com\/pt-pt\/#\/schema\/logo\/image\/"}}]},"product_brand":"Getac","product_price_amount":"2168.99","product_price_currency":"EUR","og_availability":"instock","product_availability":"instock","product_condition":"new"},"_links":{"self":[{"href":"https:\/\/alegerglobal.com\/pt-pt\/wp-json\/wp\/v2\/product\/51680","targetHints":{"allow":["GET"]}}],"collection":[{"href":"https:\/\/alegerglobal.com\/pt-pt\/wp-json\/wp\/v2\/product"}],"about":[{"href":"https:\/\/alegerglobal.com\/pt-pt\/wp-json\/wp\/v2\/types\/product"}],"replies":[{"embeddable":true,"href":"https:\/\/alegerglobal.com\/pt-pt\/wp-json\/wp\/v2\/comments?post=51680"}],"version-history":[{"count":3,"href":"https:\/\/alegerglobal.com\/pt-pt\/wp-json\/wp\/v2\/product\/51680\/revisions"}],"predecessor-version":[{"id":54098,"href":"https:\/\/alegerglobal.com\/pt-pt\/wp-json\/wp\/v2\/product\/51680\/revisions\/54098"}],"wp:featuredmedia":[{"embeddable":true,"href":"https:\/\/alegerglobal.com\/pt-pt\/wp-json\/wp\/v2\/media\/51697"}],"wp:attachment":[{"href":"https:\/\/alegerglobal.com\/pt-pt\/wp-json\/wp\/v2\/media?parent=51680"}],"wp:term":[{"taxonomy":"product_brand","embeddable":true,"href":"https:\/\/alegerglobal.com\/pt-pt\/wp-json\/wp\/v2\/product_brand?post=51680"},{"taxonomy":"product_cat","embeddable":true,"href":"https:\/\/alegerglobal.com\/pt-pt\/wp-json\/wp\/v2\/product_cat?post=51680"},{"taxonomy":"product_tag","embeddable":true,"href":"https:\/\/alegerglobal.com\/pt-pt\/wp-json\/wp\/v2\/product_tag?post=51680"}],"curies":[{"name":"wp","href":"https:\/\/api.w.org\/{rel}","templated":true}]}}