{"id":51565,"date":"2025-11-02T14:08:53","date_gmt":"2025-11-02T13:08:56","guid":{"rendered":"https:\/\/alegerglobal.com\/?post_type=product&#038;p=51565"},"modified":"2026-03-19T18:57:59","modified_gmt":"2026-03-19T17:57:59","slug":"getac-zx70-ex-comprimido-protegido-ex-display-atex-zona-2-7-polegadas-android-9-ip67-mil-std-810h-kopie-kopie","status":"publish","type":"product","link":"https:\/\/alegerglobal.com\/pt-pt\/shop-pt-pt\/gadgets-pt-pt\/getac-zx70-ex-comprimido-protegido-ex-display-atex-zona-2-7-polegadas-android-9-ip67-mil-std-810h-kopie-kopie\/","title":{"rendered":"Uvisan VRProM &#8211; Higiene eficiente, armazenamento seguro e carregamento de dispositivos partilhados"},"content":{"rendered":"","protected":false},"excerpt":{"rendered":"<p data-start=\"773\" data-end=\"1282\">O Uvisan VRProM \u00e9 um inovador arm\u00e1rio de desinfe\u00e7\u00e3o e carregamento UV-C, especialmente concebido para ambientes com dispositivos tecnol\u00f3gicos partilhados, tais como auscultadores VR\/AR, tablets ou computadores port\u00e1teis. Num curto espa\u00e7o de tempo de desinfe\u00e7\u00e3o, os dispositivos s\u00e3o libertados de forma fi\u00e1vel de v\u00edrus, bact\u00e9rias e fungos &#8211; sem quaisquer produtos qu\u00edmicos, calor ou res\u00edduos. Ao mesmo tempo, os dispositivos s\u00e3o carregados atrav\u00e9s de portas USB de carregamento r\u00e1pido integradas, garantindo a limpeza e a prontid\u00e3o para utiliza\u00e7\u00e3o num \u00fanico passo.<\/p>\n<p data-start=\"1284\" data-end=\"1516\">Gra\u00e7as \u00e0 sua robusta caixa de a\u00e7o com portas com fecho e rodas para mobilidade, o VRProM \u00e9 ideal para salas de forma\u00e7\u00e3o, laborat\u00f3rios de RV\/AR, institui\u00e7\u00f5es de ensino, ambientes de jogos\/arcade e centros de forma\u00e7\u00e3o profissional.<\/p>\n","protected":false},"featured_media":51597,"comment_status":"open","ping_status":"closed","template":"","meta":{"_acf_changed":false},"product_brand":[],"product_cat":[1165,1162],"product_tag":[],"class_list":{"0":"post-51565","1":"product","2":"type-product","3":"status-publish","4":"has-post-thumbnail","6":"product_cat-gadgets-pt-pt","7":"product_cat-shop-pt-pt","8":"pa_hersteller-getac-pt-pt","10":"first","11":"instock","12":"taxable","13":"shipping-taxable","14":"purchasable","15":"product-type-simple"},"acf":[],"yoast_head":"<!-- This site is optimized with the Yoast SEO Premium plugin v20.10 (Yoast SEO v24.3) - https:\/\/yoast.com\/wordpress\/plugins\/seo\/ -->\n<title>Compra Uvisan VRProM - -C\u00e2mara de desinfe\u00e7\u00e3o e carregamento UV-C<\/title>\n<meta name=\"description\" content=\"O Uvisan VRProM \u00e9 um arm\u00e1rio de desinfe\u00e7\u00e3o e carregamento UV-C para auscultadores VR\/AR, tablets e computadores port\u00e1teis com cobertura UVC de 360\u00b0, at\u00e9 99,999 % e 36 portas.\" \/>\n<meta name=\"robots\" content=\"index, follow, max-snippet:-1, max-image-preview:large, max-video-preview:-1\" \/>\n<meta property=\"og:locale\" content=\"pt_PT\" \/>\n<meta property=\"og:type\" content=\"article\" \/>\n<meta property=\"og:title\" content=\"Uvisan VRProM - Higiene eficiente, armazenamento seguro e carregamento de dispositivos partilhados\" \/>\n<meta property=\"og:description\" content=\"O Uvisan VRProM \u00e9 um arm\u00e1rio de desinfe\u00e7\u00e3o e carregamento UV-C para auscultadores VR\/AR, tablets e computadores port\u00e1teis com cobertura UVC de 360\u00b0, at\u00e9 99,999 % e 36 portas.\" \/>\n<meta property=\"og:url\" content=\"https:\/\/alegerglobal.com\/pt-pt\/shop-pt-pt\/gadgets-pt-pt\/getac-zx70-ex-comprimido-protegido-ex-display-atex-zona-2-7-polegadas-android-9-ip67-mil-std-810h-kopie-kopie\/\" \/>\n<meta property=\"og:site_name\" content=\"ALEGER \u22c6 Augmented Reality\" \/>\n<meta property=\"article:modified_time\" content=\"2026-03-19T17:57:59+00:00\" \/>\n<meta property=\"og:image\" content=\"https:\/\/alegerglobal.com\/wp-content\/uploads\/2025\/11\/uvisan-vrprom.png\" \/>\n\t<meta property=\"og:image:width\" content=\"800\" \/>\n\t<meta property=\"og:image:height\" content=\"800\" \/>\n\t<meta property=\"og:image:type\" content=\"image\/png\" \/>\n<meta name=\"twitter:card\" content=\"summary_large_image\" \/>\n<meta name=\"twitter:label1\" content=\"pre\u00e7o\" \/>\n\t<meta name=\"twitter:data1\" content=\"&euro;2.168,99\" \/>\n\t<meta name=\"twitter:label2\" content=\"Disponibilidade\" \/>\n\t<meta name=\"twitter:data2\" content=\"Em stock\" \/>\n<script type=\"application\/ld+json\" class=\"yoast-schema-graph\">{\"@context\":\"https:\/\/schema.org\",\"@graph\":[{\"@type\":\"WebPage\",\"@id\":\"https:\/\/alegerglobal.com\/pt-pt\/shop-pt-pt\/gadgets-pt-pt\/getac-zx70-ex-comprimido-protegido-ex-display-atex-zona-2-7-polegadas-android-9-ip67-mil-std-810h-kopie-kopie\/\",\"url\":\"https:\/\/alegerglobal.com\/pt-pt\/shop-pt-pt\/gadgets-pt-pt\/getac-zx70-ex-comprimido-protegido-ex-display-atex-zona-2-7-polegadas-android-9-ip67-mil-std-810h-kopie-kopie\/\",\"name\":\"Compra Uvisan VRProM - -C\u00e2mara de desinfe\u00e7\u00e3o e carregamento UV-C\",\"isPartOf\":{\"@id\":\"https:\/\/alegerglobal.com\/pt-pt\/#website\"},\"primaryImageOfPage\":{\"@id\":\"https:\/\/alegerglobal.com\/pt-pt\/shop-pt-pt\/gadgets-pt-pt\/getac-zx70-ex-comprimido-protegido-ex-display-atex-zona-2-7-polegadas-android-9-ip67-mil-std-810h-kopie-kopie\/#primaryimage\"},\"image\":{\"@id\":\"https:\/\/alegerglobal.com\/pt-pt\/shop-pt-pt\/gadgets-pt-pt\/getac-zx70-ex-comprimido-protegido-ex-display-atex-zona-2-7-polegadas-android-9-ip67-mil-std-810h-kopie-kopie\/#primaryimage\"},\"thumbnailUrl\":\"https:\/\/alegerglobal.com\/wp-content\/uploads\/2025\/11\/uvisan-vrprom.png\",\"datePublished\":\"2025-11-02T13:08:56+00:00\",\"dateModified\":\"2026-03-19T17:57:59+00:00\",\"description\":\"O Uvisan VRProM \u00e9 um arm\u00e1rio de desinfe\u00e7\u00e3o e carregamento UV-C para auscultadores VR\/AR, tablets e computadores port\u00e1teis com cobertura UVC de 360\u00b0, at\u00e9 99,999 % e 36 portas.\",\"breadcrumb\":{\"@id\":\"https:\/\/alegerglobal.com\/pt-pt\/shop-pt-pt\/gadgets-pt-pt\/getac-zx70-ex-comprimido-protegido-ex-display-atex-zona-2-7-polegadas-android-9-ip67-mil-std-810h-kopie-kopie\/#breadcrumb\"},\"inLanguage\":\"pt-PT\",\"potentialAction\":[{\"@type\":\"ReadAction\",\"target\":[\"https:\/\/alegerglobal.com\/pt-pt\/shop-pt-pt\/gadgets-pt-pt\/getac-zx70-ex-comprimido-protegido-ex-display-atex-zona-2-7-polegadas-android-9-ip67-mil-std-810h-kopie-kopie\/\"]}]},{\"@type\":\"ImageObject\",\"inLanguage\":\"pt-PT\",\"@id\":\"https:\/\/alegerglobal.com\/pt-pt\/shop-pt-pt\/gadgets-pt-pt\/getac-zx70-ex-comprimido-protegido-ex-display-atex-zona-2-7-polegadas-android-9-ip67-mil-std-810h-kopie-kopie\/#primaryimage\",\"url\":\"https:\/\/alegerglobal.com\/wp-content\/uploads\/2025\/11\/uvisan-vrprom.png\",\"contentUrl\":\"https:\/\/alegerglobal.com\/wp-content\/uploads\/2025\/11\/uvisan-vrprom.png\",\"width\":800,\"height\":800},{\"@type\":\"BreadcrumbList\",\"@id\":\"https:\/\/alegerglobal.com\/pt-pt\/shop-pt-pt\/gadgets-pt-pt\/getac-zx70-ex-comprimido-protegido-ex-display-atex-zona-2-7-polegadas-android-9-ip67-mil-std-810h-kopie-kopie\/#breadcrumb\",\"itemListElement\":[{\"@type\":\"ListItem\",\"position\":1,\"name\":\"Home\",\"item\":\"https:\/\/alegerglobal.com\/pt-pt\/novo-pagina-inicial\/\"},{\"@type\":\"ListItem\",\"position\":2,\"name\":\"Produtos\",\"item\":\"https:\/\/alegerglobal.com\/pt-pt\/produtos\/\"},{\"@type\":\"ListItem\",\"position\":3,\"name\":\"Uvisan VRProM &#8211; Higiene eficiente, armazenamento seguro e carregamento de dispositivos partilhados\"}]},{\"@type\":\"WebSite\",\"@id\":\"https:\/\/alegerglobal.com\/pt-pt\/#website\",\"url\":\"https:\/\/alegerglobal.com\/pt-pt\/\",\"name\":\"ALEGER \u22c6 Augmented Reality\",\"description\":\"Die besten Augmented Reality (AR) L\u00f6sungen der Welt.\",\"publisher\":{\"@id\":\"https:\/\/alegerglobal.com\/pt-pt\/#organization\"},\"potentialAction\":[{\"@type\":\"SearchAction\",\"target\":{\"@type\":\"EntryPoint\",\"urlTemplate\":\"https:\/\/alegerglobal.com\/pt-pt\/?s={search_term_string}\"},\"query-input\":{\"@type\":\"PropertyValueSpecification\",\"valueRequired\":true,\"valueName\":\"search_term_string\"}}],\"inLanguage\":\"pt-PT\"},{\"@type\":\"Organization\",\"@id\":\"https:\/\/alegerglobal.com\/pt-pt\/#organization\",\"name\":\"ALEGER \u22c6 Augmented Reality\",\"url\":\"https:\/\/alegerglobal.com\/pt-pt\/\",\"logo\":{\"@type\":\"ImageObject\",\"inLanguage\":\"pt-PT\",\"@id\":\"https:\/\/alegerglobal.com\/pt-pt\/#\/schema\/logo\/image\/\",\"url\":\"https:\/\/alegerglobal.com\/wp-content\/uploads\/2020\/12\/aleger-logo-quadrat.jpg\",\"contentUrl\":\"https:\/\/alegerglobal.com\/wp-content\/uploads\/2020\/12\/aleger-logo-quadrat.jpg\",\"width\":200,\"height\":176,\"caption\":\"ALEGER \u22c6 Augmented Reality\"},\"image\":{\"@id\":\"https:\/\/alegerglobal.com\/pt-pt\/#\/schema\/logo\/image\/\"}}]}<\/script>\n<meta property=\"product:brand\" content=\"Getac\" \/>\n<meta property=\"product:price:amount\" content=\"2168.99\" \/>\n<meta property=\"product:price:currency\" content=\"EUR\" \/>\n<meta property=\"og:availability\" content=\"instock\" \/>\n<meta property=\"product:availability\" content=\"instock\" \/>\n<meta property=\"product:condition\" content=\"new\" \/>\n<!-- \/ Yoast SEO Premium plugin. -->","yoast_head_json":{"title":"Compra Uvisan VRProM - -C\u00e2mara de desinfe\u00e7\u00e3o e carregamento UV-C","description":"O Uvisan VRProM \u00e9 um arm\u00e1rio de desinfe\u00e7\u00e3o e carregamento UV-C para auscultadores VR\/AR, tablets e computadores port\u00e1teis com cobertura UVC de 360\u00b0, at\u00e9 99,999 % e 36 portas.","robots":{"index":"index","follow":"follow","max-snippet":"max-snippet:-1","max-image-preview":"max-image-preview:large","max-video-preview":"max-video-preview:-1"},"og_locale":"pt_PT","og_type":"article","og_title":"Uvisan VRProM - Higiene eficiente, armazenamento seguro e carregamento de dispositivos partilhados","og_description":"O Uvisan VRProM \u00e9 um arm\u00e1rio de desinfe\u00e7\u00e3o e carregamento UV-C para auscultadores VR\/AR, tablets e computadores port\u00e1teis com cobertura UVC de 360\u00b0, at\u00e9 99,999 % e 36 portas.","og_url":"https:\/\/alegerglobal.com\/pt-pt\/shop-pt-pt\/gadgets-pt-pt\/getac-zx70-ex-comprimido-protegido-ex-display-atex-zona-2-7-polegadas-android-9-ip67-mil-std-810h-kopie-kopie\/","og_site_name":"ALEGER \u22c6 Augmented Reality","article_modified_time":"2026-03-19T17:57:59+00:00","og_image":[{"width":800,"height":800,"url":"https:\/\/alegerglobal.com\/wp-content\/uploads\/2025\/11\/uvisan-vrprom.png","type":"image\/png"}],"twitter_card":"summary_large_image","twitter_misc":{"pre\u00e7o":"&euro;2.168,99","Disponibilidade":"Em stock"},"schema":{"@context":"https:\/\/schema.org","@graph":[{"@type":"WebPage","@id":"https:\/\/alegerglobal.com\/pt-pt\/shop-pt-pt\/gadgets-pt-pt\/getac-zx70-ex-comprimido-protegido-ex-display-atex-zona-2-7-polegadas-android-9-ip67-mil-std-810h-kopie-kopie\/","url":"https:\/\/alegerglobal.com\/pt-pt\/shop-pt-pt\/gadgets-pt-pt\/getac-zx70-ex-comprimido-protegido-ex-display-atex-zona-2-7-polegadas-android-9-ip67-mil-std-810h-kopie-kopie\/","name":"Compra Uvisan VRProM - -C\u00e2mara de desinfe\u00e7\u00e3o e carregamento UV-C","isPartOf":{"@id":"https:\/\/alegerglobal.com\/pt-pt\/#website"},"primaryImageOfPage":{"@id":"https:\/\/alegerglobal.com\/pt-pt\/shop-pt-pt\/gadgets-pt-pt\/getac-zx70-ex-comprimido-protegido-ex-display-atex-zona-2-7-polegadas-android-9-ip67-mil-std-810h-kopie-kopie\/#primaryimage"},"image":{"@id":"https:\/\/alegerglobal.com\/pt-pt\/shop-pt-pt\/gadgets-pt-pt\/getac-zx70-ex-comprimido-protegido-ex-display-atex-zona-2-7-polegadas-android-9-ip67-mil-std-810h-kopie-kopie\/#primaryimage"},"thumbnailUrl":"https:\/\/alegerglobal.com\/wp-content\/uploads\/2025\/11\/uvisan-vrprom.png","datePublished":"2025-11-02T13:08:56+00:00","dateModified":"2026-03-19T17:57:59+00:00","description":"O Uvisan VRProM \u00e9 um arm\u00e1rio de desinfe\u00e7\u00e3o e carregamento UV-C para auscultadores VR\/AR, tablets e computadores port\u00e1teis com cobertura UVC de 360\u00b0, at\u00e9 99,999 % e 36 portas.","breadcrumb":{"@id":"https:\/\/alegerglobal.com\/pt-pt\/shop-pt-pt\/gadgets-pt-pt\/getac-zx70-ex-comprimido-protegido-ex-display-atex-zona-2-7-polegadas-android-9-ip67-mil-std-810h-kopie-kopie\/#breadcrumb"},"inLanguage":"pt-PT","potentialAction":[{"@type":"ReadAction","target":["https:\/\/alegerglobal.com\/pt-pt\/shop-pt-pt\/gadgets-pt-pt\/getac-zx70-ex-comprimido-protegido-ex-display-atex-zona-2-7-polegadas-android-9-ip67-mil-std-810h-kopie-kopie\/"]}]},{"@type":"ImageObject","inLanguage":"pt-PT","@id":"https:\/\/alegerglobal.com\/pt-pt\/shop-pt-pt\/gadgets-pt-pt\/getac-zx70-ex-comprimido-protegido-ex-display-atex-zona-2-7-polegadas-android-9-ip67-mil-std-810h-kopie-kopie\/#primaryimage","url":"https:\/\/alegerglobal.com\/wp-content\/uploads\/2025\/11\/uvisan-vrprom.png","contentUrl":"https:\/\/alegerglobal.com\/wp-content\/uploads\/2025\/11\/uvisan-vrprom.png","width":800,"height":800},{"@type":"BreadcrumbList","@id":"https:\/\/alegerglobal.com\/pt-pt\/shop-pt-pt\/gadgets-pt-pt\/getac-zx70-ex-comprimido-protegido-ex-display-atex-zona-2-7-polegadas-android-9-ip67-mil-std-810h-kopie-kopie\/#breadcrumb","itemListElement":[{"@type":"ListItem","position":1,"name":"Home","item":"https:\/\/alegerglobal.com\/pt-pt\/novo-pagina-inicial\/"},{"@type":"ListItem","position":2,"name":"Produtos","item":"https:\/\/alegerglobal.com\/pt-pt\/produtos\/"},{"@type":"ListItem","position":3,"name":"Uvisan VRProM &#8211; Higiene eficiente, armazenamento seguro e carregamento de dispositivos partilhados"}]},{"@type":"WebSite","@id":"https:\/\/alegerglobal.com\/pt-pt\/#website","url":"https:\/\/alegerglobal.com\/pt-pt\/","name":"ALEGER \u22c6 Augmented Reality","description":"Die besten Augmented Reality (AR) L\u00f6sungen der Welt.","publisher":{"@id":"https:\/\/alegerglobal.com\/pt-pt\/#organization"},"potentialAction":[{"@type":"SearchAction","target":{"@type":"EntryPoint","urlTemplate":"https:\/\/alegerglobal.com\/pt-pt\/?s={search_term_string}"},"query-input":{"@type":"PropertyValueSpecification","valueRequired":true,"valueName":"search_term_string"}}],"inLanguage":"pt-PT"},{"@type":"Organization","@id":"https:\/\/alegerglobal.com\/pt-pt\/#organization","name":"ALEGER \u22c6 Augmented Reality","url":"https:\/\/alegerglobal.com\/pt-pt\/","logo":{"@type":"ImageObject","inLanguage":"pt-PT","@id":"https:\/\/alegerglobal.com\/pt-pt\/#\/schema\/logo\/image\/","url":"https:\/\/alegerglobal.com\/wp-content\/uploads\/2020\/12\/aleger-logo-quadrat.jpg","contentUrl":"https:\/\/alegerglobal.com\/wp-content\/uploads\/2020\/12\/aleger-logo-quadrat.jpg","width":200,"height":176,"caption":"ALEGER \u22c6 Augmented Reality"},"image":{"@id":"https:\/\/alegerglobal.com\/pt-pt\/#\/schema\/logo\/image\/"}}]},"product_brand":"Getac","product_price_amount":"2168.99","product_price_currency":"EUR","og_availability":"instock","product_availability":"instock","product_condition":"new"},"_links":{"self":[{"href":"https:\/\/alegerglobal.com\/pt-pt\/wp-json\/wp\/v2\/product\/51565","targetHints":{"allow":["GET"]}}],"collection":[{"href":"https:\/\/alegerglobal.com\/pt-pt\/wp-json\/wp\/v2\/product"}],"about":[{"href":"https:\/\/alegerglobal.com\/pt-pt\/wp-json\/wp\/v2\/types\/product"}],"replies":[{"embeddable":true,"href":"https:\/\/alegerglobal.com\/pt-pt\/wp-json\/wp\/v2\/comments?post=51565"}],"version-history":[{"count":3,"href":"https:\/\/alegerglobal.com\/pt-pt\/wp-json\/wp\/v2\/product\/51565\/revisions"}],"predecessor-version":[{"id":53949,"href":"https:\/\/alegerglobal.com\/pt-pt\/wp-json\/wp\/v2\/product\/51565\/revisions\/53949"}],"wp:featuredmedia":[{"embeddable":true,"href":"https:\/\/alegerglobal.com\/pt-pt\/wp-json\/wp\/v2\/media\/51597"}],"wp:attachment":[{"href":"https:\/\/alegerglobal.com\/pt-pt\/wp-json\/wp\/v2\/media?parent=51565"}],"wp:term":[{"taxonomy":"product_brand","embeddable":true,"href":"https:\/\/alegerglobal.com\/pt-pt\/wp-json\/wp\/v2\/product_brand?post=51565"},{"taxonomy":"product_cat","embeddable":true,"href":"https:\/\/alegerglobal.com\/pt-pt\/wp-json\/wp\/v2\/product_cat?post=51565"},{"taxonomy":"product_tag","embeddable":true,"href":"https:\/\/alegerglobal.com\/pt-pt\/wp-json\/wp\/v2\/product_tag?post=51565"}],"curies":[{"name":"wp","href":"https:\/\/api.w.org\/{rel}","templated":true}]}}