{"id":49554,"date":"2025-08-14T18:51:42","date_gmt":"2025-09-14T17:51:45","guid":{"rendered":"https:\/\/alegerglobal.com\/?post_type=product&#038;p=49554"},"modified":"2026-03-19T18:57:51","modified_gmt":"2026-03-19T17:57:51","slug":"ecom-pad-ex-pro-01-p8-dz2-comprimido-ex-protegido-atex-zona-2-ecra-tactil-de-116-windows-kopie-kopie-2","status":"publish","type":"product","link":"https:\/\/alegerglobal.com\/pt-pt\/comunicacao\/ecom-pad-ex-pro-01-p8-dz2-comprimido-ex-protegido-atex-zona-2-ecra-tactil-de-116-windows-kopie-kopie-2\/","title":{"rendered":"EdgeOne &#8211; O poderoso gateway de ponta 5G para \u00e1reas perigosas"},"content":{"rendered":"","protected":false},"excerpt":{"rendered":"<p data-start=\"595\" data-end=\"986\"><strong data-start=\"599\" data-end=\"610\">O EdgeOne<\/strong> da RuggedEdge \u00e9 um gateway industrial, intrinsecamente seguro, que foi especialmente desenvolvido para utiliza\u00e7\u00e3o em <strong data-start=\"711\" data-end=\"767\">\u00e1reas perigosas (Zona 1 \/ Classe 1 Div 1)<\/strong>. Combina elevada disponibilidade de dados, pot\u00eancia de computa\u00e7\u00e3o perif\u00e9rica e tecnologia de rede segura num \u00fanico dispositivo &#8211; uma pe\u00e7a central para arquitecturas modernas da Ind\u00fastria 4.0 em ambientes exigentes.<\/p>\n<p data-start=\"988\" data-end=\"1353\">Com conetividade <strong data-start=\"1005\" data-end=\"1011\">5G<\/strong>, WiFi 6 e empresarial integrada, o EdgeOne permite uma transmiss\u00e3o de dados fi\u00e1vel, mesmo em ambientes adversos &#8211; ideal para IIoT, localiza\u00e7\u00e3o de activos, monitoriza\u00e7\u00e3o remota e automa\u00e7\u00e3o industrial.<\/p>\n","protected":false},"featured_media":39955,"comment_status":"open","ping_status":"closed","template":"","meta":{"_acf_changed":false},"product_brand":[],"product_cat":[1161,2631,2632,1162],"product_tag":[],"class_list":{"0":"post-49554","1":"product","2":"type-product","3":"status-publish","4":"has-post-thumbnail","6":"product_cat-atex-pt-pt","7":"product_cat-computacao-movel","8":"product_cat-comunicacao","9":"product_cat-shop-pt-pt","11":"first","12":"instock","13":"taxable","14":"shipping-taxable","15":"purchasable","16":"product-type-simple"},"acf":[],"yoast_head":"<!-- This site is optimized with the Yoast SEO Premium plugin v20.10 (Yoast SEO v24.3) - https:\/\/yoast.com\/wordpress\/plugins\/seo\/ -->\n<title>EdgeOne - Gateway IIoT 5G e WIFI para ATEX Zona 1 \/ Classe 1<\/title>\n<meta name=\"description\" content=\"O EdgeOne \u00e9 um gateway 5G robusto (ATEX Zona 1 \/ Classe 1 Div 1) com WiFi 6, computa\u00e7\u00e3o perif\u00e9rica, compat\u00edvel com a plataforma IIoT e EdgeConnect\" \/>\n<meta name=\"robots\" content=\"index, follow, max-snippet:-1, max-image-preview:large, max-video-preview:-1\" \/>\n<meta property=\"og:locale\" content=\"pt_PT\" \/>\n<meta property=\"og:type\" content=\"article\" \/>\n<meta property=\"og:title\" content=\"EdgeOne - O poderoso gateway de ponta 5G para \u00e1reas perigosas\" \/>\n<meta property=\"og:description\" content=\"O EdgeOne \u00e9 um gateway 5G robusto (ATEX Zona 1 \/ Classe 1 Div 1) com WiFi 6, computa\u00e7\u00e3o perif\u00e9rica, compat\u00edvel com a plataforma IIoT e EdgeConnect\" \/>\n<meta property=\"og:url\" content=\"https:\/\/alegerglobal.com\/pt-pt\/comunicacao\/ecom-pad-ex-pro-01-p8-dz2-comprimido-ex-protegido-atex-zona-2-ecra-tactil-de-116-windows-kopie-kopie-2\/\" \/>\n<meta property=\"og:site_name\" content=\"ALEGER \u22c6 Augmented Reality\" \/>\n<meta property=\"article:modified_time\" content=\"2026-03-19T17:57:51+00:00\" \/>\n<meta property=\"og:image\" content=\"https:\/\/alegerglobal.com\/wp-content\/uploads\/2024\/06\/Unbenannt.jpg\" \/>\n\t<meta property=\"og:image:width\" content=\"800\" \/>\n\t<meta property=\"og:image:height\" content=\"800\" \/>\n\t<meta property=\"og:image:type\" content=\"image\/jpeg\" \/>\n<meta name=\"twitter:card\" content=\"summary_large_image\" \/>\n<meta name=\"twitter:label1\" content=\"pre\u00e7o\" \/>\n\t<meta name=\"twitter:data1\" content=\"&euro;4.249,00\" \/>\n\t<meta name=\"twitter:label2\" content=\"Disponibilidade\" \/>\n\t<meta name=\"twitter:data2\" content=\"Em stock\" \/>\n<script type=\"application\/ld+json\" class=\"yoast-schema-graph\">{\"@context\":\"https:\/\/schema.org\",\"@graph\":[{\"@type\":\"WebPage\",\"@id\":\"https:\/\/alegerglobal.com\/pt-pt\/comunicacao\/ecom-pad-ex-pro-01-p8-dz2-comprimido-ex-protegido-atex-zona-2-ecra-tactil-de-116-windows-kopie-kopie-2\/\",\"url\":\"https:\/\/alegerglobal.com\/pt-pt\/comunicacao\/ecom-pad-ex-pro-01-p8-dz2-comprimido-ex-protegido-atex-zona-2-ecra-tactil-de-116-windows-kopie-kopie-2\/\",\"name\":\"EdgeOne - Gateway IIoT 5G e WIFI para ATEX Zona 1 \/ Classe 1\",\"isPartOf\":{\"@id\":\"https:\/\/alegerglobal.com\/pt-pt\/#website\"},\"primaryImageOfPage\":{\"@id\":\"https:\/\/alegerglobal.com\/pt-pt\/comunicacao\/ecom-pad-ex-pro-01-p8-dz2-comprimido-ex-protegido-atex-zona-2-ecra-tactil-de-116-windows-kopie-kopie-2\/#primaryimage\"},\"image\":{\"@id\":\"https:\/\/alegerglobal.com\/pt-pt\/comunicacao\/ecom-pad-ex-pro-01-p8-dz2-comprimido-ex-protegido-atex-zona-2-ecra-tactil-de-116-windows-kopie-kopie-2\/#primaryimage\"},\"thumbnailUrl\":\"https:\/\/alegerglobal.com\/wp-content\/uploads\/2024\/06\/Unbenannt.jpg\",\"datePublished\":\"2025-09-14T17:51:45+00:00\",\"dateModified\":\"2026-03-19T17:57:51+00:00\",\"description\":\"O EdgeOne \u00e9 um gateway 5G robusto (ATEX Zona 1 \/ Classe 1 Div 1) com WiFi 6, computa\u00e7\u00e3o perif\u00e9rica, compat\u00edvel com a plataforma IIoT e EdgeConnect\",\"breadcrumb\":{\"@id\":\"https:\/\/alegerglobal.com\/pt-pt\/comunicacao\/ecom-pad-ex-pro-01-p8-dz2-comprimido-ex-protegido-atex-zona-2-ecra-tactil-de-116-windows-kopie-kopie-2\/#breadcrumb\"},\"inLanguage\":\"pt-PT\",\"potentialAction\":[{\"@type\":\"ReadAction\",\"target\":[\"https:\/\/alegerglobal.com\/pt-pt\/comunicacao\/ecom-pad-ex-pro-01-p8-dz2-comprimido-ex-protegido-atex-zona-2-ecra-tactil-de-116-windows-kopie-kopie-2\/\"]}]},{\"@type\":\"ImageObject\",\"inLanguage\":\"pt-PT\",\"@id\":\"https:\/\/alegerglobal.com\/pt-pt\/comunicacao\/ecom-pad-ex-pro-01-p8-dz2-comprimido-ex-protegido-atex-zona-2-ecra-tactil-de-116-windows-kopie-kopie-2\/#primaryimage\",\"url\":\"https:\/\/alegerglobal.com\/wp-content\/uploads\/2024\/06\/Unbenannt.jpg\",\"contentUrl\":\"https:\/\/alegerglobal.com\/wp-content\/uploads\/2024\/06\/Unbenannt.jpg\",\"width\":800,\"height\":800},{\"@type\":\"BreadcrumbList\",\"@id\":\"https:\/\/alegerglobal.com\/pt-pt\/comunicacao\/ecom-pad-ex-pro-01-p8-dz2-comprimido-ex-protegido-atex-zona-2-ecra-tactil-de-116-windows-kopie-kopie-2\/#breadcrumb\",\"itemListElement\":[{\"@type\":\"ListItem\",\"position\":1,\"name\":\"Home\",\"item\":\"https:\/\/alegerglobal.com\/pt-pt\/novo-pagina-inicial\/\"},{\"@type\":\"ListItem\",\"position\":2,\"name\":\"Produtos\",\"item\":\"https:\/\/alegerglobal.com\/pt-pt\/produtos\/\"},{\"@type\":\"ListItem\",\"position\":3,\"name\":\"EdgeOne &#8211; O poderoso gateway de ponta 5G para \u00e1reas perigosas\"}]},{\"@type\":\"WebSite\",\"@id\":\"https:\/\/alegerglobal.com\/pt-pt\/#website\",\"url\":\"https:\/\/alegerglobal.com\/pt-pt\/\",\"name\":\"ALEGER \u22c6 Augmented Reality\",\"description\":\"Die besten Augmented Reality (AR) L\u00f6sungen der Welt.\",\"publisher\":{\"@id\":\"https:\/\/alegerglobal.com\/pt-pt\/#organization\"},\"potentialAction\":[{\"@type\":\"SearchAction\",\"target\":{\"@type\":\"EntryPoint\",\"urlTemplate\":\"https:\/\/alegerglobal.com\/pt-pt\/?s={search_term_string}\"},\"query-input\":{\"@type\":\"PropertyValueSpecification\",\"valueRequired\":true,\"valueName\":\"search_term_string\"}}],\"inLanguage\":\"pt-PT\"},{\"@type\":\"Organization\",\"@id\":\"https:\/\/alegerglobal.com\/pt-pt\/#organization\",\"name\":\"ALEGER \u22c6 Augmented Reality\",\"url\":\"https:\/\/alegerglobal.com\/pt-pt\/\",\"logo\":{\"@type\":\"ImageObject\",\"inLanguage\":\"pt-PT\",\"@id\":\"https:\/\/alegerglobal.com\/pt-pt\/#\/schema\/logo\/image\/\",\"url\":\"https:\/\/alegerglobal.com\/wp-content\/uploads\/2020\/12\/aleger-logo-quadrat.jpg\",\"contentUrl\":\"https:\/\/alegerglobal.com\/wp-content\/uploads\/2020\/12\/aleger-logo-quadrat.jpg\",\"width\":200,\"height\":176,\"caption\":\"ALEGER \u22c6 Augmented Reality\"},\"image\":{\"@id\":\"https:\/\/alegerglobal.com\/pt-pt\/#\/schema\/logo\/image\/\"}}]}<\/script>\n<meta property=\"product:price:amount\" content=\"4249.00\" \/>\n<meta property=\"product:price:currency\" content=\"EUR\" \/>\n<meta property=\"og:availability\" content=\"instock\" \/>\n<meta property=\"product:availability\" content=\"instock\" \/>\n<meta property=\"product:condition\" content=\"new\" \/>\n<!-- \/ Yoast SEO Premium plugin. -->","yoast_head_json":{"title":"EdgeOne - Gateway IIoT 5G e WIFI para ATEX Zona 1 \/ Classe 1","description":"O EdgeOne \u00e9 um gateway 5G robusto (ATEX Zona 1 \/ Classe 1 Div 1) com WiFi 6, computa\u00e7\u00e3o perif\u00e9rica, compat\u00edvel com a plataforma IIoT e EdgeConnect","robots":{"index":"index","follow":"follow","max-snippet":"max-snippet:-1","max-image-preview":"max-image-preview:large","max-video-preview":"max-video-preview:-1"},"og_locale":"pt_PT","og_type":"article","og_title":"EdgeOne - O poderoso gateway de ponta 5G para \u00e1reas perigosas","og_description":"O EdgeOne \u00e9 um gateway 5G robusto (ATEX Zona 1 \/ Classe 1 Div 1) com WiFi 6, computa\u00e7\u00e3o perif\u00e9rica, compat\u00edvel com a plataforma IIoT e EdgeConnect","og_url":"https:\/\/alegerglobal.com\/pt-pt\/comunicacao\/ecom-pad-ex-pro-01-p8-dz2-comprimido-ex-protegido-atex-zona-2-ecra-tactil-de-116-windows-kopie-kopie-2\/","og_site_name":"ALEGER \u22c6 Augmented Reality","article_modified_time":"2026-03-19T17:57:51+00:00","og_image":[{"width":800,"height":800,"url":"https:\/\/alegerglobal.com\/wp-content\/uploads\/2024\/06\/Unbenannt.jpg","type":"image\/jpeg"}],"twitter_card":"summary_large_image","twitter_misc":{"pre\u00e7o":"&euro;4.249,00","Disponibilidade":"Em stock"},"schema":{"@context":"https:\/\/schema.org","@graph":[{"@type":"WebPage","@id":"https:\/\/alegerglobal.com\/pt-pt\/comunicacao\/ecom-pad-ex-pro-01-p8-dz2-comprimido-ex-protegido-atex-zona-2-ecra-tactil-de-116-windows-kopie-kopie-2\/","url":"https:\/\/alegerglobal.com\/pt-pt\/comunicacao\/ecom-pad-ex-pro-01-p8-dz2-comprimido-ex-protegido-atex-zona-2-ecra-tactil-de-116-windows-kopie-kopie-2\/","name":"EdgeOne - Gateway IIoT 5G e WIFI para ATEX Zona 1 \/ Classe 1","isPartOf":{"@id":"https:\/\/alegerglobal.com\/pt-pt\/#website"},"primaryImageOfPage":{"@id":"https:\/\/alegerglobal.com\/pt-pt\/comunicacao\/ecom-pad-ex-pro-01-p8-dz2-comprimido-ex-protegido-atex-zona-2-ecra-tactil-de-116-windows-kopie-kopie-2\/#primaryimage"},"image":{"@id":"https:\/\/alegerglobal.com\/pt-pt\/comunicacao\/ecom-pad-ex-pro-01-p8-dz2-comprimido-ex-protegido-atex-zona-2-ecra-tactil-de-116-windows-kopie-kopie-2\/#primaryimage"},"thumbnailUrl":"https:\/\/alegerglobal.com\/wp-content\/uploads\/2024\/06\/Unbenannt.jpg","datePublished":"2025-09-14T17:51:45+00:00","dateModified":"2026-03-19T17:57:51+00:00","description":"O EdgeOne \u00e9 um gateway 5G robusto (ATEX Zona 1 \/ Classe 1 Div 1) com WiFi 6, computa\u00e7\u00e3o perif\u00e9rica, compat\u00edvel com a plataforma IIoT e EdgeConnect","breadcrumb":{"@id":"https:\/\/alegerglobal.com\/pt-pt\/comunicacao\/ecom-pad-ex-pro-01-p8-dz2-comprimido-ex-protegido-atex-zona-2-ecra-tactil-de-116-windows-kopie-kopie-2\/#breadcrumb"},"inLanguage":"pt-PT","potentialAction":[{"@type":"ReadAction","target":["https:\/\/alegerglobal.com\/pt-pt\/comunicacao\/ecom-pad-ex-pro-01-p8-dz2-comprimido-ex-protegido-atex-zona-2-ecra-tactil-de-116-windows-kopie-kopie-2\/"]}]},{"@type":"ImageObject","inLanguage":"pt-PT","@id":"https:\/\/alegerglobal.com\/pt-pt\/comunicacao\/ecom-pad-ex-pro-01-p8-dz2-comprimido-ex-protegido-atex-zona-2-ecra-tactil-de-116-windows-kopie-kopie-2\/#primaryimage","url":"https:\/\/alegerglobal.com\/wp-content\/uploads\/2024\/06\/Unbenannt.jpg","contentUrl":"https:\/\/alegerglobal.com\/wp-content\/uploads\/2024\/06\/Unbenannt.jpg","width":800,"height":800},{"@type":"BreadcrumbList","@id":"https:\/\/alegerglobal.com\/pt-pt\/comunicacao\/ecom-pad-ex-pro-01-p8-dz2-comprimido-ex-protegido-atex-zona-2-ecra-tactil-de-116-windows-kopie-kopie-2\/#breadcrumb","itemListElement":[{"@type":"ListItem","position":1,"name":"Home","item":"https:\/\/alegerglobal.com\/pt-pt\/novo-pagina-inicial\/"},{"@type":"ListItem","position":2,"name":"Produtos","item":"https:\/\/alegerglobal.com\/pt-pt\/produtos\/"},{"@type":"ListItem","position":3,"name":"EdgeOne &#8211; O poderoso gateway de ponta 5G para \u00e1reas perigosas"}]},{"@type":"WebSite","@id":"https:\/\/alegerglobal.com\/pt-pt\/#website","url":"https:\/\/alegerglobal.com\/pt-pt\/","name":"ALEGER \u22c6 Augmented Reality","description":"Die besten Augmented Reality (AR) L\u00f6sungen der Welt.","publisher":{"@id":"https:\/\/alegerglobal.com\/pt-pt\/#organization"},"potentialAction":[{"@type":"SearchAction","target":{"@type":"EntryPoint","urlTemplate":"https:\/\/alegerglobal.com\/pt-pt\/?s={search_term_string}"},"query-input":{"@type":"PropertyValueSpecification","valueRequired":true,"valueName":"search_term_string"}}],"inLanguage":"pt-PT"},{"@type":"Organization","@id":"https:\/\/alegerglobal.com\/pt-pt\/#organization","name":"ALEGER \u22c6 Augmented Reality","url":"https:\/\/alegerglobal.com\/pt-pt\/","logo":{"@type":"ImageObject","inLanguage":"pt-PT","@id":"https:\/\/alegerglobal.com\/pt-pt\/#\/schema\/logo\/image\/","url":"https:\/\/alegerglobal.com\/wp-content\/uploads\/2020\/12\/aleger-logo-quadrat.jpg","contentUrl":"https:\/\/alegerglobal.com\/wp-content\/uploads\/2020\/12\/aleger-logo-quadrat.jpg","width":200,"height":176,"caption":"ALEGER \u22c6 Augmented Reality"},"image":{"@id":"https:\/\/alegerglobal.com\/pt-pt\/#\/schema\/logo\/image\/"}}]},"product_price_amount":"4249.00","product_price_currency":"EUR","og_availability":"instock","product_availability":"instock","product_condition":"new"},"_links":{"self":[{"href":"https:\/\/alegerglobal.com\/pt-pt\/wp-json\/wp\/v2\/product\/49554","targetHints":{"allow":["GET"]}}],"collection":[{"href":"https:\/\/alegerglobal.com\/pt-pt\/wp-json\/wp\/v2\/product"}],"about":[{"href":"https:\/\/alegerglobal.com\/pt-pt\/wp-json\/wp\/v2\/types\/product"}],"replies":[{"embeddable":true,"href":"https:\/\/alegerglobal.com\/pt-pt\/wp-json\/wp\/v2\/comments?post=49554"}],"version-history":[{"count":3,"href":"https:\/\/alegerglobal.com\/pt-pt\/wp-json\/wp\/v2\/product\/49554\/revisions"}],"predecessor-version":[{"id":53947,"href":"https:\/\/alegerglobal.com\/pt-pt\/wp-json\/wp\/v2\/product\/49554\/revisions\/53947"}],"wp:featuredmedia":[{"embeddable":true,"href":"https:\/\/alegerglobal.com\/pt-pt\/wp-json\/wp\/v2\/media\/39955"}],"wp:attachment":[{"href":"https:\/\/alegerglobal.com\/pt-pt\/wp-json\/wp\/v2\/media?parent=49554"}],"wp:term":[{"taxonomy":"product_brand","embeddable":true,"href":"https:\/\/alegerglobal.com\/pt-pt\/wp-json\/wp\/v2\/product_brand?post=49554"},{"taxonomy":"product_cat","embeddable":true,"href":"https:\/\/alegerglobal.com\/pt-pt\/wp-json\/wp\/v2\/product_cat?post=49554"},{"taxonomy":"product_tag","embeddable":true,"href":"https:\/\/alegerglobal.com\/pt-pt\/wp-json\/wp\/v2\/product_tag?post=49554"}],"curies":[{"name":"wp","href":"https:\/\/api.w.org\/{rel}","templated":true}]}}