{"id":49113,"date":"2025-09-14T13:47:40","date_gmt":"2025-09-14T12:47:42","guid":{"rendered":"https:\/\/alegerglobal.com\/?post_type=product&#038;p=49113"},"modified":"2026-03-25T20:52:59","modified_gmt":"2026-03-25T19:52:59","slug":"ecom-pad-ex-pro-01-p8-dz2-comprimido-ex-protegido-atex-zona-2-ecra-tactil-de-116-windows-2","status":"publish","type":"product","link":"https:\/\/alegerglobal.com\/pt-pt\/shop-pt-pt\/atex-pt-pt\/ecom-pad-ex-pro-01-p8-dz2-comprimido-ex-protegido-atex-zona-2-ecra-tactil-de-116-windows-2\/","title":{"rendered":"Tab-Ex\u00ae 05 DZ1 &#8211; Desempenho e seguran\u00e7a em atmosferas potencialmente explosivas (Zona 1\/21 e Div 1)"},"content":{"rendered":"","protected":false},"excerpt":{"rendered":"<p>O <strong data-start=\"235\" data-end=\"253\">Tab-Ex\u00ae 05 DZ1<\/strong> \u00e9 um tablet Android robusto concebido para ser utilizado em ambientes perigosos, como a Zona 1\/21 e a Divis\u00e3o 1. Combina tecnologias de comunica\u00e7\u00e3o de \u00faltima gera\u00e7\u00e3o, os mais elevados padr\u00f5es de seguran\u00e7a e uma constru\u00e7\u00e3o duradoura &#8211; ideal para aplica\u00e7\u00f5es industriais, qu\u00edmicas, de petr\u00f3leo e g\u00e1s, de manuten\u00e7\u00e3o e todas as aplica\u00e7\u00f5es em que a seguran\u00e7a e a fiabilidade s\u00e3o fundamentais.<\/p>\n","protected":false},"featured_media":49145,"comment_status":"open","ping_status":"closed","template":"","meta":{"_acf_changed":false},"product_brand":[],"product_cat":[1161,2631,1162],"product_tag":[],"class_list":{"0":"post-49113","1":"product","2":"type-product","3":"status-publish","4":"has-post-thumbnail","6":"product_cat-atex-pt-pt","7":"product_cat-computacao-movel","8":"product_cat-shop-pt-pt","9":"pa_hersteller-ecom-pt-pt","11":"first","12":"instock","13":"taxable","14":"shipping-taxable","15":"purchasable","16":"product-type-simple"},"acf":[],"yoast_head":"<!-- This site is optimized with the Yoast SEO Premium plugin v20.10 (Yoast SEO v24.3) - https:\/\/yoast.com\/wordpress\/plugins\/seo\/ -->\n<title>Compra Tab-Ex\u00ae 05 DZ1 na ecom - ALEGER \u22c6 Augmented Reality<\/title>\n<meta name=\"description\" content=\"Descobre o robusto Tab-Ex\u00ae 05 DZ1 da ecom. Trabalha de forma m\u00f3vel e segura com este tablet para Atex Zona 1.\" \/>\n<meta name=\"robots\" content=\"index, follow, max-snippet:-1, max-image-preview:large, max-video-preview:-1\" \/>\n<meta property=\"og:locale\" content=\"pt_PT\" \/>\n<meta property=\"og:type\" content=\"article\" \/>\n<meta property=\"og:title\" content=\"Tab-Ex\u00ae 05 DZ1 - Desempenho e seguran\u00e7a em atmosferas potencialmente explosivas (Zona 1\/21 e Div 1)\" \/>\n<meta property=\"og:description\" content=\"Descobre o robusto Tab-Ex\u00ae 05 DZ1 da ecom. Trabalha de forma m\u00f3vel e segura com este tablet para Atex Zona 1.\" \/>\n<meta property=\"og:url\" content=\"https:\/\/alegerglobal.com\/pt-pt\/shop-pt-pt\/atex-pt-pt\/ecom-pad-ex-pro-01-p8-dz2-comprimido-ex-protegido-atex-zona-2-ecra-tactil-de-116-windows-2\/\" \/>\n<meta property=\"og:site_name\" content=\"ALEGER \u22c6 Augmented Reality\" \/>\n<meta property=\"article:modified_time\" content=\"2026-03-25T19:52:59+00:00\" \/>\n<meta property=\"og:image\" content=\"https:\/\/alegerglobal.com\/wp-content\/uploads\/2025\/09\/tab-ex-dz1.png\" \/>\n\t<meta property=\"og:image:width\" content=\"400\" \/>\n\t<meta property=\"og:image:height\" content=\"400\" \/>\n\t<meta property=\"og:image:type\" content=\"image\/png\" \/>\n<meta name=\"twitter:card\" content=\"summary_large_image\" \/>\n<meta name=\"twitter:label1\" content=\"pre\u00e7o\" \/>\n\t<meta name=\"twitter:data1\" content=\"&euro;4.249,00\" \/>\n\t<meta name=\"twitter:label2\" content=\"Disponibilidade\" \/>\n\t<meta name=\"twitter:data2\" content=\"Em stock\" \/>\n<script type=\"application\/ld+json\" class=\"yoast-schema-graph\">{\"@context\":\"https:\/\/schema.org\",\"@graph\":[{\"@type\":\"WebPage\",\"@id\":\"https:\/\/alegerglobal.com\/pt-pt\/shop-pt-pt\/atex-pt-pt\/ecom-pad-ex-pro-01-p8-dz2-comprimido-ex-protegido-atex-zona-2-ecra-tactil-de-116-windows-2\/\",\"url\":\"https:\/\/alegerglobal.com\/pt-pt\/shop-pt-pt\/atex-pt-pt\/ecom-pad-ex-pro-01-p8-dz2-comprimido-ex-protegido-atex-zona-2-ecra-tactil-de-116-windows-2\/\",\"name\":\"Compra Tab-Ex\u00ae 05 DZ1 na ecom - ALEGER \u22c6 Augmented Reality\",\"isPartOf\":{\"@id\":\"https:\/\/alegerglobal.com\/pt-pt\/#website\"},\"primaryImageOfPage\":{\"@id\":\"https:\/\/alegerglobal.com\/pt-pt\/shop-pt-pt\/atex-pt-pt\/ecom-pad-ex-pro-01-p8-dz2-comprimido-ex-protegido-atex-zona-2-ecra-tactil-de-116-windows-2\/#primaryimage\"},\"image\":{\"@id\":\"https:\/\/alegerglobal.com\/pt-pt\/shop-pt-pt\/atex-pt-pt\/ecom-pad-ex-pro-01-p8-dz2-comprimido-ex-protegido-atex-zona-2-ecra-tactil-de-116-windows-2\/#primaryimage\"},\"thumbnailUrl\":\"https:\/\/alegerglobal.com\/wp-content\/uploads\/2025\/09\/tab-ex-dz1.png\",\"datePublished\":\"2025-09-14T12:47:42+00:00\",\"dateModified\":\"2026-03-25T19:52:59+00:00\",\"description\":\"Descobre o robusto Tab-Ex\u00ae 05 DZ1 da ecom. Trabalha de forma m\u00f3vel e segura com este tablet para Atex Zona 1.\",\"breadcrumb\":{\"@id\":\"https:\/\/alegerglobal.com\/pt-pt\/shop-pt-pt\/atex-pt-pt\/ecom-pad-ex-pro-01-p8-dz2-comprimido-ex-protegido-atex-zona-2-ecra-tactil-de-116-windows-2\/#breadcrumb\"},\"inLanguage\":\"pt-PT\",\"potentialAction\":[{\"@type\":\"ReadAction\",\"target\":[\"https:\/\/alegerglobal.com\/pt-pt\/shop-pt-pt\/atex-pt-pt\/ecom-pad-ex-pro-01-p8-dz2-comprimido-ex-protegido-atex-zona-2-ecra-tactil-de-116-windows-2\/\"]}]},{\"@type\":\"ImageObject\",\"inLanguage\":\"pt-PT\",\"@id\":\"https:\/\/alegerglobal.com\/pt-pt\/shop-pt-pt\/atex-pt-pt\/ecom-pad-ex-pro-01-p8-dz2-comprimido-ex-protegido-atex-zona-2-ecra-tactil-de-116-windows-2\/#primaryimage\",\"url\":\"https:\/\/alegerglobal.com\/wp-content\/uploads\/2025\/09\/tab-ex-dz1.png\",\"contentUrl\":\"https:\/\/alegerglobal.com\/wp-content\/uploads\/2025\/09\/tab-ex-dz1.png\",\"width\":400,\"height\":400},{\"@type\":\"BreadcrumbList\",\"@id\":\"https:\/\/alegerglobal.com\/pt-pt\/shop-pt-pt\/atex-pt-pt\/ecom-pad-ex-pro-01-p8-dz2-comprimido-ex-protegido-atex-zona-2-ecra-tactil-de-116-windows-2\/#breadcrumb\",\"itemListElement\":[{\"@type\":\"ListItem\",\"position\":1,\"name\":\"Home\",\"item\":\"https:\/\/alegerglobal.com\/pt-pt\/novo-pagina-inicial\/\"},{\"@type\":\"ListItem\",\"position\":2,\"name\":\"Produtos\",\"item\":\"https:\/\/alegerglobal.com\/pt-pt\/produtos\/\"},{\"@type\":\"ListItem\",\"position\":3,\"name\":\"Tab-Ex\u00ae 05 DZ1 &#8211; Desempenho e seguran\u00e7a em atmosferas potencialmente explosivas (Zona 1\/21 e Div 1)\"}]},{\"@type\":\"WebSite\",\"@id\":\"https:\/\/alegerglobal.com\/pt-pt\/#website\",\"url\":\"https:\/\/alegerglobal.com\/pt-pt\/\",\"name\":\"ALEGER \u22c6 Augmented Reality\",\"description\":\"Die besten Augmented Reality (AR) L\u00f6sungen der Welt.\",\"publisher\":{\"@id\":\"https:\/\/alegerglobal.com\/pt-pt\/#organization\"},\"potentialAction\":[{\"@type\":\"SearchAction\",\"target\":{\"@type\":\"EntryPoint\",\"urlTemplate\":\"https:\/\/alegerglobal.com\/pt-pt\/?s={search_term_string}\"},\"query-input\":{\"@type\":\"PropertyValueSpecification\",\"valueRequired\":true,\"valueName\":\"search_term_string\"}}],\"inLanguage\":\"pt-PT\"},{\"@type\":\"Organization\",\"@id\":\"https:\/\/alegerglobal.com\/pt-pt\/#organization\",\"name\":\"ALEGER \u22c6 Augmented Reality\",\"url\":\"https:\/\/alegerglobal.com\/pt-pt\/\",\"logo\":{\"@type\":\"ImageObject\",\"inLanguage\":\"pt-PT\",\"@id\":\"https:\/\/alegerglobal.com\/pt-pt\/#\/schema\/logo\/image\/\",\"url\":\"https:\/\/alegerglobal.com\/wp-content\/uploads\/2020\/12\/aleger-logo-quadrat.jpg\",\"contentUrl\":\"https:\/\/alegerglobal.com\/wp-content\/uploads\/2020\/12\/aleger-logo-quadrat.jpg\",\"width\":200,\"height\":176,\"caption\":\"ALEGER \u22c6 Augmented Reality\"},\"image\":{\"@id\":\"https:\/\/alegerglobal.com\/pt-pt\/#\/schema\/logo\/image\/\"}}]}<\/script>\n<meta property=\"product:brand\" content=\"Ecom\" \/>\n<meta property=\"product:price:amount\" content=\"4249.00\" \/>\n<meta property=\"product:price:currency\" content=\"EUR\" \/>\n<meta property=\"og:availability\" content=\"instock\" \/>\n<meta property=\"product:availability\" content=\"instock\" \/>\n<meta property=\"product:condition\" content=\"new\" \/>\n<!-- \/ Yoast SEO Premium plugin. -->","yoast_head_json":{"title":"Compra Tab-Ex\u00ae 05 DZ1 na ecom - ALEGER \u22c6 Augmented Reality","description":"Descobre o robusto Tab-Ex\u00ae 05 DZ1 da ecom. Trabalha de forma m\u00f3vel e segura com este tablet para Atex Zona 1.","robots":{"index":"index","follow":"follow","max-snippet":"max-snippet:-1","max-image-preview":"max-image-preview:large","max-video-preview":"max-video-preview:-1"},"og_locale":"pt_PT","og_type":"article","og_title":"Tab-Ex\u00ae 05 DZ1 - Desempenho e seguran\u00e7a em atmosferas potencialmente explosivas (Zona 1\/21 e Div 1)","og_description":"Descobre o robusto Tab-Ex\u00ae 05 DZ1 da ecom. Trabalha de forma m\u00f3vel e segura com este tablet para Atex Zona 1.","og_url":"https:\/\/alegerglobal.com\/pt-pt\/shop-pt-pt\/atex-pt-pt\/ecom-pad-ex-pro-01-p8-dz2-comprimido-ex-protegido-atex-zona-2-ecra-tactil-de-116-windows-2\/","og_site_name":"ALEGER \u22c6 Augmented Reality","article_modified_time":"2026-03-25T19:52:59+00:00","og_image":[{"width":400,"height":400,"url":"https:\/\/alegerglobal.com\/wp-content\/uploads\/2025\/09\/tab-ex-dz1.png","type":"image\/png"}],"twitter_card":"summary_large_image","twitter_misc":{"pre\u00e7o":"&euro;4.249,00","Disponibilidade":"Em stock"},"schema":{"@context":"https:\/\/schema.org","@graph":[{"@type":"WebPage","@id":"https:\/\/alegerglobal.com\/pt-pt\/shop-pt-pt\/atex-pt-pt\/ecom-pad-ex-pro-01-p8-dz2-comprimido-ex-protegido-atex-zona-2-ecra-tactil-de-116-windows-2\/","url":"https:\/\/alegerglobal.com\/pt-pt\/shop-pt-pt\/atex-pt-pt\/ecom-pad-ex-pro-01-p8-dz2-comprimido-ex-protegido-atex-zona-2-ecra-tactil-de-116-windows-2\/","name":"Compra Tab-Ex\u00ae 05 DZ1 na ecom - ALEGER \u22c6 Augmented Reality","isPartOf":{"@id":"https:\/\/alegerglobal.com\/pt-pt\/#website"},"primaryImageOfPage":{"@id":"https:\/\/alegerglobal.com\/pt-pt\/shop-pt-pt\/atex-pt-pt\/ecom-pad-ex-pro-01-p8-dz2-comprimido-ex-protegido-atex-zona-2-ecra-tactil-de-116-windows-2\/#primaryimage"},"image":{"@id":"https:\/\/alegerglobal.com\/pt-pt\/shop-pt-pt\/atex-pt-pt\/ecom-pad-ex-pro-01-p8-dz2-comprimido-ex-protegido-atex-zona-2-ecra-tactil-de-116-windows-2\/#primaryimage"},"thumbnailUrl":"https:\/\/alegerglobal.com\/wp-content\/uploads\/2025\/09\/tab-ex-dz1.png","datePublished":"2025-09-14T12:47:42+00:00","dateModified":"2026-03-25T19:52:59+00:00","description":"Descobre o robusto Tab-Ex\u00ae 05 DZ1 da ecom. Trabalha de forma m\u00f3vel e segura com este tablet para Atex Zona 1.","breadcrumb":{"@id":"https:\/\/alegerglobal.com\/pt-pt\/shop-pt-pt\/atex-pt-pt\/ecom-pad-ex-pro-01-p8-dz2-comprimido-ex-protegido-atex-zona-2-ecra-tactil-de-116-windows-2\/#breadcrumb"},"inLanguage":"pt-PT","potentialAction":[{"@type":"ReadAction","target":["https:\/\/alegerglobal.com\/pt-pt\/shop-pt-pt\/atex-pt-pt\/ecom-pad-ex-pro-01-p8-dz2-comprimido-ex-protegido-atex-zona-2-ecra-tactil-de-116-windows-2\/"]}]},{"@type":"ImageObject","inLanguage":"pt-PT","@id":"https:\/\/alegerglobal.com\/pt-pt\/shop-pt-pt\/atex-pt-pt\/ecom-pad-ex-pro-01-p8-dz2-comprimido-ex-protegido-atex-zona-2-ecra-tactil-de-116-windows-2\/#primaryimage","url":"https:\/\/alegerglobal.com\/wp-content\/uploads\/2025\/09\/tab-ex-dz1.png","contentUrl":"https:\/\/alegerglobal.com\/wp-content\/uploads\/2025\/09\/tab-ex-dz1.png","width":400,"height":400},{"@type":"BreadcrumbList","@id":"https:\/\/alegerglobal.com\/pt-pt\/shop-pt-pt\/atex-pt-pt\/ecom-pad-ex-pro-01-p8-dz2-comprimido-ex-protegido-atex-zona-2-ecra-tactil-de-116-windows-2\/#breadcrumb","itemListElement":[{"@type":"ListItem","position":1,"name":"Home","item":"https:\/\/alegerglobal.com\/pt-pt\/novo-pagina-inicial\/"},{"@type":"ListItem","position":2,"name":"Produtos","item":"https:\/\/alegerglobal.com\/pt-pt\/produtos\/"},{"@type":"ListItem","position":3,"name":"Tab-Ex\u00ae 05 DZ1 &#8211; Desempenho e seguran\u00e7a em atmosferas potencialmente explosivas (Zona 1\/21 e Div 1)"}]},{"@type":"WebSite","@id":"https:\/\/alegerglobal.com\/pt-pt\/#website","url":"https:\/\/alegerglobal.com\/pt-pt\/","name":"ALEGER \u22c6 Augmented Reality","description":"Die besten Augmented Reality (AR) L\u00f6sungen der Welt.","publisher":{"@id":"https:\/\/alegerglobal.com\/pt-pt\/#organization"},"potentialAction":[{"@type":"SearchAction","target":{"@type":"EntryPoint","urlTemplate":"https:\/\/alegerglobal.com\/pt-pt\/?s={search_term_string}"},"query-input":{"@type":"PropertyValueSpecification","valueRequired":true,"valueName":"search_term_string"}}],"inLanguage":"pt-PT"},{"@type":"Organization","@id":"https:\/\/alegerglobal.com\/pt-pt\/#organization","name":"ALEGER \u22c6 Augmented Reality","url":"https:\/\/alegerglobal.com\/pt-pt\/","logo":{"@type":"ImageObject","inLanguage":"pt-PT","@id":"https:\/\/alegerglobal.com\/pt-pt\/#\/schema\/logo\/image\/","url":"https:\/\/alegerglobal.com\/wp-content\/uploads\/2020\/12\/aleger-logo-quadrat.jpg","contentUrl":"https:\/\/alegerglobal.com\/wp-content\/uploads\/2020\/12\/aleger-logo-quadrat.jpg","width":200,"height":176,"caption":"ALEGER \u22c6 Augmented Reality"},"image":{"@id":"https:\/\/alegerglobal.com\/pt-pt\/#\/schema\/logo\/image\/"}}]},"product_brand":"Ecom","product_price_amount":"4249.00","product_price_currency":"EUR","og_availability":"instock","product_availability":"instock","product_condition":"new"},"_links":{"self":[{"href":"https:\/\/alegerglobal.com\/pt-pt\/wp-json\/wp\/v2\/product\/49113","targetHints":{"allow":["GET"]}}],"collection":[{"href":"https:\/\/alegerglobal.com\/pt-pt\/wp-json\/wp\/v2\/product"}],"about":[{"href":"https:\/\/alegerglobal.com\/pt-pt\/wp-json\/wp\/v2\/types\/product"}],"replies":[{"embeddable":true,"href":"https:\/\/alegerglobal.com\/pt-pt\/wp-json\/wp\/v2\/comments?post=49113"}],"version-history":[{"count":2,"href":"https:\/\/alegerglobal.com\/pt-pt\/wp-json\/wp\/v2\/product\/49113\/revisions"}],"predecessor-version":[{"id":54063,"href":"https:\/\/alegerglobal.com\/pt-pt\/wp-json\/wp\/v2\/product\/49113\/revisions\/54063"}],"wp:featuredmedia":[{"embeddable":true,"href":"https:\/\/alegerglobal.com\/pt-pt\/wp-json\/wp\/v2\/media\/49145"}],"wp:attachment":[{"href":"https:\/\/alegerglobal.com\/pt-pt\/wp-json\/wp\/v2\/media?parent=49113"}],"wp:term":[{"taxonomy":"product_brand","embeddable":true,"href":"https:\/\/alegerglobal.com\/pt-pt\/wp-json\/wp\/v2\/product_brand?post=49113"},{"taxonomy":"product_cat","embeddable":true,"href":"https:\/\/alegerglobal.com\/pt-pt\/wp-json\/wp\/v2\/product_cat?post=49113"},{"taxonomy":"product_tag","embeddable":true,"href":"https:\/\/alegerglobal.com\/pt-pt\/wp-json\/wp\/v2\/product_tag?post=49113"}],"curies":[{"name":"wp","href":"https:\/\/api.w.org\/{rel}","templated":true}]}}