{"id":39697,"date":"2023-02-09T03:22:49","date_gmt":"2024-06-03T12:00:08","guid":{"rendered":"https:\/\/alegerglobal.com\/sem categoria\/capacete-de-construcao-seguranca-com-adaptador-hololens-2\/"},"modified":"2024-06-03T13:00:08","modified_gmt":"2024-06-03T12:00:08","slug":"capacete-de-seguranca-para-construcao-com-adaptador-para-hololens-2","status":"publish","type":"product","link":"https:\/\/alegerglobal.com\/pt-pt\/shop-pt-pt\/acessorios\/capacete-de-seguranca-para-construcao-com-adaptador-para-hololens-2\/","title":{"rendered":"Capacete de constru\u00e7\u00e3o\/seguran\u00e7a com adaptador HoloLens 2"},"content":{"rendered":"","protected":false},"excerpt":{"rendered":"<p>Visita a tua f\u00e1brica ou estaleiro em realidade aumentada gra\u00e7as a esta solu\u00e7\u00e3o de capacete de seguran\u00e7a que te permite personalizar e fixar o teu HoloLens 2*.<\/p>\n<ul>\n<li>Certifica\u00e7\u00e3o da UE de acordo com a norma 397:2012<\/li>\n<li>Muitas aplica\u00e7\u00f5es para actividades no solo (ind\u00fastria, estaleiro de constru\u00e7\u00e3o&#8230;) e no ar (repara\u00e7\u00e3o t\u00e9cnica em altura, salvamento, etc&#8230;)<\/li>\n<li>Sistema de clipes: Os \u00f3culos HoloLens 2 podem ser facilmente fixados e removidos do capacete Protos<\/li>\n<li>Personaliza\u00e7\u00e3o poss\u00edvel a pedido e com custo adicional: cores, log\u00f3tipos, prote\u00e7\u00e3o auricular, microfone, Bluetooth&#8230;<\/li>\n<\/ul>\n","protected":false},"featured_media":37919,"comment_status":"open","ping_status":"closed","template":"","meta":{"_acf_changed":false},"product_brand":[],"product_cat":[1188,1162],"product_tag":[],"class_list":{"0":"post-39697","1":"product","2":"type-product","3":"status-publish","4":"has-post-thumbnail","6":"product_cat-acessorios","7":"product_cat-shop-pt-pt","9":"first","10":"instock","11":"taxable","12":"shipping-taxable","13":"product-type-simple"},"acf":[],"yoast_head":"<!-- This site is optimized with the Yoast SEO Premium plugin v20.10 (Yoast SEO v24.3) - https:\/\/yoast.com\/wordpress\/plugins\/seo\/ -->\n<title>- ALEGER \u22c6 Augmented Reality<\/title>\n<meta name=\"robots\" content=\"index, follow, max-snippet:-1, max-image-preview:large, max-video-preview:-1\" \/>\n<meta property=\"og:locale\" content=\"pt_PT\" \/>\n<meta property=\"og:type\" content=\"article\" \/>\n<meta property=\"og:title\" content=\"Capacete de constru\u00e7\u00e3o\/seguran\u00e7a com adaptador HoloLens 2\" \/>\n<meta property=\"og:description\" content=\"Visita a tua f\u00e1brica ou estaleiro em realidade aumentada gra\u00e7as a esta solu\u00e7\u00e3o de capacete de seguran\u00e7a que te permite personalizar e fixar o teu HoloLens 2*.  Certifica\u00e7\u00e3o da UE de acordo com a norma 397:2012  Muitas aplica\u00e7\u00f5es para actividades no solo (ind\u00fastria, estaleiro de constru\u00e7\u00e3o...) e no ar (repara\u00e7\u00e3o t\u00e9cnica em altura, salvamento, etc...)  Sistema de clipes: Os \u00f3culos HoloLens 2 podem ser facilmente fixados e removidos do capacete Protos  Personaliza\u00e7\u00e3o poss\u00edvel a pedido e com custo adicional: cores, log\u00f3tipos, prote\u00e7\u00e3o auricular, microfone, Bluetooth...\" \/>\n<meta property=\"og:url\" content=\"https:\/\/alegerglobal.com\/pt-pt\/shop-pt-pt\/acessorios\/capacete-de-seguranca-para-construcao-com-adaptador-para-hololens-2\/\" \/>\n<meta property=\"og:site_name\" content=\"ALEGER \u22c6 Augmented Reality\" \/>\n<meta property=\"og:image\" content=\"https:\/\/alegerglobal.com\/wp-content\/uploads\/2023\/02\/bau-sicherheitshelm-mit-hololens-2-adapter.jpg\" \/>\n\t<meta property=\"og:image:width\" content=\"600\" \/>\n\t<meta property=\"og:image:height\" content=\"600\" \/>\n\t<meta property=\"og:image:type\" content=\"image\/jpeg\" \/>\n<meta name=\"twitter:card\" content=\"summary_large_image\" \/>\n<meta name=\"twitter:label1\" content=\"pre\u00e7o\" \/>\n\t<meta name=\"twitter:data1\" content=\"\" \/>\n\t<meta name=\"twitter:label2\" content=\"Disponibilidade\" \/>\n\t<meta name=\"twitter:data2\" content=\"Em stock\" \/>\n<script type=\"application\/ld+json\" class=\"yoast-schema-graph\">{\"@context\":\"https:\/\/schema.org\",\"@graph\":[{\"@type\":\"WebPage\",\"@id\":\"https:\/\/alegerglobal.com\/pt-pt\/shop-pt-pt\/acessorios\/capacete-de-seguranca-para-construcao-com-adaptador-para-hololens-2\/\",\"url\":\"https:\/\/alegerglobal.com\/pt-pt\/shop-pt-pt\/acessorios\/capacete-de-seguranca-para-construcao-com-adaptador-para-hololens-2\/\",\"name\":\"- ALEGER \u22c6 Augmented Reality\",\"isPartOf\":{\"@id\":\"https:\/\/alegerglobal.com\/pt-pt\/#website\"},\"primaryImageOfPage\":{\"@id\":\"https:\/\/alegerglobal.com\/pt-pt\/shop-pt-pt\/acessorios\/capacete-de-seguranca-para-construcao-com-adaptador-para-hololens-2\/#primaryimage\"},\"image\":{\"@id\":\"https:\/\/alegerglobal.com\/pt-pt\/shop-pt-pt\/acessorios\/capacete-de-seguranca-para-construcao-com-adaptador-para-hololens-2\/#primaryimage\"},\"thumbnailUrl\":\"https:\/\/alegerglobal.com\/wp-content\/uploads\/2023\/02\/bau-sicherheitshelm-mit-hololens-2-adapter.jpg\",\"datePublished\":\"2024-06-03T12:00:08+00:00\",\"dateModified\":\"2024-06-03T12:00:08+00:00\",\"breadcrumb\":{\"@id\":\"https:\/\/alegerglobal.com\/pt-pt\/shop-pt-pt\/acessorios\/capacete-de-seguranca-para-construcao-com-adaptador-para-hololens-2\/#breadcrumb\"},\"inLanguage\":\"pt-PT\",\"potentialAction\":[{\"@type\":\"ReadAction\",\"target\":[\"https:\/\/alegerglobal.com\/pt-pt\/shop-pt-pt\/acessorios\/capacete-de-seguranca-para-construcao-com-adaptador-para-hololens-2\/\"]}]},{\"@type\":\"ImageObject\",\"inLanguage\":\"pt-PT\",\"@id\":\"https:\/\/alegerglobal.com\/pt-pt\/shop-pt-pt\/acessorios\/capacete-de-seguranca-para-construcao-com-adaptador-para-hololens-2\/#primaryimage\",\"url\":\"https:\/\/alegerglobal.com\/wp-content\/uploads\/2023\/02\/bau-sicherheitshelm-mit-hololens-2-adapter.jpg\",\"contentUrl\":\"https:\/\/alegerglobal.com\/wp-content\/uploads\/2023\/02\/bau-sicherheitshelm-mit-hololens-2-adapter.jpg\",\"width\":600,\"height\":600},{\"@type\":\"BreadcrumbList\",\"@id\":\"https:\/\/alegerglobal.com\/pt-pt\/shop-pt-pt\/acessorios\/capacete-de-seguranca-para-construcao-com-adaptador-para-hololens-2\/#breadcrumb\",\"itemListElement\":[{\"@type\":\"ListItem\",\"position\":1,\"name\":\"Home\",\"item\":\"https:\/\/alegerglobal.com\/pt-pt\/novo-pagina-inicial\/\"},{\"@type\":\"ListItem\",\"position\":2,\"name\":\"Produtos\",\"item\":\"https:\/\/alegerglobal.com\/pt-pt\/produtos\/\"},{\"@type\":\"ListItem\",\"position\":3,\"name\":\"Capacete de constru\u00e7\u00e3o\/seguran\u00e7a com adaptador HoloLens 2\"}]},{\"@type\":\"WebSite\",\"@id\":\"https:\/\/alegerglobal.com\/pt-pt\/#website\",\"url\":\"https:\/\/alegerglobal.com\/pt-pt\/\",\"name\":\"ALEGER \u22c6 Augmented Reality\",\"description\":\"Die besten Augmented Reality (AR) L\u00f6sungen der Welt.\",\"publisher\":{\"@id\":\"https:\/\/alegerglobal.com\/pt-pt\/#organization\"},\"potentialAction\":[{\"@type\":\"SearchAction\",\"target\":{\"@type\":\"EntryPoint\",\"urlTemplate\":\"https:\/\/alegerglobal.com\/pt-pt\/?s={search_term_string}\"},\"query-input\":{\"@type\":\"PropertyValueSpecification\",\"valueRequired\":true,\"valueName\":\"search_term_string\"}}],\"inLanguage\":\"pt-PT\"},{\"@type\":\"Organization\",\"@id\":\"https:\/\/alegerglobal.com\/pt-pt\/#organization\",\"name\":\"ALEGER \u22c6 Augmented Reality\",\"url\":\"https:\/\/alegerglobal.com\/pt-pt\/\",\"logo\":{\"@type\":\"ImageObject\",\"inLanguage\":\"pt-PT\",\"@id\":\"https:\/\/alegerglobal.com\/pt-pt\/#\/schema\/logo\/image\/\",\"url\":\"https:\/\/alegerglobal.com\/wp-content\/uploads\/2020\/12\/aleger-logo-quadrat.jpg\",\"contentUrl\":\"https:\/\/alegerglobal.com\/wp-content\/uploads\/2020\/12\/aleger-logo-quadrat.jpg\",\"width\":200,\"height\":176,\"caption\":\"ALEGER \u22c6 Augmented Reality\"},\"image\":{\"@id\":\"https:\/\/alegerglobal.com\/pt-pt\/#\/schema\/logo\/image\/\"}}]}<\/script>\n<meta property=\"product:price:amount\" content=\"0.00\" \/>\n<meta property=\"product:price:currency\" content=\"EUR\" \/>\n<meta property=\"og:availability\" content=\"instock\" \/>\n<meta property=\"product:availability\" content=\"instock\" \/>\n<meta property=\"product:condition\" content=\"new\" \/>\n<!-- \/ Yoast SEO Premium plugin. -->","yoast_head_json":{"title":"- ALEGER \u22c6 Augmented Reality","robots":{"index":"index","follow":"follow","max-snippet":"max-snippet:-1","max-image-preview":"max-image-preview:large","max-video-preview":"max-video-preview:-1"},"og_locale":"pt_PT","og_type":"article","og_title":"Capacete de constru\u00e7\u00e3o\/seguran\u00e7a com adaptador HoloLens 2","og_description":"Visita a tua f\u00e1brica ou estaleiro em realidade aumentada gra\u00e7as a esta solu\u00e7\u00e3o de capacete de seguran\u00e7a que te permite personalizar e fixar o teu HoloLens 2*.  Certifica\u00e7\u00e3o da UE de acordo com a norma 397:2012  Muitas aplica\u00e7\u00f5es para actividades no solo (ind\u00fastria, estaleiro de constru\u00e7\u00e3o...) e no ar (repara\u00e7\u00e3o t\u00e9cnica em altura, salvamento, etc...)  Sistema de clipes: Os \u00f3culos HoloLens 2 podem ser facilmente fixados e removidos do capacete Protos  Personaliza\u00e7\u00e3o poss\u00edvel a pedido e com custo adicional: cores, log\u00f3tipos, prote\u00e7\u00e3o auricular, microfone, Bluetooth...","og_url":"https:\/\/alegerglobal.com\/pt-pt\/shop-pt-pt\/acessorios\/capacete-de-seguranca-para-construcao-com-adaptador-para-hololens-2\/","og_site_name":"ALEGER \u22c6 Augmented Reality","og_image":[{"width":600,"height":600,"url":"https:\/\/alegerglobal.com\/wp-content\/uploads\/2023\/02\/bau-sicherheitshelm-mit-hololens-2-adapter.jpg","type":"image\/jpeg"}],"twitter_card":"summary_large_image","twitter_misc":{"pre\u00e7o":"","Disponibilidade":"Em stock"},"schema":{"@context":"https:\/\/schema.org","@graph":[{"@type":"WebPage","@id":"https:\/\/alegerglobal.com\/pt-pt\/shop-pt-pt\/acessorios\/capacete-de-seguranca-para-construcao-com-adaptador-para-hololens-2\/","url":"https:\/\/alegerglobal.com\/pt-pt\/shop-pt-pt\/acessorios\/capacete-de-seguranca-para-construcao-com-adaptador-para-hololens-2\/","name":"- ALEGER \u22c6 Augmented Reality","isPartOf":{"@id":"https:\/\/alegerglobal.com\/pt-pt\/#website"},"primaryImageOfPage":{"@id":"https:\/\/alegerglobal.com\/pt-pt\/shop-pt-pt\/acessorios\/capacete-de-seguranca-para-construcao-com-adaptador-para-hololens-2\/#primaryimage"},"image":{"@id":"https:\/\/alegerglobal.com\/pt-pt\/shop-pt-pt\/acessorios\/capacete-de-seguranca-para-construcao-com-adaptador-para-hololens-2\/#primaryimage"},"thumbnailUrl":"https:\/\/alegerglobal.com\/wp-content\/uploads\/2023\/02\/bau-sicherheitshelm-mit-hololens-2-adapter.jpg","datePublished":"2024-06-03T12:00:08+00:00","dateModified":"2024-06-03T12:00:08+00:00","breadcrumb":{"@id":"https:\/\/alegerglobal.com\/pt-pt\/shop-pt-pt\/acessorios\/capacete-de-seguranca-para-construcao-com-adaptador-para-hololens-2\/#breadcrumb"},"inLanguage":"pt-PT","potentialAction":[{"@type":"ReadAction","target":["https:\/\/alegerglobal.com\/pt-pt\/shop-pt-pt\/acessorios\/capacete-de-seguranca-para-construcao-com-adaptador-para-hololens-2\/"]}]},{"@type":"ImageObject","inLanguage":"pt-PT","@id":"https:\/\/alegerglobal.com\/pt-pt\/shop-pt-pt\/acessorios\/capacete-de-seguranca-para-construcao-com-adaptador-para-hololens-2\/#primaryimage","url":"https:\/\/alegerglobal.com\/wp-content\/uploads\/2023\/02\/bau-sicherheitshelm-mit-hololens-2-adapter.jpg","contentUrl":"https:\/\/alegerglobal.com\/wp-content\/uploads\/2023\/02\/bau-sicherheitshelm-mit-hololens-2-adapter.jpg","width":600,"height":600},{"@type":"BreadcrumbList","@id":"https:\/\/alegerglobal.com\/pt-pt\/shop-pt-pt\/acessorios\/capacete-de-seguranca-para-construcao-com-adaptador-para-hololens-2\/#breadcrumb","itemListElement":[{"@type":"ListItem","position":1,"name":"Home","item":"https:\/\/alegerglobal.com\/pt-pt\/novo-pagina-inicial\/"},{"@type":"ListItem","position":2,"name":"Produtos","item":"https:\/\/alegerglobal.com\/pt-pt\/produtos\/"},{"@type":"ListItem","position":3,"name":"Capacete de constru\u00e7\u00e3o\/seguran\u00e7a com adaptador HoloLens 2"}]},{"@type":"WebSite","@id":"https:\/\/alegerglobal.com\/pt-pt\/#website","url":"https:\/\/alegerglobal.com\/pt-pt\/","name":"ALEGER \u22c6 Augmented Reality","description":"Die besten Augmented Reality (AR) L\u00f6sungen der Welt.","publisher":{"@id":"https:\/\/alegerglobal.com\/pt-pt\/#organization"},"potentialAction":[{"@type":"SearchAction","target":{"@type":"EntryPoint","urlTemplate":"https:\/\/alegerglobal.com\/pt-pt\/?s={search_term_string}"},"query-input":{"@type":"PropertyValueSpecification","valueRequired":true,"valueName":"search_term_string"}}],"inLanguage":"pt-PT"},{"@type":"Organization","@id":"https:\/\/alegerglobal.com\/pt-pt\/#organization","name":"ALEGER \u22c6 Augmented Reality","url":"https:\/\/alegerglobal.com\/pt-pt\/","logo":{"@type":"ImageObject","inLanguage":"pt-PT","@id":"https:\/\/alegerglobal.com\/pt-pt\/#\/schema\/logo\/image\/","url":"https:\/\/alegerglobal.com\/wp-content\/uploads\/2020\/12\/aleger-logo-quadrat.jpg","contentUrl":"https:\/\/alegerglobal.com\/wp-content\/uploads\/2020\/12\/aleger-logo-quadrat.jpg","width":200,"height":176,"caption":"ALEGER \u22c6 Augmented Reality"},"image":{"@id":"https:\/\/alegerglobal.com\/pt-pt\/#\/schema\/logo\/image\/"}}]},"product_price_amount":"0.00","product_price_currency":"EUR","og_availability":"instock","product_availability":"instock","product_condition":"new"},"_links":{"self":[{"href":"https:\/\/alegerglobal.com\/pt-pt\/wp-json\/wp\/v2\/product\/39697","targetHints":{"allow":["GET"]}}],"collection":[{"href":"https:\/\/alegerglobal.com\/pt-pt\/wp-json\/wp\/v2\/product"}],"about":[{"href":"https:\/\/alegerglobal.com\/pt-pt\/wp-json\/wp\/v2\/types\/product"}],"replies":[{"embeddable":true,"href":"https:\/\/alegerglobal.com\/pt-pt\/wp-json\/wp\/v2\/comments?post=39697"}],"version-history":[{"count":0,"href":"https:\/\/alegerglobal.com\/pt-pt\/wp-json\/wp\/v2\/product\/39697\/revisions"}],"wp:featuredmedia":[{"embeddable":true,"href":"https:\/\/alegerglobal.com\/pt-pt\/wp-json\/wp\/v2\/media\/37919"}],"wp:attachment":[{"href":"https:\/\/alegerglobal.com\/pt-pt\/wp-json\/wp\/v2\/media?parent=39697"}],"wp:term":[{"taxonomy":"product_brand","embeddable":true,"href":"https:\/\/alegerglobal.com\/pt-pt\/wp-json\/wp\/v2\/product_brand?post=39697"},{"taxonomy":"product_cat","embeddable":true,"href":"https:\/\/alegerglobal.com\/pt-pt\/wp-json\/wp\/v2\/product_cat?post=39697"},{"taxonomy":"product_tag","embeddable":true,"href":"https:\/\/alegerglobal.com\/pt-pt\/wp-json\/wp\/v2\/product_tag?post=39697"}],"curies":[{"name":"wp","href":"https:\/\/api.w.org\/{rel}","templated":true}]}}