{"id":34171,"date":"2022-05-10T13:15:21","date_gmt":"2022-05-17T11:59:23","guid":{"rendered":"https:\/\/alegerglobal.com\/sem%20categoria\/realwear-navigator-500-ip66-mil-std-810-4-gb-ram-64-gb-854x480px-bateria-2600-mah-android-11\/"},"modified":"2022-05-20T07:40:00","modified_gmt":"2022-05-20T06:40:00","slug":"realwear-navigator-500","status":"publish","type":"product","link":"https:\/\/alegerglobal.com\/pt-pt\/shop-pt-pt\/oculos-inteligentes\/realwear-navigator-500\/","title":{"rendered":"RealWear Navigator 500, IP66, MIL-STD-810, 4 GB RAM, 64 GB, 854x480px, bateria 2600 mAh, Android 11"},"content":{"rendered":"","protected":false},"excerpt":{"rendered":"<ul>\n<li aria-level=\"1\"><b>Robusto: <\/b><span style=\"font-weight: 400;\">\u00d3culos de dados com certifica\u00e7\u00e3o IP66 e MIL-STD-810<\/span><\/li>\n<li aria-level=\"1\"><b>Poderoso: <\/b><span style=\"font-weight: 400;\">Processador r\u00e1pido Qualcomm de 8 n\u00facleos + 4GB de RAM<\/span><\/li>\n<li aria-level=\"1\"><b>Amplo campo de vis\u00e3o: <\/b><span style=\"font-weight: 400;\">Campo de vis\u00e3o e visualiza\u00e7\u00e3o de 20 graus com resolu\u00e7\u00e3o de 854 x 480 px<\/span><\/li>\n<li aria-level=\"1\"><b>Bateria grande:<\/b><span style=\"font-weight: 400;\"> Bateria potente de 2600 mAh, permut\u00e1vel a quente <\/span> <\/li>\n<li aria-level=\"1\"><b>Controlo por voz: <\/b><span style=\"font-weight: 400;\">Controlo de m\u00e3os livres via WearHF <\/span> <\/li>\n<\/ul>\n<p>&nbsp;<\/p>\n","protected":false},"featured_media":23503,"comment_status":"open","ping_status":"closed","template":"","meta":{"_acf_changed":false},"product_brand":[],"product_cat":[1187,1162],"product_tag":[],"class_list":{"0":"post-34171","1":"product","2":"type-product","3":"status-publish","4":"has-post-thumbnail","6":"product_cat-oculos-inteligentes","7":"product_cat-shop-pt-pt","8":"pa_hersteller-realwear-pt-pt","10":"first","11":"instock","12":"taxable","13":"shipping-taxable","14":"purchasable","15":"product-type-simple"},"acf":[],"yoast_head":"<!-- This site is optimized with the Yoast SEO Premium plugin v20.10 (Yoast SEO v24.3) - https:\/\/yoast.com\/wordpress\/plugins\/seo\/ -->\n<title>Comprar RealWear Navigator 500 - ALEGER \u22c6 Augmented Reality<\/title>\n<meta name=\"description\" content=\"O RealWear Navigator 500 \u00e9 um robusto \u00f3culos de protec\u00e7\u00e3o de dados para uso industrial. Descubra o produto aqui - compre a profissionais!\" \/>\n<meta name=\"robots\" content=\"index, follow, max-snippet:-1, max-image-preview:large, max-video-preview:-1\" \/>\n<meta property=\"og:locale\" content=\"pt_PT\" \/>\n<meta property=\"og:type\" content=\"article\" \/>\n<meta property=\"og:title\" content=\"RealWear Navigator 500, IP66, MIL-STD-810, 4 GB RAM, 64 GB, 854x480px, bateria 2600 mAh, Android 11\" \/>\n<meta property=\"og:description\" content=\"O RealWear Navigator 500 \u00e9 um robusto \u00f3culos de protec\u00e7\u00e3o de dados para uso industrial. Descubra o produto aqui - compre a profissionais!\" \/>\n<meta property=\"og:url\" content=\"https:\/\/alegerglobal.com\/pt-pt\/shop-pt-pt\/oculos-inteligentes\/realwear-navigator-500\/\" \/>\n<meta property=\"og:site_name\" content=\"ALEGER \u22c6 Augmented Reality\" \/>\n<meta property=\"article:modified_time\" content=\"2022-05-20T06:40:00+00:00\" \/>\n<meta property=\"og:image\" content=\"https:\/\/alegerglobal.com\/wp-content\/uploads\/2022\/01\/Unbenannt-32.jpg\" \/>\n\t<meta property=\"og:image:width\" content=\"800\" \/>\n\t<meta property=\"og:image:height\" content=\"800\" \/>\n\t<meta property=\"og:image:type\" content=\"image\/jpeg\" \/>\n<meta name=\"twitter:card\" content=\"summary_large_image\" \/>\n<meta name=\"twitter:label1\" content=\"pre\u00e7o\" \/>\n\t<meta name=\"twitter:data1\" content=\"&euro;2.233,31\" \/>\n\t<meta name=\"twitter:label2\" content=\"Disponibilidade\" \/>\n\t<meta name=\"twitter:data2\" content=\"Em stock\" \/>\n<script type=\"application\/ld+json\" class=\"yoast-schema-graph\">{\"@context\":\"https:\/\/schema.org\",\"@graph\":[{\"@type\":\"WebPage\",\"@id\":\"https:\/\/alegerglobal.com\/pt-pt\/shop-pt-pt\/oculos-inteligentes\/realwear-navigator-500\/\",\"url\":\"https:\/\/alegerglobal.com\/pt-pt\/shop-pt-pt\/oculos-inteligentes\/realwear-navigator-500\/\",\"name\":\"Comprar RealWear Navigator 500 - ALEGER \u22c6 Augmented Reality\",\"isPartOf\":{\"@id\":\"https:\/\/alegerglobal.com\/pt-pt\/#website\"},\"primaryImageOfPage\":{\"@id\":\"https:\/\/alegerglobal.com\/pt-pt\/shop-pt-pt\/oculos-inteligentes\/realwear-navigator-500\/#primaryimage\"},\"image\":{\"@id\":\"https:\/\/alegerglobal.com\/pt-pt\/shop-pt-pt\/oculos-inteligentes\/realwear-navigator-500\/#primaryimage\"},\"thumbnailUrl\":\"https:\/\/alegerglobal.com\/wp-content\/uploads\/2022\/01\/Unbenannt-32.jpg\",\"datePublished\":\"2022-05-17T11:59:23+00:00\",\"dateModified\":\"2022-05-20T06:40:00+00:00\",\"description\":\"O RealWear Navigator 500 \u00e9 um robusto \u00f3culos de protec\u00e7\u00e3o de dados para uso industrial. Descubra o produto aqui - compre a profissionais!\",\"breadcrumb\":{\"@id\":\"https:\/\/alegerglobal.com\/pt-pt\/shop-pt-pt\/oculos-inteligentes\/realwear-navigator-500\/#breadcrumb\"},\"inLanguage\":\"pt-PT\",\"potentialAction\":[{\"@type\":\"ReadAction\",\"target\":[\"https:\/\/alegerglobal.com\/pt-pt\/shop-pt-pt\/oculos-inteligentes\/realwear-navigator-500\/\"]}]},{\"@type\":\"ImageObject\",\"inLanguage\":\"pt-PT\",\"@id\":\"https:\/\/alegerglobal.com\/pt-pt\/shop-pt-pt\/oculos-inteligentes\/realwear-navigator-500\/#primaryimage\",\"url\":\"https:\/\/alegerglobal.com\/wp-content\/uploads\/2022\/01\/Unbenannt-32.jpg\",\"contentUrl\":\"https:\/\/alegerglobal.com\/wp-content\/uploads\/2022\/01\/Unbenannt-32.jpg\",\"width\":800,\"height\":800},{\"@type\":\"BreadcrumbList\",\"@id\":\"https:\/\/alegerglobal.com\/pt-pt\/shop-pt-pt\/oculos-inteligentes\/realwear-navigator-500\/#breadcrumb\",\"itemListElement\":[{\"@type\":\"ListItem\",\"position\":1,\"name\":\"Home\",\"item\":\"https:\/\/alegerglobal.com\/pt-pt\/novo-pagina-inicial\/\"},{\"@type\":\"ListItem\",\"position\":2,\"name\":\"Produtos\",\"item\":\"https:\/\/alegerglobal.com\/pt-pt\/produtos\/\"},{\"@type\":\"ListItem\",\"position\":3,\"name\":\"RealWear Navigator 500, IP66, MIL-STD-810, 4 GB RAM, 64 GB, 854x480px, bateria 2600 mAh, Android 11\"}]},{\"@type\":\"WebSite\",\"@id\":\"https:\/\/alegerglobal.com\/pt-pt\/#website\",\"url\":\"https:\/\/alegerglobal.com\/pt-pt\/\",\"name\":\"ALEGER \u22c6 Augmented Reality\",\"description\":\"Die besten Augmented Reality (AR) L\u00f6sungen der Welt.\",\"publisher\":{\"@id\":\"https:\/\/alegerglobal.com\/pt-pt\/#organization\"},\"potentialAction\":[{\"@type\":\"SearchAction\",\"target\":{\"@type\":\"EntryPoint\",\"urlTemplate\":\"https:\/\/alegerglobal.com\/pt-pt\/?s={search_term_string}\"},\"query-input\":{\"@type\":\"PropertyValueSpecification\",\"valueRequired\":true,\"valueName\":\"search_term_string\"}}],\"inLanguage\":\"pt-PT\"},{\"@type\":\"Organization\",\"@id\":\"https:\/\/alegerglobal.com\/pt-pt\/#organization\",\"name\":\"ALEGER \u22c6 Augmented Reality\",\"url\":\"https:\/\/alegerglobal.com\/pt-pt\/\",\"logo\":{\"@type\":\"ImageObject\",\"inLanguage\":\"pt-PT\",\"@id\":\"https:\/\/alegerglobal.com\/pt-pt\/#\/schema\/logo\/image\/\",\"url\":\"https:\/\/alegerglobal.com\/wp-content\/uploads\/2020\/12\/aleger-logo-quadrat.jpg\",\"contentUrl\":\"https:\/\/alegerglobal.com\/wp-content\/uploads\/2020\/12\/aleger-logo-quadrat.jpg\",\"width\":200,\"height\":176,\"caption\":\"ALEGER \u22c6 Augmented Reality\"},\"image\":{\"@id\":\"https:\/\/alegerglobal.com\/pt-pt\/#\/schema\/logo\/image\/\"}}]}<\/script>\n<meta property=\"product:brand\" content=\"RealWear\" \/>\n<meta property=\"product:price:amount\" content=\"2233.31\" \/>\n<meta property=\"product:price:currency\" content=\"EUR\" \/>\n<meta property=\"og:availability\" content=\"instock\" \/>\n<meta property=\"product:availability\" content=\"instock\" \/>\n<meta property=\"product:condition\" content=\"new\" \/>\n<!-- \/ Yoast SEO Premium plugin. -->","yoast_head_json":{"title":"Comprar RealWear Navigator 500 - ALEGER \u22c6 Augmented Reality","description":"O RealWear Navigator 500 \u00e9 um robusto \u00f3culos de protec\u00e7\u00e3o de dados para uso industrial. Descubra o produto aqui - compre a profissionais!","robots":{"index":"index","follow":"follow","max-snippet":"max-snippet:-1","max-image-preview":"max-image-preview:large","max-video-preview":"max-video-preview:-1"},"og_locale":"pt_PT","og_type":"article","og_title":"RealWear Navigator 500, IP66, MIL-STD-810, 4 GB RAM, 64 GB, 854x480px, bateria 2600 mAh, Android 11","og_description":"O RealWear Navigator 500 \u00e9 um robusto \u00f3culos de protec\u00e7\u00e3o de dados para uso industrial. Descubra o produto aqui - compre a profissionais!","og_url":"https:\/\/alegerglobal.com\/pt-pt\/shop-pt-pt\/oculos-inteligentes\/realwear-navigator-500\/","og_site_name":"ALEGER \u22c6 Augmented Reality","article_modified_time":"2022-05-20T06:40:00+00:00","og_image":[{"width":800,"height":800,"url":"https:\/\/alegerglobal.com\/wp-content\/uploads\/2022\/01\/Unbenannt-32.jpg","type":"image\/jpeg"}],"twitter_card":"summary_large_image","twitter_misc":{"pre\u00e7o":"&euro;2.233,31","Disponibilidade":"Em stock"},"schema":{"@context":"https:\/\/schema.org","@graph":[{"@type":"WebPage","@id":"https:\/\/alegerglobal.com\/pt-pt\/shop-pt-pt\/oculos-inteligentes\/realwear-navigator-500\/","url":"https:\/\/alegerglobal.com\/pt-pt\/shop-pt-pt\/oculos-inteligentes\/realwear-navigator-500\/","name":"Comprar RealWear Navigator 500 - ALEGER \u22c6 Augmented Reality","isPartOf":{"@id":"https:\/\/alegerglobal.com\/pt-pt\/#website"},"primaryImageOfPage":{"@id":"https:\/\/alegerglobal.com\/pt-pt\/shop-pt-pt\/oculos-inteligentes\/realwear-navigator-500\/#primaryimage"},"image":{"@id":"https:\/\/alegerglobal.com\/pt-pt\/shop-pt-pt\/oculos-inteligentes\/realwear-navigator-500\/#primaryimage"},"thumbnailUrl":"https:\/\/alegerglobal.com\/wp-content\/uploads\/2022\/01\/Unbenannt-32.jpg","datePublished":"2022-05-17T11:59:23+00:00","dateModified":"2022-05-20T06:40:00+00:00","description":"O RealWear Navigator 500 \u00e9 um robusto \u00f3culos de protec\u00e7\u00e3o de dados para uso industrial. Descubra o produto aqui - compre a profissionais!","breadcrumb":{"@id":"https:\/\/alegerglobal.com\/pt-pt\/shop-pt-pt\/oculos-inteligentes\/realwear-navigator-500\/#breadcrumb"},"inLanguage":"pt-PT","potentialAction":[{"@type":"ReadAction","target":["https:\/\/alegerglobal.com\/pt-pt\/shop-pt-pt\/oculos-inteligentes\/realwear-navigator-500\/"]}]},{"@type":"ImageObject","inLanguage":"pt-PT","@id":"https:\/\/alegerglobal.com\/pt-pt\/shop-pt-pt\/oculos-inteligentes\/realwear-navigator-500\/#primaryimage","url":"https:\/\/alegerglobal.com\/wp-content\/uploads\/2022\/01\/Unbenannt-32.jpg","contentUrl":"https:\/\/alegerglobal.com\/wp-content\/uploads\/2022\/01\/Unbenannt-32.jpg","width":800,"height":800},{"@type":"BreadcrumbList","@id":"https:\/\/alegerglobal.com\/pt-pt\/shop-pt-pt\/oculos-inteligentes\/realwear-navigator-500\/#breadcrumb","itemListElement":[{"@type":"ListItem","position":1,"name":"Home","item":"https:\/\/alegerglobal.com\/pt-pt\/novo-pagina-inicial\/"},{"@type":"ListItem","position":2,"name":"Produtos","item":"https:\/\/alegerglobal.com\/pt-pt\/produtos\/"},{"@type":"ListItem","position":3,"name":"RealWear Navigator 500, IP66, MIL-STD-810, 4 GB RAM, 64 GB, 854x480px, bateria 2600 mAh, Android 11"}]},{"@type":"WebSite","@id":"https:\/\/alegerglobal.com\/pt-pt\/#website","url":"https:\/\/alegerglobal.com\/pt-pt\/","name":"ALEGER \u22c6 Augmented Reality","description":"Die besten Augmented Reality (AR) L\u00f6sungen der Welt.","publisher":{"@id":"https:\/\/alegerglobal.com\/pt-pt\/#organization"},"potentialAction":[{"@type":"SearchAction","target":{"@type":"EntryPoint","urlTemplate":"https:\/\/alegerglobal.com\/pt-pt\/?s={search_term_string}"},"query-input":{"@type":"PropertyValueSpecification","valueRequired":true,"valueName":"search_term_string"}}],"inLanguage":"pt-PT"},{"@type":"Organization","@id":"https:\/\/alegerglobal.com\/pt-pt\/#organization","name":"ALEGER \u22c6 Augmented Reality","url":"https:\/\/alegerglobal.com\/pt-pt\/","logo":{"@type":"ImageObject","inLanguage":"pt-PT","@id":"https:\/\/alegerglobal.com\/pt-pt\/#\/schema\/logo\/image\/","url":"https:\/\/alegerglobal.com\/wp-content\/uploads\/2020\/12\/aleger-logo-quadrat.jpg","contentUrl":"https:\/\/alegerglobal.com\/wp-content\/uploads\/2020\/12\/aleger-logo-quadrat.jpg","width":200,"height":176,"caption":"ALEGER \u22c6 Augmented Reality"},"image":{"@id":"https:\/\/alegerglobal.com\/pt-pt\/#\/schema\/logo\/image\/"}}]},"product_brand":"RealWear","product_price_amount":"2233.31","product_price_currency":"EUR","og_availability":"instock","product_availability":"instock","product_condition":"new"},"_links":{"self":[{"href":"https:\/\/alegerglobal.com\/pt-pt\/wp-json\/wp\/v2\/product\/34171","targetHints":{"allow":["GET"]}}],"collection":[{"href":"https:\/\/alegerglobal.com\/pt-pt\/wp-json\/wp\/v2\/product"}],"about":[{"href":"https:\/\/alegerglobal.com\/pt-pt\/wp-json\/wp\/v2\/types\/product"}],"replies":[{"embeddable":true,"href":"https:\/\/alegerglobal.com\/pt-pt\/wp-json\/wp\/v2\/comments?post=34171"}],"version-history":[{"count":1,"href":"https:\/\/alegerglobal.com\/pt-pt\/wp-json\/wp\/v2\/product\/34171\/revisions"}],"predecessor-version":[{"id":35850,"href":"https:\/\/alegerglobal.com\/pt-pt\/wp-json\/wp\/v2\/product\/34171\/revisions\/35850"}],"wp:featuredmedia":[{"embeddable":true,"href":"https:\/\/alegerglobal.com\/pt-pt\/wp-json\/wp\/v2\/media\/23503"}],"wp:attachment":[{"href":"https:\/\/alegerglobal.com\/pt-pt\/wp-json\/wp\/v2\/media?parent=34171"}],"wp:term":[{"taxonomy":"product_brand","embeddable":true,"href":"https:\/\/alegerglobal.com\/pt-pt\/wp-json\/wp\/v2\/product_brand?post=34171"},{"taxonomy":"product_cat","embeddable":true,"href":"https:\/\/alegerglobal.com\/pt-pt\/wp-json\/wp\/v2\/product_cat?post=34171"},{"taxonomy":"product_tag","embeddable":true,"href":"https:\/\/alegerglobal.com\/pt-pt\/wp-json\/wp\/v2\/product_tag?post=34171"}],"curies":[{"name":"wp","href":"https:\/\/api.w.org\/{rel}","templated":true}]}}