{"id":34169,"date":"2022-05-10T13:15:22","date_gmt":"2022-05-17T11:59:21","guid":{"rendered":"https:\/\/alegerglobal.com\/sem%20categoria\/realwear-hmt-1-vidros-inteligentes-industriais-visor-de-20-graus-ip66-mil-std-810g\/"},"modified":"2022-05-20T07:35:13","modified_gmt":"2022-05-20T06:35:13","slug":"realwear-hmt-1","status":"publish","type":"product","link":"https:\/\/alegerglobal.com\/pt-pt\/shop-pt-pt\/oculos-inteligentes\/realwear-hmt-1\/","title":{"rendered":"RealWear HMT-1, Vidros Inteligentes Industriais, visor de 20 graus, IP66 MIL-STD-810G"},"content":{"rendered":"\t\t<div data-elementor-type=\"product-post\" data-elementor-id=\"34169\" class=\"elementor elementor-34169\" data-elementor-settings=\"{&quot;ha_cmc_init_switcher&quot;:&quot;no&quot;}\" data-elementor-post-type=\"product\">\n\t\t\t\t\t\t<section class=\"elementor-section elementor-top-section elementor-element elementor-element-1f96e96e elementor-section-boxed elementor-section-height-default elementor-section-height-default\" data-id=\"1f96e96e\" data-element_type=\"section\" data-settings=\"{&quot;jet_parallax_layout_list&quot;:[],&quot;_ha_eqh_enable&quot;:false}\">\n\t\t\t\t\t\t<div class=\"elementor-container elementor-column-gap-default\">\n\t\t\t\t\t<div class=\"elementor-column elementor-col-100 elementor-top-column elementor-element elementor-element-6a7946db\" data-id=\"6a7946db\" data-element_type=\"column\">\n\t\t\t<div class=\"elementor-widget-wrap elementor-element-populated\">\n\t\t\t\t\t\t<div class=\"elementor-element elementor-element-1b2cda19 elementor-tabs-view-horizontal elementor-widget elementor-widget-tabs\" data-id=\"1b2cda19\" data-element_type=\"widget\" data-widget_type=\"tabs.default\">\n\t\t\t\t<div class=\"elementor-widget-container\">\n\t\t\t\t\t\t\t<div class=\"elementor-tabs\">\n\t\t\t<div class=\"elementor-tabs-wrapper\" role=\"tablist\" >\n\t\t\t\t\t\t\t\t\t<div id=\"elementor-tab-title-4551\" class=\"elementor-tab-title elementor-tab-desktop-title\" aria-selected=\"true\" data-tab=\"1\" role=\"tab\" tabindex=\"0\" aria-controls=\"elementor-tab-content-4551\" aria-expanded=\"false\">Vis\u00e3o geral<\/div>\n\t\t\t\t\t\t\t\t\t<div id=\"elementor-tab-title-4552\" class=\"elementor-tab-title elementor-tab-desktop-title\" aria-selected=\"false\" data-tab=\"2\" role=\"tab\" tabindex=\"-1\" aria-controls=\"elementor-tab-content-4552\" aria-expanded=\"false\">Detalhes t\u00e9cnicos<\/div>\n\t\t\t\t\t\t\t<\/div>\n\t\t\t<div class=\"elementor-tabs-content-wrapper\" role=\"tablist\" aria-orientation=\"vertical\">\n\t\t\t\t\t\t\t\t\t<div class=\"elementor-tab-title elementor-tab-mobile-title\" aria-selected=\"true\" data-tab=\"1\" role=\"tab\" tabindex=\"0\" aria-controls=\"elementor-tab-content-4551\" aria-expanded=\"false\">Vis\u00e3o geral<\/div>\n\t\t\t\t\t<div id=\"elementor-tab-content-4551\" class=\"elementor-tab-content elementor-clearfix\" data-tab=\"1\" role=\"tabpanel\" aria-labelledby=\"elementor-tab-title-4551\" tabindex=\"0\" hidden=\"false\"><h2><b>\u00d3culos Inteligentes para a ind\u00fastria: robustos, robustos, profissionais<\/b><\/h2><p><span style=\"font-weight: 400;\">O Realwear HMT-1 \u00e9 um robusto \u00f3culos de protec\u00e7\u00e3o de dados para utiliza\u00e7\u00e3o na ind\u00fastria. Oferece controlo por voz. Quatro microfones e tecnologia avan\u00e7ada de IA garantem que isto funciona mesmo em \u00e1reas mais ruidosas. Os \u00f3culos de protec\u00e7\u00e3o AR podem ser facilmente montados em capacetes e \u00f3culos de protec\u00e7\u00e3o. A unidade tem certifica\u00e7\u00e3o IP66 e verifica\u00e7\u00e3o MIL-STD-810G. Isto significa que os \u00f3culos de dados permanecem utiliz\u00e1veis mesmo em temperaturas extremas entre -20\u00b0 C e +50\u00b0 C e s\u00e3o resistentes a quedas at\u00e9 uma altura de 2 metros. H\u00e1 tamb\u00e9m outro \u00f3culos de protec\u00e7\u00e3o de dados, o HMT-1-Z1, que est\u00e1 aprovado para utiliza\u00e7\u00e3o em \u00e1reas perigosas da Zona ATEX 1.  <\/span><\/p><h2> <\/h2><h2><b>Realweare Smart Glasses com 8 horas de dura\u00e7\u00e3o e tr\u00eas anos de garantia<\/b><\/h2><p><span style=\"font-weight: 400;\">Os \u00f3culos de dados da Realweare oferecem-lhe a mesma funcionalidade que um comprimido que pode usar m\u00e3os livres. O mostrador monocular, que \u00e9 colocado directamente \u00e0 frente do olho, parece ter 7 polegadas. Desta forma, tem sempre uma vis\u00e3o geral do que est\u00e1 a acontecer. Pode agora fazer videochamadas, gerir documentos ou quest\u00f5es documentais por voz. A visualiza\u00e7\u00e3o de dados IoT \u00e9 tamb\u00e9m convenientemente poss\u00edvel com o Realweare HMT-1.  <\/span><\/p><h2> <\/h2><p><span style=\"font-weight: 400;\">Uma bateria de 3250 mAh d\u00e1-lhe um longo tempo de funcionamento de at\u00e9 8 horas, para que possa usar o HMT-1 durante um turno inteiro sem interrup\u00e7\u00f5es. O HMT-1 vem com uma garantia de tr\u00eas anos que cobre o dispositivo em caso de danos e d\u00e1-lhe acesso a uma extensa base de conhecimentos para o ajudar a tirar o m\u00e1ximo partido dos seus \u00f3culos de dados.  <\/span><\/p><\/div>\n\t\t\t\t\t\t\t\t\t<div class=\"elementor-tab-title elementor-tab-mobile-title\" aria-selected=\"false\" data-tab=\"2\" role=\"tab\" tabindex=\"-1\" aria-controls=\"elementor-tab-content-4552\" aria-expanded=\"false\">Detalhes t\u00e9cnicos<\/div>\n\t\t\t\t\t<div id=\"elementor-tab-content-4552\" class=\"elementor-tab-content elementor-clearfix\" data-tab=\"2\" role=\"tabpanel\" aria-labelledby=\"elementor-tab-title-4552\" tabindex=\"0\" hidden=\"hidden\"><ul><li style=\"font-weight: 400;\"><span style=\"font-weight: 400;\">Android 8.1.0 (AOSP) + WearHF\u2122 kit m\u00e3os-livres<\/span><\/li><li style=\"font-weight: 400;\"><span style=\"font-weight: 400;\">2,0 GHz 8-core Qualcomm\u00ae Snapdragon\u2122 625 com Adreno 506 GPU &#8211; OpenGL ES 3.1 &amp; OpenCL 2.0<\/span><\/li><li style=\"font-weight: 400;\"><span style=\"font-weight: 400;\">16 GB de mem\u00f3ria interna \/ 2 GB de RAM \/ slot MicroSD (cart\u00e3o m\u00e1ximo suportado 256 GB)<\/span><\/li><li style=\"font-weight: 400;\"><span style=\"font-weight: 400;\">Aplica\u00e7\u00f5es inclu\u00eddas: Navegador de Documentos, C\u00e2mara com leitor de c\u00f3digo de barras, Gravador de V\u00eddeo, Leitor de Media<\/span><\/li><li style=\"font-weight: 400;\"><span style=\"font-weight: 400;\">Bluetooth<\/span><\/li><li style=\"font-weight: 400;\"><span style=\"font-weight: 400;\">Wi-Fi 802.11 a\/b\/g\/n\/ac &#8211; 2.4GHz e 5GHz<\/span><\/li><li style=\"font-weight: 400;\"><span style=\"font-weight: 400;\">GPS, GLONASS, A-GPS<\/span><\/li><li style=\"font-weight: 400;\"><span style=\"font-weight: 400;\">9-DOF (aceler\u00f3metro de 3 eixos, magnet\u00f3metro e girosc\u00f3pio), estabiliza\u00e7\u00e3o suportada por software<\/span><\/li><li style=\"font-weight: 400;\"><span style=\"font-weight: 400;\">Bateria de i\u00f5es de l\u00edtio 3250 mAh, recarreg\u00e1vel e \ufb01eld substitu\u00edvel<\/span><\/li><li style=\"font-weight: 400;\"><span style=\"font-weight: 400;\">380g de peso<\/span><\/li><li style=\"font-weight: 400;\"><span style=\"font-weight: 400;\">Certificado para IP66 e MIL-STD-810G<\/span><\/li><li style=\"font-weight: 400;\"><span style=\"font-weight: 400;\">Teste de queda de 2 metros<\/span><\/li><li style=\"font-weight: 400;\"><span style=\"font-weight: 400;\">\u00e1udio de 3,5 mm<\/span><\/li><li style=\"font-weight: 400;\"><span style=\"font-weight: 400;\">1 Micro USB<\/span><\/li><li style=\"font-weight: 400;\"><span style=\"font-weight: 400;\">1 USB Tipo C<\/span><\/li><li style=\"font-weight: 400;\"><span style=\"font-weight: 400;\">Ecr\u00e3 com 20\u00b0 \ufb01eld de visualiza\u00e7\u00e3o, 24 cores e resolu\u00e7\u00e3o WVGA (854\u00d7480)<\/span><\/li><li style=\"font-weight: 400;\"><span style=\"font-weight: 400;\">Microfone<\/span><\/li><li style=\"font-weight: 400;\"><span style=\"font-weight: 400;\">4 microfones digitais com redu\u00e7\u00e3o activa do ru\u00eddo<\/span><\/li><li style=\"font-weight: 400;\"><span style=\"font-weight: 400;\">Reconhecimento preciso da fala mesmo com 95 dBA de ru\u00eddo industrial t\u00edpico<\/span><\/li><li style=\"font-weight: 400;\"><span style=\"font-weight: 400;\">Altifalante interno 91 dBA<\/span><\/li><li style=\"font-weight: 400;\"><span style=\"font-weight: 400;\">C\u00e2mara: estabiliza\u00e7\u00e3o de imagem \u00f3ptica de 16 MP de 4 eixos, PDAF com flash LED<\/span><\/li><li style=\"font-weight: 400;\"><span style=\"font-weight: 400;\">V\u00eddeo: At\u00e9 1080p @30fps. Codecs: VP8, VP9 e suporte de codifica\u00e7\u00e3o de hardware para H.264, H.265 HEVC<\/span><\/li><li style=\"font-weight: 400;\"><span style=\"font-weight: 400;\">Acess\u00f3rios: Carregador de parede de bateria, cabo de carregamento USB tipo C, adaptador USB tipo C para USB Micro, al\u00e7a suspensa, almofada para tr\u00e1s da cabe\u00e7a, conjunto de baterias amov\u00edveis<\/span><\/li><\/ul><p> <\/p><\/div>\n\t\t\t\t\t\t\t<\/div>\n\t\t<\/div>\n\t\t\t\t\t\t<\/div>\n\t\t\t\t<\/div>\n\t\t\t\t\t<\/div>\n\t\t<\/div>\n\t\t\t\t\t<\/div>\n\t\t<\/section>\n\t\t\t\t<\/div>\n\t\t","protected":false},"excerpt":{"rendered":"<ul>\n<li><b>\u00d3culos de dados robustos para a ind\u00fastria com certifica\u00e7\u00e3o IP66 e MIL-STD-810<\/b><\/li>\n<li><b>Opera\u00e7\u00e3o com as m\u00e3os livres:<\/b><span style=\"font-weight: 400;\"> Sistema operativo baseado na voz, reconhecimento local da fala em \u00e1reas ruidosas<\/span><\/li>\n<li><b>Utiliza\u00e7\u00e3o com equipamento de seguran\u00e7a:<\/b><span style=\"font-weight: 400;\"> Para utiliza\u00e7\u00e3o com capacetes r\u00edgidos padr\u00e3o, capacete de protec\u00e7\u00e3o e \u00f3culos de seguran\u00e7a.<\/span><\/li>\n<li><b>Manter sempre uma vis\u00e3o geral:<\/b> visor grande com campo de vis\u00e3o diagonal de 20 graus<\/li>\n<\/ul>\n","protected":false},"featured_media":23072,"comment_status":"open","ping_status":"closed","template":"","meta":{"_acf_changed":false},"product_brand":[],"product_cat":[1187,1162],"product_tag":[],"class_list":{"0":"post-34169","1":"product","2":"type-product","3":"status-publish","4":"has-post-thumbnail","6":"product_cat-oculos-inteligentes","7":"product_cat-shop-pt-pt","8":"pa_hersteller-realwear-pt-pt","10":"first","11":"instock","12":"taxable","13":"shipping-taxable","14":"purchasable","15":"product-type-simple"},"acf":[],"yoast_head":"<!-- This site is optimized with the Yoast SEO Premium plugin v20.10 (Yoast SEO v24.3) - https:\/\/yoast.com\/wordpress\/plugins\/seo\/ -->\n<title>Comprar Roupa Realwear HMT-1 (2022) - ALEGER \u22c6 Augmented Reality<\/title>\n<meta name=\"description\" content=\"Aqui na Aleger pode obter o HMT-1 da Realwear. Teremos todo o prazer em aconselh\u00e1-lo sobre a utiliza\u00e7\u00e3o eficiente, instalar aplica\u00e7\u00f5es e muito mais.\" \/>\n<meta name=\"robots\" content=\"index, follow, max-snippet:-1, max-image-preview:large, max-video-preview:-1\" \/>\n<meta property=\"og:locale\" content=\"pt_PT\" \/>\n<meta property=\"og:type\" content=\"article\" \/>\n<meta property=\"og:title\" content=\"RealWear HMT-1, Vidros Inteligentes Industriais, visor de 20 graus, IP66 MIL-STD-810G\" \/>\n<meta property=\"og:description\" content=\"Aqui na Aleger pode obter o HMT-1 da Realwear. Teremos todo o prazer em aconselh\u00e1-lo sobre a utiliza\u00e7\u00e3o eficiente, instalar aplica\u00e7\u00f5es e muito mais.\" \/>\n<meta property=\"og:url\" content=\"https:\/\/alegerglobal.com\/pt-pt\/shop-pt-pt\/oculos-inteligentes\/realwear-hmt-1\/\" \/>\n<meta property=\"og:site_name\" content=\"ALEGER \u22c6 Augmented Reality\" \/>\n<meta property=\"article:modified_time\" content=\"2022-05-20T06:35:13+00:00\" \/>\n<meta property=\"og:image\" content=\"https:\/\/alegerglobal.com\/wp-content\/uploads\/2021\/01\/Unbenannt-29.jpg\" \/>\n\t<meta property=\"og:image:width\" content=\"800\" \/>\n\t<meta property=\"og:image:height\" content=\"800\" \/>\n\t<meta property=\"og:image:type\" content=\"image\/jpeg\" \/>\n<meta name=\"twitter:card\" content=\"summary_large_image\" \/>\n<meta name=\"twitter:label1\" content=\"pre\u00e7o\" \/>\n\t<meta name=\"twitter:data1\" content=\"&euro;1.795,50\" \/>\n\t<meta name=\"twitter:label2\" content=\"Disponibilidade\" \/>\n\t<meta name=\"twitter:data2\" content=\"Em stock\" \/>\n<script type=\"application\/ld+json\" class=\"yoast-schema-graph\">{\"@context\":\"https:\/\/schema.org\",\"@graph\":[{\"@type\":\"WebPage\",\"@id\":\"https:\/\/alegerglobal.com\/pt-pt\/shop-pt-pt\/oculos-inteligentes\/realwear-hmt-1\/\",\"url\":\"https:\/\/alegerglobal.com\/pt-pt\/shop-pt-pt\/oculos-inteligentes\/realwear-hmt-1\/\",\"name\":\"Comprar Roupa Realwear HMT-1 (2022) - ALEGER \u22c6 Augmented Reality\",\"isPartOf\":{\"@id\":\"https:\/\/alegerglobal.com\/pt-pt\/#website\"},\"primaryImageOfPage\":{\"@id\":\"https:\/\/alegerglobal.com\/pt-pt\/shop-pt-pt\/oculos-inteligentes\/realwear-hmt-1\/#primaryimage\"},\"image\":{\"@id\":\"https:\/\/alegerglobal.com\/pt-pt\/shop-pt-pt\/oculos-inteligentes\/realwear-hmt-1\/#primaryimage\"},\"thumbnailUrl\":\"https:\/\/alegerglobal.com\/wp-content\/uploads\/2021\/01\/Unbenannt-29.jpg\",\"datePublished\":\"2022-05-17T11:59:21+00:00\",\"dateModified\":\"2022-05-20T06:35:13+00:00\",\"description\":\"Aqui na Aleger pode obter o HMT-1 da Realwear. Teremos todo o prazer em aconselh\u00e1-lo sobre a utiliza\u00e7\u00e3o eficiente, instalar aplica\u00e7\u00f5es e muito mais.\",\"breadcrumb\":{\"@id\":\"https:\/\/alegerglobal.com\/pt-pt\/shop-pt-pt\/oculos-inteligentes\/realwear-hmt-1\/#breadcrumb\"},\"inLanguage\":\"pt-PT\",\"potentialAction\":[{\"@type\":\"ReadAction\",\"target\":[\"https:\/\/alegerglobal.com\/pt-pt\/shop-pt-pt\/oculos-inteligentes\/realwear-hmt-1\/\"]}]},{\"@type\":\"ImageObject\",\"inLanguage\":\"pt-PT\",\"@id\":\"https:\/\/alegerglobal.com\/pt-pt\/shop-pt-pt\/oculos-inteligentes\/realwear-hmt-1\/#primaryimage\",\"url\":\"https:\/\/alegerglobal.com\/wp-content\/uploads\/2021\/01\/Unbenannt-29.jpg\",\"contentUrl\":\"https:\/\/alegerglobal.com\/wp-content\/uploads\/2021\/01\/Unbenannt-29.jpg\",\"width\":800,\"height\":800,\"caption\":\"Comprar RealWear HMT-1 na ALEGER\"},{\"@type\":\"BreadcrumbList\",\"@id\":\"https:\/\/alegerglobal.com\/pt-pt\/shop-pt-pt\/oculos-inteligentes\/realwear-hmt-1\/#breadcrumb\",\"itemListElement\":[{\"@type\":\"ListItem\",\"position\":1,\"name\":\"Home\",\"item\":\"https:\/\/alegerglobal.com\/pt-pt\/novo-pagina-inicial\/\"},{\"@type\":\"ListItem\",\"position\":2,\"name\":\"Produtos\",\"item\":\"https:\/\/alegerglobal.com\/pt-pt\/produtos\/\"},{\"@type\":\"ListItem\",\"position\":3,\"name\":\"RealWear HMT-1, Vidros Inteligentes Industriais, visor de 20 graus, IP66 MIL-STD-810G\"}]},{\"@type\":\"WebSite\",\"@id\":\"https:\/\/alegerglobal.com\/pt-pt\/#website\",\"url\":\"https:\/\/alegerglobal.com\/pt-pt\/\",\"name\":\"ALEGER \u22c6 Augmented Reality\",\"description\":\"Die besten Augmented Reality (AR) L\u00f6sungen der Welt.\",\"publisher\":{\"@id\":\"https:\/\/alegerglobal.com\/pt-pt\/#organization\"},\"potentialAction\":[{\"@type\":\"SearchAction\",\"target\":{\"@type\":\"EntryPoint\",\"urlTemplate\":\"https:\/\/alegerglobal.com\/pt-pt\/?s={search_term_string}\"},\"query-input\":{\"@type\":\"PropertyValueSpecification\",\"valueRequired\":true,\"valueName\":\"search_term_string\"}}],\"inLanguage\":\"pt-PT\"},{\"@type\":\"Organization\",\"@id\":\"https:\/\/alegerglobal.com\/pt-pt\/#organization\",\"name\":\"ALEGER \u22c6 Augmented Reality\",\"url\":\"https:\/\/alegerglobal.com\/pt-pt\/\",\"logo\":{\"@type\":\"ImageObject\",\"inLanguage\":\"pt-PT\",\"@id\":\"https:\/\/alegerglobal.com\/pt-pt\/#\/schema\/logo\/image\/\",\"url\":\"https:\/\/alegerglobal.com\/wp-content\/uploads\/2020\/12\/aleger-logo-quadrat.jpg\",\"contentUrl\":\"https:\/\/alegerglobal.com\/wp-content\/uploads\/2020\/12\/aleger-logo-quadrat.jpg\",\"width\":200,\"height\":176,\"caption\":\"ALEGER \u22c6 Augmented Reality\"},\"image\":{\"@id\":\"https:\/\/alegerglobal.com\/pt-pt\/#\/schema\/logo\/image\/\"}}]}<\/script>\n<meta property=\"product:brand\" content=\"RealWear\" \/>\n<meta property=\"product:price:amount\" content=\"1795.50\" \/>\n<meta property=\"product:price:currency\" content=\"EUR\" \/>\n<meta property=\"og:availability\" content=\"instock\" \/>\n<meta property=\"product:availability\" content=\"instock\" \/>\n<meta property=\"product:condition\" content=\"new\" \/>\n<!-- \/ Yoast SEO Premium plugin. -->","yoast_head_json":{"title":"Comprar Roupa Realwear HMT-1 (2022) - ALEGER \u22c6 Augmented Reality","description":"Aqui na Aleger pode obter o HMT-1 da Realwear. Teremos todo o prazer em aconselh\u00e1-lo sobre a utiliza\u00e7\u00e3o eficiente, instalar aplica\u00e7\u00f5es e muito mais.","robots":{"index":"index","follow":"follow","max-snippet":"max-snippet:-1","max-image-preview":"max-image-preview:large","max-video-preview":"max-video-preview:-1"},"og_locale":"pt_PT","og_type":"article","og_title":"RealWear HMT-1, Vidros Inteligentes Industriais, visor de 20 graus, IP66 MIL-STD-810G","og_description":"Aqui na Aleger pode obter o HMT-1 da Realwear. Teremos todo o prazer em aconselh\u00e1-lo sobre a utiliza\u00e7\u00e3o eficiente, instalar aplica\u00e7\u00f5es e muito mais.","og_url":"https:\/\/alegerglobal.com\/pt-pt\/shop-pt-pt\/oculos-inteligentes\/realwear-hmt-1\/","og_site_name":"ALEGER \u22c6 Augmented Reality","article_modified_time":"2022-05-20T06:35:13+00:00","og_image":[{"width":800,"height":800,"url":"https:\/\/alegerglobal.com\/wp-content\/uploads\/2021\/01\/Unbenannt-29.jpg","type":"image\/jpeg"}],"twitter_card":"summary_large_image","twitter_misc":{"pre\u00e7o":"&euro;1.795,50","Disponibilidade":"Em stock"},"schema":{"@context":"https:\/\/schema.org","@graph":[{"@type":"WebPage","@id":"https:\/\/alegerglobal.com\/pt-pt\/shop-pt-pt\/oculos-inteligentes\/realwear-hmt-1\/","url":"https:\/\/alegerglobal.com\/pt-pt\/shop-pt-pt\/oculos-inteligentes\/realwear-hmt-1\/","name":"Comprar Roupa Realwear HMT-1 (2022) - ALEGER \u22c6 Augmented Reality","isPartOf":{"@id":"https:\/\/alegerglobal.com\/pt-pt\/#website"},"primaryImageOfPage":{"@id":"https:\/\/alegerglobal.com\/pt-pt\/shop-pt-pt\/oculos-inteligentes\/realwear-hmt-1\/#primaryimage"},"image":{"@id":"https:\/\/alegerglobal.com\/pt-pt\/shop-pt-pt\/oculos-inteligentes\/realwear-hmt-1\/#primaryimage"},"thumbnailUrl":"https:\/\/alegerglobal.com\/wp-content\/uploads\/2021\/01\/Unbenannt-29.jpg","datePublished":"2022-05-17T11:59:21+00:00","dateModified":"2022-05-20T06:35:13+00:00","description":"Aqui na Aleger pode obter o HMT-1 da Realwear. Teremos todo o prazer em aconselh\u00e1-lo sobre a utiliza\u00e7\u00e3o eficiente, instalar aplica\u00e7\u00f5es e muito mais.","breadcrumb":{"@id":"https:\/\/alegerglobal.com\/pt-pt\/shop-pt-pt\/oculos-inteligentes\/realwear-hmt-1\/#breadcrumb"},"inLanguage":"pt-PT","potentialAction":[{"@type":"ReadAction","target":["https:\/\/alegerglobal.com\/pt-pt\/shop-pt-pt\/oculos-inteligentes\/realwear-hmt-1\/"]}]},{"@type":"ImageObject","inLanguage":"pt-PT","@id":"https:\/\/alegerglobal.com\/pt-pt\/shop-pt-pt\/oculos-inteligentes\/realwear-hmt-1\/#primaryimage","url":"https:\/\/alegerglobal.com\/wp-content\/uploads\/2021\/01\/Unbenannt-29.jpg","contentUrl":"https:\/\/alegerglobal.com\/wp-content\/uploads\/2021\/01\/Unbenannt-29.jpg","width":800,"height":800,"caption":"Comprar RealWear HMT-1 na ALEGER"},{"@type":"BreadcrumbList","@id":"https:\/\/alegerglobal.com\/pt-pt\/shop-pt-pt\/oculos-inteligentes\/realwear-hmt-1\/#breadcrumb","itemListElement":[{"@type":"ListItem","position":1,"name":"Home","item":"https:\/\/alegerglobal.com\/pt-pt\/novo-pagina-inicial\/"},{"@type":"ListItem","position":2,"name":"Produtos","item":"https:\/\/alegerglobal.com\/pt-pt\/produtos\/"},{"@type":"ListItem","position":3,"name":"RealWear HMT-1, Vidros Inteligentes Industriais, visor de 20 graus, IP66 MIL-STD-810G"}]},{"@type":"WebSite","@id":"https:\/\/alegerglobal.com\/pt-pt\/#website","url":"https:\/\/alegerglobal.com\/pt-pt\/","name":"ALEGER \u22c6 Augmented Reality","description":"Die besten Augmented Reality (AR) L\u00f6sungen der Welt.","publisher":{"@id":"https:\/\/alegerglobal.com\/pt-pt\/#organization"},"potentialAction":[{"@type":"SearchAction","target":{"@type":"EntryPoint","urlTemplate":"https:\/\/alegerglobal.com\/pt-pt\/?s={search_term_string}"},"query-input":{"@type":"PropertyValueSpecification","valueRequired":true,"valueName":"search_term_string"}}],"inLanguage":"pt-PT"},{"@type":"Organization","@id":"https:\/\/alegerglobal.com\/pt-pt\/#organization","name":"ALEGER \u22c6 Augmented Reality","url":"https:\/\/alegerglobal.com\/pt-pt\/","logo":{"@type":"ImageObject","inLanguage":"pt-PT","@id":"https:\/\/alegerglobal.com\/pt-pt\/#\/schema\/logo\/image\/","url":"https:\/\/alegerglobal.com\/wp-content\/uploads\/2020\/12\/aleger-logo-quadrat.jpg","contentUrl":"https:\/\/alegerglobal.com\/wp-content\/uploads\/2020\/12\/aleger-logo-quadrat.jpg","width":200,"height":176,"caption":"ALEGER \u22c6 Augmented Reality"},"image":{"@id":"https:\/\/alegerglobal.com\/pt-pt\/#\/schema\/logo\/image\/"}}]},"product_brand":"RealWear","product_price_amount":"1795.50","product_price_currency":"EUR","og_availability":"instock","product_availability":"instock","product_condition":"new"},"_links":{"self":[{"href":"https:\/\/alegerglobal.com\/pt-pt\/wp-json\/wp\/v2\/product\/34169","targetHints":{"allow":["GET"]}}],"collection":[{"href":"https:\/\/alegerglobal.com\/pt-pt\/wp-json\/wp\/v2\/product"}],"about":[{"href":"https:\/\/alegerglobal.com\/pt-pt\/wp-json\/wp\/v2\/types\/product"}],"replies":[{"embeddable":true,"href":"https:\/\/alegerglobal.com\/pt-pt\/wp-json\/wp\/v2\/comments?post=34169"}],"version-history":[{"count":3,"href":"https:\/\/alegerglobal.com\/pt-pt\/wp-json\/wp\/v2\/product\/34169\/revisions"}],"predecessor-version":[{"id":35840,"href":"https:\/\/alegerglobal.com\/pt-pt\/wp-json\/wp\/v2\/product\/34169\/revisions\/35840"}],"wp:featuredmedia":[{"embeddable":true,"href":"https:\/\/alegerglobal.com\/pt-pt\/wp-json\/wp\/v2\/media\/23072"}],"wp:attachment":[{"href":"https:\/\/alegerglobal.com\/pt-pt\/wp-json\/wp\/v2\/media?parent=34169"}],"wp:term":[{"taxonomy":"product_brand","embeddable":true,"href":"https:\/\/alegerglobal.com\/pt-pt\/wp-json\/wp\/v2\/product_brand?post=34169"},{"taxonomy":"product_cat","embeddable":true,"href":"https:\/\/alegerglobal.com\/pt-pt\/wp-json\/wp\/v2\/product_cat?post=34169"},{"taxonomy":"product_tag","embeddable":true,"href":"https:\/\/alegerglobal.com\/pt-pt\/wp-json\/wp\/v2\/product_tag?post=34169"}],"curies":[{"name":"wp","href":"https:\/\/api.w.org\/{rel}","templated":true}]}}