{"id":34166,"date":"2024-01-10T08:25:29","date_gmt":"2022-05-17T11:57:42","guid":{"rendered":"https:\/\/alegerglobal.com\/sem%20categoria\/getac-f110-ex-comprimido-a-prova-de-explosao-ip65-mil-std-810g-windows-10-pro\/"},"modified":"2026-03-25T17:21:52","modified_gmt":"2026-03-25T16:21:52","slug":"getac-f110-ex-2","status":"publish","type":"product","link":"https:\/\/alegerglobal.com\/pt-pt\/shop-pt-pt\/atex-pt-pt\/getac-f110-ex-2\/","title":{"rendered":"Getac F110-EX &#8211; Tablet totalmente robusto \u00e0 prova de explos\u00e3o (ATEX \/ IECEx)"},"content":{"rendered":"<p><a>Vis\u00e3o geral<\/a><br \/>\n<a>Detalhes t\u00e9cnicos<\/a><br \/>\nVis\u00e3o geral<\/p>\n<h2>Comprimido IP65 protegido Ex da Getac para utiliza\u00e7\u00e3o na Zona 2 ATEX com visor LumiBond<\/h2>\n<p>O Getac F110-ex na variante \u00e0 prova de explos\u00e3o \u00e9 uma ferramenta de trabalho \u00fatil para opera\u00e7\u00f5es na Zona 2 da ATEX com a sua robustez combinada com grande pot\u00eancia computacional. Apresenta op\u00e7\u00f5es de configura\u00e7\u00e3o flex\u00edveis e um visor grande e brilhante que facilita o seu trabalho com vento e tempo. O F110-ex tamb\u00e9m desafia o p\u00f3 e a humidade com a sua certifica\u00e7\u00e3o IP65. Tamb\u00e9m est\u00e1 protegido contra danos por queda at\u00e9 uma altura de 180 cm.<\/p>\n<p>O visor de 11,6 polegadas com resolu\u00e7\u00e3o Full HD baseia-se na inovadora tecnologia LumiBond, que lhe confere maior robustez, contrastes n\u00edtidos e leitura sem brilho ao sol. O visor LumiBond torna o Getac F110-Ex o companheiro perfeito para o uso ao ar livre.<\/p>\n<h2>Navega\u00e7\u00e3o f\u00e1cil e longo tempo de funcionamento gra\u00e7as ao sistema de bateria How-Swap<\/h2>\n<p>Quatro modos de toque diferentes permitem-lhe navegar confortavelmente mesmo quando usa luvas, \u00e0 chuva ou com um estilete. Ao mesmo tempo, permanece sempre m\u00f3vel com o dispositivo, porque n\u00e3o \u00e9 maior que uma folha de papel DIN A4. Duas baterias permitem a utiliza\u00e7\u00e3o para um turno inteiro sem carga. O F110-ex tem um sistema hot-swap para que se possa facilmente substituir uma \u00fanica bateria durante o funcionamento.<\/p>\n<p>Se a unidade for danificada durante a utiliza\u00e7\u00e3o, beneficiar\u00e1 da garantia de tr\u00eas anos, pelo que receber\u00e1 uma unidade de trabalho de volta dentro de poucos dias.<\/p>\n<p>Detalhes t\u00e9cnicos<\/p>\n","protected":false},"excerpt":{"rendered":"<ul>\n<li data-start=\"204\" data-end=\"404\"><strong data-start=\"204\" data-end=\"250\">Tablet totalmente robusto \u00e0 prova de explos\u00e3o:<\/strong><br data-start=\"250\" data-end=\"253\">Certificado ATEX e IECEx (Zona 2\/22), testado de acordo com MIL-STD-810H e IP66 &#8211; desenvolvido para utiliza\u00e7\u00e3o segura em atmosferas potencialmente explosivas<\/li>\n<li data-start=\"406\" data-end=\"526\"><strong data-start=\"406\" data-end=\"434\">Sistema operativo moderno:<\/strong><br data-start=\"434\" data-end=\"437\">O Windows 11 Pro permite a utiliza\u00e7\u00e3o de todas as aplica\u00e7\u00f5es empresariais e industriais comuns<\/li>\n<li data-start=\"528\" data-end=\"680\"><strong data-start=\"528\" data-end=\"547\">Potente:<\/strong><br data-start=\"547\" data-end=\"550\">O processador Intel\u00ae Core\u2122 i5-1335U (at\u00e9 4,6 GHz) e a mem\u00f3ria DDR5 de 16 GB garantem um desempenho r\u00e1pido e fi\u00e1vel<\/li>\n<li data-start=\"682\" data-end=\"877\"><strong data-start=\"682\" data-end=\"714\">Ecr\u00e3 brilhante e robusto:<\/strong><br data-start=\"714\" data-end=\"717\">Ecr\u00e3 Full HD (1920 x 1080) de 11,6 polegadas com tecnologia LumiBond\u00ae 2.0 e brilho at\u00e9 1200 nits &#8211; \u00f3ptima legibilidade mesmo sob luz solar direta<\/li>\n<li data-start=\"879\" data-end=\"1007\"><strong data-start=\"879\" data-end=\"907\">Maior prote\u00e7\u00e3o contra quedas:<\/strong><br data-start=\"907\" data-end=\"910\">Protegido contra choques e vibra\u00e7\u00f5es de acordo com a norma MIL-STD-810H, concebido para utiliza\u00e7\u00e3o profissional no exterior<\/li>\n<li data-start=\"1009\" data-end=\"1125\"><strong data-start=\"1009\" data-end=\"1038\">Fonte de alimenta\u00e7\u00e3o flex\u00edvel:<\/strong><br data-start=\"1038\" data-end=\"1041\">Sistema de bateria dupla hot-swap para um funcionamento ininterrupto e longos per\u00edodos de funcionamento<\/li>\n<\/ul>\n","protected":false},"featured_media":22479,"comment_status":"open","ping_status":"closed","template":"","meta":{"_acf_changed":false},"product_brand":[],"product_cat":[1161,2631,2632],"product_tag":[],"class_list":{"0":"post-34166","1":"product","2":"type-product","3":"status-publish","4":"has-post-thumbnail","6":"product_cat-atex-pt-pt","7":"product_cat-computacao-movel","8":"product_cat-comunicacao","9":"pa_hersteller-getac-pt-pt","11":"first","12":"instock","13":"taxable","14":"shipping-taxable","15":"purchasable","16":"product-type-simple"},"acf":[],"yoast_head":"<!-- This site is optimized with the Yoast SEO Premium plugin v20.10 (Yoast SEO v24.3) - https:\/\/yoast.com\/wordpress\/plugins\/seo\/ -->\n<title>Comprar o Getac F110-ex aqui - ALEGER \u22c6 Augmented Reality<\/title>\n<meta name=\"description\" content=\"Descubra aqui o comprimido \u00e0 prova de explos\u00e3o IP65 da Getac! \u00c9 um instrumento de trabalho \u00fatil para opera\u00e7\u00f5es na Zona ATEX 2!\" \/>\n<meta name=\"robots\" content=\"index, follow, max-snippet:-1, max-image-preview:large, max-video-preview:-1\" \/>\n<meta property=\"og:locale\" content=\"pt_PT\" \/>\n<meta property=\"og:type\" content=\"article\" \/>\n<meta property=\"og:title\" content=\"Getac F110-EX - Tablet totalmente robusto \u00e0 prova de explos\u00e3o (ATEX \/ IECEx)\" \/>\n<meta property=\"og:description\" content=\"Descubra aqui o comprimido \u00e0 prova de explos\u00e3o IP65 da Getac! \u00c9 um instrumento de trabalho \u00fatil para opera\u00e7\u00f5es na Zona ATEX 2!\" \/>\n<meta property=\"og:url\" content=\"https:\/\/alegerglobal.com\/pt-pt\/shop-pt-pt\/atex-pt-pt\/getac-f110-ex-2\/\" \/>\n<meta property=\"og:site_name\" content=\"ALEGER \u22c6 Augmented Reality\" \/>\n<meta property=\"article:modified_time\" content=\"2026-03-25T16:21:52+00:00\" \/>\n<meta property=\"og:image\" content=\"https:\/\/alegerglobal.com\/wp-content\/uploads\/2021\/03\/Unbenannt-12.jpg\" \/>\n\t<meta property=\"og:image:width\" content=\"800\" \/>\n\t<meta property=\"og:image:height\" content=\"800\" \/>\n\t<meta property=\"og:image:type\" content=\"image\/jpeg\" \/>\n<meta name=\"twitter:card\" content=\"summary_large_image\" \/>\n<meta name=\"twitter:label1\" content=\"pre\u00e7o\" \/>\n\t<meta name=\"twitter:data1\" content=\"&euro;3.041,99\" \/>\n\t<meta name=\"twitter:label2\" content=\"Disponibilidade\" \/>\n\t<meta name=\"twitter:data2\" content=\"Em stock\" \/>\n<script type=\"application\/ld+json\" class=\"yoast-schema-graph\">{\"@context\":\"https:\/\/schema.org\",\"@graph\":[{\"@type\":\"WebPage\",\"@id\":\"https:\/\/alegerglobal.com\/pt-pt\/shop-pt-pt\/atex-pt-pt\/getac-f110-ex-2\/\",\"url\":\"https:\/\/alegerglobal.com\/pt-pt\/shop-pt-pt\/atex-pt-pt\/getac-f110-ex-2\/\",\"name\":\"Comprar o Getac F110-ex aqui - ALEGER \u22c6 Augmented Reality\",\"isPartOf\":{\"@id\":\"https:\/\/alegerglobal.com\/pt-pt\/#website\"},\"primaryImageOfPage\":{\"@id\":\"https:\/\/alegerglobal.com\/pt-pt\/shop-pt-pt\/atex-pt-pt\/getac-f110-ex-2\/#primaryimage\"},\"image\":{\"@id\":\"https:\/\/alegerglobal.com\/pt-pt\/shop-pt-pt\/atex-pt-pt\/getac-f110-ex-2\/#primaryimage\"},\"thumbnailUrl\":\"https:\/\/alegerglobal.com\/wp-content\/uploads\/2021\/03\/Unbenannt-12.jpg\",\"datePublished\":\"2022-05-17T11:57:42+00:00\",\"dateModified\":\"2026-03-25T16:21:52+00:00\",\"description\":\"Descubra aqui o comprimido \u00e0 prova de explos\u00e3o IP65 da Getac! \u00c9 um instrumento de trabalho \u00fatil para opera\u00e7\u00f5es na Zona ATEX 2!\",\"breadcrumb\":{\"@id\":\"https:\/\/alegerglobal.com\/pt-pt\/shop-pt-pt\/atex-pt-pt\/getac-f110-ex-2\/#breadcrumb\"},\"inLanguage\":\"pt-PT\",\"potentialAction\":[{\"@type\":\"ReadAction\",\"target\":[\"https:\/\/alegerglobal.com\/pt-pt\/shop-pt-pt\/atex-pt-pt\/getac-f110-ex-2\/\"]}]},{\"@type\":\"ImageObject\",\"inLanguage\":\"pt-PT\",\"@id\":\"https:\/\/alegerglobal.com\/pt-pt\/shop-pt-pt\/atex-pt-pt\/getac-f110-ex-2\/#primaryimage\",\"url\":\"https:\/\/alegerglobal.com\/wp-content\/uploads\/2021\/03\/Unbenannt-12.jpg\",\"contentUrl\":\"https:\/\/alegerglobal.com\/wp-content\/uploads\/2021\/03\/Unbenannt-12.jpg\",\"width\":800,\"height\":800,\"caption\":\"Getac F110-EX\"},{\"@type\":\"BreadcrumbList\",\"@id\":\"https:\/\/alegerglobal.com\/pt-pt\/shop-pt-pt\/atex-pt-pt\/getac-f110-ex-2\/#breadcrumb\",\"itemListElement\":[{\"@type\":\"ListItem\",\"position\":1,\"name\":\"Home\",\"item\":\"https:\/\/alegerglobal.com\/pt-pt\/novo-pagina-inicial\/\"},{\"@type\":\"ListItem\",\"position\":2,\"name\":\"Produtos\",\"item\":\"https:\/\/alegerglobal.com\/pt-pt\/produtos\/\"},{\"@type\":\"ListItem\",\"position\":3,\"name\":\"Getac F110-EX &#8211; Tablet totalmente robusto \u00e0 prova de explos\u00e3o (ATEX \/ IECEx)\"}]},{\"@type\":\"WebSite\",\"@id\":\"https:\/\/alegerglobal.com\/pt-pt\/#website\",\"url\":\"https:\/\/alegerglobal.com\/pt-pt\/\",\"name\":\"ALEGER \u22c6 Augmented Reality\",\"description\":\"Die besten Augmented Reality (AR) L\u00f6sungen der Welt.\",\"publisher\":{\"@id\":\"https:\/\/alegerglobal.com\/pt-pt\/#organization\"},\"potentialAction\":[{\"@type\":\"SearchAction\",\"target\":{\"@type\":\"EntryPoint\",\"urlTemplate\":\"https:\/\/alegerglobal.com\/pt-pt\/?s={search_term_string}\"},\"query-input\":{\"@type\":\"PropertyValueSpecification\",\"valueRequired\":true,\"valueName\":\"search_term_string\"}}],\"inLanguage\":\"pt-PT\"},{\"@type\":\"Organization\",\"@id\":\"https:\/\/alegerglobal.com\/pt-pt\/#organization\",\"name\":\"ALEGER \u22c6 Augmented Reality\",\"url\":\"https:\/\/alegerglobal.com\/pt-pt\/\",\"logo\":{\"@type\":\"ImageObject\",\"inLanguage\":\"pt-PT\",\"@id\":\"https:\/\/alegerglobal.com\/pt-pt\/#\/schema\/logo\/image\/\",\"url\":\"https:\/\/alegerglobal.com\/wp-content\/uploads\/2020\/12\/aleger-logo-quadrat.jpg\",\"contentUrl\":\"https:\/\/alegerglobal.com\/wp-content\/uploads\/2020\/12\/aleger-logo-quadrat.jpg\",\"width\":200,\"height\":176,\"caption\":\"ALEGER \u22c6 Augmented Reality\"},\"image\":{\"@id\":\"https:\/\/alegerglobal.com\/pt-pt\/#\/schema\/logo\/image\/\"}}]}<\/script>\n<meta property=\"product:brand\" content=\"Getac\" \/>\n<meta property=\"product:price:amount\" content=\"3041.99\" \/>\n<meta property=\"product:price:currency\" content=\"EUR\" \/>\n<meta property=\"og:availability\" content=\"instock\" \/>\n<meta property=\"product:availability\" content=\"instock\" \/>\n<meta property=\"product:condition\" content=\"new\" \/>\n<!-- \/ Yoast SEO Premium plugin. -->","yoast_head_json":{"title":"Comprar o Getac F110-ex aqui - ALEGER \u22c6 Augmented Reality","description":"Descubra aqui o comprimido \u00e0 prova de explos\u00e3o IP65 da Getac! \u00c9 um instrumento de trabalho \u00fatil para opera\u00e7\u00f5es na Zona ATEX 2!","robots":{"index":"index","follow":"follow","max-snippet":"max-snippet:-1","max-image-preview":"max-image-preview:large","max-video-preview":"max-video-preview:-1"},"og_locale":"pt_PT","og_type":"article","og_title":"Getac F110-EX - Tablet totalmente robusto \u00e0 prova de explos\u00e3o (ATEX \/ IECEx)","og_description":"Descubra aqui o comprimido \u00e0 prova de explos\u00e3o IP65 da Getac! \u00c9 um instrumento de trabalho \u00fatil para opera\u00e7\u00f5es na Zona ATEX 2!","og_url":"https:\/\/alegerglobal.com\/pt-pt\/shop-pt-pt\/atex-pt-pt\/getac-f110-ex-2\/","og_site_name":"ALEGER \u22c6 Augmented Reality","article_modified_time":"2026-03-25T16:21:52+00:00","og_image":[{"width":800,"height":800,"url":"https:\/\/alegerglobal.com\/wp-content\/uploads\/2021\/03\/Unbenannt-12.jpg","type":"image\/jpeg"}],"twitter_card":"summary_large_image","twitter_misc":{"pre\u00e7o":"&euro;3.041,99","Disponibilidade":"Em stock"},"schema":{"@context":"https:\/\/schema.org","@graph":[{"@type":"WebPage","@id":"https:\/\/alegerglobal.com\/pt-pt\/shop-pt-pt\/atex-pt-pt\/getac-f110-ex-2\/","url":"https:\/\/alegerglobal.com\/pt-pt\/shop-pt-pt\/atex-pt-pt\/getac-f110-ex-2\/","name":"Comprar o Getac F110-ex aqui - ALEGER \u22c6 Augmented Reality","isPartOf":{"@id":"https:\/\/alegerglobal.com\/pt-pt\/#website"},"primaryImageOfPage":{"@id":"https:\/\/alegerglobal.com\/pt-pt\/shop-pt-pt\/atex-pt-pt\/getac-f110-ex-2\/#primaryimage"},"image":{"@id":"https:\/\/alegerglobal.com\/pt-pt\/shop-pt-pt\/atex-pt-pt\/getac-f110-ex-2\/#primaryimage"},"thumbnailUrl":"https:\/\/alegerglobal.com\/wp-content\/uploads\/2021\/03\/Unbenannt-12.jpg","datePublished":"2022-05-17T11:57:42+00:00","dateModified":"2026-03-25T16:21:52+00:00","description":"Descubra aqui o comprimido \u00e0 prova de explos\u00e3o IP65 da Getac! \u00c9 um instrumento de trabalho \u00fatil para opera\u00e7\u00f5es na Zona ATEX 2!","breadcrumb":{"@id":"https:\/\/alegerglobal.com\/pt-pt\/shop-pt-pt\/atex-pt-pt\/getac-f110-ex-2\/#breadcrumb"},"inLanguage":"pt-PT","potentialAction":[{"@type":"ReadAction","target":["https:\/\/alegerglobal.com\/pt-pt\/shop-pt-pt\/atex-pt-pt\/getac-f110-ex-2\/"]}]},{"@type":"ImageObject","inLanguage":"pt-PT","@id":"https:\/\/alegerglobal.com\/pt-pt\/shop-pt-pt\/atex-pt-pt\/getac-f110-ex-2\/#primaryimage","url":"https:\/\/alegerglobal.com\/wp-content\/uploads\/2021\/03\/Unbenannt-12.jpg","contentUrl":"https:\/\/alegerglobal.com\/wp-content\/uploads\/2021\/03\/Unbenannt-12.jpg","width":800,"height":800,"caption":"Getac F110-EX"},{"@type":"BreadcrumbList","@id":"https:\/\/alegerglobal.com\/pt-pt\/shop-pt-pt\/atex-pt-pt\/getac-f110-ex-2\/#breadcrumb","itemListElement":[{"@type":"ListItem","position":1,"name":"Home","item":"https:\/\/alegerglobal.com\/pt-pt\/novo-pagina-inicial\/"},{"@type":"ListItem","position":2,"name":"Produtos","item":"https:\/\/alegerglobal.com\/pt-pt\/produtos\/"},{"@type":"ListItem","position":3,"name":"Getac F110-EX &#8211; Tablet totalmente robusto \u00e0 prova de explos\u00e3o (ATEX \/ IECEx)"}]},{"@type":"WebSite","@id":"https:\/\/alegerglobal.com\/pt-pt\/#website","url":"https:\/\/alegerglobal.com\/pt-pt\/","name":"ALEGER \u22c6 Augmented Reality","description":"Die besten Augmented Reality (AR) L\u00f6sungen der Welt.","publisher":{"@id":"https:\/\/alegerglobal.com\/pt-pt\/#organization"},"potentialAction":[{"@type":"SearchAction","target":{"@type":"EntryPoint","urlTemplate":"https:\/\/alegerglobal.com\/pt-pt\/?s={search_term_string}"},"query-input":{"@type":"PropertyValueSpecification","valueRequired":true,"valueName":"search_term_string"}}],"inLanguage":"pt-PT"},{"@type":"Organization","@id":"https:\/\/alegerglobal.com\/pt-pt\/#organization","name":"ALEGER \u22c6 Augmented Reality","url":"https:\/\/alegerglobal.com\/pt-pt\/","logo":{"@type":"ImageObject","inLanguage":"pt-PT","@id":"https:\/\/alegerglobal.com\/pt-pt\/#\/schema\/logo\/image\/","url":"https:\/\/alegerglobal.com\/wp-content\/uploads\/2020\/12\/aleger-logo-quadrat.jpg","contentUrl":"https:\/\/alegerglobal.com\/wp-content\/uploads\/2020\/12\/aleger-logo-quadrat.jpg","width":200,"height":176,"caption":"ALEGER \u22c6 Augmented Reality"},"image":{"@id":"https:\/\/alegerglobal.com\/pt-pt\/#\/schema\/logo\/image\/"}}]},"product_brand":"Getac","product_price_amount":"3041.99","product_price_currency":"EUR","og_availability":"instock","product_availability":"instock","product_condition":"new"},"_links":{"self":[{"href":"https:\/\/alegerglobal.com\/pt-pt\/wp-json\/wp\/v2\/product\/34166","targetHints":{"allow":["GET"]}}],"collection":[{"href":"https:\/\/alegerglobal.com\/pt-pt\/wp-json\/wp\/v2\/product"}],"about":[{"href":"https:\/\/alegerglobal.com\/pt-pt\/wp-json\/wp\/v2\/types\/product"}],"replies":[{"embeddable":true,"href":"https:\/\/alegerglobal.com\/pt-pt\/wp-json\/wp\/v2\/comments?post=34166"}],"version-history":[{"count":1,"href":"https:\/\/alegerglobal.com\/pt-pt\/wp-json\/wp\/v2\/product\/34166\/revisions"}],"predecessor-version":[{"id":54081,"href":"https:\/\/alegerglobal.com\/pt-pt\/wp-json\/wp\/v2\/product\/34166\/revisions\/54081"}],"wp:featuredmedia":[{"embeddable":true,"href":"https:\/\/alegerglobal.com\/pt-pt\/wp-json\/wp\/v2\/media\/22479"}],"wp:attachment":[{"href":"https:\/\/alegerglobal.com\/pt-pt\/wp-json\/wp\/v2\/media?parent=34166"}],"wp:term":[{"taxonomy":"product_brand","embeddable":true,"href":"https:\/\/alegerglobal.com\/pt-pt\/wp-json\/wp\/v2\/product_brand?post=34166"},{"taxonomy":"product_cat","embeddable":true,"href":"https:\/\/alegerglobal.com\/pt-pt\/wp-json\/wp\/v2\/product_cat?post=34166"},{"taxonomy":"product_tag","embeddable":true,"href":"https:\/\/alegerglobal.com\/pt-pt\/wp-json\/wp\/v2\/product_tag?post=34166"}],"curies":[{"name":"wp","href":"https:\/\/api.w.org\/{rel}","templated":true}]}}