{"id":34165,"date":"2021-03-10T08:26:10","date_gmt":"2022-05-17T11:57:40","guid":{"rendered":"https:\/\/alegerglobal.com\/sem categoria\/getac-a140-rugged-tablet-14-polegadas-mil-std-810g-ip65-windows-10-pro\/"},"modified":"2022-05-17T12:57:40","modified_gmt":"2022-05-17T11:57:40","slug":"getac-a140-2","status":"publish","type":"product","link":"https:\/\/alegerglobal.com\/pt-pt\/shop-pt-pt\/getac-a140-2\/","title":{"rendered":"Getac A140, Rugged Tablet, 14 polegadas, MIL-STD-810G, IP65, Windows 10 Pro"},"content":{"rendered":"","protected":false},"excerpt":{"rendered":"<ul>\n<li aria-level=\"1\"><b>Comprimido robusto com verifica\u00e7\u00e3o MIL-STD-810G e certifica\u00e7\u00e3o IP65<\/b><\/li>\n<li aria-level=\"1\"><b>Hardware poderoso:<\/b><span style=\"font-weight: 400;\"> Processador r\u00e1pido i5 e mem\u00f3ria DDR4 de 8 GB<\/span><\/li>\n<li aria-level=\"1\"><b>Todos os dados est\u00e3o sempre \u00e0 vista:<\/b><span style=\"font-weight: 400;\"> Visor grande de 14 polegadas (aprox. 36 cm) com 1000 nits de brilho<\/span><\/li>\n<li aria-level=\"1\"><b>Mem\u00f3ria r\u00e1pida, grande e expans\u00edvel:<\/b><span style=\"font-weight: 400;\"> SSD de 256 GB, expans\u00edvel at\u00e9 1 TB<\/span><\/li>\n<li aria-level=\"1\"><b>Conectividade flex\u00edvel: <\/b>via Bluetooth 5, Wi-Fi e 4G LTE<\/li>\n<\/ul>\n","protected":false},"featured_media":22702,"comment_status":"open","ping_status":"closed","template":"","meta":{"_acf_changed":false},"product_brand":[],"product_cat":[1162,1160],"product_tag":[],"class_list":{"0":"post-34165","1":"product","2":"type-product","3":"status-publish","4":"has-post-thumbnail","6":"product_cat-shop-pt-pt","7":"product_cat-tabuleta-resistente","8":"pa_hersteller-getac-pt-pt","10":"first","11":"instock","12":"taxable","13":"shipping-taxable","14":"purchasable","15":"product-type-simple"},"acf":[],"yoast_head":"<!-- This site is optimized with the Yoast SEO Premium plugin v20.10 (Yoast SEO v24.3) - https:\/\/yoast.com\/wordpress\/plugins\/seo\/ -->\n<title>Comprar o Getac A140 aqui - ALEGER \u22c6 Augmented Reality<\/title>\n<meta name=\"description\" content=\"Adquira o Getac A140 comprimido robusto que combina a pot\u00eancia de um caderno com a mobilidade e a compacidade de um comprimido!\" \/>\n<meta name=\"robots\" content=\"index, follow, max-snippet:-1, max-image-preview:large, max-video-preview:-1\" \/>\n<meta property=\"og:locale\" content=\"pt_PT\" \/>\n<meta property=\"og:type\" content=\"article\" \/>\n<meta property=\"og:title\" content=\"Getac A140, Rugged Tablet, 14 polegadas, MIL-STD-810G, IP65, Windows 10 Pro\" \/>\n<meta property=\"og:description\" content=\"Adquira o Getac A140 comprimido robusto que combina a pot\u00eancia de um caderno com a mobilidade e a compacidade de um comprimido!\" \/>\n<meta property=\"og:url\" content=\"https:\/\/alegerglobal.com\/pt-pt\/shop-pt-pt\/getac-a140-2\/\" \/>\n<meta property=\"og:site_name\" content=\"ALEGER \u22c6 Augmented Reality\" \/>\n<meta property=\"og:image\" content=\"https:\/\/alegerglobal.com\/wp-content\/uploads\/2021\/01\/a140-h2-b1.png\" \/>\n\t<meta property=\"og:image:width\" content=\"1280\" \/>\n\t<meta property=\"og:image:height\" content=\"1280\" \/>\n\t<meta property=\"og:image:type\" content=\"image\/png\" \/>\n<meta name=\"twitter:card\" content=\"summary_large_image\" \/>\n<meta name=\"twitter:label1\" content=\"pre\u00e7o\" \/>\n\t<meta name=\"twitter:data1\" content=\"&euro;2.858,99\" \/>\n\t<meta name=\"twitter:label2\" content=\"Disponibilidade\" \/>\n\t<meta name=\"twitter:data2\" content=\"Em stock\" \/>\n<script type=\"application\/ld+json\" class=\"yoast-schema-graph\">{\"@context\":\"https:\/\/schema.org\",\"@graph\":[{\"@type\":\"WebPage\",\"@id\":\"https:\/\/alegerglobal.com\/pt-pt\/shop-pt-pt\/getac-a140-2\/\",\"url\":\"https:\/\/alegerglobal.com\/pt-pt\/shop-pt-pt\/getac-a140-2\/\",\"name\":\"Comprar o Getac A140 aqui - ALEGER \u22c6 Augmented Reality\",\"isPartOf\":{\"@id\":\"https:\/\/alegerglobal.com\/pt-pt\/#website\"},\"primaryImageOfPage\":{\"@id\":\"https:\/\/alegerglobal.com\/pt-pt\/shop-pt-pt\/getac-a140-2\/#primaryimage\"},\"image\":{\"@id\":\"https:\/\/alegerglobal.com\/pt-pt\/shop-pt-pt\/getac-a140-2\/#primaryimage\"},\"thumbnailUrl\":\"https:\/\/alegerglobal.com\/wp-content\/uploads\/2021\/01\/a140-h2-b1.png\",\"datePublished\":\"2022-05-17T11:57:40+00:00\",\"dateModified\":\"2022-05-17T11:57:40+00:00\",\"description\":\"Adquira o Getac A140 comprimido robusto que combina a pot\u00eancia de um caderno com a mobilidade e a compacidade de um comprimido!\",\"breadcrumb\":{\"@id\":\"https:\/\/alegerglobal.com\/pt-pt\/shop-pt-pt\/getac-a140-2\/#breadcrumb\"},\"inLanguage\":\"pt-PT\",\"potentialAction\":[{\"@type\":\"ReadAction\",\"target\":[\"https:\/\/alegerglobal.com\/pt-pt\/shop-pt-pt\/getac-a140-2\/\"]}]},{\"@type\":\"ImageObject\",\"inLanguage\":\"pt-PT\",\"@id\":\"https:\/\/alegerglobal.com\/pt-pt\/shop-pt-pt\/getac-a140-2\/#primaryimage\",\"url\":\"https:\/\/alegerglobal.com\/wp-content\/uploads\/2021\/01\/a140-h2-b1.png\",\"contentUrl\":\"https:\/\/alegerglobal.com\/wp-content\/uploads\/2021\/01\/a140-h2-b1.png\",\"width\":1280,\"height\":1280,\"caption\":\"Getac A140\"},{\"@type\":\"BreadcrumbList\",\"@id\":\"https:\/\/alegerglobal.com\/pt-pt\/shop-pt-pt\/getac-a140-2\/#breadcrumb\",\"itemListElement\":[{\"@type\":\"ListItem\",\"position\":1,\"name\":\"Home\",\"item\":\"https:\/\/alegerglobal.com\/pt-pt\/novo-pagina-inicial\/\"},{\"@type\":\"ListItem\",\"position\":2,\"name\":\"Produtos\",\"item\":\"https:\/\/alegerglobal.com\/pt-pt\/produtos\/\"},{\"@type\":\"ListItem\",\"position\":3,\"name\":\"Getac A140, Rugged Tablet, 14 polegadas, MIL-STD-810G, IP65, Windows 10 Pro\"}]},{\"@type\":\"WebSite\",\"@id\":\"https:\/\/alegerglobal.com\/pt-pt\/#website\",\"url\":\"https:\/\/alegerglobal.com\/pt-pt\/\",\"name\":\"ALEGER \u22c6 Augmented Reality\",\"description\":\"Die besten Augmented Reality (AR) L\u00f6sungen der Welt.\",\"publisher\":{\"@id\":\"https:\/\/alegerglobal.com\/pt-pt\/#organization\"},\"potentialAction\":[{\"@type\":\"SearchAction\",\"target\":{\"@type\":\"EntryPoint\",\"urlTemplate\":\"https:\/\/alegerglobal.com\/pt-pt\/?s={search_term_string}\"},\"query-input\":{\"@type\":\"PropertyValueSpecification\",\"valueRequired\":true,\"valueName\":\"search_term_string\"}}],\"inLanguage\":\"pt-PT\"},{\"@type\":\"Organization\",\"@id\":\"https:\/\/alegerglobal.com\/pt-pt\/#organization\",\"name\":\"ALEGER \u22c6 Augmented Reality\",\"url\":\"https:\/\/alegerglobal.com\/pt-pt\/\",\"logo\":{\"@type\":\"ImageObject\",\"inLanguage\":\"pt-PT\",\"@id\":\"https:\/\/alegerglobal.com\/pt-pt\/#\/schema\/logo\/image\/\",\"url\":\"https:\/\/alegerglobal.com\/wp-content\/uploads\/2020\/12\/aleger-logo-quadrat.jpg\",\"contentUrl\":\"https:\/\/alegerglobal.com\/wp-content\/uploads\/2020\/12\/aleger-logo-quadrat.jpg\",\"width\":200,\"height\":176,\"caption\":\"ALEGER \u22c6 Augmented Reality\"},\"image\":{\"@id\":\"https:\/\/alegerglobal.com\/pt-pt\/#\/schema\/logo\/image\/\"}}]}<\/script>\n<meta property=\"product:brand\" content=\"Getac\" \/>\n<meta property=\"product:price:amount\" content=\"2858.99\" \/>\n<meta property=\"product:price:currency\" content=\"EUR\" \/>\n<meta property=\"og:availability\" content=\"instock\" \/>\n<meta property=\"product:availability\" content=\"instock\" \/>\n<meta property=\"product:condition\" content=\"new\" \/>\n<!-- \/ Yoast SEO Premium plugin. -->","yoast_head_json":{"title":"Comprar o Getac A140 aqui - ALEGER \u22c6 Augmented Reality","description":"Adquira o Getac A140 comprimido robusto que combina a pot\u00eancia de um caderno com a mobilidade e a compacidade de um comprimido!","robots":{"index":"index","follow":"follow","max-snippet":"max-snippet:-1","max-image-preview":"max-image-preview:large","max-video-preview":"max-video-preview:-1"},"og_locale":"pt_PT","og_type":"article","og_title":"Getac A140, Rugged Tablet, 14 polegadas, MIL-STD-810G, IP65, Windows 10 Pro","og_description":"Adquira o Getac A140 comprimido robusto que combina a pot\u00eancia de um caderno com a mobilidade e a compacidade de um comprimido!","og_url":"https:\/\/alegerglobal.com\/pt-pt\/shop-pt-pt\/getac-a140-2\/","og_site_name":"ALEGER \u22c6 Augmented Reality","og_image":[{"width":1280,"height":1280,"url":"https:\/\/alegerglobal.com\/wp-content\/uploads\/2021\/01\/a140-h2-b1.png","type":"image\/png"}],"twitter_card":"summary_large_image","twitter_misc":{"pre\u00e7o":"&euro;2.858,99","Disponibilidade":"Em stock"},"schema":{"@context":"https:\/\/schema.org","@graph":[{"@type":"WebPage","@id":"https:\/\/alegerglobal.com\/pt-pt\/shop-pt-pt\/getac-a140-2\/","url":"https:\/\/alegerglobal.com\/pt-pt\/shop-pt-pt\/getac-a140-2\/","name":"Comprar o Getac A140 aqui - ALEGER \u22c6 Augmented Reality","isPartOf":{"@id":"https:\/\/alegerglobal.com\/pt-pt\/#website"},"primaryImageOfPage":{"@id":"https:\/\/alegerglobal.com\/pt-pt\/shop-pt-pt\/getac-a140-2\/#primaryimage"},"image":{"@id":"https:\/\/alegerglobal.com\/pt-pt\/shop-pt-pt\/getac-a140-2\/#primaryimage"},"thumbnailUrl":"https:\/\/alegerglobal.com\/wp-content\/uploads\/2021\/01\/a140-h2-b1.png","datePublished":"2022-05-17T11:57:40+00:00","dateModified":"2022-05-17T11:57:40+00:00","description":"Adquira o Getac A140 comprimido robusto que combina a pot\u00eancia de um caderno com a mobilidade e a compacidade de um comprimido!","breadcrumb":{"@id":"https:\/\/alegerglobal.com\/pt-pt\/shop-pt-pt\/getac-a140-2\/#breadcrumb"},"inLanguage":"pt-PT","potentialAction":[{"@type":"ReadAction","target":["https:\/\/alegerglobal.com\/pt-pt\/shop-pt-pt\/getac-a140-2\/"]}]},{"@type":"ImageObject","inLanguage":"pt-PT","@id":"https:\/\/alegerglobal.com\/pt-pt\/shop-pt-pt\/getac-a140-2\/#primaryimage","url":"https:\/\/alegerglobal.com\/wp-content\/uploads\/2021\/01\/a140-h2-b1.png","contentUrl":"https:\/\/alegerglobal.com\/wp-content\/uploads\/2021\/01\/a140-h2-b1.png","width":1280,"height":1280,"caption":"Getac A140"},{"@type":"BreadcrumbList","@id":"https:\/\/alegerglobal.com\/pt-pt\/shop-pt-pt\/getac-a140-2\/#breadcrumb","itemListElement":[{"@type":"ListItem","position":1,"name":"Home","item":"https:\/\/alegerglobal.com\/pt-pt\/novo-pagina-inicial\/"},{"@type":"ListItem","position":2,"name":"Produtos","item":"https:\/\/alegerglobal.com\/pt-pt\/produtos\/"},{"@type":"ListItem","position":3,"name":"Getac A140, Rugged Tablet, 14 polegadas, MIL-STD-810G, IP65, Windows 10 Pro"}]},{"@type":"WebSite","@id":"https:\/\/alegerglobal.com\/pt-pt\/#website","url":"https:\/\/alegerglobal.com\/pt-pt\/","name":"ALEGER \u22c6 Augmented Reality","description":"Die besten Augmented Reality (AR) L\u00f6sungen der Welt.","publisher":{"@id":"https:\/\/alegerglobal.com\/pt-pt\/#organization"},"potentialAction":[{"@type":"SearchAction","target":{"@type":"EntryPoint","urlTemplate":"https:\/\/alegerglobal.com\/pt-pt\/?s={search_term_string}"},"query-input":{"@type":"PropertyValueSpecification","valueRequired":true,"valueName":"search_term_string"}}],"inLanguage":"pt-PT"},{"@type":"Organization","@id":"https:\/\/alegerglobal.com\/pt-pt\/#organization","name":"ALEGER \u22c6 Augmented Reality","url":"https:\/\/alegerglobal.com\/pt-pt\/","logo":{"@type":"ImageObject","inLanguage":"pt-PT","@id":"https:\/\/alegerglobal.com\/pt-pt\/#\/schema\/logo\/image\/","url":"https:\/\/alegerglobal.com\/wp-content\/uploads\/2020\/12\/aleger-logo-quadrat.jpg","contentUrl":"https:\/\/alegerglobal.com\/wp-content\/uploads\/2020\/12\/aleger-logo-quadrat.jpg","width":200,"height":176,"caption":"ALEGER \u22c6 Augmented Reality"},"image":{"@id":"https:\/\/alegerglobal.com\/pt-pt\/#\/schema\/logo\/image\/"}}]},"product_brand":"Getac","product_price_amount":"2858.99","product_price_currency":"EUR","og_availability":"instock","product_availability":"instock","product_condition":"new"},"_links":{"self":[{"href":"https:\/\/alegerglobal.com\/pt-pt\/wp-json\/wp\/v2\/product\/34165","targetHints":{"allow":["GET"]}}],"collection":[{"href":"https:\/\/alegerglobal.com\/pt-pt\/wp-json\/wp\/v2\/product"}],"about":[{"href":"https:\/\/alegerglobal.com\/pt-pt\/wp-json\/wp\/v2\/types\/product"}],"replies":[{"embeddable":true,"href":"https:\/\/alegerglobal.com\/pt-pt\/wp-json\/wp\/v2\/comments?post=34165"}],"version-history":[{"count":0,"href":"https:\/\/alegerglobal.com\/pt-pt\/wp-json\/wp\/v2\/product\/34165\/revisions"}],"wp:featuredmedia":[{"embeddable":true,"href":"https:\/\/alegerglobal.com\/pt-pt\/wp-json\/wp\/v2\/media\/22702"}],"wp:attachment":[{"href":"https:\/\/alegerglobal.com\/pt-pt\/wp-json\/wp\/v2\/media?parent=34165"}],"wp:term":[{"taxonomy":"product_brand","embeddable":true,"href":"https:\/\/alegerglobal.com\/pt-pt\/wp-json\/wp\/v2\/product_brand?post=34165"},{"taxonomy":"product_cat","embeddable":true,"href":"https:\/\/alegerglobal.com\/pt-pt\/wp-json\/wp\/v2\/product_cat?post=34165"},{"taxonomy":"product_tag","embeddable":true,"href":"https:\/\/alegerglobal.com\/pt-pt\/wp-json\/wp\/v2\/product_tag?post=34165"}],"curies":[{"name":"wp","href":"https:\/\/api.w.org\/{rel}","templated":true}]}}