{"id":34155,"date":"2021-03-10T08:58:48","date_gmt":"2022-05-17T11:56:24","guid":{"rendered":"https:\/\/alegerglobal.com\/sem categoria\/panasonic-toughbook-n1-tablete-robusto-mil-std-810g-ip68-4-7-polegadas-android-9-leitor-de-codigo-de-barras\/"},"modified":"2022-05-17T12:56:24","modified_gmt":"2022-05-17T11:56:24","slug":"panasonic-toughbook-n1-2","status":"publish","type":"product","link":"https:\/\/alegerglobal.com\/pt-pt\/shop-pt-pt\/panasonic-toughbook-n1-2\/","title":{"rendered":"Panasonic Toughbook N1, tablete robusto, MIL-STD 810G, IP68, 4.7 polegadas, Android 9, leitor de c\u00f3digo de barras"},"content":{"rendered":"","protected":false},"excerpt":{"rendered":"<ul>\n<li aria-level=\"1\"><b>Comprimido robusto em formato port\u00e1til com certifica\u00e7\u00e3o MIL-STD 810G e IP68<\/b><\/li>\n<li aria-level=\"1\"><b>Visibilidade em todas as condi\u00e7\u00f5es de ilumina\u00e7\u00e3o:<\/b><span style=\"font-weight: 400;\"> visor de 4,7 polegadas sem brilho com 500 cd\/m\u00b2 <\/span> <\/li>\n<li aria-level=\"1\"><b>Documenta\u00e7\u00e3o de aplica\u00e7\u00e3o com c\u00e2mara: <\/b><span style=\"font-weight: 400;\">Uma c\u00e2mara de 8 MP com flash LED est\u00e1 integrada na parte de tr\u00e1s.<\/span><\/li>\n<li aria-level=\"1\"><b>Funcionamento confort\u00e1vel e flex\u00edvel<\/b><span style=\"font-weight: 400;\">O visor pode ser operado com luvas convencionais e, opcionalmente, com um estilete.<\/span><\/li>\n<li aria-level=\"1\"><b>Sistema operativo actualizado e seguro:<\/b><span style=\"font-weight: 400;\"> Android 9, compat\u00edvel com o COMPASS 2.<\/span><\/li>\n<li aria-level=\"1\"><b>Ler dados sem dispositivo adicional:<\/b><span style=\"font-weight: 400;\"> leitor de c\u00f3digo de barras integrado<\/span><\/li>\n<li aria-level=\"1\"><b>3 anos de garantia, prorrog\u00e1vel at\u00e9 5 anos<\/b><\/li>\n<\/ul>\n<ul>\n<li style=\"list-style-type: none;\">\n<\/li>\n<\/ul>\n<p>&nbsp;<\/p>\n","protected":false},"featured_media":23020,"comment_status":"open","ping_status":"closed","template":"","meta":{"_acf_changed":false},"product_brand":[],"product_cat":[1162,1160],"product_tag":[],"class_list":{"0":"post-34155","1":"product","2":"type-product","3":"status-publish","4":"has-post-thumbnail","6":"product_cat-shop-pt-pt","7":"product_cat-tabuleta-resistente","8":"pa_hersteller-panasonic-pt-pt","10":"first","11":"instock","12":"taxable","13":"shipping-taxable","14":"purchasable","15":"product-type-simple"},"acf":[],"yoast_head":"<!-- This site is optimized with the Yoast SEO Premium plugin v20.10 (Yoast SEO v24.3) - https:\/\/yoast.com\/wordpress\/plugins\/seo\/ -->\n<title>Comprar Panasonic Toughbook N1 aqui - ALEGER \u22c6 Augmented Reality<\/title>\n<meta name=\"description\" content=\"Aqui recebe um comprimido de m\u00e3o leve e fino com 4,7 polegadas! Muito robusto! Para utiliza\u00e7\u00e3o em todas as condi\u00e7\u00f5es climat\u00e9ricas!\" \/>\n<meta name=\"robots\" content=\"index, follow, max-snippet:-1, max-image-preview:large, max-video-preview:-1\" \/>\n<meta property=\"og:locale\" content=\"pt_PT\" \/>\n<meta property=\"og:type\" content=\"article\" \/>\n<meta property=\"og:title\" content=\"Panasonic Toughbook N1, tablete robusto, MIL-STD 810G, IP68, 4.7 polegadas, Android 9, leitor de c\u00f3digo de barras\" \/>\n<meta property=\"og:description\" content=\"Aqui recebe um comprimido de m\u00e3o leve e fino com 4,7 polegadas! Muito robusto! Para utiliza\u00e7\u00e3o em todas as condi\u00e7\u00f5es climat\u00e9ricas!\" \/>\n<meta property=\"og:url\" content=\"https:\/\/alegerglobal.com\/pt-pt\/shop-pt-pt\/panasonic-toughbook-n1-2\/\" \/>\n<meta property=\"og:site_name\" content=\"ALEGER \u22c6 Augmented Reality\" \/>\n<meta property=\"og:image\" content=\"https:\/\/alegerglobal.com\/wp-content\/uploads\/2021\/01\/Unbenannt-13.jpg\" \/>\n\t<meta property=\"og:image:width\" content=\"800\" \/>\n\t<meta property=\"og:image:height\" content=\"800\" \/>\n\t<meta property=\"og:image:type\" content=\"image\/jpeg\" \/>\n<meta name=\"twitter:card\" content=\"summary_large_image\" \/>\n<meta name=\"twitter:label1\" content=\"pre\u00e7o\" \/>\n\t<meta name=\"twitter:data1\" content=\"&euro;2.065,99\" \/>\n\t<meta name=\"twitter:label2\" content=\"Disponibilidade\" \/>\n\t<meta name=\"twitter:data2\" content=\"Em stock\" \/>\n<script type=\"application\/ld+json\" class=\"yoast-schema-graph\">{\"@context\":\"https:\/\/schema.org\",\"@graph\":[{\"@type\":\"WebPage\",\"@id\":\"https:\/\/alegerglobal.com\/pt-pt\/shop-pt-pt\/panasonic-toughbook-n1-2\/\",\"url\":\"https:\/\/alegerglobal.com\/pt-pt\/shop-pt-pt\/panasonic-toughbook-n1-2\/\",\"name\":\"Comprar Panasonic Toughbook N1 aqui - ALEGER \u22c6 Augmented Reality\",\"isPartOf\":{\"@id\":\"https:\/\/alegerglobal.com\/pt-pt\/#website\"},\"primaryImageOfPage\":{\"@id\":\"https:\/\/alegerglobal.com\/pt-pt\/shop-pt-pt\/panasonic-toughbook-n1-2\/#primaryimage\"},\"image\":{\"@id\":\"https:\/\/alegerglobal.com\/pt-pt\/shop-pt-pt\/panasonic-toughbook-n1-2\/#primaryimage\"},\"thumbnailUrl\":\"https:\/\/alegerglobal.com\/wp-content\/uploads\/2021\/01\/Unbenannt-13.jpg\",\"datePublished\":\"2022-05-17T11:56:24+00:00\",\"dateModified\":\"2022-05-17T11:56:24+00:00\",\"description\":\"Aqui recebe um comprimido de m\u00e3o leve e fino com 4,7 polegadas! Muito robusto! Para utiliza\u00e7\u00e3o em todas as condi\u00e7\u00f5es climat\u00e9ricas!\",\"breadcrumb\":{\"@id\":\"https:\/\/alegerglobal.com\/pt-pt\/shop-pt-pt\/panasonic-toughbook-n1-2\/#breadcrumb\"},\"inLanguage\":\"pt-PT\",\"potentialAction\":[{\"@type\":\"ReadAction\",\"target\":[\"https:\/\/alegerglobal.com\/pt-pt\/shop-pt-pt\/panasonic-toughbook-n1-2\/\"]}]},{\"@type\":\"ImageObject\",\"inLanguage\":\"pt-PT\",\"@id\":\"https:\/\/alegerglobal.com\/pt-pt\/shop-pt-pt\/panasonic-toughbook-n1-2\/#primaryimage\",\"url\":\"https:\/\/alegerglobal.com\/wp-content\/uploads\/2021\/01\/Unbenannt-13.jpg\",\"contentUrl\":\"https:\/\/alegerglobal.com\/wp-content\/uploads\/2021\/01\/Unbenannt-13.jpg\",\"width\":800,\"height\":800,\"caption\":\"Panasonic Toughbook N1\"},{\"@type\":\"BreadcrumbList\",\"@id\":\"https:\/\/alegerglobal.com\/pt-pt\/shop-pt-pt\/panasonic-toughbook-n1-2\/#breadcrumb\",\"itemListElement\":[{\"@type\":\"ListItem\",\"position\":1,\"name\":\"Home\",\"item\":\"https:\/\/alegerglobal.com\/pt-pt\/novo-pagina-inicial\/\"},{\"@type\":\"ListItem\",\"position\":2,\"name\":\"Produtos\",\"item\":\"https:\/\/alegerglobal.com\/pt-pt\/produtos\/\"},{\"@type\":\"ListItem\",\"position\":3,\"name\":\"Panasonic Toughbook N1, tablete robusto, MIL-STD 810G, IP68, 4.7 polegadas, Android 9, leitor de c\u00f3digo de barras\"}]},{\"@type\":\"WebSite\",\"@id\":\"https:\/\/alegerglobal.com\/pt-pt\/#website\",\"url\":\"https:\/\/alegerglobal.com\/pt-pt\/\",\"name\":\"ALEGER \u22c6 Augmented Reality\",\"description\":\"Die besten Augmented Reality (AR) L\u00f6sungen der Welt.\",\"publisher\":{\"@id\":\"https:\/\/alegerglobal.com\/pt-pt\/#organization\"},\"potentialAction\":[{\"@type\":\"SearchAction\",\"target\":{\"@type\":\"EntryPoint\",\"urlTemplate\":\"https:\/\/alegerglobal.com\/pt-pt\/?s={search_term_string}\"},\"query-input\":{\"@type\":\"PropertyValueSpecification\",\"valueRequired\":true,\"valueName\":\"search_term_string\"}}],\"inLanguage\":\"pt-PT\"},{\"@type\":\"Organization\",\"@id\":\"https:\/\/alegerglobal.com\/pt-pt\/#organization\",\"name\":\"ALEGER \u22c6 Augmented Reality\",\"url\":\"https:\/\/alegerglobal.com\/pt-pt\/\",\"logo\":{\"@type\":\"ImageObject\",\"inLanguage\":\"pt-PT\",\"@id\":\"https:\/\/alegerglobal.com\/pt-pt\/#\/schema\/logo\/image\/\",\"url\":\"https:\/\/alegerglobal.com\/wp-content\/uploads\/2020\/12\/aleger-logo-quadrat.jpg\",\"contentUrl\":\"https:\/\/alegerglobal.com\/wp-content\/uploads\/2020\/12\/aleger-logo-quadrat.jpg\",\"width\":200,\"height\":176,\"caption\":\"ALEGER \u22c6 Augmented Reality\"},\"image\":{\"@id\":\"https:\/\/alegerglobal.com\/pt-pt\/#\/schema\/logo\/image\/\"}}]}<\/script>\n<meta property=\"product:brand\" content=\"Panasonic\" \/>\n<meta property=\"product:price:amount\" content=\"2065.99\" \/>\n<meta property=\"product:price:currency\" content=\"EUR\" \/>\n<meta property=\"og:availability\" content=\"instock\" \/>\n<meta property=\"product:availability\" content=\"instock\" \/>\n<meta property=\"product:condition\" content=\"new\" \/>\n<!-- \/ Yoast SEO Premium plugin. -->","yoast_head_json":{"title":"Comprar Panasonic Toughbook N1 aqui - ALEGER \u22c6 Augmented Reality","description":"Aqui recebe um comprimido de m\u00e3o leve e fino com 4,7 polegadas! Muito robusto! Para utiliza\u00e7\u00e3o em todas as condi\u00e7\u00f5es climat\u00e9ricas!","robots":{"index":"index","follow":"follow","max-snippet":"max-snippet:-1","max-image-preview":"max-image-preview:large","max-video-preview":"max-video-preview:-1"},"og_locale":"pt_PT","og_type":"article","og_title":"Panasonic Toughbook N1, tablete robusto, MIL-STD 810G, IP68, 4.7 polegadas, Android 9, leitor de c\u00f3digo de barras","og_description":"Aqui recebe um comprimido de m\u00e3o leve e fino com 4,7 polegadas! Muito robusto! Para utiliza\u00e7\u00e3o em todas as condi\u00e7\u00f5es climat\u00e9ricas!","og_url":"https:\/\/alegerglobal.com\/pt-pt\/shop-pt-pt\/panasonic-toughbook-n1-2\/","og_site_name":"ALEGER \u22c6 Augmented Reality","og_image":[{"width":800,"height":800,"url":"https:\/\/alegerglobal.com\/wp-content\/uploads\/2021\/01\/Unbenannt-13.jpg","type":"image\/jpeg"}],"twitter_card":"summary_large_image","twitter_misc":{"pre\u00e7o":"&euro;2.065,99","Disponibilidade":"Em stock"},"schema":{"@context":"https:\/\/schema.org","@graph":[{"@type":"WebPage","@id":"https:\/\/alegerglobal.com\/pt-pt\/shop-pt-pt\/panasonic-toughbook-n1-2\/","url":"https:\/\/alegerglobal.com\/pt-pt\/shop-pt-pt\/panasonic-toughbook-n1-2\/","name":"Comprar Panasonic Toughbook N1 aqui - ALEGER \u22c6 Augmented Reality","isPartOf":{"@id":"https:\/\/alegerglobal.com\/pt-pt\/#website"},"primaryImageOfPage":{"@id":"https:\/\/alegerglobal.com\/pt-pt\/shop-pt-pt\/panasonic-toughbook-n1-2\/#primaryimage"},"image":{"@id":"https:\/\/alegerglobal.com\/pt-pt\/shop-pt-pt\/panasonic-toughbook-n1-2\/#primaryimage"},"thumbnailUrl":"https:\/\/alegerglobal.com\/wp-content\/uploads\/2021\/01\/Unbenannt-13.jpg","datePublished":"2022-05-17T11:56:24+00:00","dateModified":"2022-05-17T11:56:24+00:00","description":"Aqui recebe um comprimido de m\u00e3o leve e fino com 4,7 polegadas! Muito robusto! Para utiliza\u00e7\u00e3o em todas as condi\u00e7\u00f5es climat\u00e9ricas!","breadcrumb":{"@id":"https:\/\/alegerglobal.com\/pt-pt\/shop-pt-pt\/panasonic-toughbook-n1-2\/#breadcrumb"},"inLanguage":"pt-PT","potentialAction":[{"@type":"ReadAction","target":["https:\/\/alegerglobal.com\/pt-pt\/shop-pt-pt\/panasonic-toughbook-n1-2\/"]}]},{"@type":"ImageObject","inLanguage":"pt-PT","@id":"https:\/\/alegerglobal.com\/pt-pt\/shop-pt-pt\/panasonic-toughbook-n1-2\/#primaryimage","url":"https:\/\/alegerglobal.com\/wp-content\/uploads\/2021\/01\/Unbenannt-13.jpg","contentUrl":"https:\/\/alegerglobal.com\/wp-content\/uploads\/2021\/01\/Unbenannt-13.jpg","width":800,"height":800,"caption":"Panasonic Toughbook N1"},{"@type":"BreadcrumbList","@id":"https:\/\/alegerglobal.com\/pt-pt\/shop-pt-pt\/panasonic-toughbook-n1-2\/#breadcrumb","itemListElement":[{"@type":"ListItem","position":1,"name":"Home","item":"https:\/\/alegerglobal.com\/pt-pt\/novo-pagina-inicial\/"},{"@type":"ListItem","position":2,"name":"Produtos","item":"https:\/\/alegerglobal.com\/pt-pt\/produtos\/"},{"@type":"ListItem","position":3,"name":"Panasonic Toughbook N1, tablete robusto, MIL-STD 810G, IP68, 4.7 polegadas, Android 9, leitor de c\u00f3digo de barras"}]},{"@type":"WebSite","@id":"https:\/\/alegerglobal.com\/pt-pt\/#website","url":"https:\/\/alegerglobal.com\/pt-pt\/","name":"ALEGER \u22c6 Augmented Reality","description":"Die besten Augmented Reality (AR) L\u00f6sungen der Welt.","publisher":{"@id":"https:\/\/alegerglobal.com\/pt-pt\/#organization"},"potentialAction":[{"@type":"SearchAction","target":{"@type":"EntryPoint","urlTemplate":"https:\/\/alegerglobal.com\/pt-pt\/?s={search_term_string}"},"query-input":{"@type":"PropertyValueSpecification","valueRequired":true,"valueName":"search_term_string"}}],"inLanguage":"pt-PT"},{"@type":"Organization","@id":"https:\/\/alegerglobal.com\/pt-pt\/#organization","name":"ALEGER \u22c6 Augmented Reality","url":"https:\/\/alegerglobal.com\/pt-pt\/","logo":{"@type":"ImageObject","inLanguage":"pt-PT","@id":"https:\/\/alegerglobal.com\/pt-pt\/#\/schema\/logo\/image\/","url":"https:\/\/alegerglobal.com\/wp-content\/uploads\/2020\/12\/aleger-logo-quadrat.jpg","contentUrl":"https:\/\/alegerglobal.com\/wp-content\/uploads\/2020\/12\/aleger-logo-quadrat.jpg","width":200,"height":176,"caption":"ALEGER \u22c6 Augmented Reality"},"image":{"@id":"https:\/\/alegerglobal.com\/pt-pt\/#\/schema\/logo\/image\/"}}]},"product_brand":"Panasonic","product_price_amount":"2065.99","product_price_currency":"EUR","og_availability":"instock","product_availability":"instock","product_condition":"new"},"_links":{"self":[{"href":"https:\/\/alegerglobal.com\/pt-pt\/wp-json\/wp\/v2\/product\/34155","targetHints":{"allow":["GET"]}}],"collection":[{"href":"https:\/\/alegerglobal.com\/pt-pt\/wp-json\/wp\/v2\/product"}],"about":[{"href":"https:\/\/alegerglobal.com\/pt-pt\/wp-json\/wp\/v2\/types\/product"}],"replies":[{"embeddable":true,"href":"https:\/\/alegerglobal.com\/pt-pt\/wp-json\/wp\/v2\/comments?post=34155"}],"version-history":[{"count":0,"href":"https:\/\/alegerglobal.com\/pt-pt\/wp-json\/wp\/v2\/product\/34155\/revisions"}],"wp:featuredmedia":[{"embeddable":true,"href":"https:\/\/alegerglobal.com\/pt-pt\/wp-json\/wp\/v2\/media\/23020"}],"wp:attachment":[{"href":"https:\/\/alegerglobal.com\/pt-pt\/wp-json\/wp\/v2\/media?parent=34155"}],"wp:term":[{"taxonomy":"product_brand","embeddable":true,"href":"https:\/\/alegerglobal.com\/pt-pt\/wp-json\/wp\/v2\/product_brand?post=34155"},{"taxonomy":"product_cat","embeddable":true,"href":"https:\/\/alegerglobal.com\/pt-pt\/wp-json\/wp\/v2\/product_cat?post=34155"},{"taxonomy":"product_tag","embeddable":true,"href":"https:\/\/alegerglobal.com\/pt-pt\/wp-json\/wp\/v2\/product_tag?post=34155"}],"curies":[{"name":"wp","href":"https:\/\/api.w.org\/{rel}","templated":true}]}}