{"id":34152,"date":"2021-03-10T09:02:38","date_gmt":"2022-05-17T11:56:19","guid":{"rendered":"https:\/\/alegerglobal.com\/sem categoria\/panasonic-fz-g1-tablete-robusto-mil-std-810g-ecra-hd-de-101-polegadas-ip65-windows-10\/"},"modified":"2022-05-17T12:56:19","modified_gmt":"2022-05-17T11:56:19","slug":"panasonic-fz-g1-2","status":"publish","type":"product","link":"https:\/\/alegerglobal.com\/pt-pt\/shop-pt-pt\/panasonic-fz-g1-2\/","title":{"rendered":"Panasonic FZ-G1, tablete robusto MIL-STD 810G, ecr\u00e3 HD de 10,1 polegadas, IP65, Windows 10"},"content":{"rendered":"","protected":false},"excerpt":{"rendered":"<ul>\n<li><b>Comprimido resistente MIL-STD 810G e certificado IP65<\/b><\/li>\n<li><b>Completar tarefas complexas sem problemas:<\/b><span style=\"font-weight: 400;\"> Poderoso processador i5 e Ram de 8GB<\/span><\/li>\n<li><span style=\"font-weight: 400;\"><strong>Ler e escrever dados rapidamente:<\/strong> Comprimido com SSD de 256 GB  <\/span><\/li>\n<li><b>Software comum:<\/b><span style=\"font-weight: 400;\"> O Tablet corre Windows 10<\/span><\/li>\n<li><b>Todos os dados num relance:<\/b><span style=\"font-weight: 400;\"> Visor de 10,1&#8243; grande, sem brilho<\/span><\/li>\n<li><b>Tiros de alta resolu\u00e7\u00e3o:<\/b><span style=\"font-weight: 400;\"> C\u00e2mara de 8MP e c\u00e2mara frontal de 2 MP<\/span><\/li>\n<li><b>Utiliza\u00e7\u00e3o prolongada sem recarga<\/b><span style=\"font-weight: 400;\">: Bateria de 4200 mAh por at\u00e9 11 horas de funcionamento<\/span><\/li>\n<li><b>Utilizar todos os dispositivos, independentemente do porto:<\/b><span style=\"font-weight: 400;\"> os portos flex\u00edveis permitem a utiliza\u00e7\u00e3o de portos legados<\/span><\/li>\n<li><b>Apoio a longo prazo:<\/b> 3 anos de garantia inclu\u00eddos, prorrog\u00e1veis at\u00e9 5 anos<\/li>\n<\/ul>\n","protected":false},"featured_media":23335,"comment_status":"open","ping_status":"closed","template":"","meta":{"_acf_changed":false},"product_brand":[],"product_cat":[1162,1160],"product_tag":[],"class_list":{"0":"post-34152","1":"product","2":"type-product","3":"status-publish","4":"has-post-thumbnail","6":"product_cat-shop-pt-pt","7":"product_cat-tabuleta-resistente","8":"pa_hersteller-panasonic-pt-pt","10":"first","11":"instock","12":"taxable","13":"shipping-taxable","14":"purchasable","15":"product-type-simple"},"acf":[],"yoast_head":"<!-- This site is optimized with the Yoast SEO Premium plugin v20.10 (Yoast SEO v24.3) - https:\/\/yoast.com\/wordpress\/plugins\/seo\/ -->\n<title>Comprar Panasonic FZ-G1 aqui - ALEGER \u22c6 Augmented Reality<\/title>\n<meta name=\"description\" content=\"Aqui pode obter o Panasonic FZ-G1: Tablete robusto com Windows 10 e visor anti-ofuscante para utiliza\u00e7\u00e3o no exterior! Opera\u00e7\u00e3o simples e flex\u00edvel!\" \/>\n<meta name=\"robots\" content=\"index, follow, max-snippet:-1, max-image-preview:large, max-video-preview:-1\" \/>\n<meta property=\"og:locale\" content=\"pt_PT\" \/>\n<meta property=\"og:type\" content=\"article\" \/>\n<meta property=\"og:title\" content=\"Panasonic FZ-G1, tablete robusto MIL-STD 810G, ecr\u00e3 HD de 10,1 polegadas, IP65, Windows 10\" \/>\n<meta property=\"og:description\" content=\"Aqui pode obter o Panasonic FZ-G1: Tablete robusto com Windows 10 e visor anti-ofuscante para utiliza\u00e7\u00e3o no exterior! Opera\u00e7\u00e3o simples e flex\u00edvel!\" \/>\n<meta property=\"og:url\" content=\"https:\/\/alegerglobal.com\/pt-pt\/shop-pt-pt\/panasonic-fz-g1-2\/\" \/>\n<meta property=\"og:site_name\" content=\"ALEGER \u22c6 Augmented Reality\" \/>\n<meta property=\"og:image\" content=\"https:\/\/alegerglobal.com\/wp-content\/uploads\/2021\/03\/Unbenannt-10.jpg\" \/>\n\t<meta property=\"og:image:width\" content=\"800\" \/>\n\t<meta property=\"og:image:height\" content=\"800\" \/>\n\t<meta property=\"og:image:type\" content=\"image\/jpeg\" \/>\n<meta name=\"twitter:card\" content=\"summary_large_image\" \/>\n<meta name=\"twitter:label1\" content=\"pre\u00e7o\" \/>\n\t<meta name=\"twitter:data1\" content=\"&euro;3.699,99\" \/>\n\t<meta name=\"twitter:label2\" content=\"Disponibilidade\" \/>\n\t<meta name=\"twitter:data2\" content=\"Em stock\" \/>\n<script type=\"application\/ld+json\" class=\"yoast-schema-graph\">{\"@context\":\"https:\/\/schema.org\",\"@graph\":[{\"@type\":\"WebPage\",\"@id\":\"https:\/\/alegerglobal.com\/pt-pt\/shop-pt-pt\/panasonic-fz-g1-2\/\",\"url\":\"https:\/\/alegerglobal.com\/pt-pt\/shop-pt-pt\/panasonic-fz-g1-2\/\",\"name\":\"Comprar Panasonic FZ-G1 aqui - ALEGER \u22c6 Augmented Reality\",\"isPartOf\":{\"@id\":\"https:\/\/alegerglobal.com\/pt-pt\/#website\"},\"primaryImageOfPage\":{\"@id\":\"https:\/\/alegerglobal.com\/pt-pt\/shop-pt-pt\/panasonic-fz-g1-2\/#primaryimage\"},\"image\":{\"@id\":\"https:\/\/alegerglobal.com\/pt-pt\/shop-pt-pt\/panasonic-fz-g1-2\/#primaryimage\"},\"thumbnailUrl\":\"https:\/\/alegerglobal.com\/wp-content\/uploads\/2021\/03\/Unbenannt-10.jpg\",\"datePublished\":\"2022-05-17T11:56:19+00:00\",\"dateModified\":\"2022-05-17T11:56:19+00:00\",\"description\":\"Aqui pode obter o Panasonic FZ-G1: Tablete robusto com Windows 10 e visor anti-ofuscante para utiliza\u00e7\u00e3o no exterior! Opera\u00e7\u00e3o simples e flex\u00edvel!\",\"breadcrumb\":{\"@id\":\"https:\/\/alegerglobal.com\/pt-pt\/shop-pt-pt\/panasonic-fz-g1-2\/#breadcrumb\"},\"inLanguage\":\"pt-PT\",\"potentialAction\":[{\"@type\":\"ReadAction\",\"target\":[\"https:\/\/alegerglobal.com\/pt-pt\/shop-pt-pt\/panasonic-fz-g1-2\/\"]}]},{\"@type\":\"ImageObject\",\"inLanguage\":\"pt-PT\",\"@id\":\"https:\/\/alegerglobal.com\/pt-pt\/shop-pt-pt\/panasonic-fz-g1-2\/#primaryimage\",\"url\":\"https:\/\/alegerglobal.com\/wp-content\/uploads\/2021\/03\/Unbenannt-10.jpg\",\"contentUrl\":\"https:\/\/alegerglobal.com\/wp-content\/uploads\/2021\/03\/Unbenannt-10.jpg\",\"width\":800,\"height\":800},{\"@type\":\"BreadcrumbList\",\"@id\":\"https:\/\/alegerglobal.com\/pt-pt\/shop-pt-pt\/panasonic-fz-g1-2\/#breadcrumb\",\"itemListElement\":[{\"@type\":\"ListItem\",\"position\":1,\"name\":\"Home\",\"item\":\"https:\/\/alegerglobal.com\/pt-pt\/novo-pagina-inicial\/\"},{\"@type\":\"ListItem\",\"position\":2,\"name\":\"Produtos\",\"item\":\"https:\/\/alegerglobal.com\/pt-pt\/produtos\/\"},{\"@type\":\"ListItem\",\"position\":3,\"name\":\"Panasonic FZ-G1, tablete robusto MIL-STD 810G, ecr\u00e3 HD de 10,1 polegadas, IP65, Windows 10\"}]},{\"@type\":\"WebSite\",\"@id\":\"https:\/\/alegerglobal.com\/pt-pt\/#website\",\"url\":\"https:\/\/alegerglobal.com\/pt-pt\/\",\"name\":\"ALEGER \u22c6 Augmented Reality\",\"description\":\"Die besten Augmented Reality (AR) L\u00f6sungen der Welt.\",\"publisher\":{\"@id\":\"https:\/\/alegerglobal.com\/pt-pt\/#organization\"},\"potentialAction\":[{\"@type\":\"SearchAction\",\"target\":{\"@type\":\"EntryPoint\",\"urlTemplate\":\"https:\/\/alegerglobal.com\/pt-pt\/?s={search_term_string}\"},\"query-input\":{\"@type\":\"PropertyValueSpecification\",\"valueRequired\":true,\"valueName\":\"search_term_string\"}}],\"inLanguage\":\"pt-PT\"},{\"@type\":\"Organization\",\"@id\":\"https:\/\/alegerglobal.com\/pt-pt\/#organization\",\"name\":\"ALEGER \u22c6 Augmented Reality\",\"url\":\"https:\/\/alegerglobal.com\/pt-pt\/\",\"logo\":{\"@type\":\"ImageObject\",\"inLanguage\":\"pt-PT\",\"@id\":\"https:\/\/alegerglobal.com\/pt-pt\/#\/schema\/logo\/image\/\",\"url\":\"https:\/\/alegerglobal.com\/wp-content\/uploads\/2020\/12\/aleger-logo-quadrat.jpg\",\"contentUrl\":\"https:\/\/alegerglobal.com\/wp-content\/uploads\/2020\/12\/aleger-logo-quadrat.jpg\",\"width\":200,\"height\":176,\"caption\":\"ALEGER \u22c6 Augmented Reality\"},\"image\":{\"@id\":\"https:\/\/alegerglobal.com\/pt-pt\/#\/schema\/logo\/image\/\"}}]}<\/script>\n<meta property=\"product:brand\" content=\"Panasonic\" \/>\n<meta property=\"product:price:amount\" content=\"3699.99\" \/>\n<meta property=\"product:price:currency\" content=\"EUR\" \/>\n<meta property=\"og:availability\" content=\"instock\" \/>\n<meta property=\"product:availability\" content=\"instock\" \/>\n<meta property=\"product:condition\" content=\"new\" \/>\n<!-- \/ Yoast SEO Premium plugin. -->","yoast_head_json":{"title":"Comprar Panasonic FZ-G1 aqui - ALEGER \u22c6 Augmented Reality","description":"Aqui pode obter o Panasonic FZ-G1: Tablete robusto com Windows 10 e visor anti-ofuscante para utiliza\u00e7\u00e3o no exterior! Opera\u00e7\u00e3o simples e flex\u00edvel!","robots":{"index":"index","follow":"follow","max-snippet":"max-snippet:-1","max-image-preview":"max-image-preview:large","max-video-preview":"max-video-preview:-1"},"og_locale":"pt_PT","og_type":"article","og_title":"Panasonic FZ-G1, tablete robusto MIL-STD 810G, ecr\u00e3 HD de 10,1 polegadas, IP65, Windows 10","og_description":"Aqui pode obter o Panasonic FZ-G1: Tablete robusto com Windows 10 e visor anti-ofuscante para utiliza\u00e7\u00e3o no exterior! Opera\u00e7\u00e3o simples e flex\u00edvel!","og_url":"https:\/\/alegerglobal.com\/pt-pt\/shop-pt-pt\/panasonic-fz-g1-2\/","og_site_name":"ALEGER \u22c6 Augmented Reality","og_image":[{"width":800,"height":800,"url":"https:\/\/alegerglobal.com\/wp-content\/uploads\/2021\/03\/Unbenannt-10.jpg","type":"image\/jpeg"}],"twitter_card":"summary_large_image","twitter_misc":{"pre\u00e7o":"&euro;3.699,99","Disponibilidade":"Em stock"},"schema":{"@context":"https:\/\/schema.org","@graph":[{"@type":"WebPage","@id":"https:\/\/alegerglobal.com\/pt-pt\/shop-pt-pt\/panasonic-fz-g1-2\/","url":"https:\/\/alegerglobal.com\/pt-pt\/shop-pt-pt\/panasonic-fz-g1-2\/","name":"Comprar Panasonic FZ-G1 aqui - ALEGER \u22c6 Augmented Reality","isPartOf":{"@id":"https:\/\/alegerglobal.com\/pt-pt\/#website"},"primaryImageOfPage":{"@id":"https:\/\/alegerglobal.com\/pt-pt\/shop-pt-pt\/panasonic-fz-g1-2\/#primaryimage"},"image":{"@id":"https:\/\/alegerglobal.com\/pt-pt\/shop-pt-pt\/panasonic-fz-g1-2\/#primaryimage"},"thumbnailUrl":"https:\/\/alegerglobal.com\/wp-content\/uploads\/2021\/03\/Unbenannt-10.jpg","datePublished":"2022-05-17T11:56:19+00:00","dateModified":"2022-05-17T11:56:19+00:00","description":"Aqui pode obter o Panasonic FZ-G1: Tablete robusto com Windows 10 e visor anti-ofuscante para utiliza\u00e7\u00e3o no exterior! Opera\u00e7\u00e3o simples e flex\u00edvel!","breadcrumb":{"@id":"https:\/\/alegerglobal.com\/pt-pt\/shop-pt-pt\/panasonic-fz-g1-2\/#breadcrumb"},"inLanguage":"pt-PT","potentialAction":[{"@type":"ReadAction","target":["https:\/\/alegerglobal.com\/pt-pt\/shop-pt-pt\/panasonic-fz-g1-2\/"]}]},{"@type":"ImageObject","inLanguage":"pt-PT","@id":"https:\/\/alegerglobal.com\/pt-pt\/shop-pt-pt\/panasonic-fz-g1-2\/#primaryimage","url":"https:\/\/alegerglobal.com\/wp-content\/uploads\/2021\/03\/Unbenannt-10.jpg","contentUrl":"https:\/\/alegerglobal.com\/wp-content\/uploads\/2021\/03\/Unbenannt-10.jpg","width":800,"height":800},{"@type":"BreadcrumbList","@id":"https:\/\/alegerglobal.com\/pt-pt\/shop-pt-pt\/panasonic-fz-g1-2\/#breadcrumb","itemListElement":[{"@type":"ListItem","position":1,"name":"Home","item":"https:\/\/alegerglobal.com\/pt-pt\/novo-pagina-inicial\/"},{"@type":"ListItem","position":2,"name":"Produtos","item":"https:\/\/alegerglobal.com\/pt-pt\/produtos\/"},{"@type":"ListItem","position":3,"name":"Panasonic FZ-G1, tablete robusto MIL-STD 810G, ecr\u00e3 HD de 10,1 polegadas, IP65, Windows 10"}]},{"@type":"WebSite","@id":"https:\/\/alegerglobal.com\/pt-pt\/#website","url":"https:\/\/alegerglobal.com\/pt-pt\/","name":"ALEGER \u22c6 Augmented Reality","description":"Die besten Augmented Reality (AR) L\u00f6sungen der Welt.","publisher":{"@id":"https:\/\/alegerglobal.com\/pt-pt\/#organization"},"potentialAction":[{"@type":"SearchAction","target":{"@type":"EntryPoint","urlTemplate":"https:\/\/alegerglobal.com\/pt-pt\/?s={search_term_string}"},"query-input":{"@type":"PropertyValueSpecification","valueRequired":true,"valueName":"search_term_string"}}],"inLanguage":"pt-PT"},{"@type":"Organization","@id":"https:\/\/alegerglobal.com\/pt-pt\/#organization","name":"ALEGER \u22c6 Augmented Reality","url":"https:\/\/alegerglobal.com\/pt-pt\/","logo":{"@type":"ImageObject","inLanguage":"pt-PT","@id":"https:\/\/alegerglobal.com\/pt-pt\/#\/schema\/logo\/image\/","url":"https:\/\/alegerglobal.com\/wp-content\/uploads\/2020\/12\/aleger-logo-quadrat.jpg","contentUrl":"https:\/\/alegerglobal.com\/wp-content\/uploads\/2020\/12\/aleger-logo-quadrat.jpg","width":200,"height":176,"caption":"ALEGER \u22c6 Augmented Reality"},"image":{"@id":"https:\/\/alegerglobal.com\/pt-pt\/#\/schema\/logo\/image\/"}}]},"product_brand":"Panasonic","product_price_amount":"3699.99","product_price_currency":"EUR","og_availability":"instock","product_availability":"instock","product_condition":"new"},"_links":{"self":[{"href":"https:\/\/alegerglobal.com\/pt-pt\/wp-json\/wp\/v2\/product\/34152","targetHints":{"allow":["GET"]}}],"collection":[{"href":"https:\/\/alegerglobal.com\/pt-pt\/wp-json\/wp\/v2\/product"}],"about":[{"href":"https:\/\/alegerglobal.com\/pt-pt\/wp-json\/wp\/v2\/types\/product"}],"replies":[{"embeddable":true,"href":"https:\/\/alegerglobal.com\/pt-pt\/wp-json\/wp\/v2\/comments?post=34152"}],"version-history":[{"count":0,"href":"https:\/\/alegerglobal.com\/pt-pt\/wp-json\/wp\/v2\/product\/34152\/revisions"}],"wp:featuredmedia":[{"embeddable":true,"href":"https:\/\/alegerglobal.com\/pt-pt\/wp-json\/wp\/v2\/media\/23335"}],"wp:attachment":[{"href":"https:\/\/alegerglobal.com\/pt-pt\/wp-json\/wp\/v2\/media?parent=34152"}],"wp:term":[{"taxonomy":"product_brand","embeddable":true,"href":"https:\/\/alegerglobal.com\/pt-pt\/wp-json\/wp\/v2\/product_brand?post=34152"},{"taxonomy":"product_cat","embeddable":true,"href":"https:\/\/alegerglobal.com\/pt-pt\/wp-json\/wp\/v2\/product_cat?post=34152"},{"taxonomy":"product_tag","embeddable":true,"href":"https:\/\/alegerglobal.com\/pt-pt\/wp-json\/wp\/v2\/product_tag?post=34152"}],"curies":[{"name":"wp","href":"https:\/\/api.w.org\/{rel}","templated":true}]}}