{"id":34145,"date":"2021-03-08T10:04:15","date_gmt":"2022-05-17T11:53:05","guid":{"rendered":"https:\/\/alegerglobal.com\/sem categoria\/i-safe-mobile-is930-rg-comprimido-robusto-ecra-de-8-polegadas-sensores-ambientais-android-9\/"},"modified":"2022-05-17T12:53:05","modified_gmt":"2022-05-17T11:53:05","slug":"i-safe-mobile-is930-rg-2","status":"publish","type":"product","link":"https:\/\/alegerglobal.com\/pt-pt\/shop-pt-pt\/i-safe-mobile-is930-rg-2\/","title":{"rendered":"i.safe MOBILE IS930.RG comprimido robusto, ecr\u00e3 de 8 polegadas, sensores ambientais, Android 9"},"content":{"rendered":"","protected":false},"excerpt":{"rendered":"<ul>\n<li style=\"font-weight: 400;\" aria-level=\"1\"><b>Comprimido robusto:<\/b><span style=\"font-weight: 400;\"> RugDisplay e certifica\u00e7\u00e3o IP68 <\/span> <\/li>\n<li style=\"font-weight: 400;\" aria-level=\"1\"><b>Configura\u00e7\u00e3o r\u00e1pida:<\/b><span style=\"font-weight: 400;\"> NFC-enabled<\/span><\/li>\n<li style=\"font-weight: 400;\" aria-level=\"1\"><b>Muito espa\u00e7o para os dados: <\/b><span style=\"font-weight: 400;\">64 GB de mem\u00f3ria, expans\u00edvel at\u00e9 128 GB com cart\u00e3o microSD<\/span><\/li>\n<li style=\"font-weight: 400;\" aria-level=\"1\"><b>Fotos e v\u00eddeos do campo:<\/b><span style=\"font-weight: 400;\"> Duas c\u00e2maras com 13 MP e 5 MP para disparos de miss\u00e3o afiados<\/span><\/li>\n<li style=\"font-weight: 400;\" aria-level=\"1\"><b>Use a sua pastilha como dispositivo de medi\u00e7\u00e3o: <\/b><span style=\"font-weight: 400;\">Sensores integrados para medir temperatura, dist\u00e2ncia, velocidade e \u00edmanes<\/span><\/li>\n<li style=\"font-weight: 400;\" aria-level=\"1\"><b>Sempre toda a informa\u00e7\u00e3o importante num relance:<\/b><span style=\"font-weight: 400;\"> Visor grande de 8 polegadas (aprox. 20 cm)<\/span><\/li>\n<li style=\"font-weight: 400;\" aria-level=\"1\"><b>Longa dura\u00e7\u00e3o da bateria: <\/b><span style=\"font-weight: 400;\">8400 mAh bateria potente<\/span><\/li>\n<li style=\"font-weight: 400;\" aria-level=\"1\"><b>Protec\u00e7\u00e3o do trabalhador solit\u00e1rio:<\/b> bot\u00e3o de chamada de emerg\u00eancia e GPS (em combina\u00e7\u00e3o com aplica\u00e7\u00e3o de terceiros)<\/li>\n<\/ul>\n","protected":false},"featured_media":22956,"comment_status":"open","ping_status":"closed","template":"","meta":{"_acf_changed":false},"product_brand":[],"product_cat":[1162,1160],"product_tag":[],"class_list":{"0":"post-34145","1":"product","2":"type-product","3":"status-publish","4":"has-post-thumbnail","6":"product_cat-shop-pt-pt","7":"product_cat-tabuleta-resistente","8":"pa_hersteller-i-cofre","10":"first","11":"instock","12":"taxable","13":"shipping-taxable","14":"purchasable","15":"product-type-simple"},"acf":[],"yoast_head":"<!-- This site is optimized with the Yoast SEO Premium plugin v20.10 (Yoast SEO v24.3) - https:\/\/yoast.com\/wordpress\/plugins\/seo\/ -->\n<title>Comprar i.Safe Mobile IS930.RG aqui - ALEGER \u22c6 Augmented Reality<\/title>\n<meta name=\"description\" content=\"Aqui obt\u00e9m o IS930.RG \u00e9 o comprimido robusto para utiliza\u00e7\u00e3o no estaleiro de constru\u00e7\u00e3o ou na ind\u00fastria. \u00c9 um comprimido robusto!\" \/>\n<meta name=\"robots\" content=\"index, follow, max-snippet:-1, max-image-preview:large, max-video-preview:-1\" \/>\n<meta property=\"og:locale\" content=\"pt_PT\" \/>\n<meta property=\"og:type\" content=\"article\" \/>\n<meta property=\"og:title\" content=\"i.safe MOBILE IS930.RG comprimido robusto, ecr\u00e3 de 8 polegadas, sensores ambientais, Android 9\" \/>\n<meta property=\"og:description\" content=\"Aqui obt\u00e9m o IS930.RG \u00e9 o comprimido robusto para utiliza\u00e7\u00e3o no estaleiro de constru\u00e7\u00e3o ou na ind\u00fastria. \u00c9 um comprimido robusto!\" \/>\n<meta property=\"og:url\" content=\"https:\/\/alegerglobal.com\/pt-pt\/shop-pt-pt\/i-safe-mobile-is930-rg-2\/\" \/>\n<meta property=\"og:site_name\" content=\"ALEGER \u22c6 Augmented Reality\" \/>\n<meta property=\"og:image\" content=\"https:\/\/alegerglobal.com\/wp-content\/uploads\/2021\/02\/Unbenannt.jpg\" \/>\n\t<meta property=\"og:image:width\" content=\"800\" \/>\n\t<meta property=\"og:image:height\" content=\"800\" \/>\n\t<meta property=\"og:image:type\" content=\"image\/jpeg\" \/>\n<meta name=\"twitter:card\" content=\"summary_large_image\" \/>\n<meta name=\"twitter:label1\" content=\"pre\u00e7o\" \/>\n\t<meta name=\"twitter:data1\" content=\"&euro;1.749,99\" \/>\n\t<meta name=\"twitter:label2\" content=\"Disponibilidade\" \/>\n\t<meta name=\"twitter:data2\" content=\"Em stock\" \/>\n<script type=\"application\/ld+json\" class=\"yoast-schema-graph\">{\"@context\":\"https:\/\/schema.org\",\"@graph\":[{\"@type\":\"WebPage\",\"@id\":\"https:\/\/alegerglobal.com\/pt-pt\/shop-pt-pt\/i-safe-mobile-is930-rg-2\/\",\"url\":\"https:\/\/alegerglobal.com\/pt-pt\/shop-pt-pt\/i-safe-mobile-is930-rg-2\/\",\"name\":\"Comprar i.Safe Mobile IS930.RG aqui - ALEGER \u22c6 Augmented Reality\",\"isPartOf\":{\"@id\":\"https:\/\/alegerglobal.com\/pt-pt\/#website\"},\"primaryImageOfPage\":{\"@id\":\"https:\/\/alegerglobal.com\/pt-pt\/shop-pt-pt\/i-safe-mobile-is930-rg-2\/#primaryimage\"},\"image\":{\"@id\":\"https:\/\/alegerglobal.com\/pt-pt\/shop-pt-pt\/i-safe-mobile-is930-rg-2\/#primaryimage\"},\"thumbnailUrl\":\"https:\/\/alegerglobal.com\/wp-content\/uploads\/2021\/02\/Unbenannt.jpg\",\"datePublished\":\"2022-05-17T11:53:05+00:00\",\"dateModified\":\"2022-05-17T11:53:05+00:00\",\"description\":\"Aqui obt\u00e9m o IS930.RG \u00e9 o comprimido robusto para utiliza\u00e7\u00e3o no estaleiro de constru\u00e7\u00e3o ou na ind\u00fastria. \u00c9 um comprimido robusto!\",\"breadcrumb\":{\"@id\":\"https:\/\/alegerglobal.com\/pt-pt\/shop-pt-pt\/i-safe-mobile-is930-rg-2\/#breadcrumb\"},\"inLanguage\":\"pt-PT\",\"potentialAction\":[{\"@type\":\"ReadAction\",\"target\":[\"https:\/\/alegerglobal.com\/pt-pt\/shop-pt-pt\/i-safe-mobile-is930-rg-2\/\"]}]},{\"@type\":\"ImageObject\",\"inLanguage\":\"pt-PT\",\"@id\":\"https:\/\/alegerglobal.com\/pt-pt\/shop-pt-pt\/i-safe-mobile-is930-rg-2\/#primaryimage\",\"url\":\"https:\/\/alegerglobal.com\/wp-content\/uploads\/2021\/02\/Unbenannt.jpg\",\"contentUrl\":\"https:\/\/alegerglobal.com\/wp-content\/uploads\/2021\/02\/Unbenannt.jpg\",\"width\":800,\"height\":800,\"caption\":\"i.safe MOBILE IS930.RG\"},{\"@type\":\"BreadcrumbList\",\"@id\":\"https:\/\/alegerglobal.com\/pt-pt\/shop-pt-pt\/i-safe-mobile-is930-rg-2\/#breadcrumb\",\"itemListElement\":[{\"@type\":\"ListItem\",\"position\":1,\"name\":\"Home\",\"item\":\"https:\/\/alegerglobal.com\/pt-pt\/novo-pagina-inicial\/\"},{\"@type\":\"ListItem\",\"position\":2,\"name\":\"Produtos\",\"item\":\"https:\/\/alegerglobal.com\/pt-pt\/produtos\/\"},{\"@type\":\"ListItem\",\"position\":3,\"name\":\"i.safe MOBILE IS930.RG comprimido robusto, ecr\u00e3 de 8 polegadas, sensores ambientais, Android 9\"}]},{\"@type\":\"WebSite\",\"@id\":\"https:\/\/alegerglobal.com\/pt-pt\/#website\",\"url\":\"https:\/\/alegerglobal.com\/pt-pt\/\",\"name\":\"ALEGER \u22c6 Augmented Reality\",\"description\":\"Die besten Augmented Reality (AR) L\u00f6sungen der Welt.\",\"publisher\":{\"@id\":\"https:\/\/alegerglobal.com\/pt-pt\/#organization\"},\"potentialAction\":[{\"@type\":\"SearchAction\",\"target\":{\"@type\":\"EntryPoint\",\"urlTemplate\":\"https:\/\/alegerglobal.com\/pt-pt\/?s={search_term_string}\"},\"query-input\":{\"@type\":\"PropertyValueSpecification\",\"valueRequired\":true,\"valueName\":\"search_term_string\"}}],\"inLanguage\":\"pt-PT\"},{\"@type\":\"Organization\",\"@id\":\"https:\/\/alegerglobal.com\/pt-pt\/#organization\",\"name\":\"ALEGER \u22c6 Augmented Reality\",\"url\":\"https:\/\/alegerglobal.com\/pt-pt\/\",\"logo\":{\"@type\":\"ImageObject\",\"inLanguage\":\"pt-PT\",\"@id\":\"https:\/\/alegerglobal.com\/pt-pt\/#\/schema\/logo\/image\/\",\"url\":\"https:\/\/alegerglobal.com\/wp-content\/uploads\/2020\/12\/aleger-logo-quadrat.jpg\",\"contentUrl\":\"https:\/\/alegerglobal.com\/wp-content\/uploads\/2020\/12\/aleger-logo-quadrat.jpg\",\"width\":200,\"height\":176,\"caption\":\"ALEGER \u22c6 Augmented Reality\"},\"image\":{\"@id\":\"https:\/\/alegerglobal.com\/pt-pt\/#\/schema\/logo\/image\/\"}}]}<\/script>\n<meta property=\"product:brand\" content=\"i.cofre\" \/>\n<meta property=\"product:price:amount\" content=\"1749.99\" \/>\n<meta property=\"product:price:currency\" content=\"EUR\" \/>\n<meta property=\"og:availability\" content=\"instock\" \/>\n<meta property=\"product:availability\" content=\"instock\" \/>\n<meta property=\"product:condition\" content=\"new\" \/>\n<!-- \/ Yoast SEO Premium plugin. -->","yoast_head_json":{"title":"Comprar i.Safe Mobile IS930.RG aqui - ALEGER \u22c6 Augmented Reality","description":"Aqui obt\u00e9m o IS930.RG \u00e9 o comprimido robusto para utiliza\u00e7\u00e3o no estaleiro de constru\u00e7\u00e3o ou na ind\u00fastria. \u00c9 um comprimido robusto!","robots":{"index":"index","follow":"follow","max-snippet":"max-snippet:-1","max-image-preview":"max-image-preview:large","max-video-preview":"max-video-preview:-1"},"og_locale":"pt_PT","og_type":"article","og_title":"i.safe MOBILE IS930.RG comprimido robusto, ecr\u00e3 de 8 polegadas, sensores ambientais, Android 9","og_description":"Aqui obt\u00e9m o IS930.RG \u00e9 o comprimido robusto para utiliza\u00e7\u00e3o no estaleiro de constru\u00e7\u00e3o ou na ind\u00fastria. \u00c9 um comprimido robusto!","og_url":"https:\/\/alegerglobal.com\/pt-pt\/shop-pt-pt\/i-safe-mobile-is930-rg-2\/","og_site_name":"ALEGER \u22c6 Augmented Reality","og_image":[{"width":800,"height":800,"url":"https:\/\/alegerglobal.com\/wp-content\/uploads\/2021\/02\/Unbenannt.jpg","type":"image\/jpeg"}],"twitter_card":"summary_large_image","twitter_misc":{"pre\u00e7o":"&euro;1.749,99","Disponibilidade":"Em stock"},"schema":{"@context":"https:\/\/schema.org","@graph":[{"@type":"WebPage","@id":"https:\/\/alegerglobal.com\/pt-pt\/shop-pt-pt\/i-safe-mobile-is930-rg-2\/","url":"https:\/\/alegerglobal.com\/pt-pt\/shop-pt-pt\/i-safe-mobile-is930-rg-2\/","name":"Comprar i.Safe Mobile IS930.RG aqui - ALEGER \u22c6 Augmented Reality","isPartOf":{"@id":"https:\/\/alegerglobal.com\/pt-pt\/#website"},"primaryImageOfPage":{"@id":"https:\/\/alegerglobal.com\/pt-pt\/shop-pt-pt\/i-safe-mobile-is930-rg-2\/#primaryimage"},"image":{"@id":"https:\/\/alegerglobal.com\/pt-pt\/shop-pt-pt\/i-safe-mobile-is930-rg-2\/#primaryimage"},"thumbnailUrl":"https:\/\/alegerglobal.com\/wp-content\/uploads\/2021\/02\/Unbenannt.jpg","datePublished":"2022-05-17T11:53:05+00:00","dateModified":"2022-05-17T11:53:05+00:00","description":"Aqui obt\u00e9m o IS930.RG \u00e9 o comprimido robusto para utiliza\u00e7\u00e3o no estaleiro de constru\u00e7\u00e3o ou na ind\u00fastria. \u00c9 um comprimido robusto!","breadcrumb":{"@id":"https:\/\/alegerglobal.com\/pt-pt\/shop-pt-pt\/i-safe-mobile-is930-rg-2\/#breadcrumb"},"inLanguage":"pt-PT","potentialAction":[{"@type":"ReadAction","target":["https:\/\/alegerglobal.com\/pt-pt\/shop-pt-pt\/i-safe-mobile-is930-rg-2\/"]}]},{"@type":"ImageObject","inLanguage":"pt-PT","@id":"https:\/\/alegerglobal.com\/pt-pt\/shop-pt-pt\/i-safe-mobile-is930-rg-2\/#primaryimage","url":"https:\/\/alegerglobal.com\/wp-content\/uploads\/2021\/02\/Unbenannt.jpg","contentUrl":"https:\/\/alegerglobal.com\/wp-content\/uploads\/2021\/02\/Unbenannt.jpg","width":800,"height":800,"caption":"i.safe MOBILE IS930.RG"},{"@type":"BreadcrumbList","@id":"https:\/\/alegerglobal.com\/pt-pt\/shop-pt-pt\/i-safe-mobile-is930-rg-2\/#breadcrumb","itemListElement":[{"@type":"ListItem","position":1,"name":"Home","item":"https:\/\/alegerglobal.com\/pt-pt\/novo-pagina-inicial\/"},{"@type":"ListItem","position":2,"name":"Produtos","item":"https:\/\/alegerglobal.com\/pt-pt\/produtos\/"},{"@type":"ListItem","position":3,"name":"i.safe MOBILE IS930.RG comprimido robusto, ecr\u00e3 de 8 polegadas, sensores ambientais, Android 9"}]},{"@type":"WebSite","@id":"https:\/\/alegerglobal.com\/pt-pt\/#website","url":"https:\/\/alegerglobal.com\/pt-pt\/","name":"ALEGER \u22c6 Augmented Reality","description":"Die besten Augmented Reality (AR) L\u00f6sungen der Welt.","publisher":{"@id":"https:\/\/alegerglobal.com\/pt-pt\/#organization"},"potentialAction":[{"@type":"SearchAction","target":{"@type":"EntryPoint","urlTemplate":"https:\/\/alegerglobal.com\/pt-pt\/?s={search_term_string}"},"query-input":{"@type":"PropertyValueSpecification","valueRequired":true,"valueName":"search_term_string"}}],"inLanguage":"pt-PT"},{"@type":"Organization","@id":"https:\/\/alegerglobal.com\/pt-pt\/#organization","name":"ALEGER \u22c6 Augmented Reality","url":"https:\/\/alegerglobal.com\/pt-pt\/","logo":{"@type":"ImageObject","inLanguage":"pt-PT","@id":"https:\/\/alegerglobal.com\/pt-pt\/#\/schema\/logo\/image\/","url":"https:\/\/alegerglobal.com\/wp-content\/uploads\/2020\/12\/aleger-logo-quadrat.jpg","contentUrl":"https:\/\/alegerglobal.com\/wp-content\/uploads\/2020\/12\/aleger-logo-quadrat.jpg","width":200,"height":176,"caption":"ALEGER \u22c6 Augmented Reality"},"image":{"@id":"https:\/\/alegerglobal.com\/pt-pt\/#\/schema\/logo\/image\/"}}]},"product_brand":"i.cofre","product_price_amount":"1749.99","product_price_currency":"EUR","og_availability":"instock","product_availability":"instock","product_condition":"new"},"_links":{"self":[{"href":"https:\/\/alegerglobal.com\/pt-pt\/wp-json\/wp\/v2\/product\/34145","targetHints":{"allow":["GET"]}}],"collection":[{"href":"https:\/\/alegerglobal.com\/pt-pt\/wp-json\/wp\/v2\/product"}],"about":[{"href":"https:\/\/alegerglobal.com\/pt-pt\/wp-json\/wp\/v2\/types\/product"}],"replies":[{"embeddable":true,"href":"https:\/\/alegerglobal.com\/pt-pt\/wp-json\/wp\/v2\/comments?post=34145"}],"version-history":[{"count":0,"href":"https:\/\/alegerglobal.com\/pt-pt\/wp-json\/wp\/v2\/product\/34145\/revisions"}],"wp:featuredmedia":[{"embeddable":true,"href":"https:\/\/alegerglobal.com\/pt-pt\/wp-json\/wp\/v2\/media\/22956"}],"wp:attachment":[{"href":"https:\/\/alegerglobal.com\/pt-pt\/wp-json\/wp\/v2\/media?parent=34145"}],"wp:term":[{"taxonomy":"product_brand","embeddable":true,"href":"https:\/\/alegerglobal.com\/pt-pt\/wp-json\/wp\/v2\/product_brand?post=34145"},{"taxonomy":"product_cat","embeddable":true,"href":"https:\/\/alegerglobal.com\/pt-pt\/wp-json\/wp\/v2\/product_cat?post=34145"},{"taxonomy":"product_tag","embeddable":true,"href":"https:\/\/alegerglobal.com\/pt-pt\/wp-json\/wp\/v2\/product_tag?post=34145"}],"curies":[{"name":"wp","href":"https:\/\/api.w.org\/{rel}","templated":true}]}}