{"id":34123,"date":"2021-03-07T08:57:38","date_gmt":"2022-05-17T11:48:43","guid":{"rendered":"https:\/\/alegerglobal.com\/sem categoria\/ecom-tab-ex-dz1-ex-comprimido-protegido-atex-zona-1-8-ecra-tactil-android\/"},"modified":"2022-05-17T12:48:43","modified_gmt":"2022-05-17T11:48:43","slug":"ecom-tab-ex-dz1-2","status":"publish","type":"product","link":"https:\/\/alegerglobal.com\/pt-pt\/shop-pt-pt\/ecom-tab-ex-dz1-2\/","title":{"rendered":"ecom Tab-Ex\u00ae DZ1 Ex comprimido protegido Atex Zona 1, 8&#8243; ecr\u00e3 t\u00e1ctil, Android"},"content":{"rendered":"","protected":false},"excerpt":{"rendered":"<ul>\n<li style=\"font-weight: 400;\"><b>Cumpre com <\/b><b>ATEX<\/b><b> directivas: <\/b><span style=\"font-weight: 400;\">Com aprova\u00e7\u00e3o para<\/span><span style=\"font-weight: 400;\"> Zona Ex<\/span><span style=\"font-weight: 400;\"> 1\/21 e Classe 1\/Div 1, uso mundial em potencial<\/span> <span style=\"font-weight: 400;\">\u00e1reas perigosas \u00e9 poss\u00edvel. <\/span> <\/li>\n<li style=\"font-weight: 400;\"><b>Ecr\u00e3 t\u00e1ctil de alta resolu\u00e7\u00e3o: <\/b><span style=\"font-weight: 400;\">O visor de 8&#8243; pode ser facilmente operado com luvas ou em condi\u00e7\u00f5es h\u00famidas e \u00e9 tamb\u00e9m extremamente f\u00e1cil de ler \u00e0 luz solar.<\/span><\/li>\n<li><b>Realidade Aumentada:<\/b><span style=\"font-weight: 400;\"> A representa\u00e7\u00e3o digital em ambiente real e em tempo real facilita a monitoriza\u00e7\u00e3o e resolu\u00e7\u00e3o de problemas de uma vasta gama de equipamentos para completar processos ao n\u00edvel da Ind\u00fastria 4.0. <\/span> <\/li>\n<li><b>Samsung Knox 3.2<\/b><span style=\"font-weight: 400;\">O comprimido protege de forma fi\u00e1vel todos os dados da empresa. Com 16 GB de mem\u00f3ria interna mais 256 GB adicionais atrav\u00e9s de um MicroSD, h\u00e1 muito espa\u00e7o para as suas necessidades.<\/span><\/li>\n<li><b>C\u00e2mara de 8 MP:<\/b><span style=\"font-weight: 400;\"> O c\u00f3digo de barras Auto ID e a leitura do c\u00f3digo QR funcionam mesmo em condi\u00e7\u00f5es de pouca luz.<\/span><\/li>\n<\/ul>\n","protected":false},"featured_media":22143,"comment_status":"open","ping_status":"closed","template":"","meta":{"_acf_changed":false},"product_brand":[],"product_cat":[1161,1162,1160],"product_tag":[],"class_list":{"0":"post-34123","1":"product","2":"type-product","3":"status-publish","4":"has-post-thumbnail","6":"product_cat-atex-pt-pt","7":"product_cat-shop-pt-pt","8":"product_cat-tabuleta-resistente","9":"pa_hersteller-ecom-pt-pt","11":"first","12":"instock","13":"taxable","14":"shipping-taxable","15":"purchasable","16":"product-type-simple"},"acf":[],"yoast_head":"<!-- This site is optimized with the Yoast SEO Premium plugin v20.10 (Yoast SEO v24.3) - https:\/\/yoast.com\/wordpress\/plugins\/seo\/ -->\n<title>O Tab-Ex\u00ae DZ1 de ecom - ALEGER \u22c6 Augmented Reality<\/title>\n<meta name=\"description\" content=\"Descubra o ecom Tab-Ex\u00ae DZ1 aqui. O comprimido robusto permite-lhe trabalhar de forma m\u00f3vel e segura na zona ATEX 1.\" \/>\n<meta name=\"robots\" content=\"index, follow, max-snippet:-1, max-image-preview:large, max-video-preview:-1\" \/>\n<meta property=\"og:locale\" content=\"pt_PT\" \/>\n<meta property=\"og:type\" content=\"article\" \/>\n<meta property=\"og:title\" content=\"ecom Tab-Ex\u00ae DZ1 Ex comprimido protegido Atex Zona 1, 8&quot; ecr\u00e3 t\u00e1ctil, Android\" \/>\n<meta property=\"og:description\" content=\"Descubra o ecom Tab-Ex\u00ae DZ1 aqui. O comprimido robusto permite-lhe trabalhar de forma m\u00f3vel e segura na zona ATEX 1.\" \/>\n<meta property=\"og:url\" content=\"https:\/\/alegerglobal.com\/pt-pt\/shop-pt-pt\/ecom-tab-ex-dz1-2\/\" \/>\n<meta property=\"og:site_name\" content=\"ALEGER \u22c6 Augmented Reality\" \/>\n<meta property=\"og:image\" content=\"https:\/\/alegerglobal.com\/wp-content\/uploads\/2021\/01\/csm_Tab-Ex_02_DZ1_Gallery_1_814c4f41a2.jpg\" \/>\n\t<meta property=\"og:image:width\" content=\"400\" \/>\n\t<meta property=\"og:image:height\" content=\"400\" \/>\n\t<meta property=\"og:image:type\" content=\"image\/jpeg\" \/>\n<meta name=\"twitter:card\" content=\"summary_large_image\" \/>\n<meta name=\"twitter:label1\" content=\"pre\u00e7o\" \/>\n\t<meta name=\"twitter:data1\" content=\"&euro;2.890,00\" \/>\n\t<meta name=\"twitter:label2\" content=\"Disponibilidade\" \/>\n\t<meta name=\"twitter:data2\" content=\"Em stock\" \/>\n<script type=\"application\/ld+json\" class=\"yoast-schema-graph\">{\"@context\":\"https:\/\/schema.org\",\"@graph\":[{\"@type\":\"WebPage\",\"@id\":\"https:\/\/alegerglobal.com\/pt-pt\/shop-pt-pt\/ecom-tab-ex-dz1-2\/\",\"url\":\"https:\/\/alegerglobal.com\/pt-pt\/shop-pt-pt\/ecom-tab-ex-dz1-2\/\",\"name\":\"O Tab-Ex\u00ae DZ1 de ecom - ALEGER \u22c6 Augmented Reality\",\"isPartOf\":{\"@id\":\"https:\/\/alegerglobal.com\/pt-pt\/#website\"},\"primaryImageOfPage\":{\"@id\":\"https:\/\/alegerglobal.com\/pt-pt\/shop-pt-pt\/ecom-tab-ex-dz1-2\/#primaryimage\"},\"image\":{\"@id\":\"https:\/\/alegerglobal.com\/pt-pt\/shop-pt-pt\/ecom-tab-ex-dz1-2\/#primaryimage\"},\"thumbnailUrl\":\"https:\/\/alegerglobal.com\/wp-content\/uploads\/2021\/01\/csm_Tab-Ex_02_DZ1_Gallery_1_814c4f41a2.jpg\",\"datePublished\":\"2022-05-17T11:48:43+00:00\",\"dateModified\":\"2022-05-17T11:48:43+00:00\",\"description\":\"Descubra o ecom Tab-Ex\u00ae DZ1 aqui. O comprimido robusto permite-lhe trabalhar de forma m\u00f3vel e segura na zona ATEX 1.\",\"breadcrumb\":{\"@id\":\"https:\/\/alegerglobal.com\/pt-pt\/shop-pt-pt\/ecom-tab-ex-dz1-2\/#breadcrumb\"},\"inLanguage\":\"pt-PT\",\"potentialAction\":[{\"@type\":\"ReadAction\",\"target\":[\"https:\/\/alegerglobal.com\/pt-pt\/shop-pt-pt\/ecom-tab-ex-dz1-2\/\"]}]},{\"@type\":\"ImageObject\",\"inLanguage\":\"pt-PT\",\"@id\":\"https:\/\/alegerglobal.com\/pt-pt\/shop-pt-pt\/ecom-tab-ex-dz1-2\/#primaryimage\",\"url\":\"https:\/\/alegerglobal.com\/wp-content\/uploads\/2021\/01\/csm_Tab-Ex_02_DZ1_Gallery_1_814c4f41a2.jpg\",\"contentUrl\":\"https:\/\/alegerglobal.com\/wp-content\/uploads\/2021\/01\/csm_Tab-Ex_02_DZ1_Gallery_1_814c4f41a2.jpg\",\"width\":400,\"height\":400,\"caption\":\"ecom Tab-Ex\u00ae DZ1\"},{\"@type\":\"BreadcrumbList\",\"@id\":\"https:\/\/alegerglobal.com\/pt-pt\/shop-pt-pt\/ecom-tab-ex-dz1-2\/#breadcrumb\",\"itemListElement\":[{\"@type\":\"ListItem\",\"position\":1,\"name\":\"Home\",\"item\":\"https:\/\/alegerglobal.com\/pt-pt\/novo-pagina-inicial\/\"},{\"@type\":\"ListItem\",\"position\":2,\"name\":\"Produtos\",\"item\":\"https:\/\/alegerglobal.com\/pt-pt\/produtos\/\"},{\"@type\":\"ListItem\",\"position\":3,\"name\":\"ecom Tab-Ex\u00ae DZ1 Ex comprimido protegido Atex Zona 1, 8&#8243; ecr\u00e3 t\u00e1ctil, Android\"}]},{\"@type\":\"WebSite\",\"@id\":\"https:\/\/alegerglobal.com\/pt-pt\/#website\",\"url\":\"https:\/\/alegerglobal.com\/pt-pt\/\",\"name\":\"ALEGER \u22c6 Augmented Reality\",\"description\":\"Die besten Augmented Reality (AR) L\u00f6sungen der Welt.\",\"publisher\":{\"@id\":\"https:\/\/alegerglobal.com\/pt-pt\/#organization\"},\"potentialAction\":[{\"@type\":\"SearchAction\",\"target\":{\"@type\":\"EntryPoint\",\"urlTemplate\":\"https:\/\/alegerglobal.com\/pt-pt\/?s={search_term_string}\"},\"query-input\":{\"@type\":\"PropertyValueSpecification\",\"valueRequired\":true,\"valueName\":\"search_term_string\"}}],\"inLanguage\":\"pt-PT\"},{\"@type\":\"Organization\",\"@id\":\"https:\/\/alegerglobal.com\/pt-pt\/#organization\",\"name\":\"ALEGER \u22c6 Augmented Reality\",\"url\":\"https:\/\/alegerglobal.com\/pt-pt\/\",\"logo\":{\"@type\":\"ImageObject\",\"inLanguage\":\"pt-PT\",\"@id\":\"https:\/\/alegerglobal.com\/pt-pt\/#\/schema\/logo\/image\/\",\"url\":\"https:\/\/alegerglobal.com\/wp-content\/uploads\/2020\/12\/aleger-logo-quadrat.jpg\",\"contentUrl\":\"https:\/\/alegerglobal.com\/wp-content\/uploads\/2020\/12\/aleger-logo-quadrat.jpg\",\"width\":200,\"height\":176,\"caption\":\"ALEGER \u22c6 Augmented Reality\"},\"image\":{\"@id\":\"https:\/\/alegerglobal.com\/pt-pt\/#\/schema\/logo\/image\/\"}}]}<\/script>\n<meta property=\"product:brand\" content=\"Ecom\" \/>\n<meta property=\"product:price:amount\" content=\"2890.00\" \/>\n<meta property=\"product:price:currency\" content=\"EUR\" \/>\n<meta property=\"og:availability\" content=\"instock\" \/>\n<meta property=\"product:availability\" content=\"instock\" \/>\n<meta property=\"product:condition\" content=\"new\" \/>\n<!-- \/ Yoast SEO Premium plugin. -->","yoast_head_json":{"title":"O Tab-Ex\u00ae DZ1 de ecom - ALEGER \u22c6 Augmented Reality","description":"Descubra o ecom Tab-Ex\u00ae DZ1 aqui. O comprimido robusto permite-lhe trabalhar de forma m\u00f3vel e segura na zona ATEX 1.","robots":{"index":"index","follow":"follow","max-snippet":"max-snippet:-1","max-image-preview":"max-image-preview:large","max-video-preview":"max-video-preview:-1"},"og_locale":"pt_PT","og_type":"article","og_title":"ecom Tab-Ex\u00ae DZ1 Ex comprimido protegido Atex Zona 1, 8\" ecr\u00e3 t\u00e1ctil, Android","og_description":"Descubra o ecom Tab-Ex\u00ae DZ1 aqui. O comprimido robusto permite-lhe trabalhar de forma m\u00f3vel e segura na zona ATEX 1.","og_url":"https:\/\/alegerglobal.com\/pt-pt\/shop-pt-pt\/ecom-tab-ex-dz1-2\/","og_site_name":"ALEGER \u22c6 Augmented Reality","og_image":[{"width":400,"height":400,"url":"https:\/\/alegerglobal.com\/wp-content\/uploads\/2021\/01\/csm_Tab-Ex_02_DZ1_Gallery_1_814c4f41a2.jpg","type":"image\/jpeg"}],"twitter_card":"summary_large_image","twitter_misc":{"pre\u00e7o":"&euro;2.890,00","Disponibilidade":"Em stock"},"schema":{"@context":"https:\/\/schema.org","@graph":[{"@type":"WebPage","@id":"https:\/\/alegerglobal.com\/pt-pt\/shop-pt-pt\/ecom-tab-ex-dz1-2\/","url":"https:\/\/alegerglobal.com\/pt-pt\/shop-pt-pt\/ecom-tab-ex-dz1-2\/","name":"O Tab-Ex\u00ae DZ1 de ecom - ALEGER \u22c6 Augmented Reality","isPartOf":{"@id":"https:\/\/alegerglobal.com\/pt-pt\/#website"},"primaryImageOfPage":{"@id":"https:\/\/alegerglobal.com\/pt-pt\/shop-pt-pt\/ecom-tab-ex-dz1-2\/#primaryimage"},"image":{"@id":"https:\/\/alegerglobal.com\/pt-pt\/shop-pt-pt\/ecom-tab-ex-dz1-2\/#primaryimage"},"thumbnailUrl":"https:\/\/alegerglobal.com\/wp-content\/uploads\/2021\/01\/csm_Tab-Ex_02_DZ1_Gallery_1_814c4f41a2.jpg","datePublished":"2022-05-17T11:48:43+00:00","dateModified":"2022-05-17T11:48:43+00:00","description":"Descubra o ecom Tab-Ex\u00ae DZ1 aqui. O comprimido robusto permite-lhe trabalhar de forma m\u00f3vel e segura na zona ATEX 1.","breadcrumb":{"@id":"https:\/\/alegerglobal.com\/pt-pt\/shop-pt-pt\/ecom-tab-ex-dz1-2\/#breadcrumb"},"inLanguage":"pt-PT","potentialAction":[{"@type":"ReadAction","target":["https:\/\/alegerglobal.com\/pt-pt\/shop-pt-pt\/ecom-tab-ex-dz1-2\/"]}]},{"@type":"ImageObject","inLanguage":"pt-PT","@id":"https:\/\/alegerglobal.com\/pt-pt\/shop-pt-pt\/ecom-tab-ex-dz1-2\/#primaryimage","url":"https:\/\/alegerglobal.com\/wp-content\/uploads\/2021\/01\/csm_Tab-Ex_02_DZ1_Gallery_1_814c4f41a2.jpg","contentUrl":"https:\/\/alegerglobal.com\/wp-content\/uploads\/2021\/01\/csm_Tab-Ex_02_DZ1_Gallery_1_814c4f41a2.jpg","width":400,"height":400,"caption":"ecom Tab-Ex\u00ae DZ1"},{"@type":"BreadcrumbList","@id":"https:\/\/alegerglobal.com\/pt-pt\/shop-pt-pt\/ecom-tab-ex-dz1-2\/#breadcrumb","itemListElement":[{"@type":"ListItem","position":1,"name":"Home","item":"https:\/\/alegerglobal.com\/pt-pt\/novo-pagina-inicial\/"},{"@type":"ListItem","position":2,"name":"Produtos","item":"https:\/\/alegerglobal.com\/pt-pt\/produtos\/"},{"@type":"ListItem","position":3,"name":"ecom Tab-Ex\u00ae DZ1 Ex comprimido protegido Atex Zona 1, 8&#8243; ecr\u00e3 t\u00e1ctil, Android"}]},{"@type":"WebSite","@id":"https:\/\/alegerglobal.com\/pt-pt\/#website","url":"https:\/\/alegerglobal.com\/pt-pt\/","name":"ALEGER \u22c6 Augmented Reality","description":"Die besten Augmented Reality (AR) L\u00f6sungen der Welt.","publisher":{"@id":"https:\/\/alegerglobal.com\/pt-pt\/#organization"},"potentialAction":[{"@type":"SearchAction","target":{"@type":"EntryPoint","urlTemplate":"https:\/\/alegerglobal.com\/pt-pt\/?s={search_term_string}"},"query-input":{"@type":"PropertyValueSpecification","valueRequired":true,"valueName":"search_term_string"}}],"inLanguage":"pt-PT"},{"@type":"Organization","@id":"https:\/\/alegerglobal.com\/pt-pt\/#organization","name":"ALEGER \u22c6 Augmented Reality","url":"https:\/\/alegerglobal.com\/pt-pt\/","logo":{"@type":"ImageObject","inLanguage":"pt-PT","@id":"https:\/\/alegerglobal.com\/pt-pt\/#\/schema\/logo\/image\/","url":"https:\/\/alegerglobal.com\/wp-content\/uploads\/2020\/12\/aleger-logo-quadrat.jpg","contentUrl":"https:\/\/alegerglobal.com\/wp-content\/uploads\/2020\/12\/aleger-logo-quadrat.jpg","width":200,"height":176,"caption":"ALEGER \u22c6 Augmented Reality"},"image":{"@id":"https:\/\/alegerglobal.com\/pt-pt\/#\/schema\/logo\/image\/"}}]},"product_brand":"Ecom","product_price_amount":"2890.00","product_price_currency":"EUR","og_availability":"instock","product_availability":"instock","product_condition":"new"},"_links":{"self":[{"href":"https:\/\/alegerglobal.com\/pt-pt\/wp-json\/wp\/v2\/product\/34123","targetHints":{"allow":["GET"]}}],"collection":[{"href":"https:\/\/alegerglobal.com\/pt-pt\/wp-json\/wp\/v2\/product"}],"about":[{"href":"https:\/\/alegerglobal.com\/pt-pt\/wp-json\/wp\/v2\/types\/product"}],"replies":[{"embeddable":true,"href":"https:\/\/alegerglobal.com\/pt-pt\/wp-json\/wp\/v2\/comments?post=34123"}],"version-history":[{"count":0,"href":"https:\/\/alegerglobal.com\/pt-pt\/wp-json\/wp\/v2\/product\/34123\/revisions"}],"wp:featuredmedia":[{"embeddable":true,"href":"https:\/\/alegerglobal.com\/pt-pt\/wp-json\/wp\/v2\/media\/22143"}],"wp:attachment":[{"href":"https:\/\/alegerglobal.com\/pt-pt\/wp-json\/wp\/v2\/media?parent=34123"}],"wp:term":[{"taxonomy":"product_brand","embeddable":true,"href":"https:\/\/alegerglobal.com\/pt-pt\/wp-json\/wp\/v2\/product_brand?post=34123"},{"taxonomy":"product_cat","embeddable":true,"href":"https:\/\/alegerglobal.com\/pt-pt\/wp-json\/wp\/v2\/product_cat?post=34123"},{"taxonomy":"product_tag","embeddable":true,"href":"https:\/\/alegerglobal.com\/pt-pt\/wp-json\/wp\/v2\/product_tag?post=34123"}],"curies":[{"name":"wp","href":"https:\/\/api.w.org\/{rel}","templated":true}]}}