{"id":34122,"date":"2021-03-07T08:00:03","date_gmt":"2022-05-17T11:48:43","guid":{"rendered":"https:\/\/alegerglobal.com\/sem categoria\/ecom-loc-ex-01-ex-protected-beacon-atex-zone-1\/"},"modified":"2022-05-17T12:48:43","modified_gmt":"2022-05-17T11:48:43","slug":"ecom-loc-ex-01-2","status":"publish","type":"product","link":"https:\/\/alegerglobal.com\/pt-pt\/shop-pt-pt\/ecom-loc-ex-01-2\/","title":{"rendered":"ecom Loc-Ex\u00ae 01, Ex-protected Beacon, Atex Zone 1"},"content":{"rendered":"","protected":false},"excerpt":{"rendered":"<ul>\n<li style=\"font-weight: 400;\"><b>Para atmosferas potencialmente explosivas:<\/b><span style=\"font-weight: 400;\"> Com aprova\u00e7\u00e3o para Zona 1\/21 (ATEX \/ IECEx) e Divis\u00e3o 1 (NEC \/ CEC), utiliza\u00e7\u00e3o a n\u00edvel mundial de acordo com a<\/span><span style=\"font-weight: 400;\"> ATEX<\/span><span style=\"font-weight: 400;\"> directivas.<\/span><\/li>\n<li><b>Aumento da transpar\u00eancia: <\/b><span style=\"font-weight: 400;\">S\u00e3o assegurados fluxos de processo simplificados, melhor controlo e localiza\u00e7\u00f5es em \u00e1reas exteriores e interiores. <\/span> <\/li>\n<li style=\"font-weight: 400;\"><b>Para uma gama de temperaturas alargada:<\/b> <span style=\"font-weight: 400;\">Certificado IP64<\/span><span style=\"font-weight: 400;\"> o p\u00f3 e a humidade s\u00e3o dominados e mesmo a temperaturas de -20\u00b0C a +55\u00b0C, o Beacon permanece totalmente funcional.<\/span><\/li>\n<li style=\"font-weight: 400;\"><b>Mais protec\u00e7\u00e3o para os empregados:<\/b><span style=\"font-weight: 400;\"> A protec\u00e7\u00e3o do trabalhador solit\u00e1rio proporciona seguran\u00e7a adicional no local de trabalho de forma fi\u00e1vel.<\/span><\/li>\n<li style=\"font-weight: 400;\"><b>Longo alcance:<\/b> os sinais podem ser transmitidos a uma dist\u00e2ncia de 30 m dentro de casa e at\u00e9 200 m ao ar livre.<\/li>\n<\/ul>\n","protected":false},"featured_media":23427,"comment_status":"open","ping_status":"closed","template":"","meta":{"_acf_changed":false},"product_brand":[],"product_cat":[1161,1162],"product_tag":[],"class_list":{"0":"post-34122","1":"product","2":"type-product","3":"status-publish","4":"has-post-thumbnail","6":"product_cat-atex-pt-pt","7":"product_cat-shop-pt-pt","8":"pa_hersteller-ecom-pt-pt","10":"first","11":"instock","12":"taxable","13":"shipping-taxable","14":"purchasable","15":"product-type-simple"},"acf":[],"yoast_head":"<!-- This site is optimized with the Yoast SEO Premium plugin v20.10 (Yoast SEO v24.3) - https:\/\/yoast.com\/wordpress\/plugins\/seo\/ -->\n<title>Ecom Loc-Ex\u00ae 01 comprar online - ALEGER \u22c6 Augmented Reality<\/title>\n<meta name=\"description\" content=\"Com a protec\u00e7\u00e3o contra explos\u00f5es Beacon da ecom para Atex Zona 2, assegura-se a m\u00e1xima seguran\u00e7a e protec\u00e7\u00e3o das plantas para os trabalhadores solit\u00e1rios. Descubra aqui!\" \/>\n<meta name=\"robots\" content=\"index, follow, max-snippet:-1, max-image-preview:large, max-video-preview:-1\" \/>\n<meta property=\"og:locale\" content=\"pt_PT\" \/>\n<meta property=\"og:type\" content=\"article\" \/>\n<meta property=\"og:title\" content=\"ecom Loc-Ex\u00ae 01, Ex-protected Beacon, Atex Zone 1\" \/>\n<meta property=\"og:description\" content=\"Com a protec\u00e7\u00e3o contra explos\u00f5es Beacon da ecom para Atex Zona 2, assegura-se a m\u00e1xima seguran\u00e7a e protec\u00e7\u00e3o das plantas para os trabalhadores solit\u00e1rios. Descubra aqui!\" \/>\n<meta property=\"og:url\" content=\"https:\/\/alegerglobal.com\/pt-pt\/shop-pt-pt\/ecom-loc-ex-01-2\/\" \/>\n<meta property=\"og:site_name\" content=\"ALEGER \u22c6 Augmented Reality\" \/>\n<meta property=\"og:image\" content=\"https:\/\/alegerglobal.com\/wp-content\/uploads\/2021\/03\/Unbenannt-47.jpg\" \/>\n\t<meta property=\"og:image:width\" content=\"800\" \/>\n\t<meta property=\"og:image:height\" content=\"800\" \/>\n\t<meta property=\"og:image:type\" content=\"image\/jpeg\" \/>\n<meta name=\"twitter:card\" content=\"summary_large_image\" \/>\n<meta name=\"twitter:label1\" content=\"pre\u00e7o\" \/>\n\t<meta name=\"twitter:data1\" content=\"&euro;560,00\" \/>\n\t<meta name=\"twitter:label2\" content=\"Disponibilidade\" \/>\n\t<meta name=\"twitter:data2\" content=\"Em stock\" \/>\n<script type=\"application\/ld+json\" class=\"yoast-schema-graph\">{\"@context\":\"https:\/\/schema.org\",\"@graph\":[{\"@type\":\"WebPage\",\"@id\":\"https:\/\/alegerglobal.com\/pt-pt\/shop-pt-pt\/ecom-loc-ex-01-2\/\",\"url\":\"https:\/\/alegerglobal.com\/pt-pt\/shop-pt-pt\/ecom-loc-ex-01-2\/\",\"name\":\"Ecom Loc-Ex\u00ae 01 comprar online - ALEGER \u22c6 Augmented Reality\",\"isPartOf\":{\"@id\":\"https:\/\/alegerglobal.com\/pt-pt\/#website\"},\"primaryImageOfPage\":{\"@id\":\"https:\/\/alegerglobal.com\/pt-pt\/shop-pt-pt\/ecom-loc-ex-01-2\/#primaryimage\"},\"image\":{\"@id\":\"https:\/\/alegerglobal.com\/pt-pt\/shop-pt-pt\/ecom-loc-ex-01-2\/#primaryimage\"},\"thumbnailUrl\":\"https:\/\/alegerglobal.com\/wp-content\/uploads\/2021\/03\/Unbenannt-47.jpg\",\"datePublished\":\"2022-05-17T11:48:43+00:00\",\"dateModified\":\"2022-05-17T11:48:43+00:00\",\"description\":\"Com a protec\u00e7\u00e3o contra explos\u00f5es Beacon da ecom para Atex Zona 2, assegura-se a m\u00e1xima seguran\u00e7a e protec\u00e7\u00e3o das plantas para os trabalhadores solit\u00e1rios. Descubra aqui!\",\"breadcrumb\":{\"@id\":\"https:\/\/alegerglobal.com\/pt-pt\/shop-pt-pt\/ecom-loc-ex-01-2\/#breadcrumb\"},\"inLanguage\":\"pt-PT\",\"potentialAction\":[{\"@type\":\"ReadAction\",\"target\":[\"https:\/\/alegerglobal.com\/pt-pt\/shop-pt-pt\/ecom-loc-ex-01-2\/\"]}]},{\"@type\":\"ImageObject\",\"inLanguage\":\"pt-PT\",\"@id\":\"https:\/\/alegerglobal.com\/pt-pt\/shop-pt-pt\/ecom-loc-ex-01-2\/#primaryimage\",\"url\":\"https:\/\/alegerglobal.com\/wp-content\/uploads\/2021\/03\/Unbenannt-47.jpg\",\"contentUrl\":\"https:\/\/alegerglobal.com\/wp-content\/uploads\/2021\/03\/Unbenannt-47.jpg\",\"width\":800,\"height\":800},{\"@type\":\"BreadcrumbList\",\"@id\":\"https:\/\/alegerglobal.com\/pt-pt\/shop-pt-pt\/ecom-loc-ex-01-2\/#breadcrumb\",\"itemListElement\":[{\"@type\":\"ListItem\",\"position\":1,\"name\":\"Home\",\"item\":\"https:\/\/alegerglobal.com\/pt-pt\/novo-pagina-inicial\/\"},{\"@type\":\"ListItem\",\"position\":2,\"name\":\"Produtos\",\"item\":\"https:\/\/alegerglobal.com\/pt-pt\/produtos\/\"},{\"@type\":\"ListItem\",\"position\":3,\"name\":\"ecom Loc-Ex\u00ae 01, Ex-protected Beacon, Atex Zone 1\"}]},{\"@type\":\"WebSite\",\"@id\":\"https:\/\/alegerglobal.com\/pt-pt\/#website\",\"url\":\"https:\/\/alegerglobal.com\/pt-pt\/\",\"name\":\"ALEGER \u22c6 Augmented Reality\",\"description\":\"Die besten Augmented Reality (AR) L\u00f6sungen der Welt.\",\"publisher\":{\"@id\":\"https:\/\/alegerglobal.com\/pt-pt\/#organization\"},\"potentialAction\":[{\"@type\":\"SearchAction\",\"target\":{\"@type\":\"EntryPoint\",\"urlTemplate\":\"https:\/\/alegerglobal.com\/pt-pt\/?s={search_term_string}\"},\"query-input\":{\"@type\":\"PropertyValueSpecification\",\"valueRequired\":true,\"valueName\":\"search_term_string\"}}],\"inLanguage\":\"pt-PT\"},{\"@type\":\"Organization\",\"@id\":\"https:\/\/alegerglobal.com\/pt-pt\/#organization\",\"name\":\"ALEGER \u22c6 Augmented Reality\",\"url\":\"https:\/\/alegerglobal.com\/pt-pt\/\",\"logo\":{\"@type\":\"ImageObject\",\"inLanguage\":\"pt-PT\",\"@id\":\"https:\/\/alegerglobal.com\/pt-pt\/#\/schema\/logo\/image\/\",\"url\":\"https:\/\/alegerglobal.com\/wp-content\/uploads\/2020\/12\/aleger-logo-quadrat.jpg\",\"contentUrl\":\"https:\/\/alegerglobal.com\/wp-content\/uploads\/2020\/12\/aleger-logo-quadrat.jpg\",\"width\":200,\"height\":176,\"caption\":\"ALEGER \u22c6 Augmented Reality\"},\"image\":{\"@id\":\"https:\/\/alegerglobal.com\/pt-pt\/#\/schema\/logo\/image\/\"}}]}<\/script>\n<meta property=\"product:brand\" content=\"Ecom\" \/>\n<meta property=\"product:price:amount\" content=\"560.00\" \/>\n<meta property=\"product:price:currency\" content=\"EUR\" \/>\n<meta property=\"og:availability\" content=\"instock\" \/>\n<meta property=\"product:availability\" content=\"instock\" \/>\n<meta property=\"product:condition\" content=\"new\" \/>\n<!-- \/ Yoast SEO Premium plugin. -->","yoast_head_json":{"title":"Ecom Loc-Ex\u00ae 01 comprar online - ALEGER \u22c6 Augmented Reality","description":"Com a protec\u00e7\u00e3o contra explos\u00f5es Beacon da ecom para Atex Zona 2, assegura-se a m\u00e1xima seguran\u00e7a e protec\u00e7\u00e3o das plantas para os trabalhadores solit\u00e1rios. Descubra aqui!","robots":{"index":"index","follow":"follow","max-snippet":"max-snippet:-1","max-image-preview":"max-image-preview:large","max-video-preview":"max-video-preview:-1"},"og_locale":"pt_PT","og_type":"article","og_title":"ecom Loc-Ex\u00ae 01, Ex-protected Beacon, Atex Zone 1","og_description":"Com a protec\u00e7\u00e3o contra explos\u00f5es Beacon da ecom para Atex Zona 2, assegura-se a m\u00e1xima seguran\u00e7a e protec\u00e7\u00e3o das plantas para os trabalhadores solit\u00e1rios. Descubra aqui!","og_url":"https:\/\/alegerglobal.com\/pt-pt\/shop-pt-pt\/ecom-loc-ex-01-2\/","og_site_name":"ALEGER \u22c6 Augmented Reality","og_image":[{"width":800,"height":800,"url":"https:\/\/alegerglobal.com\/wp-content\/uploads\/2021\/03\/Unbenannt-47.jpg","type":"image\/jpeg"}],"twitter_card":"summary_large_image","twitter_misc":{"pre\u00e7o":"&euro;560,00","Disponibilidade":"Em stock"},"schema":{"@context":"https:\/\/schema.org","@graph":[{"@type":"WebPage","@id":"https:\/\/alegerglobal.com\/pt-pt\/shop-pt-pt\/ecom-loc-ex-01-2\/","url":"https:\/\/alegerglobal.com\/pt-pt\/shop-pt-pt\/ecom-loc-ex-01-2\/","name":"Ecom Loc-Ex\u00ae 01 comprar online - ALEGER \u22c6 Augmented Reality","isPartOf":{"@id":"https:\/\/alegerglobal.com\/pt-pt\/#website"},"primaryImageOfPage":{"@id":"https:\/\/alegerglobal.com\/pt-pt\/shop-pt-pt\/ecom-loc-ex-01-2\/#primaryimage"},"image":{"@id":"https:\/\/alegerglobal.com\/pt-pt\/shop-pt-pt\/ecom-loc-ex-01-2\/#primaryimage"},"thumbnailUrl":"https:\/\/alegerglobal.com\/wp-content\/uploads\/2021\/03\/Unbenannt-47.jpg","datePublished":"2022-05-17T11:48:43+00:00","dateModified":"2022-05-17T11:48:43+00:00","description":"Com a protec\u00e7\u00e3o contra explos\u00f5es Beacon da ecom para Atex Zona 2, assegura-se a m\u00e1xima seguran\u00e7a e protec\u00e7\u00e3o das plantas para os trabalhadores solit\u00e1rios. Descubra aqui!","breadcrumb":{"@id":"https:\/\/alegerglobal.com\/pt-pt\/shop-pt-pt\/ecom-loc-ex-01-2\/#breadcrumb"},"inLanguage":"pt-PT","potentialAction":[{"@type":"ReadAction","target":["https:\/\/alegerglobal.com\/pt-pt\/shop-pt-pt\/ecom-loc-ex-01-2\/"]}]},{"@type":"ImageObject","inLanguage":"pt-PT","@id":"https:\/\/alegerglobal.com\/pt-pt\/shop-pt-pt\/ecom-loc-ex-01-2\/#primaryimage","url":"https:\/\/alegerglobal.com\/wp-content\/uploads\/2021\/03\/Unbenannt-47.jpg","contentUrl":"https:\/\/alegerglobal.com\/wp-content\/uploads\/2021\/03\/Unbenannt-47.jpg","width":800,"height":800},{"@type":"BreadcrumbList","@id":"https:\/\/alegerglobal.com\/pt-pt\/shop-pt-pt\/ecom-loc-ex-01-2\/#breadcrumb","itemListElement":[{"@type":"ListItem","position":1,"name":"Home","item":"https:\/\/alegerglobal.com\/pt-pt\/novo-pagina-inicial\/"},{"@type":"ListItem","position":2,"name":"Produtos","item":"https:\/\/alegerglobal.com\/pt-pt\/produtos\/"},{"@type":"ListItem","position":3,"name":"ecom Loc-Ex\u00ae 01, Ex-protected Beacon, Atex Zone 1"}]},{"@type":"WebSite","@id":"https:\/\/alegerglobal.com\/pt-pt\/#website","url":"https:\/\/alegerglobal.com\/pt-pt\/","name":"ALEGER \u22c6 Augmented Reality","description":"Die besten Augmented Reality (AR) L\u00f6sungen der Welt.","publisher":{"@id":"https:\/\/alegerglobal.com\/pt-pt\/#organization"},"potentialAction":[{"@type":"SearchAction","target":{"@type":"EntryPoint","urlTemplate":"https:\/\/alegerglobal.com\/pt-pt\/?s={search_term_string}"},"query-input":{"@type":"PropertyValueSpecification","valueRequired":true,"valueName":"search_term_string"}}],"inLanguage":"pt-PT"},{"@type":"Organization","@id":"https:\/\/alegerglobal.com\/pt-pt\/#organization","name":"ALEGER \u22c6 Augmented Reality","url":"https:\/\/alegerglobal.com\/pt-pt\/","logo":{"@type":"ImageObject","inLanguage":"pt-PT","@id":"https:\/\/alegerglobal.com\/pt-pt\/#\/schema\/logo\/image\/","url":"https:\/\/alegerglobal.com\/wp-content\/uploads\/2020\/12\/aleger-logo-quadrat.jpg","contentUrl":"https:\/\/alegerglobal.com\/wp-content\/uploads\/2020\/12\/aleger-logo-quadrat.jpg","width":200,"height":176,"caption":"ALEGER \u22c6 Augmented Reality"},"image":{"@id":"https:\/\/alegerglobal.com\/pt-pt\/#\/schema\/logo\/image\/"}}]},"product_brand":"Ecom","product_price_amount":"560.00","product_price_currency":"EUR","og_availability":"instock","product_availability":"instock","product_condition":"new"},"_links":{"self":[{"href":"https:\/\/alegerglobal.com\/pt-pt\/wp-json\/wp\/v2\/product\/34122","targetHints":{"allow":["GET"]}}],"collection":[{"href":"https:\/\/alegerglobal.com\/pt-pt\/wp-json\/wp\/v2\/product"}],"about":[{"href":"https:\/\/alegerglobal.com\/pt-pt\/wp-json\/wp\/v2\/types\/product"}],"replies":[{"embeddable":true,"href":"https:\/\/alegerglobal.com\/pt-pt\/wp-json\/wp\/v2\/comments?post=34122"}],"version-history":[{"count":0,"href":"https:\/\/alegerglobal.com\/pt-pt\/wp-json\/wp\/v2\/product\/34122\/revisions"}],"wp:featuredmedia":[{"embeddable":true,"href":"https:\/\/alegerglobal.com\/pt-pt\/wp-json\/wp\/v2\/media\/23427"}],"wp:attachment":[{"href":"https:\/\/alegerglobal.com\/pt-pt\/wp-json\/wp\/v2\/media?parent=34122"}],"wp:term":[{"taxonomy":"product_brand","embeddable":true,"href":"https:\/\/alegerglobal.com\/pt-pt\/wp-json\/wp\/v2\/product_brand?post=34122"},{"taxonomy":"product_cat","embeddable":true,"href":"https:\/\/alegerglobal.com\/pt-pt\/wp-json\/wp\/v2\/product_cat?post=34122"},{"taxonomy":"product_tag","embeddable":true,"href":"https:\/\/alegerglobal.com\/pt-pt\/wp-json\/wp\/v2\/product_tag?post=34122"}],"curies":[{"name":"wp","href":"https:\/\/api.w.org\/{rel}","templated":true}]}}