{"id":34119,"date":"2021-03-07T08:59:40","date_gmt":"2022-05-17T11:48:41","guid":{"rendered":"https:\/\/alegerglobal.com\/sem categoria\/ecom-pad-ex-pro-01-p8-dz2-comprimido-ex-protegido-atex-zona-2-ecra-tactil-de-116-windows\/"},"modified":"2022-05-17T12:48:41","modified_gmt":"2022-05-17T11:48:41","slug":"ecom-pad-ex-pro-01-p8-dz2-2","status":"publish","type":"product","link":"https:\/\/alegerglobal.com\/pt-pt\/shop-pt-pt\/ecom-pad-ex-pro-01-p8-dz2-2\/","title":{"rendered":"ecom Pad-Ex\u00ae Pro 01 P8 DZ2, comprimido ex-protegido, Atex Zona 2, ecr\u00e3 t\u00e1ctil de 11,6&#8243;, Windows"},"content":{"rendered":"","protected":false},"excerpt":{"rendered":"<ul>\n<li style=\"font-weight: 400;\"><b>Aprova\u00e7\u00e3o para<\/b><b> Zona Ex<\/b><b> 2\/22 e Classe 2\/ Div 2:<\/b><span style=\"font-weight: 400;\"> Possibilidades de aplica\u00e7\u00e3o a n\u00edvel mundial de acordo com<\/span><span style=\"font-weight: 400;\"> ATEX<\/span><span style=\"font-weight: 400;\"> directivas para atmosferas potencialmente explosivas.<\/span><\/li>\n<li><b>Ecr\u00e3 multi-toque capacitivo:<\/b><span style=\"font-weight: 400;\"> O ecr\u00e3 de 11,6&#8243; tem uma resolu\u00e7\u00e3o HD de 1920&#215;1080 pixels e \u00e9 perfeitamente leg\u00edvel mesmo sob luz solar directa.<\/span><\/li>\n<li style=\"font-weight: 400;\"><b>Alto poder inform\u00e1tico:<\/b><span style=\"font-weight: 400;\"> A 8\u00aa gera\u00e7\u00e3o de processadores Intel\u00ae Core\u2122 i5 satisfaz os requisitos complexos das aplica\u00e7\u00f5es Industry 4.0. <\/span> <\/li>\n<li style=\"font-weight: 400;\"><b>Certificado IP64:<\/b><span style=\"font-weight: 400;\"> O robusto Ex Tablet suporta temperaturas de -10\u00b0C a +55\u00b0C, humidade, poeira, produtos qu\u00edmicos e vibra\u00e7\u00f5es com cores vivas. <\/span> <\/li>\n<li style=\"font-weight: 400;\"><b>Realidade Aumentada:<\/b> Com representa\u00e7\u00e3o digital em ambiente real e em tempo real, a RA apoia a monitoriza\u00e7\u00e3o e resolu\u00e7\u00e3o de problemas de uma grande variedade de sistemas.<\/li>\n<\/ul>\n","protected":false},"featured_media":22151,"comment_status":"open","ping_status":"closed","template":"","meta":{"_acf_changed":false},"product_brand":[],"product_cat":[1161,1162,1160],"product_tag":[],"class_list":{"0":"post-34119","1":"product","2":"type-product","3":"status-publish","4":"has-post-thumbnail","6":"product_cat-atex-pt-pt","7":"product_cat-shop-pt-pt","8":"product_cat-tabuleta-resistente","9":"pa_hersteller-ecom-pt-pt","11":"first","12":"instock","13":"taxable","14":"shipping-taxable","15":"purchasable","16":"product-type-simple"},"acf":[],"yoast_head":"<!-- This site is optimized with the Yoast SEO Premium plugin v20.10 (Yoast SEO v24.3) - https:\/\/yoast.com\/wordpress\/plugins\/seo\/ -->\n<title>Comprar Pad-Ex\u00ae Pro 01 P8 DZ2 de ecom - ALEGER \u22c6 Augmented Reality<\/title>\n<meta name=\"description\" content=\"Descubra o robusto Pad-Ex\u00ae Pro 01 P8 DZ2 da ecom. Trabalhar m\u00f3vel e seguro com esta pastilha para Atex Zona 2.\" \/>\n<meta name=\"robots\" content=\"index, follow, max-snippet:-1, max-image-preview:large, max-video-preview:-1\" \/>\n<meta property=\"og:locale\" content=\"pt_PT\" \/>\n<meta property=\"og:type\" content=\"article\" \/>\n<meta property=\"og:title\" content=\"ecom Pad-Ex\u00ae Pro 01 P8 DZ2, comprimido ex-protegido, Atex Zona 2, ecr\u00e3 t\u00e1ctil de 11,6&quot;, Windows\" \/>\n<meta property=\"og:description\" content=\"Descubra o robusto Pad-Ex\u00ae Pro 01 P8 DZ2 da ecom. Trabalhar m\u00f3vel e seguro com esta pastilha para Atex Zona 2.\" \/>\n<meta property=\"og:url\" content=\"https:\/\/alegerglobal.com\/pt-pt\/shop-pt-pt\/ecom-pad-ex-pro-01-p8-dz2-2\/\" \/>\n<meta property=\"og:site_name\" content=\"ALEGER \u22c6 Augmented Reality\" \/>\n<meta property=\"og:image\" content=\"https:\/\/alegerglobal.com\/wp-content\/uploads\/2021\/01\/csm_Pad-Ex_01_P8_DZ2_Gallery_1_97c295eb9f.png\" \/>\n\t<meta property=\"og:image:width\" content=\"400\" \/>\n\t<meta property=\"og:image:height\" content=\"400\" \/>\n\t<meta property=\"og:image:type\" content=\"image\/png\" \/>\n<meta name=\"twitter:card\" content=\"summary_large_image\" \/>\n<meta name=\"twitter:label1\" content=\"pre\u00e7o\" \/>\n\t<meta name=\"twitter:data1\" content=\"&euro;4.249,00\" \/>\n\t<meta name=\"twitter:label2\" content=\"Disponibilidade\" \/>\n\t<meta name=\"twitter:data2\" content=\"Em stock\" \/>\n<script type=\"application\/ld+json\" class=\"yoast-schema-graph\">{\"@context\":\"https:\/\/schema.org\",\"@graph\":[{\"@type\":\"WebPage\",\"@id\":\"https:\/\/alegerglobal.com\/pt-pt\/shop-pt-pt\/ecom-pad-ex-pro-01-p8-dz2-2\/\",\"url\":\"https:\/\/alegerglobal.com\/pt-pt\/shop-pt-pt\/ecom-pad-ex-pro-01-p8-dz2-2\/\",\"name\":\"Comprar Pad-Ex\u00ae Pro 01 P8 DZ2 de ecom - ALEGER \u22c6 Augmented Reality\",\"isPartOf\":{\"@id\":\"https:\/\/alegerglobal.com\/pt-pt\/#website\"},\"primaryImageOfPage\":{\"@id\":\"https:\/\/alegerglobal.com\/pt-pt\/shop-pt-pt\/ecom-pad-ex-pro-01-p8-dz2-2\/#primaryimage\"},\"image\":{\"@id\":\"https:\/\/alegerglobal.com\/pt-pt\/shop-pt-pt\/ecom-pad-ex-pro-01-p8-dz2-2\/#primaryimage\"},\"thumbnailUrl\":\"https:\/\/alegerglobal.com\/wp-content\/uploads\/2021\/01\/csm_Pad-Ex_01_P8_DZ2_Gallery_1_97c295eb9f.png\",\"datePublished\":\"2022-05-17T11:48:41+00:00\",\"dateModified\":\"2022-05-17T11:48:41+00:00\",\"description\":\"Descubra o robusto Pad-Ex\u00ae Pro 01 P8 DZ2 da ecom. Trabalhar m\u00f3vel e seguro com esta pastilha para Atex Zona 2.\",\"breadcrumb\":{\"@id\":\"https:\/\/alegerglobal.com\/pt-pt\/shop-pt-pt\/ecom-pad-ex-pro-01-p8-dz2-2\/#breadcrumb\"},\"inLanguage\":\"pt-PT\",\"potentialAction\":[{\"@type\":\"ReadAction\",\"target\":[\"https:\/\/alegerglobal.com\/pt-pt\/shop-pt-pt\/ecom-pad-ex-pro-01-p8-dz2-2\/\"]}]},{\"@type\":\"ImageObject\",\"inLanguage\":\"pt-PT\",\"@id\":\"https:\/\/alegerglobal.com\/pt-pt\/shop-pt-pt\/ecom-pad-ex-pro-01-p8-dz2-2\/#primaryimage\",\"url\":\"https:\/\/alegerglobal.com\/wp-content\/uploads\/2021\/01\/csm_Pad-Ex_01_P8_DZ2_Gallery_1_97c295eb9f.png\",\"contentUrl\":\"https:\/\/alegerglobal.com\/wp-content\/uploads\/2021\/01\/csm_Pad-Ex_01_P8_DZ2_Gallery_1_97c295eb9f.png\",\"width\":400,\"height\":400,\"caption\":\"ecom Pad-Ex\u00ae Pro 01 P8 DZ2, comprimido ex-protegido para Atex Zona 2\"},{\"@type\":\"BreadcrumbList\",\"@id\":\"https:\/\/alegerglobal.com\/pt-pt\/shop-pt-pt\/ecom-pad-ex-pro-01-p8-dz2-2\/#breadcrumb\",\"itemListElement\":[{\"@type\":\"ListItem\",\"position\":1,\"name\":\"Home\",\"item\":\"https:\/\/alegerglobal.com\/pt-pt\/novo-pagina-inicial\/\"},{\"@type\":\"ListItem\",\"position\":2,\"name\":\"Produtos\",\"item\":\"https:\/\/alegerglobal.com\/pt-pt\/produtos\/\"},{\"@type\":\"ListItem\",\"position\":3,\"name\":\"ecom Pad-Ex\u00ae Pro 01 P8 DZ2, comprimido ex-protegido, Atex Zona 2, ecr\u00e3 t\u00e1ctil de 11,6&#8243;, Windows\"}]},{\"@type\":\"WebSite\",\"@id\":\"https:\/\/alegerglobal.com\/pt-pt\/#website\",\"url\":\"https:\/\/alegerglobal.com\/pt-pt\/\",\"name\":\"ALEGER \u22c6 Augmented Reality\",\"description\":\"Die besten Augmented Reality (AR) L\u00f6sungen der Welt.\",\"publisher\":{\"@id\":\"https:\/\/alegerglobal.com\/pt-pt\/#organization\"},\"potentialAction\":[{\"@type\":\"SearchAction\",\"target\":{\"@type\":\"EntryPoint\",\"urlTemplate\":\"https:\/\/alegerglobal.com\/pt-pt\/?s={search_term_string}\"},\"query-input\":{\"@type\":\"PropertyValueSpecification\",\"valueRequired\":true,\"valueName\":\"search_term_string\"}}],\"inLanguage\":\"pt-PT\"},{\"@type\":\"Organization\",\"@id\":\"https:\/\/alegerglobal.com\/pt-pt\/#organization\",\"name\":\"ALEGER \u22c6 Augmented Reality\",\"url\":\"https:\/\/alegerglobal.com\/pt-pt\/\",\"logo\":{\"@type\":\"ImageObject\",\"inLanguage\":\"pt-PT\",\"@id\":\"https:\/\/alegerglobal.com\/pt-pt\/#\/schema\/logo\/image\/\",\"url\":\"https:\/\/alegerglobal.com\/wp-content\/uploads\/2020\/12\/aleger-logo-quadrat.jpg\",\"contentUrl\":\"https:\/\/alegerglobal.com\/wp-content\/uploads\/2020\/12\/aleger-logo-quadrat.jpg\",\"width\":200,\"height\":176,\"caption\":\"ALEGER \u22c6 Augmented Reality\"},\"image\":{\"@id\":\"https:\/\/alegerglobal.com\/pt-pt\/#\/schema\/logo\/image\/\"}}]}<\/script>\n<meta property=\"product:brand\" content=\"Ecom\" \/>\n<meta property=\"product:price:amount\" content=\"4249.00\" \/>\n<meta property=\"product:price:currency\" content=\"EUR\" \/>\n<meta property=\"og:availability\" content=\"instock\" \/>\n<meta property=\"product:availability\" content=\"instock\" \/>\n<meta property=\"product:condition\" content=\"new\" \/>\n<!-- \/ Yoast SEO Premium plugin. -->","yoast_head_json":{"title":"Comprar Pad-Ex\u00ae Pro 01 P8 DZ2 de ecom - ALEGER \u22c6 Augmented Reality","description":"Descubra o robusto Pad-Ex\u00ae Pro 01 P8 DZ2 da ecom. Trabalhar m\u00f3vel e seguro com esta pastilha para Atex Zona 2.","robots":{"index":"index","follow":"follow","max-snippet":"max-snippet:-1","max-image-preview":"max-image-preview:large","max-video-preview":"max-video-preview:-1"},"og_locale":"pt_PT","og_type":"article","og_title":"ecom Pad-Ex\u00ae Pro 01 P8 DZ2, comprimido ex-protegido, Atex Zona 2, ecr\u00e3 t\u00e1ctil de 11,6\", Windows","og_description":"Descubra o robusto Pad-Ex\u00ae Pro 01 P8 DZ2 da ecom. Trabalhar m\u00f3vel e seguro com esta pastilha para Atex Zona 2.","og_url":"https:\/\/alegerglobal.com\/pt-pt\/shop-pt-pt\/ecom-pad-ex-pro-01-p8-dz2-2\/","og_site_name":"ALEGER \u22c6 Augmented Reality","og_image":[{"width":400,"height":400,"url":"https:\/\/alegerglobal.com\/wp-content\/uploads\/2021\/01\/csm_Pad-Ex_01_P8_DZ2_Gallery_1_97c295eb9f.png","type":"image\/png"}],"twitter_card":"summary_large_image","twitter_misc":{"pre\u00e7o":"&euro;4.249,00","Disponibilidade":"Em stock"},"schema":{"@context":"https:\/\/schema.org","@graph":[{"@type":"WebPage","@id":"https:\/\/alegerglobal.com\/pt-pt\/shop-pt-pt\/ecom-pad-ex-pro-01-p8-dz2-2\/","url":"https:\/\/alegerglobal.com\/pt-pt\/shop-pt-pt\/ecom-pad-ex-pro-01-p8-dz2-2\/","name":"Comprar Pad-Ex\u00ae Pro 01 P8 DZ2 de ecom - ALEGER \u22c6 Augmented Reality","isPartOf":{"@id":"https:\/\/alegerglobal.com\/pt-pt\/#website"},"primaryImageOfPage":{"@id":"https:\/\/alegerglobal.com\/pt-pt\/shop-pt-pt\/ecom-pad-ex-pro-01-p8-dz2-2\/#primaryimage"},"image":{"@id":"https:\/\/alegerglobal.com\/pt-pt\/shop-pt-pt\/ecom-pad-ex-pro-01-p8-dz2-2\/#primaryimage"},"thumbnailUrl":"https:\/\/alegerglobal.com\/wp-content\/uploads\/2021\/01\/csm_Pad-Ex_01_P8_DZ2_Gallery_1_97c295eb9f.png","datePublished":"2022-05-17T11:48:41+00:00","dateModified":"2022-05-17T11:48:41+00:00","description":"Descubra o robusto Pad-Ex\u00ae Pro 01 P8 DZ2 da ecom. Trabalhar m\u00f3vel e seguro com esta pastilha para Atex Zona 2.","breadcrumb":{"@id":"https:\/\/alegerglobal.com\/pt-pt\/shop-pt-pt\/ecom-pad-ex-pro-01-p8-dz2-2\/#breadcrumb"},"inLanguage":"pt-PT","potentialAction":[{"@type":"ReadAction","target":["https:\/\/alegerglobal.com\/pt-pt\/shop-pt-pt\/ecom-pad-ex-pro-01-p8-dz2-2\/"]}]},{"@type":"ImageObject","inLanguage":"pt-PT","@id":"https:\/\/alegerglobal.com\/pt-pt\/shop-pt-pt\/ecom-pad-ex-pro-01-p8-dz2-2\/#primaryimage","url":"https:\/\/alegerglobal.com\/wp-content\/uploads\/2021\/01\/csm_Pad-Ex_01_P8_DZ2_Gallery_1_97c295eb9f.png","contentUrl":"https:\/\/alegerglobal.com\/wp-content\/uploads\/2021\/01\/csm_Pad-Ex_01_P8_DZ2_Gallery_1_97c295eb9f.png","width":400,"height":400,"caption":"ecom Pad-Ex\u00ae Pro 01 P8 DZ2, comprimido ex-protegido para Atex Zona 2"},{"@type":"BreadcrumbList","@id":"https:\/\/alegerglobal.com\/pt-pt\/shop-pt-pt\/ecom-pad-ex-pro-01-p8-dz2-2\/#breadcrumb","itemListElement":[{"@type":"ListItem","position":1,"name":"Home","item":"https:\/\/alegerglobal.com\/pt-pt\/novo-pagina-inicial\/"},{"@type":"ListItem","position":2,"name":"Produtos","item":"https:\/\/alegerglobal.com\/pt-pt\/produtos\/"},{"@type":"ListItem","position":3,"name":"ecom Pad-Ex\u00ae Pro 01 P8 DZ2, comprimido ex-protegido, Atex Zona 2, ecr\u00e3 t\u00e1ctil de 11,6&#8243;, Windows"}]},{"@type":"WebSite","@id":"https:\/\/alegerglobal.com\/pt-pt\/#website","url":"https:\/\/alegerglobal.com\/pt-pt\/","name":"ALEGER \u22c6 Augmented Reality","description":"Die besten Augmented Reality (AR) L\u00f6sungen der Welt.","publisher":{"@id":"https:\/\/alegerglobal.com\/pt-pt\/#organization"},"potentialAction":[{"@type":"SearchAction","target":{"@type":"EntryPoint","urlTemplate":"https:\/\/alegerglobal.com\/pt-pt\/?s={search_term_string}"},"query-input":{"@type":"PropertyValueSpecification","valueRequired":true,"valueName":"search_term_string"}}],"inLanguage":"pt-PT"},{"@type":"Organization","@id":"https:\/\/alegerglobal.com\/pt-pt\/#organization","name":"ALEGER \u22c6 Augmented Reality","url":"https:\/\/alegerglobal.com\/pt-pt\/","logo":{"@type":"ImageObject","inLanguage":"pt-PT","@id":"https:\/\/alegerglobal.com\/pt-pt\/#\/schema\/logo\/image\/","url":"https:\/\/alegerglobal.com\/wp-content\/uploads\/2020\/12\/aleger-logo-quadrat.jpg","contentUrl":"https:\/\/alegerglobal.com\/wp-content\/uploads\/2020\/12\/aleger-logo-quadrat.jpg","width":200,"height":176,"caption":"ALEGER \u22c6 Augmented Reality"},"image":{"@id":"https:\/\/alegerglobal.com\/pt-pt\/#\/schema\/logo\/image\/"}}]},"product_brand":"Ecom","product_price_amount":"4249.00","product_price_currency":"EUR","og_availability":"instock","product_availability":"instock","product_condition":"new"},"_links":{"self":[{"href":"https:\/\/alegerglobal.com\/pt-pt\/wp-json\/wp\/v2\/product\/34119","targetHints":{"allow":["GET"]}}],"collection":[{"href":"https:\/\/alegerglobal.com\/pt-pt\/wp-json\/wp\/v2\/product"}],"about":[{"href":"https:\/\/alegerglobal.com\/pt-pt\/wp-json\/wp\/v2\/types\/product"}],"replies":[{"embeddable":true,"href":"https:\/\/alegerglobal.com\/pt-pt\/wp-json\/wp\/v2\/comments?post=34119"}],"version-history":[{"count":0,"href":"https:\/\/alegerglobal.com\/pt-pt\/wp-json\/wp\/v2\/product\/34119\/revisions"}],"wp:featuredmedia":[{"embeddable":true,"href":"https:\/\/alegerglobal.com\/pt-pt\/wp-json\/wp\/v2\/media\/22151"}],"wp:attachment":[{"href":"https:\/\/alegerglobal.com\/pt-pt\/wp-json\/wp\/v2\/media?parent=34119"}],"wp:term":[{"taxonomy":"product_brand","embeddable":true,"href":"https:\/\/alegerglobal.com\/pt-pt\/wp-json\/wp\/v2\/product_brand?post=34119"},{"taxonomy":"product_cat","embeddable":true,"href":"https:\/\/alegerglobal.com\/pt-pt\/wp-json\/wp\/v2\/product_cat?post=34119"},{"taxonomy":"product_tag","embeddable":true,"href":"https:\/\/alegerglobal.com\/pt-pt\/wp-json\/wp\/v2\/product_tag?post=34119"}],"curies":[{"name":"wp","href":"https:\/\/api.w.org\/{rel}","templated":true}]}}