{"id":34114,"date":"2021-03-07T09:09:35","date_gmt":"2022-05-17T11:48:19","guid":{"rendered":"https:\/\/alegerglobal.com\/sem categoria\/ecom-smart-ex-02-dz1-smartphone-ex-protegido-para-atex-zona-1-5-ecra-tactil-android\/"},"modified":"2022-05-17T12:48:19","modified_gmt":"2022-05-17T11:48:19","slug":"ecom-smart-ex-02-dz1-2","status":"publish","type":"product","link":"https:\/\/alegerglobal.com\/pt-pt\/shop-pt-pt\/industria-de-smartphones\/ecom-smart-ex-02-dz1-2\/","title":{"rendered":"ecom Smart-Ex 02 DZ1, Smartphone Ex-protegido para ATEX Zona 1, 5&#8243; ecr\u00e3 t\u00e1ctil, Android"},"content":{"rendered":"","protected":false},"excerpt":{"rendered":"<ul>\n<li style=\"font-weight: 400;\"><b>Possibilidades de aplica\u00e7\u00e3o a n\u00edvel mundial<\/b><span style=\"font-weight: 400;\">De acordo com <\/span><span style=\"font-weight: 400;\">ATEX <\/span><span style=\"font-weight: 400;\">directivas, a unidade \u00e9 adequada para utiliza\u00e7\u00e3o em \u00e1reas potencialmente explosivas do<\/span><span style=\"font-weight: 400;\"> Zona Ex<\/span><span style=\"font-weight: 400;\"> 1\/21 e Classe 1\/Div 1. <\/span> <\/li>\n<li style=\"font-weight: 400;\"><b>Expositor Gorilla\u00ae Vidro protegido: <\/b><span style=\"font-weight: 400;\">O ecr\u00e3 t\u00e1ctil de 5&#8243; de alta resolu\u00e7\u00e3o pode ser lido<\/span> <span style=\"font-weight: 400;\">pode ser facilmente lido \u00e0 luz solar e \u00e9 tamb\u00e9m funcional quando se usa luvas ou em condi\u00e7\u00f5es h\u00famidas.<\/span><\/li>\n<li><b>Bateria substitu\u00edvel e potente:<\/b><span style=\"font-weight: 400;\"> O <\/span><span style=\"font-weight: 400;\">smartphone intrinsecamente seguro <\/span><span style=\"font-weight: 400;\">utiliza um poderoso <\/span><span style=\"font-weight: 400;\">bateria com 4400 mAh, para que possa lidar com longos dias de trabalho.<\/span><\/li>\n<li><b>Chaves optimizadas<\/b><span style=\"font-weight: 400;\">A posi\u00e7\u00e3o e o tamanho das chaves foram adaptados para utiliza\u00e7\u00e3o com luvas. <\/span><span style=\"font-weight: 400;\">A fun\u00e7\u00e3o Push-to-talk e outros acessos DeepL permitem uma utiliza\u00e7\u00e3o particularmente eficiente.<\/span><\/li>\n<li><b>Para uma gama de temperaturas alargada: <\/b><span style=\"font-weight: 400;\">Para al\u00e9m de<\/span><span style=\"font-weight: 400;\"> Certifica\u00e7\u00e3o IP68<\/span><span style=\"font-weight: 400;\"> o smartphone \u00e9 tamb\u00e9m totalmente funcional a temperaturas entre -20\u00b0C e +60\u00b0C. <\/span> <\/li>\n<li style=\"font-weight: 400;\"><b>Para ambientes dif\u00edceis: <\/b><span style=\"font-weight: 400;\">O robusto smartphone \u00e9 um companheiro fi\u00e1vel no campo e protege contra humidade, produtos qu\u00edmicos, vibra\u00e7\u00f5es, poeira e luz solar. <\/span> <\/li>\n<\/ul>\n","protected":false},"featured_media":22108,"comment_status":"open","ping_status":"closed","template":"","meta":{"_acf_changed":false},"product_brand":[],"product_cat":[1161,1174,1162],"product_tag":[],"class_list":{"0":"post-34114","1":"product","2":"type-product","3":"status-publish","4":"has-post-thumbnail","6":"product_cat-atex-pt-pt","7":"product_cat-industria-de-smartphones","8":"product_cat-shop-pt-pt","9":"pa_hersteller-ecom-pt-pt","11":"first","12":"instock","13":"taxable","14":"shipping-taxable","15":"purchasable","16":"product-type-simple"},"acf":[],"yoast_head":"<!-- This site is optimized with the Yoast SEO Premium plugin v20.10 (Yoast SEO v24.3) - https:\/\/yoast.com\/wordpress\/plugins\/seo\/ -->\n<title>Comprar Ecom Smart-Ex 02 DZ1 - ALEGER \u22c6 Augmented Reality<\/title>\n<meta name=\"description\" content=\"O Smart-Ex 02 DZ1 da Ecom \u00e9 o companheiro ideal para a sua utiliza\u00e7\u00e3o ao ar livre em \u00e1reas perigosas. Saiba mais aqui.\" \/>\n<meta name=\"robots\" content=\"index, follow, max-snippet:-1, max-image-preview:large, max-video-preview:-1\" \/>\n<meta property=\"og:locale\" content=\"pt_PT\" \/>\n<meta property=\"og:type\" content=\"article\" \/>\n<meta property=\"og:title\" content=\"ecom Smart-Ex 02 DZ1, Smartphone Ex-protegido para ATEX Zona 1, 5&quot; ecr\u00e3 t\u00e1ctil, Android\" \/>\n<meta property=\"og:description\" content=\"O Smart-Ex 02 DZ1 da Ecom \u00e9 o companheiro ideal para a sua utiliza\u00e7\u00e3o ao ar livre em \u00e1reas perigosas. Saiba mais aqui.\" \/>\n<meta property=\"og:url\" content=\"https:\/\/alegerglobal.com\/pt-pt\/shop-pt-pt\/industria-de-smartphones\/ecom-smart-ex-02-dz1-2\/\" \/>\n<meta property=\"og:site_name\" content=\"ALEGER \u22c6 Augmented Reality\" \/>\n<meta property=\"og:image\" content=\"https:\/\/alegerglobal.com\/wp-content\/uploads\/2021\/01\/csm_smart-ex_02-tech_c6f7974c67.png\" \/>\n\t<meta property=\"og:image:width\" content=\"555\" \/>\n\t<meta property=\"og:image:height\" content=\"555\" \/>\n\t<meta property=\"og:image:type\" content=\"image\/png\" \/>\n<meta name=\"twitter:card\" content=\"summary_large_image\" \/>\n<meta name=\"twitter:label1\" content=\"pre\u00e7o\" \/>\n\t<meta name=\"twitter:data1\" content=\"&euro;2.338,00\" \/>\n\t<meta name=\"twitter:label2\" content=\"Disponibilidade\" \/>\n\t<meta name=\"twitter:data2\" content=\"Em stock\" \/>\n<script type=\"application\/ld+json\" class=\"yoast-schema-graph\">{\"@context\":\"https:\/\/schema.org\",\"@graph\":[{\"@type\":\"WebPage\",\"@id\":\"https:\/\/alegerglobal.com\/pt-pt\/shop-pt-pt\/industria-de-smartphones\/ecom-smart-ex-02-dz1-2\/\",\"url\":\"https:\/\/alegerglobal.com\/pt-pt\/shop-pt-pt\/industria-de-smartphones\/ecom-smart-ex-02-dz1-2\/\",\"name\":\"Comprar Ecom Smart-Ex 02 DZ1 - ALEGER \u22c6 Augmented Reality\",\"isPartOf\":{\"@id\":\"https:\/\/alegerglobal.com\/pt-pt\/#website\"},\"primaryImageOfPage\":{\"@id\":\"https:\/\/alegerglobal.com\/pt-pt\/shop-pt-pt\/industria-de-smartphones\/ecom-smart-ex-02-dz1-2\/#primaryimage\"},\"image\":{\"@id\":\"https:\/\/alegerglobal.com\/pt-pt\/shop-pt-pt\/industria-de-smartphones\/ecom-smart-ex-02-dz1-2\/#primaryimage\"},\"thumbnailUrl\":\"https:\/\/alegerglobal.com\/wp-content\/uploads\/2021\/01\/csm_smart-ex_02-tech_c6f7974c67.png\",\"datePublished\":\"2022-05-17T11:48:19+00:00\",\"dateModified\":\"2022-05-17T11:48:19+00:00\",\"description\":\"O Smart-Ex 02 DZ1 da Ecom \u00e9 o companheiro ideal para a sua utiliza\u00e7\u00e3o ao ar livre em \u00e1reas perigosas. Saiba mais aqui.\",\"breadcrumb\":{\"@id\":\"https:\/\/alegerglobal.com\/pt-pt\/shop-pt-pt\/industria-de-smartphones\/ecom-smart-ex-02-dz1-2\/#breadcrumb\"},\"inLanguage\":\"pt-PT\",\"potentialAction\":[{\"@type\":\"ReadAction\",\"target\":[\"https:\/\/alegerglobal.com\/pt-pt\/shop-pt-pt\/industria-de-smartphones\/ecom-smart-ex-02-dz1-2\/\"]}]},{\"@type\":\"ImageObject\",\"inLanguage\":\"pt-PT\",\"@id\":\"https:\/\/alegerglobal.com\/pt-pt\/shop-pt-pt\/industria-de-smartphones\/ecom-smart-ex-02-dz1-2\/#primaryimage\",\"url\":\"https:\/\/alegerglobal.com\/wp-content\/uploads\/2021\/01\/csm_smart-ex_02-tech_c6f7974c67.png\",\"contentUrl\":\"https:\/\/alegerglobal.com\/wp-content\/uploads\/2021\/01\/csm_smart-ex_02-tech_c6f7974c67.png\",\"width\":555,\"height\":555,\"caption\":\"ecom Smart-Ex 02 DZ1 - smartphone ex-protegido\"},{\"@type\":\"BreadcrumbList\",\"@id\":\"https:\/\/alegerglobal.com\/pt-pt\/shop-pt-pt\/industria-de-smartphones\/ecom-smart-ex-02-dz1-2\/#breadcrumb\",\"itemListElement\":[{\"@type\":\"ListItem\",\"position\":1,\"name\":\"Home\",\"item\":\"https:\/\/alegerglobal.com\/pt-pt\/novo-pagina-inicial\/\"},{\"@type\":\"ListItem\",\"position\":2,\"name\":\"Produtos\",\"item\":\"https:\/\/alegerglobal.com\/pt-pt\/produtos\/\"},{\"@type\":\"ListItem\",\"position\":3,\"name\":\"ecom Smart-Ex 02 DZ1, Smartphone Ex-protegido para ATEX Zona 1, 5&#8243; ecr\u00e3 t\u00e1ctil, Android\"}]},{\"@type\":\"WebSite\",\"@id\":\"https:\/\/alegerglobal.com\/pt-pt\/#website\",\"url\":\"https:\/\/alegerglobal.com\/pt-pt\/\",\"name\":\"ALEGER \u22c6 Augmented Reality\",\"description\":\"Die besten Augmented Reality (AR) L\u00f6sungen der Welt.\",\"publisher\":{\"@id\":\"https:\/\/alegerglobal.com\/pt-pt\/#organization\"},\"potentialAction\":[{\"@type\":\"SearchAction\",\"target\":{\"@type\":\"EntryPoint\",\"urlTemplate\":\"https:\/\/alegerglobal.com\/pt-pt\/?s={search_term_string}\"},\"query-input\":{\"@type\":\"PropertyValueSpecification\",\"valueRequired\":true,\"valueName\":\"search_term_string\"}}],\"inLanguage\":\"pt-PT\"},{\"@type\":\"Organization\",\"@id\":\"https:\/\/alegerglobal.com\/pt-pt\/#organization\",\"name\":\"ALEGER \u22c6 Augmented Reality\",\"url\":\"https:\/\/alegerglobal.com\/pt-pt\/\",\"logo\":{\"@type\":\"ImageObject\",\"inLanguage\":\"pt-PT\",\"@id\":\"https:\/\/alegerglobal.com\/pt-pt\/#\/schema\/logo\/image\/\",\"url\":\"https:\/\/alegerglobal.com\/wp-content\/uploads\/2020\/12\/aleger-logo-quadrat.jpg\",\"contentUrl\":\"https:\/\/alegerglobal.com\/wp-content\/uploads\/2020\/12\/aleger-logo-quadrat.jpg\",\"width\":200,\"height\":176,\"caption\":\"ALEGER \u22c6 Augmented Reality\"},\"image\":{\"@id\":\"https:\/\/alegerglobal.com\/pt-pt\/#\/schema\/logo\/image\/\"}}]}<\/script>\n<meta property=\"product:brand\" content=\"Ecom\" \/>\n<meta property=\"product:price:amount\" content=\"2338.00\" \/>\n<meta property=\"product:price:currency\" content=\"EUR\" \/>\n<meta property=\"og:availability\" content=\"instock\" \/>\n<meta property=\"product:availability\" content=\"instock\" \/>\n<meta property=\"product:condition\" content=\"new\" \/>\n<!-- \/ Yoast SEO Premium plugin. -->","yoast_head_json":{"title":"Comprar Ecom Smart-Ex 02 DZ1 - ALEGER \u22c6 Augmented Reality","description":"O Smart-Ex 02 DZ1 da Ecom \u00e9 o companheiro ideal para a sua utiliza\u00e7\u00e3o ao ar livre em \u00e1reas perigosas. Saiba mais aqui.","robots":{"index":"index","follow":"follow","max-snippet":"max-snippet:-1","max-image-preview":"max-image-preview:large","max-video-preview":"max-video-preview:-1"},"og_locale":"pt_PT","og_type":"article","og_title":"ecom Smart-Ex 02 DZ1, Smartphone Ex-protegido para ATEX Zona 1, 5\" ecr\u00e3 t\u00e1ctil, Android","og_description":"O Smart-Ex 02 DZ1 da Ecom \u00e9 o companheiro ideal para a sua utiliza\u00e7\u00e3o ao ar livre em \u00e1reas perigosas. Saiba mais aqui.","og_url":"https:\/\/alegerglobal.com\/pt-pt\/shop-pt-pt\/industria-de-smartphones\/ecom-smart-ex-02-dz1-2\/","og_site_name":"ALEGER \u22c6 Augmented Reality","og_image":[{"width":555,"height":555,"url":"https:\/\/alegerglobal.com\/wp-content\/uploads\/2021\/01\/csm_smart-ex_02-tech_c6f7974c67.png","type":"image\/png"}],"twitter_card":"summary_large_image","twitter_misc":{"pre\u00e7o":"&euro;2.338,00","Disponibilidade":"Em stock"},"schema":{"@context":"https:\/\/schema.org","@graph":[{"@type":"WebPage","@id":"https:\/\/alegerglobal.com\/pt-pt\/shop-pt-pt\/industria-de-smartphones\/ecom-smart-ex-02-dz1-2\/","url":"https:\/\/alegerglobal.com\/pt-pt\/shop-pt-pt\/industria-de-smartphones\/ecom-smart-ex-02-dz1-2\/","name":"Comprar Ecom Smart-Ex 02 DZ1 - ALEGER \u22c6 Augmented Reality","isPartOf":{"@id":"https:\/\/alegerglobal.com\/pt-pt\/#website"},"primaryImageOfPage":{"@id":"https:\/\/alegerglobal.com\/pt-pt\/shop-pt-pt\/industria-de-smartphones\/ecom-smart-ex-02-dz1-2\/#primaryimage"},"image":{"@id":"https:\/\/alegerglobal.com\/pt-pt\/shop-pt-pt\/industria-de-smartphones\/ecom-smart-ex-02-dz1-2\/#primaryimage"},"thumbnailUrl":"https:\/\/alegerglobal.com\/wp-content\/uploads\/2021\/01\/csm_smart-ex_02-tech_c6f7974c67.png","datePublished":"2022-05-17T11:48:19+00:00","dateModified":"2022-05-17T11:48:19+00:00","description":"O Smart-Ex 02 DZ1 da Ecom \u00e9 o companheiro ideal para a sua utiliza\u00e7\u00e3o ao ar livre em \u00e1reas perigosas. Saiba mais aqui.","breadcrumb":{"@id":"https:\/\/alegerglobal.com\/pt-pt\/shop-pt-pt\/industria-de-smartphones\/ecom-smart-ex-02-dz1-2\/#breadcrumb"},"inLanguage":"pt-PT","potentialAction":[{"@type":"ReadAction","target":["https:\/\/alegerglobal.com\/pt-pt\/shop-pt-pt\/industria-de-smartphones\/ecom-smart-ex-02-dz1-2\/"]}]},{"@type":"ImageObject","inLanguage":"pt-PT","@id":"https:\/\/alegerglobal.com\/pt-pt\/shop-pt-pt\/industria-de-smartphones\/ecom-smart-ex-02-dz1-2\/#primaryimage","url":"https:\/\/alegerglobal.com\/wp-content\/uploads\/2021\/01\/csm_smart-ex_02-tech_c6f7974c67.png","contentUrl":"https:\/\/alegerglobal.com\/wp-content\/uploads\/2021\/01\/csm_smart-ex_02-tech_c6f7974c67.png","width":555,"height":555,"caption":"ecom Smart-Ex 02 DZ1 - smartphone ex-protegido"},{"@type":"BreadcrumbList","@id":"https:\/\/alegerglobal.com\/pt-pt\/shop-pt-pt\/industria-de-smartphones\/ecom-smart-ex-02-dz1-2\/#breadcrumb","itemListElement":[{"@type":"ListItem","position":1,"name":"Home","item":"https:\/\/alegerglobal.com\/pt-pt\/novo-pagina-inicial\/"},{"@type":"ListItem","position":2,"name":"Produtos","item":"https:\/\/alegerglobal.com\/pt-pt\/produtos\/"},{"@type":"ListItem","position":3,"name":"ecom Smart-Ex 02 DZ1, Smartphone Ex-protegido para ATEX Zona 1, 5&#8243; ecr\u00e3 t\u00e1ctil, Android"}]},{"@type":"WebSite","@id":"https:\/\/alegerglobal.com\/pt-pt\/#website","url":"https:\/\/alegerglobal.com\/pt-pt\/","name":"ALEGER \u22c6 Augmented Reality","description":"Die besten Augmented Reality (AR) L\u00f6sungen der Welt.","publisher":{"@id":"https:\/\/alegerglobal.com\/pt-pt\/#organization"},"potentialAction":[{"@type":"SearchAction","target":{"@type":"EntryPoint","urlTemplate":"https:\/\/alegerglobal.com\/pt-pt\/?s={search_term_string}"},"query-input":{"@type":"PropertyValueSpecification","valueRequired":true,"valueName":"search_term_string"}}],"inLanguage":"pt-PT"},{"@type":"Organization","@id":"https:\/\/alegerglobal.com\/pt-pt\/#organization","name":"ALEGER \u22c6 Augmented Reality","url":"https:\/\/alegerglobal.com\/pt-pt\/","logo":{"@type":"ImageObject","inLanguage":"pt-PT","@id":"https:\/\/alegerglobal.com\/pt-pt\/#\/schema\/logo\/image\/","url":"https:\/\/alegerglobal.com\/wp-content\/uploads\/2020\/12\/aleger-logo-quadrat.jpg","contentUrl":"https:\/\/alegerglobal.com\/wp-content\/uploads\/2020\/12\/aleger-logo-quadrat.jpg","width":200,"height":176,"caption":"ALEGER \u22c6 Augmented Reality"},"image":{"@id":"https:\/\/alegerglobal.com\/pt-pt\/#\/schema\/logo\/image\/"}}]},"product_brand":"Ecom","product_price_amount":"2338.00","product_price_currency":"EUR","og_availability":"instock","product_availability":"instock","product_condition":"new"},"_links":{"self":[{"href":"https:\/\/alegerglobal.com\/pt-pt\/wp-json\/wp\/v2\/product\/34114","targetHints":{"allow":["GET"]}}],"collection":[{"href":"https:\/\/alegerglobal.com\/pt-pt\/wp-json\/wp\/v2\/product"}],"about":[{"href":"https:\/\/alegerglobal.com\/pt-pt\/wp-json\/wp\/v2\/types\/product"}],"replies":[{"embeddable":true,"href":"https:\/\/alegerglobal.com\/pt-pt\/wp-json\/wp\/v2\/comments?post=34114"}],"version-history":[{"count":0,"href":"https:\/\/alegerglobal.com\/pt-pt\/wp-json\/wp\/v2\/product\/34114\/revisions"}],"wp:featuredmedia":[{"embeddable":true,"href":"https:\/\/alegerglobal.com\/pt-pt\/wp-json\/wp\/v2\/media\/22108"}],"wp:attachment":[{"href":"https:\/\/alegerglobal.com\/pt-pt\/wp-json\/wp\/v2\/media?parent=34114"}],"wp:term":[{"taxonomy":"product_brand","embeddable":true,"href":"https:\/\/alegerglobal.com\/pt-pt\/wp-json\/wp\/v2\/product_brand?post=34114"},{"taxonomy":"product_cat","embeddable":true,"href":"https:\/\/alegerglobal.com\/pt-pt\/wp-json\/wp\/v2\/product_cat?post=34114"},{"taxonomy":"product_tag","embeddable":true,"href":"https:\/\/alegerglobal.com\/pt-pt\/wp-json\/wp\/v2\/product_tag?post=34114"}],"curies":[{"name":"wp","href":"https:\/\/api.w.org\/{rel}","templated":true}]}}